{"id":984,"date":"2024-03-29T14:28:07","date_gmt":"2024-03-29T06:28:07","guid":{"rendered":"https:\/\/slsele.com\/?post_type=product&#038;p=984"},"modified":"2024-09-25T15:10:58","modified_gmt":"2024-09-25T07:10:58","slug":"sls-infrared-zigbee-human-presence-sensor","status":"publish","type":"product","link":"https:\/\/www.slsele.com\/es\/producto\/sls-infrared-zigbee-human-presence-sensor\/","title":{"rendered":"Sensor de presencia humana Zigbee por infrarrojos SLS"},"content":{"rendered":"<h2 style=\"text-align: center;\">Sensor de presencia humana SLS Zigbee con base giratoria de 360\u00b0<\/h2>\n<h3 style=\"text-align: left;\">Descripci\u00f3n<\/h3>\n<p style=\"text-align: left;\">El sensor de presencia humana Zigbee tiene un tr\u00edpode que puede girar 360\u00b0 libremente, lo que permite que el sensor capture un campo de visi\u00f3n m\u00e1s amplio. Es compacto y f\u00e1cil de instalar; retire la tira adhesiva de la parte inferior para instalarlo. El sensor se puede vincular de forma inteligente con la puerta de enlace inteligente Zigbee y el interruptor Zigbee, encendiendo las luces cuando entras y apag\u00e1ndolas cuando sales.<\/p>\n<p style=\"text-align: left;\"><span style=\"color: #0000ff;\"><strong><a style=\"color: #0000ff;\" href=\"https:\/\/www.slsele.com\/es\/producto\/sls-zigbee-wireless-gateway\/\" target=\"_blank\" rel=\"noopener\">Pulse aqu\u00ed<\/a><\/strong><\/span> para comprar el Gateway inal\u00e1mbrico Zigbee.<\/p>\n<h3 style=\"text-align: left;\"><img loading=\"lazy\" decoding=\"async\" class=\"aligncenter size-full wp-image-3928\" src=\"https:\/\/slsele.com\/wp-content\/uploads\/2024\/09\/SLS69-Zigbee-PIR-Motion-Sensor.gif\" alt=\"Cuando las personas pasan por el rango del sensor de presencia humana Zigbee, la luz se enciende.\" width=\"600\" height=\"450\" \/>Caracter\u00edsticas principales<\/h3>\n<p style=\"text-align: left;\">1.<strong>Sensor de presencia humana SLS ZigBee<\/strong>:El sensor de presencia humana ZigBee debe conectarse con otros dispositivos inteligentes mediante una puerta de enlace inal\u00e1mbrica ZigBee, que es la estaci\u00f3n de tr\u00e1nsito para que transmitan datos. Primero, debe agregar la puerta de enlace inal\u00e1mbrica ZigBee a la aplicaci\u00f3n Smart Life y, luego, agregar el sensor de presencia humana ZigBee a la puerta de enlace inal\u00e1mbrica ZigBee.<\/p>\n<p style=\"text-align: left;\">2. <strong>Monitoreo remoto en tiempo real<\/strong>:Siempre que el sensor de presencia humana ZigBee detecte que alguien o algo se mueve en la casa, el sensor enviar\u00e1 la notificaci\u00f3n de alarma a la nube, que luego la enviar\u00e1 a su tel\u00e9fono m\u00f3vil.<\/p>\n<p style=\"text-align: left;\">3. <strong>Alarma de enlace inteligente con m\u00faltiples sensores<\/strong>:Cuando te levantas por la noche, el PIR detecta tu movimiento y la luz se enciende autom\u00e1ticamente. Puedes usar dispositivos inteligentes Tuya para descubrir escenas m\u00e1s inteligentes y satisfacerte al m\u00e1ximo. Incluso puedes rastrear el historial de actividades de los sensores con aplicaciones compatibles.<\/p>\n<p style=\"text-align: left;\">4. <strong>Potente rendimiento y largo tiempo de espera.<\/strong>: Adopta la \u00faltima tecnolog\u00eda ZigBee, tiene alta sensibilidad, una se\u00f1al de red fuerte y estable y un tiempo de espera prolongado. Alimentado por una bater\u00eda CR2 de 3 V (no incluida), puede durar aproximadamente 2 a\u00f1os.<\/p>\n<p style=\"text-align: left;\">5. <strong>Ampliamente utilizado para la seguridad de toda su casa.<\/strong>:Distancia de detecci\u00f3n de 3 ~ 7 m, \u00e1ngulo de detecci\u00f3n ajustable de 120 ~ 150\u00b0; p\u00e9guelo con cinta de doble cara o \u00faselo con una placa de soporte para fijarlo en cualquier lugar donde desee monitorear la seguridad de toda su casa; Incluye garant\u00eda completa de 2 a\u00f1os y garant\u00eda de devoluci\u00f3n de dinero de 60 d\u00edas para su completa satisfacci\u00f3n.<\/p>\n<h3 style=\"text-align: left;\"><img loading=\"lazy\" decoding=\"async\" class=\"aligncenter size-full wp-image-3918\" src=\"https:\/\/slsele.com\/wp-content\/uploads\/2024\/09\/zigbee-human-presence-sensor-detailed-picture-1.webp\" alt=\"El sensor de presencia humana Zigbee tiene cinco funciones\" width=\"1001\" height=\"1001\" srcset=\"https:\/\/www.slsele.com\/wp-content\/uploads\/2024\/09\/zigbee-human-presence-sensor-detailed-picture-1.webp 1001w, https:\/\/www.slsele.com\/wp-content\/uploads\/2024\/09\/zigbee-human-presence-sensor-detailed-picture-1-300x300.webp 300w, https:\/\/www.slsele.com\/wp-content\/uploads\/2024\/09\/zigbee-human-presence-sensor-detailed-picture-1-150x150.webp 150w, https:\/\/www.slsele.com\/wp-content\/uploads\/2024\/09\/zigbee-human-presence-sensor-detailed-picture-1-768x768.webp 768w, https:\/\/www.slsele.com\/wp-content\/uploads\/2024\/09\/zigbee-human-presence-sensor-detailed-picture-1-12x12.webp 12w, https:\/\/www.slsele.com\/wp-content\/uploads\/2024\/09\/zigbee-human-presence-sensor-detailed-picture-1-570x570.webp 570w, https:\/\/www.slsele.com\/wp-content\/uploads\/2024\/09\/zigbee-human-presence-sensor-detailed-picture-1-500x500.webp 500w, https:\/\/www.slsele.com\/wp-content\/uploads\/2024\/09\/zigbee-human-presence-sensor-detailed-picture-1-700x700.webp 700w, https:\/\/www.slsele.com\/wp-content\/uploads\/2024\/09\/zigbee-human-presence-sensor-detailed-picture-1-600x600.webp 600w, https:\/\/www.slsele.com\/wp-content\/uploads\/2024\/09\/zigbee-human-presence-sensor-detailed-picture-1-100x100.webp 100w, https:\/\/www.slsele.com\/wp-content\/uploads\/2024\/09\/zigbee-human-presence-sensor-detailed-picture-1-50x50.webp 50w\" sizes=\"auto, (max-width: 1001px) 100vw, 1001px\" \/><img loading=\"lazy\" decoding=\"async\" class=\"aligncenter size-full wp-image-3919\" src=\"https:\/\/slsele.com\/wp-content\/uploads\/2024\/09\/zigbee-human-presence-sensor-detailed-picture-2.webp\" alt=\"El sensor de presencia humana Zigbee tiene un rango de detecci\u00f3n de 7 metros y un \u00e1ngulo de detecci\u00f3n de 150\u00b0\" width=\"1001\" height=\"1001\" srcset=\"https:\/\/www.slsele.com\/wp-content\/uploads\/2024\/09\/zigbee-human-presence-sensor-detailed-picture-2.webp 1001w, https:\/\/www.slsele.com\/wp-content\/uploads\/2024\/09\/zigbee-human-presence-sensor-detailed-picture-2-300x300.webp 300w, https:\/\/www.slsele.com\/wp-content\/uploads\/2024\/09\/zigbee-human-presence-sensor-detailed-picture-2-150x150.webp 150w, https:\/\/www.slsele.com\/wp-content\/uploads\/2024\/09\/zigbee-human-presence-sensor-detailed-picture-2-768x768.webp 768w, https:\/\/www.slsele.com\/wp-content\/uploads\/2024\/09\/zigbee-human-presence-sensor-detailed-picture-2-12x12.webp 12w, https:\/\/www.slsele.com\/wp-content\/uploads\/2024\/09\/zigbee-human-presence-sensor-detailed-picture-2-570x570.webp 570w, https:\/\/www.slsele.com\/wp-content\/uploads\/2024\/09\/zigbee-human-presence-sensor-detailed-picture-2-500x500.webp 500w, https:\/\/www.slsele.com\/wp-content\/uploads\/2024\/09\/zigbee-human-presence-sensor-detailed-picture-2-700x700.webp 700w, https:\/\/www.slsele.com\/wp-content\/uploads\/2024\/09\/zigbee-human-presence-sensor-detailed-picture-2-600x600.webp 600w, https:\/\/www.slsele.com\/wp-content\/uploads\/2024\/09\/zigbee-human-presence-sensor-detailed-picture-2-100x100.webp 100w, https:\/\/www.slsele.com\/wp-content\/uploads\/2024\/09\/zigbee-human-presence-sensor-detailed-picture-2-50x50.webp 50w\" sizes=\"auto, (max-width: 1001px) 100vw, 1001px\" \/><img loading=\"lazy\" decoding=\"async\" class=\"aligncenter size-full wp-image-3920\" src=\"https:\/\/slsele.com\/wp-content\/uploads\/2024\/09\/zigbee-human-presence-sensor-detailed-picture-3.webp\" alt=\"Las caracter\u00edsticas del sensor de presencia humana Zigbee\" width=\"1001\" height=\"1001\" srcset=\"https:\/\/www.slsele.com\/wp-content\/uploads\/2024\/09\/zigbee-human-presence-sensor-detailed-picture-3.webp 1001w, https:\/\/www.slsele.com\/wp-content\/uploads\/2024\/09\/zigbee-human-presence-sensor-detailed-picture-3-300x300.webp 300w, https:\/\/www.slsele.com\/wp-content\/uploads\/2024\/09\/zigbee-human-presence-sensor-detailed-picture-3-150x150.webp 150w, https:\/\/www.slsele.com\/wp-content\/uploads\/2024\/09\/zigbee-human-presence-sensor-detailed-picture-3-768x768.webp 768w, https:\/\/www.slsele.com\/wp-content\/uploads\/2024\/09\/zigbee-human-presence-sensor-detailed-picture-3-12x12.webp 12w, https:\/\/www.slsele.com\/wp-content\/uploads\/2024\/09\/zigbee-human-presence-sensor-detailed-picture-3-570x570.webp 570w, https:\/\/www.slsele.com\/wp-content\/uploads\/2024\/09\/zigbee-human-presence-sensor-detailed-picture-3-500x500.webp 500w, https:\/\/www.slsele.com\/wp-content\/uploads\/2024\/09\/zigbee-human-presence-sensor-detailed-picture-3-700x700.webp 700w, https:\/\/www.slsele.com\/wp-content\/uploads\/2024\/09\/zigbee-human-presence-sensor-detailed-picture-3-600x600.webp 600w, https:\/\/www.slsele.com\/wp-content\/uploads\/2024\/09\/zigbee-human-presence-sensor-detailed-picture-3-100x100.webp 100w, https:\/\/www.slsele.com\/wp-content\/uploads\/2024\/09\/zigbee-human-presence-sensor-detailed-picture-3-50x50.webp 50w\" sizes=\"auto, (max-width: 1001px) 100vw, 1001px\" \/><img loading=\"lazy\" decoding=\"async\" class=\"aligncenter size-full wp-image-3921\" src=\"https:\/\/slsele.com\/wp-content\/uploads\/2024\/09\/zigbee-human-presence-sensor-detailed-picture-4.webp\" alt=\"El sensor de presencia humana Zigbee se puede vincular de forma inteligente con otros dispositivos Zigbee\" width=\"1001\" height=\"1001\" srcset=\"https:\/\/www.slsele.com\/wp-content\/uploads\/2024\/09\/zigbee-human-presence-sensor-detailed-picture-4.webp 1001w, https:\/\/www.slsele.com\/wp-content\/uploads\/2024\/09\/zigbee-human-presence-sensor-detailed-picture-4-300x300.webp 300w, https:\/\/www.slsele.com\/wp-content\/uploads\/2024\/09\/zigbee-human-presence-sensor-detailed-picture-4-150x150.webp 150w, https:\/\/www.slsele.com\/wp-content\/uploads\/2024\/09\/zigbee-human-presence-sensor-detailed-picture-4-768x768.webp 768w, https:\/\/www.slsele.com\/wp-content\/uploads\/2024\/09\/zigbee-human-presence-sensor-detailed-picture-4-12x12.webp 12w, https:\/\/www.slsele.com\/wp-content\/uploads\/2024\/09\/zigbee-human-presence-sensor-detailed-picture-4-570x570.webp 570w, https:\/\/www.slsele.com\/wp-content\/uploads\/2024\/09\/zigbee-human-presence-sensor-detailed-picture-4-500x500.webp 500w, https:\/\/www.slsele.com\/wp-content\/uploads\/2024\/09\/zigbee-human-presence-sensor-detailed-picture-4-700x700.webp 700w, https:\/\/www.slsele.com\/wp-content\/uploads\/2024\/09\/zigbee-human-presence-sensor-detailed-picture-4-600x600.webp 600w, https:\/\/www.slsele.com\/wp-content\/uploads\/2024\/09\/zigbee-human-presence-sensor-detailed-picture-4-100x100.webp 100w, https:\/\/www.slsele.com\/wp-content\/uploads\/2024\/09\/zigbee-human-presence-sensor-detailed-picture-4-50x50.webp 50w\" sizes=\"auto, (max-width: 1001px) 100vw, 1001px\" \/><img loading=\"lazy\" decoding=\"async\" class=\"aligncenter size-full wp-image-3922\" src=\"https:\/\/slsele.com\/wp-content\/uploads\/2024\/09\/zigbee-human-presence-sensor-detailed-picture-5.webp\" alt=\"El sensor de presencia humana Zigbee se vincula con el interruptor\" width=\"1001\" height=\"1001\" srcset=\"https:\/\/www.slsele.com\/wp-content\/uploads\/2024\/09\/zigbee-human-presence-sensor-detailed-picture-5.webp 1001w, https:\/\/www.slsele.com\/wp-content\/uploads\/2024\/09\/zigbee-human-presence-sensor-detailed-picture-5-300x300.webp 300w, https:\/\/www.slsele.com\/wp-content\/uploads\/2024\/09\/zigbee-human-presence-sensor-detailed-picture-5-150x150.webp 150w, https:\/\/www.slsele.com\/wp-content\/uploads\/2024\/09\/zigbee-human-presence-sensor-detailed-picture-5-768x768.webp 768w, https:\/\/www.slsele.com\/wp-content\/uploads\/2024\/09\/zigbee-human-presence-sensor-detailed-picture-5-12x12.webp 12w, https:\/\/www.slsele.com\/wp-content\/uploads\/2024\/09\/zigbee-human-presence-sensor-detailed-picture-5-570x570.webp 570w, https:\/\/www.slsele.com\/wp-content\/uploads\/2024\/09\/zigbee-human-presence-sensor-detailed-picture-5-500x500.webp 500w, https:\/\/www.slsele.com\/wp-content\/uploads\/2024\/09\/zigbee-human-presence-sensor-detailed-picture-5-700x700.webp 700w, https:\/\/www.slsele.com\/wp-content\/uploads\/2024\/09\/zigbee-human-presence-sensor-detailed-picture-5-600x600.webp 600w, https:\/\/www.slsele.com\/wp-content\/uploads\/2024\/09\/zigbee-human-presence-sensor-detailed-picture-5-100x100.webp 100w, https:\/\/www.slsele.com\/wp-content\/uploads\/2024\/09\/zigbee-human-presence-sensor-detailed-picture-5-50x50.webp 50w\" sizes=\"auto, (max-width: 1001px) 100vw, 1001px\" \/><img loading=\"lazy\" decoding=\"async\" class=\"aligncenter size-full wp-image-3923\" src=\"https:\/\/slsele.com\/wp-content\/uploads\/2024\/09\/zigbee-human-presence-sensor-detailed-picture-6.webp\" alt=\"El sensor de presencia humana Zigbee tiene un tiempo de espera de 2 a\u00f1os.\" width=\"1001\" height=\"1001\" srcset=\"https:\/\/www.slsele.com\/wp-content\/uploads\/2024\/09\/zigbee-human-presence-sensor-detailed-picture-6.webp 1001w, https:\/\/www.slsele.com\/wp-content\/uploads\/2024\/09\/zigbee-human-presence-sensor-detailed-picture-6-300x300.webp 300w, https:\/\/www.slsele.com\/wp-content\/uploads\/2024\/09\/zigbee-human-presence-sensor-detailed-picture-6-150x150.webp 150w, https:\/\/www.slsele.com\/wp-content\/uploads\/2024\/09\/zigbee-human-presence-sensor-detailed-picture-6-768x768.webp 768w, https:\/\/www.slsele.com\/wp-content\/uploads\/2024\/09\/zigbee-human-presence-sensor-detailed-picture-6-12x12.webp 12w, https:\/\/www.slsele.com\/wp-content\/uploads\/2024\/09\/zigbee-human-presence-sensor-detailed-picture-6-570x570.webp 570w, https:\/\/www.slsele.com\/wp-content\/uploads\/2024\/09\/zigbee-human-presence-sensor-detailed-picture-6-500x500.webp 500w, https:\/\/www.slsele.com\/wp-content\/uploads\/2024\/09\/zigbee-human-presence-sensor-detailed-picture-6-700x700.webp 700w, https:\/\/www.slsele.com\/wp-content\/uploads\/2024\/09\/zigbee-human-presence-sensor-detailed-picture-6-600x600.webp 600w, https:\/\/www.slsele.com\/wp-content\/uploads\/2024\/09\/zigbee-human-presence-sensor-detailed-picture-6-100x100.webp 100w, https:\/\/www.slsele.com\/wp-content\/uploads\/2024\/09\/zigbee-human-presence-sensor-detailed-picture-6-50x50.webp 50w\" sizes=\"auto, (max-width: 1001px) 100vw, 1001px\" \/><img loading=\"lazy\" decoding=\"async\" class=\"aligncenter size-full wp-image-3924\" src=\"https:\/\/slsele.com\/wp-content\/uploads\/2024\/09\/zigbee-human-presence-sensor-detailed-picture-7.webp\" alt=\"El sensor de presencia humana Zigbee admite una rotaci\u00f3n de 360\u00b0\" width=\"1001\" height=\"1001\" srcset=\"https:\/\/www.slsele.com\/wp-content\/uploads\/2024\/09\/zigbee-human-presence-sensor-detailed-picture-7.webp 1001w, https:\/\/www.slsele.com\/wp-content\/uploads\/2024\/09\/zigbee-human-presence-sensor-detailed-picture-7-300x300.webp 300w, https:\/\/www.slsele.com\/wp-content\/uploads\/2024\/09\/zigbee-human-presence-sensor-detailed-picture-7-150x150.webp 150w, https:\/\/www.slsele.com\/wp-content\/uploads\/2024\/09\/zigbee-human-presence-sensor-detailed-picture-7-768x768.webp 768w, https:\/\/www.slsele.com\/wp-content\/uploads\/2024\/09\/zigbee-human-presence-sensor-detailed-picture-7-12x12.webp 12w, https:\/\/www.slsele.com\/wp-content\/uploads\/2024\/09\/zigbee-human-presence-sensor-detailed-picture-7-570x570.webp 570w, https:\/\/www.slsele.com\/wp-content\/uploads\/2024\/09\/zigbee-human-presence-sensor-detailed-picture-7-500x500.webp 500w, https:\/\/www.slsele.com\/wp-content\/uploads\/2024\/09\/zigbee-human-presence-sensor-detailed-picture-7-700x700.webp 700w, https:\/\/www.slsele.com\/wp-content\/uploads\/2024\/09\/zigbee-human-presence-sensor-detailed-picture-7-600x600.webp 600w, https:\/\/www.slsele.com\/wp-content\/uploads\/2024\/09\/zigbee-human-presence-sensor-detailed-picture-7-100x100.webp 100w, https:\/\/www.slsele.com\/wp-content\/uploads\/2024\/09\/zigbee-human-presence-sensor-detailed-picture-7-50x50.webp 50w\" sizes=\"auto, (max-width: 1001px) 100vw, 1001px\" \/><img loading=\"lazy\" decoding=\"async\" class=\"aligncenter size-full wp-image-3925\" src=\"https:\/\/slsele.com\/wp-content\/uploads\/2024\/09\/zigbee-human-presence-sensor-detailed-picture-8.webp\" alt=\"M\u00e9todo de instalaci\u00f3n del sensor de presencia humana Zigbee\" width=\"1001\" height=\"1001\" srcset=\"https:\/\/www.slsele.com\/wp-content\/uploads\/2024\/09\/zigbee-human-presence-sensor-detailed-picture-8.webp 1001w, https:\/\/www.slsele.com\/wp-content\/uploads\/2024\/09\/zigbee-human-presence-sensor-detailed-picture-8-300x300.webp 300w, https:\/\/www.slsele.com\/wp-content\/uploads\/2024\/09\/zigbee-human-presence-sensor-detailed-picture-8-150x150.webp 150w, https:\/\/www.slsele.com\/wp-content\/uploads\/2024\/09\/zigbee-human-presence-sensor-detailed-picture-8-768x768.webp 768w, https:\/\/www.slsele.com\/wp-content\/uploads\/2024\/09\/zigbee-human-presence-sensor-detailed-picture-8-12x12.webp 12w, https:\/\/www.slsele.com\/wp-content\/uploads\/2024\/09\/zigbee-human-presence-sensor-detailed-picture-8-570x570.webp 570w, https:\/\/www.slsele.com\/wp-content\/uploads\/2024\/09\/zigbee-human-presence-sensor-detailed-picture-8-500x500.webp 500w, https:\/\/www.slsele.com\/wp-content\/uploads\/2024\/09\/zigbee-human-presence-sensor-detailed-picture-8-700x700.webp 700w, https:\/\/www.slsele.com\/wp-content\/uploads\/2024\/09\/zigbee-human-presence-sensor-detailed-picture-8-600x600.webp 600w, https:\/\/www.slsele.com\/wp-content\/uploads\/2024\/09\/zigbee-human-presence-sensor-detailed-picture-8-100x100.webp 100w, https:\/\/www.slsele.com\/wp-content\/uploads\/2024\/09\/zigbee-human-presence-sensor-detailed-picture-8-50x50.webp 50w\" sizes=\"auto, (max-width: 1001px) 100vw, 1001px\" \/>Especificaciones<\/h3>\n<p style=\"text-align: left;\">Fuente de alimentaci\u00f3n: CR2 3V 850mAh (no incluida)<br \/>\nTiempo en espera: 2 a\u00f1os<br \/>\n\u00c1ngulo de detecci\u00f3n: 120~150\u00b0<br \/>\nDistancia de detecci\u00f3n: 3 ~ 7 m<br \/>\nProtocolo de conexi\u00f3n inal\u00e1mbrica: ZigBee<br \/>\nAplicaci\u00f3n: vida inteligente\/Tuya<br \/>\nSistemas de soporte: Android e IOS<br \/>\nMaterial: ABS superior<br \/>\nTemperatura de funcionamiento: -10\u2103~ 50\u2103<br \/>\nHumedad de funcionamiento: \u226495%<br \/>\nPeso del paquete: Aprox. 82 g\/2,9 oz<\/p>\n<h3 style=\"text-align: left;\"><img loading=\"lazy\" decoding=\"async\" class=\"aligncenter size-full wp-image-3927\" src=\"https:\/\/slsele.com\/wp-content\/uploads\/2024\/09\/the-specifications-of-zigbee-human-presence-sensor.webp\" alt=\"Especificaciones del sensor de presencia humana Zigbee\" width=\"1001\" height=\"1001\" srcset=\"https:\/\/www.slsele.com\/wp-content\/uploads\/2024\/09\/the-specifications-of-zigbee-human-presence-sensor.webp 1001w, https:\/\/www.slsele.com\/wp-content\/uploads\/2024\/09\/the-specifications-of-zigbee-human-presence-sensor-300x300.webp 300w, https:\/\/www.slsele.com\/wp-content\/uploads\/2024\/09\/the-specifications-of-zigbee-human-presence-sensor-150x150.webp 150w, https:\/\/www.slsele.com\/wp-content\/uploads\/2024\/09\/the-specifications-of-zigbee-human-presence-sensor-768x768.webp 768w, https:\/\/www.slsele.com\/wp-content\/uploads\/2024\/09\/the-specifications-of-zigbee-human-presence-sensor-12x12.webp 12w, https:\/\/www.slsele.com\/wp-content\/uploads\/2024\/09\/the-specifications-of-zigbee-human-presence-sensor-570x570.webp 570w, https:\/\/www.slsele.com\/wp-content\/uploads\/2024\/09\/the-specifications-of-zigbee-human-presence-sensor-500x500.webp 500w, https:\/\/www.slsele.com\/wp-content\/uploads\/2024\/09\/the-specifications-of-zigbee-human-presence-sensor-700x700.webp 700w, https:\/\/www.slsele.com\/wp-content\/uploads\/2024\/09\/the-specifications-of-zigbee-human-presence-sensor-600x600.webp 600w, https:\/\/www.slsele.com\/wp-content\/uploads\/2024\/09\/the-specifications-of-zigbee-human-presence-sensor-100x100.webp 100w, https:\/\/www.slsele.com\/wp-content\/uploads\/2024\/09\/the-specifications-of-zigbee-human-presence-sensor-50x50.webp 50w\" sizes=\"auto, (max-width: 1001px) 100vw, 1001px\" \/>Lista de paquetes<\/h3>\n<p style=\"text-align: left;\">1 * Sensor de movimiento PIR<br \/>\n1 * Manual de usuario<\/p>","protected":false},"excerpt":{"rendered":"<p style=\"margin: 0cm;\"><span lang=\"EN-US\" style=\"font-family: 'Times New Roman',serif; color: #0e101a;\">El sensor de presencia humana Zigbee est\u00e1 equipado con un tr\u00edpode capaz de girar 360\u00b0. Consume poca energ\u00eda y puede durar hasta 2 a\u00f1os en modo de espera con una sola bater\u00eda.<\/span><\/p>","protected":false},"featured_media":3926,"comment_status":"open","ping_status":"closed","template":"","meta":[],"product_brand":[],"product_cat":[16],"product_tag":[],"class_list":{"0":"post-984","1":"product","2":"type-product","3":"status-publish","4":"has-post-thumbnail","6":"product_cat-smart-sensor","8":"first","9":"instock","10":"shipping-taxable","11":"purchasable","12":"product-type-simple"},"_links":{"self":[{"href":"https:\/\/www.slsele.com\/es\/wp-json\/wp\/v2\/product\/984","targetHints":{"allow":["GET"]}}],"collection":[{"href":"https:\/\/www.slsele.com\/es\/wp-json\/wp\/v2\/product"}],"about":[{"href":"https:\/\/www.slsele.com\/es\/wp-json\/wp\/v2\/types\/product"}],"replies":[{"embeddable":true,"href":"https:\/\/www.slsele.com\/es\/wp-json\/wp\/v2\/comments?post=984"}],"wp:featuredmedia":[{"embeddable":true,"href":"https:\/\/www.slsele.com\/es\/wp-json\/wp\/v2\/media\/3926"}],"wp:attachment":[{"href":"https:\/\/www.slsele.com\/es\/wp-json\/wp\/v2\/media?parent=984"}],"wp:term":[{"taxonomy":"product_brand","embeddable":true,"href":"https:\/\/www.slsele.com\/es\/wp-json\/wp\/v2\/product_brand?post=984"},{"taxonomy":"product_cat","embeddable":true,"href":"https:\/\/www.slsele.com\/es\/wp-json\/wp\/v2\/product_cat?post=984"},{"taxonomy":"product_tag","embeddable":true,"href":"https:\/\/www.slsele.com\/es\/wp-json\/wp\/v2\/product_tag?post=984"}],"curies":[{"name":"wp","href":"https:\/\/api.w.org\/{rel}","templated":true}]}}