{"id":971,"date":"2024-03-29T14:20:02","date_gmt":"2024-03-29T06:20:02","guid":{"rendered":"https:\/\/slsele.com\/?post_type=product&#038;p=971"},"modified":"2024-08-26T17:51:39","modified_gmt":"2024-08-26T09:51:39","slug":"temperature-humidity-sensor-with-screen","status":"publish","type":"product","link":"https:\/\/www.slsele.com\/es\/producto\/temperature-humidity-sensor-with-screen\/","title":{"rendered":"Sensor de temperatura y humedad WiFi con pantalla de activaci\u00f3n por inducci\u00f3n"},"content":{"rendered":"<h2 style=\"text-align: center; font-size: 23px;\">Sensor de temperatura y humedad con pantalla de activaci\u00f3n por inducci\u00f3n<\/h2>\n<div data-page-id=\"MKLjdWnNKom3i1xvj2NcTLPlnEh\" data-lark-html-role=\"root\" data-docx-has-block-data=\"false\">\n<div class=\"ace-line ace-line old-record-id-SINOdV8xZoiaBOxhKmyc6WZWnRd\" style=\"text-align: left;\">Un sensor de temperatura y humedad WiFi es un dispositivo compacto y f\u00e1cil de instalar dise\u00f1ado para monitorear e informar los niveles de temperatura y humedad en su entorno. Se conecta a su red WiFi, lo que le permite acceder a datos en tiempo real a trav\u00e9s de una aplicaci\u00f3n m\u00f3vil o una interfaz web dedicada. Este sensor es \u00fatil para mantener condiciones \u00f3ptimas en espacios donde las fluctuaciones de temperatura y humedad pueden afectar la comodidad, la salud o el rendimiento del equipo.<\/div>\n<ul>\n<li style=\"text-align: left;\">El sensor utiliza una pantalla de activaci\u00f3n por inducci\u00f3n para mostrar la temperatura y la humedad, y la hora y la fecha se agregan a la pantalla.<\/li>\n<li style=\"text-align: left;\">Est\u00e1 dise\u00f1ado con una funci\u00f3n de conversi\u00f3n de visualizaci\u00f3n de temperatura de Celsius a Fahrenheit. Puede elegir la unidad que necesita mostrar seg\u00fan sus necesidades.<\/li>\n<li style=\"text-align: left;\">Un adaptador USB carga un sensor inteligente nuevo y actualizado para un uso flexible<\/li>\n<li style=\"text-align: left;\">El tama\u00f1o del sensor no es significativo; dos m\u00e9todos de instalaci\u00f3n son est\u00e1ndar: a) Utilice el soporte incorporado y col\u00f3quelo directamente en el escritorio; b) Utilice el gancho y cu\u00e9lguelo en la pared<img loading=\"lazy\" decoding=\"async\" class=\"aligncenter wp-image-3685\" src=\"https:\/\/slsele.com\/wp-content\/uploads\/2024\/03\/\u53c2\u65702_\u7ed3\u679c.webp\" alt=\"sensor de temperatura y humedad\" width=\"589\" height=\"589\" srcset=\"https:\/\/www.slsele.com\/wp-content\/uploads\/2024\/03\/\u53c2\u65702_\u7ed3\u679c.webp 1000w, https:\/\/www.slsele.com\/wp-content\/uploads\/2024\/03\/\u53c2\u65702_\u7ed3\u679c-300x300.webp 300w, https:\/\/www.slsele.com\/wp-content\/uploads\/2024\/03\/\u53c2\u65702_\u7ed3\u679c-150x150.webp 150w, https:\/\/www.slsele.com\/wp-content\/uploads\/2024\/03\/\u53c2\u65702_\u7ed3\u679c-768x768.webp 768w, https:\/\/www.slsele.com\/wp-content\/uploads\/2024\/03\/\u53c2\u65702_\u7ed3\u679c-12x12.webp 12w, https:\/\/www.slsele.com\/wp-content\/uploads\/2024\/03\/\u53c2\u65702_\u7ed3\u679c-570x570.webp 570w, https:\/\/www.slsele.com\/wp-content\/uploads\/2024\/03\/\u53c2\u65702_\u7ed3\u679c-500x500.webp 500w, https:\/\/www.slsele.com\/wp-content\/uploads\/2024\/03\/\u53c2\u65702_\u7ed3\u679c-700x700.webp 700w, https:\/\/www.slsele.com\/wp-content\/uploads\/2024\/03\/\u53c2\u65702_\u7ed3\u679c-600x600.webp 600w, https:\/\/www.slsele.com\/wp-content\/uploads\/2024\/03\/\u53c2\u65702_\u7ed3\u679c-100x100.webp 100w, https:\/\/www.slsele.com\/wp-content\/uploads\/2024\/03\/\u53c2\u65702_\u7ed3\u679c-50x50.webp 50w\" sizes=\"auto, (max-width: 589px) 100vw, 589px\" \/><\/li>\n<\/ul>\n<div data-page-id=\"MKLjdWnNKom3i1xvj2NcTLPlnEh\" data-lark-html-role=\"root\" data-docx-has-block-data=\"false\">\n<h3 class=\"heading-2 ace-line old-record-id-QjTVdDYntoGZMNxTgJjc6ojEnWc\" style=\"text-align: left;\"><strong>Ampliamente utilizado en diversos escenarios.<\/strong><\/h3>\n<div class=\"ace-line ace-line old-record-id-Gug0dl2y0oNvPfxJIlOcl5P5nUb\" style=\"text-align: left;\">Los sensores de temperatura y humedad se pueden utilizar ampliamente en diversos escenarios, incluidos, entre otros, hogares, garajes, oficinas, laboratorios, invernaderos, etc., as\u00ed como en el monitoreo en tiempo real de la temperatura y la humedad ambientales.<\/div>\n<p><img loading=\"lazy\" decoding=\"async\" class=\"wp-image-3689 aligncenter\" src=\"https:\/\/slsele.com\/wp-content\/uploads\/2024\/03\/\u591a\u573a\u666f3_\u7ed3\u679c.webp\" alt=\"sensor de temperatura y humedad\" width=\"451\" height=\"451\" srcset=\"https:\/\/www.slsele.com\/wp-content\/uploads\/2024\/03\/\u591a\u573a\u666f3_\u7ed3\u679c.webp 1000w, https:\/\/www.slsele.com\/wp-content\/uploads\/2024\/03\/\u591a\u573a\u666f3_\u7ed3\u679c-300x300.webp 300w, https:\/\/www.slsele.com\/wp-content\/uploads\/2024\/03\/\u591a\u573a\u666f3_\u7ed3\u679c-150x150.webp 150w, https:\/\/www.slsele.com\/wp-content\/uploads\/2024\/03\/\u591a\u573a\u666f3_\u7ed3\u679c-768x768.webp 768w, https:\/\/www.slsele.com\/wp-content\/uploads\/2024\/03\/\u591a\u573a\u666f3_\u7ed3\u679c-12x12.webp 12w, https:\/\/www.slsele.com\/wp-content\/uploads\/2024\/03\/\u591a\u573a\u666f3_\u7ed3\u679c-570x570.webp 570w, https:\/\/www.slsele.com\/wp-content\/uploads\/2024\/03\/\u591a\u573a\u666f3_\u7ed3\u679c-500x500.webp 500w, https:\/\/www.slsele.com\/wp-content\/uploads\/2024\/03\/\u591a\u573a\u666f3_\u7ed3\u679c-700x700.webp 700w, https:\/\/www.slsele.com\/wp-content\/uploads\/2024\/03\/\u591a\u573a\u666f3_\u7ed3\u679c-600x600.webp 600w, https:\/\/www.slsele.com\/wp-content\/uploads\/2024\/03\/\u591a\u573a\u666f3_\u7ed3\u679c-100x100.webp 100w, https:\/\/www.slsele.com\/wp-content\/uploads\/2024\/03\/\u591a\u573a\u666f3_\u7ed3\u679c-50x50.webp 50w\" sizes=\"auto, (max-width: 451px) 100vw, 451px\" \/><\/p>\n<\/div>\n<div>\n<div data-page-id=\"MKLjdWnNKom3i1xvj2NcTLPlnEh\" data-lark-html-role=\"root\" data-docx-has-block-data=\"false\">\n<p><img loading=\"lazy\" decoding=\"async\" class=\"wp-image-3686 aligncenter\" src=\"https:\/\/slsele.com\/wp-content\/uploads\/2024\/03\/temperature-sensor-5-1536x1536_\u7ed3\u679c-1024x1024.webp\" alt=\"sensor de temperatura y humedad\" width=\"428\" height=\"428\" srcset=\"https:\/\/www.slsele.com\/wp-content\/uploads\/2024\/03\/temperature-sensor-5-1536x1536_\u7ed3\u679c-1024x1024.webp 1024w, https:\/\/www.slsele.com\/wp-content\/uploads\/2024\/03\/temperature-sensor-5-1536x1536_\u7ed3\u679c-300x300.webp 300w, https:\/\/www.slsele.com\/wp-content\/uploads\/2024\/03\/temperature-sensor-5-1536x1536_\u7ed3\u679c-150x150.webp 150w, https:\/\/www.slsele.com\/wp-content\/uploads\/2024\/03\/temperature-sensor-5-1536x1536_\u7ed3\u679c-768x768.webp 768w, https:\/\/www.slsele.com\/wp-content\/uploads\/2024\/03\/temperature-sensor-5-1536x1536_\u7ed3\u679c-12x12.webp 12w, https:\/\/www.slsele.com\/wp-content\/uploads\/2024\/03\/temperature-sensor-5-1536x1536_\u7ed3\u679c-570x570.webp 570w, https:\/\/www.slsele.com\/wp-content\/uploads\/2024\/03\/temperature-sensor-5-1536x1536_\u7ed3\u679c-500x500.webp 500w, https:\/\/www.slsele.com\/wp-content\/uploads\/2024\/03\/temperature-sensor-5-1536x1536_\u7ed3\u679c-1000x1000.webp 1000w, https:\/\/www.slsele.com\/wp-content\/uploads\/2024\/03\/temperature-sensor-5-1536x1536_\u7ed3\u679c-700x700.webp 700w, https:\/\/www.slsele.com\/wp-content\/uploads\/2024\/03\/temperature-sensor-5-1536x1536_\u7ed3\u679c-600x600.webp 600w, https:\/\/www.slsele.com\/wp-content\/uploads\/2024\/03\/temperature-sensor-5-1536x1536_\u7ed3\u679c-100x100.webp 100w, https:\/\/www.slsele.com\/wp-content\/uploads\/2024\/03\/temperature-sensor-5-1536x1536_\u7ed3\u679c-50x50.webp 50w, https:\/\/www.slsele.com\/wp-content\/uploads\/2024\/03\/temperature-sensor-5-1536x1536_\u7ed3\u679c.webp 1536w\" sizes=\"auto, (max-width: 428px) 100vw, 428px\" \/><\/p>\n<h3 class=\"heading-2 ace-line old-record-id-L4xxdKecGogToQx4lQYczPsfnyd\" style=\"text-align: left;\"><strong>M\u00faltiples formas de monitorear datos<\/strong><\/h3>\n<div class=\"ace-line ace-line old-record-id-X5aMdIJyToQd4AxCaz6cjok7nJc\" style=\"text-align: left;\">El sensor informar\u00e1 cuando la temperatura y la humedad cambien muy poco. Puede ver los cambios en el valor en la aplicaci\u00f3n o en la pantalla; tambi\u00e9n se acepta el control por voz:<\/div>\n<ol class=\"list-number1\" start=\"1\">\n<li class=\"ace-line ace-line old-record-id-I81Sd6spOozJUoxraclcOObtn3e\" style=\"text-align: left;\" data-list=\"number\">\n<div><strong>Interruptor inductivo infrarrojo para retroiluminaci\u00f3n brillante: <\/strong>Dise\u00f1ado con el \u00e1rea de detecci\u00f3n de infrarrojos para activar la luz de fondo en la pantalla LCD grande, lo que ofrece el mejor efecto de visualizaci\u00f3n en la oscuridad para proteger sus ojos. Cuando el objeto pasa por la ventana de detecci\u00f3n de infrarrojos desde una distancia \u22645 cm, la pantalla se iluminar\u00e1 durante unos 10 s.<\/div>\n<\/li>\n<li class=\"ace-line ace-line old-record-id-QkgYdu8qVoV4UZxFwMhcIZLPnDc\" style=\"text-align: left;\" data-list=\"number\">\n<div><strong>Compatible con Tuya Smart\/<\/strong><strong>Vida inteligente<\/strong><strong> APLICACI\u00d3N:<\/strong> Controle de forma inteligente los datos de temperatura y humedad a trav\u00e9s de un tel\u00e9fono inteligente mediante la aplicaci\u00f3n Tuya Smart sin necesidad de un concentrador. La aplicaci\u00f3n permite consultar los gr\u00e1ficos de datos por d\u00eda, mes y a\u00f1o. Incluso cuenta con expresiones faciales como el modo guardi\u00e1n para ofrecer la mejor calidad del aire y la temperatura para el cuidado del beb\u00e9.<\/div>\n<\/li>\n<li class=\"ace-line ace-line old-record-id-GCxHdsreUowbOExAnercImOhnzd\" data-list=\"number\">\n<div style=\"text-align: left;\"><strong>Trabajar con Alexa y Google Home:<\/strong> El control por voz est\u00e1 disponible para esta versi\u00f3n del sensor inteligente para conocer el estado actual de la temperatura y la humedad mediante un comando de voz; el dispositivo lo comparte con la familia para mayor comodidad; emparejamiento r\u00e1pido con Bluetooth o WiFi de 2,4 G.<\/div>\n<p><img loading=\"lazy\" decoding=\"async\" class=\"wp-image-3690 aligncenter\" src=\"https:\/\/slsele.com\/wp-content\/uploads\/2024\/03\/\u65e0\u9700\u89e6\u6478_\u7ed3\u679c.webp\" alt=\"sensor de temperatura y humedad\" width=\"363\" height=\"363\" srcset=\"https:\/\/www.slsele.com\/wp-content\/uploads\/2024\/03\/\u65e0\u9700\u89e6\u6478_\u7ed3\u679c.webp 1000w, https:\/\/www.slsele.com\/wp-content\/uploads\/2024\/03\/\u65e0\u9700\u89e6\u6478_\u7ed3\u679c-300x300.webp 300w, https:\/\/www.slsele.com\/wp-content\/uploads\/2024\/03\/\u65e0\u9700\u89e6\u6478_\u7ed3\u679c-150x150.webp 150w, https:\/\/www.slsele.com\/wp-content\/uploads\/2024\/03\/\u65e0\u9700\u89e6\u6478_\u7ed3\u679c-768x768.webp 768w, https:\/\/www.slsele.com\/wp-content\/uploads\/2024\/03\/\u65e0\u9700\u89e6\u6478_\u7ed3\u679c-12x12.webp 12w, https:\/\/www.slsele.com\/wp-content\/uploads\/2024\/03\/\u65e0\u9700\u89e6\u6478_\u7ed3\u679c-570x570.webp 570w, https:\/\/www.slsele.com\/wp-content\/uploads\/2024\/03\/\u65e0\u9700\u89e6\u6478_\u7ed3\u679c-500x500.webp 500w, https:\/\/www.slsele.com\/wp-content\/uploads\/2024\/03\/\u65e0\u9700\u89e6\u6478_\u7ed3\u679c-700x700.webp 700w, https:\/\/www.slsele.com\/wp-content\/uploads\/2024\/03\/\u65e0\u9700\u89e6\u6478_\u7ed3\u679c-600x600.webp 600w, https:\/\/www.slsele.com\/wp-content\/uploads\/2024\/03\/\u65e0\u9700\u89e6\u6478_\u7ed3\u679c-100x100.webp 100w, https:\/\/www.slsele.com\/wp-content\/uploads\/2024\/03\/\u65e0\u9700\u89e6\u6478_\u7ed3\u679c-50x50.webp 50w\" sizes=\"auto, (max-width: 363px) 100vw, 363px\" \/><img loading=\"lazy\" decoding=\"async\" class=\"wp-image-3687 aligncenter\" src=\"https:\/\/slsele.com\/wp-content\/uploads\/2024\/03\/\u8fdc\u7a0b\u76d1\u63a7_\u7ed3\u679c.webp\" alt=\"sensor de temperatura y humedad\" width=\"343\" height=\"361\" srcset=\"https:\/\/www.slsele.com\/wp-content\/uploads\/2024\/03\/\u8fdc\u7a0b\u76d1\u63a7_\u7ed3\u679c.webp 790w, https:\/\/www.slsele.com\/wp-content\/uploads\/2024\/03\/\u8fdc\u7a0b\u76d1\u63a7_\u7ed3\u679c-285x300.webp 285w, https:\/\/www.slsele.com\/wp-content\/uploads\/2024\/03\/\u8fdc\u7a0b\u76d1\u63a7_\u7ed3\u679c-768x808.webp 768w, https:\/\/www.slsele.com\/wp-content\/uploads\/2024\/03\/\u8fdc\u7a0b\u76d1\u63a7_\u7ed3\u679c-11x12.webp 11w, https:\/\/www.slsele.com\/wp-content\/uploads\/2024\/03\/\u8fdc\u7a0b\u76d1\u63a7_\u7ed3\u679c-700x736.webp 700w, https:\/\/www.slsele.com\/wp-content\/uploads\/2024\/03\/\u8fdc\u7a0b\u76d1\u63a7_\u7ed3\u679c-600x631.webp 600w\" sizes=\"auto, (max-width: 343px) 100vw, 343px\" \/><img loading=\"lazy\" decoding=\"async\" class=\"wp-image-3692 aligncenter\" src=\"https:\/\/slsele.com\/wp-content\/uploads\/2024\/03\/\u8bed\u97f3\u63a7\u5236_\u7ed3\u679c.webp\" alt=\"sensor de temperatura y humedad\" width=\"355\" height=\"356\" srcset=\"https:\/\/www.slsele.com\/wp-content\/uploads\/2024\/03\/\u8bed\u97f3\u63a7\u5236_\u7ed3\u679c.webp 790w, https:\/\/www.slsele.com\/wp-content\/uploads\/2024\/03\/\u8bed\u97f3\u63a7\u5236_\u7ed3\u679c-300x300.webp 300w, https:\/\/www.slsele.com\/wp-content\/uploads\/2024\/03\/\u8bed\u97f3\u63a7\u5236_\u7ed3\u679c-150x150.webp 150w, https:\/\/www.slsele.com\/wp-content\/uploads\/2024\/03\/\u8bed\u97f3\u63a7\u5236_\u7ed3\u679c-768x770.webp 768w, https:\/\/www.slsele.com\/wp-content\/uploads\/2024\/03\/\u8bed\u97f3\u63a7\u5236_\u7ed3\u679c-12x12.webp 12w, https:\/\/www.slsele.com\/wp-content\/uploads\/2024\/03\/\u8bed\u97f3\u63a7\u5236_\u7ed3\u679c-570x570.webp 570w, https:\/\/www.slsele.com\/wp-content\/uploads\/2024\/03\/\u8bed\u97f3\u63a7\u5236_\u7ed3\u679c-500x500.webp 500w, https:\/\/www.slsele.com\/wp-content\/uploads\/2024\/03\/\u8bed\u97f3\u63a7\u5236_\u7ed3\u679c-700x702.webp 700w, https:\/\/www.slsele.com\/wp-content\/uploads\/2024\/03\/\u8bed\u97f3\u63a7\u5236_\u7ed3\u679c-600x602.webp 600w, https:\/\/www.slsele.com\/wp-content\/uploads\/2024\/03\/\u8bed\u97f3\u63a7\u5236_\u7ed3\u679c-100x100.webp 100w, https:\/\/www.slsele.com\/wp-content\/uploads\/2024\/03\/\u8bed\u97f3\u63a7\u5236_\u7ed3\u679c-50x50.webp 50w\" sizes=\"auto, (max-width: 355px) 100vw, 355px\" \/><\/li>\n<\/ol>\n<div data-page-id=\"MKLjdWnNKom3i1xvj2NcTLPlnEh\" data-lark-html-role=\"root\" data-docx-has-block-data=\"false\">\n<h3 class=\"heading-2 ace-line old-record-id-T5QsdeJjPoT8cNx0UVncV0V8nCP\" style=\"text-align: left;\"><strong>Alto <\/strong><strong>precisi\u00f3n<\/strong><strong> y <\/strong><strong>tiempo real<\/strong><strong> escucha<\/strong><\/h3>\n<div class=\"ace-line ace-line old-record-id-P74vd017WoRglfxsTh1c8TGhnVc\" style=\"text-align: left;\">El movimiento de detecci\u00f3n de alta precisi\u00f3n incorporado puede detectar de forma r\u00e1pida y precisa cambios sutiles en la temperatura y la humedad con alta precisi\u00f3n y caracter\u00edsticas de actualizaci\u00f3n r\u00e1pida.<\/div>\n<h3 class=\"heading-2 ace-line old-record-id-Pf2idDEc8oi7iCxh2czc7Ojnnyh\" style=\"text-align: left;\"><strong>Vinculaci\u00f3n de escenas inteligente<\/strong><\/h3>\n<div class=\"ace-line ace-line old-record-id-AKW3dr5hgoZxNaxuHJvcWfqLndg\" style=\"text-align: left;\">El sensor se puede utilizar como fuente de datos de temperatura y humedad de Tuya Smart, Smart Life, Amazon Alexa y Google Home. Puede realizar muchos procesos automatizados en funci\u00f3n de la fuente de datos. Por ejemplo, puede automatizar los dispositivos inteligentes de su hogar, como calentadores el\u00e9ctricos y <a href=\"https:\/\/www.youtube.com\/watch?v=fs7Lk9x77LY\" target=\"_blank\" rel=\"noopener\">humidificadores<\/a>, incluso con nuestro nuevo IR inteligente(<a href=\"https:\/\/www.slsele.com\/es\/producto\/smart-ir-remote-control-with-temperature-and-humidity-sensor-2\/\" target=\"_blank\" rel=\"noopener\">Haga clic aqu\u00ed para m\u00e1s detalles<\/a>) termostato para control autom\u00e1tico del aire acondicionado para un ambiente de vida m\u00e1s c\u00f3modo, que funciona como enlace de escena de toda la casa bajo los dispositivos dom\u00e9sticos inteligentes Tuya.<\/div>\n<div>\n<div data-page-id=\"MKLjdWnNKom3i1xvj2NcTLPlnEh\" data-lark-html-role=\"root\" data-docx-has-block-data=\"false\">\n<p><img loading=\"lazy\" decoding=\"async\" class=\"aligncenter size-full wp-image-3691\" src=\"https:\/\/slsele.com\/wp-content\/uploads\/2024\/03\/\u4e0e\u5176\u4ed6\u8bbe\u5907\u8054\u52a8_\u7ed3\u679c.webp\" alt=\"sensor de temperatura y humedad\" width=\"790\" height=\"812\" srcset=\"https:\/\/www.slsele.com\/wp-content\/uploads\/2024\/03\/\u4e0e\u5176\u4ed6\u8bbe\u5907\u8054\u52a8_\u7ed3\u679c.webp 790w, https:\/\/www.slsele.com\/wp-content\/uploads\/2024\/03\/\u4e0e\u5176\u4ed6\u8bbe\u5907\u8054\u52a8_\u7ed3\u679c-292x300.webp 292w, https:\/\/www.slsele.com\/wp-content\/uploads\/2024\/03\/\u4e0e\u5176\u4ed6\u8bbe\u5907\u8054\u52a8_\u7ed3\u679c-768x789.webp 768w, https:\/\/www.slsele.com\/wp-content\/uploads\/2024\/03\/\u4e0e\u5176\u4ed6\u8bbe\u5907\u8054\u52a8_\u7ed3\u679c-12x12.webp 12w, https:\/\/www.slsele.com\/wp-content\/uploads\/2024\/03\/\u4e0e\u5176\u4ed6\u8bbe\u5907\u8054\u52a8_\u7ed3\u679c-700x719.webp 700w, https:\/\/www.slsele.com\/wp-content\/uploads\/2024\/03\/\u4e0e\u5176\u4ed6\u8bbe\u5907\u8054\u52a8_\u7ed3\u679c-600x617.webp 600w, https:\/\/www.slsele.com\/wp-content\/uploads\/2024\/03\/\u4e0e\u5176\u4ed6\u8bbe\u5907\u8054\u52a8_\u7ed3\u679c-50x50.webp 50w\" sizes=\"auto, (max-width: 790px) 100vw, 790px\" \/><\/p>\n<h3 class=\"heading-1 ace-line old-record-id-OnZ4dbuhNoyVAbxBx3mcbmKjnoh\" style=\"text-align: left;\"><strong>Par\u00e1metro<\/strong><\/h3>\n<div data-page-id=\"MKLjdWnNKom3i1xvj2NcTLPlnEh\" data-lark-html-role=\"root\" data-docx-has-block-data=\"true\">\n<div class=\"old-record-id-PvtAd8FbOoj2cvxv0yHcZwpYnCd\" data-type=\"sheet\">\n<table>\n<colgroup>\n<col width=\"229\" \/>\n<col width=\"476\" \/><\/colgroup>\n<tbody>\n<tr>\n<td><strong>Nombre del producto<\/strong><\/td>\n<td>Sensor de temperatura y humedad WiFi con pantalla de activaci\u00f3n por inducci\u00f3n<\/td>\n<\/tr>\n<tr>\n<td><strong>Cable USB<\/strong><\/td>\n<td>1,5 m de longitud<\/td>\n<\/tr>\n<tr>\n<td><strong>Longitud diagonal de la pantalla<\/strong><\/td>\n<td>80 mm<\/td>\n<\/tr>\n<tr>\n<td><strong>Entrada USB<\/strong><\/td>\n<td>CC 5 V\/1 A<\/td>\n<\/tr>\n<tr>\n<td><strong>Frecuencia infrarroja<\/strong><\/td>\n<td>38 kHz<\/td>\n<\/tr>\n<tr>\n<td><strong>Rango de medici\u00f3n de temperatura<\/strong><\/td>\n<td>0\u2103~60\u2103<\/td>\n<\/tr>\n<tr>\n<td><strong>Precisi\u00f3n de la medici\u00f3n de temperatura<\/strong><\/td>\n<td>\u00b11\u2103<\/td>\n<\/tr>\n<tr>\n<td><strong>Rango de medici\u00f3n de humedad<\/strong><\/td>\n<td>0%RH~99%RH<\/td>\n<\/tr>\n<tr>\n<td><strong>Precisi\u00f3n de la medici\u00f3n de la humedad<\/strong><\/td>\n<td>Humedad \u00b1 5%RH<\/td>\n<\/tr>\n<tr>\n<td><strong>Tama\u00f1o<\/strong><\/td>\n<td>80*80*16 mm<\/td>\n<\/tr>\n<\/tbody>\n<\/table>\n<\/div>\n<\/div>\n<\/div>\n<\/div>\n<\/div>\n<\/div>\n<\/div>\n<\/div>","protected":false},"excerpt":{"rendered":"<div data-page-id=\"MKLjdWnNKom3i1xvj2NcTLPlnEh\" data-lark-html-role=\"root\" data-docx-has-block-data=\"false\">\n<div class=\"ace-line ace-line old-record-id-WEQ8dH0wgoeb10xHoJMciHV5nRh\">Un sensor de temperatura y humedad WiFi cuenta con una pantalla de activaci\u00f3n por inducci\u00f3n que muestra la temperatura, la humedad, la hora y la fecha. Con\u00e9ctelo a su red WiFi para acceder a los datos en tiempo real a trav\u00e9s de una aplicaci\u00f3n m\u00f3vil o una interfaz web dedicada.<\/div>\n<\/div>","protected":false},"featured_media":975,"comment_status":"open","ping_status":"closed","template":"","meta":[],"product_brand":[],"product_cat":[16],"product_tag":[],"class_list":{"0":"post-971","1":"product","2":"type-product","3":"status-publish","4":"has-post-thumbnail","6":"product_cat-smart-sensor","8":"first","9":"instock","10":"shipping-taxable","11":"purchasable","12":"product-type-simple"},"_links":{"self":[{"href":"https:\/\/www.slsele.com\/es\/wp-json\/wp\/v2\/product\/971","targetHints":{"allow":["GET"]}}],"collection":[{"href":"https:\/\/www.slsele.com\/es\/wp-json\/wp\/v2\/product"}],"about":[{"href":"https:\/\/www.slsele.com\/es\/wp-json\/wp\/v2\/types\/product"}],"replies":[{"embeddable":true,"href":"https:\/\/www.slsele.com\/es\/wp-json\/wp\/v2\/comments?post=971"}],"wp:featuredmedia":[{"embeddable":true,"href":"https:\/\/www.slsele.com\/es\/wp-json\/wp\/v2\/media\/975"}],"wp:attachment":[{"href":"https:\/\/www.slsele.com\/es\/wp-json\/wp\/v2\/media?parent=971"}],"wp:term":[{"taxonomy":"product_brand","embeddable":true,"href":"https:\/\/www.slsele.com\/es\/wp-json\/wp\/v2\/product_brand?post=971"},{"taxonomy":"product_cat","embeddable":true,"href":"https:\/\/www.slsele.com\/es\/wp-json\/wp\/v2\/product_cat?post=971"},{"taxonomy":"product_tag","embeddable":true,"href":"https:\/\/www.slsele.com\/es\/wp-json\/wp\/v2\/product_tag?post=971"}],"curies":[{"name":"wp","href":"https:\/\/api.w.org\/{rel}","templated":true}]}}