{"id":948,"date":"2024-03-29T13:57:45","date_gmt":"2024-03-29T05:57:45","guid":{"rendered":"https:\/\/slsele.com\/?post_type=product&#038;p=948"},"modified":"2024-11-08T16:14:40","modified_gmt":"2024-11-08T08:14:40","slug":"smart-sound-light-wifi-alarm-siren","status":"publish","type":"product","link":"https:\/\/www.slsele.com\/es\/producto\/smart-sound-light-wifi-alarm-siren\/","title":{"rendered":"SLS Smart Sound Light Wifi Alarma Sirena"},"content":{"rendered":"<div data-page-id=\"BMNWdYHT4oLGFHxy0ezcRdsnntb\" data-lark-html-role=\"root\" data-docx-has-block-data=\"false\">\n<h2 class=\"ace-line ace-line old-record-id-doxcnOR8w3VKUvYHTEHF1zsgIig\" style=\"text-align: center;\">Smart Sound Light Wifi Alarma Sirena<\/h2>\n<div data-page-id=\"BMNWdYHT4oLGFHxy0ezcRdsnntb\" data-lark-html-role=\"root\" data-docx-has-block-data=\"false\">\n<div class=\"ace-line ace-line old-record-id-FqxFdZtu6oFinjxGvsBcXYVQnGe\" style=\"text-align: left;\">Esta sirena de alarma wifi inteligente tiene un sistema de alarma 2 EN 1, tiene 90dB sonido y luz intermitente est\u00e1 especialmente dise\u00f1ado para la seguridad del hogar inteligente. Con una alarma en tiempo real, el dispositivo puede detectar la condici\u00f3n de la casa oportuna.<\/div>\n<div class=\"ace-line ace-line old-record-id-BjZodkdwOozKbMxGZuRcYVAznUf\"><img loading=\"lazy\" decoding=\"async\" class=\"size-medium wp-image-949 aligncenter\" src=\"https:\/\/slsele.com\/wp-content\/uploads\/2024\/03\/Siren-alarm-1-300x300.jpg\" alt=\"\" width=\"300\" height=\"300\" srcset=\"https:\/\/www.slsele.com\/wp-content\/uploads\/2024\/03\/Siren-alarm-1-300x300.jpg 300w, https:\/\/www.slsele.com\/wp-content\/uploads\/2024\/03\/Siren-alarm-1-1024x1024.jpg 1024w, https:\/\/www.slsele.com\/wp-content\/uploads\/2024\/03\/Siren-alarm-1-150x150.jpg 150w, https:\/\/www.slsele.com\/wp-content\/uploads\/2024\/03\/Siren-alarm-1-768x768.jpg 768w, https:\/\/www.slsele.com\/wp-content\/uploads\/2024\/03\/Siren-alarm-1-1536x1536.jpg 1536w, https:\/\/www.slsele.com\/wp-content\/uploads\/2024\/03\/Siren-alarm-1-12x12.jpg 12w, https:\/\/www.slsele.com\/wp-content\/uploads\/2024\/03\/Siren-alarm-1-570x570.jpg 570w, https:\/\/www.slsele.com\/wp-content\/uploads\/2024\/03\/Siren-alarm-1-500x500.jpg 500w, https:\/\/www.slsele.com\/wp-content\/uploads\/2024\/03\/Siren-alarm-1-1000x1000.jpg 1000w, https:\/\/www.slsele.com\/wp-content\/uploads\/2024\/03\/Siren-alarm-1-700x700.jpg 700w, https:\/\/www.slsele.com\/wp-content\/uploads\/2024\/03\/Siren-alarm-1-600x600.jpg 600w, https:\/\/www.slsele.com\/wp-content\/uploads\/2024\/03\/Siren-alarm-1-100x100.jpg 100w, https:\/\/www.slsele.com\/wp-content\/uploads\/2024\/03\/Siren-alarm-1-50x50.jpg 50w, https:\/\/www.slsele.com\/wp-content\/uploads\/2024\/03\/Siren-alarm-1.jpg 1600w\" sizes=\"auto, (max-width: 300px) 100vw, 300px\" \/><\/div>\n<h3 class=\"heading-2 ace-line old-record-id-U9nTdHw3woAYGrxuC71caPhZngQ\" style=\"text-align: left;\">Configuraci\u00f3n flexible y control remoto a trav\u00e9s de Tuya<strong>\/<\/strong>Aplicaci\u00f3n Smart Life<\/h3>\n<h4 class=\"heading-3 ace-line old-record-id-DKtHdR1z1otv9ixPn9AcqHh3n7c\" style=\"text-align: left;\">Ajustes de personalizaci\u00f3n<\/h4>\n<ul>\n<li style=\"text-align: left;\">Ajustes de volumen: El volumen de esta alarma tiene tres modos: bajo, medio y alto. Tambi\u00e9n tiene 18 tipos de tonos de alarma opcionales.<\/li>\n<li style=\"text-align: left;\">Duraci\u00f3n: La duraci\u00f3n de la alarma oscila entre 0 segundos y 30 minutos. Puede ajustar la duraci\u00f3n de la alarma seg\u00fan sus necesidades espec\u00edficas para garantizar recordatorios puntuales en caso de emergencia.<\/li>\n<\/ul>\n<h4 class=\"heading-3 ace-line old-record-id-ULyudoRokomWhmxEXUgcLi8EnPc\" style=\"text-align: left;\"><img loading=\"lazy\" decoding=\"async\" class=\"aligncenter wp-image-4259\" src=\"https:\/\/slsele.com\/wp-content\/uploads\/2024\/11\/Siren-alarm-7_\u7ed3\u679c-1024x1024.webp\" alt=\"sirena de alarma wifi\" width=\"450\" height=\"450\" srcset=\"https:\/\/www.slsele.com\/wp-content\/uploads\/2024\/11\/Siren-alarm-7_\u7ed3\u679c-1024x1024.webp 1024w, https:\/\/www.slsele.com\/wp-content\/uploads\/2024\/11\/Siren-alarm-7_\u7ed3\u679c-300x300.webp 300w, https:\/\/www.slsele.com\/wp-content\/uploads\/2024\/11\/Siren-alarm-7_\u7ed3\u679c-150x150.webp 150w, https:\/\/www.slsele.com\/wp-content\/uploads\/2024\/11\/Siren-alarm-7_\u7ed3\u679c-768x768.webp 768w, https:\/\/www.slsele.com\/wp-content\/uploads\/2024\/11\/Siren-alarm-7_\u7ed3\u679c-1536x1536.webp 1536w, https:\/\/www.slsele.com\/wp-content\/uploads\/2024\/11\/Siren-alarm-7_\u7ed3\u679c-12x12.webp 12w, https:\/\/www.slsele.com\/wp-content\/uploads\/2024\/11\/Siren-alarm-7_\u7ed3\u679c-570x570.webp 570w, https:\/\/www.slsele.com\/wp-content\/uploads\/2024\/11\/Siren-alarm-7_\u7ed3\u679c-500x500.webp 500w, https:\/\/www.slsele.com\/wp-content\/uploads\/2024\/11\/Siren-alarm-7_\u7ed3\u679c-1000x1000.webp 1000w, https:\/\/www.slsele.com\/wp-content\/uploads\/2024\/11\/Siren-alarm-7_\u7ed3\u679c-700x700.webp 700w, https:\/\/www.slsele.com\/wp-content\/uploads\/2024\/11\/Siren-alarm-7_\u7ed3\u679c-600x600.webp 600w, https:\/\/www.slsele.com\/wp-content\/uploads\/2024\/11\/Siren-alarm-7_\u7ed3\u679c-100x100.webp 100w, https:\/\/www.slsele.com\/wp-content\/uploads\/2024\/11\/Siren-alarm-7_\u7ed3\u679c-50x50.webp 50w, https:\/\/www.slsele.com\/wp-content\/uploads\/2024\/11\/Siren-alarm-7_\u7ed3\u679c.webp 1600w\" sizes=\"auto, (max-width: 450px) 100vw, 450px\" \/>Gesti\u00f3n c\u00f3moda<\/h4>\n<ul>\n<li style=\"text-align: left;\">Despu\u00e9s de a\u00f1adir la alarma a la APP Smart Life, puede poner en marcha el dispositivo Tap-to-run a trav\u00e9s de la aplicaci\u00f3n, que funcionar\u00e1 como un timbre.<\/li>\n<li style=\"text-align: left;\">Controla a distancia el interruptor de la alarma a trav\u00e9s de la APP para garantizar la seguridad de la casa.<\/li>\n<\/ul>\n<h4 class=\"heading-3 ace-line old-record-id-W94ZdXQTEoklbnxXqvSckcKnnXU\" style=\"text-align: left;\"><img loading=\"lazy\" decoding=\"async\" class=\"aligncenter wp-image-4255\" src=\"https:\/\/slsele.com\/wp-content\/uploads\/2024\/11\/Siren-alarm-3_\u7ed3\u679c-1024x1024.webp\" alt=\"\" width=\"533\" height=\"533\" srcset=\"https:\/\/www.slsele.com\/wp-content\/uploads\/2024\/11\/Siren-alarm-3_\u7ed3\u679c-1024x1024.webp 1024w, https:\/\/www.slsele.com\/wp-content\/uploads\/2024\/11\/Siren-alarm-3_\u7ed3\u679c-300x300.webp 300w, https:\/\/www.slsele.com\/wp-content\/uploads\/2024\/11\/Siren-alarm-3_\u7ed3\u679c-150x150.webp 150w, https:\/\/www.slsele.com\/wp-content\/uploads\/2024\/11\/Siren-alarm-3_\u7ed3\u679c-768x768.webp 768w, https:\/\/www.slsele.com\/wp-content\/uploads\/2024\/11\/Siren-alarm-3_\u7ed3\u679c-1536x1536.webp 1536w, https:\/\/www.slsele.com\/wp-content\/uploads\/2024\/11\/Siren-alarm-3_\u7ed3\u679c-12x12.webp 12w, https:\/\/www.slsele.com\/wp-content\/uploads\/2024\/11\/Siren-alarm-3_\u7ed3\u679c-570x570.webp 570w, https:\/\/www.slsele.com\/wp-content\/uploads\/2024\/11\/Siren-alarm-3_\u7ed3\u679c-500x500.webp 500w, https:\/\/www.slsele.com\/wp-content\/uploads\/2024\/11\/Siren-alarm-3_\u7ed3\u679c-1000x1000.webp 1000w, https:\/\/www.slsele.com\/wp-content\/uploads\/2024\/11\/Siren-alarm-3_\u7ed3\u679c-700x700.webp 700w, https:\/\/www.slsele.com\/wp-content\/uploads\/2024\/11\/Siren-alarm-3_\u7ed3\u679c-600x600.webp 600w, https:\/\/www.slsele.com\/wp-content\/uploads\/2024\/11\/Siren-alarm-3_\u7ed3\u679c-100x100.webp 100w, https:\/\/www.slsele.com\/wp-content\/uploads\/2024\/11\/Siren-alarm-3_\u7ed3\u679c-50x50.webp 50w, https:\/\/www.slsele.com\/wp-content\/uploads\/2024\/11\/Siren-alarm-3_\u7ed3\u679c.webp 1600w\" sizes=\"auto, (max-width: 533px) 100vw, 533px\" \/>Control remoto<\/h4>\n<ul>\n<li style=\"text-align: left;\">Ver registros de alarmas: En la APP Smart Life, puede ver los registros de alarmas en cualquier momento para comprender la hora de activaci\u00f3n y el motivo de cada alarma.<\/li>\n<li style=\"text-align: left;\">Monitorizaci\u00f3n remota: La app ofrece diferentes escenarios para ver el estado de la casa en tiempo real de forma remota, lo que garantiza que puedas conocer la situaci\u00f3n de seguridad de la casa en tiempo real.<\/li>\n<\/ul>\n<div data-page-id=\"BMNWdYHT4oLGFHxy0ezcRdsnntb\" data-lark-html-role=\"root\" data-docx-has-block-data=\"false\">\n<h3 class=\"heading-2 ace-line old-record-id-Nyzwdn1lEoiPiIxiDSBcXRNQnnc\" style=\"text-align: left;\"><strong><img loading=\"lazy\" decoding=\"async\" class=\"aligncenter wp-image-4254\" src=\"https:\/\/slsele.com\/wp-content\/uploads\/2024\/11\/Siren-alarm-2_\u7ed3\u679c-1024x1024.webp\" alt=\"\" width=\"538\" height=\"538\" srcset=\"https:\/\/www.slsele.com\/wp-content\/uploads\/2024\/11\/Siren-alarm-2_\u7ed3\u679c-1024x1024.webp 1024w, https:\/\/www.slsele.com\/wp-content\/uploads\/2024\/11\/Siren-alarm-2_\u7ed3\u679c-300x300.webp 300w, https:\/\/www.slsele.com\/wp-content\/uploads\/2024\/11\/Siren-alarm-2_\u7ed3\u679c-150x150.webp 150w, https:\/\/www.slsele.com\/wp-content\/uploads\/2024\/11\/Siren-alarm-2_\u7ed3\u679c-768x768.webp 768w, https:\/\/www.slsele.com\/wp-content\/uploads\/2024\/11\/Siren-alarm-2_\u7ed3\u679c-1536x1536.webp 1536w, https:\/\/www.slsele.com\/wp-content\/uploads\/2024\/11\/Siren-alarm-2_\u7ed3\u679c-12x12.webp 12w, https:\/\/www.slsele.com\/wp-content\/uploads\/2024\/11\/Siren-alarm-2_\u7ed3\u679c-570x570.webp 570w, https:\/\/www.slsele.com\/wp-content\/uploads\/2024\/11\/Siren-alarm-2_\u7ed3\u679c-500x500.webp 500w, https:\/\/www.slsele.com\/wp-content\/uploads\/2024\/11\/Siren-alarm-2_\u7ed3\u679c-1000x1000.webp 1000w, https:\/\/www.slsele.com\/wp-content\/uploads\/2024\/11\/Siren-alarm-2_\u7ed3\u679c-700x700.webp 700w, https:\/\/www.slsele.com\/wp-content\/uploads\/2024\/11\/Siren-alarm-2_\u7ed3\u679c-600x600.webp 600w, https:\/\/www.slsele.com\/wp-content\/uploads\/2024\/11\/Siren-alarm-2_\u7ed3\u679c-100x100.webp 100w, https:\/\/www.slsele.com\/wp-content\/uploads\/2024\/11\/Siren-alarm-2_\u7ed3\u679c-50x50.webp 50w, https:\/\/www.slsele.com\/wp-content\/uploads\/2024\/11\/Siren-alarm-2_\u7ed3\u679c.webp 1600w\" sizes=\"auto, (max-width: 538px) 100vw, 538px\" \/>Vinculaci\u00f3n con otros dispositivos inteligentes con Tuya <\/strong><strong>Puerta<\/strong><\/h3>\n<div class=\"ace-line ace-line old-record-id-XGMhdp8OooDNy2xv13fc50rrnPe\" style=\"text-align: left;\">La alarma se utiliza con <a href=\"https:\/\/www.slsele.com\/es\/producto\/multi-mode-smart-home-gateway\/\" target=\"_blank\" rel=\"noopener\"><span style=\"color: #3366ff;\">un multifuncional<\/span> pasarela<\/a> y la conexi\u00f3n con otros sensores inteligentes se establece en la aplicaci\u00f3n para lograr una variedad de escenarios de alarma personalizados:<\/div>\n<h4 class=\"heading-3 ace-line old-record-id-GUNpd4PhRojTDNxxhhVcJFQyn1d\" style=\"text-align: left;\">Alarma + Pasarela + Sensor de presencia humana<\/h4>\n<div class=\"ace-line ace-line old-record-id-G5red4PcFo6EcsxW8lhc5Pksnbd\" style=\"text-align: left;\">Cuando no hay nadie en casa, el sensor de presencia humana detecta que alguien ha entrado a robar y la sirena de alarma wifi se activa inmediatamente y avisa al usuario a trav\u00e9s de la App.<\/div>\n<div class=\"ace-line ace-line old-record-id-PPUddmJbboFa6nxX8tCc5AignTc\" style=\"text-align: left;\">Pasos:<\/div>\n<ol>\n<li style=\"list-style-type: none;\">\n<ol>\n<li style=\"list-style-type: none;\">\n<ol>\n<li style=\"text-align: left;\">Instale sensores: Instale sensores de presencia humana en lugares cr\u00edticos (como puertas y ventanas).<\/li>\n<li style=\"text-align: left;\">Conecte los dispositivos: Conecta el sensor de presencia humana al Gateway multifunci\u00f3n y aseg\u00farate de que todos los dispositivos est\u00e1n conectados a la misma red.<\/li>\n<li style=\"text-align: left;\">Configure la vinculaci\u00f3n: Ve a la p\u00e1gina \"Ajustes\" de la App, selecciona \"Ajustes de vinculaci\u00f3n\" y crea una nueva escena de vinculaci\u00f3n.<\/li>\n<li style=\"text-align: left;\">Seleccione la condici\u00f3n de activaci\u00f3n: Seleccione el sensor de presencia como condici\u00f3n de activaci\u00f3n y aj\u00fastelo a \"Persona detectada\".<\/li>\n<li style=\"text-align: left;\">Seleccionar Acci\u00f3n: Seleccione la sirena de alarma wifi como acci\u00f3n de ejecuci\u00f3n y config\u00farela como \"Iniciar alarma\".<\/li>\n<li style=\"text-align: left;\">A\u00f1adir notificaci\u00f3n: En los ajustes de vinculaci\u00f3n, marque la opci\u00f3n \"Enviar notificaci\u00f3n\" para asegurarse de que la App notificar\u00e1 al usuario cuando se cumpla la condici\u00f3n de activaci\u00f3n.<\/li>\n<\/ol>\n<\/li>\n<\/ol>\n<\/li>\n<\/ol>\n<h4 class=\"heading-3 ace-line old-record-id-Mc1VdHhdXocyGPxPlIUcKSgwnqh\" style=\"text-align: left;\"><img loading=\"lazy\" decoding=\"async\" class=\"aligncenter wp-image-4262\" src=\"https:\/\/slsele.com\/wp-content\/uploads\/2024\/11\/Siren-alarm-10_\u7ed3\u679c-1024x1024.webp\" alt=\"\" width=\"601\" height=\"601\" srcset=\"https:\/\/www.slsele.com\/wp-content\/uploads\/2024\/11\/Siren-alarm-10_\u7ed3\u679c-1024x1024.webp 1024w, https:\/\/www.slsele.com\/wp-content\/uploads\/2024\/11\/Siren-alarm-10_\u7ed3\u679c-300x300.webp 300w, https:\/\/www.slsele.com\/wp-content\/uploads\/2024\/11\/Siren-alarm-10_\u7ed3\u679c-150x150.webp 150w, https:\/\/www.slsele.com\/wp-content\/uploads\/2024\/11\/Siren-alarm-10_\u7ed3\u679c-768x768.webp 768w, https:\/\/www.slsele.com\/wp-content\/uploads\/2024\/11\/Siren-alarm-10_\u7ed3\u679c-1536x1536.webp 1536w, https:\/\/www.slsele.com\/wp-content\/uploads\/2024\/11\/Siren-alarm-10_\u7ed3\u679c-12x12.webp 12w, https:\/\/www.slsele.com\/wp-content\/uploads\/2024\/11\/Siren-alarm-10_\u7ed3\u679c-570x570.webp 570w, https:\/\/www.slsele.com\/wp-content\/uploads\/2024\/11\/Siren-alarm-10_\u7ed3\u679c-500x500.webp 500w, https:\/\/www.slsele.com\/wp-content\/uploads\/2024\/11\/Siren-alarm-10_\u7ed3\u679c-1000x1000.webp 1000w, https:\/\/www.slsele.com\/wp-content\/uploads\/2024\/11\/Siren-alarm-10_\u7ed3\u679c-700x700.webp 700w, https:\/\/www.slsele.com\/wp-content\/uploads\/2024\/11\/Siren-alarm-10_\u7ed3\u679c-600x600.webp 600w, https:\/\/www.slsele.com\/wp-content\/uploads\/2024\/11\/Siren-alarm-10_\u7ed3\u679c-100x100.webp 100w, https:\/\/www.slsele.com\/wp-content\/uploads\/2024\/11\/Siren-alarm-10_\u7ed3\u679c-50x50.webp 50w, https:\/\/www.slsele.com\/wp-content\/uploads\/2024\/11\/Siren-alarm-10_\u7ed3\u679c.webp 1600w\" sizes=\"auto, (max-width: 601px) 100vw, 601px\" \/>Alarma + Gateway +Smart Switch<\/h4>\n<ul>\n<li style=\"text-align: left;\">Si la sirena de alarma wifi se activa por la noche debido a riesgos de seguridad, el <a href=\"https:\/\/www.slsele.com\/es\/producto\/eu-wifi-push-button-wall-light-switch-no-neutral-wire\/\" target=\"_blank\" rel=\"noopener\">interruptor inteligente<\/a> encender\u00e1 autom\u00e1ticamente la iluminaci\u00f3n de la vivienda para controlar o ahuyentar a los intrusos.<\/li>\n<\/ul>\n<h4 class=\"heading-3 ace-line old-record-id-SiildtOnfo52RNxGJwhckVXrntg\" style=\"text-align: left;\">Alarma + Pasarela + Im\u00e1n para puerta inteligente<\/h4>\n<ul>\n<li style=\"text-align: left;\">Cuando se produce una anomal\u00eda en el im\u00e1n de la puerta (como la apertura ilegal de la puerta), la sirena de alarma wifi activar\u00e1 inmediatamente la alarma.<\/li>\n<\/ul>\n<p><img loading=\"lazy\" decoding=\"async\" class=\"alignnone\" src=\"https:\/\/slsele.com\/wp-content\/uploads\/2024\/09\/door-window-sensor-album-picture-3.webp\" width=\"592\" height=\"592\" \/><\/p>\n<h4 class=\"heading-3 ace-line old-record-id-JVkHdLhCiovNuGxfUIccyLrqnfe\" style=\"text-align: left;\">Otros escenarios de aplicaci\u00f3n<\/h4>\n<ul>\n<li style=\"text-align: left;\">Alarma de incendio: Vincula la alarma ac\u00fastica y visual con el sensor de humo. Cuando se detecte humo, la sirena de alarma wifi se activar\u00e1 y enviar\u00e1 una notificaci\u00f3n.<\/li>\n<li style=\"text-align: left;\">Alarma de fuga: Vincula la alarma sonora y luminosa con el sensor de inmersi\u00f3n en agua. Cuando se detecte inmersi\u00f3n en agua, la sirena de alarma wifi se activar\u00e1 y enviar\u00e1 una notificaci\u00f3n.<\/li>\n<li style=\"text-align: left;\">Monitorizaci\u00f3n de mascotas: Vincula la alarma sonora y luminosa con el sensor de actividad de mascotas. Cuando la mascota entre en la zona prohibida, la sirena de alarma wifi se activar\u00e1 y enviar\u00e1 una notificaci\u00f3n.<\/li>\n<\/ul>\n<div class=\"ace-line ace-line old-record-id-IUk2d0bctoFyd2xqTaZcG5ZNn0f\" style=\"text-align: left;\">Garant\u00eda de seguridad integral: A trav\u00e9s de la vinculaci\u00f3n con varios sensores inteligentes, la sirena de alarma wifi puede cubrir todos los aspectos de la seguridad del hogar y proporcionar una protecci\u00f3n integral.<\/div>\n<h3 class=\"heading-2 ace-line old-record-id-LPVtdTV4xorbE1xu95Jc9QbTn3G\" style=\"text-align: left;\"><img loading=\"lazy\" decoding=\"async\" class=\"aligncenter wp-image-4265\" src=\"https:\/\/slsele.com\/wp-content\/uploads\/2024\/11\/Siren-alarm-13_\u7ed3\u679c-1024x1024.webp\" alt=\"\" width=\"540\" height=\"540\" srcset=\"https:\/\/www.slsele.com\/wp-content\/uploads\/2024\/11\/Siren-alarm-13_\u7ed3\u679c-1024x1024.webp 1024w, https:\/\/www.slsele.com\/wp-content\/uploads\/2024\/11\/Siren-alarm-13_\u7ed3\u679c-300x300.webp 300w, https:\/\/www.slsele.com\/wp-content\/uploads\/2024\/11\/Siren-alarm-13_\u7ed3\u679c-150x150.webp 150w, https:\/\/www.slsele.com\/wp-content\/uploads\/2024\/11\/Siren-alarm-13_\u7ed3\u679c-768x768.webp 768w, https:\/\/www.slsele.com\/wp-content\/uploads\/2024\/11\/Siren-alarm-13_\u7ed3\u679c-1536x1536.webp 1536w, https:\/\/www.slsele.com\/wp-content\/uploads\/2024\/11\/Siren-alarm-13_\u7ed3\u679c-12x12.webp 12w, https:\/\/www.slsele.com\/wp-content\/uploads\/2024\/11\/Siren-alarm-13_\u7ed3\u679c-570x570.webp 570w, https:\/\/www.slsele.com\/wp-content\/uploads\/2024\/11\/Siren-alarm-13_\u7ed3\u679c-500x500.webp 500w, https:\/\/www.slsele.com\/wp-content\/uploads\/2024\/11\/Siren-alarm-13_\u7ed3\u679c-1000x1000.webp 1000w, https:\/\/www.slsele.com\/wp-content\/uploads\/2024\/11\/Siren-alarm-13_\u7ed3\u679c-700x700.webp 700w, https:\/\/www.slsele.com\/wp-content\/uploads\/2024\/11\/Siren-alarm-13_\u7ed3\u679c-600x600.webp 600w, https:\/\/www.slsele.com\/wp-content\/uploads\/2024\/11\/Siren-alarm-13_\u7ed3\u679c-100x100.webp 100w, https:\/\/www.slsele.com\/wp-content\/uploads\/2024\/11\/Siren-alarm-13_\u7ed3\u679c-50x50.webp 50w, https:\/\/www.slsele.com\/wp-content\/uploads\/2024\/11\/Siren-alarm-13_\u7ed3\u679c.webp 1600w\" sizes=\"auto, (max-width: 540px) 100vw, 540px\" \/>Acceso familiar a un solo dispositivo<\/h3>\n<div class=\"ace-line ace-line old-record-id-ZUM2dY3DloteiDxox8wc4wTWn7b\" style=\"text-align: left;\">Comparte la sirena de alarma wifi con los miembros de tu familia para controlarla juntos.<\/div>\n<h3 class=\"heading-2 ace-line old-record-id-KtjbdVhmCoBe2qxOmKJcPKpenAh\" style=\"text-align: left;\"><strong><img loading=\"lazy\" decoding=\"async\" class=\"aligncenter wp-image-4264\" src=\"https:\/\/slsele.com\/wp-content\/uploads\/2024\/11\/Siren-alarm-12_\u7ed3\u679c-1024x1024.webp\" alt=\"\" width=\"512\" height=\"512\" srcset=\"https:\/\/www.slsele.com\/wp-content\/uploads\/2024\/11\/Siren-alarm-12_\u7ed3\u679c-1024x1024.webp 1024w, https:\/\/www.slsele.com\/wp-content\/uploads\/2024\/11\/Siren-alarm-12_\u7ed3\u679c-300x300.webp 300w, https:\/\/www.slsele.com\/wp-content\/uploads\/2024\/11\/Siren-alarm-12_\u7ed3\u679c-150x150.webp 150w, https:\/\/www.slsele.com\/wp-content\/uploads\/2024\/11\/Siren-alarm-12_\u7ed3\u679c-768x768.webp 768w, https:\/\/www.slsele.com\/wp-content\/uploads\/2024\/11\/Siren-alarm-12_\u7ed3\u679c-1536x1536.webp 1536w, https:\/\/www.slsele.com\/wp-content\/uploads\/2024\/11\/Siren-alarm-12_\u7ed3\u679c-12x12.webp 12w, https:\/\/www.slsele.com\/wp-content\/uploads\/2024\/11\/Siren-alarm-12_\u7ed3\u679c-570x570.webp 570w, https:\/\/www.slsele.com\/wp-content\/uploads\/2024\/11\/Siren-alarm-12_\u7ed3\u679c-500x500.webp 500w, https:\/\/www.slsele.com\/wp-content\/uploads\/2024\/11\/Siren-alarm-12_\u7ed3\u679c-1000x1000.webp 1000w, https:\/\/www.slsele.com\/wp-content\/uploads\/2024\/11\/Siren-alarm-12_\u7ed3\u679c-700x700.webp 700w, https:\/\/www.slsele.com\/wp-content\/uploads\/2024\/11\/Siren-alarm-12_\u7ed3\u679c-600x600.webp 600w, https:\/\/www.slsele.com\/wp-content\/uploads\/2024\/11\/Siren-alarm-12_\u7ed3\u679c-100x100.webp 100w, https:\/\/www.slsele.com\/wp-content\/uploads\/2024\/11\/Siren-alarm-12_\u7ed3\u679c-50x50.webp 50w, https:\/\/www.slsele.com\/wp-content\/uploads\/2024\/11\/Siren-alarm-12_\u7ed3\u679c.webp 1600w\" sizes=\"auto, (max-width: 512px) 100vw, 512px\" \/><\/strong>Bajo consumo de energ\u00eda<\/h3>\n<div class=\"ace-line ace-line old-record-id-OcD4ddGsooSGLvx9RWycehGZned\" style=\"text-align: left;\">Hay dos m\u00e9todos de carga: USB o 2*.<a href=\"https:\/\/energy.panasonic.com\/global\/business\/e\/na\/products\/lithium\/models\/CR123A\" rel=\"nofollow noopener\" target=\"_blank\">Pila CR123A<\/a> (no incluido), junto con el nivel de bater\u00eda que se muestra en la APP.<\/div>\n<h3 class=\"heading-2 ace-line old-record-id-doxcnfiqQ5oVzCdhdIFKOP5P6Nd\" style=\"text-align: left;\"><img loading=\"lazy\" decoding=\"async\" class=\"aligncenter wp-image-4260\" src=\"https:\/\/slsele.com\/wp-content\/uploads\/2024\/11\/Siren-alarm-8_\u7ed3\u679c-1024x1024.webp\" alt=\"\" width=\"567\" height=\"567\" srcset=\"https:\/\/www.slsele.com\/wp-content\/uploads\/2024\/11\/Siren-alarm-8_\u7ed3\u679c-1024x1024.webp 1024w, https:\/\/www.slsele.com\/wp-content\/uploads\/2024\/11\/Siren-alarm-8_\u7ed3\u679c-300x300.webp 300w, https:\/\/www.slsele.com\/wp-content\/uploads\/2024\/11\/Siren-alarm-8_\u7ed3\u679c-150x150.webp 150w, https:\/\/www.slsele.com\/wp-content\/uploads\/2024\/11\/Siren-alarm-8_\u7ed3\u679c-768x768.webp 768w, https:\/\/www.slsele.com\/wp-content\/uploads\/2024\/11\/Siren-alarm-8_\u7ed3\u679c-1536x1536.webp 1536w, https:\/\/www.slsele.com\/wp-content\/uploads\/2024\/11\/Siren-alarm-8_\u7ed3\u679c-12x12.webp 12w, https:\/\/www.slsele.com\/wp-content\/uploads\/2024\/11\/Siren-alarm-8_\u7ed3\u679c-570x570.webp 570w, https:\/\/www.slsele.com\/wp-content\/uploads\/2024\/11\/Siren-alarm-8_\u7ed3\u679c-500x500.webp 500w, https:\/\/www.slsele.com\/wp-content\/uploads\/2024\/11\/Siren-alarm-8_\u7ed3\u679c-1000x1000.webp 1000w, https:\/\/www.slsele.com\/wp-content\/uploads\/2024\/11\/Siren-alarm-8_\u7ed3\u679c-700x700.webp 700w, https:\/\/www.slsele.com\/wp-content\/uploads\/2024\/11\/Siren-alarm-8_\u7ed3\u679c-600x600.webp 600w, https:\/\/www.slsele.com\/wp-content\/uploads\/2024\/11\/Siren-alarm-8_\u7ed3\u679c-100x100.webp 100w, https:\/\/www.slsele.com\/wp-content\/uploads\/2024\/11\/Siren-alarm-8_\u7ed3\u679c-50x50.webp 50w, https:\/\/www.slsele.com\/wp-content\/uploads\/2024\/11\/Siren-alarm-8_\u7ed3\u679c.webp 1600w\" sizes=\"auto, (max-width: 567px) 100vw, 567px\" \/>Par\u00e1metro<\/h3>\n<p><img loading=\"lazy\" decoding=\"async\" class=\"aligncenter wp-image-4258\" src=\"https:\/\/slsele.com\/wp-content\/uploads\/2024\/11\/Siren-alarm-6_\u7ed3\u679c-1024x1024.webp\" alt=\"\" width=\"507\" height=\"507\" srcset=\"https:\/\/www.slsele.com\/wp-content\/uploads\/2024\/11\/Siren-alarm-6_\u7ed3\u679c-1024x1024.webp 1024w, https:\/\/www.slsele.com\/wp-content\/uploads\/2024\/11\/Siren-alarm-6_\u7ed3\u679c-300x300.webp 300w, https:\/\/www.slsele.com\/wp-content\/uploads\/2024\/11\/Siren-alarm-6_\u7ed3\u679c-150x150.webp 150w, https:\/\/www.slsele.com\/wp-content\/uploads\/2024\/11\/Siren-alarm-6_\u7ed3\u679c-768x768.webp 768w, https:\/\/www.slsele.com\/wp-content\/uploads\/2024\/11\/Siren-alarm-6_\u7ed3\u679c-1536x1536.webp 1536w, https:\/\/www.slsele.com\/wp-content\/uploads\/2024\/11\/Siren-alarm-6_\u7ed3\u679c-12x12.webp 12w, https:\/\/www.slsele.com\/wp-content\/uploads\/2024\/11\/Siren-alarm-6_\u7ed3\u679c-570x570.webp 570w, https:\/\/www.slsele.com\/wp-content\/uploads\/2024\/11\/Siren-alarm-6_\u7ed3\u679c-500x500.webp 500w, https:\/\/www.slsele.com\/wp-content\/uploads\/2024\/11\/Siren-alarm-6_\u7ed3\u679c-1000x1000.webp 1000w, https:\/\/www.slsele.com\/wp-content\/uploads\/2024\/11\/Siren-alarm-6_\u7ed3\u679c-700x700.webp 700w, https:\/\/www.slsele.com\/wp-content\/uploads\/2024\/11\/Siren-alarm-6_\u7ed3\u679c-600x600.webp 600w, https:\/\/www.slsele.com\/wp-content\/uploads\/2024\/11\/Siren-alarm-6_\u7ed3\u679c-100x100.webp 100w, https:\/\/www.slsele.com\/wp-content\/uploads\/2024\/11\/Siren-alarm-6_\u7ed3\u679c-50x50.webp 50w, https:\/\/www.slsele.com\/wp-content\/uploads\/2024\/11\/Siren-alarm-6_\u7ed3\u679c.webp 1600w\" sizes=\"auto, (max-width: 507px) 100vw, 507px\" \/><\/p>\n<\/div>\n<\/div>\n<\/div>","protected":false},"excerpt":{"rendered":"<h5>Esta sirena de alarma wifi inteligente tiene un sistema de alarma 2 EN 1, tiene 90dB sonido y luz intermitente est\u00e1 especialmente dise\u00f1ado para la seguridad del hogar inteligente. Con una alarma en tiempo real, la sirena de alarma wifi puede detectar condici\u00f3n casa oportuna.<\/h5>","protected":false},"featured_media":949,"comment_status":"open","ping_status":"closed","template":"","meta":[],"product_brand":[],"product_cat":[16],"product_tag":[],"class_list":{"0":"post-948","1":"product","2":"type-product","3":"status-publish","4":"has-post-thumbnail","6":"product_cat-smart-sensor","8":"first","9":"instock","10":"shipping-taxable","11":"purchasable","12":"product-type-simple"},"_links":{"self":[{"href":"https:\/\/www.slsele.com\/es\/wp-json\/wp\/v2\/product\/948","targetHints":{"allow":["GET"]}}],"collection":[{"href":"https:\/\/www.slsele.com\/es\/wp-json\/wp\/v2\/product"}],"about":[{"href":"https:\/\/www.slsele.com\/es\/wp-json\/wp\/v2\/types\/product"}],"replies":[{"embeddable":true,"href":"https:\/\/www.slsele.com\/es\/wp-json\/wp\/v2\/comments?post=948"}],"wp:featuredmedia":[{"embeddable":true,"href":"https:\/\/www.slsele.com\/es\/wp-json\/wp\/v2\/media\/949"}],"wp:attachment":[{"href":"https:\/\/www.slsele.com\/es\/wp-json\/wp\/v2\/media?parent=948"}],"wp:term":[{"taxonomy":"product_brand","embeddable":true,"href":"https:\/\/www.slsele.com\/es\/wp-json\/wp\/v2\/product_brand?post=948"},{"taxonomy":"product_cat","embeddable":true,"href":"https:\/\/www.slsele.com\/es\/wp-json\/wp\/v2\/product_cat?post=948"},{"taxonomy":"product_tag","embeddable":true,"href":"https:\/\/www.slsele.com\/es\/wp-json\/wp\/v2\/product_tag?post=948"}],"curies":[{"name":"wp","href":"https:\/\/api.w.org\/{rel}","templated":true}]}}