{"id":922,"date":"2024-03-29T13:34:04","date_gmt":"2024-03-29T05:34:04","guid":{"rendered":"https:\/\/slsele.com\/?post_type=product&#038;p=922"},"modified":"2026-04-07T16:10:51","modified_gmt":"2026-04-07T08:10:51","slug":"wifi-pir-motion-sensor-human-detector","status":"publish","type":"product","link":"https:\/\/www.slsele.com\/es\/producto\/wifi-pir-motion-sensor-human-detector\/","title":{"rendered":"Detector humano del sensor de movimiento WiFi PIR"},"content":{"rendered":"<h3 style=\"text-align: center;\">Detector humano del sensor de movimiento PIR inteligente WiFi<\/h3>\n<p><img loading=\"lazy\" decoding=\"async\" class=\"size-medium wp-image-930 aligncenter\" src=\"https:\/\/slsele.com\/wp-content\/uploads\/2024\/03\/wifi-PIR-sensor-1-7-300x300.jpg\" alt=\"\" width=\"300\" height=\"300\" srcset=\"https:\/\/www.slsele.com\/wp-content\/uploads\/2024\/03\/wifi-PIR-sensor-1-7-300x300.jpg 300w, https:\/\/www.slsele.com\/wp-content\/uploads\/2024\/03\/wifi-PIR-sensor-1-7-150x150.jpg 150w, https:\/\/www.slsele.com\/wp-content\/uploads\/2024\/03\/wifi-PIR-sensor-1-7-768x768.jpg 768w, https:\/\/www.slsele.com\/wp-content\/uploads\/2024\/03\/wifi-PIR-sensor-1-7-12x12.jpg 12w, https:\/\/www.slsele.com\/wp-content\/uploads\/2024\/03\/wifi-PIR-sensor-1-7-570x570.jpg 570w, https:\/\/www.slsele.com\/wp-content\/uploads\/2024\/03\/wifi-PIR-sensor-1-7-500x500.jpg 500w, https:\/\/www.slsele.com\/wp-content\/uploads\/2024\/03\/wifi-PIR-sensor-1-7-700x700.jpg 700w, https:\/\/www.slsele.com\/wp-content\/uploads\/2024\/03\/wifi-PIR-sensor-1-7-600x600.jpg 600w, https:\/\/www.slsele.com\/wp-content\/uploads\/2024\/03\/wifi-PIR-sensor-1-7-100x100.jpg 100w, https:\/\/www.slsele.com\/wp-content\/uploads\/2024\/03\/wifi-PIR-sensor-1-7-50x50.jpg 50w, https:\/\/www.slsele.com\/wp-content\/uploads\/2024\/03\/wifi-PIR-sensor-1-7.jpg 1001w\" sizes=\"auto, (max-width: 300px) 100vw, 300px\" \/><\/p>\n<h5 style=\"text-align: left;\">1.Automatizaci\u00f3n del hogar inteligente: un asistente realmente bueno para su casa inteligente, ya no se preocupar\u00e1 por la invasi\u00f3n de objetos externos o extra\u00f1os, protegiendo su hogar y sus objetos de valor de peligros innecesarios. Detecta el movimiento de personas y animales alrededor del sensor, proporcionando notificaciones oportunas cuando no est\u00e1s en casa, incluso si est\u00e1s de vacaciones. (Nota: elige configuraci\u00f3n, toca en la esquina superior derecha de la aplicaci\u00f3n Smart Life y activa la notificaci\u00f3n push .)<\/h5>\n<h5 style=\"text-align: left;\">2.Monitoreo remoto en tiempo real: cuando y donde quiera que est\u00e9, una vez que PIR detecte que hay personas o animales en movimiento, recibir\u00e1 una notificaci\u00f3n por tel\u00e9fono inteligente. Mant\u00e9n tu casa segura todo el tiempo.<\/h5>\n<h5 style=\"text-align: left;\">3. Compartir dispositivo: puede compartir su sensor agregado con sus familiares o amigos, para que puedan ayudarlo a monitorear la casa junto con usted.<\/h5>\n<h5 style=\"text-align: left;\">4.F\u00e1cil de operar: no requiere concentrador y simplemente descargue la aplicaci\u00f3n &quot;Smart life&quot; en iOS y Android.<\/h5>\n<h5 style=\"text-align: left;\">5. Bater\u00eda de espera prolongada: alimentada por 2 bater\u00edas de 1,5 V (no incluidas) con tiempo de espera ultralargo.<\/h5>\n<p style=\"text-align: left;\">","protected":false},"excerpt":{"rendered":"<h5>Detecta el movimiento de personas y animales alrededor del sensor, proporcionando notificaciones oportunas cuando no est\u00e1s en casa.<\/h5>","protected":false},"featured_media":930,"comment_status":"open","ping_status":"closed","template":"","meta":[],"product_brand":[],"product_cat":[16],"product_tag":[],"class_list":{"0":"post-922","1":"product","2":"type-product","3":"status-publish","4":"has-post-thumbnail","6":"product_cat-smart-sensor","8":"first","9":"instock","10":"shipping-taxable","11":"purchasable","12":"product-type-simple"},"_links":{"self":[{"href":"https:\/\/www.slsele.com\/es\/wp-json\/wp\/v2\/product\/922","targetHints":{"allow":["GET"]}}],"collection":[{"href":"https:\/\/www.slsele.com\/es\/wp-json\/wp\/v2\/product"}],"about":[{"href":"https:\/\/www.slsele.com\/es\/wp-json\/wp\/v2\/types\/product"}],"replies":[{"embeddable":true,"href":"https:\/\/www.slsele.com\/es\/wp-json\/wp\/v2\/comments?post=922"}],"wp:featuredmedia":[{"embeddable":true,"href":"https:\/\/www.slsele.com\/es\/wp-json\/wp\/v2\/media\/930"}],"wp:attachment":[{"href":"https:\/\/www.slsele.com\/es\/wp-json\/wp\/v2\/media?parent=922"}],"wp:term":[{"taxonomy":"product_brand","embeddable":true,"href":"https:\/\/www.slsele.com\/es\/wp-json\/wp\/v2\/product_brand?post=922"},{"taxonomy":"product_cat","embeddable":true,"href":"https:\/\/www.slsele.com\/es\/wp-json\/wp\/v2\/product_cat?post=922"},{"taxonomy":"product_tag","embeddable":true,"href":"https:\/\/www.slsele.com\/es\/wp-json\/wp\/v2\/product_tag?post=922"}],"curies":[{"name":"wp","href":"https:\/\/api.w.org\/{rel}","templated":true}]}}