{"id":869,"date":"2024-03-26T15:09:41","date_gmt":"2024-03-26T07:09:41","guid":{"rendered":"https:\/\/slsele.com\/?post_type=product&#038;p=869"},"modified":"2024-08-01T13:38:37","modified_gmt":"2024-08-01T05:38:37","slug":"tuya-smart-bluetooth-tracker","status":"publish","type":"product","link":"https:\/\/www.slsele.com\/es\/producto\/tuya-smart-bluetooth-tracker\/","title":{"rendered":"Rastreador Bluetooth inteligente Tuya"},"content":{"rendered":"<h5><\/h5>\n<h5><img loading=\"lazy\" decoding=\"async\" class=\"alignnone size-medium wp-image-882\" src=\"https:\/\/slsele.com\/wp-content\/uploads\/2024\/03\/\u84dd\u7259\u8ffd\u8e2a\u5668-13-300x300.jpg\" alt=\"\" width=\"300\" height=\"300\" srcset=\"https:\/\/www.slsele.com\/wp-content\/uploads\/2024\/03\/\u84dd\u7259\u8ffd\u8e2a\u5668-13-300x300.jpg 300w, https:\/\/www.slsele.com\/wp-content\/uploads\/2024\/03\/\u84dd\u7259\u8ffd\u8e2a\u5668-13-150x150.jpg 150w, https:\/\/www.slsele.com\/wp-content\/uploads\/2024\/03\/\u84dd\u7259\u8ffd\u8e2a\u5668-13-12x12.jpg 12w, https:\/\/www.slsele.com\/wp-content\/uploads\/2024\/03\/\u84dd\u7259\u8ffd\u8e2a\u5668-13-100x100.jpg 100w, https:\/\/www.slsele.com\/wp-content\/uploads\/2024\/03\/\u84dd\u7259\u8ffd\u8e2a\u5668-13-50x50.jpg 50w, https:\/\/www.slsele.com\/wp-content\/uploads\/2024\/03\/\u84dd\u7259\u8ffd\u8e2a\u5668-13.jpg 452w\" sizes=\"auto, (max-width: 300px) 100vw, 300px\" \/><img loading=\"lazy\" decoding=\"async\" class=\"alignnone size-medium wp-image-881\" src=\"https:\/\/slsele.com\/wp-content\/uploads\/2024\/03\/\u84dd\u7259\u8ffd\u8e2a\u5668-12-300x300.jpg\" alt=\"\" width=\"300\" height=\"300\" srcset=\"https:\/\/www.slsele.com\/wp-content\/uploads\/2024\/03\/\u84dd\u7259\u8ffd\u8e2a\u5668-12-300x300.jpg 300w, https:\/\/www.slsele.com\/wp-content\/uploads\/2024\/03\/\u84dd\u7259\u8ffd\u8e2a\u5668-12-150x150.jpg 150w, https:\/\/www.slsele.com\/wp-content\/uploads\/2024\/03\/\u84dd\u7259\u8ffd\u8e2a\u5668-12-12x12.jpg 12w, https:\/\/www.slsele.com\/wp-content\/uploads\/2024\/03\/\u84dd\u7259\u8ffd\u8e2a\u5668-12-100x100.jpg 100w, https:\/\/www.slsele.com\/wp-content\/uploads\/2024\/03\/\u84dd\u7259\u8ffd\u8e2a\u5668-12-50x50.jpg 50w, https:\/\/www.slsele.com\/wp-content\/uploads\/2024\/03\/\u84dd\u7259\u8ffd\u8e2a\u5668-12.jpg 455w\" sizes=\"auto, (max-width: 300px) 100vw, 300px\" \/><\/h5>\n<h5 style=\"text-align: left;\">1.Rastreador de ubicaci\u00f3n inteligente:<\/h5>\n<h5 style=\"text-align: left;\">F\u00e1cilmente a trav\u00e9s de la ubicaci\u00f3n del tel\u00e9fono m\u00f3vil y mensajes de voz para ayudarle a encontrar sus carteras, mascotas, llaves, equipaje, etc.<\/h5>\n<h5 style=\"text-align: left;\"><\/h5>\n<h5 style=\"text-align: left;\">2.Funciona con Tuya y Smart Life:<\/h5>\n<h5 style=\"text-align: left;\">\u00a0Us\u00f3 la aplicaci\u00f3n Tuya o Smartlife de su tel\u00e9fono para ayudarlo a ubicar sus art\u00edculos y tambi\u00e9n puede lograr un posicionamiento bidireccional entre su tel\u00e9fono y este buscador.<\/h5>\n<h5 style=\"text-align: left;\"><\/h5>\n<h5 style=\"text-align: left;\">3. Enlace estable Wifi+Ble<\/h5>\n<h5 style=\"text-align: left;\">Mientras conecta el dispositivo con el Wifi del tel\u00e9fono m\u00f3vil, el chip BLE integrado de la serie super 5.0 puede encontrarlo r\u00e1pidamente, el alcance del enlace es de hasta 50M.<\/h5>\n<h5 style=\"text-align: left;\"><\/h5>\n<h5 style=\"text-align: left;\">4.B\u00fasqueda bidireccional<\/h5>\n<h5 style=\"text-align: left;\">El tel\u00e9fono m\u00f3vil puede buscar un dispositivo antip\u00e9rdida, el dispositivo antip\u00e9rdida tambi\u00e9n puede encontrar tel\u00e9fonos m\u00f3viles<\/h5>\n<h5 style=\"text-align: left;\"><\/h5>\n<h5 style=\"text-align: left;\">5. Admite logotipo y embalaje personalizados<\/h5>\n<h5 style=\"text-align: left;\"><\/h5>\n<h5 style=\"text-align: left;\">6.Puede reemplazar la bater\u00eda y el tiempo de espera prolongado<\/h5>\n<h5 style=\"text-align: left;\">La bater\u00eda CR2032 se usa com\u00fanmente en el mundo y se puede reemplazar f\u00e1cilmente. La duraci\u00f3n de la bater\u00eda puede durar de 3 a 6 meses.<\/h5>\n<h5 style=\"text-align: left;\"><\/h5>\n<h5 style=\"text-align: left;\">7.Buscador de anillos Sart<\/h5>\n<h5 style=\"text-align: left;\">Haga clic en el \u00edcono de campana en la aplicaci\u00f3n para hacer sonar el buscador inteligente que se puede adjuntar a sus art\u00edculos valiosos como llaves, billeteras, carteras, equipaje, c\u00e1maras, bicicletas, tabletas, mochilas, etc.<\/h5>\n<h5 style=\"text-align: left;\"><\/h5>\n<h5 style=\"text-align: left;\">8.Haga sonar su tel\u00e9fono:<\/h5>\n<h5 style=\"text-align: left;\">Haga doble clic en el bot\u00f3n del buscador inteligente para que suene su tel\u00e9fono. Esto puede ayudarte a encontrar tu tel\u00e9fono en segundos, incluso si est\u00e1 en modo silencioso.<\/h5>\n<h5 style=\"text-align: left;\"><\/h5>","protected":false},"excerpt":{"rendered":"<h5><strong><b>TUYA <\/b><\/strong><strong><b>Elegante<\/b><\/strong><strong><b>\u00a0Bluetooth<\/b><\/strong><strong><b>\u00a0Localizador buscador de llaves, rastreador GPS inal\u00e1mbrico port\u00e1til redondo, Mini dispositivo de seguimiento GPS para perros, rastreador Antip\u00e9rdida para mascotas<\/b><\/strong><\/h5>","protected":false},"featured_media":870,"comment_status":"open","ping_status":"closed","template":"","meta":[],"product_brand":[],"product_cat":[16],"product_tag":[33],"class_list":{"0":"post-869","1":"product","2":"type-product","3":"status-publish","4":"has-post-thumbnail","6":"product_cat-smart-sensor","7":"product_tag-bluetooth-finder-locator-anti-lost-tracker","9":"first","10":"instock","11":"sale","12":"shipping-taxable","13":"purchasable","14":"product-type-simple"},"_links":{"self":[{"href":"https:\/\/www.slsele.com\/es\/wp-json\/wp\/v2\/product\/869","targetHints":{"allow":["GET"]}}],"collection":[{"href":"https:\/\/www.slsele.com\/es\/wp-json\/wp\/v2\/product"}],"about":[{"href":"https:\/\/www.slsele.com\/es\/wp-json\/wp\/v2\/types\/product"}],"replies":[{"embeddable":true,"href":"https:\/\/www.slsele.com\/es\/wp-json\/wp\/v2\/comments?post=869"}],"wp:featuredmedia":[{"embeddable":true,"href":"https:\/\/www.slsele.com\/es\/wp-json\/wp\/v2\/media\/870"}],"wp:attachment":[{"href":"https:\/\/www.slsele.com\/es\/wp-json\/wp\/v2\/media?parent=869"}],"wp:term":[{"taxonomy":"product_brand","embeddable":true,"href":"https:\/\/www.slsele.com\/es\/wp-json\/wp\/v2\/product_brand?post=869"},{"taxonomy":"product_cat","embeddable":true,"href":"https:\/\/www.slsele.com\/es\/wp-json\/wp\/v2\/product_cat?post=869"},{"taxonomy":"product_tag","embeddable":true,"href":"https:\/\/www.slsele.com\/es\/wp-json\/wp\/v2\/product_tag?post=869"}],"curies":[{"name":"wp","href":"https:\/\/api.w.org\/{rel}","templated":true}]}}