{"id":4498,"date":"2024-12-17T14:34:00","date_gmt":"2024-12-17T06:34:00","guid":{"rendered":"https:\/\/www.slsele.com\/?post_type=product&#038;p=4498"},"modified":"2024-12-24T16:47:31","modified_gmt":"2024-12-24T08:47:31","slug":"sls-gas-boiler-wireless-thermostat","status":"publish","type":"product","link":"https:\/\/www.slsele.com\/es\/producto\/sls-gas-boiler-wireless-thermostat\/","title":{"rendered":"Termostato inal\u00e1mbrico para calderas de gas SLS"},"content":{"rendered":"<h2 style=\"text-align: center;\">Termostato inal\u00e1mbrico para caldera de gas Controlador inteligente de temperatura ambiente<\/h2>\n<h3 style=\"font-size: 25px; text-align: left;\">Descripci\u00f3n<\/h3>\n<p style=\"text-align: left;\">El termostato inal\u00e1mbrico para caldera de gas tiene una pantalla digital LCD. Se suministra con tres pilas AA de 1,5 V o puede enchufarse mediante un cable de carga de tipo C. Sirve para regular la temperatura controlando el arranque o la parada de la caldera. El termostato detecta la temperatura ambiente y controla la caldera para que empiece a funcionar cuando la temperatura ambiente real es inferior a la temperatura ajustada. Cuando la temperatura ambiente supera la temperatura establecida, el termostato controla la caldera para que deje de funcionar.<\/p>\n<p style=\"text-align: left;\"><img loading=\"lazy\" decoding=\"async\" class=\"aligncenter size-full wp-image-4502\" src=\"https:\/\/www.slsele.com\/wp-content\/uploads\/2024\/12\/gas-boiler-wireless-thermostat.gif\" alt=\"El uso de un termostato inal\u00e1mbrico de caldera de gas\" width=\"600\" height=\"338\" \/>Si quieres un termostato inteligente dise\u00f1ado espec\u00edficamente para calentar agua o calentadores el\u00e9ctricos, <span style=\"text-decoration: underline; color: #0000ff;\"><a style=\"color: #0000ff; text-decoration: underline;\" href=\"https:\/\/www.slsele.com\/es\/producto\/sls-electric-heater-wifi-thermostat\/\">pulse aqu\u00ed<\/a><\/span>.<\/p>\n<h3 style=\"font-size: 25px; text-align: left;\"><img loading=\"lazy\" decoding=\"async\" class=\"aligncenter size-large wp-image-4493\" src=\"https:\/\/www.slsele.com\/wp-content\/uploads\/2024\/12\/thermostat-detailed-picture-1-652x1024.webp\" alt=\"Termostato inal\u00e1mbrico para caldera de gas con botones sensibles y control preciso de la temperatura.\" width=\"652\" height=\"1024\" srcset=\"https:\/\/www.slsele.com\/wp-content\/uploads\/2024\/12\/thermostat-detailed-picture-1-652x1024.webp 652w, https:\/\/www.slsele.com\/wp-content\/uploads\/2024\/12\/thermostat-detailed-picture-1-191x300.webp 191w, https:\/\/www.slsele.com\/wp-content\/uploads\/2024\/12\/thermostat-detailed-picture-1-768x1205.webp 768w, https:\/\/www.slsele.com\/wp-content\/uploads\/2024\/12\/thermostat-detailed-picture-1-8x12.webp 8w, https:\/\/www.slsele.com\/wp-content\/uploads\/2024\/12\/thermostat-detailed-picture-1-700x1099.webp 700w, https:\/\/www.slsele.com\/wp-content\/uploads\/2024\/12\/thermostat-detailed-picture-1-600x942.webp 600w, https:\/\/www.slsele.com\/wp-content\/uploads\/2024\/12\/thermostat-detailed-picture-1.webp 790w\" sizes=\"auto, (max-width: 652px) 100vw, 652px\" \/><img loading=\"lazy\" decoding=\"async\" class=\"aligncenter wp-image-4494\" src=\"https:\/\/www.slsele.com\/wp-content\/uploads\/2024\/12\/thermostat-detailed-picture-2.webp\" alt=\"Termostato inal\u00e1mbrico para caldera de gas con mando a distancia por radiofrecuencia, con alcance de 30 m y calefacci\u00f3n por suelo radiante de agua\" width=\"654\" height=\"654\" srcset=\"https:\/\/www.slsele.com\/wp-content\/uploads\/2024\/12\/thermostat-detailed-picture-2.webp 720w, https:\/\/www.slsele.com\/wp-content\/uploads\/2024\/12\/thermostat-detailed-picture-2-300x300.webp 300w, https:\/\/www.slsele.com\/wp-content\/uploads\/2024\/12\/thermostat-detailed-picture-2-150x150.webp 150w, https:\/\/www.slsele.com\/wp-content\/uploads\/2024\/12\/thermostat-detailed-picture-2-12x12.webp 12w, https:\/\/www.slsele.com\/wp-content\/uploads\/2024\/12\/thermostat-detailed-picture-2-570x570.webp 570w, https:\/\/www.slsele.com\/wp-content\/uploads\/2024\/12\/thermostat-detailed-picture-2-500x500.webp 500w, https:\/\/www.slsele.com\/wp-content\/uploads\/2024\/12\/thermostat-detailed-picture-2-700x700.webp 700w, https:\/\/www.slsele.com\/wp-content\/uploads\/2024\/12\/thermostat-detailed-picture-2-600x600.webp 600w, https:\/\/www.slsele.com\/wp-content\/uploads\/2024\/12\/thermostat-detailed-picture-2-100x100.webp 100w, https:\/\/www.slsele.com\/wp-content\/uploads\/2024\/12\/thermostat-detailed-picture-2-50x50.webp 50w\" sizes=\"auto, (max-width: 654px) 100vw, 654px\" \/><img loading=\"lazy\" decoding=\"async\" class=\"aligncenter wp-image-4495\" src=\"https:\/\/www.slsele.com\/wp-content\/uploads\/2024\/12\/thermostat-detailed-picture-3-1024x1024.webp\" alt=\"Termostato inal\u00e1mbrico para caldera de gas con horarios de calefacci\u00f3n basados en rutinas diarias, con modo autom\u00e1tico y temperaturas programables para d\u00edas laborables y fines de semana.\" width=\"656\" height=\"656\" srcset=\"https:\/\/www.slsele.com\/wp-content\/uploads\/2024\/12\/thermostat-detailed-picture-3-1024x1024.webp 1024w, https:\/\/www.slsele.com\/wp-content\/uploads\/2024\/12\/thermostat-detailed-picture-3-300x300.webp 300w, https:\/\/www.slsele.com\/wp-content\/uploads\/2024\/12\/thermostat-detailed-picture-3-150x150.webp 150w, https:\/\/www.slsele.com\/wp-content\/uploads\/2024\/12\/thermostat-detailed-picture-3-768x768.webp 768w, https:\/\/www.slsele.com\/wp-content\/uploads\/2024\/12\/thermostat-detailed-picture-3-1536x1536.webp 1536w, https:\/\/www.slsele.com\/wp-content\/uploads\/2024\/12\/thermostat-detailed-picture-3-12x12.webp 12w, https:\/\/www.slsele.com\/wp-content\/uploads\/2024\/12\/thermostat-detailed-picture-3-570x570.webp 570w, https:\/\/www.slsele.com\/wp-content\/uploads\/2024\/12\/thermostat-detailed-picture-3-500x500.webp 500w, https:\/\/www.slsele.com\/wp-content\/uploads\/2024\/12\/thermostat-detailed-picture-3-1000x1000.webp 1000w, https:\/\/www.slsele.com\/wp-content\/uploads\/2024\/12\/thermostat-detailed-picture-3-700x700.webp 700w, https:\/\/www.slsele.com\/wp-content\/uploads\/2024\/12\/thermostat-detailed-picture-3-600x600.webp 600w, https:\/\/www.slsele.com\/wp-content\/uploads\/2024\/12\/thermostat-detailed-picture-3-100x100.webp 100w, https:\/\/www.slsele.com\/wp-content\/uploads\/2024\/12\/thermostat-detailed-picture-3-50x50.webp 50w, https:\/\/www.slsele.com\/wp-content\/uploads\/2024\/12\/thermostat-detailed-picture-3.webp 1600w\" sizes=\"auto, (max-width: 656px) 100vw, 656px\" \/><img loading=\"lazy\" decoding=\"async\" class=\"aligncenter size-large wp-image-4496\" src=\"https:\/\/www.slsele.com\/wp-content\/uploads\/2024\/12\/thermostat-detailed-picture-4-652x1024.webp\" alt=\"Termostato inal\u00e1mbrico para caldera de gas con funci\u00f3n de programaci\u00f3n semanal para d\u00edas laborables y d\u00edas de descanso, permitiendo diferentes temperaturas para cada periodo con ciclo autom\u00e1tico.\" width=\"652\" height=\"1024\" srcset=\"https:\/\/www.slsele.com\/wp-content\/uploads\/2024\/12\/thermostat-detailed-picture-4-652x1024.webp 652w, https:\/\/www.slsele.com\/wp-content\/uploads\/2024\/12\/thermostat-detailed-picture-4-191x300.webp 191w, https:\/\/www.slsele.com\/wp-content\/uploads\/2024\/12\/thermostat-detailed-picture-4-768x1205.webp 768w, https:\/\/www.slsele.com\/wp-content\/uploads\/2024\/12\/thermostat-detailed-picture-4-8x12.webp 8w, https:\/\/www.slsele.com\/wp-content\/uploads\/2024\/12\/thermostat-detailed-picture-4-700x1099.webp 700w, https:\/\/www.slsele.com\/wp-content\/uploads\/2024\/12\/thermostat-detailed-picture-4-600x942.webp 600w, https:\/\/www.slsele.com\/wp-content\/uploads\/2024\/12\/thermostat-detailed-picture-4.webp 790w\" sizes=\"auto, (max-width: 652px) 100vw, 652px\" \/><img loading=\"lazy\" decoding=\"async\" class=\"aligncenter size-large wp-image-4497\" src=\"https:\/\/www.slsele.com\/wp-content\/uploads\/2024\/12\/thermostat-detailed-picture-5-652x1024.webp\" alt=\"El termostato inal\u00e1mbrico de la caldera de gas puede fijar la temperatura interior, apagar el fuego cuando alcance la temperatura fijada y encenderlo cuando sea inferior a la temperatura fijada.\" width=\"652\" height=\"1024\" srcset=\"https:\/\/www.slsele.com\/wp-content\/uploads\/2024\/12\/thermostat-detailed-picture-5-652x1024.webp 652w, https:\/\/www.slsele.com\/wp-content\/uploads\/2024\/12\/thermostat-detailed-picture-5-191x300.webp 191w, https:\/\/www.slsele.com\/wp-content\/uploads\/2024\/12\/thermostat-detailed-picture-5-768x1205.webp 768w, https:\/\/www.slsele.com\/wp-content\/uploads\/2024\/12\/thermostat-detailed-picture-5-8x12.webp 8w, https:\/\/www.slsele.com\/wp-content\/uploads\/2024\/12\/thermostat-detailed-picture-5-700x1099.webp 700w, https:\/\/www.slsele.com\/wp-content\/uploads\/2024\/12\/thermostat-detailed-picture-5-600x942.webp 600w, https:\/\/www.slsele.com\/wp-content\/uploads\/2024\/12\/thermostat-detailed-picture-5.webp 790w\" sizes=\"auto, (max-width: 652px) 100vw, 652px\" \/> <img loading=\"lazy\" decoding=\"async\" class=\"aligncenter size-large wp-image-4482\" src=\"https:\/\/www.slsele.com\/wp-content\/uploads\/2024\/12\/thermostat-detailed-picture-6-652x1024.webp\" alt=\"Termostato inal\u00e1mbrico para caldera de gas con modo anticongelante inteligente para evitar la congelaci\u00f3n.\" width=\"652\" height=\"1024\" srcset=\"https:\/\/www.slsele.com\/wp-content\/uploads\/2024\/12\/thermostat-detailed-picture-6-652x1024.webp 652w, https:\/\/www.slsele.com\/wp-content\/uploads\/2024\/12\/thermostat-detailed-picture-6-191x300.webp 191w, https:\/\/www.slsele.com\/wp-content\/uploads\/2024\/12\/thermostat-detailed-picture-6-768x1205.webp 768w, https:\/\/www.slsele.com\/wp-content\/uploads\/2024\/12\/thermostat-detailed-picture-6-8x12.webp 8w, https:\/\/www.slsele.com\/wp-content\/uploads\/2024\/12\/thermostat-detailed-picture-6-700x1099.webp 700w, https:\/\/www.slsele.com\/wp-content\/uploads\/2024\/12\/thermostat-detailed-picture-6-600x942.webp 600w, https:\/\/www.slsele.com\/wp-content\/uploads\/2024\/12\/thermostat-detailed-picture-6.webp 790w\" sizes=\"auto, (max-width: 652px) 100vw, 652px\" \/><img loading=\"lazy\" decoding=\"async\" class=\"aligncenter size-large wp-image-4483\" src=\"https:\/\/www.slsele.com\/wp-content\/uploads\/2024\/12\/thermostat-detailed-picture-7-674x1024.webp\" alt=\"Termostato inal\u00e1mbrico para caldera de gas con base y cable de se\u00f1al para facilitar su colocaci\u00f3n y conexi\u00f3n.\" width=\"674\" height=\"1024\" srcset=\"https:\/\/www.slsele.com\/wp-content\/uploads\/2024\/12\/thermostat-detailed-picture-7-674x1024.webp 674w, https:\/\/www.slsele.com\/wp-content\/uploads\/2024\/12\/thermostat-detailed-picture-7-198x300.webp 198w, https:\/\/www.slsele.com\/wp-content\/uploads\/2024\/12\/thermostat-detailed-picture-7-768x1167.webp 768w, https:\/\/www.slsele.com\/wp-content\/uploads\/2024\/12\/thermostat-detailed-picture-7-8x12.webp 8w, https:\/\/www.slsele.com\/wp-content\/uploads\/2024\/12\/thermostat-detailed-picture-7-700x1063.webp 700w, https:\/\/www.slsele.com\/wp-content\/uploads\/2024\/12\/thermostat-detailed-picture-7-600x911.webp 600w, https:\/\/www.slsele.com\/wp-content\/uploads\/2024\/12\/thermostat-detailed-picture-7.webp 790w\" sizes=\"auto, (max-width: 674px) 100vw, 674px\" \/>Caracter\u00edsticas principales<\/h3>\n<ol>\n<li style=\"text-align: left;\">F\u00e1cil de instalar en la pared o de pie en alg\u00fan lugar: Termostato inal\u00e1mbrico para caldera de gas con base y cable de se\u00f1al para facilitar su colocaci\u00f3n y conexi\u00f3n.<\/li>\n<li style=\"text-align: left;\">Inal\u00e1mbrico, funciona con pilas AA y se puede colocar donde quieras.<\/li>\n<li style=\"text-align: left;\">5+2 semanas programables: Termostato inal\u00e1mbrico para caldera de gas con funci\u00f3n de programaci\u00f3n semanal para d\u00edas laborables y d\u00edas de descanso, permitiendo diferentes temperaturas para cada periodo con ciclo autom\u00e1tico.<\/li>\n<li style=\"text-align: left;\">Bloqueo para ni\u00f1os para evitar maniobras indebidas.<\/li>\n<li style=\"text-align: left;\">Funci\u00f3n anticongelante: El termostato inal\u00e1mbrico para la caldera mural de gas tiene una funci\u00f3n anticongelante inteligente. Despu\u00e9s de encender el modo anticongelante puede evitar que las tuber\u00edas de calefacci\u00f3n y la caldera mural se congelen y se da\u00f1en a temperatura normal, incluso si est\u00e1 fuera de casa durante mucho tiempo.<\/li>\n<li style=\"text-align: left;\">Interfaz de tipo C.<\/li>\n<\/ol>\n<h3 style=\"text-align: left;\">Diagrama de cableado<\/h3>\n<h3 style=\"text-align: left;\"><img loading=\"lazy\" decoding=\"async\" class=\"aligncenter size-large wp-image-4488\" src=\"https:\/\/www.slsele.com\/wp-content\/uploads\/2024\/12\/thermostat-product-wiring-diagram-652x1024.webp\" alt=\"Esquema el\u00e9ctrico del termostato inal\u00e1mbrico para caldera de gas con conexiones de contacto seco K1 y K2.\" width=\"652\" height=\"1024\" srcset=\"https:\/\/www.slsele.com\/wp-content\/uploads\/2024\/12\/thermostat-product-wiring-diagram-652x1024.webp 652w, https:\/\/www.slsele.com\/wp-content\/uploads\/2024\/12\/thermostat-product-wiring-diagram-191x300.webp 191w, https:\/\/www.slsele.com\/wp-content\/uploads\/2024\/12\/thermostat-product-wiring-diagram-768x1205.webp 768w, https:\/\/www.slsele.com\/wp-content\/uploads\/2024\/12\/thermostat-product-wiring-diagram-8x12.webp 8w, https:\/\/www.slsele.com\/wp-content\/uploads\/2024\/12\/thermostat-product-wiring-diagram-700x1099.webp 700w, https:\/\/www.slsele.com\/wp-content\/uploads\/2024\/12\/thermostat-product-wiring-diagram-600x942.webp 600w, https:\/\/www.slsele.com\/wp-content\/uploads\/2024\/12\/thermostat-product-wiring-diagram.webp 790w\" sizes=\"auto, (max-width: 652px) 100vw, 652px\" \/>Especificaciones<\/h3>\n<ol>\n<li style=\"text-align: left;\">Color blanco<\/li>\n<li style=\"text-align: left;\">Sensor de temperatura: NTC<\/li>\n<li style=\"text-align: left;\">Precisi\u00f3n de temperatura: \u00b11\u2103<\/li>\n<li style=\"text-align: left;\">Voltaje: Tres pilas de 1,5 V<\/li>\n<li style=\"text-align: left;\">Corriente de carga: 3A (resistiva)<\/li>\n<li style=\"text-align: left;\">Consumo de energ\u00eda: &lt;170u vatios<\/li>\n<li style=\"text-align: left;\">Nivel de protecci\u00f3n: IP20<\/li>\n<li style=\"text-align: left;\">Rango de control de temperatura: 35~95\u2103 (60\u2103)<\/li>\n<\/ol>\n<h3 style=\"text-align: left;\">Envases y accesorios<\/h3>\n<p><img loading=\"lazy\" decoding=\"async\" class=\"aligncenter size-full wp-image-4485\" src=\"https:\/\/www.slsele.com\/wp-content\/uploads\/2024\/12\/thermostat-packaging-list-2.webp\" alt=\"Embalaje exterior para termostato inal\u00e1mbrico de caldera de gas.\" width=\"1000\" height=\"750\" srcset=\"https:\/\/www.slsele.com\/wp-content\/uploads\/2024\/12\/thermostat-packaging-list-2.webp 1000w, https:\/\/www.slsele.com\/wp-content\/uploads\/2024\/12\/thermostat-packaging-list-2-300x225.webp 300w, https:\/\/www.slsele.com\/wp-content\/uploads\/2024\/12\/thermostat-packaging-list-2-768x576.webp 768w, https:\/\/www.slsele.com\/wp-content\/uploads\/2024\/12\/thermostat-packaging-list-2-16x12.webp 16w, https:\/\/www.slsele.com\/wp-content\/uploads\/2024\/12\/thermostat-packaging-list-2-800x600.webp 800w, https:\/\/www.slsele.com\/wp-content\/uploads\/2024\/12\/thermostat-packaging-list-2-700x525.webp 700w, https:\/\/www.slsele.com\/wp-content\/uploads\/2024\/12\/thermostat-packaging-list-2-600x450.webp 600w\" sizes=\"auto, (max-width: 1000px) 100vw, 1000px\" \/><img loading=\"lazy\" decoding=\"async\" class=\"aligncenter size-full wp-image-4484\" src=\"https:\/\/www.slsele.com\/wp-content\/uploads\/2024\/12\/thermostat-packaging-list-1.webp\" alt=\"Termostato inal\u00e1mbrico para caldera de gas con embalaje, cableado y manual de instrucciones.\" width=\"1000\" height=\"750\" srcset=\"https:\/\/www.slsele.com\/wp-content\/uploads\/2024\/12\/thermostat-packaging-list-1.webp 1000w, https:\/\/www.slsele.com\/wp-content\/uploads\/2024\/12\/thermostat-packaging-list-1-300x225.webp 300w, https:\/\/www.slsele.com\/wp-content\/uploads\/2024\/12\/thermostat-packaging-list-1-768x576.webp 768w, https:\/\/www.slsele.com\/wp-content\/uploads\/2024\/12\/thermostat-packaging-list-1-16x12.webp 16w, https:\/\/www.slsele.com\/wp-content\/uploads\/2024\/12\/thermostat-packaging-list-1-800x600.webp 800w, https:\/\/www.slsele.com\/wp-content\/uploads\/2024\/12\/thermostat-packaging-list-1-700x525.webp 700w, https:\/\/www.slsele.com\/wp-content\/uploads\/2024\/12\/thermostat-packaging-list-1-600x450.webp 600w\" sizes=\"auto, (max-width: 1000px) 100vw, 1000px\" \/><\/p>","protected":false},"excerpt":{"rendered":"<p style=\"margin: 0cm;\"><span lang=\"EN-US\" style=\"font-family: 'Times New Roman',serif; color: #0e101a;\">El termostato inal\u00e1mbrico para caldera de gas tiene una pantalla LCD. Funciona con pilas AA de 1,5 V o mediante carga de tipo C y controla el funcionamiento de la caldera para mantener una temperatura ambiente constante.<\/span><\/p>","protected":false},"featured_media":4487,"comment_status":"open","ping_status":"closed","template":"","meta":[],"product_brand":[],"product_cat":[59],"product_tag":[],"class_list":{"0":"post-4498","1":"product","2":"type-product","3":"status-publish","4":"has-post-thumbnail","6":"product_cat-other-smart-devices","8":"first","9":"instock","10":"shipping-taxable","11":"purchasable","12":"product-type-simple"},"_links":{"self":[{"href":"https:\/\/www.slsele.com\/es\/wp-json\/wp\/v2\/product\/4498","targetHints":{"allow":["GET"]}}],"collection":[{"href":"https:\/\/www.slsele.com\/es\/wp-json\/wp\/v2\/product"}],"about":[{"href":"https:\/\/www.slsele.com\/es\/wp-json\/wp\/v2\/types\/product"}],"replies":[{"embeddable":true,"href":"https:\/\/www.slsele.com\/es\/wp-json\/wp\/v2\/comments?post=4498"}],"wp:featuredmedia":[{"embeddable":true,"href":"https:\/\/www.slsele.com\/es\/wp-json\/wp\/v2\/media\/4487"}],"wp:attachment":[{"href":"https:\/\/www.slsele.com\/es\/wp-json\/wp\/v2\/media?parent=4498"}],"wp:term":[{"taxonomy":"product_brand","embeddable":true,"href":"https:\/\/www.slsele.com\/es\/wp-json\/wp\/v2\/product_brand?post=4498"},{"taxonomy":"product_cat","embeddable":true,"href":"https:\/\/www.slsele.com\/es\/wp-json\/wp\/v2\/product_cat?post=4498"},{"taxonomy":"product_tag","embeddable":true,"href":"https:\/\/www.slsele.com\/es\/wp-json\/wp\/v2\/product_tag?post=4498"}],"curies":[{"name":"wp","href":"https:\/\/api.w.org\/{rel}","templated":true}]}}