{"id":4426,"date":"2024-12-12T16:13:38","date_gmt":"2024-12-12T08:13:38","guid":{"rendered":"https:\/\/www.slsele.com\/?post_type=product&#038;p=4426"},"modified":"2024-12-12T17:47:31","modified_gmt":"2024-12-12T09:47:31","slug":"sls-wireless-water-tank-level-sensor","status":"publish","type":"product","link":"https:\/\/www.slsele.com\/es\/producto\/sls-wireless-water-tank-level-sensor\/","title":{"rendered":"Sensor inal\u00e1mbrico de nivel de dep\u00f3sito de agua SLS"},"content":{"rendered":"<h2 style=\"text-align: center; font-size: 28px;\">Sensor de nivel de dep\u00f3sito de agua Tuya Smart WiFi\/Zigbee<\/h2>\n<h3 style=\"font-size: 25px; text-align: left;\">Descripci\u00f3n<\/h3>\n<p style=\"text-align: left;\">Este sensor de nivel de tanque de agua inal\u00e1mbrico al aire libre naranja \u00fanico puede detectar el nivel de agua en el tanque de agua a trav\u00e9s de ondas ultras\u00f3nicas. Cuando el nivel de agua supera o cae por debajo del nivel del dep\u00f3sito de agua establecido, puede enviar alarmas en tiempo real de forma remota a trav\u00e9s de la APP del tel\u00e9fono m\u00f3vil sin tener que abrir el dep\u00f3sito de agua en persona para comprobarlo. WiFi con enchufe, Zigbee con enchufe (necesita estar equipado con pasarela Zigbee) y WiFi con generaci\u00f3n de energ\u00eda solar.<\/p>\n<h3 style=\"font-size: 25px; text-align: left;\"><img loading=\"lazy\" decoding=\"async\" class=\"aligncenter size-full wp-image-4409\" src=\"https:\/\/www.slsele.com\/wp-content\/uploads\/2024\/12\/detailed-picture-1.webp\" alt=\"Monitor ultras\u00f3nico de nivel de l\u00edquidos con control remoto mediante aplicaci\u00f3n m\u00f3vil, que muestra datos de nivel de agua en tiempo real en una aplicaci\u00f3n de smartphone para diversas aplicaciones, como dep\u00f3sitos, piscinas y sistemas de almacenamiento de agua.\" width=\"720\" height=\"720\" srcset=\"https:\/\/www.slsele.com\/wp-content\/uploads\/2024\/12\/detailed-picture-1.webp 720w, https:\/\/www.slsele.com\/wp-content\/uploads\/2024\/12\/detailed-picture-1-300x300.webp 300w, https:\/\/www.slsele.com\/wp-content\/uploads\/2024\/12\/detailed-picture-1-150x150.webp 150w, https:\/\/www.slsele.com\/wp-content\/uploads\/2024\/12\/detailed-picture-1-12x12.webp 12w, https:\/\/www.slsele.com\/wp-content\/uploads\/2024\/12\/detailed-picture-1-570x570.webp 570w, https:\/\/www.slsele.com\/wp-content\/uploads\/2024\/12\/detailed-picture-1-500x500.webp 500w, https:\/\/www.slsele.com\/wp-content\/uploads\/2024\/12\/detailed-picture-1-700x700.webp 700w, https:\/\/www.slsele.com\/wp-content\/uploads\/2024\/12\/detailed-picture-1-600x600.webp 600w, https:\/\/www.slsele.com\/wp-content\/uploads\/2024\/12\/detailed-picture-1-100x100.webp 100w, https:\/\/www.slsele.com\/wp-content\/uploads\/2024\/12\/detailed-picture-1-50x50.webp 50w\" sizes=\"auto, (max-width: 720px) 100vw, 720px\" \/><img loading=\"lazy\" decoding=\"async\" class=\"aligncenter size-full wp-image-4410\" src=\"https:\/\/www.slsele.com\/wp-content\/uploads\/2024\/12\/detailed-picture-2.webp\" alt=\"Sensor ultras\u00f3nico de nivel de dep\u00f3sito para monitorizaci\u00f3n remota m\u00f3vil, que permite comprobar el nivel de agua en tiempo real en cualquier momento y lugar a trav\u00e9s de una aplicaci\u00f3n para smartphone.\" width=\"800\" height=\"800\" srcset=\"https:\/\/www.slsele.com\/wp-content\/uploads\/2024\/12\/detailed-picture-2.webp 800w, https:\/\/www.slsele.com\/wp-content\/uploads\/2024\/12\/detailed-picture-2-300x300.webp 300w, https:\/\/www.slsele.com\/wp-content\/uploads\/2024\/12\/detailed-picture-2-150x150.webp 150w, https:\/\/www.slsele.com\/wp-content\/uploads\/2024\/12\/detailed-picture-2-768x768.webp 768w, https:\/\/www.slsele.com\/wp-content\/uploads\/2024\/12\/detailed-picture-2-12x12.webp 12w, https:\/\/www.slsele.com\/wp-content\/uploads\/2024\/12\/detailed-picture-2-570x570.webp 570w, https:\/\/www.slsele.com\/wp-content\/uploads\/2024\/12\/detailed-picture-2-500x500.webp 500w, https:\/\/www.slsele.com\/wp-content\/uploads\/2024\/12\/detailed-picture-2-700x700.webp 700w, https:\/\/www.slsele.com\/wp-content\/uploads\/2024\/12\/detailed-picture-2-600x600.webp 600w, https:\/\/www.slsele.com\/wp-content\/uploads\/2024\/12\/detailed-picture-2-100x100.webp 100w, https:\/\/www.slsele.com\/wp-content\/uploads\/2024\/12\/detailed-picture-2-50x50.webp 50w\" sizes=\"auto, (max-width: 800px) 100vw, 800px\" \/><\/h3>\n<h3 style=\"font-size: 25px; text-align: left;\">Ventaja de diferenciaci\u00f3n<\/h3>\n<p style=\"text-align: left;\">Los sensores ultras\u00f3nicos de nivel de tanques de agua se distinguen de los productos tradicionales por emplear una avanzada tecnolog\u00eda de detecci\u00f3n ultras\u00f3nica, que ofrece una medici\u00f3n sin contacto y precisa del nivel de agua que no se ve afectada por la calidad o la contaminaci\u00f3n del agua, lo que contrasta con el desgaste mec\u00e1nico y las posibles imprecisiones de los interruptores t\u00e1ctiles o los interruptores de desmontaje original. Estos sensores con m\u00f3dulos WiFi pueden supervisar los datos a distancia y proporcionar control y alarmas en tiempo real, lo que resulta mucho m\u00e1s c\u00f3modo que los anticuados pulsadores que requieren comprobaciones manuales. Adem\u00e1s, los sensores ultras\u00f3nicos son peque\u00f1os y ligeros, por lo que son m\u00e1s f\u00e1ciles de instalar y mantener que los voluminosos sensores tradicionales.<\/p>\n<h3 style=\"font-size: 25px; text-align: left;\"><img loading=\"lazy\" decoding=\"async\" class=\"aligncenter size-full wp-image-4411\" src=\"https:\/\/www.slsele.com\/wp-content\/uploads\/2024\/12\/detailed-picture-3.webp\" alt=\"Diferencias entre el sensor ultras\u00f3nico de nivel de dep\u00f3sito y otros productos: interruptor t\u00e1ctil frente a interruptor de desmontaje original, control por tel\u00e9fono m\u00f3vil frente a bot\u00f3n de clic de estilo antiguo, peque\u00f1o tama\u00f1o y pruebas ultras\u00f3nicas frente a gran volumen y peso.\" width=\"800\" height=\"800\" srcset=\"https:\/\/www.slsele.com\/wp-content\/uploads\/2024\/12\/detailed-picture-3.webp 800w, https:\/\/www.slsele.com\/wp-content\/uploads\/2024\/12\/detailed-picture-3-300x300.webp 300w, https:\/\/www.slsele.com\/wp-content\/uploads\/2024\/12\/detailed-picture-3-150x150.webp 150w, https:\/\/www.slsele.com\/wp-content\/uploads\/2024\/12\/detailed-picture-3-768x768.webp 768w, https:\/\/www.slsele.com\/wp-content\/uploads\/2024\/12\/detailed-picture-3-12x12.webp 12w, https:\/\/www.slsele.com\/wp-content\/uploads\/2024\/12\/detailed-picture-3-570x570.webp 570w, https:\/\/www.slsele.com\/wp-content\/uploads\/2024\/12\/detailed-picture-3-500x500.webp 500w, https:\/\/www.slsele.com\/wp-content\/uploads\/2024\/12\/detailed-picture-3-700x700.webp 700w, https:\/\/www.slsele.com\/wp-content\/uploads\/2024\/12\/detailed-picture-3-600x600.webp 600w, https:\/\/www.slsele.com\/wp-content\/uploads\/2024\/12\/detailed-picture-3-100x100.webp 100w, https:\/\/www.slsele.com\/wp-content\/uploads\/2024\/12\/detailed-picture-3-50x50.webp 50w\" sizes=\"auto, (max-width: 800px) 100vw, 800px\" \/>Escenarios de uso<\/h3>\n<p style=\"text-align: left;\">Sensor WiFi de nivel de dep\u00f3sitos de agua para controlar los niveles de agua en torres de agua p\u00fablicas, grandes dep\u00f3sitos de almacenamiento y dep\u00f3sitos de agua residenciales.<\/p>\n<p><img loading=\"lazy\" decoding=\"async\" class=\"aligncenter size-full wp-image-4422\" src=\"https:\/\/www.slsele.com\/wp-content\/uploads\/2024\/12\/usage-scenaries.webp\" alt=\"Sensor WiFi de nivel de dep\u00f3sitos de agua para controlar los niveles de agua en torres de agua p\u00fablicas, grandes dep\u00f3sitos de almacenamiento y dep\u00f3sitos de agua residenciales.\" width=\"800\" height=\"800\" srcset=\"https:\/\/www.slsele.com\/wp-content\/uploads\/2024\/12\/usage-scenaries.webp 800w, https:\/\/www.slsele.com\/wp-content\/uploads\/2024\/12\/usage-scenaries-300x300.webp 300w, https:\/\/www.slsele.com\/wp-content\/uploads\/2024\/12\/usage-scenaries-150x150.webp 150w, https:\/\/www.slsele.com\/wp-content\/uploads\/2024\/12\/usage-scenaries-768x768.webp 768w, https:\/\/www.slsele.com\/wp-content\/uploads\/2024\/12\/usage-scenaries-12x12.webp 12w, https:\/\/www.slsele.com\/wp-content\/uploads\/2024\/12\/usage-scenaries-570x570.webp 570w, https:\/\/www.slsele.com\/wp-content\/uploads\/2024\/12\/usage-scenaries-500x500.webp 500w, https:\/\/www.slsele.com\/wp-content\/uploads\/2024\/12\/usage-scenaries-700x700.webp 700w, https:\/\/www.slsele.com\/wp-content\/uploads\/2024\/12\/usage-scenaries-600x600.webp 600w, https:\/\/www.slsele.com\/wp-content\/uploads\/2024\/12\/usage-scenaries-100x100.webp 100w, https:\/\/www.slsele.com\/wp-content\/uploads\/2024\/12\/usage-scenaries-50x50.webp 50w\" sizes=\"auto, (max-width: 800px) 100vw, 800px\" \/><\/p>\n<h3 style=\"font-size: 25px; text-align: left;\">Pasos de instalaci\u00f3n<\/h3>\n<p style=\"text-align: left;\">1) Taladra agujeros en la tapa del dep\u00f3sito,<\/p>\n<p style=\"text-align: left;\">2) Colocar el sensor<\/p>\n<p style=\"text-align: left;\">3) Fije el sensor con tornillos.<\/p>\n<p style=\"text-align: left;\"><strong>Precauciones para el sensor ultras\u00f3nico de nivel del dep\u00f3sito de agua<\/strong>Mantenga el sensor perpendicular al l\u00edquido, inst\u00e1lelo lejos de la entrada de agua para evitar el pseudo-eco y aseg\u00farese de que el sensor no est\u00e1 cerca del mamparo para evitar un pseudo-eco fuerte.<\/p>\n<h3 style=\"font-size: 25px; text-align: left;\"><img loading=\"lazy\" decoding=\"async\" class=\"aligncenter wp-image-4412 size-full\" src=\"https:\/\/www.slsele.com\/wp-content\/uploads\/2024\/12\/intallation-step-1-e1733992642484.webp\" alt=\"Pasos de instalaci\u00f3n del sensor ultras\u00f3nico de nivel del dep\u00f3sito 1) Taladrar agujeros en la tapa del dep\u00f3sito, 2) Colocar el sensor, 3) Fijar el sensor con tornillos.\" width=\"800\" height=\"291\" srcset=\"https:\/\/www.slsele.com\/wp-content\/uploads\/2024\/12\/intallation-step-1-e1733992642484.webp 800w, https:\/\/www.slsele.com\/wp-content\/uploads\/2024\/12\/intallation-step-1-e1733992642484-300x109.webp 300w, https:\/\/www.slsele.com\/wp-content\/uploads\/2024\/12\/intallation-step-1-e1733992642484-768x279.webp 768w, https:\/\/www.slsele.com\/wp-content\/uploads\/2024\/12\/intallation-step-1-e1733992642484-18x7.webp 18w, https:\/\/www.slsele.com\/wp-content\/uploads\/2024\/12\/intallation-step-1-e1733992642484-700x255.webp 700w, https:\/\/www.slsele.com\/wp-content\/uploads\/2024\/12\/intallation-step-1-e1733992642484-600x218.webp 600w\" sizes=\"auto, (max-width: 800px) 100vw, 800px\" \/><img loading=\"lazy\" decoding=\"async\" class=\"aligncenter size-full wp-image-4413\" src=\"https:\/\/www.slsele.com\/wp-content\/uploads\/2024\/12\/intallation-step-2.webp\" alt=\"Precauciones de instalaci\u00f3n del sensor ultras\u00f3nico de nivel del dep\u00f3sito: mantenga el sensor perpendicular al l\u00edquido, inst\u00e1lelo alejado de la entrada de agua para evitar el pseudo-eco, y aseg\u00farese de que el sensor no est\u00e1 cerca del mamparo para evitar un pseudo-eco fuerte.\" width=\"800\" height=\"800\" srcset=\"https:\/\/www.slsele.com\/wp-content\/uploads\/2024\/12\/intallation-step-2.webp 800w, https:\/\/www.slsele.com\/wp-content\/uploads\/2024\/12\/intallation-step-2-300x300.webp 300w, https:\/\/www.slsele.com\/wp-content\/uploads\/2024\/12\/intallation-step-2-150x150.webp 150w, https:\/\/www.slsele.com\/wp-content\/uploads\/2024\/12\/intallation-step-2-768x768.webp 768w, https:\/\/www.slsele.com\/wp-content\/uploads\/2024\/12\/intallation-step-2-12x12.webp 12w, https:\/\/www.slsele.com\/wp-content\/uploads\/2024\/12\/intallation-step-2-570x570.webp 570w, https:\/\/www.slsele.com\/wp-content\/uploads\/2024\/12\/intallation-step-2-500x500.webp 500w, https:\/\/www.slsele.com\/wp-content\/uploads\/2024\/12\/intallation-step-2-700x700.webp 700w, https:\/\/www.slsele.com\/wp-content\/uploads\/2024\/12\/intallation-step-2-600x600.webp 600w, https:\/\/www.slsele.com\/wp-content\/uploads\/2024\/12\/intallation-step-2-100x100.webp 100w, https:\/\/www.slsele.com\/wp-content\/uploads\/2024\/12\/intallation-step-2-50x50.webp 50w\" sizes=\"auto, (max-width: 800px) 100vw, 800px\" \/><\/h3>\n<h3 style=\"font-size: 25px; text-align: left;\">Pasos para emparejar la APP<\/h3>\n<p style=\"text-align: left;\">1) Wi-Fi m\u00f3vil abierto<\/p>\n<p style=\"text-align: left;\">2) Abre Bluetooth y a\u00f1ade el dispositivo<\/p>\n<p style=\"text-align: left;\">3) Conectar el sensor de nivel ME201W<\/p>\n<p style=\"text-align: left;\">4) Introduzca la contrase\u00f1a Wi-Fi<\/p>\n<p style=\"text-align: left;\">5) Haga clic en el dispositivo Sensor de nivel ME201W<\/p>\n<p style=\"text-align: left;\">6) Introduzca la interfaz de nivel de l\u00edquido.<\/p>\n<h3 style=\"font-size: 25px; text-align: left;\"><img loading=\"lazy\" decoding=\"async\" class=\"aligncenter size-full wp-image-4407\" src=\"https:\/\/www.slsele.com\/wp-content\/uploads\/2024\/12\/APP-paring-steps-1.webp\" alt=\"Pasos de emparejamiento de la aplicaci\u00f3n del sensor de nivel de tanque: 1) Abrir Wi-Fi m\u00f3vil, 2) Abrir Bluetooth y a\u00f1adir dispositivo, 3) Conectar el sensor de nivel ME201W.\" width=\"800\" height=\"800\" srcset=\"https:\/\/www.slsele.com\/wp-content\/uploads\/2024\/12\/APP-paring-steps-1.webp 800w, https:\/\/www.slsele.com\/wp-content\/uploads\/2024\/12\/APP-paring-steps-1-300x300.webp 300w, https:\/\/www.slsele.com\/wp-content\/uploads\/2024\/12\/APP-paring-steps-1-150x150.webp 150w, https:\/\/www.slsele.com\/wp-content\/uploads\/2024\/12\/APP-paring-steps-1-768x768.webp 768w, https:\/\/www.slsele.com\/wp-content\/uploads\/2024\/12\/APP-paring-steps-1-12x12.webp 12w, https:\/\/www.slsele.com\/wp-content\/uploads\/2024\/12\/APP-paring-steps-1-570x570.webp 570w, https:\/\/www.slsele.com\/wp-content\/uploads\/2024\/12\/APP-paring-steps-1-500x500.webp 500w, https:\/\/www.slsele.com\/wp-content\/uploads\/2024\/12\/APP-paring-steps-1-700x700.webp 700w, https:\/\/www.slsele.com\/wp-content\/uploads\/2024\/12\/APP-paring-steps-1-600x600.webp 600w, https:\/\/www.slsele.com\/wp-content\/uploads\/2024\/12\/APP-paring-steps-1-100x100.webp 100w, https:\/\/www.slsele.com\/wp-content\/uploads\/2024\/12\/APP-paring-steps-1-50x50.webp 50w\" sizes=\"auto, (max-width: 800px) 100vw, 800px\" \/><img loading=\"lazy\" decoding=\"async\" class=\"aligncenter size-full wp-image-4408\" src=\"https:\/\/www.slsele.com\/wp-content\/uploads\/2024\/12\/APP-paring-steps-2.webp\" alt=\"Pasos de emparejamiento de la aplicaci\u00f3n del sensor de nivel de tanque: introduzca la contrase\u00f1a Wi-Fi, haga clic en el dispositivo ME201W Sensor de Nivel, y entre en la interfaz de nivel de l\u00edquido.\" width=\"800\" height=\"800\" srcset=\"https:\/\/www.slsele.com\/wp-content\/uploads\/2024\/12\/APP-paring-steps-2.webp 800w, https:\/\/www.slsele.com\/wp-content\/uploads\/2024\/12\/APP-paring-steps-2-300x300.webp 300w, https:\/\/www.slsele.com\/wp-content\/uploads\/2024\/12\/APP-paring-steps-2-150x150.webp 150w, https:\/\/www.slsele.com\/wp-content\/uploads\/2024\/12\/APP-paring-steps-2-768x768.webp 768w, https:\/\/www.slsele.com\/wp-content\/uploads\/2024\/12\/APP-paring-steps-2-12x12.webp 12w, https:\/\/www.slsele.com\/wp-content\/uploads\/2024\/12\/APP-paring-steps-2-570x570.webp 570w, https:\/\/www.slsele.com\/wp-content\/uploads\/2024\/12\/APP-paring-steps-2-500x500.webp 500w, https:\/\/www.slsele.com\/wp-content\/uploads\/2024\/12\/APP-paring-steps-2-700x700.webp 700w, https:\/\/www.slsele.com\/wp-content\/uploads\/2024\/12\/APP-paring-steps-2-600x600.webp 600w, https:\/\/www.slsele.com\/wp-content\/uploads\/2024\/12\/APP-paring-steps-2-100x100.webp 100w, https:\/\/www.slsele.com\/wp-content\/uploads\/2024\/12\/APP-paring-steps-2-50x50.webp 50w\" sizes=\"auto, (max-width: 800px) 100vw, 800px\" \/><\/h3>\n<h3 style=\"font-size: 25px; text-align: left;\">Par\u00e1metros<\/h3>\n<h3 style=\"font-size: 25px; text-align: left;\"><img loading=\"lazy\" decoding=\"async\" class=\"aligncenter wp-image-4420 size-full\" src=\"https:\/\/www.slsele.com\/wp-content\/uploads\/2024\/12\/size-1-e1733994629691.webp\" alt=\"El tama\u00f1o del sensor inal\u00e1mbrico de nivel del dep\u00f3sito de agua.\" width=\"800\" height=\"405\" srcset=\"https:\/\/www.slsele.com\/wp-content\/uploads\/2024\/12\/size-1-e1733994629691.webp 800w, https:\/\/www.slsele.com\/wp-content\/uploads\/2024\/12\/size-1-e1733994629691-300x152.webp 300w, https:\/\/www.slsele.com\/wp-content\/uploads\/2024\/12\/size-1-e1733994629691-768x389.webp 768w, https:\/\/www.slsele.com\/wp-content\/uploads\/2024\/12\/size-1-e1733994629691-18x9.webp 18w, https:\/\/www.slsele.com\/wp-content\/uploads\/2024\/12\/size-1-e1733994629691-700x354.webp 700w, https:\/\/www.slsele.com\/wp-content\/uploads\/2024\/12\/size-1-e1733994629691-600x304.webp 600w\" sizes=\"auto, (max-width: 800px) 100vw, 800px\" \/><img loading=\"lazy\" decoding=\"async\" class=\"aligncenter wp-image-4421 size-full\" src=\"https:\/\/www.slsele.com\/wp-content\/uploads\/2024\/12\/size-2-e1733994655347.webp\" alt=\"El tama\u00f1o de la base del sensor de nivel del dep\u00f3sito de agua WiFi.\" width=\"800\" height=\"681\" srcset=\"https:\/\/www.slsele.com\/wp-content\/uploads\/2024\/12\/size-2-e1733994655347.webp 800w, https:\/\/www.slsele.com\/wp-content\/uploads\/2024\/12\/size-2-e1733994655347-300x255.webp 300w, https:\/\/www.slsele.com\/wp-content\/uploads\/2024\/12\/size-2-e1733994655347-768x654.webp 768w, https:\/\/www.slsele.com\/wp-content\/uploads\/2024\/12\/size-2-e1733994655347-14x12.webp 14w, https:\/\/www.slsele.com\/wp-content\/uploads\/2024\/12\/size-2-e1733994655347-700x596.webp 700w, https:\/\/www.slsele.com\/wp-content\/uploads\/2024\/12\/size-2-e1733994655347-600x511.webp 600w\" sizes=\"auto, (max-width: 800px) 100vw, 800px\" \/>Lista de embalaje<\/h3>\n<p style=\"text-align: left;\">Contenido del paquete del sensor de nivel del dep\u00f3sito, incluida la unidad del sensor, el adaptador de corriente, los cables y la torniller\u00eda de montaje, con vistas en primer plano del interruptor t\u00e1ctil, el puerto de cableado estanco y el sensor.<\/p>\n<p><img loading=\"lazy\" decoding=\"async\" class=\"aligncenter size-large wp-image-4415\" src=\"https:\/\/www.slsele.com\/wp-content\/uploads\/2024\/12\/packaging-list-2-1024x1006.webp\" alt=\"Contenido del paquete del sensor de nivel del dep\u00f3sito, incluida la unidad del sensor, el adaptador de corriente, los cables y la torniller\u00eda de montaje, con vistas en primer plano del interruptor t\u00e1ctil, el puerto de cableado estanco y el sensor.\" width=\"1024\" height=\"1006\" srcset=\"https:\/\/www.slsele.com\/wp-content\/uploads\/2024\/12\/packaging-list-2-1024x1006.webp 1024w, https:\/\/www.slsele.com\/wp-content\/uploads\/2024\/12\/packaging-list-2-300x295.webp 300w, https:\/\/www.slsele.com\/wp-content\/uploads\/2024\/12\/packaging-list-2-768x754.webp 768w, https:\/\/www.slsele.com\/wp-content\/uploads\/2024\/12\/packaging-list-2-12x12.webp 12w, https:\/\/www.slsele.com\/wp-content\/uploads\/2024\/12\/packaging-list-2-700x688.webp 700w, https:\/\/www.slsele.com\/wp-content\/uploads\/2024\/12\/packaging-list-2-600x589.webp 600w, https:\/\/www.slsele.com\/wp-content\/uploads\/2024\/12\/packaging-list-2-50x50.webp 50w, https:\/\/www.slsele.com\/wp-content\/uploads\/2024\/12\/packaging-list-2.webp 1181w\" sizes=\"auto, (max-width: 1024px) 100vw, 1024px\" \/><img loading=\"lazy\" decoding=\"async\" class=\"aligncenter size-full wp-image-4414\" src=\"https:\/\/www.slsele.com\/wp-content\/uploads\/2024\/12\/packaging-list-1.webp\" alt=\"Lista de paquetes del sensor de nivel de tanque de agua\" width=\"480\" height=\"480\" srcset=\"https:\/\/www.slsele.com\/wp-content\/uploads\/2024\/12\/packaging-list-1.webp 480w, https:\/\/www.slsele.com\/wp-content\/uploads\/2024\/12\/packaging-list-1-300x300.webp 300w, https:\/\/www.slsele.com\/wp-content\/uploads\/2024\/12\/packaging-list-1-150x150.webp 150w, https:\/\/www.slsele.com\/wp-content\/uploads\/2024\/12\/packaging-list-1-12x12.webp 12w, https:\/\/www.slsele.com\/wp-content\/uploads\/2024\/12\/packaging-list-1-100x100.webp 100w, https:\/\/www.slsele.com\/wp-content\/uploads\/2024\/12\/packaging-list-1-50x50.webp 50w\" sizes=\"auto, (max-width: 480px) 100vw, 480px\" \/><\/p>","protected":false},"excerpt":{"rendered":"<p style=\"margin: 0cm;\"><span lang=\"EN-US\" style=\"font-family: 'Times New Roman',serif; color: #0e101a;\">El sensor de nivel de agua inal\u00e1mbrico para exteriores de color naranja supervisa los niveles mediante ondas ultras\u00f3nicas, ofreciendo alertas m\u00f3viles en tiempo real. Elige entre modelos WiFi o Zigbee, con opciones de toma de corriente o alimentaci\u00f3n solar, eliminando las comprobaciones manuales.<\/span><\/p>","protected":false},"featured_media":4416,"comment_status":"open","ping_status":"closed","template":"","meta":[],"product_brand":[],"product_cat":[16],"product_tag":[],"class_list":{"0":"post-4426","1":"product","2":"type-product","3":"status-publish","4":"has-post-thumbnail","6":"product_cat-smart-sensor","8":"first","9":"instock","10":"shipping-taxable","11":"purchasable","12":"product-type-variable"},"_links":{"self":[{"href":"https:\/\/www.slsele.com\/es\/wp-json\/wp\/v2\/product\/4426","targetHints":{"allow":["GET"]}}],"collection":[{"href":"https:\/\/www.slsele.com\/es\/wp-json\/wp\/v2\/product"}],"about":[{"href":"https:\/\/www.slsele.com\/es\/wp-json\/wp\/v2\/types\/product"}],"replies":[{"embeddable":true,"href":"https:\/\/www.slsele.com\/es\/wp-json\/wp\/v2\/comments?post=4426"}],"wp:featuredmedia":[{"embeddable":true,"href":"https:\/\/www.slsele.com\/es\/wp-json\/wp\/v2\/media\/4416"}],"wp:attachment":[{"href":"https:\/\/www.slsele.com\/es\/wp-json\/wp\/v2\/media?parent=4426"}],"wp:term":[{"taxonomy":"product_brand","embeddable":true,"href":"https:\/\/www.slsele.com\/es\/wp-json\/wp\/v2\/product_brand?post=4426"},{"taxonomy":"product_cat","embeddable":true,"href":"https:\/\/www.slsele.com\/es\/wp-json\/wp\/v2\/product_cat?post=4426"},{"taxonomy":"product_tag","embeddable":true,"href":"https:\/\/www.slsele.com\/es\/wp-json\/wp\/v2\/product_tag?post=4426"}],"curies":[{"name":"wp","href":"https:\/\/api.w.org\/{rel}","templated":true}]}}