{"id":4327,"date":"2024-11-21T14:48:00","date_gmt":"2024-11-21T06:48:00","guid":{"rendered":"https:\/\/slsele.com\/?post_type=product&#038;p=4327"},"modified":"2024-11-22T16:02:07","modified_gmt":"2024-11-22T08:02:07","slug":"sls-electric-heater-wifi-thermostat","status":"publish","type":"product","link":"https:\/\/www.slsele.com\/es\/producto\/sls-electric-heater-wifi-thermostat\/","title":{"rendered":"Calentador el\u00e9ctrico SLS Termostato WiFi"},"content":{"rendered":"<h2 style=\"text-align: center;\">Calefactor el\u00e9ctrico SLS Termostato WiFi con pantalla t\u00e1ctil<\/h2>\n<h3 style=\"font-size: 25px; text-align: left;\">Descripci\u00f3n<\/h3>\n<p style=\"text-align: left;\">Este termostato inteligente WiFi est\u00e1 dise\u00f1ado espec\u00edficamente para <strong>calentamiento de agua<\/strong>, <strong>calentador el\u00e9ctrico termostato WiFi<\/strong>y<strong> caldera de gas<\/strong> por lo que es ideal para hogares inteligentes, espacios comerciales y entornos industriales. Con una precisi\u00f3n de control de la temperatura de \u00b10,5\u2103, garantiza un confort constante proporcionando el calor deseado exactamente cuando se necesita. Adem\u00e1s, dispone de memoria de apagado, que conserva los ajustes incluso en caso de apagones inesperados para mejorar la fiabilidad.<\/p>\n<p>&nbsp;<\/p>\n<p style=\"text-align: left;\">El termostato ofrece un modo programable que permite hasta 6 periodos de tiempo ajustables al d\u00eda, lo que le permite personalizar las temperaturas a lo largo del d\u00eda para obtener la m\u00e1xima eficiencia. El modo ECO ayuda a reducir el consumo de energ\u00eda, proporcionando una soluci\u00f3n m\u00e1s inteligente, rentable y ecol\u00f3gica. Adem\u00e1s, es compatible con asistentes de voz populares como Amazon Echo, Google Home y Yandex Alice, lo que permite comandos de voz convenientes y operaci\u00f3n remota para mejorar su experiencia de vida inteligente.<\/p>\n<p style=\"text-align: left;\"><strong>Nota<\/strong>: La pantalla de este termostato WiFi puede alimentarse mediante USB o bater\u00eda, pero no simult\u00e1neamente.<\/p>\n<h3 style=\"font-size: 25px; text-align: left;\">Caracter\u00edsticas principales<\/h3>\n<p style=\"text-align: left;\">El controlador del panel LED y la interfaz de la aplicaci\u00f3n de este termostato WiFi para estufas el\u00e9ctricas ofrecen una gran variedad de funciones para garantizar que los usuarios puedan controlar f\u00e1cilmente la temperatura de la habitaci\u00f3n y el ambiente. La pantalla muestra la temperatura interior actual, la temperatura programada y la informaci\u00f3n sobre la humedad exterior. Adem\u00e1s, dispone de la funci\u00f3n de previsi\u00f3n meteorol\u00f3gica y puede ajustar autom\u00e1ticamente los modos de calefacci\u00f3n (como desescarche o calefacci\u00f3n normal) en funci\u00f3n de las diferentes condiciones meteorol\u00f3gicas. Los usuarios pueden cambiar los modos de funcionamiento, establecer horarios o ajustar manualmente la temperatura mediante los botones de la pantalla t\u00e1ctil. Adem\u00e1s, el dispositivo admite conectividad Wi-Fi, lo que permite la supervisi\u00f3n y gesti\u00f3n remotas del sistema de calefacci\u00f3n dom\u00e9stico. En general, este termostato inteligente ofrece a los usuarios una forma c\u00f3moda y r\u00e1pida de mantener un entorno de vida confortable.<\/p>\n<h3 style=\"font-size: 25px; text-align: left;\"><img loading=\"lazy\" decoding=\"async\" class=\"aligncenter size-large wp-image-4344\" src=\"https:\/\/slsele.com\/wp-content\/uploads\/2024\/11\/detailed-picure-1-1024x1024.webp\" alt=\"Interfaz LED de funcionamiento del calentador el\u00e9ctrico Termostato WiFi\" width=\"1024\" height=\"1024\" srcset=\"https:\/\/www.slsele.com\/wp-content\/uploads\/2024\/11\/detailed-picure-1-1024x1024.webp 1024w, https:\/\/www.slsele.com\/wp-content\/uploads\/2024\/11\/detailed-picure-1-300x300.webp 300w, https:\/\/www.slsele.com\/wp-content\/uploads\/2024\/11\/detailed-picure-1-150x150.webp 150w, https:\/\/www.slsele.com\/wp-content\/uploads\/2024\/11\/detailed-picure-1-768x768.webp 768w, https:\/\/www.slsele.com\/wp-content\/uploads\/2024\/11\/detailed-picure-1-1536x1536.webp 1536w, https:\/\/www.slsele.com\/wp-content\/uploads\/2024\/11\/detailed-picure-1-12x12.webp 12w, https:\/\/www.slsele.com\/wp-content\/uploads\/2024\/11\/detailed-picure-1-570x570.webp 570w, https:\/\/www.slsele.com\/wp-content\/uploads\/2024\/11\/detailed-picure-1-500x500.webp 500w, https:\/\/www.slsele.com\/wp-content\/uploads\/2024\/11\/detailed-picure-1-1000x1000.webp 1000w, https:\/\/www.slsele.com\/wp-content\/uploads\/2024\/11\/detailed-picure-1-700x700.webp 700w, https:\/\/www.slsele.com\/wp-content\/uploads\/2024\/11\/detailed-picure-1-600x600.webp 600w, https:\/\/www.slsele.com\/wp-content\/uploads\/2024\/11\/detailed-picure-1-100x100.webp 100w, https:\/\/www.slsele.com\/wp-content\/uploads\/2024\/11\/detailed-picure-1-50x50.webp 50w, https:\/\/www.slsele.com\/wp-content\/uploads\/2024\/11\/detailed-picure-1.webp 1600w\" sizes=\"auto, (max-width: 1024px) 100vw, 1024px\" \/><\/h3>\n<p>&nbsp;<\/p>\n<p style=\"text-align: left;\">El termostato WiFi del calefactor el\u00e9ctrico presenta un dise\u00f1o elegante con una pantalla digital clara que muestra la temperatura interior actual, la temperatura establecida y, posiblemente, la humedad exterior. Ofrece opciones de control avanzadas, incluida una programaci\u00f3n de cuatro periodos 5+1+1 PROGRAMABLE que maximiza el confort al permitir establecer diferentes programas de calefacci\u00f3n para distintos momentos del d\u00eda. Adem\u00e1s, puede incluir funciones inteligentes como la previsi\u00f3n meteorol\u00f3gica para ajustar autom\u00e1ticamente el modo de calefacci\u00f3n en funci\u00f3n de las condiciones externas, optimizando a\u00fan m\u00e1s el consumo de energ\u00eda y el confort.<img loading=\"lazy\" decoding=\"async\" class=\"aligncenter size-large wp-image-4332\" src=\"https:\/\/slsele.com\/wp-content\/uploads\/2024\/11\/detailed-picure-2-1024x1024.webp\" alt=\"Termostato WiFi programable con horarios personalizables para un confort \u00f3ptimo, que ofrece un control flexible de la temperatura durante toda la semana.\" width=\"1024\" height=\"1024\" srcset=\"https:\/\/www.slsele.com\/wp-content\/uploads\/2024\/11\/detailed-picure-2-1024x1024.webp 1024w, https:\/\/www.slsele.com\/wp-content\/uploads\/2024\/11\/detailed-picure-2-300x300.webp 300w, https:\/\/www.slsele.com\/wp-content\/uploads\/2024\/11\/detailed-picure-2-150x150.webp 150w, https:\/\/www.slsele.com\/wp-content\/uploads\/2024\/11\/detailed-picure-2-768x768.webp 768w, https:\/\/www.slsele.com\/wp-content\/uploads\/2024\/11\/detailed-picure-2-1536x1536.webp 1536w, https:\/\/www.slsele.com\/wp-content\/uploads\/2024\/11\/detailed-picure-2-12x12.webp 12w, https:\/\/www.slsele.com\/wp-content\/uploads\/2024\/11\/detailed-picure-2-570x570.webp 570w, https:\/\/www.slsele.com\/wp-content\/uploads\/2024\/11\/detailed-picure-2-500x500.webp 500w, https:\/\/www.slsele.com\/wp-content\/uploads\/2024\/11\/detailed-picure-2-1000x1000.webp 1000w, https:\/\/www.slsele.com\/wp-content\/uploads\/2024\/11\/detailed-picure-2-700x700.webp 700w, https:\/\/www.slsele.com\/wp-content\/uploads\/2024\/11\/detailed-picure-2-600x600.webp 600w, https:\/\/www.slsele.com\/wp-content\/uploads\/2024\/11\/detailed-picure-2-100x100.webp 100w, https:\/\/www.slsele.com\/wp-content\/uploads\/2024\/11\/detailed-picure-2-50x50.webp 50w, https:\/\/www.slsele.com\/wp-content\/uploads\/2024\/11\/detailed-picure-2.webp 1600w\" sizes=\"auto, (max-width: 1024px) 100vw, 1024px\" \/><img loading=\"lazy\" decoding=\"async\" class=\"aligncenter size-large wp-image-4333\" src=\"https:\/\/slsele.com\/wp-content\/uploads\/2024\/11\/detailed-picure-3-1024x1024.webp\" alt=\"Termostato WiFi con puerto USB dise\u00f1ado para mantener la pantalla siempre encendida.\" width=\"1024\" height=\"1024\" srcset=\"https:\/\/www.slsele.com\/wp-content\/uploads\/2024\/11\/detailed-picure-3-1024x1024.webp 1024w, https:\/\/www.slsele.com\/wp-content\/uploads\/2024\/11\/detailed-picure-3-300x300.webp 300w, https:\/\/www.slsele.com\/wp-content\/uploads\/2024\/11\/detailed-picure-3-150x150.webp 150w, https:\/\/www.slsele.com\/wp-content\/uploads\/2024\/11\/detailed-picure-3-768x768.webp 768w, https:\/\/www.slsele.com\/wp-content\/uploads\/2024\/11\/detailed-picure-3-1536x1536.webp 1536w, https:\/\/www.slsele.com\/wp-content\/uploads\/2024\/11\/detailed-picure-3-12x12.webp 12w, https:\/\/www.slsele.com\/wp-content\/uploads\/2024\/11\/detailed-picure-3-570x570.webp 570w, https:\/\/www.slsele.com\/wp-content\/uploads\/2024\/11\/detailed-picure-3-500x500.webp 500w, https:\/\/www.slsele.com\/wp-content\/uploads\/2024\/11\/detailed-picure-3-1000x1000.webp 1000w, https:\/\/www.slsele.com\/wp-content\/uploads\/2024\/11\/detailed-picure-3-700x700.webp 700w, https:\/\/www.slsele.com\/wp-content\/uploads\/2024\/11\/detailed-picure-3-600x600.webp 600w, https:\/\/www.slsele.com\/wp-content\/uploads\/2024\/11\/detailed-picure-3-100x100.webp 100w, https:\/\/www.slsele.com\/wp-content\/uploads\/2024\/11\/detailed-picure-3-50x50.webp 50w, https:\/\/www.slsele.com\/wp-content\/uploads\/2024\/11\/detailed-picure-3.webp 1600w\" sizes=\"auto, (max-width: 1024px) 100vw, 1024px\" \/><\/p>\n<p>&nbsp;<\/p>\n<p style=\"text-align: left;\">El termostato WiFi del calefactor el\u00e9ctrico se instala colgado de la pared, por lo que resulta c\u00f3modo colocarlo en cualquier habitaci\u00f3n. La pantalla t\u00e1ctil LED gigante ofrece una interfaz intuitiva para configurar y ajustar las temperaturas.<img loading=\"lazy\" decoding=\"async\" class=\"aligncenter size-large wp-image-4334\" src=\"https:\/\/slsele.com\/wp-content\/uploads\/2024\/11\/detailed-picure-4-1024x1024.webp\" alt=\"Termostato WiFi con gran pantalla t\u00e1ctil LED, f\u00e1cil de usar y aplicable a instalaciones murales.\" width=\"1024\" height=\"1024\" srcset=\"https:\/\/www.slsele.com\/wp-content\/uploads\/2024\/11\/detailed-picure-4-1024x1024.webp 1024w, https:\/\/www.slsele.com\/wp-content\/uploads\/2024\/11\/detailed-picure-4-300x300.webp 300w, https:\/\/www.slsele.com\/wp-content\/uploads\/2024\/11\/detailed-picure-4-150x150.webp 150w, https:\/\/www.slsele.com\/wp-content\/uploads\/2024\/11\/detailed-picure-4-768x768.webp 768w, https:\/\/www.slsele.com\/wp-content\/uploads\/2024\/11\/detailed-picure-4-1536x1536.webp 1536w, https:\/\/www.slsele.com\/wp-content\/uploads\/2024\/11\/detailed-picure-4-12x12.webp 12w, https:\/\/www.slsele.com\/wp-content\/uploads\/2024\/11\/detailed-picure-4-570x570.webp 570w, https:\/\/www.slsele.com\/wp-content\/uploads\/2024\/11\/detailed-picure-4-500x500.webp 500w, https:\/\/www.slsele.com\/wp-content\/uploads\/2024\/11\/detailed-picure-4-1000x1000.webp 1000w, https:\/\/www.slsele.com\/wp-content\/uploads\/2024\/11\/detailed-picure-4-700x700.webp 700w, https:\/\/www.slsele.com\/wp-content\/uploads\/2024\/11\/detailed-picure-4-600x600.webp 600w, https:\/\/www.slsele.com\/wp-content\/uploads\/2024\/11\/detailed-picure-4-100x100.webp 100w, https:\/\/www.slsele.com\/wp-content\/uploads\/2024\/11\/detailed-picure-4-50x50.webp 50w, https:\/\/www.slsele.com\/wp-content\/uploads\/2024\/11\/detailed-picure-4.webp 1600w\" sizes=\"auto, (max-width: 1024px) 100vw, 1024px\" \/><\/p>\n<p>&nbsp;<\/p>\n<p style=\"text-align: left;\">El termostato WiFi del calefactor el\u00e9ctrico cuenta con Protecci\u00f3n de Apagado, que garantiza la conservaci\u00f3n de todos los datos programados incluso cuando se interrumpe el suministro el\u00e9ctrico. Esto significa que sus ajustes personalizados, incluidos los horarios programables de 5+1+1 cuatro periodos, permanecen intactos y listos para reanudar el funcionamiento una vez restablecido el suministro el\u00e9ctrico.<\/p>\n<h3 style=\"text-align: left;\"><img loading=\"lazy\" decoding=\"async\" class=\"aligncenter size-large wp-image-4335\" src=\"https:\/\/slsele.com\/wp-content\/uploads\/2024\/11\/detailed-picure-5-1024x1024.webp\" alt=\"Termostato WiFi para calefactores el\u00e9ctricos con funci\u00f3n de protecci\u00f3n contra apagones, que garantiza la conservaci\u00f3n de la memoria de datos durante los cortes de corriente.\" width=\"1024\" height=\"1024\" srcset=\"https:\/\/www.slsele.com\/wp-content\/uploads\/2024\/11\/detailed-picure-5-1024x1024.webp 1024w, https:\/\/www.slsele.com\/wp-content\/uploads\/2024\/11\/detailed-picure-5-300x300.webp 300w, https:\/\/www.slsele.com\/wp-content\/uploads\/2024\/11\/detailed-picure-5-150x150.webp 150w, https:\/\/www.slsele.com\/wp-content\/uploads\/2024\/11\/detailed-picure-5-768x768.webp 768w, https:\/\/www.slsele.com\/wp-content\/uploads\/2024\/11\/detailed-picure-5-1536x1536.webp 1536w, https:\/\/www.slsele.com\/wp-content\/uploads\/2024\/11\/detailed-picure-5-12x12.webp 12w, https:\/\/www.slsele.com\/wp-content\/uploads\/2024\/11\/detailed-picure-5-570x570.webp 570w, https:\/\/www.slsele.com\/wp-content\/uploads\/2024\/11\/detailed-picure-5-500x500.webp 500w, https:\/\/www.slsele.com\/wp-content\/uploads\/2024\/11\/detailed-picure-5-1000x1000.webp 1000w, https:\/\/www.slsele.com\/wp-content\/uploads\/2024\/11\/detailed-picure-5-700x700.webp 700w, https:\/\/www.slsele.com\/wp-content\/uploads\/2024\/11\/detailed-picure-5-600x600.webp 600w, https:\/\/www.slsele.com\/wp-content\/uploads\/2024\/11\/detailed-picure-5-100x100.webp 100w, https:\/\/www.slsele.com\/wp-content\/uploads\/2024\/11\/detailed-picure-5-50x50.webp 50w, https:\/\/www.slsele.com\/wp-content\/uploads\/2024\/11\/detailed-picure-5.webp 1600w\" sizes=\"auto, (max-width: 1024px) 100vw, 1024px\" \/><img loading=\"lazy\" decoding=\"async\" class=\"aligncenter size-large wp-image-4336\" src=\"https:\/\/slsele.com\/wp-content\/uploads\/2024\/11\/detailed-picure-6-1024x1024.webp\" alt=\"Acceso familiar a un solo dispositivo: Comparte el dispositivo con los miembros de tu familia para controlar el termostato inteligente WiFi.\" width=\"1024\" height=\"1024\" srcset=\"https:\/\/www.slsele.com\/wp-content\/uploads\/2024\/11\/detailed-picure-6-1024x1024.webp 1024w, https:\/\/www.slsele.com\/wp-content\/uploads\/2024\/11\/detailed-picure-6-300x300.webp 300w, https:\/\/www.slsele.com\/wp-content\/uploads\/2024\/11\/detailed-picure-6-150x150.webp 150w, https:\/\/www.slsele.com\/wp-content\/uploads\/2024\/11\/detailed-picure-6-768x768.webp 768w, https:\/\/www.slsele.com\/wp-content\/uploads\/2024\/11\/detailed-picure-6-1536x1536.webp 1536w, https:\/\/www.slsele.com\/wp-content\/uploads\/2024\/11\/detailed-picure-6-12x12.webp 12w, https:\/\/www.slsele.com\/wp-content\/uploads\/2024\/11\/detailed-picure-6-570x570.webp 570w, https:\/\/www.slsele.com\/wp-content\/uploads\/2024\/11\/detailed-picure-6-500x500.webp 500w, https:\/\/www.slsele.com\/wp-content\/uploads\/2024\/11\/detailed-picure-6-1000x1000.webp 1000w, https:\/\/www.slsele.com\/wp-content\/uploads\/2024\/11\/detailed-picure-6-700x700.webp 700w, https:\/\/www.slsele.com\/wp-content\/uploads\/2024\/11\/detailed-picure-6-600x600.webp 600w, https:\/\/www.slsele.com\/wp-content\/uploads\/2024\/11\/detailed-picure-6-100x100.webp 100w, https:\/\/www.slsele.com\/wp-content\/uploads\/2024\/11\/detailed-picure-6-50x50.webp 50w, https:\/\/www.slsele.com\/wp-content\/uploads\/2024\/11\/detailed-picure-6.webp 1600w\" sizes=\"auto, (max-width: 1024px) 100vw, 1024px\" \/><img loading=\"lazy\" decoding=\"async\" class=\"aligncenter size-large wp-image-4337\" src=\"https:\/\/slsele.com\/wp-content\/uploads\/2024\/11\/detailed-picure-7-1024x1024.webp\" alt=\"Calentador el\u00e9ctrico Termostato WiFi - Las se\u00f1ales fuertes atraviesan f\u00e1cilmente paredes, suelos, etc.\" width=\"1024\" height=\"1024\" srcset=\"https:\/\/www.slsele.com\/wp-content\/uploads\/2024\/11\/detailed-picure-7-1024x1024.webp 1024w, https:\/\/www.slsele.com\/wp-content\/uploads\/2024\/11\/detailed-picure-7-300x300.webp 300w, https:\/\/www.slsele.com\/wp-content\/uploads\/2024\/11\/detailed-picure-7-150x150.webp 150w, https:\/\/www.slsele.com\/wp-content\/uploads\/2024\/11\/detailed-picure-7-768x768.webp 768w, https:\/\/www.slsele.com\/wp-content\/uploads\/2024\/11\/detailed-picure-7-1536x1536.webp 1536w, https:\/\/www.slsele.com\/wp-content\/uploads\/2024\/11\/detailed-picure-7-12x12.webp 12w, https:\/\/www.slsele.com\/wp-content\/uploads\/2024\/11\/detailed-picure-7-570x570.webp 570w, https:\/\/www.slsele.com\/wp-content\/uploads\/2024\/11\/detailed-picure-7-500x500.webp 500w, https:\/\/www.slsele.com\/wp-content\/uploads\/2024\/11\/detailed-picure-7-1000x1000.webp 1000w, https:\/\/www.slsele.com\/wp-content\/uploads\/2024\/11\/detailed-picure-7-700x700.webp 700w, https:\/\/www.slsele.com\/wp-content\/uploads\/2024\/11\/detailed-picure-7-600x600.webp 600w, https:\/\/www.slsele.com\/wp-content\/uploads\/2024\/11\/detailed-picure-7-100x100.webp 100w, https:\/\/www.slsele.com\/wp-content\/uploads\/2024\/11\/detailed-picure-7-50x50.webp 50w, https:\/\/www.slsele.com\/wp-content\/uploads\/2024\/11\/detailed-picure-7.webp 1600w\" sizes=\"auto, (max-width: 1024px) 100vw, 1024px\" \/>Especificaciones<\/h3>\n<p style=\"text-align: left;\">Fuente de alimentaci\u00f3n del receptor: 95\uff5e240 VAC\uff0c 50\uff5e60 Hz<\/p>\n<p style=\"text-align: left;\">Carga de corriente del receptor: 3 A (calentador de agua\/engrasador de agua\/caldera de gas);16 A\uff08calefacci\u00f3n el\u00e9ctrica\uff09<\/p>\n<p style=\"text-align: left;\">Alimentaci\u00f3n del panel LED: 2* Bater\u00eda AA\/USB<\/p>\n<p style=\"text-align: left;\">Precisi\u00f3n del control de temperatura: 0,5\u2103<\/p>\n<p style=\"text-align: left;\">Temp. Error: \u00b11\u2103<\/p>\n<p style=\"text-align: left;\">Sensor:  NTC3950,10K<\/p>\n<p style=\"text-align: left;\">Error de sincronizaci\u00f3n:      &lt;1%<\/p>\n<p style=\"text-align: left;\">Temp. fijada Rango:      5\uff5e35\u2103<\/p>\n<p style=\"text-align: left;\">Temperatura ambiente de trabajo \/ Humedad: 0\uff5e45\u2103,5\uff5e95% HR \uff08Sin condensaci\u00f3n\uff09Consumo de energ\u00eda:       &lt;1.5W<\/p>\n<p style=\"text-align: left;\">Material del panel LED: PC+ABS\uff08Resistente al fuego\uff09<\/p>\n<p style=\"text-align: left;\">Instalaci\u00f3n del receptor: Montaje en pared<\/p>\n<p style=\"text-align: left;\">Clase de protecci\u00f3n: IP20<\/p>\n<p style=\"text-align: left;\">Botones: Botones t\u00e1ctiles capacitivos<\/p>\n<p style=\"text-align: left;\">Pantalla: LED<\/p>\n<p style=\"text-align: left;\">","protected":false},"excerpt":{"rendered":"<p style=\"margin: 0cm;\"><span lang=\"EN-US\" style=\"font-family: 'Times New Roman',serif; color: #0e101a;\">Este termostato WiFi est\u00e1 dise\u00f1ado espec\u00edficamente para sistemas de control de temperatura de calefacci\u00f3n por agua, calefacci\u00f3n el\u00e9ctrica y calderas de gas, por lo que es perfecto para hogares inteligentes, espacios comerciales y entornos industriales.<\/span><\/p>","protected":false},"featured_media":4340,"comment_status":"open","ping_status":"closed","template":"","meta":[],"product_brand":[],"product_cat":[59],"product_tag":[],"class_list":{"0":"post-4327","1":"product","2":"type-product","3":"status-publish","4":"has-post-thumbnail","6":"product_cat-other-smart-devices","8":"first","9":"instock","10":"shipping-taxable","11":"purchasable","12":"product-type-variable"},"_links":{"self":[{"href":"https:\/\/www.slsele.com\/es\/wp-json\/wp\/v2\/product\/4327","targetHints":{"allow":["GET"]}}],"collection":[{"href":"https:\/\/www.slsele.com\/es\/wp-json\/wp\/v2\/product"}],"about":[{"href":"https:\/\/www.slsele.com\/es\/wp-json\/wp\/v2\/types\/product"}],"replies":[{"embeddable":true,"href":"https:\/\/www.slsele.com\/es\/wp-json\/wp\/v2\/comments?post=4327"}],"wp:featuredmedia":[{"embeddable":true,"href":"https:\/\/www.slsele.com\/es\/wp-json\/wp\/v2\/media\/4340"}],"wp:attachment":[{"href":"https:\/\/www.slsele.com\/es\/wp-json\/wp\/v2\/media?parent=4327"}],"wp:term":[{"taxonomy":"product_brand","embeddable":true,"href":"https:\/\/www.slsele.com\/es\/wp-json\/wp\/v2\/product_brand?post=4327"},{"taxonomy":"product_cat","embeddable":true,"href":"https:\/\/www.slsele.com\/es\/wp-json\/wp\/v2\/product_cat?post=4327"},{"taxonomy":"product_tag","embeddable":true,"href":"https:\/\/www.slsele.com\/es\/wp-json\/wp\/v2\/product_tag?post=4327"}],"curies":[{"name":"wp","href":"https:\/\/api.w.org\/{rel}","templated":true}]}}