{"id":4271,"date":"2024-11-14T12:27:30","date_gmt":"2024-11-14T04:27:30","guid":{"rendered":"https:\/\/slsele.com\/?post_type=product&#038;p=4271"},"modified":"2024-11-15T17:17:41","modified_gmt":"2024-11-15T09:17:41","slug":"sls-smart-biometric-fingerprint-padlock","status":"publish","type":"product","link":"https:\/\/www.slsele.com\/es\/producto\/sls-smart-biometric-fingerprint-padlock\/","title":{"rendered":"Candado biom\u00e9trico inteligente con huella dactilar SLS"},"content":{"rendered":"<h2 style=\"text-align: center;\">Smart Fingerprint Candado antirrobo Puerto USB de carga<\/h2>\n<h3 style=\"font-size: 25px; text-align: left;\">Descripci\u00f3n<\/h3>\n<p style=\"text-align: left;\">Este candado biom\u00e9trico de huella dactilar es perfecto para el d\u00eda a d\u00eda. Incluso si olvida traer sus llaves, no importa, toque su huella dactilar para desbloquear. Nunca tendr\u00e1 que preocuparse de perder sus llaves o de que los ladrones encuentren su combinaci\u00f3n porque no pueden robar su huella dactilar. Esta cerradura s\u00f3lo tarda 0,5 segundos en desbloquearse. Soporta hasta 2 administradores y un total de 10 huellas dactilares, por lo que es conveniente para toda la familia. Esta cerradura de huella dactilar est\u00e1 hecha de aleaci\u00f3n de zinc duradera, y el robusto cuerpo de la cerradura y el gancho de la cerradura est\u00e1n protegidos contra el polvo y la corrosi\u00f3n. Se puede utilizar en taquillas de colegios, taquillas de gimnasios de uso diario, maletas, bolsas de golf, bolsos de mano, muebles, armarios, bicicletas, etc.<\/p>\n<h3 style=\"font-size: 25px; text-align: left;\"><img loading=\"lazy\" decoding=\"async\" class=\"aligncenter size-full wp-image-4301\" src=\"https:\/\/slsele.com\/wp-content\/uploads\/2024\/11\/Silver-fingerprint-padlock-with-automatic-learning-and-storage-featuring-fingerprint-recognition-technology-a-smart-chip-and-the-ability-to-store-10-sets-of-fingerprints.webp\" alt=\"Candado de huellas dactilares plateado con aprendizaje y almacenamiento autom\u00e1ticos, que incorpora tecnolog\u00eda de reconocimiento de huellas dactilares, un chip inteligente y la capacidad de almacenar 10 juegos de huellas dactilares.\" width=\"800\" height=\"800\" srcset=\"https:\/\/www.slsele.com\/wp-content\/uploads\/2024\/11\/Silver-fingerprint-padlock-with-automatic-learning-and-storage-featuring-fingerprint-recognition-technology-a-smart-chip-and-the-ability-to-store-10-sets-of-fingerprints.webp 800w, https:\/\/www.slsele.com\/wp-content\/uploads\/2024\/11\/Silver-fingerprint-padlock-with-automatic-learning-and-storage-featuring-fingerprint-recognition-technology-a-smart-chip-and-the-ability-to-store-10-sets-of-fingerprints-300x300.webp 300w, https:\/\/www.slsele.com\/wp-content\/uploads\/2024\/11\/Silver-fingerprint-padlock-with-automatic-learning-and-storage-featuring-fingerprint-recognition-technology-a-smart-chip-and-the-ability-to-store-10-sets-of-fingerprints-150x150.webp 150w, https:\/\/www.slsele.com\/wp-content\/uploads\/2024\/11\/Silver-fingerprint-padlock-with-automatic-learning-and-storage-featuring-fingerprint-recognition-technology-a-smart-chip-and-the-ability-to-store-10-sets-of-fingerprints-768x768.webp 768w, https:\/\/www.slsele.com\/wp-content\/uploads\/2024\/11\/Silver-fingerprint-padlock-with-automatic-learning-and-storage-featuring-fingerprint-recognition-technology-a-smart-chip-and-the-ability-to-store-10-sets-of-fingerprints-12x12.webp 12w, https:\/\/www.slsele.com\/wp-content\/uploads\/2024\/11\/Silver-fingerprint-padlock-with-automatic-learning-and-storage-featuring-fingerprint-recognition-technology-a-smart-chip-and-the-ability-to-store-10-sets-of-fingerprints-570x570.webp 570w, https:\/\/www.slsele.com\/wp-content\/uploads\/2024\/11\/Silver-fingerprint-padlock-with-automatic-learning-and-storage-featuring-fingerprint-recognition-technology-a-smart-chip-and-the-ability-to-store-10-sets-of-fingerprints-500x500.webp 500w, https:\/\/www.slsele.com\/wp-content\/uploads\/2024\/11\/Silver-fingerprint-padlock-with-automatic-learning-and-storage-featuring-fingerprint-recognition-technology-a-smart-chip-and-the-ability-to-store-10-sets-of-fingerprints-700x700.webp 700w, https:\/\/www.slsele.com\/wp-content\/uploads\/2024\/11\/Silver-fingerprint-padlock-with-automatic-learning-and-storage-featuring-fingerprint-recognition-technology-a-smart-chip-and-the-ability-to-store-10-sets-of-fingerprints-600x600.webp 600w, https:\/\/www.slsele.com\/wp-content\/uploads\/2024\/11\/Silver-fingerprint-padlock-with-automatic-learning-and-storage-featuring-fingerprint-recognition-technology-a-smart-chip-and-the-ability-to-store-10-sets-of-fingerprints-100x100.webp 100w, https:\/\/www.slsele.com\/wp-content\/uploads\/2024\/11\/Silver-fingerprint-padlock-with-automatic-learning-and-storage-featuring-fingerprint-recognition-technology-a-smart-chip-and-the-ability-to-store-10-sets-of-fingerprints-50x50.webp 50w\" sizes=\"auto, (max-width: 800px) 100vw, 800px\" \/><img loading=\"lazy\" decoding=\"async\" class=\"aligncenter size-full wp-image-4303\" src=\"https:\/\/slsele.com\/wp-content\/uploads\/2024\/11\/Silver-fingerprint-padlock-with-USB-charging-capability-showcasing-a-2-hour-charge-time-for-up-to-3000-uses-and-a-standby-time-of-2-years.webp\" alt=\"Candado de huellas dactilares plateado con capacidad de carga USB, que ofrece un tiempo de carga de 2 horas para hasta 3.000 usos y un tiempo en espera de 2 a\u00f1os\" width=\"800\" height=\"800\" srcset=\"https:\/\/www.slsele.com\/wp-content\/uploads\/2024\/11\/Silver-fingerprint-padlock-with-USB-charging-capability-showcasing-a-2-hour-charge-time-for-up-to-3000-uses-and-a-standby-time-of-2-years.webp 800w, https:\/\/www.slsele.com\/wp-content\/uploads\/2024\/11\/Silver-fingerprint-padlock-with-USB-charging-capability-showcasing-a-2-hour-charge-time-for-up-to-3000-uses-and-a-standby-time-of-2-years-300x300.webp 300w, https:\/\/www.slsele.com\/wp-content\/uploads\/2024\/11\/Silver-fingerprint-padlock-with-USB-charging-capability-showcasing-a-2-hour-charge-time-for-up-to-3000-uses-and-a-standby-time-of-2-years-150x150.webp 150w, https:\/\/www.slsele.com\/wp-content\/uploads\/2024\/11\/Silver-fingerprint-padlock-with-USB-charging-capability-showcasing-a-2-hour-charge-time-for-up-to-3000-uses-and-a-standby-time-of-2-years-768x768.webp 768w, https:\/\/www.slsele.com\/wp-content\/uploads\/2024\/11\/Silver-fingerprint-padlock-with-USB-charging-capability-showcasing-a-2-hour-charge-time-for-up-to-3000-uses-and-a-standby-time-of-2-years-12x12.webp 12w, https:\/\/www.slsele.com\/wp-content\/uploads\/2024\/11\/Silver-fingerprint-padlock-with-USB-charging-capability-showcasing-a-2-hour-charge-time-for-up-to-3000-uses-and-a-standby-time-of-2-years-570x570.webp 570w, https:\/\/www.slsele.com\/wp-content\/uploads\/2024\/11\/Silver-fingerprint-padlock-with-USB-charging-capability-showcasing-a-2-hour-charge-time-for-up-to-3000-uses-and-a-standby-time-of-2-years-500x500.webp 500w, https:\/\/www.slsele.com\/wp-content\/uploads\/2024\/11\/Silver-fingerprint-padlock-with-USB-charging-capability-showcasing-a-2-hour-charge-time-for-up-to-3000-uses-and-a-standby-time-of-2-years-700x700.webp 700w, https:\/\/www.slsele.com\/wp-content\/uploads\/2024\/11\/Silver-fingerprint-padlock-with-USB-charging-capability-showcasing-a-2-hour-charge-time-for-up-to-3000-uses-and-a-standby-time-of-2-years-600x600.webp 600w, https:\/\/www.slsele.com\/wp-content\/uploads\/2024\/11\/Silver-fingerprint-padlock-with-USB-charging-capability-showcasing-a-2-hour-charge-time-for-up-to-3000-uses-and-a-standby-time-of-2-years-100x100.webp 100w, https:\/\/www.slsele.com\/wp-content\/uploads\/2024\/11\/Silver-fingerprint-padlock-with-USB-charging-capability-showcasing-a-2-hour-charge-time-for-up-to-3000-uses-and-a-standby-time-of-2-years-50x50.webp 50w\" sizes=\"auto, (max-width: 800px) 100vw, 800px\" \/><strong><img loading=\"lazy\" decoding=\"async\" class=\"aligncenter size-full wp-image-4299\" src=\"https:\/\/slsele.com\/wp-content\/uploads\/2024\/11\/Product-details-of-a-silver-fingerprint-padlock-featuring-a-convenient-and-secure-design-suitable-for-various-scenarios-including-backpacks-suitcases-lockers-drawers-doors-and-closets.webp\" alt=\"Detalles del producto de un candado de huellas dactilares plateado, con un dise\u00f1o c\u00f3modo y seguro adecuado para diversos escenarios, como mochilas, maletas, taquillas, cajones, puertas y armarios\" width=\"800\" height=\"925\" srcset=\"https:\/\/www.slsele.com\/wp-content\/uploads\/2024\/11\/Product-details-of-a-silver-fingerprint-padlock-featuring-a-convenient-and-secure-design-suitable-for-various-scenarios-including-backpacks-suitcases-lockers-drawers-doors-and-closets.webp 800w, https:\/\/www.slsele.com\/wp-content\/uploads\/2024\/11\/Product-details-of-a-silver-fingerprint-padlock-featuring-a-convenient-and-secure-design-suitable-for-various-scenarios-including-backpacks-suitcases-lockers-drawers-doors-and-closets-259x300.webp 259w, https:\/\/www.slsele.com\/wp-content\/uploads\/2024\/11\/Product-details-of-a-silver-fingerprint-padlock-featuring-a-convenient-and-secure-design-suitable-for-various-scenarios-including-backpacks-suitcases-lockers-drawers-doors-and-closets-768x888.webp 768w, https:\/\/www.slsele.com\/wp-content\/uploads\/2024\/11\/Product-details-of-a-silver-fingerprint-padlock-featuring-a-convenient-and-secure-design-suitable-for-various-scenarios-including-backpacks-suitcases-lockers-drawers-doors-and-closets-10x12.webp 10w, https:\/\/www.slsele.com\/wp-content\/uploads\/2024\/11\/Product-details-of-a-silver-fingerprint-padlock-featuring-a-convenient-and-secure-design-suitable-for-various-scenarios-including-backpacks-suitcases-lockers-drawers-doors-and-closets-700x809.webp 700w, https:\/\/www.slsele.com\/wp-content\/uploads\/2024\/11\/Product-details-of-a-silver-fingerprint-padlock-featuring-a-convenient-and-secure-design-suitable-for-various-scenarios-including-backpacks-suitcases-lockers-drawers-doors-and-closets-600x694.webp 600w\" sizes=\"auto, (max-width: 800px) 100vw, 800px\" \/><\/strong>Caracter\u00edsticas principales<\/h3>\n<p style=\"text-align: left;\"><strong>Candado inteligente con huella dactilar<\/strong>: Sin aplicaci\u00f3n, sin llave, sin necesidad de BLE. Este candado de huella dactilar es perfecto para ni\u00f1os y ancianos, ya que su dedo es la llave, lo que disuade a los ladrones de descifrar c\u00f3digos. Nunca se preocupar\u00e1 de perder una llave o de que un ladr\u00f3n descubra su contrase\u00f1a, ya que no pueden robar su huella dactilar. La cerradura parpadea en rojo durante 10 segundos cuando la bater\u00eda est\u00e1 baja y puede proporcionar hasta 1.000 desbloqueos con una carga completa antes de que se active el indicador de bater\u00eda baja.<\/p>\n<p style=\"text-align: left;\"><strong><img loading=\"lazy\" decoding=\"async\" class=\"aligncenter size-full wp-image-4302\" src=\"https:\/\/slsele.com\/wp-content\/uploads\/2024\/11\/Silver-fingerprint-padlock-with-quick-unlock-in-0.5-seconds-comparing-traditional-key-based-locks-with-fingerprint-technology-for-enhanced-security-and-convenience.webp\" alt=\"Candado de huellas dactilares plateado con desbloqueo r\u00e1pido en 0,5 segundos, que compara las cerraduras tradicionales basadas en llaves con la tecnolog\u00eda de huellas dactilares para una mayor seguridad y comodidad\" width=\"800\" height=\"800\" srcset=\"https:\/\/www.slsele.com\/wp-content\/uploads\/2024\/11\/Silver-fingerprint-padlock-with-quick-unlock-in-0.5-seconds-comparing-traditional-key-based-locks-with-fingerprint-technology-for-enhanced-security-and-convenience.webp 800w, https:\/\/www.slsele.com\/wp-content\/uploads\/2024\/11\/Silver-fingerprint-padlock-with-quick-unlock-in-0.5-seconds-comparing-traditional-key-based-locks-with-fingerprint-technology-for-enhanced-security-and-convenience-300x300.webp 300w, https:\/\/www.slsele.com\/wp-content\/uploads\/2024\/11\/Silver-fingerprint-padlock-with-quick-unlock-in-0.5-seconds-comparing-traditional-key-based-locks-with-fingerprint-technology-for-enhanced-security-and-convenience-150x150.webp 150w, https:\/\/www.slsele.com\/wp-content\/uploads\/2024\/11\/Silver-fingerprint-padlock-with-quick-unlock-in-0.5-seconds-comparing-traditional-key-based-locks-with-fingerprint-technology-for-enhanced-security-and-convenience-768x768.webp 768w, https:\/\/www.slsele.com\/wp-content\/uploads\/2024\/11\/Silver-fingerprint-padlock-with-quick-unlock-in-0.5-seconds-comparing-traditional-key-based-locks-with-fingerprint-technology-for-enhanced-security-and-convenience-12x12.webp 12w, https:\/\/www.slsele.com\/wp-content\/uploads\/2024\/11\/Silver-fingerprint-padlock-with-quick-unlock-in-0.5-seconds-comparing-traditional-key-based-locks-with-fingerprint-technology-for-enhanced-security-and-convenience-570x570.webp 570w, https:\/\/www.slsele.com\/wp-content\/uploads\/2024\/11\/Silver-fingerprint-padlock-with-quick-unlock-in-0.5-seconds-comparing-traditional-key-based-locks-with-fingerprint-technology-for-enhanced-security-and-convenience-500x500.webp 500w, https:\/\/www.slsele.com\/wp-content\/uploads\/2024\/11\/Silver-fingerprint-padlock-with-quick-unlock-in-0.5-seconds-comparing-traditional-key-based-locks-with-fingerprint-technology-for-enhanced-security-and-convenience-700x700.webp 700w, https:\/\/www.slsele.com\/wp-content\/uploads\/2024\/11\/Silver-fingerprint-padlock-with-quick-unlock-in-0.5-seconds-comparing-traditional-key-based-locks-with-fingerprint-technology-for-enhanced-security-and-convenience-600x600.webp 600w, https:\/\/www.slsele.com\/wp-content\/uploads\/2024\/11\/Silver-fingerprint-padlock-with-quick-unlock-in-0.5-seconds-comparing-traditional-key-based-locks-with-fingerprint-technology-for-enhanced-security-and-convenience-100x100.webp 100w, https:\/\/www.slsele.com\/wp-content\/uploads\/2024\/11\/Silver-fingerprint-padlock-with-quick-unlock-in-0.5-seconds-comparing-traditional-key-based-locks-with-fingerprint-technology-for-enhanced-security-and-convenience-50x50.webp 50w\" sizes=\"auto, (max-width: 800px) 100vw, 800px\" \/>Cerradura de seguridad IP65 para taquilla<\/strong>: Hecho de aleaci\u00f3n de zinc duradera, esta cerradura de huellas dactilares cuenta con un fuerte cuerpo de la cerradura y el grillete, junto con un alambre de acero de alta resistencia para una excelente protecci\u00f3n antirrobo, antipolvo y anticorrosi\u00f3n. Con un grado de impermeabilidad IP65, esta cerradura de gimnasio es ideal para salvaguardar sus objetos de valor contra el robo y los elementos. Su tama\u00f1o compacto (3 x 1,8 x 0,51 pulgadas) y su dise\u00f1o ligero (90 g \/ 3,17 oz) lo hacen port\u00e1til y seguro.<\/p>\n<p style=\"text-align: left;\"><strong>Cerradura avanzada de gimnasio con huella dactilar<\/strong>: Equipada con un avanzado chip de identificaci\u00f3n de huellas dactilares, esta cerradura se desbloquea en s\u00f3lo 0,5 segundos. Admite hasta 2 administradores y un total de 10 huellas dactilares, por lo que resulta f\u00e1cil y c\u00f3modo para varios usuarios.<\/p>\n<p style=\"text-align: left;\"><strong>Reconocimiento de huellas dactilares en 360<\/strong>: El escaneo de huellas dactilares de rango completo de 360 grados garantiza la precisi\u00f3n del reconocimiento de huellas dactilares y reduce los fallos de reconocimiento causados por una colocaci\u00f3n incorrecta del dedo.<\/p>\n<p style=\"text-align: left;\"><strong>Amplia gama de usos<\/strong>: Este candado con huella dactilar es resistente al agua, por lo que puede utilizarse tanto en interiores como en exteriores. Es perfecto para proteger taquillas de colegios, gimnasios, maletas, bolsas de golf, bolsos, muebles, armarios, bicicletas, etc.<\/p>\n<h3 style=\"font-size: 25px; text-align: left;\"><img loading=\"lazy\" decoding=\"async\" class=\"aligncenter size-large wp-image-4306\" src=\"https:\/\/slsele.com\/wp-content\/uploads\/2024\/11\/Usage-of-silver-fingerprint-padlock-in-various-scenarios-including-backpack-suitcase-locker-drawer-door-and-closet-highlighting-its-portable-light-and-compact-design-suitable-for-multi-scena-675x1024.webp\" alt=\"Uso de candado de huellas dactilares de plata en diversos escenarios, incluyendo mochila, maleta, armario, caj\u00f3n, puerta y armario, destacando su dise\u00f1o port\u00e1til, ligero y compacto adecuado para multi-scena\" width=\"675\" height=\"1024\" srcset=\"https:\/\/www.slsele.com\/wp-content\/uploads\/2024\/11\/Usage-of-silver-fingerprint-padlock-in-various-scenarios-including-backpack-suitcase-locker-drawer-door-and-closet-highlighting-its-portable-light-and-compact-design-suitable-for-multi-scena-675x1024.webp 675w, https:\/\/www.slsele.com\/wp-content\/uploads\/2024\/11\/Usage-of-silver-fingerprint-padlock-in-various-scenarios-including-backpack-suitcase-locker-drawer-door-and-closet-highlighting-its-portable-light-and-compact-design-suitable-for-multi-scena-198x300.webp 198w, https:\/\/www.slsele.com\/wp-content\/uploads\/2024\/11\/Usage-of-silver-fingerprint-padlock-in-various-scenarios-including-backpack-suitcase-locker-drawer-door-and-closet-highlighting-its-portable-light-and-compact-design-suitable-for-multi-scena-768x1164.webp 768w, https:\/\/www.slsele.com\/wp-content\/uploads\/2024\/11\/Usage-of-silver-fingerprint-padlock-in-various-scenarios-including-backpack-suitcase-locker-drawer-door-and-closet-highlighting-its-portable-light-and-compact-design-suitable-for-multi-scena-8x12.webp 8w, https:\/\/www.slsele.com\/wp-content\/uploads\/2024\/11\/Usage-of-silver-fingerprint-padlock-in-various-scenarios-including-backpack-suitcase-locker-drawer-door-and-closet-highlighting-its-portable-light-and-compact-design-suitable-for-multi-scena-700x1061.webp 700w, https:\/\/www.slsele.com\/wp-content\/uploads\/2024\/11\/Usage-of-silver-fingerprint-padlock-in-various-scenarios-including-backpack-suitcase-locker-drawer-door-and-closet-highlighting-its-portable-light-and-compact-design-suitable-for-multi-scena-600x910.webp 600w, https:\/\/www.slsele.com\/wp-content\/uploads\/2024\/11\/Usage-of-silver-fingerprint-padlock-in-various-scenarios-including-backpack-suitcase-locker-drawer-door-and-closet-highlighting-its-portable-light-and-compact-design-suitable-for-multi-scena.webp 800w\" sizes=\"auto, (max-width: 675px) 100vw, 675px\" \/>Especificaciones<\/h3>\n<p style=\"text-align: left;\">M\u00e9todo de desbloqueo: Huella dactilar<\/p>\n<p style=\"text-align: left;\">Modo de autenticaci\u00f3n: modo de autenticaci\u00f3n por huella dactilar<\/p>\n<p style=\"text-align: left;\">Tasa de rechazo: \u2264%2%<\/p>\n<p style=\"text-align: left;\">Tasa de error: \u22640,001%<\/p>\n<p style=\"text-align: left;\">Tiempo de verificaci\u00f3n: \u22640,5 segundos<\/p>\n<p style=\"text-align: left;\">Capacidad para huellas dactilares: 20 grupos<\/p>\n<p style=\"text-align: left;\">Consumo est\u00e1tico: \u2264 20uA (tipo)<\/p>\n<p style=\"text-align: left;\">Consumo din\u00e1mico: \u2264 32MA (tipo)<\/p>\n<p style=\"text-align: left;\">Tensi\u00f3n m\u00ednima de funcionamiento: 4,8 V<\/p>\n<p style=\"text-align: left;\">Alarma de baja tensi\u00f3n: 50 veces despu\u00e9s de la alimentaci\u00f3n de alarma de baja tensi\u00f3n<\/p>\n<p style=\"text-align: left;\">CC: pilas alcalinas de 1,5 V (AA) 4 c\u00e1psulas<\/p>\n<p style=\"text-align: left;\">Alimentaci\u00f3n de emergencia: interfaz USB<\/p>\n<p style=\"text-align: left;\">Temperatura de trabajo: -25\u00b0C-55\u00b0C<\/p>\n<p style=\"text-align: left;\">Humedad de trabajo: \u226490%RH<\/p>\n<p style=\"text-align: left;\"><img loading=\"lazy\" decoding=\"async\" class=\"aligncenter size-full wp-image-4307\" src=\"https:\/\/slsele.com\/wp-content\/uploads\/2024\/11\/White-fingerprint-padlock-with-USB-charging-capability-product-size-76mm-x-47mm-x-13mm.webp\" alt=\"Candado de huellas dactilares plateado con capacidad de carga USB, tama\u00f1o del producto 76 mm x 47 mm x 13 mm\" width=\"800\" height=\"777\" srcset=\"https:\/\/www.slsele.com\/wp-content\/uploads\/2024\/11\/White-fingerprint-padlock-with-USB-charging-capability-product-size-76mm-x-47mm-x-13mm.webp 800w, https:\/\/www.slsele.com\/wp-content\/uploads\/2024\/11\/White-fingerprint-padlock-with-USB-charging-capability-product-size-76mm-x-47mm-x-13mm-300x291.webp 300w, https:\/\/www.slsele.com\/wp-content\/uploads\/2024\/11\/White-fingerprint-padlock-with-USB-charging-capability-product-size-76mm-x-47mm-x-13mm-768x746.webp 768w, https:\/\/www.slsele.com\/wp-content\/uploads\/2024\/11\/White-fingerprint-padlock-with-USB-charging-capability-product-size-76mm-x-47mm-x-13mm-12x12.webp 12w, https:\/\/www.slsele.com\/wp-content\/uploads\/2024\/11\/White-fingerprint-padlock-with-USB-charging-capability-product-size-76mm-x-47mm-x-13mm-700x680.webp 700w, https:\/\/www.slsele.com\/wp-content\/uploads\/2024\/11\/White-fingerprint-padlock-with-USB-charging-capability-product-size-76mm-x-47mm-x-13mm-600x583.webp 600w, https:\/\/www.slsele.com\/wp-content\/uploads\/2024\/11\/White-fingerprint-padlock-with-USB-charging-capability-product-size-76mm-x-47mm-x-13mm-50x50.webp 50w\" sizes=\"auto, (max-width: 800px) 100vw, 800px\" \/><\/p>","protected":false},"excerpt":{"rendered":"<p style=\"margin: 0cm;\"><span lang=\"EN-US\" style=\"font-family: 'Times New Roman',serif; color: #0e101a;\">Este candado biom\u00e9trico de huella dactilar es perfecto para ni\u00f1os y ancianos porque su dedo es la llave. Nunca tendr\u00e1 que preocuparse de perder sus llaves o de que los ladrones encuentren su combinaci\u00f3n porque no pueden robar su huella dactilar. Este candado s\u00f3lo tarda 0,5 segundos en desbloquearse. Admite hasta 2 administradores y un total de 10 huellas dactilares, lo que la hace c\u00f3moda para toda la familia.<\/span><\/p>","protected":false},"featured_media":4305,"comment_status":"open","ping_status":"closed","template":"","meta":[],"product_brand":[],"product_cat":[59],"product_tag":[],"class_list":{"0":"post-4271","1":"product","2":"type-product","3":"status-publish","4":"has-post-thumbnail","6":"product_cat-other-smart-devices","8":"first","9":"instock","10":"shipping-taxable","11":"purchasable","12":"product-type-simple"},"_links":{"self":[{"href":"https:\/\/www.slsele.com\/es\/wp-json\/wp\/v2\/product\/4271","targetHints":{"allow":["GET"]}}],"collection":[{"href":"https:\/\/www.slsele.com\/es\/wp-json\/wp\/v2\/product"}],"about":[{"href":"https:\/\/www.slsele.com\/es\/wp-json\/wp\/v2\/types\/product"}],"replies":[{"embeddable":true,"href":"https:\/\/www.slsele.com\/es\/wp-json\/wp\/v2\/comments?post=4271"}],"wp:featuredmedia":[{"embeddable":true,"href":"https:\/\/www.slsele.com\/es\/wp-json\/wp\/v2\/media\/4305"}],"wp:attachment":[{"href":"https:\/\/www.slsele.com\/es\/wp-json\/wp\/v2\/media?parent=4271"}],"wp:term":[{"taxonomy":"product_brand","embeddable":true,"href":"https:\/\/www.slsele.com\/es\/wp-json\/wp\/v2\/product_brand?post=4271"},{"taxonomy":"product_cat","embeddable":true,"href":"https:\/\/www.slsele.com\/es\/wp-json\/wp\/v2\/product_cat?post=4271"},{"taxonomy":"product_tag","embeddable":true,"href":"https:\/\/www.slsele.com\/es\/wp-json\/wp\/v2\/product_tag?post=4271"}],"curies":[{"name":"wp","href":"https:\/\/api.w.org\/{rel}","templated":true}]}}