{"id":4172,"date":"2024-10-30T14:35:05","date_gmt":"2024-10-30T06:35:05","guid":{"rendered":"https:\/\/slsele.com\/?post_type=product&#038;p=4172"},"modified":"2024-11-15T07:00:40","modified_gmt":"2024-11-14T23:00:40","slug":"dimmer-switch-module","status":"publish","type":"product","link":"https:\/\/www.slsele.com\/es\/producto\/dimmer-switch-module\/","title":{"rendered":"M\u00f3dulo de interruptor de regulaci\u00f3n WiFi inteligente SLS"},"content":{"rendered":"<h1 style=\"text-align: center\">1CH\/2CH WiFi Dimmer M\u00f3dulo Interruptor Rel\u00e9<\/h1>\n<h2 style=\"font-size: 25px;text-align: left\">Descripci\u00f3n<\/h2>\n<p style=\"text-align: left\">El SLS Smart WiFi Dimmer Switch Module actualiza los interruptores tradicionales para incluir regulaci\u00f3n autom\u00e1tica, manteniendo intacto el interruptor original para que los usuarios puedan seguir utilizando el control manual como de costumbre. Incorpora funciones de automatizaci\u00f3n y regulaci\u00f3n inteligente, mejorando la experiencia de iluminaci\u00f3n. La instalaci\u00f3n es sencilla: no es necesario sustituir interruptores ni aparatos; basta con a\u00f1adir el m\u00f3dulo al circuito existente.<\/p>\n<p style=\"text-align: left\">Existen otros exquisitos m\u00f3dulos de conmutaci\u00f3n mini wifi, que pueden ser <span style=\"text-decoration: underline\"><span style=\"color: #0000ff\"><a style=\"color: #0000ff;text-decoration: underline\" href=\"https:\/\/www.slsele.com\/es\/producto\/sls-mini-wifi-smart-modular-switch\/\" target=\"_blank\" rel=\"noopener\">ver aqu\u00ed<\/a><\/span><\/span>.<\/p>\n<p>&nbsp;<\/p>\n<p style=\"text-align: left\">Este m\u00f3dulo regulador de intensidad tiene una funci\u00f3n de regulaci\u00f3n fina, que permite a los usuarios ajustar suavemente el brillo de la luz de 0% a 100% seg\u00fan sus necesidades.<\/p>\n<h3 style=\"font-size: 25px;text-align: left\"><img loading=\"lazy\" decoding=\"async\" class=\"aligncenter size-full wp-image-4194\" src=\"https:\/\/slsele.com\/wp-content\/uploads\/2024\/11\/dimmer-switch-module-detailed-picture-7.webp\" alt=\"Funci\u00f3n de atenuaci\u00f3n continua del m\u00f3dulo regulador de intensidad, que permite ajustar el nivel de luminosidad deseado para dormir\" width=\"800\" height=\"800\" srcset=\"https:\/\/www.slsele.com\/wp-content\/uploads\/2024\/11\/dimmer-switch-module-detailed-picture-7.webp 800w, https:\/\/www.slsele.com\/wp-content\/uploads\/2024\/11\/dimmer-switch-module-detailed-picture-7-300x300.webp 300w, https:\/\/www.slsele.com\/wp-content\/uploads\/2024\/11\/dimmer-switch-module-detailed-picture-7-150x150.webp 150w, https:\/\/www.slsele.com\/wp-content\/uploads\/2024\/11\/dimmer-switch-module-detailed-picture-7-768x768.webp 768w, https:\/\/www.slsele.com\/wp-content\/uploads\/2024\/11\/dimmer-switch-module-detailed-picture-7-12x12.webp 12w, https:\/\/www.slsele.com\/wp-content\/uploads\/2024\/11\/dimmer-switch-module-detailed-picture-7-570x570.webp 570w, https:\/\/www.slsele.com\/wp-content\/uploads\/2024\/11\/dimmer-switch-module-detailed-picture-7-500x500.webp 500w, https:\/\/www.slsele.com\/wp-content\/uploads\/2024\/11\/dimmer-switch-module-detailed-picture-7-700x700.webp 700w, https:\/\/www.slsele.com\/wp-content\/uploads\/2024\/11\/dimmer-switch-module-detailed-picture-7-600x600.webp 600w, https:\/\/www.slsele.com\/wp-content\/uploads\/2024\/11\/dimmer-switch-module-detailed-picture-7-100x100.webp 100w, https:\/\/www.slsele.com\/wp-content\/uploads\/2024\/11\/dimmer-switch-module-detailed-picture-7-50x50.webp 50w\" sizes=\"auto, (max-width: 800px) 100vw, 800px\" \/><\/h3>\n<p>&nbsp;<\/p>\n<p style=\"text-align: left\">Compatibilidad del m\u00f3dulo del regulador de intensidad: 1CH admite bombillas LED regulables de hasta 150 W o bombillas incandescentes de hasta 150 W. 2CH admite bombillas LED regulables de hasta 100 W por grupo o bombillas incandescentes de hasta 100 W por grupo.<\/p>\n<h3 style=\"font-size: 25px;text-align: left\"><img loading=\"lazy\" decoding=\"async\" class=\"aligncenter size-full wp-image-4199\" src=\"https:\/\/slsele.com\/wp-content\/uploads\/2024\/11\/dimmer-switch-module-detailed-picture-2.webp\" alt=\"Compatibilidad del m\u00f3dulo del regulador de intensidad: 1CH admite bombillas LED regulables de hasta 150 W o bombillas incandescentes de hasta 150 W. 2CH admite bombillas LED regulables de hasta 100 W por grupo o bombillas incandescentes de hasta 100 W por grupo.\" width=\"800\" height=\"800\" srcset=\"https:\/\/www.slsele.com\/wp-content\/uploads\/2024\/11\/dimmer-switch-module-detailed-picture-2.webp 800w, https:\/\/www.slsele.com\/wp-content\/uploads\/2024\/11\/dimmer-switch-module-detailed-picture-2-300x300.webp 300w, https:\/\/www.slsele.com\/wp-content\/uploads\/2024\/11\/dimmer-switch-module-detailed-picture-2-150x150.webp 150w, https:\/\/www.slsele.com\/wp-content\/uploads\/2024\/11\/dimmer-switch-module-detailed-picture-2-768x768.webp 768w, https:\/\/www.slsele.com\/wp-content\/uploads\/2024\/11\/dimmer-switch-module-detailed-picture-2-12x12.webp 12w, https:\/\/www.slsele.com\/wp-content\/uploads\/2024\/11\/dimmer-switch-module-detailed-picture-2-570x570.webp 570w, https:\/\/www.slsele.com\/wp-content\/uploads\/2024\/11\/dimmer-switch-module-detailed-picture-2-500x500.webp 500w, https:\/\/www.slsele.com\/wp-content\/uploads\/2024\/11\/dimmer-switch-module-detailed-picture-2-700x700.webp 700w, https:\/\/www.slsele.com\/wp-content\/uploads\/2024\/11\/dimmer-switch-module-detailed-picture-2-600x600.webp 600w, https:\/\/www.slsele.com\/wp-content\/uploads\/2024\/11\/dimmer-switch-module-detailed-picture-2-100x100.webp 100w, https:\/\/www.slsele.com\/wp-content\/uploads\/2024\/11\/dimmer-switch-module-detailed-picture-2-50x50.webp 50w\" sizes=\"auto, (max-width: 800px) 100vw, 800px\" \/><\/h3>\n<h3 style=\"font-size: 25px;text-align: left\"><\/h3>\n<h3 style=\"font-size: 25px;text-align: left\">Caracter\u00edsticas principales<\/h3>\n<p style=\"text-align: left\"><strong>Minicuerpo<\/strong>: Dise\u00f1o compacto en 39.239.218mm, el m\u00f3dulo de interruptor dimmer es compatible con la mayor\u00eda de las cajas de montaje; peque\u00f1o pero potente, adecuado para la mayor\u00eda de los electrodom\u00e9sticos y la iluminaci\u00f3n.<\/p>\n<p style=\"text-align: left\"><strong><img loading=\"lazy\" decoding=\"async\" class=\"aligncenter size-full wp-image-4198\" src=\"https:\/\/slsele.com\/wp-content\/uploads\/2024\/11\/dimmer-switch-module-detailed-picture-1.webp\" alt=\"El m\u00f3dulo de interruptor de atenuaci\u00f3n es peque\u00f1o y compacto, adecuado para varias cajas de montaje\" width=\"800\" height=\"900\" srcset=\"https:\/\/www.slsele.com\/wp-content\/uploads\/2024\/11\/dimmer-switch-module-detailed-picture-1.webp 800w, https:\/\/www.slsele.com\/wp-content\/uploads\/2024\/11\/dimmer-switch-module-detailed-picture-1-267x300.webp 267w, https:\/\/www.slsele.com\/wp-content\/uploads\/2024\/11\/dimmer-switch-module-detailed-picture-1-768x864.webp 768w, https:\/\/www.slsele.com\/wp-content\/uploads\/2024\/11\/dimmer-switch-module-detailed-picture-1-11x12.webp 11w, https:\/\/www.slsele.com\/wp-content\/uploads\/2024\/11\/dimmer-switch-module-detailed-picture-1-700x788.webp 700w, https:\/\/www.slsele.com\/wp-content\/uploads\/2024\/11\/dimmer-switch-module-detailed-picture-1-600x675.webp 600w\" sizes=\"auto, (max-width: 800px) 100vw, 800px\" \/><\/strong><\/p>\n<p style=\"text-align: left\"><strong>Control bidireccional<\/strong>: Funciona con los interruptores de control tradicionales de dos v\u00edas, lo que permite el control manual del interruptor antiguo despu\u00e9s de la instalaci\u00f3n.<\/p>\n<p style=\"text-align: left\"><strong>Control remoto<\/strong>: Controla la iluminaci\u00f3n o los electrodom\u00e9sticos a distancia mediante la aplicaci\u00f3n Smart Life en cualquier momento y lugar.<\/p>\n<p style=\"text-align: left\"><strong><img loading=\"lazy\" decoding=\"async\" class=\"aligncenter size-full wp-image-4201\" src=\"https:\/\/slsele.com\/wp-content\/uploads\/2024\/11\/dimmer-switch-module-detailed-picture-4.webp\" alt=\"Funci\u00f3n de control remoto mediante aplicaci\u00f3n del m\u00f3dulo regulador de intensidad, que permite controlar las luces desde cualquier lugar y en cualquier momento mediante un smartphone.\" width=\"800\" height=\"900\" srcset=\"https:\/\/www.slsele.com\/wp-content\/uploads\/2024\/11\/dimmer-switch-module-detailed-picture-4.webp 800w, https:\/\/www.slsele.com\/wp-content\/uploads\/2024\/11\/dimmer-switch-module-detailed-picture-4-267x300.webp 267w, https:\/\/www.slsele.com\/wp-content\/uploads\/2024\/11\/dimmer-switch-module-detailed-picture-4-768x864.webp 768w, https:\/\/www.slsele.com\/wp-content\/uploads\/2024\/11\/dimmer-switch-module-detailed-picture-4-11x12.webp 11w, https:\/\/www.slsele.com\/wp-content\/uploads\/2024\/11\/dimmer-switch-module-detailed-picture-4-700x788.webp 700w, https:\/\/www.slsele.com\/wp-content\/uploads\/2024\/11\/dimmer-switch-module-detailed-picture-4-600x675.webp 600w\" sizes=\"auto, (max-width: 800px) 100vw, 800px\" \/><\/strong><\/p>\n<p style=\"text-align: left\"><strong>Control de voz<\/strong>: Compatible con Alexa y Google Home Assistant, lo que permite controlar c\u00f3modamente los dispositivos mediante comandos de voz.<\/p>\n<p style=\"text-align: left\"><strong><img loading=\"lazy\" decoding=\"async\" class=\"aligncenter size-full wp-image-4192\" src=\"https:\/\/slsele.com\/wp-content\/uploads\/2024\/11\/dimmer-switch-module-detailed-picture-5.webp\" alt=\"Funci\u00f3n de control por voz del m\u00f3dulo del interruptor dimmer, que permite utilizar comandos como &quot;Alexa, enciende la luz&quot;\" width=\"800\" height=\"800\" srcset=\"https:\/\/www.slsele.com\/wp-content\/uploads\/2024\/11\/dimmer-switch-module-detailed-picture-5.webp 800w, https:\/\/www.slsele.com\/wp-content\/uploads\/2024\/11\/dimmer-switch-module-detailed-picture-5-300x300.webp 300w, https:\/\/www.slsele.com\/wp-content\/uploads\/2024\/11\/dimmer-switch-module-detailed-picture-5-150x150.webp 150w, https:\/\/www.slsele.com\/wp-content\/uploads\/2024\/11\/dimmer-switch-module-detailed-picture-5-768x768.webp 768w, https:\/\/www.slsele.com\/wp-content\/uploads\/2024\/11\/dimmer-switch-module-detailed-picture-5-12x12.webp 12w, https:\/\/www.slsele.com\/wp-content\/uploads\/2024\/11\/dimmer-switch-module-detailed-picture-5-570x570.webp 570w, https:\/\/www.slsele.com\/wp-content\/uploads\/2024\/11\/dimmer-switch-module-detailed-picture-5-500x500.webp 500w, https:\/\/www.slsele.com\/wp-content\/uploads\/2024\/11\/dimmer-switch-module-detailed-picture-5-700x700.webp 700w, https:\/\/www.slsele.com\/wp-content\/uploads\/2024\/11\/dimmer-switch-module-detailed-picture-5-600x600.webp 600w, https:\/\/www.slsele.com\/wp-content\/uploads\/2024\/11\/dimmer-switch-module-detailed-picture-5-100x100.webp 100w, https:\/\/www.slsele.com\/wp-content\/uploads\/2024\/11\/dimmer-switch-module-detailed-picture-5-50x50.webp 50w\" sizes=\"auto, (max-width: 800px) 100vw, 800px\" \/><\/strong><\/p>\n<p style=\"text-align: left\"><strong>Horario del temporizador<\/strong>: Crea horarios para el control autom\u00e1tico de encendido y apagado de electrodom\u00e9sticos o iluminaci\u00f3n, ahorrando energ\u00eda y reduciendo las facturas el\u00e9ctricas.<\/p>\n<p style=\"text-align: left\"><strong><img loading=\"lazy\" decoding=\"async\" class=\"aligncenter size-full wp-image-4200\" src=\"https:\/\/slsele.com\/wp-content\/uploads\/2024\/11\/dimmer-switch-module-detailed-picture-3.webp\" alt=\"Funci\u00f3n de programaci\u00f3n del temporizador del m\u00f3dulo del regulador de intensidad, que le permite establecer un horario en la aplicaci\u00f3n para encender y apagar las luces autom\u00e1ticamente en funci\u00f3n de sus h\u00e1bitos de vida.\" width=\"800\" height=\"900\" srcset=\"https:\/\/www.slsele.com\/wp-content\/uploads\/2024\/11\/dimmer-switch-module-detailed-picture-3.webp 800w, https:\/\/www.slsele.com\/wp-content\/uploads\/2024\/11\/dimmer-switch-module-detailed-picture-3-267x300.webp 267w, https:\/\/www.slsele.com\/wp-content\/uploads\/2024\/11\/dimmer-switch-module-detailed-picture-3-768x864.webp 768w, https:\/\/www.slsele.com\/wp-content\/uploads\/2024\/11\/dimmer-switch-module-detailed-picture-3-11x12.webp 11w, https:\/\/www.slsele.com\/wp-content\/uploads\/2024\/11\/dimmer-switch-module-detailed-picture-3-700x788.webp 700w, https:\/\/www.slsele.com\/wp-content\/uploads\/2024\/11\/dimmer-switch-module-detailed-picture-3-600x675.webp 600w\" sizes=\"auto, (max-width: 800px) 100vw, 800px\" \/><\/strong><\/p>\n<p style=\"text-align: left\"><strong>Ajuste del estado del rel\u00e9<\/strong>: El conmutador puede restaurar su estado anterior tras un corte de corriente.<\/p>\n<p style=\"text-align: left\"><strong><img loading=\"lazy\" decoding=\"async\" class=\"aligncenter size-full wp-image-4193\" src=\"https:\/\/slsele.com\/wp-content\/uploads\/2024\/11\/dimmer-switch-module-detailed-picture-6.webp\" alt=\"Funci\u00f3n de ajuste del estado del rel\u00e9 del m\u00f3dulo de conmutador de atenuaci\u00f3n, que le permite configurar el conmutador para que restablezca su estado anterior despu\u00e9s de encenderlo.\" width=\"800\" height=\"900\" srcset=\"https:\/\/www.slsele.com\/wp-content\/uploads\/2024\/11\/dimmer-switch-module-detailed-picture-6.webp 800w, https:\/\/www.slsele.com\/wp-content\/uploads\/2024\/11\/dimmer-switch-module-detailed-picture-6-267x300.webp 267w, https:\/\/www.slsele.com\/wp-content\/uploads\/2024\/11\/dimmer-switch-module-detailed-picture-6-768x864.webp 768w, https:\/\/www.slsele.com\/wp-content\/uploads\/2024\/11\/dimmer-switch-module-detailed-picture-6-11x12.webp 11w, https:\/\/www.slsele.com\/wp-content\/uploads\/2024\/11\/dimmer-switch-module-detailed-picture-6-700x788.webp 700w, https:\/\/www.slsele.com\/wp-content\/uploads\/2024\/11\/dimmer-switch-module-detailed-picture-6-600x675.webp 600w\" sizes=\"auto, (max-width: 800px) 100vw, 800px\" \/><\/strong><\/p>\n<p style=\"text-align: left\"><strong>Grupo de control<\/strong>: Agrupa todos los interruptores inteligentes en la app Smart Life para controlar con un solo clic todos los electrodom\u00e9sticos o la iluminaci\u00f3n.<\/p>\n<p style=\"text-align: left\"><strong>Escena inteligente<\/strong>: Crea escenas personalizadas para activar\/desactivar los aparatos en funci\u00f3n de modos como salida, casa o condiciones ambientales como temperatura y humedad.<\/p>\n<h3 style=\"font-size: 25px;text-align: left\">Diagrama de cableado<\/h3>\n<h3 style=\"font-size: 25px;text-align: left\"><img loading=\"lazy\" decoding=\"async\" class=\"aligncenter size-full wp-image-4196\" src=\"https:\/\/slsele.com\/wp-content\/uploads\/2024\/11\/wiring-diagram.webp\" alt=\"Diagrama de cableado para el m\u00f3dulo de conmutador de atenuaci\u00f3n WiFi de 1 y 2 canales, que muestra las conexiones para las se\u00f1ales de alimentaci\u00f3n, carga y control.\" width=\"800\" height=\"800\" srcset=\"https:\/\/www.slsele.com\/wp-content\/uploads\/2024\/11\/wiring-diagram.webp 800w, https:\/\/www.slsele.com\/wp-content\/uploads\/2024\/11\/wiring-diagram-300x300.webp 300w, https:\/\/www.slsele.com\/wp-content\/uploads\/2024\/11\/wiring-diagram-150x150.webp 150w, https:\/\/www.slsele.com\/wp-content\/uploads\/2024\/11\/wiring-diagram-768x768.webp 768w, https:\/\/www.slsele.com\/wp-content\/uploads\/2024\/11\/wiring-diagram-12x12.webp 12w, https:\/\/www.slsele.com\/wp-content\/uploads\/2024\/11\/wiring-diagram-570x570.webp 570w, https:\/\/www.slsele.com\/wp-content\/uploads\/2024\/11\/wiring-diagram-500x500.webp 500w, https:\/\/www.slsele.com\/wp-content\/uploads\/2024\/11\/wiring-diagram-700x700.webp 700w, https:\/\/www.slsele.com\/wp-content\/uploads\/2024\/11\/wiring-diagram-600x600.webp 600w, https:\/\/www.slsele.com\/wp-content\/uploads\/2024\/11\/wiring-diagram-100x100.webp 100w, https:\/\/www.slsele.com\/wp-content\/uploads\/2024\/11\/wiring-diagram-50x50.webp 50w\" sizes=\"auto, (max-width: 800px) 100vw, 800px\" \/>Especificaciones<\/h3>\n<p style=\"text-align: left\">Material de la carcasa: PC\/Calificaci\u00f3n de inflamabilidad: V0<\/p>\n<p style=\"text-align: left\">Tensi\u00f3n nominal: 100~240V 50\/60Hz<\/p>\n<p style=\"text-align: left\">Corriente nominal: 10A<\/p>\n<p style=\"text-align: left\">Tama\u00f1o: 39,2*39,2*18mm<\/p>\n<p style=\"text-align: left\">Control f\u00edsico bidireccional: Soporta<\/p>\n<p style=\"text-align: left\">Est\u00e1ndar WiFi: S\u00f3lo IEEE 802.11 b\/g\/n 2.4Ghz<\/p>\n<p style=\"text-align: left\">Humedad de funcionamiento: \u226490%<\/p>\n<p style=\"text-align: left\">Temperatura de funcionamiento: -10~40\u2103<\/p>\n<p style=\"text-align: left\">App: TuyaSmart\/Vida inteligente<\/p>\n<p style=\"text-align: left\">Control por voz: Compatible con Alexa Google Home<\/p>\n<p style=\"text-align: left\">Grado de protecci\u00f3n IP: IP20<\/p>\n<p style=\"text-align: left\">Certificados: CE ROHS<\/p>\n<h3 style=\"font-size: 25px;text-align: left\">Lista de paquetes<\/h3>\n<p style=\"text-align: left\">1*M\u00f3dulo regulador de intensidad wifi<\/p>\n<p style=\"text-align: left\">1*Manual del usuario<\/p>","protected":false},"excerpt":{"rendered":"<p style=\"margin: 0cm\">El <strong>M\u00f3dulo de interruptor de regulaci\u00f3n WiFi inteligente SLS<\/strong> transforma tus interruptores de luz tradicionales en controles de regulaci\u00f3n inteligentes, al tiempo que conserva el funcionamiento manual. Este m\u00f3dulo, que se instala f\u00e1cilmente sin necesidad de sustituir interruptores ni luminarias, mejora la experiencia de iluminaci\u00f3n con regulaci\u00f3n autom\u00e1tica y control por voz a trav\u00e9s de Alexa o Google Home. Funciona en un rango de voltaje de 100-240V y admite conectividad WiFi (2,4GHz). Compatible con las aplicaciones TuyaSmart y Smart Life, es una actualizaci\u00f3n sencilla y eficiente para un control m\u00e1s inteligente de la iluminaci\u00f3n de su hogar.<\/p>","protected":false},"featured_media":4195,"comment_status":"open","ping_status":"closed","template":"","meta":[],"product_brand":[],"product_cat":[15,24,25],"product_tag":[],"class_list":{"0":"post-4172","1":"product","2":"type-product","3":"status-publish","4":"has-post-thumbnail","6":"product_cat-smart-switch","7":"product_cat-eu-smart-dimmer-switch","8":"product_cat-us-smart-dimmer-switch","10":"first","11":"instock","12":"shipping-taxable","13":"purchasable","14":"product-type-variable"},"_links":{"self":[{"href":"https:\/\/www.slsele.com\/es\/wp-json\/wp\/v2\/product\/4172","targetHints":{"allow":["GET"]}}],"collection":[{"href":"https:\/\/www.slsele.com\/es\/wp-json\/wp\/v2\/product"}],"about":[{"href":"https:\/\/www.slsele.com\/es\/wp-json\/wp\/v2\/types\/product"}],"replies":[{"embeddable":true,"href":"https:\/\/www.slsele.com\/es\/wp-json\/wp\/v2\/comments?post=4172"}],"wp:featuredmedia":[{"embeddable":true,"href":"https:\/\/www.slsele.com\/es\/wp-json\/wp\/v2\/media\/4195"}],"wp:attachment":[{"href":"https:\/\/www.slsele.com\/es\/wp-json\/wp\/v2\/media?parent=4172"}],"wp:term":[{"taxonomy":"product_brand","embeddable":true,"href":"https:\/\/www.slsele.com\/es\/wp-json\/wp\/v2\/product_brand?post=4172"},{"taxonomy":"product_cat","embeddable":true,"href":"https:\/\/www.slsele.com\/es\/wp-json\/wp\/v2\/product_cat?post=4172"},{"taxonomy":"product_tag","embeddable":true,"href":"https:\/\/www.slsele.com\/es\/wp-json\/wp\/v2\/product_tag?post=4172"}],"curies":[{"name":"wp","href":"https:\/\/api.w.org\/{rel}","templated":true}]}}