{"id":4090,"date":"2024-10-26T17:53:03","date_gmt":"2024-10-26T09:53:03","guid":{"rendered":"https:\/\/slsele.com\/?post_type=product&#038;p=4090"},"modified":"2024-11-11T17:36:39","modified_gmt":"2024-11-11T09:36:39","slug":"sls-smart-wifi-candle-bulb-e14","status":"publish","type":"product","link":"https:\/\/www.slsele.com\/es\/producto\/sls-smart-wifi-candle-bulb-e14\/","title":{"rendered":"SLS Bombilla WiFi Inteligente E14"},"content":{"rendered":"<h2 style=\"text-align: center;\">\u00a0Bombilla WiFi Inteligente E14 5W RGBCCT 2200-6500K<\/h2>\n<h3 style=\"font-size: 25px; text-align: left;\">Descripci\u00f3n<\/h3>\n<p style=\"text-align: left;\">La bombilla vela WiFi ofrece un c\u00f3modo mando a distancia a trav\u00e9s de una app, lo que te permite apagar la bombilla incluso si te olvidas despu\u00e9s de salir de casa. Tambi\u00e9n es compatible con Alexa y Google Home, lo que permite un control por voz manos libres para ajustar la potencia y los colores, de modo que puedas crear ambiente sin esfuerzo, en cualquier momento y lugar.<\/p>\n<p style=\"text-align: left;\"><img loading=\"lazy\" decoding=\"async\" class=\"aligncenter size-full wp-image-4111\" src=\"https:\/\/slsele.com\/wp-content\/uploads\/2024\/10\/app-remote-control-candle-bulb.gif\" alt=\"App de control remoto para la luminosidad de la bombilla de la vela\" width=\"600\" height=\"338\" \/>Con m\u00faltiples opciones de programaci\u00f3n inteligente, la bombilla vela WiFi se adapta a tu rutina. El modo Programar te permite personalizar las horas de encendido y apagado, mientras que la funci\u00f3n Cuenta atr\u00e1s ayuda a gestionar la duraci\u00f3n de la iluminaci\u00f3n, proporcionando recordatorios oportunos. Los modos Despertar y Dormir imitan el amanecer para despertarte suavemente y proporcionan una luz calmante para noches de descanso, promoviendo una experiencia de iluminaci\u00f3n m\u00e1s saludable.<\/p>\n<p style=\"text-align: left;\"><img loading=\"lazy\" decoding=\"async\" class=\"aligncenter size-full wp-image-4112\" src=\"https:\/\/slsele.com\/wp-content\/uploads\/2024\/10\/voice-control-wifi-candle-bulb.gif\" alt=\"Control por voz para la bombilla vela WiFi\" width=\"600\" height=\"338\" \/>Funcionando a 5W, esta bombilla vela WiFi brilla con 470 l\u00famenes, ofreciendo la misma luminosidad que las bombillas tradicionales que consumen 31W, consiguiendo una alta eficiencia sin comprometer la luminosidad.<\/p>\n<p style=\"text-align: left;\">El modo No molestar tambi\u00e9n evita la iluminaci\u00f3n repentina tras un corte de corriente. Para reactivarlo, basta con accionar el interruptor dos veces en 5 segundos, garantizando un entorno sin perturbaciones cuando sea necesario.<\/p>\n<p style=\"text-align: left;\">La iluminaci\u00f3n inteligente cambia la luminosidad del hogar seg\u00fan sus deseos.<span style=\"text-decoration: underline; color: #0000ff;\"><a style=\"color: #0000ff; text-decoration: underline;\" href=\"https:\/\/www.slsele.com\/es\/product-category\/smart-lighting\/\" target=\"_blank\" rel=\"noopener\">Haga clic aqu\u00ed para obtener m\u00e1s informaci\u00f3n<\/a><\/span>.<\/p>\n<h3 style=\"font-size: 25px; text-align: left;\"><img loading=\"lazy\" decoding=\"async\" class=\"aligncenter size-large wp-image-4092\" src=\"https:\/\/slsele.com\/wp-content\/uploads\/2024\/10\/WiFi-candle-bulb-detailed-picture-1-1024x1024.webp\" alt=\"\" width=\"1024\" height=\"1024\" srcset=\"https:\/\/www.slsele.com\/wp-content\/uploads\/2024\/10\/WiFi-candle-bulb-detailed-picture-1-1024x1024.webp 1024w, https:\/\/www.slsele.com\/wp-content\/uploads\/2024\/10\/WiFi-candle-bulb-detailed-picture-1-300x300.webp 300w, https:\/\/www.slsele.com\/wp-content\/uploads\/2024\/10\/WiFi-candle-bulb-detailed-picture-1-150x150.webp 150w, https:\/\/www.slsele.com\/wp-content\/uploads\/2024\/10\/WiFi-candle-bulb-detailed-picture-1-768x768.webp 768w, https:\/\/www.slsele.com\/wp-content\/uploads\/2024\/10\/WiFi-candle-bulb-detailed-picture-1-12x12.webp 12w, https:\/\/www.slsele.com\/wp-content\/uploads\/2024\/10\/WiFi-candle-bulb-detailed-picture-1-570x570.webp 570w, https:\/\/www.slsele.com\/wp-content\/uploads\/2024\/10\/WiFi-candle-bulb-detailed-picture-1-500x500.webp 500w, https:\/\/www.slsele.com\/wp-content\/uploads\/2024\/10\/WiFi-candle-bulb-detailed-picture-1-1000x1000.webp 1000w, https:\/\/www.slsele.com\/wp-content\/uploads\/2024\/10\/WiFi-candle-bulb-detailed-picture-1-700x700.webp 700w, https:\/\/www.slsele.com\/wp-content\/uploads\/2024\/10\/WiFi-candle-bulb-detailed-picture-1-600x600.webp 600w, https:\/\/www.slsele.com\/wp-content\/uploads\/2024\/10\/WiFi-candle-bulb-detailed-picture-1-100x100.webp 100w, https:\/\/www.slsele.com\/wp-content\/uploads\/2024\/10\/WiFi-candle-bulb-detailed-picture-1-50x50.webp 50w, https:\/\/www.slsele.com\/wp-content\/uploads\/2024\/10\/WiFi-candle-bulb-detailed-picture-1.webp 1440w\" sizes=\"auto, (max-width: 1024px) 100vw, 1024px\" \/><img loading=\"lazy\" decoding=\"async\" class=\"aligncenter size-large wp-image-4093\" src=\"https:\/\/slsele.com\/wp-content\/uploads\/2024\/10\/WiFi-candle-bulb-detailed-picture-2-1024x1024.webp\" alt=\"\" width=\"1024\" height=\"1024\" srcset=\"https:\/\/www.slsele.com\/wp-content\/uploads\/2024\/10\/WiFi-candle-bulb-detailed-picture-2-1024x1024.webp 1024w, https:\/\/www.slsele.com\/wp-content\/uploads\/2024\/10\/WiFi-candle-bulb-detailed-picture-2-300x300.webp 300w, https:\/\/www.slsele.com\/wp-content\/uploads\/2024\/10\/WiFi-candle-bulb-detailed-picture-2-150x150.webp 150w, https:\/\/www.slsele.com\/wp-content\/uploads\/2024\/10\/WiFi-candle-bulb-detailed-picture-2-768x768.webp 768w, https:\/\/www.slsele.com\/wp-content\/uploads\/2024\/10\/WiFi-candle-bulb-detailed-picture-2-1536x1536.webp 1536w, https:\/\/www.slsele.com\/wp-content\/uploads\/2024\/10\/WiFi-candle-bulb-detailed-picture-2-12x12.webp 12w, https:\/\/www.slsele.com\/wp-content\/uploads\/2024\/10\/WiFi-candle-bulb-detailed-picture-2-570x570.webp 570w, https:\/\/www.slsele.com\/wp-content\/uploads\/2024\/10\/WiFi-candle-bulb-detailed-picture-2-500x500.webp 500w, https:\/\/www.slsele.com\/wp-content\/uploads\/2024\/10\/WiFi-candle-bulb-detailed-picture-2-1000x1000.webp 1000w, https:\/\/www.slsele.com\/wp-content\/uploads\/2024\/10\/WiFi-candle-bulb-detailed-picture-2-700x700.webp 700w, https:\/\/www.slsele.com\/wp-content\/uploads\/2024\/10\/WiFi-candle-bulb-detailed-picture-2-600x600.webp 600w, https:\/\/www.slsele.com\/wp-content\/uploads\/2024\/10\/WiFi-candle-bulb-detailed-picture-2-100x100.webp 100w, https:\/\/www.slsele.com\/wp-content\/uploads\/2024\/10\/WiFi-candle-bulb-detailed-picture-2-50x50.webp 50w, https:\/\/www.slsele.com\/wp-content\/uploads\/2024\/10\/WiFi-candle-bulb-detailed-picture-2.webp 1600w\" sizes=\"auto, (max-width: 1024px) 100vw, 1024px\" \/><img loading=\"lazy\" decoding=\"async\" class=\"aligncenter size-large wp-image-4099\" src=\"https:\/\/slsele.com\/wp-content\/uploads\/2024\/10\/WiFi-candle-bulb-detailed-picture-8-1024x1024.webp\" alt=\"La bombilla vela WiFi tiene un modo de vigilia y un modo de reposo\" width=\"1024\" height=\"1024\" srcset=\"https:\/\/www.slsele.com\/wp-content\/uploads\/2024\/10\/WiFi-candle-bulb-detailed-picture-8-1024x1024.webp 1024w, https:\/\/www.slsele.com\/wp-content\/uploads\/2024\/10\/WiFi-candle-bulb-detailed-picture-8-300x300.webp 300w, https:\/\/www.slsele.com\/wp-content\/uploads\/2024\/10\/WiFi-candle-bulb-detailed-picture-8-150x150.webp 150w, https:\/\/www.slsele.com\/wp-content\/uploads\/2024\/10\/WiFi-candle-bulb-detailed-picture-8-768x768.webp 768w, https:\/\/www.slsele.com\/wp-content\/uploads\/2024\/10\/WiFi-candle-bulb-detailed-picture-8-1536x1536.webp 1536w, https:\/\/www.slsele.com\/wp-content\/uploads\/2024\/10\/WiFi-candle-bulb-detailed-picture-8-12x12.webp 12w, https:\/\/www.slsele.com\/wp-content\/uploads\/2024\/10\/WiFi-candle-bulb-detailed-picture-8-570x570.webp 570w, https:\/\/www.slsele.com\/wp-content\/uploads\/2024\/10\/WiFi-candle-bulb-detailed-picture-8-500x500.webp 500w, https:\/\/www.slsele.com\/wp-content\/uploads\/2024\/10\/WiFi-candle-bulb-detailed-picture-8-1000x1000.webp 1000w, https:\/\/www.slsele.com\/wp-content\/uploads\/2024\/10\/WiFi-candle-bulb-detailed-picture-8-700x700.webp 700w, https:\/\/www.slsele.com\/wp-content\/uploads\/2024\/10\/WiFi-candle-bulb-detailed-picture-8-600x600.webp 600w, https:\/\/www.slsele.com\/wp-content\/uploads\/2024\/10\/WiFi-candle-bulb-detailed-picture-8-100x100.webp 100w, https:\/\/www.slsele.com\/wp-content\/uploads\/2024\/10\/WiFi-candle-bulb-detailed-picture-8-50x50.webp 50w, https:\/\/www.slsele.com\/wp-content\/uploads\/2024\/10\/WiFi-candle-bulb-detailed-picture-8.webp 1600w\" sizes=\"auto, (max-width: 1024px) 100vw, 1024px\" \/><\/h3>\n<h3 style=\"font-size: 25px; text-align: left;\">Caracter\u00edsticas principales<\/h3>\n<p style=\"text-align: left;\">1. <strong>Control remoto de aplicaciones<\/strong>: Permite un control preciso de tu iluminaci\u00f3n desde el tel\u00e9fono, adapt\u00e1ndose a tus necesidades est\u00e9s donde est\u00e9s.<\/p>\n<h3 style=\"font-size: 25px; text-align: left;\"><img loading=\"lazy\" decoding=\"async\" class=\"aligncenter size-large wp-image-4096\" src=\"https:\/\/slsele.com\/wp-content\/uploads\/2024\/10\/WiFi-candle-bulb-detailed-picture-5-1024x1024.webp\" alt=\"\" width=\"1024\" height=\"1024\" srcset=\"https:\/\/www.slsele.com\/wp-content\/uploads\/2024\/10\/WiFi-candle-bulb-detailed-picture-5-1024x1024.webp 1024w, https:\/\/www.slsele.com\/wp-content\/uploads\/2024\/10\/WiFi-candle-bulb-detailed-picture-5-300x300.webp 300w, https:\/\/www.slsele.com\/wp-content\/uploads\/2024\/10\/WiFi-candle-bulb-detailed-picture-5-150x150.webp 150w, https:\/\/www.slsele.com\/wp-content\/uploads\/2024\/10\/WiFi-candle-bulb-detailed-picture-5-768x768.webp 768w, https:\/\/www.slsele.com\/wp-content\/uploads\/2024\/10\/WiFi-candle-bulb-detailed-picture-5-1536x1536.webp 1536w, https:\/\/www.slsele.com\/wp-content\/uploads\/2024\/10\/WiFi-candle-bulb-detailed-picture-5-12x12.webp 12w, https:\/\/www.slsele.com\/wp-content\/uploads\/2024\/10\/WiFi-candle-bulb-detailed-picture-5-570x570.webp 570w, https:\/\/www.slsele.com\/wp-content\/uploads\/2024\/10\/WiFi-candle-bulb-detailed-picture-5-500x500.webp 500w, https:\/\/www.slsele.com\/wp-content\/uploads\/2024\/10\/WiFi-candle-bulb-detailed-picture-5-1000x1000.webp 1000w, https:\/\/www.slsele.com\/wp-content\/uploads\/2024\/10\/WiFi-candle-bulb-detailed-picture-5-700x700.webp 700w, https:\/\/www.slsele.com\/wp-content\/uploads\/2024\/10\/WiFi-candle-bulb-detailed-picture-5-600x600.webp 600w, https:\/\/www.slsele.com\/wp-content\/uploads\/2024\/10\/WiFi-candle-bulb-detailed-picture-5-100x100.webp 100w, https:\/\/www.slsele.com\/wp-content\/uploads\/2024\/10\/WiFi-candle-bulb-detailed-picture-5-50x50.webp 50w, https:\/\/www.slsele.com\/wp-content\/uploads\/2024\/10\/WiFi-candle-bulb-detailed-picture-5.webp 1600w\" sizes=\"auto, (max-width: 1024px) 100vw, 1024px\" \/><\/h3>\n<p style=\"text-align: left;\">2. <strong>Control por voz<\/strong>: Se empareja con los principales altavoces inteligentes como Alexa\/Google Home para un funcionamiento manos libres, incluido el encendido\/apagado de luces y el ajuste de colores.<\/p>\n<h3 style=\"font-size: 25px; text-align: left;\"><img loading=\"lazy\" decoding=\"async\" class=\"aligncenter size-large wp-image-4097\" src=\"https:\/\/slsele.com\/wp-content\/uploads\/2024\/10\/WiFi-candle-bulb-detailed-picture-6-1024x1024.webp\" alt=\"\" width=\"1024\" height=\"1024\" srcset=\"https:\/\/www.slsele.com\/wp-content\/uploads\/2024\/10\/WiFi-candle-bulb-detailed-picture-6-1024x1024.webp 1024w, https:\/\/www.slsele.com\/wp-content\/uploads\/2024\/10\/WiFi-candle-bulb-detailed-picture-6-300x300.webp 300w, https:\/\/www.slsele.com\/wp-content\/uploads\/2024\/10\/WiFi-candle-bulb-detailed-picture-6-150x150.webp 150w, https:\/\/www.slsele.com\/wp-content\/uploads\/2024\/10\/WiFi-candle-bulb-detailed-picture-6-768x768.webp 768w, https:\/\/www.slsele.com\/wp-content\/uploads\/2024\/10\/WiFi-candle-bulb-detailed-picture-6-1536x1536.webp 1536w, https:\/\/www.slsele.com\/wp-content\/uploads\/2024\/10\/WiFi-candle-bulb-detailed-picture-6-12x12.webp 12w, https:\/\/www.slsele.com\/wp-content\/uploads\/2024\/10\/WiFi-candle-bulb-detailed-picture-6-570x570.webp 570w, https:\/\/www.slsele.com\/wp-content\/uploads\/2024\/10\/WiFi-candle-bulb-detailed-picture-6-500x500.webp 500w, https:\/\/www.slsele.com\/wp-content\/uploads\/2024\/10\/WiFi-candle-bulb-detailed-picture-6-1000x1000.webp 1000w, https:\/\/www.slsele.com\/wp-content\/uploads\/2024\/10\/WiFi-candle-bulb-detailed-picture-6-700x700.webp 700w, https:\/\/www.slsele.com\/wp-content\/uploads\/2024\/10\/WiFi-candle-bulb-detailed-picture-6-600x600.webp 600w, https:\/\/www.slsele.com\/wp-content\/uploads\/2024\/10\/WiFi-candle-bulb-detailed-picture-6-100x100.webp 100w, https:\/\/www.slsele.com\/wp-content\/uploads\/2024\/10\/WiFi-candle-bulb-detailed-picture-6-50x50.webp 50w, https:\/\/www.slsele.com\/wp-content\/uploads\/2024\/10\/WiFi-candle-bulb-detailed-picture-6.webp 1600w\" sizes=\"auto, (max-width: 1024px) 100vw, 1024px\" \/><\/h3>\n<p style=\"text-align: left;\">3. <strong>16 millones de opciones de color RGB<\/strong>: Ofrece una amplia gama de colores para personalizar, creando el ambiente perfecto para cualquier ocasi\u00f3n.<\/p>\n<h3 style=\"font-size: 25px; text-align: left;\"><img loading=\"lazy\" decoding=\"async\" class=\"aligncenter size-large wp-image-4095\" src=\"https:\/\/slsele.com\/wp-content\/uploads\/2024\/10\/WiFi-candle-bulb-detailed-picture-4-1024x1024.webp\" alt=\"\" width=\"1024\" height=\"1024\" srcset=\"https:\/\/www.slsele.com\/wp-content\/uploads\/2024\/10\/WiFi-candle-bulb-detailed-picture-4-1024x1024.webp 1024w, https:\/\/www.slsele.com\/wp-content\/uploads\/2024\/10\/WiFi-candle-bulb-detailed-picture-4-300x300.webp 300w, https:\/\/www.slsele.com\/wp-content\/uploads\/2024\/10\/WiFi-candle-bulb-detailed-picture-4-150x150.webp 150w, https:\/\/www.slsele.com\/wp-content\/uploads\/2024\/10\/WiFi-candle-bulb-detailed-picture-4-768x768.webp 768w, https:\/\/www.slsele.com\/wp-content\/uploads\/2024\/10\/WiFi-candle-bulb-detailed-picture-4-1536x1536.webp 1536w, https:\/\/www.slsele.com\/wp-content\/uploads\/2024\/10\/WiFi-candle-bulb-detailed-picture-4-12x12.webp 12w, https:\/\/www.slsele.com\/wp-content\/uploads\/2024\/10\/WiFi-candle-bulb-detailed-picture-4-570x570.webp 570w, https:\/\/www.slsele.com\/wp-content\/uploads\/2024\/10\/WiFi-candle-bulb-detailed-picture-4-500x500.webp 500w, https:\/\/www.slsele.com\/wp-content\/uploads\/2024\/10\/WiFi-candle-bulb-detailed-picture-4-1000x1000.webp 1000w, https:\/\/www.slsele.com\/wp-content\/uploads\/2024\/10\/WiFi-candle-bulb-detailed-picture-4-700x700.webp 700w, https:\/\/www.slsele.com\/wp-content\/uploads\/2024\/10\/WiFi-candle-bulb-detailed-picture-4-600x600.webp 600w, https:\/\/www.slsele.com\/wp-content\/uploads\/2024\/10\/WiFi-candle-bulb-detailed-picture-4-100x100.webp 100w, https:\/\/www.slsele.com\/wp-content\/uploads\/2024\/10\/WiFi-candle-bulb-detailed-picture-4-50x50.webp 50w, https:\/\/www.slsele.com\/wp-content\/uploads\/2024\/10\/WiFi-candle-bulb-detailed-picture-4.webp 1600w\" sizes=\"auto, (max-width: 1024px) 100vw, 1024px\" \/><\/h3>\n<p style=\"text-align: left;\">4. <strong>Temporizador independiente<\/strong>: Permite la programaci\u00f3n personalizada de las horas de encendido y apagado, a\u00f1adiendo comodidad a las rutinas diarias y eliminando las operaciones manuales.<\/p>\n<h3 style=\"font-size: 25px; text-align: left;\"><img loading=\"lazy\" decoding=\"async\" class=\"aligncenter size-large wp-image-4098\" src=\"https:\/\/slsele.com\/wp-content\/uploads\/2024\/10\/WiFi-candle-bulb-detailed-picture-7-1024x1024.webp\" alt=\"La bombilla vela WiFi tiene una funci\u00f3n de temporizaci\u00f3n, programada para encenderse a las 18:00 y apagarse a las 22:00\" width=\"1024\" height=\"1024\" srcset=\"https:\/\/www.slsele.com\/wp-content\/uploads\/2024\/10\/WiFi-candle-bulb-detailed-picture-7-1024x1024.webp 1024w, https:\/\/www.slsele.com\/wp-content\/uploads\/2024\/10\/WiFi-candle-bulb-detailed-picture-7-300x300.webp 300w, https:\/\/www.slsele.com\/wp-content\/uploads\/2024\/10\/WiFi-candle-bulb-detailed-picture-7-150x150.webp 150w, https:\/\/www.slsele.com\/wp-content\/uploads\/2024\/10\/WiFi-candle-bulb-detailed-picture-7-768x768.webp 768w, https:\/\/www.slsele.com\/wp-content\/uploads\/2024\/10\/WiFi-candle-bulb-detailed-picture-7-1536x1536.webp 1536w, https:\/\/www.slsele.com\/wp-content\/uploads\/2024\/10\/WiFi-candle-bulb-detailed-picture-7-12x12.webp 12w, https:\/\/www.slsele.com\/wp-content\/uploads\/2024\/10\/WiFi-candle-bulb-detailed-picture-7-570x570.webp 570w, https:\/\/www.slsele.com\/wp-content\/uploads\/2024\/10\/WiFi-candle-bulb-detailed-picture-7-500x500.webp 500w, https:\/\/www.slsele.com\/wp-content\/uploads\/2024\/10\/WiFi-candle-bulb-detailed-picture-7-1000x1000.webp 1000w, https:\/\/www.slsele.com\/wp-content\/uploads\/2024\/10\/WiFi-candle-bulb-detailed-picture-7-700x700.webp 700w, https:\/\/www.slsele.com\/wp-content\/uploads\/2024\/10\/WiFi-candle-bulb-detailed-picture-7-600x600.webp 600w, https:\/\/www.slsele.com\/wp-content\/uploads\/2024\/10\/WiFi-candle-bulb-detailed-picture-7-100x100.webp 100w, https:\/\/www.slsele.com\/wp-content\/uploads\/2024\/10\/WiFi-candle-bulb-detailed-picture-7-50x50.webp 50w, https:\/\/www.slsele.com\/wp-content\/uploads\/2024\/10\/WiFi-candle-bulb-detailed-picture-7.webp 1600w\" sizes=\"auto, (max-width: 1024px) 100vw, 1024px\" \/><\/h3>\n<p style=\"text-align: left;\">5. <strong>Dise\u00f1o energ\u00e9ticamente eficiente<\/strong>: Adopta una eficiente tecnolog\u00eda de ahorro de energ\u00eda que reduce el consumo de energ\u00eda al tiempo que prolonga la vida \u00fatil de la bombilla.<\/p>\n<h3 style=\"font-size: 25px; text-align: left;\"><img loading=\"lazy\" decoding=\"async\" class=\"aligncenter size-large wp-image-4094\" src=\"https:\/\/slsele.com\/wp-content\/uploads\/2024\/10\/WiFi-candle-bulb-detailed-picture-3-1024x1024.webp\" alt=\"\" width=\"1024\" height=\"1024\" srcset=\"https:\/\/www.slsele.com\/wp-content\/uploads\/2024\/10\/WiFi-candle-bulb-detailed-picture-3-1024x1024.webp 1024w, https:\/\/www.slsele.com\/wp-content\/uploads\/2024\/10\/WiFi-candle-bulb-detailed-picture-3-300x300.webp 300w, https:\/\/www.slsele.com\/wp-content\/uploads\/2024\/10\/WiFi-candle-bulb-detailed-picture-3-150x150.webp 150w, https:\/\/www.slsele.com\/wp-content\/uploads\/2024\/10\/WiFi-candle-bulb-detailed-picture-3-768x768.webp 768w, https:\/\/www.slsele.com\/wp-content\/uploads\/2024\/10\/WiFi-candle-bulb-detailed-picture-3-1536x1536.webp 1536w, https:\/\/www.slsele.com\/wp-content\/uploads\/2024\/10\/WiFi-candle-bulb-detailed-picture-3-12x12.webp 12w, https:\/\/www.slsele.com\/wp-content\/uploads\/2024\/10\/WiFi-candle-bulb-detailed-picture-3-570x570.webp 570w, https:\/\/www.slsele.com\/wp-content\/uploads\/2024\/10\/WiFi-candle-bulb-detailed-picture-3-500x500.webp 500w, https:\/\/www.slsele.com\/wp-content\/uploads\/2024\/10\/WiFi-candle-bulb-detailed-picture-3-1000x1000.webp 1000w, https:\/\/www.slsele.com\/wp-content\/uploads\/2024\/10\/WiFi-candle-bulb-detailed-picture-3-700x700.webp 700w, https:\/\/www.slsele.com\/wp-content\/uploads\/2024\/10\/WiFi-candle-bulb-detailed-picture-3-600x600.webp 600w, https:\/\/www.slsele.com\/wp-content\/uploads\/2024\/10\/WiFi-candle-bulb-detailed-picture-3-100x100.webp 100w, https:\/\/www.slsele.com\/wp-content\/uploads\/2024\/10\/WiFi-candle-bulb-detailed-picture-3-50x50.webp 50w, https:\/\/www.slsele.com\/wp-content\/uploads\/2024\/10\/WiFi-candle-bulb-detailed-picture-3.webp 1600w\" sizes=\"auto, (max-width: 1024px) 100vw, 1024px\" \/><\/h3>\n<p style=\"text-align: left;\">6. <strong>Modo No Molestar opcional<\/strong>: tras un corte de corriente, la bombilla de la vela WiFi permanece apagada para evitar una iluminaci\u00f3n repentina. Enciende y apaga el interruptor dos veces en 5 segundos para activar la bombilla.<\/p>\n<h3 style=\"font-size: 25px; text-align: left;\"><img loading=\"lazy\" decoding=\"async\" class=\"aligncenter size-large wp-image-4100\" src=\"https:\/\/slsele.com\/wp-content\/uploads\/2024\/10\/WiFi-candle-bulb-detailed-picture-9-1024x1024.webp\" alt=\"El modo no molestar de la bombilla vela WiFi\" width=\"1024\" height=\"1024\" srcset=\"https:\/\/www.slsele.com\/wp-content\/uploads\/2024\/10\/WiFi-candle-bulb-detailed-picture-9-1024x1024.webp 1024w, https:\/\/www.slsele.com\/wp-content\/uploads\/2024\/10\/WiFi-candle-bulb-detailed-picture-9-300x300.webp 300w, https:\/\/www.slsele.com\/wp-content\/uploads\/2024\/10\/WiFi-candle-bulb-detailed-picture-9-150x150.webp 150w, https:\/\/www.slsele.com\/wp-content\/uploads\/2024\/10\/WiFi-candle-bulb-detailed-picture-9-768x768.webp 768w, https:\/\/www.slsele.com\/wp-content\/uploads\/2024\/10\/WiFi-candle-bulb-detailed-picture-9-1536x1536.webp 1536w, https:\/\/www.slsele.com\/wp-content\/uploads\/2024\/10\/WiFi-candle-bulb-detailed-picture-9-12x12.webp 12w, https:\/\/www.slsele.com\/wp-content\/uploads\/2024\/10\/WiFi-candle-bulb-detailed-picture-9-570x570.webp 570w, https:\/\/www.slsele.com\/wp-content\/uploads\/2024\/10\/WiFi-candle-bulb-detailed-picture-9-500x500.webp 500w, https:\/\/www.slsele.com\/wp-content\/uploads\/2024\/10\/WiFi-candle-bulb-detailed-picture-9-1000x1000.webp 1000w, https:\/\/www.slsele.com\/wp-content\/uploads\/2024\/10\/WiFi-candle-bulb-detailed-picture-9-700x700.webp 700w, https:\/\/www.slsele.com\/wp-content\/uploads\/2024\/10\/WiFi-candle-bulb-detailed-picture-9-600x600.webp 600w, https:\/\/www.slsele.com\/wp-content\/uploads\/2024\/10\/WiFi-candle-bulb-detailed-picture-9-100x100.webp 100w, https:\/\/www.slsele.com\/wp-content\/uploads\/2024\/10\/WiFi-candle-bulb-detailed-picture-9-50x50.webp 50w, https:\/\/www.slsele.com\/wp-content\/uploads\/2024\/10\/WiFi-candle-bulb-detailed-picture-9.webp 1600w\" sizes=\"auto, (max-width: 1024px) 100vw, 1024px\" \/><\/h3>\n<h3 style=\"font-size: 25px; text-align: left;\">Especificaciones<\/h3>\n<p style=\"text-align: left;\">Tama\u00f1o del producto: 37*37*106 mm<br \/>\nTemperatura de color: 2700-6500K+RGB<br \/>\nPotencia: 5W\u00b110%<br \/>\nLumen: 470LM\u58eb10%<br \/>\nVoltaje: AC90-250V<br \/>\nEst\u00e1ndar WiFi: WIFI 2.4GHz<br \/>\n\u00c1ngulo del haz: 240<br \/>\nBanda de frecuencia: 2402-2480HZ<br \/>\nPotencia m\u00e1xima de transmisi\u00f3n de radio: &lt;+16dBm<\/p>","protected":false},"excerpt":{"rendered":"<p style=\"margin: 0cm;\"><span lang=\"EN-US\" style=\"font-family: 'Times New Roman',serif; color: #0e101a; font-size: 20px;\">La bombilla vela WiFi ofrece control remoto mediante app, comandos de voz de Alexa\/Google Home, programaci\u00f3n inteligente y modos amanecer\/dormir. Es eficiente y vers\u00e1til, con 5 W de potencia a 470 l\u00famenes y un modo No Molestar para evitar la iluminaci\u00f3n repentina tras apagones.<\/span><\/p>","protected":false},"featured_media":4269,"comment_status":"open","ping_status":"closed","template":"","meta":[],"product_brand":[],"product_cat":[35],"product_tag":[],"class_list":{"0":"post-4090","1":"product","2":"type-product","3":"status-publish","4":"has-post-thumbnail","6":"product_cat-smart-lighting","8":"first","9":"instock","10":"shipping-taxable","11":"purchasable","12":"product-type-simple"},"_links":{"self":[{"href":"https:\/\/www.slsele.com\/es\/wp-json\/wp\/v2\/product\/4090","targetHints":{"allow":["GET"]}}],"collection":[{"href":"https:\/\/www.slsele.com\/es\/wp-json\/wp\/v2\/product"}],"about":[{"href":"https:\/\/www.slsele.com\/es\/wp-json\/wp\/v2\/types\/product"}],"replies":[{"embeddable":true,"href":"https:\/\/www.slsele.com\/es\/wp-json\/wp\/v2\/comments?post=4090"}],"wp:featuredmedia":[{"embeddable":true,"href":"https:\/\/www.slsele.com\/es\/wp-json\/wp\/v2\/media\/4269"}],"wp:attachment":[{"href":"https:\/\/www.slsele.com\/es\/wp-json\/wp\/v2\/media?parent=4090"}],"wp:term":[{"taxonomy":"product_brand","embeddable":true,"href":"https:\/\/www.slsele.com\/es\/wp-json\/wp\/v2\/product_brand?post=4090"},{"taxonomy":"product_cat","embeddable":true,"href":"https:\/\/www.slsele.com\/es\/wp-json\/wp\/v2\/product_cat?post=4090"},{"taxonomy":"product_tag","embeddable":true,"href":"https:\/\/www.slsele.com\/es\/wp-json\/wp\/v2\/product_tag?post=4090"}],"curies":[{"name":"wp","href":"https:\/\/api.w.org\/{rel}","templated":true}]}}