{"id":4054,"date":"2024-10-21T17:15:26","date_gmt":"2024-10-21T09:15:26","guid":{"rendered":"https:\/\/slsele.com\/?post_type=product&#038;p=4054"},"modified":"2024-10-22T15:40:04","modified_gmt":"2024-10-22T07:40:04","slug":"tuya-zigbee-temperature-and-humidity-sensor","status":"publish","type":"product","link":"https:\/\/www.slsele.com\/es\/producto\/tuya-zigbee-temperature-and-humidity-sensor\/","title":{"rendered":"Sensor de temperatura y humedad SLS Tuya Zigbee"},"content":{"rendered":"<h2 style=\"text-align: center;\">Sensor de temperatura y humedad SLS Tuya Zigbee con pila CR2032<\/h2>\n<h3 style=\"font-size: 25px; text-align: left;\">Descripci\u00f3n<\/h3>\n<p style=\"text-align: left;\">El sensor de temperatura y humedad Tuya Zigbee utiliza la tecnolog\u00eda Zigbee para un rendimiento eficiente y fiable con un consumo de energ\u00eda ultra bajo, ofreciendo hasta 2 a\u00f1os de duraci\u00f3n de la bater\u00eda. Admite alimentaci\u00f3n tanto por bater\u00eda como por USB. Crea v\u00ednculos inteligentes con su puerta de enlace inteligente y su aire acondicionado para encenderlos autom\u00e1ticamente cuando suben las temperaturas. La sirena integrada mejora la seguridad, proporcionando protecci\u00f3n adicional y tranquilidad.<\/p>\n<h3 style=\"font-size: 25px; text-align: left;\"><img loading=\"lazy\" decoding=\"async\" class=\"aligncenter size-full wp-image-4053\" src=\"https:\/\/slsele.com\/wp-content\/uploads\/2024\/10\/\u4e3b\u56fe1.webp\" alt=\"sensor blanco tuya zigbee de temperatura y humedad\" width=\"800\" height=\"800\" srcset=\"https:\/\/www.slsele.com\/wp-content\/uploads\/2024\/10\/\u4e3b\u56fe1.webp 800w, https:\/\/www.slsele.com\/wp-content\/uploads\/2024\/10\/\u4e3b\u56fe1-300x300.webp 300w, https:\/\/www.slsele.com\/wp-content\/uploads\/2024\/10\/\u4e3b\u56fe1-150x150.webp 150w, https:\/\/www.slsele.com\/wp-content\/uploads\/2024\/10\/\u4e3b\u56fe1-768x768.webp 768w, https:\/\/www.slsele.com\/wp-content\/uploads\/2024\/10\/\u4e3b\u56fe1-12x12.webp 12w, https:\/\/www.slsele.com\/wp-content\/uploads\/2024\/10\/\u4e3b\u56fe1-570x570.webp 570w, https:\/\/www.slsele.com\/wp-content\/uploads\/2024\/10\/\u4e3b\u56fe1-500x500.webp 500w, https:\/\/www.slsele.com\/wp-content\/uploads\/2024\/10\/\u4e3b\u56fe1-700x700.webp 700w, https:\/\/www.slsele.com\/wp-content\/uploads\/2024\/10\/\u4e3b\u56fe1-600x600.webp 600w, https:\/\/www.slsele.com\/wp-content\/uploads\/2024\/10\/\u4e3b\u56fe1-100x100.webp 100w, https:\/\/www.slsele.com\/wp-content\/uploads\/2024\/10\/\u4e3b\u56fe1-50x50.webp 50w\" sizes=\"auto, (max-width: 800px) 100vw, 800px\" \/><img loading=\"lazy\" decoding=\"async\" class=\"aligncenter size-full wp-image-4049\" src=\"https:\/\/slsele.com\/wp-content\/uploads\/2024\/10\/\u4e3b\u56fe3.webp\" alt=\"El sensor de temperatura y humedad Tuya Zigbee se conecta a la app\" width=\"800\" height=\"800\" srcset=\"https:\/\/www.slsele.com\/wp-content\/uploads\/2024\/10\/\u4e3b\u56fe3.webp 800w, https:\/\/www.slsele.com\/wp-content\/uploads\/2024\/10\/\u4e3b\u56fe3-300x300.webp 300w, https:\/\/www.slsele.com\/wp-content\/uploads\/2024\/10\/\u4e3b\u56fe3-150x150.webp 150w, https:\/\/www.slsele.com\/wp-content\/uploads\/2024\/10\/\u4e3b\u56fe3-768x768.webp 768w, https:\/\/www.slsele.com\/wp-content\/uploads\/2024\/10\/\u4e3b\u56fe3-12x12.webp 12w, https:\/\/www.slsele.com\/wp-content\/uploads\/2024\/10\/\u4e3b\u56fe3-570x570.webp 570w, https:\/\/www.slsele.com\/wp-content\/uploads\/2024\/10\/\u4e3b\u56fe3-500x500.webp 500w, https:\/\/www.slsele.com\/wp-content\/uploads\/2024\/10\/\u4e3b\u56fe3-700x700.webp 700w, https:\/\/www.slsele.com\/wp-content\/uploads\/2024\/10\/\u4e3b\u56fe3-600x600.webp 600w, https:\/\/www.slsele.com\/wp-content\/uploads\/2024\/10\/\u4e3b\u56fe3-100x100.webp 100w, https:\/\/www.slsele.com\/wp-content\/uploads\/2024\/10\/\u4e3b\u56fe3-50x50.webp 50w\" sizes=\"auto, (max-width: 800px) 100vw, 800px\" \/><img loading=\"lazy\" decoding=\"async\" class=\"aligncenter size-full wp-image-4050\" src=\"https:\/\/slsele.com\/wp-content\/uploads\/2024\/10\/\u4e3b\u56fe4.webp\" alt=\"el sensor Zigbee de temperatura y humedad se conecta con otros dispositivos Zigbee\" width=\"800\" height=\"800\" srcset=\"https:\/\/www.slsele.com\/wp-content\/uploads\/2024\/10\/\u4e3b\u56fe4.webp 800w, https:\/\/www.slsele.com\/wp-content\/uploads\/2024\/10\/\u4e3b\u56fe4-300x300.webp 300w, https:\/\/www.slsele.com\/wp-content\/uploads\/2024\/10\/\u4e3b\u56fe4-150x150.webp 150w, https:\/\/www.slsele.com\/wp-content\/uploads\/2024\/10\/\u4e3b\u56fe4-768x768.webp 768w, https:\/\/www.slsele.com\/wp-content\/uploads\/2024\/10\/\u4e3b\u56fe4-12x12.webp 12w, https:\/\/www.slsele.com\/wp-content\/uploads\/2024\/10\/\u4e3b\u56fe4-570x570.webp 570w, https:\/\/www.slsele.com\/wp-content\/uploads\/2024\/10\/\u4e3b\u56fe4-500x500.webp 500w, https:\/\/www.slsele.com\/wp-content\/uploads\/2024\/10\/\u4e3b\u56fe4-700x700.webp 700w, https:\/\/www.slsele.com\/wp-content\/uploads\/2024\/10\/\u4e3b\u56fe4-600x600.webp 600w, https:\/\/www.slsele.com\/wp-content\/uploads\/2024\/10\/\u4e3b\u56fe4-100x100.webp 100w, https:\/\/www.slsele.com\/wp-content\/uploads\/2024\/10\/\u4e3b\u56fe4-50x50.webp 50w\" sizes=\"auto, (max-width: 800px) 100vw, 800px\" \/><img loading=\"lazy\" decoding=\"async\" class=\"aligncenter size-full wp-image-4051\" src=\"https:\/\/slsele.com\/wp-content\/uploads\/2024\/10\/\u4e3b\u56fe5.webp\" alt=\"Escenarios de uso del sensor de temperatura y humedad Tuya Zigbee\" width=\"800\" height=\"800\" srcset=\"https:\/\/www.slsele.com\/wp-content\/uploads\/2024\/10\/\u4e3b\u56fe5.webp 800w, https:\/\/www.slsele.com\/wp-content\/uploads\/2024\/10\/\u4e3b\u56fe5-300x300.webp 300w, https:\/\/www.slsele.com\/wp-content\/uploads\/2024\/10\/\u4e3b\u56fe5-150x150.webp 150w, https:\/\/www.slsele.com\/wp-content\/uploads\/2024\/10\/\u4e3b\u56fe5-768x768.webp 768w, https:\/\/www.slsele.com\/wp-content\/uploads\/2024\/10\/\u4e3b\u56fe5-12x12.webp 12w, https:\/\/www.slsele.com\/wp-content\/uploads\/2024\/10\/\u4e3b\u56fe5-570x570.webp 570w, https:\/\/www.slsele.com\/wp-content\/uploads\/2024\/10\/\u4e3b\u56fe5-500x500.webp 500w, https:\/\/www.slsele.com\/wp-content\/uploads\/2024\/10\/\u4e3b\u56fe5-700x700.webp 700w, https:\/\/www.slsele.com\/wp-content\/uploads\/2024\/10\/\u4e3b\u56fe5-600x600.webp 600w, https:\/\/www.slsele.com\/wp-content\/uploads\/2024\/10\/\u4e3b\u56fe5-100x100.webp 100w, https:\/\/www.slsele.com\/wp-content\/uploads\/2024\/10\/\u4e3b\u56fe5-50x50.webp 50w\" sizes=\"auto, (max-width: 800px) 100vw, 800px\" \/>Caracter\u00edsticas principales<\/h3>\n<ol>\n<li style=\"text-align: left;\"><strong> Seguimiento hist\u00f3rico de 6 meses<\/strong>: Admite la visualizaci\u00f3n de un historial de 6 meses de eventos de apertura y cierre de puertas\/ventanas.<\/li>\n<li style=\"text-align: left;\"><strong> Bater\u00eda de larga duraci\u00f3n<\/strong>: Equipado con un microprocesador de bajo consumo de 16 bits, incluye una funci\u00f3n de alerta de bater\u00eda baja.<\/li>\n<li style=\"text-align: left;\"><strong> Control remoto de aplicaciones<\/strong>: Supervisa y controla el entorno de tu hogar de forma remota a trav\u00e9s de la aplicaci\u00f3n en cualquier momento y lugar.<\/li>\n<\/ol>\n<h3 style=\"font-size: 25px; text-align: left;\">Pasos de instalaci\u00f3n<\/h3>\n<p style=\"text-align: left;\">1. Seleccione el lugar de instalaci\u00f3n de la pasarela: Se sugiere que la distancia entre la pasarela y el router conectado sea de 2-6m, y deben evitarse las barreras met\u00e1licas entre la pasarela y el router, as\u00ed como alrededor de la pasarela.<\/p>\n<p style=\"text-align: left;\">2. Utilice el adaptador de 5V 1A y el cable de alimentaci\u00f3n incluidos en la caja para encender la pasarela.<\/p>\n<h3 style=\"font-size: 25px; text-align: left;\"><img loading=\"lazy\" decoding=\"async\" class=\"aligncenter size-large wp-image-4052\" src=\"https:\/\/slsele.com\/wp-content\/uploads\/2024\/10\/installation-steps-620x1024.webp\" alt=\"pasos de instalaci\u00f3n del sensor de temperatura y humedad tuya zigbee\" width=\"620\" height=\"1024\" srcset=\"https:\/\/www.slsele.com\/wp-content\/uploads\/2024\/10\/installation-steps-620x1024.webp 620w, https:\/\/www.slsele.com\/wp-content\/uploads\/2024\/10\/installation-steps-182x300.webp 182w, https:\/\/www.slsele.com\/wp-content\/uploads\/2024\/10\/installation-steps-768x1269.webp 768w, https:\/\/www.slsele.com\/wp-content\/uploads\/2024\/10\/installation-steps-7x12.webp 7w, https:\/\/www.slsele.com\/wp-content\/uploads\/2024\/10\/installation-steps-700x1156.webp 700w, https:\/\/www.slsele.com\/wp-content\/uploads\/2024\/10\/installation-steps-600x991.webp 600w, https:\/\/www.slsele.com\/wp-content\/uploads\/2024\/10\/installation-steps.webp 790w\" sizes=\"auto, (max-width: 620px) 100vw, 620px\" \/>Par\u00e1metro<\/h3>\n<p style=\"text-align: left;\">Entrada de alimentaci\u00f3n: DC3V(pila CR2032)<br \/>\nDuraci\u00f3n de la bater\u00eda\uff1aM\u00e1s de1 a\u00f1os(reemplazable)<br \/>\ntemperatura de trabajo\uff1a-10\u2103~55\u2103<br \/>\nHumedad de funcionamiento\uff1a10%-99%RH(sin condensaci\u00f3n)<br \/>\nMaterial del cuerpo\uff1a PC+ABS<br \/>\nplataforma de red\uff1aTuya<br \/>\nM\u00e9todo de comunicaci\u00f3n: ZigBee<br \/>\nTama\u00f1o del producto: 50 mm*50 mm*17 mm<\/p>\n<p>&nbsp;<\/p>","protected":false},"excerpt":{"rendered":"<p style=\"margin: 0cm;\"><span lang=\"EN-US\" style=\"font-family: 'Times New Roman',serif; color: #0e101a; font-size: 20px;\">Este sensor de temperatura y humedad Tuya Zigbee ofrece un rendimiento de bajo consumo con hasta 2 a\u00f1os de duraci\u00f3n de la bater\u00eda. Se conecta con el aire acondicionado para activarse autom\u00e1ticamente cuando sube la temperatura, y su sirena integrada a\u00f1ade seguridad adicional para mayor tranquilidad.<\/span><\/p>","protected":false},"featured_media":4053,"comment_status":"open","ping_status":"closed","template":"","meta":[],"product_brand":[],"product_cat":[16],"product_tag":[],"class_list":{"0":"post-4054","1":"product","2":"type-product","3":"status-publish","4":"has-post-thumbnail","6":"product_cat-smart-sensor","8":"first","9":"instock","10":"shipping-taxable","11":"purchasable","12":"product-type-simple"},"_links":{"self":[{"href":"https:\/\/www.slsele.com\/es\/wp-json\/wp\/v2\/product\/4054","targetHints":{"allow":["GET"]}}],"collection":[{"href":"https:\/\/www.slsele.com\/es\/wp-json\/wp\/v2\/product"}],"about":[{"href":"https:\/\/www.slsele.com\/es\/wp-json\/wp\/v2\/types\/product"}],"replies":[{"embeddable":true,"href":"https:\/\/www.slsele.com\/es\/wp-json\/wp\/v2\/comments?post=4054"}],"wp:featuredmedia":[{"embeddable":true,"href":"https:\/\/www.slsele.com\/es\/wp-json\/wp\/v2\/media\/4053"}],"wp:attachment":[{"href":"https:\/\/www.slsele.com\/es\/wp-json\/wp\/v2\/media?parent=4054"}],"wp:term":[{"taxonomy":"product_brand","embeddable":true,"href":"https:\/\/www.slsele.com\/es\/wp-json\/wp\/v2\/product_brand?post=4054"},{"taxonomy":"product_cat","embeddable":true,"href":"https:\/\/www.slsele.com\/es\/wp-json\/wp\/v2\/product_cat?post=4054"},{"taxonomy":"product_tag","embeddable":true,"href":"https:\/\/www.slsele.com\/es\/wp-json\/wp\/v2\/product_tag?post=4054"}],"curies":[{"name":"wp","href":"https:\/\/api.w.org\/{rel}","templated":true}]}}