{"id":4014,"date":"2024-10-16T23:06:00","date_gmt":"2024-10-16T15:06:00","guid":{"rendered":"https:\/\/slsele.com\/?post_type=product&#038;p=4014"},"modified":"2026-03-10T13:35:14","modified_gmt":"2026-03-10T05:35:14","slug":"sls-mini-wifi-smart-modular-switch","status":"publish","type":"product","link":"https:\/\/www.slsele.com\/es\/producto\/sls-mini-wifi-smart-modular-switch\/","title":{"rendered":"Interruptor modular inteligente SLS Mini WiFi"},"content":{"rendered":"<h2 style=\"text-align: center;\">Interruptor modular inteligente WiFi SLS de 16 A con monitor de potencia<\/h2>\n<h3 style=\"font-size: 25px; text-align: left;\">Descripci\u00f3n<\/h3>\n<p style=\"text-align: left;\">El interruptor modular inteligente WiFi SLS es un m\u00f3dulo de comunicaci\u00f3n de se\u00f1al inal\u00e1mbrica muy peque\u00f1o, de 3cm~4cm de longitud y anchura, integrado con un chip de m\u00f3dulo WiFi, que puede <span style=\"text-decoration: underline; color: #0000ff;\"><a style=\"color: #0000ff; text-decoration: underline;\" href=\"https:\/\/www.slsele.com\/es\/low-cost-switch-upgrade-using-a-smart-switch-module\/\" target=\"_blank\" rel=\"noopener\">funcionan independientemente con los interruptores tradicionales sin ninguna interferencia<\/a><\/span>.<\/p>\n<p style=\"text-align: left;\"><img loading=\"lazy\" decoding=\"async\" class=\"aligncenter size-large wp-image-2204\" src=\"https:\/\/slsele.com\/wp-content\/uploads\/2024\/06\/\u7279\u5f81\u56fe-1024x683.webp\" alt=\"El m\u00f3dulo de interruptor inteligente es peque\u00f1o, de aproximadamente 3 cm a 4 cm de largo y ancho.\" width=\"1024\" height=\"683\" srcset=\"https:\/\/www.slsele.com\/wp-content\/uploads\/2024\/06\/\u7279\u5f81\u56fe-1024x683.webp 1024w, https:\/\/www.slsele.com\/wp-content\/uploads\/2024\/06\/\u7279\u5f81\u56fe-300x200.webp 300w, https:\/\/www.slsele.com\/wp-content\/uploads\/2024\/06\/\u7279\u5f81\u56fe-768x512.webp 768w, https:\/\/www.slsele.com\/wp-content\/uploads\/2024\/06\/\u7279\u5f81\u56fe-18x12.webp 18w, https:\/\/www.slsele.com\/wp-content\/uploads\/2024\/06\/\u7279\u5f81\u56fe-700x467.webp 700w, https:\/\/www.slsele.com\/wp-content\/uploads\/2024\/06\/\u7279\u5f81\u56fe-600x400.webp 600w, https:\/\/www.slsele.com\/wp-content\/uploads\/2024\/06\/\u7279\u5f81\u56fe.webp 1200w\" sizes=\"auto, (max-width: 1024px) 100vw, 1024px\" \/>Al mismo tiempo, el interruptor modular inteligente puede ocultarse f\u00e1cilmente en la caja de interruptores de la pared sin afectar al estilo decorativo original de la vivienda. Una vez instalado el m\u00f3dulo de interruptor inteligente, los usuarios pueden controlar las luces conectadas al interruptor de forma remota a trav\u00e9s de aplicaciones m\u00f3viles o plataformas de hogar inteligente, transformando as\u00ed de forma inteligente los interruptores tradicionales.<\/p>\n<h3 style=\"font-size: 25px; text-align: left;\"><img loading=\"lazy\" decoding=\"async\" class=\"aligncenter size-large wp-image-4017\" src=\"https:\/\/slsele.com\/wp-content\/uploads\/2024\/10\/WiFi-smart-modular-switch-detailed-picture-1-764x1024.webp\" alt=\"m\u00f3dulo interruptor inteligente WiFi blanco y negro\" width=\"764\" height=\"1024\" srcset=\"https:\/\/www.slsele.com\/wp-content\/uploads\/2024\/10\/WiFi-smart-modular-switch-detailed-picture-1-764x1024.webp 764w, https:\/\/www.slsele.com\/wp-content\/uploads\/2024\/10\/WiFi-smart-modular-switch-detailed-picture-1-224x300.webp 224w, https:\/\/www.slsele.com\/wp-content\/uploads\/2024\/10\/WiFi-smart-modular-switch-detailed-picture-1-768x1029.webp 768w, https:\/\/www.slsele.com\/wp-content\/uploads\/2024\/10\/WiFi-smart-modular-switch-detailed-picture-1-9x12.webp 9w, https:\/\/www.slsele.com\/wp-content\/uploads\/2024\/10\/WiFi-smart-modular-switch-detailed-picture-1-700x938.webp 700w, https:\/\/www.slsele.com\/wp-content\/uploads\/2024\/10\/WiFi-smart-modular-switch-detailed-picture-1-600x804.webp 600w, https:\/\/www.slsele.com\/wp-content\/uploads\/2024\/10\/WiFi-smart-modular-switch-detailed-picture-1.webp 960w\" sizes=\"auto, (max-width: 764px) 100vw, 764px\" \/><img loading=\"lazy\" decoding=\"async\" class=\"aligncenter size-full wp-image-4018\" src=\"https:\/\/slsele.com\/wp-content\/uploads\/2024\/10\/WiFi-smart-modular-switch-detailed-picture-2.webp\" alt=\"El interruptor modular inteligente es f\u00e1cil de instalar,se puede colocar detr\u00e1s del interruptor\" width=\"1000\" height=\"1000\" srcset=\"https:\/\/www.slsele.com\/wp-content\/uploads\/2024\/10\/WiFi-smart-modular-switch-detailed-picture-2.webp 1000w, https:\/\/www.slsele.com\/wp-content\/uploads\/2024\/10\/WiFi-smart-modular-switch-detailed-picture-2-300x300.webp 300w, https:\/\/www.slsele.com\/wp-content\/uploads\/2024\/10\/WiFi-smart-modular-switch-detailed-picture-2-150x150.webp 150w, https:\/\/www.slsele.com\/wp-content\/uploads\/2024\/10\/WiFi-smart-modular-switch-detailed-picture-2-768x768.webp 768w, https:\/\/www.slsele.com\/wp-content\/uploads\/2024\/10\/WiFi-smart-modular-switch-detailed-picture-2-12x12.webp 12w, https:\/\/www.slsele.com\/wp-content\/uploads\/2024\/10\/WiFi-smart-modular-switch-detailed-picture-2-570x570.webp 570w, https:\/\/www.slsele.com\/wp-content\/uploads\/2024\/10\/WiFi-smart-modular-switch-detailed-picture-2-500x500.webp 500w, https:\/\/www.slsele.com\/wp-content\/uploads\/2024\/10\/WiFi-smart-modular-switch-detailed-picture-2-700x700.webp 700w, https:\/\/www.slsele.com\/wp-content\/uploads\/2024\/10\/WiFi-smart-modular-switch-detailed-picture-2-600x600.webp 600w, https:\/\/www.slsele.com\/wp-content\/uploads\/2024\/10\/WiFi-smart-modular-switch-detailed-picture-2-100x100.webp 100w, https:\/\/www.slsele.com\/wp-content\/uploads\/2024\/10\/WiFi-smart-modular-switch-detailed-picture-2-50x50.webp 50w\" sizes=\"auto, (max-width: 1000px) 100vw, 1000px\" \/><img loading=\"lazy\" decoding=\"async\" class=\"aligncenter size-large wp-image-4020\" src=\"https:\/\/slsele.com\/wp-content\/uploads\/2024\/10\/WiFi-smart-modular-switch-detailed-picture-4-764x1024.webp\" alt=\"El interruptor modular inteligente WiFi admite control bidireccional\" width=\"764\" height=\"1024\" srcset=\"https:\/\/www.slsele.com\/wp-content\/uploads\/2024\/10\/WiFi-smart-modular-switch-detailed-picture-4-764x1024.webp 764w, https:\/\/www.slsele.com\/wp-content\/uploads\/2024\/10\/WiFi-smart-modular-switch-detailed-picture-4-224x300.webp 224w, https:\/\/www.slsele.com\/wp-content\/uploads\/2024\/10\/WiFi-smart-modular-switch-detailed-picture-4-768x1029.webp 768w, https:\/\/www.slsele.com\/wp-content\/uploads\/2024\/10\/WiFi-smart-modular-switch-detailed-picture-4-9x12.webp 9w, https:\/\/www.slsele.com\/wp-content\/uploads\/2024\/10\/WiFi-smart-modular-switch-detailed-picture-4-700x938.webp 700w, https:\/\/www.slsele.com\/wp-content\/uploads\/2024\/10\/WiFi-smart-modular-switch-detailed-picture-4-600x804.webp 600w, https:\/\/www.slsele.com\/wp-content\/uploads\/2024\/10\/WiFi-smart-modular-switch-detailed-picture-4.webp 960w\" sizes=\"auto, (max-width: 764px) 100vw, 764px\" \/>Caracter\u00edsticas principales<\/h3>\n<p style=\"text-align: left;\"><strong>Funci\u00f3n 1 Control por voz<\/strong>: Este interruptor modular inteligente WiFi es totalmente compatible con Amazon Alexa, Google Home y plataformas similares. Solo tienes que dar a tu asistente Alexa o Google Home un comando de voz para controlar tus dispositivos f\u00e1cilmente.<\/p>\n<p style=\"text-align: left;\"><strong><img loading=\"lazy\" decoding=\"async\" class=\"aligncenter size-full wp-image-4019\" src=\"https:\/\/slsele.com\/wp-content\/uploads\/2024\/10\/WiFi-smart-modular-switch-detailed-picture-3.webp\" alt=\"El interruptor modular inteligente WiFi puede controlarse a distancia mediante un asistente de voz\" width=\"1000\" height=\"1000\" srcset=\"https:\/\/www.slsele.com\/wp-content\/uploads\/2024\/10\/WiFi-smart-modular-switch-detailed-picture-3.webp 1000w, https:\/\/www.slsele.com\/wp-content\/uploads\/2024\/10\/WiFi-smart-modular-switch-detailed-picture-3-300x300.webp 300w, https:\/\/www.slsele.com\/wp-content\/uploads\/2024\/10\/WiFi-smart-modular-switch-detailed-picture-3-150x150.webp 150w, https:\/\/www.slsele.com\/wp-content\/uploads\/2024\/10\/WiFi-smart-modular-switch-detailed-picture-3-768x768.webp 768w, https:\/\/www.slsele.com\/wp-content\/uploads\/2024\/10\/WiFi-smart-modular-switch-detailed-picture-3-12x12.webp 12w, https:\/\/www.slsele.com\/wp-content\/uploads\/2024\/10\/WiFi-smart-modular-switch-detailed-picture-3-570x570.webp 570w, https:\/\/www.slsele.com\/wp-content\/uploads\/2024\/10\/WiFi-smart-modular-switch-detailed-picture-3-500x500.webp 500w, https:\/\/www.slsele.com\/wp-content\/uploads\/2024\/10\/WiFi-smart-modular-switch-detailed-picture-3-700x700.webp 700w, https:\/\/www.slsele.com\/wp-content\/uploads\/2024\/10\/WiFi-smart-modular-switch-detailed-picture-3-600x600.webp 600w, https:\/\/www.slsele.com\/wp-content\/uploads\/2024\/10\/WiFi-smart-modular-switch-detailed-picture-3-100x100.webp 100w, https:\/\/www.slsele.com\/wp-content\/uploads\/2024\/10\/WiFi-smart-modular-switch-detailed-picture-3-50x50.webp 50w\" sizes=\"auto, (max-width: 1000px) 100vw, 1000px\" \/><\/strong><\/p>\n<p style=\"text-align: left;\"><strong>Funci\u00f3n 2 Control de la aplicaci\u00f3n a trav\u00e9s de \"Smart Life\" o \"Tuya Smart\"<\/strong>: Puede utilizar la aplicaci\u00f3n gratuita Smart Life o Tuya Smart en su smartphone o tableta en cualquier momento y lugar, para gestionar indirectamente de forma remota el interruptor inteligente mediante el control del interruptor modular inteligente WiFi. Controla f\u00e1cilmente los dispositivos de tu hogar.<\/p>\n<p style=\"text-align: left;\"><strong><img loading=\"lazy\" decoding=\"async\" class=\"aligncenter size-large wp-image-4022\" src=\"https:\/\/slsele.com\/wp-content\/uploads\/2024\/10\/WiFi-smart-modular-switch-detailed-picture-6-711x1024.webp\" alt=\"la funci\u00f3n de control de grupo del conmutador modular inteligente WiFi\" width=\"711\" height=\"1024\" \/>Funci\u00f3n 3 Cronometraje\/Cuenta atr\u00e1s\/Calendario<\/strong>: Puede utilizar el interruptor modular inteligente WiFi para establecer una cuenta atr\u00e1s para los electrodom\u00e9sticos, como humidificadores, hornos microondas, cafeteras, etc., conectados al interruptor. El dispositivo se detendr\u00e1 autom\u00e1ticamente cuando se acabe el tiempo. No tiene que preocuparse de que el dispositivo est\u00e9 siempre en funcionamiento.<\/p>\n<p style=\"text-align: left;\"><strong><img loading=\"lazy\" decoding=\"async\" class=\"aligncenter size-large wp-image-4021\" src=\"https:\/\/slsele.com\/wp-content\/uploads\/2024\/10\/WiFi-smart-modular-switch-detailed-picture-5-741x1024.webp\" alt=\"la funci\u00f3n de temporizaci\u00f3n del m\u00f3dulo de conmutaci\u00f3n inteligente\" width=\"741\" height=\"1024\" srcset=\"https:\/\/www.slsele.com\/wp-content\/uploads\/2024\/10\/WiFi-smart-modular-switch-detailed-picture-5-741x1024.webp 741w, https:\/\/www.slsele.com\/wp-content\/uploads\/2024\/10\/WiFi-smart-modular-switch-detailed-picture-5-217x300.webp 217w, https:\/\/www.slsele.com\/wp-content\/uploads\/2024\/10\/WiFi-smart-modular-switch-detailed-picture-5-768x1062.webp 768w, https:\/\/www.slsele.com\/wp-content\/uploads\/2024\/10\/WiFi-smart-modular-switch-detailed-picture-5-9x12.webp 9w, https:\/\/www.slsele.com\/wp-content\/uploads\/2024\/10\/WiFi-smart-modular-switch-detailed-picture-5-700x968.webp 700w, https:\/\/www.slsele.com\/wp-content\/uploads\/2024\/10\/WiFi-smart-modular-switch-detailed-picture-5-600x829.webp 600w, https:\/\/www.slsele.com\/wp-content\/uploads\/2024\/10\/WiFi-smart-modular-switch-detailed-picture-5.webp 960w\" sizes=\"auto, (max-width: 741px) 100vw, 741px\" \/>Funci\u00f3n 4 Compartir y controlar grupos<\/strong>:  Comparta el interruptor inteligente modificado con los miembros de su familia a trav\u00e9s de la APP con un solo clic, eliminando la necesidad de pasos de configuraci\u00f3n adicionales. La cuenta principal tiene permisos exclusivos, y puedes compartir permisos con toda la familia con un solo clic para que todos puedan configurar c\u00f3modamente el interruptor a distancia.<\/p>\n<h3 style=\"font-size: 25px; text-align: left;\"><img loading=\"lazy\" decoding=\"async\" class=\"aligncenter size-large wp-image-4023\" src=\"https:\/\/slsele.com\/wp-content\/uploads\/2024\/10\/WiFi-smart-modular-switch-detailed-picture-7-741x1024.webp\" alt=\"la funci\u00f3n de compartici\u00f3n del m\u00f3dulo de conmutaci\u00f3n WiFi inteligente\" width=\"741\" height=\"1024\" srcset=\"https:\/\/www.slsele.com\/wp-content\/uploads\/2024\/10\/WiFi-smart-modular-switch-detailed-picture-7-741x1024.webp 741w, https:\/\/www.slsele.com\/wp-content\/uploads\/2024\/10\/WiFi-smart-modular-switch-detailed-picture-7-217x300.webp 217w, https:\/\/www.slsele.com\/wp-content\/uploads\/2024\/10\/WiFi-smart-modular-switch-detailed-picture-7-768x1062.webp 768w, https:\/\/www.slsele.com\/wp-content\/uploads\/2024\/10\/WiFi-smart-modular-switch-detailed-picture-7-9x12.webp 9w, https:\/\/www.slsele.com\/wp-content\/uploads\/2024\/10\/WiFi-smart-modular-switch-detailed-picture-7-700x968.webp 700w, https:\/\/www.slsele.com\/wp-content\/uploads\/2024\/10\/WiFi-smart-modular-switch-detailed-picture-7-600x829.webp 600w, https:\/\/www.slsele.com\/wp-content\/uploads\/2024\/10\/WiFi-smart-modular-switch-detailed-picture-7.webp 960w\" sizes=\"auto, (max-width: 741px) 100vw, 741px\" \/>\u00c1mbito de aplicaci\u00f3n<\/h3>\n<p style=\"text-align: left;\">El <a href=\"https:\/\/www.alibaba.com\/product-detail\/SLS-Mini-WiFi-Smart-Switch-Module_1601268624786.html?spm=a2747.product_manager.0.0.4f1571d2MJFr8V\" target=\"_blank\" rel=\"noopener\">M\u00f3dulo de conmutaci\u00f3n inteligente WiFi<\/a> admite enchufes UE\/EE.UU.\/FR\/UK y la mayor\u00eda de interruptores basculantes, pero es incompatible con interruptores de luz basculantes moment\u00e1neos e interruptores de pared t\u00e1ctiles.<\/p>\n<h3 style=\"font-size: 25px; text-align: left;\"><img loading=\"lazy\" decoding=\"async\" class=\"aligncenter size-large wp-image-4030\" src=\"https:\/\/slsele.com\/wp-content\/uploads\/2024\/10\/Scope-of-Application-of-WiFi-smart-modular-switch-726x1024.webp\" alt=\"\u00c1mbito de aplicaci\u00f3n del conmutador modular inteligente WiFi\" width=\"726\" height=\"1024\" srcset=\"https:\/\/www.slsele.com\/wp-content\/uploads\/2024\/10\/Scope-of-Application-of-WiFi-smart-modular-switch-726x1024.webp 726w, https:\/\/www.slsele.com\/wp-content\/uploads\/2024\/10\/Scope-of-Application-of-WiFi-smart-modular-switch-213x300.webp 213w, https:\/\/www.slsele.com\/wp-content\/uploads\/2024\/10\/Scope-of-Application-of-WiFi-smart-modular-switch-768x1083.webp 768w, https:\/\/www.slsele.com\/wp-content\/uploads\/2024\/10\/Scope-of-Application-of-WiFi-smart-modular-switch-9x12.webp 9w, https:\/\/www.slsele.com\/wp-content\/uploads\/2024\/10\/Scope-of-Application-of-WiFi-smart-modular-switch-700x987.webp 700w, https:\/\/www.slsele.com\/wp-content\/uploads\/2024\/10\/Scope-of-Application-of-WiFi-smart-modular-switch-600x846.webp 600w, https:\/\/www.slsele.com\/wp-content\/uploads\/2024\/10\/Scope-of-Application-of-WiFi-smart-modular-switch.webp 960w\" sizes=\"auto, (max-width: 726px) 100vw, 726px\" \/>Pasos de instalaci\u00f3n<\/h3>\n<h3 style=\"font-size: 25px; text-align: left;\"><img loading=\"lazy\" decoding=\"async\" class=\"aligncenter size-large wp-image-4026\" src=\"https:\/\/slsele.com\/wp-content\/uploads\/2024\/10\/Wiring-method-679x1024.webp\" alt=\"los m\u00e9todos de cableado m\u00f3dulo interruptor inteligente\" width=\"679\" height=\"1024\" srcset=\"https:\/\/www.slsele.com\/wp-content\/uploads\/2024\/10\/Wiring-method-679x1024.webp 679w, https:\/\/www.slsele.com\/wp-content\/uploads\/2024\/10\/Wiring-method-199x300.webp 199w, https:\/\/www.slsele.com\/wp-content\/uploads\/2024\/10\/Wiring-method-768x1158.webp 768w, https:\/\/www.slsele.com\/wp-content\/uploads\/2024\/10\/Wiring-method-8x12.webp 8w, https:\/\/www.slsele.com\/wp-content\/uploads\/2024\/10\/Wiring-method-700x1055.webp 700w, https:\/\/www.slsele.com\/wp-content\/uploads\/2024\/10\/Wiring-method-600x904.webp 600w, https:\/\/www.slsele.com\/wp-content\/uploads\/2024\/10\/Wiring-method.webp 960w\" sizes=\"auto, (max-width: 679px) 100vw, 679px\" \/>Dispositivo Conexi\u00f3n de red<\/h3>\n<h3 style=\"font-size: 25px; text-align: left;\"><img loading=\"lazy\" decoding=\"async\" class=\"aligncenter size-large wp-image-4027\" src=\"https:\/\/slsele.com\/wp-content\/uploads\/2024\/10\/Device-Network-Connection-1-726x1024.webp\" alt=\"Pasos para la conexi\u00f3n en red de un conmutador modular inteligente\" width=\"726\" height=\"1024\" srcset=\"https:\/\/www.slsele.com\/wp-content\/uploads\/2024\/10\/Device-Network-Connection-1-726x1024.webp 726w, https:\/\/www.slsele.com\/wp-content\/uploads\/2024\/10\/Device-Network-Connection-1-213x300.webp 213w, https:\/\/www.slsele.com\/wp-content\/uploads\/2024\/10\/Device-Network-Connection-1-768x1083.webp 768w, https:\/\/www.slsele.com\/wp-content\/uploads\/2024\/10\/Device-Network-Connection-1-9x12.webp 9w, https:\/\/www.slsele.com\/wp-content\/uploads\/2024\/10\/Device-Network-Connection-1-700x987.webp 700w, https:\/\/www.slsele.com\/wp-content\/uploads\/2024\/10\/Device-Network-Connection-1-600x846.webp 600w, https:\/\/www.slsele.com\/wp-content\/uploads\/2024\/10\/Device-Network-Connection-1.webp 960w\" sizes=\"auto, (max-width: 726px) 100vw, 726px\" \/><img loading=\"lazy\" decoding=\"async\" class=\"aligncenter size-large wp-image-4028\" src=\"https:\/\/slsele.com\/wp-content\/uploads\/2024\/10\/Device-Network-Connection-2-609x1024.webp\" alt=\"Pasos para a\u00f1adir un interruptor modular inteligente a la aplicaci\u00f3n &quot;Smart Life\" width=\"609\" height=\"1024\" srcset=\"https:\/\/www.slsele.com\/wp-content\/uploads\/2024\/10\/Device-Network-Connection-2-609x1024.webp 609w, https:\/\/www.slsele.com\/wp-content\/uploads\/2024\/10\/Device-Network-Connection-2-178x300.webp 178w, https:\/\/www.slsele.com\/wp-content\/uploads\/2024\/10\/Device-Network-Connection-2-768x1291.webp 768w, https:\/\/www.slsele.com\/wp-content\/uploads\/2024\/10\/Device-Network-Connection-2-914x1536.webp 914w, https:\/\/www.slsele.com\/wp-content\/uploads\/2024\/10\/Device-Network-Connection-2-7x12.webp 7w, https:\/\/www.slsele.com\/wp-content\/uploads\/2024\/10\/Device-Network-Connection-2-700x1177.webp 700w, https:\/\/www.slsele.com\/wp-content\/uploads\/2024\/10\/Device-Network-Connection-2-600x1009.webp 600w, https:\/\/www.slsele.com\/wp-content\/uploads\/2024\/10\/Device-Network-Connection-2.webp 960w\" sizes=\"auto, (max-width: 609px) 100vw, 609px\" \/>Especificaciones<\/h3>\n<p style=\"text-align: left;\">Nombre del producto: Interruptor Modular Inteligente WiFi 16A con Monitor de Potencia<\/p>\n<p style=\"text-align: left;\">Color blanco<\/p>\n<p style=\"text-align: left;\">Tensi\u00f3n de entrada:100-240V 50\/60Hz<br \/>\nMax. Corriente de carga:16A\/10A<br \/>\nEst\u00e1ndar WiFi: 2,4 GHz IEEE 802.11 b\/g\/n<br \/>\nNombre de la aplicaci\u00f3n:Tuya Smart\/Smart Life<\/p>\n<p style=\"text-align: left;\">Material: PC<\/p>\n<p style=\"text-align: left;\">Certificaci\u00f3n: CE ROHS<br \/>\nTama\u00f1o:42*42*20mm<\/p>\n<h3 style=\"font-size: 25px; text-align: left;\"><img loading=\"lazy\" decoding=\"async\" class=\"aligncenter size-full wp-image-4031\" src=\"https:\/\/slsele.com\/wp-content\/uploads\/2024\/10\/size.webp\" alt=\"El tama\u00f1o del conmutador modular inteligente\" width=\"750\" height=\"750\" srcset=\"https:\/\/www.slsele.com\/wp-content\/uploads\/2024\/10\/size.webp 750w, https:\/\/www.slsele.com\/wp-content\/uploads\/2024\/10\/size-300x300.webp 300w, https:\/\/www.slsele.com\/wp-content\/uploads\/2024\/10\/size-150x150.webp 150w, https:\/\/www.slsele.com\/wp-content\/uploads\/2024\/10\/size-12x12.webp 12w, https:\/\/www.slsele.com\/wp-content\/uploads\/2024\/10\/size-570x570.webp 570w, https:\/\/www.slsele.com\/wp-content\/uploads\/2024\/10\/size-500x500.webp 500w, https:\/\/www.slsele.com\/wp-content\/uploads\/2024\/10\/size-700x700.webp 700w, https:\/\/www.slsele.com\/wp-content\/uploads\/2024\/10\/size-600x600.webp 600w, https:\/\/www.slsele.com\/wp-content\/uploads\/2024\/10\/size-100x100.webp 100w, https:\/\/www.slsele.com\/wp-content\/uploads\/2024\/10\/size-50x50.webp 50w\" sizes=\"auto, (max-width: 750px) 100vw, 750px\" \/>Lista de paquetes<\/h3>\n<p style=\"text-align: left;\">1* Interruptor modular inteligente WiFi,1*manual<\/p>\n<p><img loading=\"lazy\" decoding=\"async\" class=\"aligncenter size-full wp-image-4029\" src=\"https:\/\/slsele.com\/wp-content\/uploads\/2024\/10\/package-list.webp\" alt=\"lista de paquetes del conmutador modular inteligente\" width=\"750\" height=\"750\" srcset=\"https:\/\/www.slsele.com\/wp-content\/uploads\/2024\/10\/package-list.webp 750w, https:\/\/www.slsele.com\/wp-content\/uploads\/2024\/10\/package-list-300x300.webp 300w, https:\/\/www.slsele.com\/wp-content\/uploads\/2024\/10\/package-list-150x150.webp 150w, https:\/\/www.slsele.com\/wp-content\/uploads\/2024\/10\/package-list-12x12.webp 12w, https:\/\/www.slsele.com\/wp-content\/uploads\/2024\/10\/package-list-570x570.webp 570w, https:\/\/www.slsele.com\/wp-content\/uploads\/2024\/10\/package-list-500x500.webp 500w, https:\/\/www.slsele.com\/wp-content\/uploads\/2024\/10\/package-list-700x700.webp 700w, https:\/\/www.slsele.com\/wp-content\/uploads\/2024\/10\/package-list-600x600.webp 600w, https:\/\/www.slsele.com\/wp-content\/uploads\/2024\/10\/package-list-100x100.webp 100w, https:\/\/www.slsele.com\/wp-content\/uploads\/2024\/10\/package-list-50x50.webp 50w\" sizes=\"auto, (max-width: 750px) 100vw, 750px\" \/><\/p>","protected":false},"excerpt":{"rendered":"<p style=\"margin: 0cm;\"><span lang=\"EN-US\" style=\"font-family: 'Times New Roman',serif; color: #0e101a;\">El interruptor modular inteligente WiFi m\u00e1s asequible del mercado, que ofrece una forma rentable de transformar los interruptores tradicionales en interruptores inteligentes, permitiendo el control remoto y la automatizaci\u00f3n para mejorar la inteligencia del hogar.<\/span><\/p>","protected":false},"featured_media":4025,"comment_status":"open","ping_status":"closed","template":"","meta":[],"product_brand":[],"product_cat":[15],"product_tag":[88],"class_list":{"0":"post-4014","1":"product","2":"type-product","3":"status-publish","4":"has-post-thumbnail","6":"product_cat-smart-switch","7":"product_tag-cheapest-low-cost","9":"first","10":"instock","11":"sale","12":"shipping-taxable","13":"purchasable","14":"product-type-simple"},"_links":{"self":[{"href":"https:\/\/www.slsele.com\/es\/wp-json\/wp\/v2\/product\/4014","targetHints":{"allow":["GET"]}}],"collection":[{"href":"https:\/\/www.slsele.com\/es\/wp-json\/wp\/v2\/product"}],"about":[{"href":"https:\/\/www.slsele.com\/es\/wp-json\/wp\/v2\/types\/product"}],"replies":[{"embeddable":true,"href":"https:\/\/www.slsele.com\/es\/wp-json\/wp\/v2\/comments?post=4014"}],"wp:featuredmedia":[{"embeddable":true,"href":"https:\/\/www.slsele.com\/es\/wp-json\/wp\/v2\/media\/4025"}],"wp:attachment":[{"href":"https:\/\/www.slsele.com\/es\/wp-json\/wp\/v2\/media?parent=4014"}],"wp:term":[{"taxonomy":"product_brand","embeddable":true,"href":"https:\/\/www.slsele.com\/es\/wp-json\/wp\/v2\/product_brand?post=4014"},{"taxonomy":"product_cat","embeddable":true,"href":"https:\/\/www.slsele.com\/es\/wp-json\/wp\/v2\/product_cat?post=4014"},{"taxonomy":"product_tag","embeddable":true,"href":"https:\/\/www.slsele.com\/es\/wp-json\/wp\/v2\/product_tag?post=4014"}],"curies":[{"name":"wp","href":"https:\/\/api.w.org\/{rel}","templated":true}]}}