{"id":3962,"date":"2024-09-30T09:21:57","date_gmt":"2024-09-30T01:21:57","guid":{"rendered":"https:\/\/slsele.com\/?post_type=product&#038;p=3962"},"modified":"2024-09-30T14:21:08","modified_gmt":"2024-09-30T06:21:08","slug":"sls-wifi-smart-switch-module","status":"publish","type":"product","link":"https:\/\/www.slsele.com\/es\/producto\/sls-wifi-smart-switch-module\/","title":{"rendered":"M\u00f3dulo SLS WiFi Smart Switch"},"content":{"rendered":"<h2 style=\"text-align: center;\">M\u00f3dulo SLS WiFi Smart Switch M\u00f3dulo Rel\u00e9<\/h2>\n<h3 style=\"font-size: 25px; text-align: left;\">Descripci\u00f3n<\/h3>\n<p style=\"text-align: left;\">Este m\u00f3dulo de interruptor inteligente WiFi se adapta a escenas dom\u00e9sticas con o sin cable neutro. Su aspecto compacto permite instalarlo sin problemas en la caja de interruptores y controlar varias ubicaciones de la misma luz. Con SmartLife, puede establecer cuentas atr\u00e1s del temporizador y gestionar las luces de forma remota desde cualquier lugar. El control por voz est\u00e1 disponible a trav\u00e9s de Alexa, Google Home y otros asistentes. Se pueden vincular varios usuarios y dispositivos para el control y la sincronizaci\u00f3n de grupos. Los m\u00f3dulos de interruptor inteligente Zigbee requieren un concentrador Zigbee adicional para conectar el interruptor a Internet para una funcionalidad completa.<\/p>\n<h3 style=\"font-size: 25px; text-align: left;\"><img loading=\"lazy\" decoding=\"async\" class=\"aligncenter size-full wp-image-3983\" src=\"https:\/\/slsele.com\/wp-content\/uploads\/2024\/09\/The-door-sensor-triggers-the-light-to-turn-on.gif\" alt=\"El sensor de la puerta activa el encendido de la luz\" width=\"600\" height=\"338\" \/><img loading=\"lazy\" decoding=\"async\" class=\"aligncenter size-full wp-image-3972\" src=\"https:\/\/slsele.com\/wp-content\/uploads\/2024\/09\/wifi-smart-switch-module-detailed-picture-1.webp\" alt=\"El m\u00f3dulo de interruptor inteligente WiFi tiene un cuerpo mini\" width=\"1000\" height=\"1000\" srcset=\"https:\/\/www.slsele.com\/wp-content\/uploads\/2024\/09\/wifi-smart-switch-module-detailed-picture-1.webp 1000w, https:\/\/www.slsele.com\/wp-content\/uploads\/2024\/09\/wifi-smart-switch-module-detailed-picture-1-300x300.webp 300w, https:\/\/www.slsele.com\/wp-content\/uploads\/2024\/09\/wifi-smart-switch-module-detailed-picture-1-150x150.webp 150w, https:\/\/www.slsele.com\/wp-content\/uploads\/2024\/09\/wifi-smart-switch-module-detailed-picture-1-768x768.webp 768w, https:\/\/www.slsele.com\/wp-content\/uploads\/2024\/09\/wifi-smart-switch-module-detailed-picture-1-12x12.webp 12w, https:\/\/www.slsele.com\/wp-content\/uploads\/2024\/09\/wifi-smart-switch-module-detailed-picture-1-570x570.webp 570w, https:\/\/www.slsele.com\/wp-content\/uploads\/2024\/09\/wifi-smart-switch-module-detailed-picture-1-500x500.webp 500w, https:\/\/www.slsele.com\/wp-content\/uploads\/2024\/09\/wifi-smart-switch-module-detailed-picture-1-700x700.webp 700w, https:\/\/www.slsele.com\/wp-content\/uploads\/2024\/09\/wifi-smart-switch-module-detailed-picture-1-600x600.webp 600w, https:\/\/www.slsele.com\/wp-content\/uploads\/2024\/09\/wifi-smart-switch-module-detailed-picture-1-100x100.webp 100w, https:\/\/www.slsele.com\/wp-content\/uploads\/2024\/09\/wifi-smart-switch-module-detailed-picture-1-50x50.webp 50w\" sizes=\"auto, (max-width: 1000px) 100vw, 1000px\" \/><img loading=\"lazy\" decoding=\"async\" class=\"aligncenter size-full wp-image-3973\" src=\"https:\/\/slsele.com\/wp-content\/uploads\/2024\/09\/wifi-smart-switch-module-detailed-picture-2.webp\" alt=\"Utiliza el m\u00f3dulo de interruptor inteligente WiFi para controlar la bombilla a distancia\" width=\"1000\" height=\"1000\" srcset=\"https:\/\/www.slsele.com\/wp-content\/uploads\/2024\/09\/wifi-smart-switch-module-detailed-picture-2.webp 1000w, https:\/\/www.slsele.com\/wp-content\/uploads\/2024\/09\/wifi-smart-switch-module-detailed-picture-2-300x300.webp 300w, https:\/\/www.slsele.com\/wp-content\/uploads\/2024\/09\/wifi-smart-switch-module-detailed-picture-2-150x150.webp 150w, https:\/\/www.slsele.com\/wp-content\/uploads\/2024\/09\/wifi-smart-switch-module-detailed-picture-2-768x768.webp 768w, https:\/\/www.slsele.com\/wp-content\/uploads\/2024\/09\/wifi-smart-switch-module-detailed-picture-2-12x12.webp 12w, https:\/\/www.slsele.com\/wp-content\/uploads\/2024\/09\/wifi-smart-switch-module-detailed-picture-2-570x570.webp 570w, https:\/\/www.slsele.com\/wp-content\/uploads\/2024\/09\/wifi-smart-switch-module-detailed-picture-2-500x500.webp 500w, https:\/\/www.slsele.com\/wp-content\/uploads\/2024\/09\/wifi-smart-switch-module-detailed-picture-2-700x700.webp 700w, https:\/\/www.slsele.com\/wp-content\/uploads\/2024\/09\/wifi-smart-switch-module-detailed-picture-2-600x600.webp 600w, https:\/\/www.slsele.com\/wp-content\/uploads\/2024\/09\/wifi-smart-switch-module-detailed-picture-2-100x100.webp 100w, https:\/\/www.slsele.com\/wp-content\/uploads\/2024\/09\/wifi-smart-switch-module-detailed-picture-2-50x50.webp 50w\" sizes=\"auto, (max-width: 1000px) 100vw, 1000px\" \/><img loading=\"lazy\" decoding=\"async\" class=\"aligncenter size-full wp-image-3974\" src=\"https:\/\/slsele.com\/wp-content\/uploads\/2024\/09\/wifi-smart-switch-module-detailed-picture-3.webp\" alt=\"El m\u00f3dulo de conmutaci\u00f3n inteligente WiFi se coloca detr\u00e1s del conmutador\" width=\"1000\" height=\"1000\" srcset=\"https:\/\/www.slsele.com\/wp-content\/uploads\/2024\/09\/wifi-smart-switch-module-detailed-picture-3.webp 1000w, https:\/\/www.slsele.com\/wp-content\/uploads\/2024\/09\/wifi-smart-switch-module-detailed-picture-3-300x300.webp 300w, https:\/\/www.slsele.com\/wp-content\/uploads\/2024\/09\/wifi-smart-switch-module-detailed-picture-3-150x150.webp 150w, https:\/\/www.slsele.com\/wp-content\/uploads\/2024\/09\/wifi-smart-switch-module-detailed-picture-3-768x768.webp 768w, https:\/\/www.slsele.com\/wp-content\/uploads\/2024\/09\/wifi-smart-switch-module-detailed-picture-3-12x12.webp 12w, https:\/\/www.slsele.com\/wp-content\/uploads\/2024\/09\/wifi-smart-switch-module-detailed-picture-3-570x570.webp 570w, https:\/\/www.slsele.com\/wp-content\/uploads\/2024\/09\/wifi-smart-switch-module-detailed-picture-3-500x500.webp 500w, https:\/\/www.slsele.com\/wp-content\/uploads\/2024\/09\/wifi-smart-switch-module-detailed-picture-3-700x700.webp 700w, https:\/\/www.slsele.com\/wp-content\/uploads\/2024\/09\/wifi-smart-switch-module-detailed-picture-3-600x600.webp 600w, https:\/\/www.slsele.com\/wp-content\/uploads\/2024\/09\/wifi-smart-switch-module-detailed-picture-3-100x100.webp 100w, https:\/\/www.slsele.com\/wp-content\/uploads\/2024\/09\/wifi-smart-switch-module-detailed-picture-3-50x50.webp 50w\" sizes=\"auto, (max-width: 1000px) 100vw, 1000px\" \/><img loading=\"lazy\" decoding=\"async\" class=\"aligncenter size-large wp-image-3975\" src=\"https:\/\/slsele.com\/wp-content\/uploads\/2024\/09\/wifi-smart-switch-module-detailed-picture-4-726x1024.webp\" alt=\"El m\u00f3dulo de conmutaci\u00f3n inteligente WiFi puede funcionar con diferentes tipos de conmutadores externos\" width=\"726\" height=\"1024\" srcset=\"https:\/\/www.slsele.com\/wp-content\/uploads\/2024\/09\/wifi-smart-switch-module-detailed-picture-4-726x1024.webp 726w, https:\/\/www.slsele.com\/wp-content\/uploads\/2024\/09\/wifi-smart-switch-module-detailed-picture-4-213x300.webp 213w, https:\/\/www.slsele.com\/wp-content\/uploads\/2024\/09\/wifi-smart-switch-module-detailed-picture-4-768x1083.webp 768w, https:\/\/www.slsele.com\/wp-content\/uploads\/2024\/09\/wifi-smart-switch-module-detailed-picture-4-9x12.webp 9w, https:\/\/www.slsele.com\/wp-content\/uploads\/2024\/09\/wifi-smart-switch-module-detailed-picture-4-700x987.webp 700w, https:\/\/www.slsele.com\/wp-content\/uploads\/2024\/09\/wifi-smart-switch-module-detailed-picture-4-600x846.webp 600w, https:\/\/www.slsele.com\/wp-content\/uploads\/2024\/09\/wifi-smart-switch-module-detailed-picture-4.webp 960w\" sizes=\"auto, (max-width: 726px) 100vw, 726px\" \/><img loading=\"lazy\" decoding=\"async\" class=\"aligncenter size-large wp-image-3976\" src=\"https:\/\/slsele.com\/wp-content\/uploads\/2024\/09\/wifi-smart-switch-module-detailed-picture-5-741x1024.webp\" alt=\"El m\u00f3dulo de conmutaci\u00f3n inteligente WiFi tiene una funci\u00f3n de temporizaci\u00f3n\" width=\"741\" height=\"1024\" srcset=\"https:\/\/www.slsele.com\/wp-content\/uploads\/2024\/09\/wifi-smart-switch-module-detailed-picture-5-741x1024.webp 741w, https:\/\/www.slsele.com\/wp-content\/uploads\/2024\/09\/wifi-smart-switch-module-detailed-picture-5-217x300.webp 217w, https:\/\/www.slsele.com\/wp-content\/uploads\/2024\/09\/wifi-smart-switch-module-detailed-picture-5-768x1062.webp 768w, https:\/\/www.slsele.com\/wp-content\/uploads\/2024\/09\/wifi-smart-switch-module-detailed-picture-5-9x12.webp 9w, https:\/\/www.slsele.com\/wp-content\/uploads\/2024\/09\/wifi-smart-switch-module-detailed-picture-5-700x968.webp 700w, https:\/\/www.slsele.com\/wp-content\/uploads\/2024\/09\/wifi-smart-switch-module-detailed-picture-5-600x829.webp 600w, https:\/\/www.slsele.com\/wp-content\/uploads\/2024\/09\/wifi-smart-switch-module-detailed-picture-5.webp 960w\" sizes=\"auto, (max-width: 741px) 100vw, 741px\" \/><img loading=\"lazy\" decoding=\"async\" class=\"aligncenter size-full wp-image-3977\" src=\"https:\/\/slsele.com\/wp-content\/uploads\/2024\/09\/wifi-smart-switch-module-detailed-picture-6.webp\" alt=\"El m\u00f3dulo de interruptor inteligente WiFi admite control bidireccional\" width=\"1000\" height=\"1000\" srcset=\"https:\/\/www.slsele.com\/wp-content\/uploads\/2024\/09\/wifi-smart-switch-module-detailed-picture-6.webp 1000w, https:\/\/www.slsele.com\/wp-content\/uploads\/2024\/09\/wifi-smart-switch-module-detailed-picture-6-300x300.webp 300w, https:\/\/www.slsele.com\/wp-content\/uploads\/2024\/09\/wifi-smart-switch-module-detailed-picture-6-150x150.webp 150w, https:\/\/www.slsele.com\/wp-content\/uploads\/2024\/09\/wifi-smart-switch-module-detailed-picture-6-768x768.webp 768w, https:\/\/www.slsele.com\/wp-content\/uploads\/2024\/09\/wifi-smart-switch-module-detailed-picture-6-12x12.webp 12w, https:\/\/www.slsele.com\/wp-content\/uploads\/2024\/09\/wifi-smart-switch-module-detailed-picture-6-570x570.webp 570w, https:\/\/www.slsele.com\/wp-content\/uploads\/2024\/09\/wifi-smart-switch-module-detailed-picture-6-500x500.webp 500w, https:\/\/www.slsele.com\/wp-content\/uploads\/2024\/09\/wifi-smart-switch-module-detailed-picture-6-700x700.webp 700w, https:\/\/www.slsele.com\/wp-content\/uploads\/2024\/09\/wifi-smart-switch-module-detailed-picture-6-600x600.webp 600w, https:\/\/www.slsele.com\/wp-content\/uploads\/2024\/09\/wifi-smart-switch-module-detailed-picture-6-100x100.webp 100w, https:\/\/www.slsele.com\/wp-content\/uploads\/2024\/09\/wifi-smart-switch-module-detailed-picture-6-50x50.webp 50w\" sizes=\"auto, (max-width: 1000px) 100vw, 1000px\" \/><img loading=\"lazy\" decoding=\"async\" class=\"aligncenter size-full wp-image-3978\" src=\"https:\/\/slsele.com\/wp-content\/uploads\/2024\/09\/wifi-smart-switch-module-detailed-picture-7.webp\" alt=\"Los m\u00f3dulos de interruptores inteligentes WiFi pueden conectarse a la mayor\u00eda de los electrodom\u00e9sticos y sistemas de iluminaci\u00f3n\" width=\"1000\" height=\"1000\" srcset=\"https:\/\/www.slsele.com\/wp-content\/uploads\/2024\/09\/wifi-smart-switch-module-detailed-picture-7.webp 1000w, https:\/\/www.slsele.com\/wp-content\/uploads\/2024\/09\/wifi-smart-switch-module-detailed-picture-7-300x300.webp 300w, https:\/\/www.slsele.com\/wp-content\/uploads\/2024\/09\/wifi-smart-switch-module-detailed-picture-7-150x150.webp 150w, https:\/\/www.slsele.com\/wp-content\/uploads\/2024\/09\/wifi-smart-switch-module-detailed-picture-7-768x768.webp 768w, https:\/\/www.slsele.com\/wp-content\/uploads\/2024\/09\/wifi-smart-switch-module-detailed-picture-7-12x12.webp 12w, https:\/\/www.slsele.com\/wp-content\/uploads\/2024\/09\/wifi-smart-switch-module-detailed-picture-7-570x570.webp 570w, https:\/\/www.slsele.com\/wp-content\/uploads\/2024\/09\/wifi-smart-switch-module-detailed-picture-7-500x500.webp 500w, https:\/\/www.slsele.com\/wp-content\/uploads\/2024\/09\/wifi-smart-switch-module-detailed-picture-7-700x700.webp 700w, https:\/\/www.slsele.com\/wp-content\/uploads\/2024\/09\/wifi-smart-switch-module-detailed-picture-7-600x600.webp 600w, https:\/\/www.slsele.com\/wp-content\/uploads\/2024\/09\/wifi-smart-switch-module-detailed-picture-7-100x100.webp 100w, https:\/\/www.slsele.com\/wp-content\/uploads\/2024\/09\/wifi-smart-switch-module-detailed-picture-7-50x50.webp 50w\" sizes=\"auto, (max-width: 1000px) 100vw, 1000px\" \/>Caracter\u00edsticas principales<\/h3>\n<p style=\"text-align: left;\">1. Conexi\u00f3n directa WiFi sin pasarela<br \/>\n2. Control remoto a trav\u00e9s de 3G\/4G\/WiFi en el tel\u00e9fono m\u00f3vil<br \/>\n3. El cuerpo MINI puede instalarse directamente en la caja inferior del interruptor<br \/>\n4. Visualizaci\u00f3n APP en tiempo real<br \/>\n5. Con temporizador\/control de escenas<br \/>\n6. Compartir con la familia para el control com\u00fan<br \/>\n7. Se utiliza con Alexa Echo y Google Home<br \/>\n8. Puede utilizarse junto con el interruptor de control dual antes de conectarlo a la vivienda.<\/p>\n<h3 style=\"font-size: 25px; text-align: left;\">Especificaciones<\/h3>\n<p style=\"text-align: left;\">Tensi\u00f3n de entrada: 100-240 V 50\/60 Hz<br \/>\nCorriente de carga m\u00e1xima: 16A\/10A<br \/>\nEst\u00e1ndar WiFi: 2,4 GHz 802.11 b\/g\/n<br \/>\nNombre de la aplicaci\u00f3n: Tuya Smart\/Smart Life<br \/>\nControl por voz: Alexa, Asistente de Google, Yandex Alice<br \/>\nTama\u00f1o: 59 * 42 * 20mm<\/p>\n<h3 style=\"font-size: 25px; text-align: left;\">Lista de paquetes<\/h3>\n<p style=\"text-align: left;\">1*M\u00f3dulo interruptor WiFi inteligente,1*Manual<\/p>","protected":false},"excerpt":{"rendered":"<p style=\"margin: 0cm;\"><span lang=\"EN-US\" style=\"font-family: 'Times New Roman',serif; color: #0e101a;\">Los m\u00f3dulos de interruptores inteligentes WiFi funcionan con diferentes interruptores externos para controlar sus dispositivos, compatibles con enchufes e interruptores basculantes de la UE, EE.UU., FR y Reino Unido. Sin embargo, son incompatibles con interruptores de luz basculantes moment\u00e1neos e interruptores de pared t\u00e1ctiles.<\/span><\/p>","protected":false},"featured_media":3984,"comment_status":"open","ping_status":"closed","template":"","meta":[],"product_brand":[],"product_cat":[15,24,25],"product_tag":[],"class_list":{"0":"post-3962","1":"product","2":"type-product","3":"status-publish","4":"has-post-thumbnail","6":"product_cat-smart-switch","7":"product_cat-eu-smart-dimmer-switch","8":"product_cat-us-smart-dimmer-switch","10":"first","11":"instock","12":"shipping-taxable","13":"purchasable","14":"product-type-variable"},"_links":{"self":[{"href":"https:\/\/www.slsele.com\/es\/wp-json\/wp\/v2\/product\/3962","targetHints":{"allow":["GET"]}}],"collection":[{"href":"https:\/\/www.slsele.com\/es\/wp-json\/wp\/v2\/product"}],"about":[{"href":"https:\/\/www.slsele.com\/es\/wp-json\/wp\/v2\/types\/product"}],"replies":[{"embeddable":true,"href":"https:\/\/www.slsele.com\/es\/wp-json\/wp\/v2\/comments?post=3962"}],"wp:featuredmedia":[{"embeddable":true,"href":"https:\/\/www.slsele.com\/es\/wp-json\/wp\/v2\/media\/3984"}],"wp:attachment":[{"href":"https:\/\/www.slsele.com\/es\/wp-json\/wp\/v2\/media?parent=3962"}],"wp:term":[{"taxonomy":"product_brand","embeddable":true,"href":"https:\/\/www.slsele.com\/es\/wp-json\/wp\/v2\/product_brand?post=3962"},{"taxonomy":"product_cat","embeddable":true,"href":"https:\/\/www.slsele.com\/es\/wp-json\/wp\/v2\/product_cat?post=3962"},{"taxonomy":"product_tag","embeddable":true,"href":"https:\/\/www.slsele.com\/es\/wp-json\/wp\/v2\/product_tag?post=3962"}],"curies":[{"name":"wp","href":"https:\/\/api.w.org\/{rel}","templated":true}]}}