{"id":3937,"date":"2024-09-26T11:19:08","date_gmt":"2024-09-26T03:19:08","guid":{"rendered":"https:\/\/slsele.com\/?post_type=product&#038;p=3937"},"modified":"2024-09-26T13:53:22","modified_gmt":"2024-09-26T05:53:22","slug":"sls-infrared-wifi-rf-control-remote","status":"publish","type":"product","link":"https:\/\/www.slsele.com\/es\/producto\/sls-infrared-wifi-rf-control-remote\/","title":{"rendered":"Control remoto RF WiFi infrarrojo SLS"},"content":{"rendered":"<h2 style=\"text-align: center;\">Mando a distancia SLS RF por infrarrojos WiFi para TV y aire acondicionado<\/h2>\n<h3 style=\"font-size: 25px; text-align: left;\">Descripci\u00f3n<\/h3>\n<p style=\"text-align: left;\">Los usuarios pueden utilizar el control remoto RF por WiFi por infrarrojos para lograr la integraci\u00f3n del control de electrodom\u00e9sticos comunes. Con un dise\u00f1o avanzado de RF e IR, el control remoto es altamente compatible y puede controlar aires acondicionados, televisores, ventiladores, reproductores de DVD, decodificadores y otros dispositivos infrarrojos en uno, al mismo tiempo que admite dispositivos RF como l\u00e1mparas, interruptores y persianas enrollables. Su memoria incorporada puede albergar miles de c\u00f3digos infrarrojos (compatible con IR 38 KHz y RF 433\/315 MHz).<\/p>\n<h3 style=\"font-size: 25px; text-align: left;\"><img loading=\"lazy\" decoding=\"async\" class=\"aligncenter wp-image-3934 size-full\" src=\"https:\/\/slsele.com\/wp-content\/uploads\/2024\/09\/rf-remote-control-detailed-picture-2.webp\" alt=\"El control remoto IR RF puede reemplazar varios controles remotos dom\u00e9sticos\" width=\"800\" height=\"800\" srcset=\"https:\/\/www.slsele.com\/wp-content\/uploads\/2024\/09\/rf-remote-control-detailed-picture-2.webp 800w, https:\/\/www.slsele.com\/wp-content\/uploads\/2024\/09\/rf-remote-control-detailed-picture-2-300x300.webp 300w, https:\/\/www.slsele.com\/wp-content\/uploads\/2024\/09\/rf-remote-control-detailed-picture-2-150x150.webp 150w, https:\/\/www.slsele.com\/wp-content\/uploads\/2024\/09\/rf-remote-control-detailed-picture-2-768x768.webp 768w, https:\/\/www.slsele.com\/wp-content\/uploads\/2024\/09\/rf-remote-control-detailed-picture-2-12x12.webp 12w, https:\/\/www.slsele.com\/wp-content\/uploads\/2024\/09\/rf-remote-control-detailed-picture-2-570x570.webp 570w, https:\/\/www.slsele.com\/wp-content\/uploads\/2024\/09\/rf-remote-control-detailed-picture-2-500x500.webp 500w, https:\/\/www.slsele.com\/wp-content\/uploads\/2024\/09\/rf-remote-control-detailed-picture-2-700x700.webp 700w, https:\/\/www.slsele.com\/wp-content\/uploads\/2024\/09\/rf-remote-control-detailed-picture-2-600x600.webp 600w, https:\/\/www.slsele.com\/wp-content\/uploads\/2024\/09\/rf-remote-control-detailed-picture-2-100x100.webp 100w, https:\/\/www.slsele.com\/wp-content\/uploads\/2024\/09\/rf-remote-control-detailed-picture-2-50x50.webp 50w\" sizes=\"auto, (max-width: 800px) 100vw, 800px\" \/><img loading=\"lazy\" decoding=\"async\" class=\"aligncenter wp-image-3935 size-full\" src=\"https:\/\/slsele.com\/wp-content\/uploads\/2024\/09\/rf-remote-control-detailed-picture-3.webp\" alt=\"El control remoto IR RF se conecta con dispositivos IR y RF\" width=\"1001\" height=\"1001\" srcset=\"https:\/\/www.slsele.com\/wp-content\/uploads\/2024\/09\/rf-remote-control-detailed-picture-3.webp 1001w, https:\/\/www.slsele.com\/wp-content\/uploads\/2024\/09\/rf-remote-control-detailed-picture-3-300x300.webp 300w, https:\/\/www.slsele.com\/wp-content\/uploads\/2024\/09\/rf-remote-control-detailed-picture-3-150x150.webp 150w, https:\/\/www.slsele.com\/wp-content\/uploads\/2024\/09\/rf-remote-control-detailed-picture-3-768x768.webp 768w, https:\/\/www.slsele.com\/wp-content\/uploads\/2024\/09\/rf-remote-control-detailed-picture-3-12x12.webp 12w, https:\/\/www.slsele.com\/wp-content\/uploads\/2024\/09\/rf-remote-control-detailed-picture-3-570x570.webp 570w, https:\/\/www.slsele.com\/wp-content\/uploads\/2024\/09\/rf-remote-control-detailed-picture-3-500x500.webp 500w, https:\/\/www.slsele.com\/wp-content\/uploads\/2024\/09\/rf-remote-control-detailed-picture-3-700x700.webp 700w, https:\/\/www.slsele.com\/wp-content\/uploads\/2024\/09\/rf-remote-control-detailed-picture-3-600x600.webp 600w, https:\/\/www.slsele.com\/wp-content\/uploads\/2024\/09\/rf-remote-control-detailed-picture-3-100x100.webp 100w, https:\/\/www.slsele.com\/wp-content\/uploads\/2024\/09\/rf-remote-control-detailed-picture-3-50x50.webp 50w\" sizes=\"auto, (max-width: 1001px) 100vw, 1001px\" \/><img loading=\"lazy\" decoding=\"async\" class=\"aligncenter wp-image-3936 size-full\" src=\"https:\/\/slsele.com\/wp-content\/uploads\/2024\/09\/rf-remote-control-detailed-picture-4.webp\" alt=\"Encienda de forma remota el aire acondicionado de su casa usando el control remoto IR RF mientras est\u00e1 al aire libre\" width=\"1001\" height=\"1001\" srcset=\"https:\/\/www.slsele.com\/wp-content\/uploads\/2024\/09\/rf-remote-control-detailed-picture-4.webp 1001w, https:\/\/www.slsele.com\/wp-content\/uploads\/2024\/09\/rf-remote-control-detailed-picture-4-300x300.webp 300w, https:\/\/www.slsele.com\/wp-content\/uploads\/2024\/09\/rf-remote-control-detailed-picture-4-150x150.webp 150w, https:\/\/www.slsele.com\/wp-content\/uploads\/2024\/09\/rf-remote-control-detailed-picture-4-768x768.webp 768w, https:\/\/www.slsele.com\/wp-content\/uploads\/2024\/09\/rf-remote-control-detailed-picture-4-12x12.webp 12w, https:\/\/www.slsele.com\/wp-content\/uploads\/2024\/09\/rf-remote-control-detailed-picture-4-570x570.webp 570w, https:\/\/www.slsele.com\/wp-content\/uploads\/2024\/09\/rf-remote-control-detailed-picture-4-500x500.webp 500w, https:\/\/www.slsele.com\/wp-content\/uploads\/2024\/09\/rf-remote-control-detailed-picture-4-700x700.webp 700w, https:\/\/www.slsele.com\/wp-content\/uploads\/2024\/09\/rf-remote-control-detailed-picture-4-600x600.webp 600w, https:\/\/www.slsele.com\/wp-content\/uploads\/2024\/09\/rf-remote-control-detailed-picture-4-100x100.webp 100w, https:\/\/www.slsele.com\/wp-content\/uploads\/2024\/09\/rf-remote-control-detailed-picture-4-50x50.webp 50w\" sizes=\"auto, (max-width: 1001px) 100vw, 1001px\" \/><img loading=\"lazy\" decoding=\"async\" class=\"aligncenter wp-image-3930 size-full\" src=\"https:\/\/slsele.com\/wp-content\/uploads\/2024\/09\/rf-remote-control-detailed-picture-5.webp\" alt=\"Controle el televisor mediante el control remoto RF y los comandos de voz de Alexa\" width=\"1001\" height=\"1001\" srcset=\"https:\/\/www.slsele.com\/wp-content\/uploads\/2024\/09\/rf-remote-control-detailed-picture-5.webp 1001w, https:\/\/www.slsele.com\/wp-content\/uploads\/2024\/09\/rf-remote-control-detailed-picture-5-300x300.webp 300w, https:\/\/www.slsele.com\/wp-content\/uploads\/2024\/09\/rf-remote-control-detailed-picture-5-150x150.webp 150w, https:\/\/www.slsele.com\/wp-content\/uploads\/2024\/09\/rf-remote-control-detailed-picture-5-768x768.webp 768w, https:\/\/www.slsele.com\/wp-content\/uploads\/2024\/09\/rf-remote-control-detailed-picture-5-12x12.webp 12w, https:\/\/www.slsele.com\/wp-content\/uploads\/2024\/09\/rf-remote-control-detailed-picture-5-570x570.webp 570w, https:\/\/www.slsele.com\/wp-content\/uploads\/2024\/09\/rf-remote-control-detailed-picture-5-500x500.webp 500w, https:\/\/www.slsele.com\/wp-content\/uploads\/2024\/09\/rf-remote-control-detailed-picture-5-700x700.webp 700w, https:\/\/www.slsele.com\/wp-content\/uploads\/2024\/09\/rf-remote-control-detailed-picture-5-600x600.webp 600w, https:\/\/www.slsele.com\/wp-content\/uploads\/2024\/09\/rf-remote-control-detailed-picture-5-100x100.webp 100w, https:\/\/www.slsele.com\/wp-content\/uploads\/2024\/09\/rf-remote-control-detailed-picture-5-50x50.webp 50w\" sizes=\"auto, (max-width: 1001px) 100vw, 1001px\" \/>Especificaciones<\/h3>\n<p style=\"text-align: left;\">Entrada de energ\u00eda: CC 5 V\/1 A (Micro USB 2.0)<\/p>\n<p style=\"text-align: left;\">Modelo: RF-R1<\/p>\n<p style=\"text-align: left;\">Consumo en espera: \u22640,4 W<\/p>\n<p style=\"text-align: left;\">Distancia de control: Direcci\u00f3n horizontal \u22648 m, Direcci\u00f3n opuesta \u226415 m (efecto final seg\u00fan el entorno)<\/p>\n<p style=\"text-align: left;\">Direcci\u00f3n de control IR: M\u00faltiples v\u00edas<\/p>\n<p style=\"text-align: left;\">Temperatura de funcionamiento: -10\u2103~50\u2103<\/p>\n<p style=\"text-align: left;\">Humedad de funcionamiento: \u226485%RH<\/p>\n<p style=\"text-align: left;\">Tipo de conexi\u00f3n: 2,4 GHz 802.11b\/g\/n<\/p>\n<p style=\"text-align: left;\">Portadora: 38KHZ<\/p>\n<p style=\"text-align: left;\">SOPORTE DE APLICACIONES: Android 4.0\/iOS 8.0 o superior<\/p>\n<p style=\"text-align: left;\">Frecuencia inal\u00e1mbrica: 2,4 GHz<\/p>\n<p style=\"text-align: left;\">Radiofrecuencia: 433\/315 MHz<\/p>\n<p style=\"text-align: left;\"><img loading=\"lazy\" decoding=\"async\" class=\"aligncenter wp-image-3931 size-full\" src=\"https:\/\/slsele.com\/wp-content\/uploads\/2024\/09\/rf-remote-control-detailed-picture-6.webp\" alt=\"Especificaciones del control remoto RF\" width=\"800\" height=\"800\" srcset=\"https:\/\/www.slsele.com\/wp-content\/uploads\/2024\/09\/rf-remote-control-detailed-picture-6.webp 800w, https:\/\/www.slsele.com\/wp-content\/uploads\/2024\/09\/rf-remote-control-detailed-picture-6-300x300.webp 300w, https:\/\/www.slsele.com\/wp-content\/uploads\/2024\/09\/rf-remote-control-detailed-picture-6-150x150.webp 150w, https:\/\/www.slsele.com\/wp-content\/uploads\/2024\/09\/rf-remote-control-detailed-picture-6-768x768.webp 768w, https:\/\/www.slsele.com\/wp-content\/uploads\/2024\/09\/rf-remote-control-detailed-picture-6-12x12.webp 12w, https:\/\/www.slsele.com\/wp-content\/uploads\/2024\/09\/rf-remote-control-detailed-picture-6-570x570.webp 570w, https:\/\/www.slsele.com\/wp-content\/uploads\/2024\/09\/rf-remote-control-detailed-picture-6-500x500.webp 500w, https:\/\/www.slsele.com\/wp-content\/uploads\/2024\/09\/rf-remote-control-detailed-picture-6-700x700.webp 700w, https:\/\/www.slsele.com\/wp-content\/uploads\/2024\/09\/rf-remote-control-detailed-picture-6-600x600.webp 600w, https:\/\/www.slsele.com\/wp-content\/uploads\/2024\/09\/rf-remote-control-detailed-picture-6-100x100.webp 100w, https:\/\/www.slsele.com\/wp-content\/uploads\/2024\/09\/rf-remote-control-detailed-picture-6-50x50.webp 50w\" sizes=\"auto, (max-width: 800px) 100vw, 800px\" \/><\/p>","protected":false},"excerpt":{"rendered":"<p style=\"margin: 0cm;\"><span lang=\"EN-US\" style=\"font-family: 'Times New Roman',serif; color: #0e101a;\">Con un solo mando a distancia RF WiFi infrarrojo podr\u00e1s convertir tu smartphone en un mando a distancia universal para todos los electrodom\u00e9sticos del hogar.<\/span><\/p>","protected":false},"featured_media":3932,"comment_status":"open","ping_status":"closed","template":"","meta":[],"product_brand":[],"product_cat":[19],"product_tag":[],"class_list":{"0":"post-3937","1":"product","2":"type-product","3":"status-publish","4":"has-post-thumbnail","6":"product_cat-smart-controller","8":"first","9":"instock","10":"shipping-taxable","11":"purchasable","12":"product-type-simple"},"_links":{"self":[{"href":"https:\/\/www.slsele.com\/es\/wp-json\/wp\/v2\/product\/3937","targetHints":{"allow":["GET"]}}],"collection":[{"href":"https:\/\/www.slsele.com\/es\/wp-json\/wp\/v2\/product"}],"about":[{"href":"https:\/\/www.slsele.com\/es\/wp-json\/wp\/v2\/types\/product"}],"replies":[{"embeddable":true,"href":"https:\/\/www.slsele.com\/es\/wp-json\/wp\/v2\/comments?post=3937"}],"wp:featuredmedia":[{"embeddable":true,"href":"https:\/\/www.slsele.com\/es\/wp-json\/wp\/v2\/media\/3932"}],"wp:attachment":[{"href":"https:\/\/www.slsele.com\/es\/wp-json\/wp\/v2\/media?parent=3937"}],"wp:term":[{"taxonomy":"product_brand","embeddable":true,"href":"https:\/\/www.slsele.com\/es\/wp-json\/wp\/v2\/product_brand?post=3937"},{"taxonomy":"product_cat","embeddable":true,"href":"https:\/\/www.slsele.com\/es\/wp-json\/wp\/v2\/product_cat?post=3937"},{"taxonomy":"product_tag","embeddable":true,"href":"https:\/\/www.slsele.com\/es\/wp-json\/wp\/v2\/product_tag?post=3937"}],"curies":[{"name":"wp","href":"https:\/\/api.w.org\/{rel}","templated":true}]}}