{"id":3903,"date":"2024-09-23T17:33:31","date_gmt":"2024-09-23T09:33:31","guid":{"rendered":"https:\/\/slsele.com\/?post_type=product&#038;p=3903"},"modified":"2024-09-24T10:02:08","modified_gmt":"2024-09-24T02:02:08","slug":"sls-smart-wifi-aroma-diffuser","status":"publish","type":"product","link":"https:\/\/www.slsele.com\/es\/producto\/sls-smart-wifi-aroma-diffuser\/","title":{"rendered":"Humidificador purificador de aceites esenciales con difusor de aroma inteligente WiFi SLS"},"content":{"rendered":"<h2 style=\"text-align: center; font-size: 25px;\">Difusor de aroma inteligente Wifi de 400 ml con 7 colores LED<\/h2>\n<h3 style=\"font-size: 25px; text-align: left;\">Descripci\u00f3n<\/h3>\n<p style=\"text-align: left;\">Este <a href=\"https:\/\/sailingsi.en.made-in-china.com\/product\/faypzeYosDVn\/China-SLS-Hot-Selling-Ultrasonic-Smart-Aroma-Diffuser-Essential-Oil-Purifier-Humidifier.html\" target=\"_blank\" rel=\"noopener\">Difusor de aroma inteligente wifi<\/a> Utiliza tecnolog\u00eda de atomizaci\u00f3n de alta frecuencia para dispersar de manera r\u00e1pida y uniforme los aceites esenciales en el aire, lo que proporciona una experiencia arom\u00e1tica duradera y refrescante. El dispositivo est\u00e1 equipado con un tanque de agua de gran capacidad de 400 ml que puede funcionar durante mucho tiempo sin recargas de agua frecuentes, lo que lo hace muy adecuado para la relajaci\u00f3n o el sue\u00f1o a largo plazo.<\/p>\n<p style=\"text-align: left;\"><img loading=\"lazy\" decoding=\"async\" class=\"aligncenter size-full wp-image-3906\" src=\"https:\/\/slsele.com\/wp-content\/uploads\/2024\/09\/The-smart-WiFi-aroma-diffuser-releases-aromatic-mist.gif\" alt=\"El difusor de aroma WiFi inteligente libera niebla arom\u00e1tica.\" width=\"600\" height=\"338\" \/>Por razones de seguridad, cuando el nivel del agua es demasiado bajo, el difusor de aroma inteligente con wifi se apagar\u00e1 autom\u00e1ticamente para evitar el posible peligro de quemaduras en seco. Es s\u00faper silencioso por la noche, lo que no perturbar\u00e1 su descanso y le permitir\u00e1 dormir bien.<\/p>\n<p>&nbsp;<\/p>\n<p style=\"text-align: left;\">El difusor de aroma inteligente con wifi tambi\u00e9n tiene una funci\u00f3n de temporizador, por lo que puede personalizar el tiempo de funcionamiento seg\u00fan sus preferencias. La luz nocturna de color incorporada puede crear una atm\u00f3sfera c\u00e1lida y rom\u00e1ntica cuando se trabaja de noche; la luz es suave y no deslumbra.<\/p>\n<h3 style=\"font-size: 25px; text-align: left;\"><img loading=\"lazy\" decoding=\"async\" class=\"aligncenter size-large wp-image-3896\" src=\"https:\/\/slsele.com\/wp-content\/uploads\/2024\/09\/smart-wifi-aroma-diffuser-detailed-picture-1-1024x1024.webp\" alt=\"El difusor de aroma WiFi inteligente tiene un dise\u00f1o ultra silencioso.\" width=\"1024\" height=\"1024\" srcset=\"https:\/\/www.slsele.com\/wp-content\/uploads\/2024\/09\/smart-wifi-aroma-diffuser-detailed-picture-1-1024x1024.webp 1024w, https:\/\/www.slsele.com\/wp-content\/uploads\/2024\/09\/smart-wifi-aroma-diffuser-detailed-picture-1-300x300.webp 300w, https:\/\/www.slsele.com\/wp-content\/uploads\/2024\/09\/smart-wifi-aroma-diffuser-detailed-picture-1-150x150.webp 150w, https:\/\/www.slsele.com\/wp-content\/uploads\/2024\/09\/smart-wifi-aroma-diffuser-detailed-picture-1-768x768.webp 768w, https:\/\/www.slsele.com\/wp-content\/uploads\/2024\/09\/smart-wifi-aroma-diffuser-detailed-picture-1-12x12.webp 12w, https:\/\/www.slsele.com\/wp-content\/uploads\/2024\/09\/smart-wifi-aroma-diffuser-detailed-picture-1-570x570.webp 570w, https:\/\/www.slsele.com\/wp-content\/uploads\/2024\/09\/smart-wifi-aroma-diffuser-detailed-picture-1-500x500.webp 500w, https:\/\/www.slsele.com\/wp-content\/uploads\/2024\/09\/smart-wifi-aroma-diffuser-detailed-picture-1-1000x1000.webp 1000w, https:\/\/www.slsele.com\/wp-content\/uploads\/2024\/09\/smart-wifi-aroma-diffuser-detailed-picture-1-700x700.webp 700w, https:\/\/www.slsele.com\/wp-content\/uploads\/2024\/09\/smart-wifi-aroma-diffuser-detailed-picture-1-600x600.webp 600w, https:\/\/www.slsele.com\/wp-content\/uploads\/2024\/09\/smart-wifi-aroma-diffuser-detailed-picture-1-100x100.webp 100w, https:\/\/www.slsele.com\/wp-content\/uploads\/2024\/09\/smart-wifi-aroma-diffuser-detailed-picture-1-50x50.webp 50w, https:\/\/www.slsele.com\/wp-content\/uploads\/2024\/09\/smart-wifi-aroma-diffuser-detailed-picture-1.webp 1500w\" sizes=\"auto, (max-width: 1024px) 100vw, 1024px\" \/><img loading=\"lazy\" decoding=\"async\" class=\"aligncenter size-large wp-image-3897\" src=\"https:\/\/slsele.com\/wp-content\/uploads\/2024\/09\/smart-wifi-aroma-diffuser-detailed-picture-2-1024x699.webp\" alt=\"Las funciones del difusor de aroma wifi inteligente\" width=\"1024\" height=\"699\" srcset=\"https:\/\/www.slsele.com\/wp-content\/uploads\/2024\/09\/smart-wifi-aroma-diffuser-detailed-picture-2-1024x699.webp 1024w, https:\/\/www.slsele.com\/wp-content\/uploads\/2024\/09\/smart-wifi-aroma-diffuser-detailed-picture-2-300x205.webp 300w, https:\/\/www.slsele.com\/wp-content\/uploads\/2024\/09\/smart-wifi-aroma-diffuser-detailed-picture-2-768x524.webp 768w, https:\/\/www.slsele.com\/wp-content\/uploads\/2024\/09\/smart-wifi-aroma-diffuser-detailed-picture-2-18x12.webp 18w, https:\/\/www.slsele.com\/wp-content\/uploads\/2024\/09\/smart-wifi-aroma-diffuser-detailed-picture-2-700x478.webp 700w, https:\/\/www.slsele.com\/wp-content\/uploads\/2024\/09\/smart-wifi-aroma-diffuser-detailed-picture-2-600x410.webp 600w, https:\/\/www.slsele.com\/wp-content\/uploads\/2024\/09\/smart-wifi-aroma-diffuser-detailed-picture-2.webp 1500w\" sizes=\"auto, (max-width: 1024px) 100vw, 1024px\" \/><img loading=\"lazy\" decoding=\"async\" class=\"aligncenter size-large wp-image-3898\" src=\"https:\/\/slsele.com\/wp-content\/uploads\/2024\/09\/smart-wifi-aroma-diffuser-detailed-picture-3-1024x765.webp\" alt=\"Las se\u00f1ales de control se transmiten entre tel\u00e9fonos inteligentes, la nube, enrutadores y difusores de aroma WiFi inteligentes.\" width=\"1024\" height=\"765\" srcset=\"https:\/\/www.slsele.com\/wp-content\/uploads\/2024\/09\/smart-wifi-aroma-diffuser-detailed-picture-3-1024x765.webp 1024w, https:\/\/www.slsele.com\/wp-content\/uploads\/2024\/09\/smart-wifi-aroma-diffuser-detailed-picture-3-300x224.webp 300w, https:\/\/www.slsele.com\/wp-content\/uploads\/2024\/09\/smart-wifi-aroma-diffuser-detailed-picture-3-768x573.webp 768w, https:\/\/www.slsele.com\/wp-content\/uploads\/2024\/09\/smart-wifi-aroma-diffuser-detailed-picture-3-16x12.webp 16w, https:\/\/www.slsele.com\/wp-content\/uploads\/2024\/09\/smart-wifi-aroma-diffuser-detailed-picture-3-700x523.webp 700w, https:\/\/www.slsele.com\/wp-content\/uploads\/2024\/09\/smart-wifi-aroma-diffuser-detailed-picture-3-600x448.webp 600w, https:\/\/www.slsele.com\/wp-content\/uploads\/2024\/09\/smart-wifi-aroma-diffuser-detailed-picture-3.webp 1500w\" sizes=\"auto, (max-width: 1024px) 100vw, 1024px\" \/><img loading=\"lazy\" decoding=\"async\" class=\"aligncenter size-large wp-image-3899\" src=\"https:\/\/slsele.com\/wp-content\/uploads\/2024\/09\/smart-wifi-aroma-diffuser-detailed-picture-4-1024x687.webp\" alt=\"El principio de transmisi\u00f3n de se\u00f1ales para controlar un difusor de aromas WiFi inteligente a trav\u00e9s de un tel\u00e9fono inteligente\" width=\"1024\" height=\"687\" srcset=\"https:\/\/www.slsele.com\/wp-content\/uploads\/2024\/09\/smart-wifi-aroma-diffuser-detailed-picture-4-1024x687.webp 1024w, https:\/\/www.slsele.com\/wp-content\/uploads\/2024\/09\/smart-wifi-aroma-diffuser-detailed-picture-4-300x201.webp 300w, https:\/\/www.slsele.com\/wp-content\/uploads\/2024\/09\/smart-wifi-aroma-diffuser-detailed-picture-4-768x515.webp 768w, https:\/\/www.slsele.com\/wp-content\/uploads\/2024\/09\/smart-wifi-aroma-diffuser-detailed-picture-4-18x12.webp 18w, https:\/\/www.slsele.com\/wp-content\/uploads\/2024\/09\/smart-wifi-aroma-diffuser-detailed-picture-4-700x469.webp 700w, https:\/\/www.slsele.com\/wp-content\/uploads\/2024\/09\/smart-wifi-aroma-diffuser-detailed-picture-4-600x402.webp 600w, https:\/\/www.slsele.com\/wp-content\/uploads\/2024\/09\/smart-wifi-aroma-diffuser-detailed-picture-4.webp 1500w\" sizes=\"auto, (max-width: 1024px) 100vw, 1024px\" \/>Usando el m\u00e9todo<\/h3>\n<h3 style=\"font-size: 25px; text-align: left;\"><img loading=\"lazy\" decoding=\"async\" class=\"aligncenter size-full wp-image-3902\" src=\"https:\/\/slsele.com\/wp-content\/uploads\/2024\/09\/using-method.webp\" alt=\"M\u00e9todo de uso del difusor de aroma inteligente WiFI\" width=\"1000\" height=\"1000\" srcset=\"https:\/\/www.slsele.com\/wp-content\/uploads\/2024\/09\/using-method.webp 1000w, https:\/\/www.slsele.com\/wp-content\/uploads\/2024\/09\/using-method-300x300.webp 300w, https:\/\/www.slsele.com\/wp-content\/uploads\/2024\/09\/using-method-150x150.webp 150w, https:\/\/www.slsele.com\/wp-content\/uploads\/2024\/09\/using-method-768x768.webp 768w, https:\/\/www.slsele.com\/wp-content\/uploads\/2024\/09\/using-method-12x12.webp 12w, https:\/\/www.slsele.com\/wp-content\/uploads\/2024\/09\/using-method-570x570.webp 570w, https:\/\/www.slsele.com\/wp-content\/uploads\/2024\/09\/using-method-500x500.webp 500w, https:\/\/www.slsele.com\/wp-content\/uploads\/2024\/09\/using-method-700x700.webp 700w, https:\/\/www.slsele.com\/wp-content\/uploads\/2024\/09\/using-method-600x600.webp 600w, https:\/\/www.slsele.com\/wp-content\/uploads\/2024\/09\/using-method-100x100.webp 100w, https:\/\/www.slsele.com\/wp-content\/uploads\/2024\/09\/using-method-50x50.webp 50w\" sizes=\"auto, (max-width: 1000px) 100vw, 1000px\" \/>Especificaciones<\/h3>\n<p style=\"text-align: left;\">Capacidad: 400ml<\/p>\n<p style=\"text-align: left;\">Salida: DC24V<\/p>\n<p style=\"text-align: left;\">Material: PP + ABS<\/p>\n<p style=\"text-align: left;\">Potencia: M\u00e1x. 12 W<\/p>\n<p style=\"text-align: left;\">Tama\u00f1o: 163*168 mm<\/p>\n<p style=\"text-align: left;\">\u00c1rea de uso: 20-40\u33a1<\/p>\n<p style=\"text-align: left;\">Peso: 340g<\/p>\n<p style=\"text-align: left;\">Frecuencia: 2,4 MHz<\/p>\n<p style=\"text-align: left;\">Entrada: 100 V-240 V CA<\/p>\n<p style=\"text-align: left;\">Ruido: &lt;35db(A)<\/p>\n<h3 style=\"font-size: 25px; text-align: left;\"><img loading=\"lazy\" decoding=\"async\" class=\"aligncenter size-large wp-image-3901\" src=\"https:\/\/slsele.com\/wp-content\/uploads\/2024\/09\/specifications-1024x1024.webp\" alt=\"Especificaciones del difusor de aroma WiFi inteligente\" width=\"1024\" height=\"1024\" srcset=\"https:\/\/www.slsele.com\/wp-content\/uploads\/2024\/09\/specifications-1024x1024.webp 1024w, https:\/\/www.slsele.com\/wp-content\/uploads\/2024\/09\/specifications-300x300.webp 300w, https:\/\/www.slsele.com\/wp-content\/uploads\/2024\/09\/specifications-150x150.webp 150w, https:\/\/www.slsele.com\/wp-content\/uploads\/2024\/09\/specifications-768x768.webp 768w, https:\/\/www.slsele.com\/wp-content\/uploads\/2024\/09\/specifications-12x12.webp 12w, https:\/\/www.slsele.com\/wp-content\/uploads\/2024\/09\/specifications-570x570.webp 570w, https:\/\/www.slsele.com\/wp-content\/uploads\/2024\/09\/specifications-500x500.webp 500w, https:\/\/www.slsele.com\/wp-content\/uploads\/2024\/09\/specifications-1000x1000.webp 1000w, https:\/\/www.slsele.com\/wp-content\/uploads\/2024\/09\/specifications-700x700.webp 700w, https:\/\/www.slsele.com\/wp-content\/uploads\/2024\/09\/specifications-600x600.webp 600w, https:\/\/www.slsele.com\/wp-content\/uploads\/2024\/09\/specifications-100x100.webp 100w, https:\/\/www.slsele.com\/wp-content\/uploads\/2024\/09\/specifications-50x50.webp 50w, https:\/\/www.slsele.com\/wp-content\/uploads\/2024\/09\/specifications.webp 1500w\" sizes=\"auto, (max-width: 1024px) 100vw, 1024px\" \/><\/h3>\n<h3 style=\"font-size: 25px; text-align: left;\">Precauciones<\/h3>\n<p style=\"text-align: left;\">1. El tiempo de uso del difusor de aroma wifi inteligente es de 10 horas como l\u00edmite superior.<\/p>\n<p style=\"text-align: left;\">2. Tenga en cuenta que cualquier ligera diferencia en la concentraci\u00f3n del aerosol es normal.<\/p>\n<p style=\"text-align: left;\">3. Los diferentes tipos de agua, la temperatura, la temperatura del aire y el viento afectar\u00e1n el efecto de nebulizaci\u00f3n.<\/p>\n<p style=\"text-align: left;\">4.Si no hay agua en el tanque de agua, presione el bot\u00f3n \u201cMIST\u201d y la m\u00e1quina de aromaterapia sonar\u00e1 \u201cDO\u201d tres veces.<\/p>\n<p style=\"text-align: left;\">5. El sonido avisa que la m\u00e1quina de aromaterapia no se puede utilizar sin agua.<\/p>\n<p style=\"text-align: left;\">6. Antes de cambiar a otro aceite arom\u00e1tico, siga la secci\u00f3n de cuidado para limpiar el producto.<\/p>","protected":false},"excerpt":{"rendered":"<p>El difusor de aroma inteligente con wifi utiliza tecnolog\u00eda de atomizaci\u00f3n de alta frecuencia para dispersar de manera r\u00e1pida y uniforme los aceites esenciales en el aire, lo que hace que la habitaci\u00f3n sea fresca y fragante. El dispositivo est\u00e1 equipado con un tanque de agua de gran capacidad de 400 ml y puede funcionar de forma continua durante 10 horas sin agregar agua, lo que es muy adecuado para relajarse antes de acostarse.<\/p>","protected":false},"featured_media":3900,"comment_status":"open","ping_status":"closed","template":"","meta":[],"product_brand":[],"product_cat":[59],"product_tag":[],"class_list":{"0":"post-3903","1":"product","2":"type-product","3":"status-publish","4":"has-post-thumbnail","6":"product_cat-other-smart-devices","8":"first","9":"instock","10":"shipping-taxable","11":"purchasable","12":"product-type-simple"},"_links":{"self":[{"href":"https:\/\/www.slsele.com\/es\/wp-json\/wp\/v2\/product\/3903","targetHints":{"allow":["GET"]}}],"collection":[{"href":"https:\/\/www.slsele.com\/es\/wp-json\/wp\/v2\/product"}],"about":[{"href":"https:\/\/www.slsele.com\/es\/wp-json\/wp\/v2\/types\/product"}],"replies":[{"embeddable":true,"href":"https:\/\/www.slsele.com\/es\/wp-json\/wp\/v2\/comments?post=3903"}],"wp:featuredmedia":[{"embeddable":true,"href":"https:\/\/www.slsele.com\/es\/wp-json\/wp\/v2\/media\/3900"}],"wp:attachment":[{"href":"https:\/\/www.slsele.com\/es\/wp-json\/wp\/v2\/media?parent=3903"}],"wp:term":[{"taxonomy":"product_brand","embeddable":true,"href":"https:\/\/www.slsele.com\/es\/wp-json\/wp\/v2\/product_brand?post=3903"},{"taxonomy":"product_cat","embeddable":true,"href":"https:\/\/www.slsele.com\/es\/wp-json\/wp\/v2\/product_cat?post=3903"},{"taxonomy":"product_tag","embeddable":true,"href":"https:\/\/www.slsele.com\/es\/wp-json\/wp\/v2\/product_tag?post=3903"}],"curies":[{"name":"wp","href":"https:\/\/api.w.org\/{rel}","templated":true}]}}