{"id":3758,"date":"2024-09-05T15:20:02","date_gmt":"2024-09-05T07:20:02","guid":{"rendered":"https:\/\/slsele.com\/?post_type=product&#038;p=3758"},"modified":"2024-09-05T15:54:47","modified_gmt":"2024-09-05T07:54:47","slug":"wifi-curtain-switch-spring-push-button","status":"publish","type":"product","link":"https:\/\/www.slsele.com\/es\/producto\/wifi-curtain-switch-spring-push-button\/","title":{"rendered":"Bot\u00f3n pulsador con resorte para cortina con WiFi SLS"},"content":{"rendered":"<h2 style=\"text-align: center; font-size: 25px;\">Interruptor de cortina WiFi con bot\u00f3n pulsador SLS para persianas enrollables<\/h2>\n<h3 style=\"font-size: 25px; text-align: left;\">Descripci\u00f3n<\/h3>\n<p style=\"text-align: left;\">El interruptor de cortina WiFi controla la apertura y el cierre de las cortinas de tu hogar para ajustar la luz y la oscuridad de tu habitaci\u00f3n. El interruptor es compatible con los protocolos Zigbee y WiFi, por lo que podemos cerrar las cortinas por la noche y abrirlas de forma remota por la ma\u00f1ana mientras estamos acostados en la cama, en cualquier momento y en cualquier lugar, usando nuestros tel\u00e9fonos inteligentes o los comandos de voz de Alexa Echo.<\/p>\n<p>&nbsp;<\/p>\n<p style=\"text-align: left;\">El interruptor de cortina WiFi est\u00e1 hecho de material de PC resistente al fuego, lo que garantiza la seguridad de los electrodom\u00e9sticos de alta potencia.<\/p>\n<p>&nbsp;<\/p>\n<p style=\"text-align: left;\"><a href=\"https:\/\/techweet.com\/control-your-home-with-these-home-automation-devices-on-offer\/\" rel=\"nofollow noopener\" target=\"_blank\">Adem\u00e1s, es compatible con dispositivos Alexa y Google Home.<\/a>, lo que facilita el control de los motores de las cortinas con simples comandos de voz.<\/p>\n<p>&nbsp;<\/p>\n<p style=\"text-align: left;\">Admite hasta ocho tareas programadas, incluidas las configuraciones de temporizador \u00fanico, repetido o de cuenta regresiva. Incluso cuando la red no est\u00e1 disponible, puede preconfigurar el temporizador en su tel\u00e9fono celular y, cuando se restablezca la red, el interruptor de cortina WiFi generalmente podr\u00e1 realizar las tareas programadas.<\/p>\n<p>&nbsp;<\/p>\n<p style=\"text-align: left;\">Tambi\u00e9n est\u00e1 equipado con protecci\u00f3n contra rayos, contra sobretensiones y protecci\u00f3n de circuitos para evitar accidentes de incendio en el hogar; tiene un modo de espera de bajo consumo para ahorrar energ\u00eda y potencia, y responde r\u00e1pidamente y sin demora.<\/p>\n<p>&nbsp;<\/p>\n<p style=\"text-align: left;\">Lo m\u00e1s importante es que tambi\u00e9n ofrecemos servicios personalizados de color, logotipo, paquete y manuales para satisfacer sus necesidades personalizadas.<\/p>\n<p style=\"text-align: left;\">Puede hacer clic aqu\u00ed para encontrarlo <span style=\"color: #0000ff;\"><a style=\"color: #0000ff;\" href=\"https:\/\/www.slsele.com\/es\/producto\/eu-wifi-smart-curtain-switch-with-touch-panel\/\" target=\"_blank\" rel=\"noopener\">Interruptor de cortina WiFi con panel t\u00e1ctil<\/a><\/span>.<\/p>\n<h3 style=\"font-size: 25px; text-align: left;\"><img loading=\"lazy\" decoding=\"async\" class=\"aligncenter size-full wp-image-3748\" src=\"https:\/\/slsele.com\/wp-content\/uploads\/2024\/09\/151B-detailed-picture-1.webp\" alt=\"La apariencia del interruptor de cortina WiFi\" width=\"1000\" height=\"1000\" srcset=\"https:\/\/www.slsele.com\/wp-content\/uploads\/2024\/09\/151B-detailed-picture-1.webp 1000w, https:\/\/www.slsele.com\/wp-content\/uploads\/2024\/09\/151B-detailed-picture-1-300x300.webp 300w, https:\/\/www.slsele.com\/wp-content\/uploads\/2024\/09\/151B-detailed-picture-1-150x150.webp 150w, https:\/\/www.slsele.com\/wp-content\/uploads\/2024\/09\/151B-detailed-picture-1-768x768.webp 768w, https:\/\/www.slsele.com\/wp-content\/uploads\/2024\/09\/151B-detailed-picture-1-12x12.webp 12w, https:\/\/www.slsele.com\/wp-content\/uploads\/2024\/09\/151B-detailed-picture-1-570x570.webp 570w, https:\/\/www.slsele.com\/wp-content\/uploads\/2024\/09\/151B-detailed-picture-1-500x500.webp 500w, https:\/\/www.slsele.com\/wp-content\/uploads\/2024\/09\/151B-detailed-picture-1-700x700.webp 700w, https:\/\/www.slsele.com\/wp-content\/uploads\/2024\/09\/151B-detailed-picture-1-600x600.webp 600w, https:\/\/www.slsele.com\/wp-content\/uploads\/2024\/09\/151B-detailed-picture-1-100x100.webp 100w, https:\/\/www.slsele.com\/wp-content\/uploads\/2024\/09\/151B-detailed-picture-1-50x50.webp 50w\" sizes=\"auto, (max-width: 1000px) 100vw, 1000px\" \/><img loading=\"lazy\" decoding=\"async\" class=\"aligncenter size-full wp-image-3749\" src=\"https:\/\/slsele.com\/wp-content\/uploads\/2024\/09\/151B-detailed-picture-2.webp\" alt=\"Descripci\u00f3n de la funci\u00f3n del bot\u00f3n del interruptor de cortina WiFi\" width=\"1000\" height=\"1000\" srcset=\"https:\/\/www.slsele.com\/wp-content\/uploads\/2024\/09\/151B-detailed-picture-2.webp 1000w, https:\/\/www.slsele.com\/wp-content\/uploads\/2024\/09\/151B-detailed-picture-2-300x300.webp 300w, https:\/\/www.slsele.com\/wp-content\/uploads\/2024\/09\/151B-detailed-picture-2-150x150.webp 150w, https:\/\/www.slsele.com\/wp-content\/uploads\/2024\/09\/151B-detailed-picture-2-768x768.webp 768w, https:\/\/www.slsele.com\/wp-content\/uploads\/2024\/09\/151B-detailed-picture-2-12x12.webp 12w, https:\/\/www.slsele.com\/wp-content\/uploads\/2024\/09\/151B-detailed-picture-2-570x570.webp 570w, https:\/\/www.slsele.com\/wp-content\/uploads\/2024\/09\/151B-detailed-picture-2-500x500.webp 500w, https:\/\/www.slsele.com\/wp-content\/uploads\/2024\/09\/151B-detailed-picture-2-700x700.webp 700w, https:\/\/www.slsele.com\/wp-content\/uploads\/2024\/09\/151B-detailed-picture-2-600x600.webp 600w, https:\/\/www.slsele.com\/wp-content\/uploads\/2024\/09\/151B-detailed-picture-2-100x100.webp 100w, https:\/\/www.slsele.com\/wp-content\/uploads\/2024\/09\/151B-detailed-picture-2-50x50.webp 50w\" sizes=\"auto, (max-width: 1000px) 100vw, 1000px\" \/><img loading=\"lazy\" decoding=\"async\" class=\"aligncenter size-full wp-image-3750\" src=\"https:\/\/slsele.com\/wp-content\/uploads\/2024\/09\/151B-detailed-picture-3.webp\" alt=\"Utilice un tel\u00e9fono m\u00f3vil para controlar remotamente las cortinas.\" width=\"1001\" height=\"1001\" srcset=\"https:\/\/www.slsele.com\/wp-content\/uploads\/2024\/09\/151B-detailed-picture-3.webp 1001w, https:\/\/www.slsele.com\/wp-content\/uploads\/2024\/09\/151B-detailed-picture-3-300x300.webp 300w, https:\/\/www.slsele.com\/wp-content\/uploads\/2024\/09\/151B-detailed-picture-3-150x150.webp 150w, https:\/\/www.slsele.com\/wp-content\/uploads\/2024\/09\/151B-detailed-picture-3-768x768.webp 768w, https:\/\/www.slsele.com\/wp-content\/uploads\/2024\/09\/151B-detailed-picture-3-12x12.webp 12w, https:\/\/www.slsele.com\/wp-content\/uploads\/2024\/09\/151B-detailed-picture-3-570x570.webp 570w, https:\/\/www.slsele.com\/wp-content\/uploads\/2024\/09\/151B-detailed-picture-3-500x500.webp 500w, https:\/\/www.slsele.com\/wp-content\/uploads\/2024\/09\/151B-detailed-picture-3-700x700.webp 700w, https:\/\/www.slsele.com\/wp-content\/uploads\/2024\/09\/151B-detailed-picture-3-600x600.webp 600w, https:\/\/www.slsele.com\/wp-content\/uploads\/2024\/09\/151B-detailed-picture-3-100x100.webp 100w, https:\/\/www.slsele.com\/wp-content\/uploads\/2024\/09\/151B-detailed-picture-3-50x50.webp 50w\" sizes=\"auto, (max-width: 1001px) 100vw, 1001px\" \/><img loading=\"lazy\" decoding=\"async\" class=\"aligncenter size-full wp-image-3751\" src=\"https:\/\/slsele.com\/wp-content\/uploads\/2024\/09\/151B-detailed-picture-4.webp\" alt=\"Utilice un tel\u00e9fono m\u00f3vil para controlar de forma remota la persiana enrollable del garaje\" width=\"800\" height=\"800\" srcset=\"https:\/\/www.slsele.com\/wp-content\/uploads\/2024\/09\/151B-detailed-picture-4.webp 800w, https:\/\/www.slsele.com\/wp-content\/uploads\/2024\/09\/151B-detailed-picture-4-300x300.webp 300w, https:\/\/www.slsele.com\/wp-content\/uploads\/2024\/09\/151B-detailed-picture-4-150x150.webp 150w, https:\/\/www.slsele.com\/wp-content\/uploads\/2024\/09\/151B-detailed-picture-4-768x768.webp 768w, https:\/\/www.slsele.com\/wp-content\/uploads\/2024\/09\/151B-detailed-picture-4-12x12.webp 12w, https:\/\/www.slsele.com\/wp-content\/uploads\/2024\/09\/151B-detailed-picture-4-570x570.webp 570w, https:\/\/www.slsele.com\/wp-content\/uploads\/2024\/09\/151B-detailed-picture-4-500x500.webp 500w, https:\/\/www.slsele.com\/wp-content\/uploads\/2024\/09\/151B-detailed-picture-4-700x700.webp 700w, https:\/\/www.slsele.com\/wp-content\/uploads\/2024\/09\/151B-detailed-picture-4-600x600.webp 600w, https:\/\/www.slsele.com\/wp-content\/uploads\/2024\/09\/151B-detailed-picture-4-100x100.webp 100w, https:\/\/www.slsele.com\/wp-content\/uploads\/2024\/09\/151B-detailed-picture-4-50x50.webp 50w\" sizes=\"auto, (max-width: 800px) 100vw, 800px\" \/><img loading=\"lazy\" decoding=\"async\" class=\"aligncenter size-full wp-image-3754\" src=\"https:\/\/slsele.com\/wp-content\/uploads\/2024\/09\/151B-detailed-picture-5.webp\" alt=\"La funci\u00f3n de temporizaci\u00f3n del interruptor de cortina WiFi\" width=\"800\" height=\"800\" srcset=\"https:\/\/www.slsele.com\/wp-content\/uploads\/2024\/09\/151B-detailed-picture-5.webp 800w, https:\/\/www.slsele.com\/wp-content\/uploads\/2024\/09\/151B-detailed-picture-5-300x300.webp 300w, https:\/\/www.slsele.com\/wp-content\/uploads\/2024\/09\/151B-detailed-picture-5-150x150.webp 150w, https:\/\/www.slsele.com\/wp-content\/uploads\/2024\/09\/151B-detailed-picture-5-768x768.webp 768w, https:\/\/www.slsele.com\/wp-content\/uploads\/2024\/09\/151B-detailed-picture-5-12x12.webp 12w, https:\/\/www.slsele.com\/wp-content\/uploads\/2024\/09\/151B-detailed-picture-5-570x570.webp 570w, https:\/\/www.slsele.com\/wp-content\/uploads\/2024\/09\/151B-detailed-picture-5-500x500.webp 500w, https:\/\/www.slsele.com\/wp-content\/uploads\/2024\/09\/151B-detailed-picture-5-700x700.webp 700w, https:\/\/www.slsele.com\/wp-content\/uploads\/2024\/09\/151B-detailed-picture-5-600x600.webp 600w, https:\/\/www.slsele.com\/wp-content\/uploads\/2024\/09\/151B-detailed-picture-5-100x100.webp 100w, https:\/\/www.slsele.com\/wp-content\/uploads\/2024\/09\/151B-detailed-picture-5-50x50.webp 50w\" sizes=\"auto, (max-width: 800px) 100vw, 800px\" \/>Caracter\u00edsticas<\/h3>\n<p style=\"text-align: left;\">1.<strong> Funciona para persianas enrollables el\u00e9ctricas y cortinas de apertura y cierre.<\/strong>:El interruptor Zigbee\/WiFi para cortinas puede funcionar con cortinas inteligentes, puertas el\u00e9ctricas y otros electrodom\u00e9sticos. Cierre la cortina a trav\u00e9s del tel\u00e9fono o el control de voz de Alexa Echo por la noche y \u00e1brala por la ma\u00f1ana en su c\u00e1lida cama. O abra la puerta del garaje inteligente de su autom\u00f3vil con su tel\u00e9fono m\u00f3vil. No es necesario salir del autom\u00f3vil, presionar el interruptor o conducir el autom\u00f3vil directamente al garaje.<\/p>\n<p style=\"text-align: left;\">2. <strong>Interruptor de control de pulsaci\u00f3n de bot\u00f3n seguro<\/strong>:El material de PC ign\u00edfugo es seguro para electrodom\u00e9sticos de alta potencia y es adecuado para uso dom\u00e9stico.<\/p>\n<p style=\"text-align: left;\">3. <strong>Control remoto de la aplicaci\u00f3n Tuya<\/strong>:Los usuarios pueden usar un tel\u00e9fono inteligente para abrir\/cerrar de forma remota una cortina o una puerta el\u00e9ctrica en cualquier momento y en cualquier lugar a trav\u00e9s de la aplicaci\u00f3n, siempre que el tel\u00e9fono iOS\/Android disfrute de la comodidad de la vida inteligente.<\/p>\n<p style=\"text-align: left;\">4. <strong>Compatible con altavoz de voz Alexa \/ Google Home<\/strong>:Los usuarios pueden controlar este interruptor de motor de cortina mediante voz a trav\u00e9s del dispositivo Alexa \/ Google para encender\/apagar la cortina.<\/p>\n<p style=\"text-align: left;\">5. <strong>Horarios<\/strong>: Admite un m\u00e1ximo de 8 cronogramas de temporizadores simples, repetidos y de cuenta regresiva habilitados para cada dispositivo. Los temporizadores preestablecidos pueden funcionar incluso si la red no est\u00e1 disponible, pero el dispositivo debe mantenerse encendido.<\/p>\n<p style=\"text-align: left;\">6. <strong>Protecci\u00f3n contra rayos<\/strong>:resistencia a sobretensiones y protecci\u00f3n adecuada de los circuitos;<\/p>\n<p style=\"text-align: left;\">7. <strong>Modo de espera de bajo consumo<\/strong>:Ahorro de energ\u00eda y seguridad, velocidad de respuesta r\u00e1pida, sin demoras;<\/p>\n<p style=\"text-align: left;\">8. <strong>Admite colores personalizados, logotipos, paquetes, instrucciones, etc.<\/strong><\/p>\n<h3 style=\"font-size: 25px; text-align: left;\">Especificaciones<\/h3>\n<p style=\"text-align: left;\">Nombre del producto: Interruptor de cortina WiFi SLS<br \/>\nEst\u00e1ndar: Est\u00e1ndar UE\/Reino Unido<br \/>\nColor: Blanco \/ Negro \/ Dorado \/ Gris<br \/>\nPandilla: 1pandilla, 2pandillas<br \/>\nAplicaci\u00f3n: Tuya \/ Aplicaci\u00f3n de vida inteligente<br \/>\nVoz: Alexa, Google Home<br \/>\nControl: Bot\u00f3n, control de voz, sincronizaci\u00f3n de aplicaci\u00f3n m\u00f3vil<br \/>\nFuente de alimentaci\u00f3n: 100-240 V~50\/60 Hz<br \/>\nPotencia: 250W<br \/>\nInal\u00e1mbrico: IEEE 802.15.4, WiFi 2.4GHz, ZigBee<br \/>\nCertificaci\u00f3n de producto: CE, ROHS<br \/>\nMaterial: Material de PC ign\u00edfugo.<br \/>\nSoporte personalizado: OEM y ODM, color, logotipo, paquete, instrucciones, etc.<\/p>\n<h3 style=\"font-size: 25px; text-align: left;\">Diagrama de cableado<\/h3>\n<p><img loading=\"lazy\" decoding=\"async\" class=\"aligncenter size-large wp-image-3756\" src=\"https:\/\/slsele.com\/wp-content\/uploads\/2024\/09\/wiring-diagram-1-961x1024.webp\" alt=\"Diagrama de cableado de interruptor de cortina WiFi de 1\/2 pandilla\" width=\"961\" height=\"1024\" srcset=\"https:\/\/www.slsele.com\/wp-content\/uploads\/2024\/09\/wiring-diagram-1-961x1024.webp 961w, https:\/\/www.slsele.com\/wp-content\/uploads\/2024\/09\/wiring-diagram-1-281x300.webp 281w, https:\/\/www.slsele.com\/wp-content\/uploads\/2024\/09\/wiring-diagram-1-768x819.webp 768w, https:\/\/www.slsele.com\/wp-content\/uploads\/2024\/09\/wiring-diagram-1-11x12.webp 11w, https:\/\/www.slsele.com\/wp-content\/uploads\/2024\/09\/wiring-diagram-1-700x746.webp 700w, https:\/\/www.slsele.com\/wp-content\/uploads\/2024\/09\/wiring-diagram-1-600x640.webp 600w, https:\/\/www.slsele.com\/wp-content\/uploads\/2024\/09\/wiring-diagram-1.webp 1000w\" sizes=\"auto, (max-width: 961px) 100vw, 961px\" \/><img loading=\"lazy\" decoding=\"async\" class=\"aligncenter size-full wp-image-3757\" src=\"https:\/\/slsele.com\/wp-content\/uploads\/2024\/09\/wiring-diagram-2.webp\" alt=\"Diagrama de cableado del interruptor de cortina WiFi\" width=\"750\" height=\"446\" srcset=\"https:\/\/www.slsele.com\/wp-content\/uploads\/2024\/09\/wiring-diagram-2.webp 750w, https:\/\/www.slsele.com\/wp-content\/uploads\/2024\/09\/wiring-diagram-2-300x178.webp 300w, https:\/\/www.slsele.com\/wp-content\/uploads\/2024\/09\/wiring-diagram-2-18x12.webp 18w, https:\/\/www.slsele.com\/wp-content\/uploads\/2024\/09\/wiring-diagram-2-700x416.webp 700w, https:\/\/www.slsele.com\/wp-content\/uploads\/2024\/09\/wiring-diagram-2-600x357.webp 600w\" sizes=\"auto, (max-width: 750px) 100vw, 750px\" \/><\/p>","protected":false},"excerpt":{"rendered":"<p>El interruptor de cortina WiFi controla la apertura y el cierre de las cortinas de tu hogar para ajustar la luz y la oscuridad de tu habitaci\u00f3n. El interruptor es compatible con los protocolos Zigbee y WiFi, por lo que, ya sea por la ma\u00f1ana o por la noche, podemos tumbarnos tranquilamente en la cama y usar f\u00e1cilmente nuestro tel\u00e9fono inteligente o los comandos de voz de Alexa Echo para cerrar o abrir las cortinas en cualquier momento y en cualquier lugar.<\/p>","protected":false},"featured_media":3755,"comment_status":"open","ping_status":"closed","template":"","meta":[],"product_brand":[],"product_cat":[15,24],"product_tag":[],"class_list":{"0":"post-3758","1":"product","2":"type-product","3":"status-publish","4":"has-post-thumbnail","6":"product_cat-smart-switch","7":"product_cat-eu-smart-dimmer-switch","9":"first","10":"instock","11":"shipping-taxable","12":"purchasable","13":"product-type-simple"},"_links":{"self":[{"href":"https:\/\/www.slsele.com\/es\/wp-json\/wp\/v2\/product\/3758","targetHints":{"allow":["GET"]}}],"collection":[{"href":"https:\/\/www.slsele.com\/es\/wp-json\/wp\/v2\/product"}],"about":[{"href":"https:\/\/www.slsele.com\/es\/wp-json\/wp\/v2\/types\/product"}],"replies":[{"embeddable":true,"href":"https:\/\/www.slsele.com\/es\/wp-json\/wp\/v2\/comments?post=3758"}],"wp:featuredmedia":[{"embeddable":true,"href":"https:\/\/www.slsele.com\/es\/wp-json\/wp\/v2\/media\/3755"}],"wp:attachment":[{"href":"https:\/\/www.slsele.com\/es\/wp-json\/wp\/v2\/media?parent=3758"}],"wp:term":[{"taxonomy":"product_brand","embeddable":true,"href":"https:\/\/www.slsele.com\/es\/wp-json\/wp\/v2\/product_brand?post=3758"},{"taxonomy":"product_cat","embeddable":true,"href":"https:\/\/www.slsele.com\/es\/wp-json\/wp\/v2\/product_cat?post=3758"},{"taxonomy":"product_tag","embeddable":true,"href":"https:\/\/www.slsele.com\/es\/wp-json\/wp\/v2\/product_tag?post=3758"}],"curies":[{"name":"wp","href":"https:\/\/api.w.org\/{rel}","templated":true}]}}