{"id":3683,"date":"2024-08-26T15:44:05","date_gmt":"2024-08-26T07:44:05","guid":{"rendered":"https:\/\/slsele.com\/?post_type=product&#038;p=3683"},"modified":"2025-10-07T15:25:49","modified_gmt":"2025-10-07T07:25:49","slug":"solar-smart-chicken-coop-door","status":"publish","type":"product","link":"https:\/\/www.slsele.com\/es\/producto\/solar-smart-chicken-coop-door\/","title":{"rendered":"Puerta inteligente para gallinero con energ\u00eda solar SLS"},"content":{"rendered":"<h2 style=\"text-align: center;\">Puerta inteligente para gallinero con energ\u00eda solar SLS<\/h2>\n<h3 style=\"font-size: 25px; text-align: left;\">Descripci\u00f3n<\/h3>\n<p style=\"text-align: left;\">La puerta inteligente para gallinero est\u00e1 hecha de aleaci\u00f3n de aluminio para una textura fuerte y duradera. Y debido a que la placa de la puerta est\u00e1 anodizada, puede mantener el color sin decolorarse. La puerta inteligente para gallinero tiene sensores inteligentes incorporados, con funci\u00f3n de protecci\u00f3n anti-pellizco. Cuando la puerta inteligente para gallinero toca al pollo durante el proceso de cierre, la puerta se detendr\u00e1 autom\u00e1ticamente para proteger la seguridad del pollo. Y el nivel de protecci\u00f3n se puede ajustar seg\u00fan sea necesario.<\/p>\n<p>&nbsp;<\/p>\n<p style=\"text-align: left;\">La puerta inteligente para gallinero tiene una funci\u00f3n de control inteligente de detecci\u00f3n de luz, que puede abrirse y cerrarse autom\u00e1ticamente seg\u00fan los cambios en la luz externa, ahorrando tiempo y energ\u00eda. Puede configurar la hora de la puerta inteligente para gallinero, lo que le permite abrirse y cerrarse autom\u00e1ticamente en cualquier momento para garantizar la seguridad de las gallinas, especialmente por la noche. Adem\u00e1s, un panel de carga solar en la puerta inteligente para gallinero puede generar electricidad utilizando luz d\u00e9bil incluso en d\u00edas nublados, lo que reduce los costos de cr\u00eda de los granjeros.<\/p>\n<p>&nbsp;<\/p>\n<p style=\"text-align: left;\">El motor de metal de cobre incorporado proporciona una fuente de energ\u00eda eficiente y de bajo consumo para garantizar el funcionamiento estable y a largo plazo de la puerta inteligente para gallineros. Ya sea que est\u00e9 abierta o cerrada, permita que sus aves de corral vivan en un entorno m\u00e1s seguro y c\u00f3modo.<\/p>\n<h3 style=\"font-size: 25px; text-align: left;\"><img loading=\"lazy\" decoding=\"async\" class=\"aligncenter size-large wp-image-3669\" src=\"https:\/\/slsele.com\/wp-content\/uploads\/2024\/08\/smart-chicken-coop-door-detailed-picture-1-715x1024.webp\" alt=\"La puerta inteligente del gallinero funciona con energ\u00eda solar\" width=\"715\" height=\"1024\" srcset=\"https:\/\/www.slsele.com\/wp-content\/uploads\/2024\/08\/smart-chicken-coop-door-detailed-picture-1-715x1024.webp 715w, https:\/\/www.slsele.com\/wp-content\/uploads\/2024\/08\/smart-chicken-coop-door-detailed-picture-1-210x300.webp 210w, https:\/\/www.slsele.com\/wp-content\/uploads\/2024\/08\/smart-chicken-coop-door-detailed-picture-1-768x1100.webp 768w, https:\/\/www.slsele.com\/wp-content\/uploads\/2024\/08\/smart-chicken-coop-door-detailed-picture-1-8x12.webp 8w, https:\/\/www.slsele.com\/wp-content\/uploads\/2024\/08\/smart-chicken-coop-door-detailed-picture-1-700x1002.webp 700w, https:\/\/www.slsele.com\/wp-content\/uploads\/2024\/08\/smart-chicken-coop-door-detailed-picture-1-600x859.webp 600w, https:\/\/www.slsele.com\/wp-content\/uploads\/2024\/08\/smart-chicken-coop-door-detailed-picture-1.webp 790w\" sizes=\"auto, (max-width: 715px) 100vw, 715px\" \/><img loading=\"lazy\" decoding=\"async\" class=\"aligncenter size-full wp-image-3670\" src=\"https:\/\/slsele.com\/wp-content\/uploads\/2024\/08\/smart-chicken-coop-door-detailed-picture-2.webp\" alt=\"La puerta inteligente para gallinero tiene una funci\u00f3n anti-pellizco inteligente.\" width=\"800\" height=\"792\" srcset=\"https:\/\/www.slsele.com\/wp-content\/uploads\/2024\/08\/smart-chicken-coop-door-detailed-picture-2.webp 800w, https:\/\/www.slsele.com\/wp-content\/uploads\/2024\/08\/smart-chicken-coop-door-detailed-picture-2-300x297.webp 300w, https:\/\/www.slsele.com\/wp-content\/uploads\/2024\/08\/smart-chicken-coop-door-detailed-picture-2-150x150.webp 150w, https:\/\/www.slsele.com\/wp-content\/uploads\/2024\/08\/smart-chicken-coop-door-detailed-picture-2-768x760.webp 768w, https:\/\/www.slsele.com\/wp-content\/uploads\/2024\/08\/smart-chicken-coop-door-detailed-picture-2-12x12.webp 12w, https:\/\/www.slsele.com\/wp-content\/uploads\/2024\/08\/smart-chicken-coop-door-detailed-picture-2-700x693.webp 700w, https:\/\/www.slsele.com\/wp-content\/uploads\/2024\/08\/smart-chicken-coop-door-detailed-picture-2-600x594.webp 600w, https:\/\/www.slsele.com\/wp-content\/uploads\/2024\/08\/smart-chicken-coop-door-detailed-picture-2-100x100.webp 100w, https:\/\/www.slsele.com\/wp-content\/uploads\/2024\/08\/smart-chicken-coop-door-detailed-picture-2-50x50.webp 50w\" sizes=\"auto, (max-width: 800px) 100vw, 800px\" \/><img loading=\"lazy\" decoding=\"async\" class=\"aligncenter size-full wp-image-3671\" src=\"https:\/\/slsele.com\/wp-content\/uploads\/2024\/08\/smart-chicken-coop-door-detailed-picture-3.webp\" alt=\"La puerta del gallinero inteligente se cierra autom\u00e1ticamente por la noche.\" width=\"798\" height=\"794\" srcset=\"https:\/\/www.slsele.com\/wp-content\/uploads\/2024\/08\/smart-chicken-coop-door-detailed-picture-3.webp 798w, https:\/\/www.slsele.com\/wp-content\/uploads\/2024\/08\/smart-chicken-coop-door-detailed-picture-3-300x298.webp 300w, https:\/\/www.slsele.com\/wp-content\/uploads\/2024\/08\/smart-chicken-coop-door-detailed-picture-3-150x150.webp 150w, https:\/\/www.slsele.com\/wp-content\/uploads\/2024\/08\/smart-chicken-coop-door-detailed-picture-3-768x764.webp 768w, https:\/\/www.slsele.com\/wp-content\/uploads\/2024\/08\/smart-chicken-coop-door-detailed-picture-3-12x12.webp 12w, https:\/\/www.slsele.com\/wp-content\/uploads\/2024\/08\/smart-chicken-coop-door-detailed-picture-3-700x696.webp 700w, https:\/\/www.slsele.com\/wp-content\/uploads\/2024\/08\/smart-chicken-coop-door-detailed-picture-3-600x597.webp 600w, https:\/\/www.slsele.com\/wp-content\/uploads\/2024\/08\/smart-chicken-coop-door-detailed-picture-3-100x100.webp 100w, https:\/\/www.slsele.com\/wp-content\/uploads\/2024\/08\/smart-chicken-coop-door-detailed-picture-3-50x50.webp 50w\" sizes=\"auto, (max-width: 798px) 100vw, 798px\" \/><img loading=\"lazy\" decoding=\"async\" class=\"aligncenter size-full wp-image-3672\" src=\"https:\/\/slsele.com\/wp-content\/uploads\/2024\/08\/smart-chicken-coop-door-detailed-picture-4.webp\" alt=\"La puerta inteligente del gallinero tiene un control de detecci\u00f3n de luz inteligente.\" width=\"790\" height=\"968\" srcset=\"https:\/\/www.slsele.com\/wp-content\/uploads\/2024\/08\/smart-chicken-coop-door-detailed-picture-4.webp 790w, https:\/\/www.slsele.com\/wp-content\/uploads\/2024\/08\/smart-chicken-coop-door-detailed-picture-4-245x300.webp 245w, https:\/\/www.slsele.com\/wp-content\/uploads\/2024\/08\/smart-chicken-coop-door-detailed-picture-4-768x941.webp 768w, https:\/\/www.slsele.com\/wp-content\/uploads\/2024\/08\/smart-chicken-coop-door-detailed-picture-4-10x12.webp 10w, https:\/\/www.slsele.com\/wp-content\/uploads\/2024\/08\/smart-chicken-coop-door-detailed-picture-4-700x858.webp 700w, https:\/\/www.slsele.com\/wp-content\/uploads\/2024\/08\/smart-chicken-coop-door-detailed-picture-4-600x735.webp 600w\" sizes=\"auto, (max-width: 790px) 100vw, 790px\" \/><img loading=\"lazy\" decoding=\"async\" class=\"aligncenter size-full wp-image-3673\" src=\"https:\/\/slsele.com\/wp-content\/uploads\/2024\/08\/smart-chicken-coop-door-detailed-picture-5.webp\" alt=\"La puerta inteligente del gallinero est\u00e1 equipada con un sistema de carga solar que proporciona energ\u00eda duradera.\" width=\"790\" height=\"990\" srcset=\"https:\/\/www.slsele.com\/wp-content\/uploads\/2024\/08\/smart-chicken-coop-door-detailed-picture-5.webp 790w, https:\/\/www.slsele.com\/wp-content\/uploads\/2024\/08\/smart-chicken-coop-door-detailed-picture-5-239x300.webp 239w, https:\/\/www.slsele.com\/wp-content\/uploads\/2024\/08\/smart-chicken-coop-door-detailed-picture-5-768x962.webp 768w, https:\/\/www.slsele.com\/wp-content\/uploads\/2024\/08\/smart-chicken-coop-door-detailed-picture-5-10x12.webp 10w, https:\/\/www.slsele.com\/wp-content\/uploads\/2024\/08\/smart-chicken-coop-door-detailed-picture-5-700x877.webp 700w, https:\/\/www.slsele.com\/wp-content\/uploads\/2024\/08\/smart-chicken-coop-door-detailed-picture-5-600x752.webp 600w\" sizes=\"auto, (max-width: 790px) 100vw, 790px\" \/><img loading=\"lazy\" decoding=\"async\" class=\"aligncenter size-large wp-image-3674\" src=\"https:\/\/slsele.com\/wp-content\/uploads\/2024\/08\/smart-chicken-coop-door-detailed-picture-6-778x1024.webp\" alt=\"La puerta inteligente del gallinero est\u00e1 hecha con un material de aleaci\u00f3n de aluminio.\" width=\"778\" height=\"1024\" srcset=\"https:\/\/www.slsele.com\/wp-content\/uploads\/2024\/08\/smart-chicken-coop-door-detailed-picture-6-778x1024.webp 778w, https:\/\/www.slsele.com\/wp-content\/uploads\/2024\/08\/smart-chicken-coop-door-detailed-picture-6-228x300.webp 228w, https:\/\/www.slsele.com\/wp-content\/uploads\/2024\/08\/smart-chicken-coop-door-detailed-picture-6-768x1011.webp 768w, https:\/\/www.slsele.com\/wp-content\/uploads\/2024\/08\/smart-chicken-coop-door-detailed-picture-6-9x12.webp 9w, https:\/\/www.slsele.com\/wp-content\/uploads\/2024\/08\/smart-chicken-coop-door-detailed-picture-6-700x922.webp 700w, https:\/\/www.slsele.com\/wp-content\/uploads\/2024\/08\/smart-chicken-coop-door-detailed-picture-6-600x790.webp 600w, https:\/\/www.slsele.com\/wp-content\/uploads\/2024\/08\/smart-chicken-coop-door-detailed-picture-6.webp 790w\" sizes=\"auto, (max-width: 778px) 100vw, 778px\" \/><img loading=\"lazy\" decoding=\"async\" class=\"aligncenter size-large wp-image-3675\" src=\"https:\/\/slsele.com\/wp-content\/uploads\/2024\/08\/smart-chicken-coop-door-detailed-picture-7-658x1024.webp\" alt=\"El motor de metal de la puerta inteligente del gallinero\" width=\"658\" height=\"1024\" srcset=\"https:\/\/www.slsele.com\/wp-content\/uploads\/2024\/08\/smart-chicken-coop-door-detailed-picture-7-658x1024.webp 658w, https:\/\/www.slsele.com\/wp-content\/uploads\/2024\/08\/smart-chicken-coop-door-detailed-picture-7-193x300.webp 193w, https:\/\/www.slsele.com\/wp-content\/uploads\/2024\/08\/smart-chicken-coop-door-detailed-picture-7-768x1196.webp 768w, https:\/\/www.slsele.com\/wp-content\/uploads\/2024\/08\/smart-chicken-coop-door-detailed-picture-7-8x12.webp 8w, https:\/\/www.slsele.com\/wp-content\/uploads\/2024\/08\/smart-chicken-coop-door-detailed-picture-7-700x1090.webp 700w, https:\/\/www.slsele.com\/wp-content\/uploads\/2024\/08\/smart-chicken-coop-door-detailed-picture-7-600x934.webp 600w, https:\/\/www.slsele.com\/wp-content\/uploads\/2024\/08\/smart-chicken-coop-door-detailed-picture-7.webp 790w\" sizes=\"auto, (max-width: 658px) 100vw, 658px\" \/>Caracter\u00edsticas<\/h3>\n<p style=\"text-align: left;\">1. <strong>Protecci\u00f3n inteligente anti-pellizco<\/strong>: Los sensores incorporados detectan colisiones con las gallinas al cerrar la puerta del gallinero inteligente y se detienen autom\u00e1ticamente para evitar lesiones. Los niveles de protecci\u00f3n anti-pellizco ajustables se adaptan a diferentes necesidades.<\/p>\n<p style=\"text-align: left;\">2. <strong>Interruptor completamente autom\u00e1tico<\/strong>:Con una funci\u00f3n de control de detecci\u00f3n de luz inteligente, puede abrirse o cerrarse autom\u00e1ticamente seg\u00fan los cambios en la luz externa sin operaci\u00f3n manual.<\/p>\n<p style=\"text-align: left;\">3. <strong>Energ\u00eda respetuosa con el medio ambiente<\/strong>:El edificio cuenta con un sistema de carga solar. Ya sea que est\u00e9 soleado o nublado, siempre que haya luz, puede generar electricidad, en l\u00ednea con el concepto de vida ecol\u00f3gica y baja en carbono.<\/p>\n<p style=\"text-align: left;\">4. <strong>Materiales de alta calidad<\/strong>:La estructura de aleaci\u00f3n de aluminio est\u00e1 anodizada para garantizar que el cuerpo de la puerta no se desvanezca, se presta atenci\u00f3n a los detalles y se busca la m\u00e1xima calidad.<\/p>\n<p style=\"text-align: left;\">5. <strong>Motor de alto rendimiento<\/strong>:Adopta un motor de metal totalmente de cobre y un dise\u00f1o de engranaje de metal, lo que proporciona energ\u00eda eficiente y de ahorro de energ\u00eda y un funcionamiento duradero, suave y potente.<\/p>\n<p style=\"text-align: left;\">6. <strong>Control de tiempo inteligente<\/strong>:Para mejorar la comodidad, la puerta del gallinero inteligente se puede controlar autom\u00e1ticamente seg\u00fan el tiempo preestablecido.<\/p>\n<p style=\"text-align: left;\">7. <strong>Protecci\u00f3n para todo tipo de clima<\/strong>:El sistema de control de puerta automatizado garantiza que las gallinas est\u00e9n protegidas de manera efectiva durante la noche, reemplazando las tradicionales puertas de madera o de malla de alambre de metal.<\/p>\n<p style=\"text-align: left;\">8. <strong>Monitoreo multifunci\u00f3n<\/strong>:Apoya a\u00fan m\u00e1s el control de la temperatura y la humedad para optimizar la gesti\u00f3n ambiental del gallinero.<\/p>\n<h3 style=\"font-size: 25px; text-align: left;\"><img loading=\"lazy\" decoding=\"async\" class=\"aligncenter size-full wp-image-3676\" src=\"https:\/\/slsele.com\/wp-content\/uploads\/2024\/08\/smart-chicken-coop-door-detailed-picture-8.webp\" alt=\"Caracter\u00edsticas de la puerta inteligente para gallinero\" width=\"790\" height=\"715\" srcset=\"https:\/\/www.slsele.com\/wp-content\/uploads\/2024\/08\/smart-chicken-coop-door-detailed-picture-8.webp 790w, https:\/\/www.slsele.com\/wp-content\/uploads\/2024\/08\/smart-chicken-coop-door-detailed-picture-8-300x272.webp 300w, https:\/\/www.slsele.com\/wp-content\/uploads\/2024\/08\/smart-chicken-coop-door-detailed-picture-8-768x695.webp 768w, https:\/\/www.slsele.com\/wp-content\/uploads\/2024\/08\/smart-chicken-coop-door-detailed-picture-8-13x12.webp 13w, https:\/\/www.slsele.com\/wp-content\/uploads\/2024\/08\/smart-chicken-coop-door-detailed-picture-8-700x634.webp 700w, https:\/\/www.slsele.com\/wp-content\/uploads\/2024\/08\/smart-chicken-coop-door-detailed-picture-8-600x543.webp 600w\" sizes=\"auto, (max-width: 790px) 100vw, 790px\" \/>Especificaciones<\/h3>\n<p style=\"text-align: left;\">Nombre del producto: puerta solar inteligente para gallinero<\/p>\n<p style=\"text-align: left;\">Material del cuerpo: ABS + cuerpo de aluminio.<\/p>\n<p style=\"text-align: left;\">Tama\u00f1o \u00fanico: 36,6 x 27,4 x 5,95 cm.<\/p>\n<p style=\"text-align: left;\">Tama\u00f1o del embalaje: 40,4 x 31 x 11,5 cm.<\/p>\n<p style=\"text-align: left;\">Peso neto corporal: 1 kg<\/p>\n<p style=\"text-align: left;\">Peso bruto con embalaje: 1,35 kg<\/p>\n<p style=\"text-align: left;\">Especificaciones del embalaje: 5 unidades\/caja<\/p>\n<p style=\"text-align: left;\">Tama\u00f1o del embalaje de la caja exterior: 62,5 x 32,3 x 42,5 cm<\/p>\n<p style=\"text-align: left;\">Peso bruto de toda la caja: 7,8 kg<\/p>\n<p style=\"text-align: left;\">Bater\u00eda incorporada: bater\u00eda de pol\u00edmero de 2000 mAh<\/p>\n<p style=\"text-align: left;\">Funciones del producto: (visualizaci\u00f3n del tiempo de carga solar, visualizaci\u00f3n de energ\u00eda, control de luz, control de tiempo, control remoto, funci\u00f3n anti-pellizco, impermeable y otras funciones)<\/p>\n<h3 style=\"font-size: 25px; text-align: left;\">Lista de paquetes<\/h3>\n<p style=\"text-align: left;\">1 x Puerta inteligente para gallinero<br \/>\n1 x panel solar<br \/>\n1 x Unidad de control<br \/>\n1 x cable de alimentaci\u00f3n<br \/>\n1 x Manual del usuario<\/p>\n<p><img loading=\"lazy\" decoding=\"async\" class=\"aligncenter size-full wp-image-3678\" src=\"https:\/\/slsele.com\/wp-content\/uploads\/2024\/08\/package-list.webp\" alt=\"Lista de paquetes de puertas inteligentes para gallineros\" width=\"1000\" height=\"1000\" srcset=\"https:\/\/www.slsele.com\/wp-content\/uploads\/2024\/08\/package-list.webp 1000w, https:\/\/www.slsele.com\/wp-content\/uploads\/2024\/08\/package-list-300x300.webp 300w, https:\/\/www.slsele.com\/wp-content\/uploads\/2024\/08\/package-list-150x150.webp 150w, https:\/\/www.slsele.com\/wp-content\/uploads\/2024\/08\/package-list-768x768.webp 768w, https:\/\/www.slsele.com\/wp-content\/uploads\/2024\/08\/package-list-12x12.webp 12w, https:\/\/www.slsele.com\/wp-content\/uploads\/2024\/08\/package-list-570x570.webp 570w, https:\/\/www.slsele.com\/wp-content\/uploads\/2024\/08\/package-list-500x500.webp 500w, https:\/\/www.slsele.com\/wp-content\/uploads\/2024\/08\/package-list-700x700.webp 700w, https:\/\/www.slsele.com\/wp-content\/uploads\/2024\/08\/package-list-600x600.webp 600w, https:\/\/www.slsele.com\/wp-content\/uploads\/2024\/08\/package-list-100x100.webp 100w, https:\/\/www.slsele.com\/wp-content\/uploads\/2024\/08\/package-list-50x50.webp 50w\" sizes=\"auto, (max-width: 1000px) 100vw, 1000px\" \/><\/p>","protected":false},"excerpt":{"rendered":"<p>Esta puerta inteligente para gallinero se abre y se cierra autom\u00e1ticamente en funci\u00f3n de los niveles de luz, lo que facilita la tarea a los granjeros y mantiene a las gallinas seguras durante la noche. Tiene un panel solar que genera energ\u00eda incluso en d\u00edas nublados, lo que ayuda a reducir los costos y el impacto ambiental.<\/p>","protected":false},"featured_media":3677,"comment_status":"open","ping_status":"closed","template":"","meta":[],"product_brand":[],"product_cat":[59],"product_tag":[],"class_list":{"0":"post-3683","1":"product","2":"type-product","3":"status-publish","4":"has-post-thumbnail","6":"product_cat-other-smart-devices","8":"first","9":"instock","10":"shipping-taxable","11":"purchasable","12":"product-type-simple"},"_links":{"self":[{"href":"https:\/\/www.slsele.com\/es\/wp-json\/wp\/v2\/product\/3683","targetHints":{"allow":["GET"]}}],"collection":[{"href":"https:\/\/www.slsele.com\/es\/wp-json\/wp\/v2\/product"}],"about":[{"href":"https:\/\/www.slsele.com\/es\/wp-json\/wp\/v2\/types\/product"}],"replies":[{"embeddable":true,"href":"https:\/\/www.slsele.com\/es\/wp-json\/wp\/v2\/comments?post=3683"}],"wp:featuredmedia":[{"embeddable":true,"href":"https:\/\/www.slsele.com\/es\/wp-json\/wp\/v2\/media\/3677"}],"wp:attachment":[{"href":"https:\/\/www.slsele.com\/es\/wp-json\/wp\/v2\/media?parent=3683"}],"wp:term":[{"taxonomy":"product_brand","embeddable":true,"href":"https:\/\/www.slsele.com\/es\/wp-json\/wp\/v2\/product_brand?post=3683"},{"taxonomy":"product_cat","embeddable":true,"href":"https:\/\/www.slsele.com\/es\/wp-json\/wp\/v2\/product_cat?post=3683"},{"taxonomy":"product_tag","embeddable":true,"href":"https:\/\/www.slsele.com\/es\/wp-json\/wp\/v2\/product_tag?post=3683"}],"curies":[{"name":"wp","href":"https:\/\/api.w.org\/{rel}","templated":true}]}}