{"id":3620,"date":"2024-08-22T09:54:47","date_gmt":"2024-08-22T01:54:47","guid":{"rendered":"https:\/\/slsele.com\/?post_type=product&#038;p=3620"},"modified":"2024-11-25T10:32:41","modified_gmt":"2024-11-25T02:32:41","slug":"sls-smart-zigbee-gateway-with-plug","status":"publish","type":"product","link":"https:\/\/www.slsele.com\/es\/producto\/sls-smart-zigbee-gateway-with-plug\/","title":{"rendered":"Puerta de enlace Zigbee inteligente SLS con enchufe"},"content":{"rendered":"<h2 style=\"text-align: center;\">Puerta de enlace Zigbee inteligente SLS con enchufe<\/h2>\n<h3 style=\"font-size: 25px; text-align: left;\">Descripci\u00f3n<\/h3>\n<p style=\"text-align: left;\">El gateway Zigbee con enchufe est\u00e1 integrado con la plataforma Tuya. Puede admitir hasta 128 dispositivos Zigbee simult\u00e1neamente y es adecuado para conectar varios dispositivos inteligentes Zigbee y Bluetooth. Conecte el gateway Zigbee a cualquier toma de corriente para configurar al instante dispositivos dom\u00e9sticos inteligentes sin abarrotar su espacio vital.<\/p>\n<p>&nbsp;<\/p>\n<p style=\"text-align: left;\">El proceso de instalaci\u00f3n en un solo paso hace que la instalaci\u00f3n sea muy sencilla. Puede configurar y comenzar a usar sus dispositivos inteligentes inmediatamente despu\u00e9s de enchufarlos a la toma de corriente. Controle sus dispositivos desde cualquier lugar con nuestra aplicaci\u00f3n intuitiva, que le permite crear escenas inteligentes personalizadas y conectar dispositivos para una interconexi\u00f3n real de los dispositivos del hogar.<\/p>\n<p>&nbsp;<\/p>\n<p style=\"text-align: left;\">El gateway Zigbee tiene un amplio rango de cobertura y la distancia entre \u00e9l y el router WiFi puede ser de hasta 50 metros. La transmisi\u00f3n de la se\u00f1al Zigbee puede atravesar dos paredes. Para casas m\u00e1s grandes, el gateway admite la interconexi\u00f3n autom\u00e1tica entre dispositivos Zigbee, ampliando el rango de cobertura de la se\u00f1al a m\u00e1s de 50 metros y asegurando que cada rinc\u00f3n de la casa pueda conectarse a Internet.<\/p>\n<h3 style=\"font-size: 25px; text-align: left;\"><img loading=\"lazy\" decoding=\"async\" class=\"aligncenter  wp-image-3626\" src=\"https:\/\/slsele.com\/wp-content\/uploads\/2024\/08\/zigbee-gateway-detailed-picture-287x1024.webp\" alt=\"\" width=\"425\" height=\"1517\" srcset=\"https:\/\/www.slsele.com\/wp-content\/uploads\/2024\/08\/zigbee-gateway-detailed-picture-287x1024.webp 287w, https:\/\/www.slsele.com\/wp-content\/uploads\/2024\/08\/zigbee-gateway-detailed-picture-84x300.webp 84w, https:\/\/www.slsele.com\/wp-content\/uploads\/2024\/08\/zigbee-gateway-detailed-picture-768x2743.webp 768w, https:\/\/www.slsele.com\/wp-content\/uploads\/2024\/08\/zigbee-gateway-detailed-picture-430x1536.webp 430w, https:\/\/www.slsele.com\/wp-content\/uploads\/2024\/08\/zigbee-gateway-detailed-picture-3x12.webp 3w, https:\/\/www.slsele.com\/wp-content\/uploads\/2024\/08\/zigbee-gateway-detailed-picture-700x2500.webp 700w, https:\/\/www.slsele.com\/wp-content\/uploads\/2024\/08\/zigbee-gateway-detailed-picture-600x2143.webp 600w, https:\/\/www.slsele.com\/wp-content\/uploads\/2024\/08\/zigbee-gateway-detailed-picture-scaled.webp 717w\" sizes=\"auto, (max-width: 425px) 100vw, 425px\" \/>Caracter\u00edsticas<\/h3>\n<p style=\"text-align: left;\">1. <strong>Se pueden conectar hasta 128 dispositivos al mismo tiempo<\/strong>:Admite todos los dispositivos Zigbee basados en la plataforma Tuya y se puede integrar perfectamente con varios asistentes de voz dom\u00e9sticos inteligentes del mercado.<\/p>\n<p style=\"text-align: left;\">2. <strong>Instalaci\u00f3n inal\u00e1mbrica<\/strong>:Simplemente conecte el portal a una toma de corriente para configurarlo, no se requiere ninguna conexi\u00f3n de arn\u00e9s de cableado adicional.<\/p>\n<p style=\"text-align: left;\">3. <strong>Control remoto de la aplicaci\u00f3n<\/strong>:Controle de forma remota sus dispositivos Zigbee en la aplicaci\u00f3n Tuya y cree escenas inteligentes para vincular m\u00faltiples dispositivos Zigbee para lograr una vinculaci\u00f3n de dispositivos inteligentes.<\/p>\n<p style=\"text-align: left;\">4. <strong>Cobertura de se\u00f1al integral<\/strong>:La puerta de enlace Zigbee se puede colocar a una distancia m\u00e1xima de 50 metros del enrutador WiFi y los datos de se\u00f1al transmitidos por la puerta de enlace Zigbee pueden atravesar dos paredes. La puerta de enlace Zigbee admite la conexi\u00f3n autom\u00e1tica en red para ampliar el rango de cobertura a m\u00e1s de 50 metros, lo que garantiza que pueda conectarse de forma remota a dispositivos inteligentes en cada rinc\u00f3n de su hogar a trav\u00e9s de su tel\u00e9fono m\u00f3vil.<\/p>\n<h3 style=\"font-size: 25px; text-align: left;\">Especificaciones<\/h3>\n<p style=\"text-align: left;\">Nombre: Puerta de enlace Zigbee inteligente<br \/>\nMateriales: Pl\u00e1stico<br \/>\nTama\u00f1o: 56x56x23mm<br \/>\nAplicaci\u00f3n: Tuya Smart<br \/>\nColor blanco<br \/>\nTemperatura de trabajo: -10-55\u00b0C<br \/>\nHumedad de trabajo: 10%-90%RH (sin condensaci\u00f3n)<br \/>\nTemperatura de almacenamiento: -20-60\u00b0C<br \/>\nHumedad de almacenamiento: 5%-90% RH (sin condensaci\u00f3n)<\/p>\n<p style=\"text-align: left;\">Tipo de enchufe compatible: EE. UU., UE, AU, Reino Unido<\/p>\n<h3 style=\"font-size: 25px; text-align: left;\"><img loading=\"lazy\" decoding=\"async\" class=\"aligncenter size-large wp-image-3621\" src=\"https:\/\/slsele.com\/wp-content\/uploads\/2024\/08\/plug-type-1024x492.webp\" alt=\"\" width=\"1024\" height=\"492\" srcset=\"https:\/\/www.slsele.com\/wp-content\/uploads\/2024\/08\/plug-type-1024x492.webp 1024w, https:\/\/www.slsele.com\/wp-content\/uploads\/2024\/08\/plug-type-300x144.webp 300w, https:\/\/www.slsele.com\/wp-content\/uploads\/2024\/08\/plug-type-768x369.webp 768w, https:\/\/www.slsele.com\/wp-content\/uploads\/2024\/08\/plug-type-18x9.webp 18w, https:\/\/www.slsele.com\/wp-content\/uploads\/2024\/08\/plug-type-700x336.webp 700w, https:\/\/www.slsele.com\/wp-content\/uploads\/2024\/08\/plug-type-600x288.webp 600w, https:\/\/www.slsele.com\/wp-content\/uploads\/2024\/08\/plug-type.webp 1106w\" sizes=\"auto, (max-width: 1024px) 100vw, 1024px\" \/>Lista de paquetes<\/h3>\n<p style=\"text-align: left;\">Hub de enlace Tuya Zigbee*1<br \/>\nGu\u00eda r\u00e1pida del usuario*1<\/p>\n<h3 style=\"font-size: 25px; text-align: left;\">Pasos de instalaci\u00f3n<\/h3>\n<p style=\"text-align: left;\">1. Conecte el concentrador\/puerta de enlace de casa inteligente<br \/>\n2.Instala la aplicaci\u00f3n Smart Life para encontrar el hub.<br \/>\n3. Vincular otros sensores al concentrador<\/p>\n<p><img loading=\"lazy\" decoding=\"async\" class=\"aligncenter size-full wp-image-3628\" src=\"https:\/\/slsele.com\/wp-content\/uploads\/2024\/08\/Note-1.webp\" alt=\"\" width=\"800\" height=\"800\" srcset=\"https:\/\/www.slsele.com\/wp-content\/uploads\/2024\/08\/Note-1.webp 800w, https:\/\/www.slsele.com\/wp-content\/uploads\/2024\/08\/Note-1-300x300.webp 300w, https:\/\/www.slsele.com\/wp-content\/uploads\/2024\/08\/Note-1-150x150.webp 150w, https:\/\/www.slsele.com\/wp-content\/uploads\/2024\/08\/Note-1-768x768.webp 768w, https:\/\/www.slsele.com\/wp-content\/uploads\/2024\/08\/Note-1-12x12.webp 12w, https:\/\/www.slsele.com\/wp-content\/uploads\/2024\/08\/Note-1-570x570.webp 570w, https:\/\/www.slsele.com\/wp-content\/uploads\/2024\/08\/Note-1-500x500.webp 500w, https:\/\/www.slsele.com\/wp-content\/uploads\/2024\/08\/Note-1-700x700.webp 700w, https:\/\/www.slsele.com\/wp-content\/uploads\/2024\/08\/Note-1-600x600.webp 600w, https:\/\/www.slsele.com\/wp-content\/uploads\/2024\/08\/Note-1-100x100.webp 100w, https:\/\/www.slsele.com\/wp-content\/uploads\/2024\/08\/Note-1-50x50.webp 50w\" sizes=\"auto, (max-width: 800px) 100vw, 800px\" \/><\/p>","protected":false},"excerpt":{"rendered":"<p>El Zigbee Gateway con enchufe puede admitir hasta 128 dispositivos Zigbee simult\u00e1neamente. Simplemente conecte el Zigbee Gateway a cualquier toma de corriente y podr\u00e1 configurar sus dispositivos dom\u00e9sticos inteligentes al instante. Puede alcanzar hasta 50 metros desde su enrutador WiFi y atravesar dos paredes, lo que garantiza que todos los rincones de su hogar est\u00e9n conectados.<\/p>","protected":false},"featured_media":3627,"comment_status":"open","ping_status":"closed","template":"","meta":[],"product_brand":[],"product_cat":[20],"product_tag":[],"class_list":{"0":"post-3620","1":"product","2":"type-product","3":"status-publish","4":"has-post-thumbnail","6":"product_cat-smart-gateway","8":"first","9":"instock","10":"shipping-taxable","11":"purchasable","12":"product-type-simple"},"_links":{"self":[{"href":"https:\/\/www.slsele.com\/es\/wp-json\/wp\/v2\/product\/3620","targetHints":{"allow":["GET"]}}],"collection":[{"href":"https:\/\/www.slsele.com\/es\/wp-json\/wp\/v2\/product"}],"about":[{"href":"https:\/\/www.slsele.com\/es\/wp-json\/wp\/v2\/types\/product"}],"replies":[{"embeddable":true,"href":"https:\/\/www.slsele.com\/es\/wp-json\/wp\/v2\/comments?post=3620"}],"wp:featuredmedia":[{"embeddable":true,"href":"https:\/\/www.slsele.com\/es\/wp-json\/wp\/v2\/media\/3627"}],"wp:attachment":[{"href":"https:\/\/www.slsele.com\/es\/wp-json\/wp\/v2\/media?parent=3620"}],"wp:term":[{"taxonomy":"product_brand","embeddable":true,"href":"https:\/\/www.slsele.com\/es\/wp-json\/wp\/v2\/product_brand?post=3620"},{"taxonomy":"product_cat","embeddable":true,"href":"https:\/\/www.slsele.com\/es\/wp-json\/wp\/v2\/product_cat?post=3620"},{"taxonomy":"product_tag","embeddable":true,"href":"https:\/\/www.slsele.com\/es\/wp-json\/wp\/v2\/product_tag?post=3620"}],"curies":[{"name":"wp","href":"https:\/\/api.w.org\/{rel}","templated":true}]}}