{"id":3585,"date":"2024-08-19T17:36:14","date_gmt":"2024-08-19T09:36:14","guid":{"rendered":"https:\/\/slsele.com\/?post_type=product&#038;p=3585"},"modified":"2025-01-16T17:20:08","modified_gmt":"2025-01-16T09:20:08","slug":"zigbee-repeater-with-usb-extender","status":"publish","type":"product","link":"https:\/\/www.slsele.com\/es\/producto\/zigbee-repeater-with-usb-extender\/","title":{"rendered":"Repetidor Zigbee SLS Amplificador de se\u00f1al Extensor USB"},"content":{"rendered":"<h2 style=\"text-align: center; font-size: 28px;\">Repetidor Zigbee SLS Amplificador de se\u00f1al Extensor USB<\/h2>\n<h3 style=\"font-size: 25px; text-align: left;\">Descripci\u00f3n<\/h3>\n<p style=\"text-align: left;\">Este repetidor Zigbee es peque\u00f1o y port\u00e1til. Su dise\u00f1o simple en memoria USB ocupa muy poco espacio y es f\u00e1cil de instalar, evitando el riesgo de interrupci\u00f3n de la se\u00f1al causada por el cableado. Tiene un aspecto blanco puro, liso y redondeado. Este repetidor extiende el alcance de la se\u00f1al de la red Zigbee, puede conectar dispositivos fuera del \u00e1rea de control efectiva del gateway y asegura la extensi\u00f3n y el reenv\u00edo de la se\u00f1al de los dispositivos Zigbee de la casa inteligente.<\/p>\n<h3 style=\"font-size: 25px; text-align: left;\"><img loading=\"lazy\" decoding=\"async\" class=\"aligncenter size-large wp-image-3577\" src=\"https:\/\/slsele.com\/wp-content\/uploads\/2024\/08\/SLS62-Zigbee-repeater-Detailed-picture-1-859x1024.webp\" alt=\"El repetidor Zigbee es compatible con asistentes de voz\" width=\"859\" height=\"1024\" srcset=\"https:\/\/www.slsele.com\/wp-content\/uploads\/2024\/08\/SLS62-Zigbee-repeater-Detailed-picture-1-859x1024.webp 859w, https:\/\/www.slsele.com\/wp-content\/uploads\/2024\/08\/SLS62-Zigbee-repeater-Detailed-picture-1-252x300.webp 252w, https:\/\/www.slsele.com\/wp-content\/uploads\/2024\/08\/SLS62-Zigbee-repeater-Detailed-picture-1-768x915.webp 768w, https:\/\/www.slsele.com\/wp-content\/uploads\/2024\/08\/SLS62-Zigbee-repeater-Detailed-picture-1-10x12.webp 10w, https:\/\/www.slsele.com\/wp-content\/uploads\/2024\/08\/SLS62-Zigbee-repeater-Detailed-picture-1-700x834.webp 700w, https:\/\/www.slsele.com\/wp-content\/uploads\/2024\/08\/SLS62-Zigbee-repeater-Detailed-picture-1-600x715.webp 600w, https:\/\/www.slsele.com\/wp-content\/uploads\/2024\/08\/SLS62-Zigbee-repeater-Detailed-picture-1.webp 1000w\" sizes=\"auto, (max-width: 859px) 100vw, 859px\" \/><img loading=\"lazy\" decoding=\"async\" class=\"aligncenter size-large wp-image-3578\" src=\"https:\/\/slsele.com\/wp-content\/uploads\/2024\/08\/SLS62-Zigbee-repeater-Detailed-picture-2-749x1024.webp\" alt=\"El repetidor Zigbee es peque\u00f1o, c\u00f3modo y f\u00e1cil de transportar.\" width=\"749\" height=\"1024\" srcset=\"https:\/\/www.slsele.com\/wp-content\/uploads\/2024\/08\/SLS62-Zigbee-repeater-Detailed-picture-2-749x1024.webp 749w, https:\/\/www.slsele.com\/wp-content\/uploads\/2024\/08\/SLS62-Zigbee-repeater-Detailed-picture-2-219x300.webp 219w, https:\/\/www.slsele.com\/wp-content\/uploads\/2024\/08\/SLS62-Zigbee-repeater-Detailed-picture-2-768x1050.webp 768w, https:\/\/www.slsele.com\/wp-content\/uploads\/2024\/08\/SLS62-Zigbee-repeater-Detailed-picture-2-9x12.webp 9w, https:\/\/www.slsele.com\/wp-content\/uploads\/2024\/08\/SLS62-Zigbee-repeater-Detailed-picture-2-700x957.webp 700w, https:\/\/www.slsele.com\/wp-content\/uploads\/2024\/08\/SLS62-Zigbee-repeater-Detailed-picture-2-600x821.webp 600w, https:\/\/www.slsele.com\/wp-content\/uploads\/2024\/08\/SLS62-Zigbee-repeater-Detailed-picture-2.webp 800w\" sizes=\"auto, (max-width: 749px) 100vw, 749px\" \/><img loading=\"lazy\" decoding=\"async\" class=\"aligncenter size-large wp-image-3579\" src=\"https:\/\/slsele.com\/wp-content\/uploads\/2024\/08\/SLS62-Zigbee-repeater-Detailed-picture-3-778x1024.webp\" alt=\"El repetidor Zigbee puede extender la se\u00f1al hasta 30 metros\" width=\"778\" height=\"1024\" srcset=\"https:\/\/www.slsele.com\/wp-content\/uploads\/2024\/08\/SLS62-Zigbee-repeater-Detailed-picture-3-778x1024.webp 778w, https:\/\/www.slsele.com\/wp-content\/uploads\/2024\/08\/SLS62-Zigbee-repeater-Detailed-picture-3-228x300.webp 228w, https:\/\/www.slsele.com\/wp-content\/uploads\/2024\/08\/SLS62-Zigbee-repeater-Detailed-picture-3-768x1011.webp 768w, https:\/\/www.slsele.com\/wp-content\/uploads\/2024\/08\/SLS62-Zigbee-repeater-Detailed-picture-3-9x12.webp 9w, https:\/\/www.slsele.com\/wp-content\/uploads\/2024\/08\/SLS62-Zigbee-repeater-Detailed-picture-3-700x921.webp 700w, https:\/\/www.slsele.com\/wp-content\/uploads\/2024\/08\/SLS62-Zigbee-repeater-Detailed-picture-3-600x790.webp 600w, https:\/\/www.slsele.com\/wp-content\/uploads\/2024\/08\/SLS62-Zigbee-repeater-Detailed-picture-3.webp 800w\" sizes=\"auto, (max-width: 778px) 100vw, 778px\" \/><img loading=\"lazy\" decoding=\"async\" class=\"aligncenter size-full wp-image-3580\" src=\"https:\/\/slsele.com\/wp-content\/uploads\/2024\/08\/SLS62-Zigbee-repeater-Detailed-picture-4.webp\" alt=\"El repetidor Zigbee tiene un dise\u00f1o USB y es f\u00e1cil de usar.\" width=\"800\" height=\"800\" srcset=\"https:\/\/www.slsele.com\/wp-content\/uploads\/2024\/08\/SLS62-Zigbee-repeater-Detailed-picture-4.webp 800w, https:\/\/www.slsele.com\/wp-content\/uploads\/2024\/08\/SLS62-Zigbee-repeater-Detailed-picture-4-300x300.webp 300w, https:\/\/www.slsele.com\/wp-content\/uploads\/2024\/08\/SLS62-Zigbee-repeater-Detailed-picture-4-150x150.webp 150w, https:\/\/www.slsele.com\/wp-content\/uploads\/2024\/08\/SLS62-Zigbee-repeater-Detailed-picture-4-768x768.webp 768w, https:\/\/www.slsele.com\/wp-content\/uploads\/2024\/08\/SLS62-Zigbee-repeater-Detailed-picture-4-12x12.webp 12w, https:\/\/www.slsele.com\/wp-content\/uploads\/2024\/08\/SLS62-Zigbee-repeater-Detailed-picture-4-570x570.webp 570w, https:\/\/www.slsele.com\/wp-content\/uploads\/2024\/08\/SLS62-Zigbee-repeater-Detailed-picture-4-500x500.webp 500w, https:\/\/www.slsele.com\/wp-content\/uploads\/2024\/08\/SLS62-Zigbee-repeater-Detailed-picture-4-700x700.webp 700w, https:\/\/www.slsele.com\/wp-content\/uploads\/2024\/08\/SLS62-Zigbee-repeater-Detailed-picture-4-600x600.webp 600w, https:\/\/www.slsele.com\/wp-content\/uploads\/2024\/08\/SLS62-Zigbee-repeater-Detailed-picture-4-100x100.webp 100w, https:\/\/www.slsele.com\/wp-content\/uploads\/2024\/08\/SLS62-Zigbee-repeater-Detailed-picture-4-50x50.webp 50w\" sizes=\"auto, (max-width: 800px) 100vw, 800px\" \/>Caracter\u00edsticas<\/h3>\n<p style=\"text-align: left;\"><strong>Peque\u00f1o y port\u00e1til<\/strong>:Su dise\u00f1o USB ocupa poco espacio y es f\u00e1cil de instalar. Puede ampliar el alcance de la se\u00f1al de la red Zigbee hasta 30 metros.<\/p>\n<p style=\"text-align: left;\"><strong>Peque\u00f1o, c\u00f3modo y f\u00e1cil de transportar.<\/strong>:Este repetidor Zigbee tiene una apariencia compacta. La forma es blanca pura, suave y redonda, y exuda una belleza fresca y natural.<\/p>\n<p style=\"text-align: left;\"><strong>Deje que la se\u00f1al se expanda infinitamente<\/strong>:El interruptor auxiliar ampl\u00eda el alcance de la se\u00f1al y forma una enorme red en forma de \u00e1rbol, conectando eficazmente la puerta de enlace Zigbee y otros dispositivos Zigbee fuera del \u00e1rea de control efectiva de la puerta de enlace. Esta funci\u00f3n permite un reenv\u00edo de se\u00f1ales sin problemas y garantiza una conexi\u00f3n confiable de todo el ecosistema de la casa inteligente.<\/p>\n<p style=\"text-align: left;\"><strong>Dise\u00f1o USB, f\u00e1cil de usar.<\/strong>:Adopta un dise\u00f1o compacto con apariencia de unidad flash USB que no ocupa mucho espacio. El dise\u00f1o USB reduce en gran medida el riesgo de interrupci\u00f3n de la se\u00f1al debido al envejecimiento, desgaste o rotura accidental de los cables. Un puerto USB puede lograr 30 metros adicionales de expansi\u00f3n y cobertura de red, y la instalaci\u00f3n es r\u00e1pida, sencilla y f\u00e1cil de usar.<\/p>\n<p style=\"text-align: left;\"><strong>Dise\u00f1o duradero y elegante.<\/strong>: La carcasa est\u00e1 hecha de materiales ecol\u00f3gicos ABS + PC con excelente resistencia al desgaste y a las altas temperaturas. La interfaz adopta tecnolog\u00eda de n\u00edquel chapado en oro, con una artesan\u00eda exquisita y suavidad, y la apariencia es simple y elegante.<\/p>\n<h3 style=\"font-size: 25px; text-align: left;\">Especificaciones<\/h3>\n<p style=\"text-align: left;\">Nombre del producto: Repetidor SLS Zigbee<br \/>\nEntrada de energ\u00eda: 5 V 1 A<br \/>\nVoltaje de funcionamiento: 1,8 V-3,8 V<br \/>\nPotencia de transmisi\u00f3n: 10 dB<br \/>\nTemperatura de funcionamiento: -10\u2103~50\u2103<br \/>\nHumedad de funcionamiento: s95% (sin condensaci\u00f3n)<br \/>\nFrecuencia: 2,400 ~ 2,483 GHz<br \/>\nProtocolo inal\u00e1mbrico: Zigbee<\/p>\n<h3 style=\"font-size: 25px; text-align: left;\">Nota<\/h3>\n<p style=\"text-align: left;\">1. Los sensores y detectores solo pueden funcionar con una puerta de enlace, que debe conectarse a un enrutador WiFi. Si ya tiene una puerta de enlace, puede comprar nuestro sensor o detector Zigbee.<br \/>\nNota: El sensor y detector Zigbee solo pueden funcionar con una puerta de enlace.<\/p>\n<p style=\"text-align: left;\">2. La se\u00f1al Zigbee no puede cubrir todos los rincones si tu casa es demasiado grande. En ese caso, puedes utilizar este repetidor de se\u00f1al Zigbee.<br \/>\nNota: este repetidor solo puede transmitir una se\u00f1al Zigbee. La intensidad de la se\u00f1al de tr\u00e1nsito depende de la casa en cuesti\u00f3n.<\/p>\n<p><img loading=\"lazy\" decoding=\"async\" class=\"aligncenter size-large wp-image-3587\" src=\"https:\/\/slsele.com\/wp-content\/uploads\/2024\/08\/how-to-work-821x1024.webp\" alt=\"El repetidor Zigbee funciona en el hogar\" width=\"821\" height=\"1024\" srcset=\"https:\/\/www.slsele.com\/wp-content\/uploads\/2024\/08\/how-to-work-821x1024.webp 821w, https:\/\/www.slsele.com\/wp-content\/uploads\/2024\/08\/how-to-work-241x300.webp 241w, https:\/\/www.slsele.com\/wp-content\/uploads\/2024\/08\/how-to-work-768x958.webp 768w, https:\/\/www.slsele.com\/wp-content\/uploads\/2024\/08\/how-to-work-10x12.webp 10w, https:\/\/www.slsele.com\/wp-content\/uploads\/2024\/08\/how-to-work-700x873.webp 700w, https:\/\/www.slsele.com\/wp-content\/uploads\/2024\/08\/how-to-work-600x748.webp 600w, https:\/\/www.slsele.com\/wp-content\/uploads\/2024\/08\/how-to-work.webp 1000w\" sizes=\"auto, (max-width: 821px) 100vw, 821px\" \/><img loading=\"lazy\" decoding=\"async\" class=\"aligncenter size-full wp-image-3588\" src=\"https:\/\/slsele.com\/wp-content\/uploads\/2024\/08\/Note.webp\" alt=\"El repetidor Zigbee se conecta con el gateway\" width=\"1000\" height=\"1000\" srcset=\"https:\/\/www.slsele.com\/wp-content\/uploads\/2024\/08\/Note.webp 1000w, https:\/\/www.slsele.com\/wp-content\/uploads\/2024\/08\/Note-300x300.webp 300w, https:\/\/www.slsele.com\/wp-content\/uploads\/2024\/08\/Note-150x150.webp 150w, https:\/\/www.slsele.com\/wp-content\/uploads\/2024\/08\/Note-768x768.webp 768w, https:\/\/www.slsele.com\/wp-content\/uploads\/2024\/08\/Note-12x12.webp 12w, https:\/\/www.slsele.com\/wp-content\/uploads\/2024\/08\/Note-570x570.webp 570w, https:\/\/www.slsele.com\/wp-content\/uploads\/2024\/08\/Note-500x500.webp 500w, https:\/\/www.slsele.com\/wp-content\/uploads\/2024\/08\/Note-700x700.webp 700w, https:\/\/www.slsele.com\/wp-content\/uploads\/2024\/08\/Note-600x600.webp 600w, https:\/\/www.slsele.com\/wp-content\/uploads\/2024\/08\/Note-100x100.webp 100w, https:\/\/www.slsele.com\/wp-content\/uploads\/2024\/08\/Note-50x50.webp 50w\" sizes=\"auto, (max-width: 1000px) 100vw, 1000px\" \/><\/p>","protected":false},"excerpt":{"rendered":"<p>El repetidor SLS Zigbee es peque\u00f1o y port\u00e1til. Su dise\u00f1o USB ocupa poco espacio y es f\u00e1cil de instalar. Puede ampliar el alcance de la se\u00f1al de la red Zigbee hasta 30 metros.<\/p>","protected":false},"featured_media":3583,"comment_status":"open","ping_status":"closed","template":"","meta":[],"product_brand":[],"product_cat":[20],"product_tag":[],"class_list":{"0":"post-3585","1":"product","2":"type-product","3":"status-publish","4":"has-post-thumbnail","6":"product_cat-smart-gateway","8":"first","9":"instock","10":"shipping-taxable","11":"purchasable","12":"product-type-simple"},"_links":{"self":[{"href":"https:\/\/www.slsele.com\/es\/wp-json\/wp\/v2\/product\/3585","targetHints":{"allow":["GET"]}}],"collection":[{"href":"https:\/\/www.slsele.com\/es\/wp-json\/wp\/v2\/product"}],"about":[{"href":"https:\/\/www.slsele.com\/es\/wp-json\/wp\/v2\/types\/product"}],"replies":[{"embeddable":true,"href":"https:\/\/www.slsele.com\/es\/wp-json\/wp\/v2\/comments?post=3585"}],"wp:featuredmedia":[{"embeddable":true,"href":"https:\/\/www.slsele.com\/es\/wp-json\/wp\/v2\/media\/3583"}],"wp:attachment":[{"href":"https:\/\/www.slsele.com\/es\/wp-json\/wp\/v2\/media?parent=3585"}],"wp:term":[{"taxonomy":"product_brand","embeddable":true,"href":"https:\/\/www.slsele.com\/es\/wp-json\/wp\/v2\/product_brand?post=3585"},{"taxonomy":"product_cat","embeddable":true,"href":"https:\/\/www.slsele.com\/es\/wp-json\/wp\/v2\/product_cat?post=3585"},{"taxonomy":"product_tag","embeddable":true,"href":"https:\/\/www.slsele.com\/es\/wp-json\/wp\/v2\/product_tag?post=3585"}],"curies":[{"name":"wp","href":"https:\/\/api.w.org\/{rel}","templated":true}]}}