{"id":3502,"date":"2024-08-15T22:56:02","date_gmt":"2024-08-15T14:56:02","guid":{"rendered":"https:\/\/slsele.com\/?post_type=product&#038;p=3502"},"modified":"2024-08-28T15:18:46","modified_gmt":"2024-08-28T07:18:46","slug":"zigbee-remote-control-with-infrared","status":"publish","type":"product","link":"https:\/\/www.slsele.com\/es\/producto\/zigbee-remote-control-with-infrared\/","title":{"rendered":"Mando a distancia SLS Zigbee con infrarrojos"},"content":{"rendered":"<h2 style=\"text-align: center;\">Control remoto SLS Zigbee con infrarrojos que funciona con el concentrador cableado Zigbee<\/h2>\n<h3 style=\"font-size: 25px; text-align: left;\">Descripci\u00f3n<\/h3>\n<p style=\"text-align: left;\">Con el control remoto SLS Zigbee, puedes eliminar todos los controles remotos infrarrojos de tu hogar y convertir r\u00e1pidamente tu tel\u00e9fono inteligente en un control remoto infrarrojo todo en uno para tus electrodom\u00e9sticos. Ya sea un televisor, un reproductor de DVD, un aire acondicionado, un ventilador, un sistema de sonido, una aspiradora o un calentador, puedes controlarlos con el control remoto SLS ZigBee.<\/p>\n<p>&nbsp;<\/p>\n<p style=\"text-align: left;\">Con la funci\u00f3n de aprendizaje por infrarrojos, puedes personalizar f\u00e1cilmente los botones y programar manualmente los c\u00f3digos de los mandos a distancia existentes, lo que te da una mayor flexibilidad en la configuraci\u00f3n. La se\u00f1al Zigbee es muy estable, con un alcance de hasta 8 metros. La se\u00f1al de control es muy estable siempre que no haya obst\u00e1culos. Adem\u00e1s, se puede controlar por voz a trav\u00e9s de Alexa o Google Assistant. No depende de la carga USB, sino que utiliza 2 pilas AAA para la alimentaci\u00f3n, lo que resulta m\u00e1s c\u00f3modo de usar.<\/p>\n<h3 style=\"font-size: 25px; text-align: left;\"><img loading=\"lazy\" decoding=\"async\" class=\"aligncenter size-large wp-image-3510\" src=\"https:\/\/slsele.com\/wp-content\/uploads\/2024\/08\/SLS66-zigbee-remote-control-Detailed-picture-1-1024x1024.webp\" alt=\"El control remoto ZigBee puede transformar su tel\u00e9fono inteligente en un controlador de dispositivo infrarrojo todo en uno\" width=\"1024\" height=\"1024\" srcset=\"https:\/\/www.slsele.com\/wp-content\/uploads\/2024\/08\/SLS66-zigbee-remote-control-Detailed-picture-1-1024x1024.webp 1024w, https:\/\/www.slsele.com\/wp-content\/uploads\/2024\/08\/SLS66-zigbee-remote-control-Detailed-picture-1-300x300.webp 300w, https:\/\/www.slsele.com\/wp-content\/uploads\/2024\/08\/SLS66-zigbee-remote-control-Detailed-picture-1-150x150.webp 150w, https:\/\/www.slsele.com\/wp-content\/uploads\/2024\/08\/SLS66-zigbee-remote-control-Detailed-picture-1-768x768.webp 768w, https:\/\/www.slsele.com\/wp-content\/uploads\/2024\/08\/SLS66-zigbee-remote-control-Detailed-picture-1-1536x1536.webp 1536w, https:\/\/www.slsele.com\/wp-content\/uploads\/2024\/08\/SLS66-zigbee-remote-control-Detailed-picture-1-12x12.webp 12w, https:\/\/www.slsele.com\/wp-content\/uploads\/2024\/08\/SLS66-zigbee-remote-control-Detailed-picture-1-570x570.webp 570w, https:\/\/www.slsele.com\/wp-content\/uploads\/2024\/08\/SLS66-zigbee-remote-control-Detailed-picture-1-500x500.webp 500w, https:\/\/www.slsele.com\/wp-content\/uploads\/2024\/08\/SLS66-zigbee-remote-control-Detailed-picture-1-1000x1000.webp 1000w, https:\/\/www.slsele.com\/wp-content\/uploads\/2024\/08\/SLS66-zigbee-remote-control-Detailed-picture-1-700x700.webp 700w, https:\/\/www.slsele.com\/wp-content\/uploads\/2024\/08\/SLS66-zigbee-remote-control-Detailed-picture-1-600x600.webp 600w, https:\/\/www.slsele.com\/wp-content\/uploads\/2024\/08\/SLS66-zigbee-remote-control-Detailed-picture-1-100x100.webp 100w, https:\/\/www.slsele.com\/wp-content\/uploads\/2024\/08\/SLS66-zigbee-remote-control-Detailed-picture-1-50x50.webp 50w, https:\/\/www.slsele.com\/wp-content\/uploads\/2024\/08\/SLS66-zigbee-remote-control-Detailed-picture-1.webp 1600w\" sizes=\"auto, (max-width: 1024px) 100vw, 1024px\" \/><img loading=\"lazy\" decoding=\"async\" class=\"aligncenter size-large wp-image-3511\" src=\"https:\/\/slsele.com\/wp-content\/uploads\/2024\/08\/SLS66-zigbee-remote-control-Detailed-picture-2-1024x1024.webp\" alt=\"El control remoto Zigbee tiene funci\u00f3n de aprendizaje por infrarrojos.\" width=\"1024\" height=\"1024\" srcset=\"https:\/\/www.slsele.com\/wp-content\/uploads\/2024\/08\/SLS66-zigbee-remote-control-Detailed-picture-2-1024x1024.webp 1024w, https:\/\/www.slsele.com\/wp-content\/uploads\/2024\/08\/SLS66-zigbee-remote-control-Detailed-picture-2-300x300.webp 300w, https:\/\/www.slsele.com\/wp-content\/uploads\/2024\/08\/SLS66-zigbee-remote-control-Detailed-picture-2-150x150.webp 150w, https:\/\/www.slsele.com\/wp-content\/uploads\/2024\/08\/SLS66-zigbee-remote-control-Detailed-picture-2-768x768.webp 768w, https:\/\/www.slsele.com\/wp-content\/uploads\/2024\/08\/SLS66-zigbee-remote-control-Detailed-picture-2-1536x1536.webp 1536w, https:\/\/www.slsele.com\/wp-content\/uploads\/2024\/08\/SLS66-zigbee-remote-control-Detailed-picture-2-12x12.webp 12w, https:\/\/www.slsele.com\/wp-content\/uploads\/2024\/08\/SLS66-zigbee-remote-control-Detailed-picture-2-570x570.webp 570w, https:\/\/www.slsele.com\/wp-content\/uploads\/2024\/08\/SLS66-zigbee-remote-control-Detailed-picture-2-500x500.webp 500w, https:\/\/www.slsele.com\/wp-content\/uploads\/2024\/08\/SLS66-zigbee-remote-control-Detailed-picture-2-1000x1000.webp 1000w, https:\/\/www.slsele.com\/wp-content\/uploads\/2024\/08\/SLS66-zigbee-remote-control-Detailed-picture-2-700x700.webp 700w, https:\/\/www.slsele.com\/wp-content\/uploads\/2024\/08\/SLS66-zigbee-remote-control-Detailed-picture-2-600x600.webp 600w, https:\/\/www.slsele.com\/wp-content\/uploads\/2024\/08\/SLS66-zigbee-remote-control-Detailed-picture-2-100x100.webp 100w, https:\/\/www.slsele.com\/wp-content\/uploads\/2024\/08\/SLS66-zigbee-remote-control-Detailed-picture-2-50x50.webp 50w, https:\/\/www.slsele.com\/wp-content\/uploads\/2024\/08\/SLS66-zigbee-remote-control-Detailed-picture-2.webp 1600w\" sizes=\"auto, (max-width: 1024px) 100vw, 1024px\" \/><img loading=\"lazy\" decoding=\"async\" class=\"aligncenter size-large wp-image-3512\" src=\"https:\/\/slsele.com\/wp-content\/uploads\/2024\/08\/SLS66-zigbee-remote-control-Detailed-picture-3-1024x1024.webp\" alt=\"El control remoto Zigbee tiene una funci\u00f3n de bricolaje amigable y estable.\" width=\"1024\" height=\"1024\" srcset=\"https:\/\/www.slsele.com\/wp-content\/uploads\/2024\/08\/SLS66-zigbee-remote-control-Detailed-picture-3-1024x1024.webp 1024w, https:\/\/www.slsele.com\/wp-content\/uploads\/2024\/08\/SLS66-zigbee-remote-control-Detailed-picture-3-300x300.webp 300w, https:\/\/www.slsele.com\/wp-content\/uploads\/2024\/08\/SLS66-zigbee-remote-control-Detailed-picture-3-150x150.webp 150w, https:\/\/www.slsele.com\/wp-content\/uploads\/2024\/08\/SLS66-zigbee-remote-control-Detailed-picture-3-768x768.webp 768w, https:\/\/www.slsele.com\/wp-content\/uploads\/2024\/08\/SLS66-zigbee-remote-control-Detailed-picture-3-1536x1536.webp 1536w, https:\/\/www.slsele.com\/wp-content\/uploads\/2024\/08\/SLS66-zigbee-remote-control-Detailed-picture-3-12x12.webp 12w, https:\/\/www.slsele.com\/wp-content\/uploads\/2024\/08\/SLS66-zigbee-remote-control-Detailed-picture-3-570x570.webp 570w, https:\/\/www.slsele.com\/wp-content\/uploads\/2024\/08\/SLS66-zigbee-remote-control-Detailed-picture-3-500x500.webp 500w, https:\/\/www.slsele.com\/wp-content\/uploads\/2024\/08\/SLS66-zigbee-remote-control-Detailed-picture-3-1000x1000.webp 1000w, https:\/\/www.slsele.com\/wp-content\/uploads\/2024\/08\/SLS66-zigbee-remote-control-Detailed-picture-3-700x700.webp 700w, https:\/\/www.slsele.com\/wp-content\/uploads\/2024\/08\/SLS66-zigbee-remote-control-Detailed-picture-3-600x600.webp 600w, https:\/\/www.slsele.com\/wp-content\/uploads\/2024\/08\/SLS66-zigbee-remote-control-Detailed-picture-3-100x100.webp 100w, https:\/\/www.slsele.com\/wp-content\/uploads\/2024\/08\/SLS66-zigbee-remote-control-Detailed-picture-3-50x50.webp 50w, https:\/\/www.slsele.com\/wp-content\/uploads\/2024\/08\/SLS66-zigbee-remote-control-Detailed-picture-3.webp 1600w\" sizes=\"auto, (max-width: 1024px) 100vw, 1024px\" \/><img loading=\"lazy\" decoding=\"async\" class=\"aligncenter size-large wp-image-3513\" src=\"https:\/\/slsele.com\/wp-content\/uploads\/2024\/08\/SLS66-zigbee-remote-control-Detailed-picture-4-1024x1024.webp\" alt=\"La distancia de transmisi\u00f3n del control remoto Zigbee puede alcanzar los 8 metros.\" width=\"1024\" height=\"1024\" srcset=\"https:\/\/www.slsele.com\/wp-content\/uploads\/2024\/08\/SLS66-zigbee-remote-control-Detailed-picture-4-1024x1024.webp 1024w, https:\/\/www.slsele.com\/wp-content\/uploads\/2024\/08\/SLS66-zigbee-remote-control-Detailed-picture-4-300x300.webp 300w, https:\/\/www.slsele.com\/wp-content\/uploads\/2024\/08\/SLS66-zigbee-remote-control-Detailed-picture-4-150x150.webp 150w, https:\/\/www.slsele.com\/wp-content\/uploads\/2024\/08\/SLS66-zigbee-remote-control-Detailed-picture-4-768x768.webp 768w, https:\/\/www.slsele.com\/wp-content\/uploads\/2024\/08\/SLS66-zigbee-remote-control-Detailed-picture-4-1536x1536.webp 1536w, https:\/\/www.slsele.com\/wp-content\/uploads\/2024\/08\/SLS66-zigbee-remote-control-Detailed-picture-4-12x12.webp 12w, https:\/\/www.slsele.com\/wp-content\/uploads\/2024\/08\/SLS66-zigbee-remote-control-Detailed-picture-4-570x570.webp 570w, https:\/\/www.slsele.com\/wp-content\/uploads\/2024\/08\/SLS66-zigbee-remote-control-Detailed-picture-4-500x500.webp 500w, https:\/\/www.slsele.com\/wp-content\/uploads\/2024\/08\/SLS66-zigbee-remote-control-Detailed-picture-4-1000x1000.webp 1000w, https:\/\/www.slsele.com\/wp-content\/uploads\/2024\/08\/SLS66-zigbee-remote-control-Detailed-picture-4-700x700.webp 700w, https:\/\/www.slsele.com\/wp-content\/uploads\/2024\/08\/SLS66-zigbee-remote-control-Detailed-picture-4-600x600.webp 600w, https:\/\/www.slsele.com\/wp-content\/uploads\/2024\/08\/SLS66-zigbee-remote-control-Detailed-picture-4-100x100.webp 100w, https:\/\/www.slsele.com\/wp-content\/uploads\/2024\/08\/SLS66-zigbee-remote-control-Detailed-picture-4-50x50.webp 50w, https:\/\/www.slsele.com\/wp-content\/uploads\/2024\/08\/SLS66-zigbee-remote-control-Detailed-picture-4.webp 1600w\" sizes=\"auto, (max-width: 1024px) 100vw, 1024px\" \/><img loading=\"lazy\" decoding=\"async\" class=\"aligncenter size-large wp-image-3504\" src=\"https:\/\/slsele.com\/wp-content\/uploads\/2024\/08\/SLS66-zigbee-remote-control-Detailed-picture-6-1024x1024.webp\" alt=\"El control remoto ZigBee funciona con 2 pilas AAA\" width=\"1024\" height=\"1024\" srcset=\"https:\/\/www.slsele.com\/wp-content\/uploads\/2024\/08\/SLS66-zigbee-remote-control-Detailed-picture-6-1024x1024.webp 1024w, https:\/\/www.slsele.com\/wp-content\/uploads\/2024\/08\/SLS66-zigbee-remote-control-Detailed-picture-6-300x300.webp 300w, https:\/\/www.slsele.com\/wp-content\/uploads\/2024\/08\/SLS66-zigbee-remote-control-Detailed-picture-6-150x150.webp 150w, https:\/\/www.slsele.com\/wp-content\/uploads\/2024\/08\/SLS66-zigbee-remote-control-Detailed-picture-6-768x768.webp 768w, https:\/\/www.slsele.com\/wp-content\/uploads\/2024\/08\/SLS66-zigbee-remote-control-Detailed-picture-6-1536x1536.webp 1536w, https:\/\/www.slsele.com\/wp-content\/uploads\/2024\/08\/SLS66-zigbee-remote-control-Detailed-picture-6-12x12.webp 12w, https:\/\/www.slsele.com\/wp-content\/uploads\/2024\/08\/SLS66-zigbee-remote-control-Detailed-picture-6-570x570.webp 570w, https:\/\/www.slsele.com\/wp-content\/uploads\/2024\/08\/SLS66-zigbee-remote-control-Detailed-picture-6-500x500.webp 500w, https:\/\/www.slsele.com\/wp-content\/uploads\/2024\/08\/SLS66-zigbee-remote-control-Detailed-picture-6-1000x1000.webp 1000w, https:\/\/www.slsele.com\/wp-content\/uploads\/2024\/08\/SLS66-zigbee-remote-control-Detailed-picture-6-700x700.webp 700w, https:\/\/www.slsele.com\/wp-content\/uploads\/2024\/08\/SLS66-zigbee-remote-control-Detailed-picture-6-600x600.webp 600w, https:\/\/www.slsele.com\/wp-content\/uploads\/2024\/08\/SLS66-zigbee-remote-control-Detailed-picture-6-100x100.webp 100w, https:\/\/www.slsele.com\/wp-content\/uploads\/2024\/08\/SLS66-zigbee-remote-control-Detailed-picture-6-50x50.webp 50w, https:\/\/www.slsele.com\/wp-content\/uploads\/2024\/08\/SLS66-zigbee-remote-control-Detailed-picture-6.webp 1600w\" sizes=\"auto, (max-width: 1024px) 100vw, 1024px\" \/>Caracter\u00edsticas<\/h3>\n<p style=\"text-align: left;\">1. <strong>Mando a distancia por infrarrojos todo en uno<\/strong>:Integre f\u00e1cilmente todos los dispositivos infrarrojos del hogar en la aplicaci\u00f3n Smart Life, convirtiendo su tel\u00e9fono inteligente en un control remoto inteligente universal ZigBee.<\/p>\n<p style=\"text-align: left;\">2. <strong>Funci\u00f3n de aprendizaje por infrarrojos<\/strong>:Personaliza los botones dentro de la aplicaci\u00f3n y utiliza la funci\u00f3n de aprendizaje DIY para aprender y copiar manualmente los comandos del control remoto original.<\/p>\n<p style=\"text-align: left;\">3. <strong>Se\u00f1al de transmisi\u00f3n ZigBee estable<\/strong>:Si no hay obst\u00e1culos entre el control remoto ZigBee y el dispositivo, la transmisi\u00f3n de la se\u00f1al de control ser\u00e1 muy estable y confiable, y la distancia de transmisi\u00f3n puede alcanzar los 8 metros.<\/p>\n<p style=\"text-align: left;\">4. <strong>Compatibilidad con control de voz<\/strong>:El control por voz se puede utilizar en dispositivos infrarrojos dom\u00e9sticos y es compatible con asistentes de voz populares como Alexa y Google Assistant.<\/p>\n<p style=\"text-align: left;\">5. <strong>Funciona con 2 pilas AAA<\/strong>:Este m\u00e9todo es m\u00e1s flexible y f\u00e1cil de transportar que el m\u00e9todo de carga USB.<\/p>\n<h3 style=\"font-size: 25px; text-align: left;\">Especificaciones<\/h3>\n<p style=\"text-align: left;\">Entrada de energ\u00eda: bater\u00eda AAA * 2<br \/>\nConsumo en espera: \u22640,5 W<br \/>\nDistancia de control: &lt;8 m (finalmente depende del entorno)<br \/>\nFrecuencia IR: 38KHZ<br \/>\nTemperatura de funcionamiento: 0 \u00b0C ~ 50 \u00b0C<br \/>\nHumedad de funcionamiento: \u226485%RH (sin condensaci\u00f3n)<br \/>\nProtocolo inal\u00e1mbrico: Zigbee<br \/>\nTama\u00f1o del producto: 68 x 68 x 27 mm<\/p>\n<h3 style=\"font-size: 25px; text-align: left;\"><img loading=\"lazy\" decoding=\"async\" class=\"aligncenter size-large wp-image-3505\" src=\"https:\/\/slsele.com\/wp-content\/uploads\/2024\/08\/SLS66-zigbee-remote-control-Detailed-picture-7-1024x1024.webp\" alt=\"Las especificaciones del control remoto zigbee\" width=\"1024\" height=\"1024\" srcset=\"https:\/\/www.slsele.com\/wp-content\/uploads\/2024\/08\/SLS66-zigbee-remote-control-Detailed-picture-7-1024x1024.webp 1024w, https:\/\/www.slsele.com\/wp-content\/uploads\/2024\/08\/SLS66-zigbee-remote-control-Detailed-picture-7-300x300.webp 300w, https:\/\/www.slsele.com\/wp-content\/uploads\/2024\/08\/SLS66-zigbee-remote-control-Detailed-picture-7-150x150.webp 150w, https:\/\/www.slsele.com\/wp-content\/uploads\/2024\/08\/SLS66-zigbee-remote-control-Detailed-picture-7-768x768.webp 768w, https:\/\/www.slsele.com\/wp-content\/uploads\/2024\/08\/SLS66-zigbee-remote-control-Detailed-picture-7-1536x1536.webp 1536w, https:\/\/www.slsele.com\/wp-content\/uploads\/2024\/08\/SLS66-zigbee-remote-control-Detailed-picture-7-12x12.webp 12w, https:\/\/www.slsele.com\/wp-content\/uploads\/2024\/08\/SLS66-zigbee-remote-control-Detailed-picture-7-570x570.webp 570w, https:\/\/www.slsele.com\/wp-content\/uploads\/2024\/08\/SLS66-zigbee-remote-control-Detailed-picture-7-500x500.webp 500w, https:\/\/www.slsele.com\/wp-content\/uploads\/2024\/08\/SLS66-zigbee-remote-control-Detailed-picture-7-1000x1000.webp 1000w, https:\/\/www.slsele.com\/wp-content\/uploads\/2024\/08\/SLS66-zigbee-remote-control-Detailed-picture-7-700x700.webp 700w, https:\/\/www.slsele.com\/wp-content\/uploads\/2024\/08\/SLS66-zigbee-remote-control-Detailed-picture-7-600x600.webp 600w, https:\/\/www.slsele.com\/wp-content\/uploads\/2024\/08\/SLS66-zigbee-remote-control-Detailed-picture-7-100x100.webp 100w, https:\/\/www.slsele.com\/wp-content\/uploads\/2024\/08\/SLS66-zigbee-remote-control-Detailed-picture-7-50x50.webp 50w, https:\/\/www.slsele.com\/wp-content\/uploads\/2024\/08\/SLS66-zigbee-remote-control-Detailed-picture-7.webp 1600w\" sizes=\"auto, (max-width: 1024px) 100vw, 1024px\" \/>Nota<\/h3>\n<p style=\"text-align: left;\">El control remoto Zigbee solo es compatible con el concentrador Zigbee con cable Tuya, el concentrador inal\u00e1mbrico no funciona.<\/p>\n<h3 style=\"font-size: 25px; text-align: left;\"><img loading=\"lazy\" decoding=\"async\" class=\"aligncenter size-large wp-image-3507\" src=\"https:\/\/slsele.com\/wp-content\/uploads\/2024\/08\/SLS66-zigbee-remote-control-Note-1024x1024.webp\" alt=\"El control remoto Zigbee solo es compatible con el concentrador Zigbee con cable\" width=\"1024\" height=\"1024\" srcset=\"https:\/\/www.slsele.com\/wp-content\/uploads\/2024\/08\/SLS66-zigbee-remote-control-Note-1024x1024.webp 1024w, https:\/\/www.slsele.com\/wp-content\/uploads\/2024\/08\/SLS66-zigbee-remote-control-Note-300x300.webp 300w, https:\/\/www.slsele.com\/wp-content\/uploads\/2024\/08\/SLS66-zigbee-remote-control-Note-150x150.webp 150w, https:\/\/www.slsele.com\/wp-content\/uploads\/2024\/08\/SLS66-zigbee-remote-control-Note-768x768.webp 768w, https:\/\/www.slsele.com\/wp-content\/uploads\/2024\/08\/SLS66-zigbee-remote-control-Note-1536x1536.webp 1536w, https:\/\/www.slsele.com\/wp-content\/uploads\/2024\/08\/SLS66-zigbee-remote-control-Note-12x12.webp 12w, https:\/\/www.slsele.com\/wp-content\/uploads\/2024\/08\/SLS66-zigbee-remote-control-Note-570x570.webp 570w, https:\/\/www.slsele.com\/wp-content\/uploads\/2024\/08\/SLS66-zigbee-remote-control-Note-500x500.webp 500w, https:\/\/www.slsele.com\/wp-content\/uploads\/2024\/08\/SLS66-zigbee-remote-control-Note-1000x1000.webp 1000w, https:\/\/www.slsele.com\/wp-content\/uploads\/2024\/08\/SLS66-zigbee-remote-control-Note-700x700.webp 700w, https:\/\/www.slsele.com\/wp-content\/uploads\/2024\/08\/SLS66-zigbee-remote-control-Note-600x600.webp 600w, https:\/\/www.slsele.com\/wp-content\/uploads\/2024\/08\/SLS66-zigbee-remote-control-Note-100x100.webp 100w, https:\/\/www.slsele.com\/wp-content\/uploads\/2024\/08\/SLS66-zigbee-remote-control-Note-50x50.webp 50w, https:\/\/www.slsele.com\/wp-content\/uploads\/2024\/08\/SLS66-zigbee-remote-control-Note.webp 1600w\" sizes=\"auto, (max-width: 1024px) 100vw, 1024px\" \/><\/h3>","protected":false},"excerpt":{"rendered":"<p>El control remoto SLS ZigBee convierte su tel\u00e9fono inteligente en un control remoto IR para electrodom\u00e9sticos a trav\u00e9s de la aplicaci\u00f3n Smart Life. Admite control por voz con Alexa y Google Home, cuenta con aprendizaje IR para personalizaci\u00f3n y funciona en un radio de 8 metros. Funciona con 2 pilas AAA para mayor flexibilidad.<\/p>","protected":false},"featured_media":3506,"comment_status":"open","ping_status":"closed","template":"","meta":[],"product_brand":[],"product_cat":[19],"product_tag":[],"class_list":{"0":"post-3502","1":"product","2":"type-product","3":"status-publish","4":"has-post-thumbnail","6":"product_cat-smart-controller","8":"first","9":"instock","10":"shipping-taxable","11":"purchasable","12":"product-type-simple"},"_links":{"self":[{"href":"https:\/\/www.slsele.com\/es\/wp-json\/wp\/v2\/product\/3502","targetHints":{"allow":["GET"]}}],"collection":[{"href":"https:\/\/www.slsele.com\/es\/wp-json\/wp\/v2\/product"}],"about":[{"href":"https:\/\/www.slsele.com\/es\/wp-json\/wp\/v2\/types\/product"}],"replies":[{"embeddable":true,"href":"https:\/\/www.slsele.com\/es\/wp-json\/wp\/v2\/comments?post=3502"}],"wp:featuredmedia":[{"embeddable":true,"href":"https:\/\/www.slsele.com\/es\/wp-json\/wp\/v2\/media\/3506"}],"wp:attachment":[{"href":"https:\/\/www.slsele.com\/es\/wp-json\/wp\/v2\/media?parent=3502"}],"wp:term":[{"taxonomy":"product_brand","embeddable":true,"href":"https:\/\/www.slsele.com\/es\/wp-json\/wp\/v2\/product_brand?post=3502"},{"taxonomy":"product_cat","embeddable":true,"href":"https:\/\/www.slsele.com\/es\/wp-json\/wp\/v2\/product_cat?post=3502"},{"taxonomy":"product_tag","embeddable":true,"href":"https:\/\/www.slsele.com\/es\/wp-json\/wp\/v2\/product_tag?post=3502"}],"curies":[{"name":"wp","href":"https:\/\/api.w.org\/{rel}","templated":true}]}}