{"id":3480,"date":"2024-08-13T15:24:14","date_gmt":"2024-08-13T07:24:14","guid":{"rendered":"https:\/\/slsele.com\/?post_type=product&#038;p=3480"},"modified":"2024-08-13T16:48:30","modified_gmt":"2024-08-13T08:48:30","slug":"4l-capacity-wifi-automatic-cat-feeder","status":"publish","type":"product","link":"https:\/\/www.slsele.com\/es\/producto\/4l-capacity-wifi-automatic-cat-feeder\/","title":{"rendered":"Comedero autom\u00e1tico para gatos con WiFi y capacidad de 4 litros de SLS"},"content":{"rendered":"<h2 style=\"text-align: center; font-size: 28px;\">Comedero autom\u00e1tico para gatos con WiFi y capacidad de 4 litros de SLS<\/h2>\n<h3 style=\"font-size: 25px; text-align: left;\">Descripci\u00f3n<\/h3>\n<p style=\"text-align: left;\">El comedero autom\u00e1tico para gatos SLS WiFi simplifica el cuidado de las mascotas con sus funciones avanzadas y su dise\u00f1o f\u00e1cil de usar. Con una capacidad de 4 litros y funciones inteligentes, tu gato estar\u00e1 bien alimentado incluso cuando no est\u00e1s. El comedero admite el control remoto desde el tel\u00e9fono m\u00f3vil a trav\u00e9s de la aplicaci\u00f3n &quot;Tuya Smart&quot;, lo que permite una configuraci\u00f3n y gesti\u00f3n sencillas desde tu tel\u00e9fono inteligente.<\/p>\n<p>&nbsp;<\/p>\n<p style=\"text-align: left;\">Su dise\u00f1o antiadherente utiliza un sistema de empuje forzado para evitar atascos, dispensando de 8 a 10 g por raci\u00f3n con hasta 10 comidas por ciclo e incluye un indicador rojo de advertencia para obstrucciones. El recipiente de acero inoxidable 304 cuenta con un canal de salida de grano de 45\u00b0 para garantizar un flujo de comida suave y evitar la papada negra, lo que promueve la salud de su mascota.<\/p>\n<p>&nbsp;<\/p>\n<p style=\"text-align: left;\">Adem\u00e1s, el comedero autom\u00e1tico wifi para gatos ofrece una funci\u00f3n de grabaci\u00f3n de voz para recordatorios personalizados de las comidas. El mensaje grabado se reproduce tres veces por comida, hasta diez comidas y nueve porciones cada una. Tambi\u00e9n incluye una bolsa desecante incorporada y compartimentos sellados para mantener la comida fresca y a prueba de humedad, mientras que su dise\u00f1o independiente garantiza una f\u00e1cil instalaci\u00f3n y mantenimiento.<\/p>\n<p>&nbsp;<\/p>\n<p style=\"text-align: left;\">Mejore la rutina de cuidado de sus mascotas con el alimentador autom\u00e1tico para gatos SLS WiFi, que combina comodidad, innovaci\u00f3n y un dise\u00f1o atento para mantener a su amigo peludo feliz y saludable.<\/p>\n<h3 style=\"font-size: 25px; text-align: left;\"><img loading=\"lazy\" decoding=\"async\" class=\"aligncenter size-large wp-image-3472\" src=\"https:\/\/slsele.com\/wp-content\/uploads\/2024\/08\/smart-pet-feeder-Detailed-picture-1-444x1024.webp\" alt=\"Comedero autom\u00e1tico para gatos con wifi y capacidad de 4 litros\" width=\"444\" height=\"1024\" srcset=\"https:\/\/www.slsele.com\/wp-content\/uploads\/2024\/08\/smart-pet-feeder-Detailed-picture-1-444x1024.webp 444w, https:\/\/www.slsele.com\/wp-content\/uploads\/2024\/08\/smart-pet-feeder-Detailed-picture-1-130x300.webp 130w, https:\/\/www.slsele.com\/wp-content\/uploads\/2024\/08\/smart-pet-feeder-Detailed-picture-1-666x1536.webp 666w, https:\/\/www.slsele.com\/wp-content\/uploads\/2024\/08\/smart-pet-feeder-Detailed-picture-1-5x12.webp 5w, https:\/\/www.slsele.com\/wp-content\/uploads\/2024\/08\/smart-pet-feeder-Detailed-picture-1-700x1615.webp 700w, https:\/\/www.slsele.com\/wp-content\/uploads\/2024\/08\/smart-pet-feeder-Detailed-picture-1-600x1384.webp 600w, https:\/\/www.slsele.com\/wp-content\/uploads\/2024\/08\/smart-pet-feeder-Detailed-picture-1.webp 750w\" sizes=\"auto, (max-width: 444px) 100vw, 444px\" \/><img loading=\"lazy\" decoding=\"async\" class=\"aligncenter size-full wp-image-3473\" src=\"https:\/\/slsele.com\/wp-content\/uploads\/2024\/08\/smart-pet-feeder-Detailed-picture-2.webp\" alt=\"El comedero se puede controlar de forma remota a trav\u00e9s de su tel\u00e9fono inteligente.\" width=\"750\" height=\"778\" srcset=\"https:\/\/www.slsele.com\/wp-content\/uploads\/2024\/08\/smart-pet-feeder-Detailed-picture-2.webp 750w, https:\/\/www.slsele.com\/wp-content\/uploads\/2024\/08\/smart-pet-feeder-Detailed-picture-2-289x300.webp 289w, https:\/\/www.slsele.com\/wp-content\/uploads\/2024\/08\/smart-pet-feeder-Detailed-picture-2-12x12.webp 12w, https:\/\/www.slsele.com\/wp-content\/uploads\/2024\/08\/smart-pet-feeder-Detailed-picture-2-700x726.webp 700w, https:\/\/www.slsele.com\/wp-content\/uploads\/2024\/08\/smart-pet-feeder-Detailed-picture-2-600x622.webp 600w\" sizes=\"auto, (max-width: 750px) 100vw, 750px\" \/><img loading=\"lazy\" decoding=\"async\" class=\"aligncenter size-large wp-image-3474\" src=\"https:\/\/slsele.com\/wp-content\/uploads\/2024\/08\/smart-pet-feeder-Detailed-picture-3-690x1024.webp\" alt=\"El comedero inteligente para mascotas cuenta con un dise\u00f1o de grano antiadherente.\" width=\"690\" height=\"1024\" srcset=\"https:\/\/www.slsele.com\/wp-content\/uploads\/2024\/08\/smart-pet-feeder-Detailed-picture-3-690x1024.webp 690w, https:\/\/www.slsele.com\/wp-content\/uploads\/2024\/08\/smart-pet-feeder-Detailed-picture-3-202x300.webp 202w, https:\/\/www.slsele.com\/wp-content\/uploads\/2024\/08\/smart-pet-feeder-Detailed-picture-3-8x12.webp 8w, https:\/\/www.slsele.com\/wp-content\/uploads\/2024\/08\/smart-pet-feeder-Detailed-picture-3-700x1039.webp 700w, https:\/\/www.slsele.com\/wp-content\/uploads\/2024\/08\/smart-pet-feeder-Detailed-picture-3-600x890.webp 600w, https:\/\/www.slsele.com\/wp-content\/uploads\/2024\/08\/smart-pet-feeder-Detailed-picture-3.webp 750w\" sizes=\"auto, (max-width: 690px) 100vw, 690px\" \/><img loading=\"lazy\" decoding=\"async\" class=\"aligncenter size-large wp-image-3475\" src=\"https:\/\/slsele.com\/wp-content\/uploads\/2024\/08\/smart-pet-feeder-Detailed-picture-4-703x1024.webp\" alt=\"El comedero inteligente para mascotas incluye una bolsa desecante incorporada para proteger contra la humedad y mantener la comida fresca.\" width=\"703\" height=\"1024\" srcset=\"https:\/\/www.slsele.com\/wp-content\/uploads\/2024\/08\/smart-pet-feeder-Detailed-picture-4-703x1024.webp 703w, https:\/\/www.slsele.com\/wp-content\/uploads\/2024\/08\/smart-pet-feeder-Detailed-picture-4-206x300.webp 206w, https:\/\/www.slsele.com\/wp-content\/uploads\/2024\/08\/smart-pet-feeder-Detailed-picture-4-8x12.webp 8w, https:\/\/www.slsele.com\/wp-content\/uploads\/2024\/08\/smart-pet-feeder-Detailed-picture-4-700x1020.webp 700w, https:\/\/www.slsele.com\/wp-content\/uploads\/2024\/08\/smart-pet-feeder-Detailed-picture-4-600x874.webp 600w, https:\/\/www.slsele.com\/wp-content\/uploads\/2024\/08\/smart-pet-feeder-Detailed-picture-4.webp 750w\" sizes=\"auto, (max-width: 703px) 100vw, 703px\" \/><img loading=\"lazy\" decoding=\"async\" class=\"aligncenter size-full wp-image-3476\" src=\"https:\/\/slsele.com\/wp-content\/uploads\/2024\/08\/smart-pet-feeder-Detailed-picture-5.webp\" alt=\"El comedero inteligente para mascotas tiene un dise\u00f1o separado para una f\u00e1cil instalaci\u00f3n.\" width=\"750\" height=\"1009\" srcset=\"https:\/\/www.slsele.com\/wp-content\/uploads\/2024\/08\/smart-pet-feeder-Detailed-picture-5.webp 750w, https:\/\/www.slsele.com\/wp-content\/uploads\/2024\/08\/smart-pet-feeder-Detailed-picture-5-223x300.webp 223w, https:\/\/www.slsele.com\/wp-content\/uploads\/2024\/08\/smart-pet-feeder-Detailed-picture-5-9x12.webp 9w, https:\/\/www.slsele.com\/wp-content\/uploads\/2024\/08\/smart-pet-feeder-Detailed-picture-5-700x942.webp 700w, https:\/\/www.slsele.com\/wp-content\/uploads\/2024\/08\/smart-pet-feeder-Detailed-picture-5-600x807.webp 600w\" sizes=\"auto, (max-width: 750px) 100vw, 750px\" \/><img loading=\"lazy\" decoding=\"async\" class=\"aligncenter size-full wp-image-3477\" src=\"https:\/\/slsele.com\/wp-content\/uploads\/2024\/08\/smart-pet-feeder-Detailed-picture-6.webp\" alt=\"El comedero inteligente para mascotas puede grabar tu voz para recordarle a tu mascota las comidas.\" width=\"750\" height=\"992\" srcset=\"https:\/\/www.slsele.com\/wp-content\/uploads\/2024\/08\/smart-pet-feeder-Detailed-picture-6.webp 750w, https:\/\/www.slsele.com\/wp-content\/uploads\/2024\/08\/smart-pet-feeder-Detailed-picture-6-227x300.webp 227w, https:\/\/www.slsele.com\/wp-content\/uploads\/2024\/08\/smart-pet-feeder-Detailed-picture-6-9x12.webp 9w, https:\/\/www.slsele.com\/wp-content\/uploads\/2024\/08\/smart-pet-feeder-Detailed-picture-6-700x926.webp 700w, https:\/\/www.slsele.com\/wp-content\/uploads\/2024\/08\/smart-pet-feeder-Detailed-picture-6-600x794.webp 600w\" sizes=\"auto, (max-width: 750px) 100vw, 750px\" \/><img loading=\"lazy\" decoding=\"async\" class=\"aligncenter size-full wp-image-3481\" src=\"https:\/\/slsele.com\/wp-content\/uploads\/2024\/08\/smart-pet-feeder-Detailed-picture-9.webp\" alt=\"El comedero autom\u00e1tico para gatos con WiFi est\u00e1 dise\u00f1ado para contener granos liofilizados, inflados y granos m\u00e1s grandes.\" width=\"750\" height=\"719\" srcset=\"https:\/\/www.slsele.com\/wp-content\/uploads\/2024\/08\/smart-pet-feeder-Detailed-picture-9.webp 750w, https:\/\/www.slsele.com\/wp-content\/uploads\/2024\/08\/smart-pet-feeder-Detailed-picture-9-300x288.webp 300w, https:\/\/www.slsele.com\/wp-content\/uploads\/2024\/08\/smart-pet-feeder-Detailed-picture-9-13x12.webp 13w, https:\/\/www.slsele.com\/wp-content\/uploads\/2024\/08\/smart-pet-feeder-Detailed-picture-9-700x671.webp 700w, https:\/\/www.slsele.com\/wp-content\/uploads\/2024\/08\/smart-pet-feeder-Detailed-picture-9-600x575.webp 600w\" sizes=\"auto, (max-width: 750px) 100vw, 750px\" \/><img loading=\"lazy\" decoding=\"async\" class=\"aligncenter size-large wp-image-3482\" src=\"https:\/\/slsele.com\/wp-content\/uploads\/2024\/08\/smart-pet-feeder-Detailed-picture-10-594x1024.webp\" alt=\"Un comedero inteligente para mascotas con un plato de comida de acero inoxidable.\" width=\"594\" height=\"1024\" srcset=\"https:\/\/www.slsele.com\/wp-content\/uploads\/2024\/08\/smart-pet-feeder-Detailed-picture-10-594x1024.webp 594w, https:\/\/www.slsele.com\/wp-content\/uploads\/2024\/08\/smart-pet-feeder-Detailed-picture-10-174x300.webp 174w, https:\/\/www.slsele.com\/wp-content\/uploads\/2024\/08\/smart-pet-feeder-Detailed-picture-10-7x12.webp 7w, https:\/\/www.slsele.com\/wp-content\/uploads\/2024\/08\/smart-pet-feeder-Detailed-picture-10-700x1206.webp 700w, https:\/\/www.slsele.com\/wp-content\/uploads\/2024\/08\/smart-pet-feeder-Detailed-picture-10-600x1034.webp 600w, https:\/\/www.slsele.com\/wp-content\/uploads\/2024\/08\/smart-pet-feeder-Detailed-picture-10.webp 750w\" sizes=\"auto, (max-width: 594px) 100vw, 594px\" \/><img loading=\"lazy\" decoding=\"async\" class=\"aligncenter size-large wp-image-3483\" src=\"https:\/\/slsele.com\/wp-content\/uploads\/2024\/08\/smart-pet-feeder-Detailed-picture-11-684x1024.webp\" alt=\"Comedero inteligente para mascotas enchufable o alimentado con bater\u00eda con 3 bater\u00edas AA de gran capacidad\" width=\"684\" height=\"1024\" srcset=\"https:\/\/www.slsele.com\/wp-content\/uploads\/2024\/08\/smart-pet-feeder-Detailed-picture-11-684x1024.webp 684w, https:\/\/www.slsele.com\/wp-content\/uploads\/2024\/08\/smart-pet-feeder-Detailed-picture-11-201x300.webp 201w, https:\/\/www.slsele.com\/wp-content\/uploads\/2024\/08\/smart-pet-feeder-Detailed-picture-11-8x12.webp 8w, https:\/\/www.slsele.com\/wp-content\/uploads\/2024\/08\/smart-pet-feeder-Detailed-picture-11-700x1047.webp 700w, https:\/\/www.slsele.com\/wp-content\/uploads\/2024\/08\/smart-pet-feeder-Detailed-picture-11-600x898.webp 600w, https:\/\/www.slsele.com\/wp-content\/uploads\/2024\/08\/smart-pet-feeder-Detailed-picture-11.webp 750w\" sizes=\"auto, (max-width: 684px) 100vw, 684px\" \/><img loading=\"lazy\" decoding=\"async\" class=\"aligncenter size-full wp-image-3484\" src=\"https:\/\/slsele.com\/wp-content\/uploads\/2024\/08\/smart-pet-feeder-Detailed-picture-12.webp\" alt=\"Comedero inteligente para mascotas de color blanco y negro\" width=\"750\" height=\"518\" srcset=\"https:\/\/www.slsele.com\/wp-content\/uploads\/2024\/08\/smart-pet-feeder-Detailed-picture-12.webp 750w, https:\/\/www.slsele.com\/wp-content\/uploads\/2024\/08\/smart-pet-feeder-Detailed-picture-12-300x207.webp 300w, https:\/\/www.slsele.com\/wp-content\/uploads\/2024\/08\/smart-pet-feeder-Detailed-picture-12-18x12.webp 18w, https:\/\/www.slsele.com\/wp-content\/uploads\/2024\/08\/smart-pet-feeder-Detailed-picture-12-700x483.webp 700w, https:\/\/www.slsele.com\/wp-content\/uploads\/2024\/08\/smart-pet-feeder-Detailed-picture-12-600x414.webp 600w\" sizes=\"auto, (max-width: 750px) 100vw, 750px\" \/>Caracter\u00edsticas<\/h3>\n<p style=\"text-align: left;\">1. <strong>Control remoto del tel\u00e9fono m\u00f3vil<\/strong>:El comedero autom\u00e1tico wifi para gatos se puede controlar de forma remota a trav\u00e9s de su tel\u00e9fono inteligente, lo que le permite administrar y monitorear los tiempos de alimentaci\u00f3n desde cualquier lugar usando la &quot;Aplicaci\u00f3n Tuya Smart&quot;.<\/p>\n<p style=\"text-align: left;\">2. <strong>Dise\u00f1o de grano antiadherente<\/strong>:Nuestro comedero cuenta con un sistema de descarga de granos de tipo empuje forzado que evita que los granos se atasquen. Cada porci\u00f3n dispensa aproximadamente de 8 a 10 g de alimento, con hasta 10 comidas por ciclo de alimentaci\u00f3n. En caso de bloqueo, un indicador de advertencia rojo le avisar\u00e1.<\/p>\n<p style=\"text-align: left;\">3. <strong>Gran capacidad de 4L<\/strong>:La generosa capacidad de 4 litros garantiza que su mascota tenga suficiente comida, lo que reduce la frecuencia de recargas y le proporciona tranquilidad.<\/p>\n<p style=\"text-align: left;\">4. <strong>Taz\u00f3n de acero inoxidable 304<\/strong>:El canal de salida de grano de 45\u00b0 del taz\u00f3n est\u00e1 dise\u00f1ado para un flujo de comida uniforme y para evitar la aparici\u00f3n de manchas negras en la barbilla. Fabricado en acero inoxidable 304, ayuda a mantener la salud de su mascota al evitar la acumulaci\u00f3n de grasa y garantizar una alimentaci\u00f3n segura y limpia.<\/p>\n<p style=\"text-align: left;\">5. <strong>Funci\u00f3n de grabaci\u00f3n de voz<\/strong>:Grabe un mensaje personalizado para recordarle a su mascota los horarios de las comidas. Programe hasta diez comidas con nueve porciones cada una y su mensaje grabado se reproducir\u00e1 tres veces por comida para mantener a su gato entretenido.<\/p>\n<p style=\"text-align: left;\">6. <strong>A prueba de humedad y conservaci\u00f3n de la frescura<\/strong>Equipado con una bolsa desecante incorporada, el comedero autom\u00e1tico para gatos wifi cuenta con compartimentos superiores e inferiores sellados con una salida de grano cerrada para mantener la frescura y evitar la humedad.<\/p>\n<p style=\"text-align: left;\">7. <strong>Dise\u00f1o independiente para una f\u00e1cil instalaci\u00f3n<\/strong>:El dise\u00f1o separado del alimentador hace que la instalaci\u00f3n y el mantenimiento sean sencillos y sin complicaciones.<\/p>\n<h3 style=\"font-size: 25px; text-align: left;\">Especificaciones<\/h3>\n<p style=\"text-align: left;\">Nombre del producto: Alimentador autom\u00e1tico para gatos con WiFi<br \/>\nMaterial: ABS + acero inoxidable 304<br \/>\nTama\u00f1o del producto: 18 x 19 x 20 cm.<br \/>\nTama\u00f1o del paquete: 20*20*23cm<br \/>\nCapacidad: 4L<br \/>\nPeso: 1,45 kg<br \/>\nVersi\u00f3n: Versi\u00f3n WiFi<\/p>\n<h3 style=\"font-size: 25px; text-align: left;\">Lista de paquetes<\/h3>\n<p style=\"text-align: left;\">1* Alimentador autom\u00e1tico para gatos con WiFi<br \/>\n1*Adaptador<br \/>\n1*cable de datos<br \/>\n1*Cepillo de limpieza<br \/>\n1* recipiente de acero inoxidable<br \/>\n1* cuenco de alimentaci\u00f3n de pl\u00e1stico<br \/>\n1* Gu\u00eda de inicio r\u00e1pido<\/p>\n<h3 style=\"font-size: 25px; text-align: left;\"><img loading=\"lazy\" decoding=\"async\" class=\"aligncenter size-full wp-image-3479\" src=\"https:\/\/slsele.com\/wp-content\/uploads\/2024\/08\/smart-pet-feeder-Detailed-picture-8.webp\" alt=\"Lista de paquetes del comedero inteligente para mascotas\" width=\"750\" height=\"508\" srcset=\"https:\/\/www.slsele.com\/wp-content\/uploads\/2024\/08\/smart-pet-feeder-Detailed-picture-8.webp 750w, https:\/\/www.slsele.com\/wp-content\/uploads\/2024\/08\/smart-pet-feeder-Detailed-picture-8-300x203.webp 300w, https:\/\/www.slsele.com\/wp-content\/uploads\/2024\/08\/smart-pet-feeder-Detailed-picture-8-18x12.webp 18w, https:\/\/www.slsele.com\/wp-content\/uploads\/2024\/08\/smart-pet-feeder-Detailed-picture-8-700x474.webp 700w, https:\/\/www.slsele.com\/wp-content\/uploads\/2024\/08\/smart-pet-feeder-Detailed-picture-8-600x406.webp 600w\" sizes=\"auto, (max-width: 750px) 100vw, 750px\" \/>Pasos de instalaci\u00f3n<\/h3>\n<p style=\"text-align: left;\">1. Deslice la superficie del cuerpo hasta el bot\u00f3n \u201cabrir\u201d<br \/>\n2. Instale el cuerpo del ca\u00f1\u00f3n en el fuselaje.<br \/>\n3. Deslice el bot\u00f3n hacia atr\u00e1s para bloquear el material.<br \/>\n4. Atornille la tapa superior al ca\u00f1\u00f3n.<br \/>\n5. Coloque el acero inoxidable en una bandeja de pl\u00e1stico.<br \/>\n6. Alinee el comedero autom\u00e1tico wifi para gatos en la ranura de salida de comida e inst\u00e1lelo debajo del puerto de alimentaci\u00f3n.<\/p>\n<h3 style=\"font-size: 25px; text-align: left;\"><img loading=\"lazy\" decoding=\"async\" class=\"aligncenter size-full wp-image-3478\" src=\"https:\/\/slsele.com\/wp-content\/uploads\/2024\/08\/smart-pet-feeder-Detailed-picture-7.webp\" alt=\"Pasos de instalaci\u00f3n del comedero inteligente para mascotas\" width=\"750\" height=\"687\" srcset=\"https:\/\/www.slsele.com\/wp-content\/uploads\/2024\/08\/smart-pet-feeder-Detailed-picture-7.webp 750w, https:\/\/www.slsele.com\/wp-content\/uploads\/2024\/08\/smart-pet-feeder-Detailed-picture-7-300x275.webp 300w, https:\/\/www.slsele.com\/wp-content\/uploads\/2024\/08\/smart-pet-feeder-Detailed-picture-7-13x12.webp 13w, https:\/\/www.slsele.com\/wp-content\/uploads\/2024\/08\/smart-pet-feeder-Detailed-picture-7-700x641.webp 700w, https:\/\/www.slsele.com\/wp-content\/uploads\/2024\/08\/smart-pet-feeder-Detailed-picture-7-600x550.webp 600w\" sizes=\"auto, (max-width: 750px) 100vw, 750px\" \/>Preguntas m\u00e1s frecuentes<\/h3>\n<p style=\"text-align: left;\">P1: <strong>\u00bfC\u00f3mo conectar el comedero autom\u00e1tico para gatos wifi a Internet?<\/strong><br \/>\nA1:<br \/>\n1. Descargue la aplicaci\u00f3n \u201cTuya Smart\u201d<br \/>\n2. Aplique energ\u00eda al dispositivo.<br \/>\n3. Primero inicie WIFI y Bluetooth, luego abra la APLICACI\u00d3N para descubrir la conexi\u00f3n del dispositivo.<\/p>","protected":false},"excerpt":{"rendered":"<p>Un comedero autom\u00e1tico para gatos Tuya WiFi te permite controlar el horario de alimentaci\u00f3n de tu mascota y el tama\u00f1o de las porciones a trav\u00e9s de una aplicaci\u00f3n m\u00f3vil. Con un comedero inteligente para mascotas Tuya WiFi, puedes asegurarte de que tu mascota se alimente a tiempo incluso cuando no est\u00e1s en casa, lo que te proporciona comodidad y tranquilidad.<\/p>","protected":false},"featured_media":3485,"comment_status":"open","ping_status":"closed","template":"","meta":[],"product_brand":[],"product_cat":[59],"product_tag":[],"class_list":{"0":"post-3480","1":"product","2":"type-product","3":"status-publish","4":"has-post-thumbnail","6":"product_cat-other-smart-devices","8":"first","9":"instock","10":"shipping-taxable","11":"purchasable","12":"product-type-simple"},"_links":{"self":[{"href":"https:\/\/www.slsele.com\/es\/wp-json\/wp\/v2\/product\/3480","targetHints":{"allow":["GET"]}}],"collection":[{"href":"https:\/\/www.slsele.com\/es\/wp-json\/wp\/v2\/product"}],"about":[{"href":"https:\/\/www.slsele.com\/es\/wp-json\/wp\/v2\/types\/product"}],"replies":[{"embeddable":true,"href":"https:\/\/www.slsele.com\/es\/wp-json\/wp\/v2\/comments?post=3480"}],"wp:featuredmedia":[{"embeddable":true,"href":"https:\/\/www.slsele.com\/es\/wp-json\/wp\/v2\/media\/3485"}],"wp:attachment":[{"href":"https:\/\/www.slsele.com\/es\/wp-json\/wp\/v2\/media?parent=3480"}],"wp:term":[{"taxonomy":"product_brand","embeddable":true,"href":"https:\/\/www.slsele.com\/es\/wp-json\/wp\/v2\/product_brand?post=3480"},{"taxonomy":"product_cat","embeddable":true,"href":"https:\/\/www.slsele.com\/es\/wp-json\/wp\/v2\/product_cat?post=3480"},{"taxonomy":"product_tag","embeddable":true,"href":"https:\/\/www.slsele.com\/es\/wp-json\/wp\/v2\/product_tag?post=3480"}],"curies":[{"name":"wp","href":"https:\/\/api.w.org\/{rel}","templated":true}]}}