{"id":3458,"date":"2024-08-12T11:55:35","date_gmt":"2024-08-12T03:55:35","guid":{"rendered":"https:\/\/slsele.com\/?post_type=product&#038;p=3458"},"modified":"2025-09-25T22:51:36","modified_gmt":"2025-09-25T14:51:36","slug":"zigbee-garage-door-opener-module","status":"publish","type":"product","link":"https:\/\/www.slsele.com\/es\/producto\/zigbee-garage-door-opener-module\/","title":{"rendered":"M\u00f3dulo de apertura de puerta de garaje SLS Zigbee"},"content":{"rendered":"<h2 style=\"text-align: center; font-size: 28px;\">M\u00f3dulo de apertura de puerta de garaje SLS Zigbee<\/h2>\n<h3 style=\"font-size: 25px; text-align: left;\">Descripci\u00f3n<\/h3>\n<p style=\"text-align: left;\">Mejore su experiencia de automatizaci\u00f3n del hogar con nuestro m\u00f3dulo de apertura de puertas de garaje Zigbee. Dise\u00f1ado para integrarse perfectamente con su sistema de puertas de garaje existente, este m\u00f3dulo inteligente transforma su puerta de garaje tradicional en un dispositivo inteligente completamente conectado. Con monitoreo en tiempo real, capacidades de control remoto e integraci\u00f3n de voz, administrar su puerta de garaje nunca ha sido m\u00e1s f\u00e1cil ni m\u00e1s conveniente.<\/p>\n<h3 style=\"font-size: 25px; text-align: left;\"><img loading=\"lazy\" decoding=\"async\" class=\"aligncenter size-full wp-image-3456\" src=\"https:\/\/slsele.com\/wp-content\/uploads\/2024\/08\/ZGD01-Detailed-picture-1.webp\" alt=\"Abra el garaje con un clic del dedo en la aplicaci\u00f3n a trav\u00e9s del m\u00f3dulo de apertura de puerta de garaje\" width=\"800\" height=\"800\" srcset=\"https:\/\/www.slsele.com\/wp-content\/uploads\/2024\/08\/ZGD01-Detailed-picture-1.webp 800w, https:\/\/www.slsele.com\/wp-content\/uploads\/2024\/08\/ZGD01-Detailed-picture-1-300x300.webp 300w, https:\/\/www.slsele.com\/wp-content\/uploads\/2024\/08\/ZGD01-Detailed-picture-1-150x150.webp 150w, https:\/\/www.slsele.com\/wp-content\/uploads\/2024\/08\/ZGD01-Detailed-picture-1-768x768.webp 768w, https:\/\/www.slsele.com\/wp-content\/uploads\/2024\/08\/ZGD01-Detailed-picture-1-12x12.webp 12w, https:\/\/www.slsele.com\/wp-content\/uploads\/2024\/08\/ZGD01-Detailed-picture-1-570x570.webp 570w, https:\/\/www.slsele.com\/wp-content\/uploads\/2024\/08\/ZGD01-Detailed-picture-1-500x500.webp 500w, https:\/\/www.slsele.com\/wp-content\/uploads\/2024\/08\/ZGD01-Detailed-picture-1-700x700.webp 700w, https:\/\/www.slsele.com\/wp-content\/uploads\/2024\/08\/ZGD01-Detailed-picture-1-600x600.webp 600w, https:\/\/www.slsele.com\/wp-content\/uploads\/2024\/08\/ZGD01-Detailed-picture-1-100x100.webp 100w, https:\/\/www.slsele.com\/wp-content\/uploads\/2024\/08\/ZGD01-Detailed-picture-1-50x50.webp 50w\" sizes=\"auto, (max-width: 800px) 100vw, 800px\" \/><img loading=\"lazy\" decoding=\"async\" class=\"aligncenter size-full wp-image-3457\" src=\"https:\/\/slsele.com\/wp-content\/uploads\/2024\/08\/ZGD01-Detailed-picture-2.webp\" alt=\"Control por voz de la apertura de la puerta del garaje mientras se est\u00e1 sentado en el coche mediante un m\u00f3dulo de apertura de puerta de garaje Zigbee\" width=\"800\" height=\"800\" srcset=\"https:\/\/www.slsele.com\/wp-content\/uploads\/2024\/08\/ZGD01-Detailed-picture-2.webp 800w, https:\/\/www.slsele.com\/wp-content\/uploads\/2024\/08\/ZGD01-Detailed-picture-2-300x300.webp 300w, https:\/\/www.slsele.com\/wp-content\/uploads\/2024\/08\/ZGD01-Detailed-picture-2-150x150.webp 150w, https:\/\/www.slsele.com\/wp-content\/uploads\/2024\/08\/ZGD01-Detailed-picture-2-768x768.webp 768w, https:\/\/www.slsele.com\/wp-content\/uploads\/2024\/08\/ZGD01-Detailed-picture-2-12x12.webp 12w, https:\/\/www.slsele.com\/wp-content\/uploads\/2024\/08\/ZGD01-Detailed-picture-2-570x570.webp 570w, https:\/\/www.slsele.com\/wp-content\/uploads\/2024\/08\/ZGD01-Detailed-picture-2-500x500.webp 500w, https:\/\/www.slsele.com\/wp-content\/uploads\/2024\/08\/ZGD01-Detailed-picture-2-700x700.webp 700w, https:\/\/www.slsele.com\/wp-content\/uploads\/2024\/08\/ZGD01-Detailed-picture-2-600x600.webp 600w, https:\/\/www.slsele.com\/wp-content\/uploads\/2024\/08\/ZGD01-Detailed-picture-2-100x100.webp 100w, https:\/\/www.slsele.com\/wp-content\/uploads\/2024\/08\/ZGD01-Detailed-picture-2-50x50.webp 50w\" sizes=\"auto, (max-width: 800px) 100vw, 800px\" \/><img loading=\"lazy\" decoding=\"async\" class=\"aligncenter size-full wp-image-3448\" src=\"https:\/\/slsele.com\/wp-content\/uploads\/2024\/08\/ZGD01-Detailed-picture-3.webp\" alt=\"El m\u00f3dulo de apertura de puerta de garaje tiene funci\u00f3n de temporizaci\u00f3n.\" width=\"800\" height=\"800\" srcset=\"https:\/\/www.slsele.com\/wp-content\/uploads\/2024\/08\/ZGD01-Detailed-picture-3.webp 800w, https:\/\/www.slsele.com\/wp-content\/uploads\/2024\/08\/ZGD01-Detailed-picture-3-300x300.webp 300w, https:\/\/www.slsele.com\/wp-content\/uploads\/2024\/08\/ZGD01-Detailed-picture-3-150x150.webp 150w, https:\/\/www.slsele.com\/wp-content\/uploads\/2024\/08\/ZGD01-Detailed-picture-3-768x768.webp 768w, https:\/\/www.slsele.com\/wp-content\/uploads\/2024\/08\/ZGD01-Detailed-picture-3-12x12.webp 12w, https:\/\/www.slsele.com\/wp-content\/uploads\/2024\/08\/ZGD01-Detailed-picture-3-570x570.webp 570w, https:\/\/www.slsele.com\/wp-content\/uploads\/2024\/08\/ZGD01-Detailed-picture-3-500x500.webp 500w, https:\/\/www.slsele.com\/wp-content\/uploads\/2024\/08\/ZGD01-Detailed-picture-3-700x700.webp 700w, https:\/\/www.slsele.com\/wp-content\/uploads\/2024\/08\/ZGD01-Detailed-picture-3-600x600.webp 600w, https:\/\/www.slsele.com\/wp-content\/uploads\/2024\/08\/ZGD01-Detailed-picture-3-100x100.webp 100w, https:\/\/www.slsele.com\/wp-content\/uploads\/2024\/08\/ZGD01-Detailed-picture-3-50x50.webp 50w\" sizes=\"auto, (max-width: 800px) 100vw, 800px\" \/><img loading=\"lazy\" decoding=\"async\" class=\"aligncenter size-full wp-image-3462\" src=\"https:\/\/slsele.com\/wp-content\/uploads\/2024\/08\/ZGD01-Detailed-picture-5.webp\" alt=\"El abridor de puerta de garaje env\u00eda una alerta en tiempo real a mi tel\u00e9fono indicando que la puerta del garaje est\u00e1 abierta actualmente\" width=\"800\" height=\"803\" srcset=\"https:\/\/www.slsele.com\/wp-content\/uploads\/2024\/08\/ZGD01-Detailed-picture-5.webp 800w, https:\/\/www.slsele.com\/wp-content\/uploads\/2024\/08\/ZGD01-Detailed-picture-5-300x300.webp 300w, https:\/\/www.slsele.com\/wp-content\/uploads\/2024\/08\/ZGD01-Detailed-picture-5-150x150.webp 150w, https:\/\/www.slsele.com\/wp-content\/uploads\/2024\/08\/ZGD01-Detailed-picture-5-768x771.webp 768w, https:\/\/www.slsele.com\/wp-content\/uploads\/2024\/08\/ZGD01-Detailed-picture-5-12x12.webp 12w, https:\/\/www.slsele.com\/wp-content\/uploads\/2024\/08\/ZGD01-Detailed-picture-5-700x703.webp 700w, https:\/\/www.slsele.com\/wp-content\/uploads\/2024\/08\/ZGD01-Detailed-picture-5-600x602.webp 600w, https:\/\/www.slsele.com\/wp-content\/uploads\/2024\/08\/ZGD01-Detailed-picture-5-100x100.webp 100w, https:\/\/www.slsele.com\/wp-content\/uploads\/2024\/08\/ZGD01-Detailed-picture-5-50x50.webp 50w\" sizes=\"auto, (max-width: 800px) 100vw, 800px\" \/><img loading=\"lazy\" decoding=\"async\" class=\"aligncenter size-full wp-image-3467\" src=\"https:\/\/slsele.com\/wp-content\/uploads\/2024\/08\/ZGD01-Detailed-picture-6.webp\" alt=\"El m\u00f3dulo de apertura de puerta de garaje tiene funciones de memoria y visualizaci\u00f3n para el estado de apertura y cierre de la puerta de garaje.\" width=\"800\" height=\"796\" srcset=\"https:\/\/www.slsele.com\/wp-content\/uploads\/2024\/08\/ZGD01-Detailed-picture-6.webp 800w, https:\/\/www.slsele.com\/wp-content\/uploads\/2024\/08\/ZGD01-Detailed-picture-6-300x300.webp 300w, https:\/\/www.slsele.com\/wp-content\/uploads\/2024\/08\/ZGD01-Detailed-picture-6-150x150.webp 150w, https:\/\/www.slsele.com\/wp-content\/uploads\/2024\/08\/ZGD01-Detailed-picture-6-768x764.webp 768w, https:\/\/www.slsele.com\/wp-content\/uploads\/2024\/08\/ZGD01-Detailed-picture-6-12x12.webp 12w, https:\/\/www.slsele.com\/wp-content\/uploads\/2024\/08\/ZGD01-Detailed-picture-6-700x697.webp 700w, https:\/\/www.slsele.com\/wp-content\/uploads\/2024\/08\/ZGD01-Detailed-picture-6-600x597.webp 600w, https:\/\/www.slsele.com\/wp-content\/uploads\/2024\/08\/ZGD01-Detailed-picture-6-100x100.webp 100w, https:\/\/www.slsele.com\/wp-content\/uploads\/2024\/08\/ZGD01-Detailed-picture-6-50x50.webp 50w\" sizes=\"auto, (max-width: 800px) 100vw, 800px\" \/>Caracter\u00edsticas<\/h3>\n<p style=\"text-align: left;\"><strong>1. Monitoreo en tiempo real<\/strong>:Puedes estar informado sobre el estado de tu puerta de garaje en cualquier momento directamente desde la aplicaci\u00f3n Tuya Smart o Smart Life. Ya sea que est\u00e9s en casa o fuera, siempre sabr\u00e1s si est\u00e1 abierta o cerrada.<\/p>\n<p style=\"text-align: left;\"><strong>2. Control remoto<\/strong>:Disfrute de la comodidad de abrir o cerrar la puerta de su garaje desde cualquier lugar con la aplicaci\u00f3n Tuya Smart o Smart Life. No es necesario estar f\u00edsicamente presente para controlar la puerta de su garaje: toque su tel\u00e9fono inteligente y listo.<\/p>\n<p style=\"text-align: left;\"><strong>3. Control por voz<\/strong>:Integre perfectamente con Google Home y Amazon Alexa para ejecutar comandos de voz sin esfuerzo. Simplemente hable y su asistente inteligente se encargar\u00e1 del resto, ofreciendo un toque de comodidad a su rutina diaria.<\/p>\n<p style=\"text-align: left;\"><strong>4. Apertura\/Cierre programado<\/strong>: Establezca un horario o utilice la pr\u00e1ctica funci\u00f3n de cuenta regresiva para abrir o cerrar la puerta de su garaje autom\u00e1ticamente. Esta funci\u00f3n es perfecta para permitir que el personal de entrega coloque los paquetes de manera segura dentro de su garaje sin dejarlos desatendidos.<\/p>\n<p style=\"text-align: left;\"><strong>5. Compartir en familia<\/strong>: Comparta el acceso a la puerta del garaje con miembros de la familia mediante la funci\u00f3n \u201cCompartir dispositivo\u201d dentro de la aplicaci\u00f3n. Otorgue o revoque el acceso seg\u00fan sea necesario, para garantizar que todos los miembros de su familia puedan controlar f\u00e1cilmente la puerta del garaje.<\/p>\n<h3 style=\"font-size: 25px; text-align: left;\">Alambrado<\/h3>\n<h3 style=\"font-size: 25px; text-align: left;\"><img loading=\"lazy\" decoding=\"async\" class=\"aligncenter size-large wp-image-3459\" src=\"https:\/\/slsele.com\/wp-content\/uploads\/2024\/08\/ZGD01-wiring-2-1024x990.webp\" alt=\"Diagrama de cableado para un abridor de puerta de garaje.\" width=\"1024\" height=\"990\" srcset=\"https:\/\/www.slsele.com\/wp-content\/uploads\/2024\/08\/ZGD01-wiring-2-1024x990.webp 1024w, https:\/\/www.slsele.com\/wp-content\/uploads\/2024\/08\/ZGD01-wiring-2-300x290.webp 300w, https:\/\/www.slsele.com\/wp-content\/uploads\/2024\/08\/ZGD01-wiring-2-768x742.webp 768w, https:\/\/www.slsele.com\/wp-content\/uploads\/2024\/08\/ZGD01-wiring-2-12x12.webp 12w, https:\/\/www.slsele.com\/wp-content\/uploads\/2024\/08\/ZGD01-wiring-2-700x677.webp 700w, https:\/\/www.slsele.com\/wp-content\/uploads\/2024\/08\/ZGD01-wiring-2-600x580.webp 600w, https:\/\/www.slsele.com\/wp-content\/uploads\/2024\/08\/ZGD01-wiring-2.webp 1075w\" sizes=\"auto, (max-width: 1024px) 100vw, 1024px\" \/><img loading=\"lazy\" decoding=\"async\" class=\"aligncenter size-full wp-image-3454\" src=\"https:\/\/slsele.com\/wp-content\/uploads\/2024\/08\/ZGD01-wiring.webp\" alt=\"Diagrama de cableado del m\u00f3dulo de apertura de puerta de garaje\" width=\"800\" height=\"800\" srcset=\"https:\/\/www.slsele.com\/wp-content\/uploads\/2024\/08\/ZGD01-wiring.webp 800w, https:\/\/www.slsele.com\/wp-content\/uploads\/2024\/08\/ZGD01-wiring-300x300.webp 300w, https:\/\/www.slsele.com\/wp-content\/uploads\/2024\/08\/ZGD01-wiring-150x150.webp 150w, https:\/\/www.slsele.com\/wp-content\/uploads\/2024\/08\/ZGD01-wiring-768x768.webp 768w, https:\/\/www.slsele.com\/wp-content\/uploads\/2024\/08\/ZGD01-wiring-12x12.webp 12w, https:\/\/www.slsele.com\/wp-content\/uploads\/2024\/08\/ZGD01-wiring-570x570.webp 570w, https:\/\/www.slsele.com\/wp-content\/uploads\/2024\/08\/ZGD01-wiring-500x500.webp 500w, https:\/\/www.slsele.com\/wp-content\/uploads\/2024\/08\/ZGD01-wiring-700x700.webp 700w, https:\/\/www.slsele.com\/wp-content\/uploads\/2024\/08\/ZGD01-wiring-600x600.webp 600w, https:\/\/www.slsele.com\/wp-content\/uploads\/2024\/08\/ZGD01-wiring-100x100.webp 100w, https:\/\/www.slsele.com\/wp-content\/uploads\/2024\/08\/ZGD01-wiring-50x50.webp 50w\" sizes=\"auto, (max-width: 800px) 100vw, 800px\" \/>Especificaciones<\/h3>\n<p style=\"text-align: left;\">Tipo de art\u00edculo: M\u00f3dulo de apertura de puerta de garaje Zigbee<br \/>\nProtocolo: tuya zigbee 3.0<br \/>\nVoltaje: 100-250 V CA, 50\/60 Hz<br \/>\nAPLICACI\u00d3N: Tuya Smart Life<br \/>\nTama\u00f1o: 46*46*18 mm<br \/>\nMaterial pl\u00e1stico: ABS ign\u00edfugo.<br \/>\nLongitud del cable: 5 metros<br \/>\nEquipo de conexi\u00f3n: Motor de freno oscilante y freno deslizante<br \/>\nSistema operativo: Para iOS, para Android<\/p>\n<h3 style=\"font-size: 25px; text-align: left;\"><img loading=\"lazy\" decoding=\"async\" class=\"aligncenter size-full wp-image-3452\" src=\"https:\/\/slsele.com\/wp-content\/uploads\/2024\/08\/ZGD01-size.webp\" alt=\"El m\u00f3dulo de apertura de puerta de garaje tiene un tama\u00f1o mini.\" width=\"800\" height=\"800\" srcset=\"https:\/\/www.slsele.com\/wp-content\/uploads\/2024\/08\/ZGD01-size.webp 800w, https:\/\/www.slsele.com\/wp-content\/uploads\/2024\/08\/ZGD01-size-300x300.webp 300w, https:\/\/www.slsele.com\/wp-content\/uploads\/2024\/08\/ZGD01-size-150x150.webp 150w, https:\/\/www.slsele.com\/wp-content\/uploads\/2024\/08\/ZGD01-size-768x768.webp 768w, https:\/\/www.slsele.com\/wp-content\/uploads\/2024\/08\/ZGD01-size-12x12.webp 12w, https:\/\/www.slsele.com\/wp-content\/uploads\/2024\/08\/ZGD01-size-570x570.webp 570w, https:\/\/www.slsele.com\/wp-content\/uploads\/2024\/08\/ZGD01-size-500x500.webp 500w, https:\/\/www.slsele.com\/wp-content\/uploads\/2024\/08\/ZGD01-size-700x700.webp 700w, https:\/\/www.slsele.com\/wp-content\/uploads\/2024\/08\/ZGD01-size-600x600.webp 600w, https:\/\/www.slsele.com\/wp-content\/uploads\/2024\/08\/ZGD01-size-100x100.webp 100w, https:\/\/www.slsele.com\/wp-content\/uploads\/2024\/08\/ZGD01-size-50x50.webp 50w\" sizes=\"auto, (max-width: 800px) 100vw, 800px\" \/>Lista de paquetes<\/h3>\n<p style=\"text-align: left;\">Accesorios incluidos: Viene con un cable de alimentaci\u00f3n, un cable de sensor, un soporte y un paquete de sujetadores para una f\u00e1cil instalaci\u00f3n y operaci\u00f3n.<br \/>\n1 x M\u00f3dulo de apertura de puerta de garaje<br \/>\n1 x cable de alimentaci\u00f3n<br \/>\n1 x cable de sensor<br \/>\n1 x accesorio de sensor<br \/>\n1 x cinta de doble cara<br \/>\n1 paquete de accesorios<br \/>\n1 x alambre<br \/>\n1 x soporte de esquina de hierro<br \/>\n1 paquete de tornillos<br \/>\n1 x Manual de usuario<\/p>\n<h3 style=\"text-align: left;\"><img loading=\"lazy\" decoding=\"async\" class=\"aligncenter size-full wp-image-3455\" src=\"https:\/\/slsele.com\/wp-content\/uploads\/2024\/08\/ZGD01package-list.webp\" alt=\"Lista de paquetes del m\u00f3dulo de apertura de puerta de garaje\" width=\"800\" height=\"800\" srcset=\"https:\/\/www.slsele.com\/wp-content\/uploads\/2024\/08\/ZGD01package-list.webp 800w, https:\/\/www.slsele.com\/wp-content\/uploads\/2024\/08\/ZGD01package-list-300x300.webp 300w, https:\/\/www.slsele.com\/wp-content\/uploads\/2024\/08\/ZGD01package-list-150x150.webp 150w, https:\/\/www.slsele.com\/wp-content\/uploads\/2024\/08\/ZGD01package-list-768x768.webp 768w, https:\/\/www.slsele.com\/wp-content\/uploads\/2024\/08\/ZGD01package-list-12x12.webp 12w, https:\/\/www.slsele.com\/wp-content\/uploads\/2024\/08\/ZGD01package-list-570x570.webp 570w, https:\/\/www.slsele.com\/wp-content\/uploads\/2024\/08\/ZGD01package-list-500x500.webp 500w, https:\/\/www.slsele.com\/wp-content\/uploads\/2024\/08\/ZGD01package-list-700x700.webp 700w, https:\/\/www.slsele.com\/wp-content\/uploads\/2024\/08\/ZGD01package-list-600x600.webp 600w, https:\/\/www.slsele.com\/wp-content\/uploads\/2024\/08\/ZGD01package-list-100x100.webp 100w, https:\/\/www.slsele.com\/wp-content\/uploads\/2024\/08\/ZGD01package-list-50x50.webp 50w\" sizes=\"auto, (max-width: 800px) 100vw, 800px\" \/>Nota<\/h3>\n<p style=\"text-align: left;\">1. Este dispositivo exclusivo para Zigbee no funcionar\u00e1 con controles remotos RF 433Mhz o RF 868Mhz.<br \/>\n2. El m\u00f3dulo de apertura de puerta de garaje Zigbee requiere una puerta de enlace Zigbee para su uso<br \/>\n3. Verifique si el controlador de su puerta de garaje es compatible con nuestro m\u00f3dulo. Puede consultar el diagrama para tocar los terminales del bot\u00f3n &quot;Bot\u00f3n de pared&quot; con unos alicates. Si la puerta de garaje se abre o se cierra, se puede utilizar con nuestro controlador inteligente.<\/p>\n<p><img loading=\"lazy\" decoding=\"async\" class=\"aligncenter size-large wp-image-3450\" src=\"https:\/\/slsele.com\/wp-content\/uploads\/2024\/08\/ZGD01-Note-1024x422.webp\" alt=\"M\u00f3dulo de apertura de puerta de garaje con cables y bot\u00f3n de pared\" width=\"1024\" height=\"422\" srcset=\"https:\/\/www.slsele.com\/wp-content\/uploads\/2024\/08\/ZGD01-Note-1024x422.webp 1024w, https:\/\/www.slsele.com\/wp-content\/uploads\/2024\/08\/ZGD01-Note-300x124.webp 300w, https:\/\/www.slsele.com\/wp-content\/uploads\/2024\/08\/ZGD01-Note-768x316.webp 768w, https:\/\/www.slsele.com\/wp-content\/uploads\/2024\/08\/ZGD01-Note-18x7.webp 18w, https:\/\/www.slsele.com\/wp-content\/uploads\/2024\/08\/ZGD01-Note-700x288.webp 700w, https:\/\/www.slsele.com\/wp-content\/uploads\/2024\/08\/ZGD01-Note-600x247.webp 600w, https:\/\/www.slsele.com\/wp-content\/uploads\/2024\/08\/ZGD01-Note.webp 1223w\" sizes=\"auto, (max-width: 1024px) 100vw, 1024px\" \/><\/p>\n<p><img loading=\"lazy\" decoding=\"async\" class=\"aligncenter size-full wp-image-3453\" src=\"https:\/\/slsele.com\/wp-content\/uploads\/2024\/08\/ZGD01-test-the-app.webp\" alt=\"Conecte el cable del sensor al m\u00f3dulo de apertura de la puerta del garaje para comprobar si funciona\" width=\"800\" height=\"800\" srcset=\"https:\/\/www.slsele.com\/wp-content\/uploads\/2024\/08\/ZGD01-test-the-app.webp 800w, https:\/\/www.slsele.com\/wp-content\/uploads\/2024\/08\/ZGD01-test-the-app-300x300.webp 300w, https:\/\/www.slsele.com\/wp-content\/uploads\/2024\/08\/ZGD01-test-the-app-150x150.webp 150w, https:\/\/www.slsele.com\/wp-content\/uploads\/2024\/08\/ZGD01-test-the-app-768x768.webp 768w, https:\/\/www.slsele.com\/wp-content\/uploads\/2024\/08\/ZGD01-test-the-app-12x12.webp 12w, https:\/\/www.slsele.com\/wp-content\/uploads\/2024\/08\/ZGD01-test-the-app-570x570.webp 570w, https:\/\/www.slsele.com\/wp-content\/uploads\/2024\/08\/ZGD01-test-the-app-500x500.webp 500w, https:\/\/www.slsele.com\/wp-content\/uploads\/2024\/08\/ZGD01-test-the-app-700x700.webp 700w, https:\/\/www.slsele.com\/wp-content\/uploads\/2024\/08\/ZGD01-test-the-app-600x600.webp 600w, https:\/\/www.slsele.com\/wp-content\/uploads\/2024\/08\/ZGD01-test-the-app-100x100.webp 100w, https:\/\/www.slsele.com\/wp-content\/uploads\/2024\/08\/ZGD01-test-the-app-50x50.webp 50w\" sizes=\"auto, (max-width: 800px) 100vw, 800px\" \/><\/p>","protected":false},"excerpt":{"rendered":"<p>Actualice su puerta de garaje con el m\u00f3dulo de apertura de puertas de garaje Zigbee y disfrute de la tranquilidad que le ofrece la tecnolog\u00eda de automatizaci\u00f3n del hogar. Olv\u00eddese de preocuparse por si dej\u00f3 la puerta del garaje abierta. Con nuestro m\u00f3dulo, tendr\u00e1 control total sobre su puerta de garaje desde su tel\u00e9fono inteligente.<\/p>","protected":false},"featured_media":3463,"comment_status":"open","ping_status":"closed","template":"","meta":[],"product_brand":[],"product_cat":[15],"product_tag":[],"class_list":{"0":"post-3458","1":"product","2":"type-product","3":"status-publish","4":"has-post-thumbnail","6":"product_cat-smart-switch","8":"first","9":"instock","10":"shipping-taxable","11":"purchasable","12":"product-type-simple"},"_links":{"self":[{"href":"https:\/\/www.slsele.com\/es\/wp-json\/wp\/v2\/product\/3458","targetHints":{"allow":["GET"]}}],"collection":[{"href":"https:\/\/www.slsele.com\/es\/wp-json\/wp\/v2\/product"}],"about":[{"href":"https:\/\/www.slsele.com\/es\/wp-json\/wp\/v2\/types\/product"}],"replies":[{"embeddable":true,"href":"https:\/\/www.slsele.com\/es\/wp-json\/wp\/v2\/comments?post=3458"}],"wp:featuredmedia":[{"embeddable":true,"href":"https:\/\/www.slsele.com\/es\/wp-json\/wp\/v2\/media\/3463"}],"wp:attachment":[{"href":"https:\/\/www.slsele.com\/es\/wp-json\/wp\/v2\/media?parent=3458"}],"wp:term":[{"taxonomy":"product_brand","embeddable":true,"href":"https:\/\/www.slsele.com\/es\/wp-json\/wp\/v2\/product_brand?post=3458"},{"taxonomy":"product_cat","embeddable":true,"href":"https:\/\/www.slsele.com\/es\/wp-json\/wp\/v2\/product_cat?post=3458"},{"taxonomy":"product_tag","embeddable":true,"href":"https:\/\/www.slsele.com\/es\/wp-json\/wp\/v2\/product_tag?post=3458"}],"curies":[{"name":"wp","href":"https:\/\/api.w.org\/{rel}","templated":true}]}}