{"id":3420,"date":"2024-08-08T17:36:51","date_gmt":"2024-08-08T09:36:51","guid":{"rendered":"https:\/\/slsele.com\/?post_type=product&#038;p=3420"},"modified":"2024-08-09T10:08:13","modified_gmt":"2024-08-09T02:08:13","slug":"sls-smart-battery-camera","status":"publish","type":"product","link":"https:\/\/www.slsele.com\/es\/producto\/sls-smart-battery-camera\/","title":{"rendered":"C\u00e1mara con bater\u00eda inteligente SLS"},"content":{"rendered":"<h2 style=\"text-align: center; font-size: 30px;\">C\u00e1mara de bater\u00eda inteligente SLS con panel solar<\/h2>\n<h3 style=\"font-size: 25px; text-align: left;\">Descripci\u00f3n:<\/h3>\n<p style=\"text-align: left;\">La c\u00e1mara inteligente con bater\u00eda SLS ofrece seguridad integral para el hogar con sus funciones avanzadas. Esta c\u00e1mara ofrece una calidad de video n\u00edtida de 1080P durante el d\u00eda y la noche, y utiliza visi\u00f3n nocturna a todo color para garantizar que no se pierda ning\u00fan detalle, incluso en condiciones de poca luz. La c\u00e1mara incluye una linterna y una sirena integradas, que se activan autom\u00e1ticamente al detectar movimiento o manualmente a trav\u00e9s de su tel\u00e9fono inteligente para disuadir a los intrusos e iluminar las \u00e1reas oscuras.<\/p>\n<p>&nbsp;<\/p>\n<p style=\"text-align: left;\">Las notificaciones en tiempo real te avisan instant\u00e1neamente en tu tel\u00e9fono inteligente <a href=\"https:\/\/homelinkd.com\/blog\/protect-your-home-with-vivint-ping-camera-heres-how\" target=\"_blank\" rel=\"noopener\">Siempre que se detecte movimiento, lo que le permitir\u00e1 responder r\u00e1pidamente<\/a>La funci\u00f3n de audio bidireccional permite comunicarse claramente con visitantes, familiares o personal de entrega.<\/p>\n<p>&nbsp;<\/p>\n<p style=\"text-align: left;\">La c\u00e1mara con bater\u00eda inteligente 100% es inal\u00e1mbrica y est\u00e1 dise\u00f1ada para una instalaci\u00f3n sencilla. Funciona con una bater\u00eda recargable de 5200 mAh que dura hasta 6 meses con una sola carga despu\u00e9s de 10 horas. <a href=\"https:\/\/www.benuaherbal.com\/planters-with-herbs-freshen-up-your-space-with-natural-flavors\/\" target=\"_blank\" rel=\"noopener\">Puede colocarlo f\u00e1cilmente en interiores o exteriores sin cableado el\u00e9ctrico.<\/a>.<\/p>\n<p>&nbsp;<\/p>\n<p style=\"text-align: left;\">Con notificaciones inteligentes, los algoritmos de inteligencia artificial de la c\u00e1mara filtran los falsos positivos y te permiten personalizar las alertas para objetivos espec\u00edficos, como personas, mascotas, paquetes o veh\u00edculos. Tambi\u00e9n cuenta con detecci\u00f3n PIR para una detecci\u00f3n precisa de movimiento, es resistente al agua y al polvo con una clasificaci\u00f3n IP66 y ofrece una zona de actividad personalizable para centrarse en \u00e1reas cr\u00edticas. Adem\u00e1s, obtienes 7 d\u00edas de almacenamiento gratuito en la nube para acceder, ver y compartir tus grabaciones desde cualquier lugar.<\/p>\n<h3 style=\"font-size: 25px; text-align: left;\"><img loading=\"lazy\" decoding=\"async\" class=\"aligncenter size-full wp-image-3422\" src=\"https:\/\/slsele.com\/wp-content\/uploads\/2024\/08\/A66-camera-Detailed-picture-1.webp\" alt=\"Caracter\u00edsticas de la c\u00e1mara con bater\u00eda inteligente\" width=\"506\" height=\"505\" srcset=\"https:\/\/www.slsele.com\/wp-content\/uploads\/2024\/08\/A66-camera-Detailed-picture-1.webp 506w, https:\/\/www.slsele.com\/wp-content\/uploads\/2024\/08\/A66-camera-Detailed-picture-1-300x300.webp 300w, https:\/\/www.slsele.com\/wp-content\/uploads\/2024\/08\/A66-camera-Detailed-picture-1-150x150.webp 150w, https:\/\/www.slsele.com\/wp-content\/uploads\/2024\/08\/A66-camera-Detailed-picture-1-12x12.webp 12w, https:\/\/www.slsele.com\/wp-content\/uploads\/2024\/08\/A66-camera-Detailed-picture-1-500x500.webp 500w, https:\/\/www.slsele.com\/wp-content\/uploads\/2024\/08\/A66-camera-Detailed-picture-1-100x100.webp 100w, https:\/\/www.slsele.com\/wp-content\/uploads\/2024\/08\/A66-camera-Detailed-picture-1-50x50.webp 50w\" sizes=\"auto, (max-width: 506px) 100vw, 506px\" \/><img loading=\"lazy\" decoding=\"async\" class=\"aligncenter size-full wp-image-3410\" src=\"https:\/\/slsele.com\/wp-content\/uploads\/2024\/08\/A66-Camera-Detailed-picture-2.webp\" alt=\"La c\u00e1mara de bater\u00eda inteligente tiene doce configuraciones funcionales\" width=\"781\" height=\"782\" srcset=\"https:\/\/www.slsele.com\/wp-content\/uploads\/2024\/08\/A66-Camera-Detailed-picture-2.webp 781w, https:\/\/www.slsele.com\/wp-content\/uploads\/2024\/08\/A66-Camera-Detailed-picture-2-300x300.webp 300w, https:\/\/www.slsele.com\/wp-content\/uploads\/2024\/08\/A66-Camera-Detailed-picture-2-150x150.webp 150w, https:\/\/www.slsele.com\/wp-content\/uploads\/2024\/08\/A66-Camera-Detailed-picture-2-768x769.webp 768w, https:\/\/www.slsele.com\/wp-content\/uploads\/2024\/08\/A66-Camera-Detailed-picture-2-12x12.webp 12w, https:\/\/www.slsele.com\/wp-content\/uploads\/2024\/08\/A66-Camera-Detailed-picture-2-570x570.webp 570w, https:\/\/www.slsele.com\/wp-content\/uploads\/2024\/08\/A66-Camera-Detailed-picture-2-500x500.webp 500w, https:\/\/www.slsele.com\/wp-content\/uploads\/2024\/08\/A66-Camera-Detailed-picture-2-700x701.webp 700w, https:\/\/www.slsele.com\/wp-content\/uploads\/2024\/08\/A66-Camera-Detailed-picture-2-600x601.webp 600w, https:\/\/www.slsele.com\/wp-content\/uploads\/2024\/08\/A66-Camera-Detailed-picture-2-100x100.webp 100w, https:\/\/www.slsele.com\/wp-content\/uploads\/2024\/08\/A66-Camera-Detailed-picture-2-50x50.webp 50w\" sizes=\"auto, (max-width: 781px) 100vw, 781px\" \/><img loading=\"lazy\" decoding=\"async\" class=\"aligncenter size-full wp-image-3411\" src=\"https:\/\/slsele.com\/wp-content\/uploads\/2024\/08\/A66-camera-Detailed-picture-3.webp\" alt=\"La c\u00e1mara con bater\u00eda inteligente ofrece una resoluci\u00f3n de 1080P de d\u00eda y de noche\" width=\"781\" height=\"786\" srcset=\"https:\/\/www.slsele.com\/wp-content\/uploads\/2024\/08\/A66-camera-Detailed-picture-3.webp 781w, https:\/\/www.slsele.com\/wp-content\/uploads\/2024\/08\/A66-camera-Detailed-picture-3-298x300.webp 298w, https:\/\/www.slsele.com\/wp-content\/uploads\/2024\/08\/A66-camera-Detailed-picture-3-150x150.webp 150w, https:\/\/www.slsele.com\/wp-content\/uploads\/2024\/08\/A66-camera-Detailed-picture-3-768x773.webp 768w, https:\/\/www.slsele.com\/wp-content\/uploads\/2024\/08\/A66-camera-Detailed-picture-3-12x12.webp 12w, https:\/\/www.slsele.com\/wp-content\/uploads\/2024\/08\/A66-camera-Detailed-picture-3-700x704.webp 700w, https:\/\/www.slsele.com\/wp-content\/uploads\/2024\/08\/A66-camera-Detailed-picture-3-600x604.webp 600w, https:\/\/www.slsele.com\/wp-content\/uploads\/2024\/08\/A66-camera-Detailed-picture-3-100x100.webp 100w, https:\/\/www.slsele.com\/wp-content\/uploads\/2024\/08\/A66-camera-Detailed-picture-3-50x50.webp 50w\" sizes=\"auto, (max-width: 781px) 100vw, 781px\" \/><img loading=\"lazy\" decoding=\"async\" class=\"aligncenter size-full wp-image-3412\" src=\"https:\/\/slsele.com\/wp-content\/uploads\/2024\/08\/A66-camera-Detailed-picture-4.webp\" alt=\"C\u00e1mara de bater\u00eda inteligente para una casa segura sin puntos ciegos\" width=\"779\" height=\"777\" srcset=\"https:\/\/www.slsele.com\/wp-content\/uploads\/2024\/08\/A66-camera-Detailed-picture-4.webp 779w, https:\/\/www.slsele.com\/wp-content\/uploads\/2024\/08\/A66-camera-Detailed-picture-4-300x300.webp 300w, https:\/\/www.slsele.com\/wp-content\/uploads\/2024\/08\/A66-camera-Detailed-picture-4-150x150.webp 150w, https:\/\/www.slsele.com\/wp-content\/uploads\/2024\/08\/A66-camera-Detailed-picture-4-768x766.webp 768w, https:\/\/www.slsele.com\/wp-content\/uploads\/2024\/08\/A66-camera-Detailed-picture-4-12x12.webp 12w, https:\/\/www.slsele.com\/wp-content\/uploads\/2024\/08\/A66-camera-Detailed-picture-4-570x570.webp 570w, https:\/\/www.slsele.com\/wp-content\/uploads\/2024\/08\/A66-camera-Detailed-picture-4-500x500.webp 500w, https:\/\/www.slsele.com\/wp-content\/uploads\/2024\/08\/A66-camera-Detailed-picture-4-700x698.webp 700w, https:\/\/www.slsele.com\/wp-content\/uploads\/2024\/08\/A66-camera-Detailed-picture-4-600x598.webp 600w, https:\/\/www.slsele.com\/wp-content\/uploads\/2024\/08\/A66-camera-Detailed-picture-4-100x100.webp 100w, https:\/\/www.slsele.com\/wp-content\/uploads\/2024\/08\/A66-camera-Detailed-picture-4-50x50.webp 50w\" sizes=\"auto, (max-width: 779px) 100vw, 779px\" \/><img loading=\"lazy\" decoding=\"async\" class=\"aligncenter size-full wp-image-3413\" src=\"https:\/\/slsele.com\/wp-content\/uploads\/2024\/08\/A66-camera-Detailed-picture-5.webp\" alt=\"La c\u00e1mara con bater\u00eda inteligente cuenta con un intercomunicador de voz bidireccional\" width=\"788\" height=\"789\" srcset=\"https:\/\/www.slsele.com\/wp-content\/uploads\/2024\/08\/A66-camera-Detailed-picture-5.webp 788w, https:\/\/www.slsele.com\/wp-content\/uploads\/2024\/08\/A66-camera-Detailed-picture-5-300x300.webp 300w, https:\/\/www.slsele.com\/wp-content\/uploads\/2024\/08\/A66-camera-Detailed-picture-5-150x150.webp 150w, https:\/\/www.slsele.com\/wp-content\/uploads\/2024\/08\/A66-camera-Detailed-picture-5-768x769.webp 768w, https:\/\/www.slsele.com\/wp-content\/uploads\/2024\/08\/A66-camera-Detailed-picture-5-12x12.webp 12w, https:\/\/www.slsele.com\/wp-content\/uploads\/2024\/08\/A66-camera-Detailed-picture-5-570x570.webp 570w, https:\/\/www.slsele.com\/wp-content\/uploads\/2024\/08\/A66-camera-Detailed-picture-5-500x500.webp 500w, https:\/\/www.slsele.com\/wp-content\/uploads\/2024\/08\/A66-camera-Detailed-picture-5-700x701.webp 700w, https:\/\/www.slsele.com\/wp-content\/uploads\/2024\/08\/A66-camera-Detailed-picture-5-600x601.webp 600w, https:\/\/www.slsele.com\/wp-content\/uploads\/2024\/08\/A66-camera-Detailed-picture-5-100x100.webp 100w, https:\/\/www.slsele.com\/wp-content\/uploads\/2024\/08\/A66-camera-Detailed-picture-5-50x50.webp 50w\" sizes=\"auto, (max-width: 788px) 100vw, 788px\" \/><img loading=\"lazy\" decoding=\"async\" class=\"aligncenter size-full wp-image-3414\" src=\"https:\/\/slsele.com\/wp-content\/uploads\/2024\/08\/A66-camera-Detailed-picture-6.webp\" alt=\"La c\u00e1mara con bater\u00eda inteligente ofrece una instalaci\u00f3n eficiente\" width=\"766\" height=\"674\" srcset=\"https:\/\/www.slsele.com\/wp-content\/uploads\/2024\/08\/A66-camera-Detailed-picture-6.webp 766w, https:\/\/www.slsele.com\/wp-content\/uploads\/2024\/08\/A66-camera-Detailed-picture-6-300x264.webp 300w, https:\/\/www.slsele.com\/wp-content\/uploads\/2024\/08\/A66-camera-Detailed-picture-6-14x12.webp 14w, https:\/\/www.slsele.com\/wp-content\/uploads\/2024\/08\/A66-camera-Detailed-picture-6-700x616.webp 700w, https:\/\/www.slsele.com\/wp-content\/uploads\/2024\/08\/A66-camera-Detailed-picture-6-600x528.webp 600w\" sizes=\"auto, (max-width: 766px) 100vw, 766px\" \/><img loading=\"lazy\" decoding=\"async\" class=\"aligncenter size-full wp-image-3415\" src=\"https:\/\/slsele.com\/wp-content\/uploads\/2024\/08\/A66-camera-Detailed-picture-7.webp\" alt=\"La c\u00e1mara con bater\u00eda inteligente proporciona notificaciones inteligentes\" width=\"782\" height=\"639\" srcset=\"https:\/\/www.slsele.com\/wp-content\/uploads\/2024\/08\/A66-camera-Detailed-picture-7.webp 782w, https:\/\/www.slsele.com\/wp-content\/uploads\/2024\/08\/A66-camera-Detailed-picture-7-300x245.webp 300w, https:\/\/www.slsele.com\/wp-content\/uploads\/2024\/08\/A66-camera-Detailed-picture-7-768x628.webp 768w, https:\/\/www.slsele.com\/wp-content\/uploads\/2024\/08\/A66-camera-Detailed-picture-7-15x12.webp 15w, https:\/\/www.slsele.com\/wp-content\/uploads\/2024\/08\/A66-camera-Detailed-picture-7-700x572.webp 700w, https:\/\/www.slsele.com\/wp-content\/uploads\/2024\/08\/A66-camera-Detailed-picture-7-600x490.webp 600w\" sizes=\"auto, (max-width: 782px) 100vw, 782px\" \/><img loading=\"lazy\" decoding=\"async\" class=\"aligncenter size-full wp-image-3416\" src=\"https:\/\/slsele.com\/wp-content\/uploads\/2024\/08\/A66-camera-Detailed-picture-8.webp\" alt=\"La c\u00e1mara con bater\u00eda inteligente tiene una bater\u00eda de larga duraci\u00f3n\" width=\"780\" height=\"497\" srcset=\"https:\/\/www.slsele.com\/wp-content\/uploads\/2024\/08\/A66-camera-Detailed-picture-8.webp 780w, https:\/\/www.slsele.com\/wp-content\/uploads\/2024\/08\/A66-camera-Detailed-picture-8-300x191.webp 300w, https:\/\/www.slsele.com\/wp-content\/uploads\/2024\/08\/A66-camera-Detailed-picture-8-768x489.webp 768w, https:\/\/www.slsele.com\/wp-content\/uploads\/2024\/08\/A66-camera-Detailed-picture-8-18x12.webp 18w, https:\/\/www.slsele.com\/wp-content\/uploads\/2024\/08\/A66-camera-Detailed-picture-8-700x446.webp 700w, https:\/\/www.slsele.com\/wp-content\/uploads\/2024\/08\/A66-camera-Detailed-picture-8-600x382.webp 600w\" sizes=\"auto, (max-width: 780px) 100vw, 780px\" \/>Caracter\u00edsticas:<\/h3>\n<ul>\n<li style=\"text-align: left;\"><strong>1080P D\u00eda y noche<\/strong>:Video a todo color incluso de noche.<\/li>\n<li style=\"text-align: left;\"><strong>Asegure su hogar<\/strong>:Alarma de linterna y alerta de sirena (autom\u00e1tica\/manual).<\/li>\n<li style=\"text-align: left;\"><strong>Intercomunicador bidireccional<\/strong>:Comunicaci\u00f3n en tiempo real en cualquier momento y en cualquier lugar.<\/li>\n<li style=\"text-align: left;\"><strong>Dise\u00f1o inal\u00e1mbrico 100%<\/strong>:F\u00e1cil instalaci\u00f3n, no necesita cableado el\u00e9ctrico.<\/li>\n<li style=\"text-align: left;\"><strong>Bater\u00eda de larga duraci\u00f3n<\/strong>:Bater\u00eda incorporada de 5200 mAh, hasta 6 meses con una sola carga.<\/li>\n<li style=\"text-align: left;\"><strong>Notificaciones inteligentes<\/strong>:Alertas espec\u00edficas para humanos, mascotas, paquetes y veh\u00edculos.<\/li>\n<li style=\"text-align: left;\"><strong>Detecci\u00f3n PIR<\/strong>:Detecci\u00f3n de movimiento precisa.<\/li>\n<li style=\"text-align: left;\"><strong>Resistente al agua y al polvo<\/strong>:Clasificaci\u00f3n IP66 para uso en exteriores.<\/li>\n<li style=\"text-align: left;\"><strong>Zona de actividad<\/strong>:\u00c1reas de alerta personalizables.<\/li>\n<li style=\"text-align: left;\"><strong>Visi\u00f3n nocturna por infrarrojos<\/strong>:Visibilidad clara en la oscuridad.<\/li>\n<li style=\"text-align: left;\"><strong>Bater\u00eda recargable<\/strong>:C\u00f3modo y sin necesidad de mantenimiento.<\/li>\n<li style=\"text-align: left;\"><strong>Monitoreo telef\u00f3nico<\/strong>:Acceso remoto a trav\u00e9s de aplicaci\u00f3n para tel\u00e9fono inteligente.<\/li>\n<li style=\"text-align: left;\"><strong>Almacenamiento en la nube gratuito durante 7 d\u00edas<\/strong>:Almacenamiento de v\u00eddeo seguro y accesible desde cualquier lugar<\/li>\n<\/ul>\n<h3 style=\"font-size: 25px; text-align: left;\">Especificaciones:<\/h3>\n<p style=\"text-align: left;\">Nombre del producto: C\u00e1mara de bater\u00eda inteligente SLS<br \/>\nResoluci\u00f3n: 1920*1080<br \/>\nLente: 110 grados<br \/>\nFuente de alimentaci\u00f3n: CC 5 V 1 A<br \/>\nCaracter\u00edstica: Versi\u00f3n de color nocturno<br \/>\nSensor de imagen: CMOS<br \/>\nColor: blanco+negro<br \/>\nResistente al agua: sensor CMOS en color de 1\/2,9\u2033<br \/>\nAplicaci\u00f3n: exterior, interior.<\/p>\n<h3 style=\"font-size: 25px; text-align: left;\">Lista de paquetes:<\/h3>\n<p style=\"text-align: left;\">1*C\u00e1mara con bater\u00eda inteligente<br \/>\n1*Soporte<br \/>\n1 * Manual de usuario<br \/>\n1*cable de alimentaci\u00f3n USB<br \/>\n1*Bolsa para tornillos de montaje<\/p>\n<p><img loading=\"lazy\" decoding=\"async\" class=\"aligncenter size-large wp-image-3417\" src=\"https:\/\/slsele.com\/wp-content\/uploads\/2024\/08\/A66-camera-package-list-1-1024x977.webp\" alt=\"Lista de paquetes para la c\u00e1mara con bater\u00eda inteligente\" width=\"1024\" height=\"977\" srcset=\"https:\/\/www.slsele.com\/wp-content\/uploads\/2024\/08\/A66-camera-package-list-1-1024x977.webp 1024w, https:\/\/www.slsele.com\/wp-content\/uploads\/2024\/08\/A66-camera-package-list-1-300x286.webp 300w, https:\/\/www.slsele.com\/wp-content\/uploads\/2024\/08\/A66-camera-package-list-1-768x733.webp 768w, https:\/\/www.slsele.com\/wp-content\/uploads\/2024\/08\/A66-camera-package-list-1-13x12.webp 13w, https:\/\/www.slsele.com\/wp-content\/uploads\/2024\/08\/A66-camera-package-list-1-700x668.webp 700w, https:\/\/www.slsele.com\/wp-content\/uploads\/2024\/08\/A66-camera-package-list-1-600x573.webp 600w, https:\/\/www.slsele.com\/wp-content\/uploads\/2024\/08\/A66-camera-package-list-1.webp 1405w\" sizes=\"auto, (max-width: 1024px) 100vw, 1024px\" \/><img loading=\"lazy\" decoding=\"async\" class=\"aligncenter size-full wp-image-3418\" src=\"https:\/\/slsele.com\/wp-content\/uploads\/2024\/08\/A66-camera-package-list-2.webp\" alt=\"La estructura de la c\u00e1mara con bater\u00eda inteligente\" width=\"818\" height=\"479\" srcset=\"https:\/\/www.slsele.com\/wp-content\/uploads\/2024\/08\/A66-camera-package-list-2.webp 818w, https:\/\/www.slsele.com\/wp-content\/uploads\/2024\/08\/A66-camera-package-list-2-300x176.webp 300w, https:\/\/www.slsele.com\/wp-content\/uploads\/2024\/08\/A66-camera-package-list-2-768x450.webp 768w, https:\/\/www.slsele.com\/wp-content\/uploads\/2024\/08\/A66-camera-package-list-2-18x12.webp 18w, https:\/\/www.slsele.com\/wp-content\/uploads\/2024\/08\/A66-camera-package-list-2-700x410.webp 700w, https:\/\/www.slsele.com\/wp-content\/uploads\/2024\/08\/A66-camera-package-list-2-600x351.webp 600w\" sizes=\"auto, (max-width: 818px) 100vw, 818px\" \/><\/p>","protected":false},"excerpt":{"rendered":"<p>C\u00e1mara inteligente con bater\u00eda SLS, con calidad de video Full HD de 1080P y visi\u00f3n nocturna a todo color. Protege tu hogar con alertas de linterna y sirena, intercomunicador bidireccional y notificaciones inteligentes personalizables. Su dise\u00f1o inal\u00e1mbrico 100% y su bater\u00eda de larga duraci\u00f3n (hasta 6 meses) hacen que la instalaci\u00f3n sea r\u00e1pida y sin complicaciones. Con clasificaci\u00f3n IP66 de resistencia a la intemperie, la c\u00e1mara incluye alertas impulsadas por IA y 7 d\u00edas de almacenamiento gratuito en la nube.<\/p>","protected":false},"featured_media":3419,"comment_status":"open","ping_status":"closed","template":"","meta":[],"product_brand":[],"product_cat":[59],"product_tag":[],"class_list":{"0":"post-3420","1":"product","2":"type-product","3":"status-publish","4":"has-post-thumbnail","6":"product_cat-other-smart-devices","8":"first","9":"instock","10":"shipping-taxable","11":"purchasable","12":"product-type-simple"},"_links":{"self":[{"href":"https:\/\/www.slsele.com\/es\/wp-json\/wp\/v2\/product\/3420","targetHints":{"allow":["GET"]}}],"collection":[{"href":"https:\/\/www.slsele.com\/es\/wp-json\/wp\/v2\/product"}],"about":[{"href":"https:\/\/www.slsele.com\/es\/wp-json\/wp\/v2\/types\/product"}],"replies":[{"embeddable":true,"href":"https:\/\/www.slsele.com\/es\/wp-json\/wp\/v2\/comments?post=3420"}],"wp:featuredmedia":[{"embeddable":true,"href":"https:\/\/www.slsele.com\/es\/wp-json\/wp\/v2\/media\/3419"}],"wp:attachment":[{"href":"https:\/\/www.slsele.com\/es\/wp-json\/wp\/v2\/media?parent=3420"}],"wp:term":[{"taxonomy":"product_brand","embeddable":true,"href":"https:\/\/www.slsele.com\/es\/wp-json\/wp\/v2\/product_brand?post=3420"},{"taxonomy":"product_cat","embeddable":true,"href":"https:\/\/www.slsele.com\/es\/wp-json\/wp\/v2\/product_cat?post=3420"},{"taxonomy":"product_tag","embeddable":true,"href":"https:\/\/www.slsele.com\/es\/wp-json\/wp\/v2\/product_tag?post=3420"}],"curies":[{"name":"wp","href":"https:\/\/api.w.org\/{rel}","templated":true}]}}