{"id":3300,"date":"2024-08-06T15:09:01","date_gmt":"2024-08-06T07:09:01","guid":{"rendered":"https:\/\/slsele.com\/?post_type=product&#038;p=3300"},"modified":"2024-08-26T10:47:48","modified_gmt":"2024-08-26T02:47:48","slug":"smart-curtain-track-system","status":"publish","type":"product","link":"https:\/\/www.slsele.com\/es\/producto\/smart-curtain-track-system\/","title":{"rendered":"Sistema de riel de cortina inteligente SLS"},"content":{"rendered":"<h2 style=\"text-align: center; font-size: 30px;\">Sistema de riel de cortina inteligente SLS WiFi RF Control remoto<\/h2>\n<h3 style=\"font-size: 25px; text-align: left;\">Descripci\u00f3n:<\/h3>\n<p style=\"text-align: left;\">Este riel de cortina inteligente ofrece una soluci\u00f3n integral para el hogar inteligente, haciendo su vida m\u00e1s c\u00f3moda e inteligente. Comience con un riel de bricolaje de 1 metro que pueda unir libremente, agregando segmentos de 0,5 m, 0,2 m y 0,1 m para cumplir con sus requisitos de longitud espec\u00edficos. El paquete incluye un control remoto (bater\u00eda no incluida) y le permite establecer un horario de trabajo en su tel\u00e9fono inteligente, permitiendo autom\u00e1ticamente que la cortina suba y baje con rieles de cortina inteligentes ajustables.<\/p>\n<p>&nbsp;<\/p>\n<p style=\"text-align: left;\">El motor funciona con un m\u00f3dulo Tuya incorporado, que permite un control inteligente a trav\u00e9s de la aplicaci\u00f3n Smart Life y un f\u00e1cil control por voz a trav\u00e9s de Alexa y Google Home. Puede controlar de forma remota sus dispositivos conectados sin importar d\u00f3nde se encuentre, usando simples comandos de voz o configurando un temporizador para horas preestablecidas.<\/p>\n<p>&nbsp;<\/p>\n<p style=\"text-align: left;\">Con una frecuencia RF433 incorporada, el motor WiFi Tuya ofrece un m\u00e9todo de control adicional a trav\u00e9s de un control remoto RF port\u00e1til, eliminando la necesidad de un concentrador para uso regular. Tiene la opci\u00f3n de configuraciones deslizables hacia un lado o de doble apertura, lo que le permite instalar el motor en el lado derecho o izquierdo seg\u00fan sus preferencias.<\/p>\n<p>&nbsp;<\/p>\n<p style=\"text-align: left;\">El sistema presenta reacciones inteligentes a la resistencia y la autoprotecci\u00f3n, deteniendo autom\u00e1ticamente la cortina para proteger el sistema cuando encuentra obst\u00e1culos f\u00edsicos. Puede recordar una posici\u00f3n intermedia entre abierto y cerrado y reducir\u00e1 la velocidad al acercarse a la posici\u00f3n de parada para garantizar la protecci\u00f3n del sistema.<\/p>\n<p>&nbsp;<\/p>\n<p style=\"text-align: left;\">Adem\u00e1s, el riel de cortina inteligente admite el funcionamiento manual con movimiento t\u00e1ctil. Tire ligeramente de la cortina 10 cm en una direcci\u00f3n mientras el motor est\u00e1 energizado y se abrir\u00e1 o cerrar\u00e1 autom\u00e1ticamente. Emparejar el dispositivo es sencillo, con una configuraci\u00f3n de conexi\u00f3n WiFi y Bluetooth accesible.<\/p>\n<h3 style=\"font-size: 25px; text-align: left;\"><img loading=\"lazy\" decoding=\"async\" class=\"aligncenter size-full wp-image-3296\" src=\"https:\/\/slsele.com\/wp-content\/uploads\/2024\/08\/\u8be6\u60c5\u56fe1.webp\" alt=\"El riel de cortina inteligente admite control remoto m\u00f3vil y control por voz\" width=\"1001\" height=\"1001\" srcset=\"https:\/\/www.slsele.com\/wp-content\/uploads\/2024\/08\/\u8be6\u60c5\u56fe1.webp 1001w, https:\/\/www.slsele.com\/wp-content\/uploads\/2024\/08\/\u8be6\u60c5\u56fe1-300x300.webp 300w, https:\/\/www.slsele.com\/wp-content\/uploads\/2024\/08\/\u8be6\u60c5\u56fe1-150x150.webp 150w, https:\/\/www.slsele.com\/wp-content\/uploads\/2024\/08\/\u8be6\u60c5\u56fe1-768x768.webp 768w, https:\/\/www.slsele.com\/wp-content\/uploads\/2024\/08\/\u8be6\u60c5\u56fe1-12x12.webp 12w, https:\/\/www.slsele.com\/wp-content\/uploads\/2024\/08\/\u8be6\u60c5\u56fe1-570x570.webp 570w, https:\/\/www.slsele.com\/wp-content\/uploads\/2024\/08\/\u8be6\u60c5\u56fe1-500x500.webp 500w, https:\/\/www.slsele.com\/wp-content\/uploads\/2024\/08\/\u8be6\u60c5\u56fe1-700x700.webp 700w, https:\/\/www.slsele.com\/wp-content\/uploads\/2024\/08\/\u8be6\u60c5\u56fe1-600x600.webp 600w, https:\/\/www.slsele.com\/wp-content\/uploads\/2024\/08\/\u8be6\u60c5\u56fe1-100x100.webp 100w, https:\/\/www.slsele.com\/wp-content\/uploads\/2024\/08\/\u8be6\u60c5\u56fe1-50x50.webp 50w\" sizes=\"auto, (max-width: 1001px) 100vw, 1001px\" \/><img loading=\"lazy\" decoding=\"async\" class=\"aligncenter size-full wp-image-3297\" src=\"https:\/\/slsele.com\/wp-content\/uploads\/2024\/08\/\u8be6\u60c5\u56fe2.webp\" alt=\"Riel de cortina inteligente con instalaci\u00f3n sencilla\" width=\"1001\" height=\"1001\" srcset=\"https:\/\/www.slsele.com\/wp-content\/uploads\/2024\/08\/\u8be6\u60c5\u56fe2.webp 1001w, https:\/\/www.slsele.com\/wp-content\/uploads\/2024\/08\/\u8be6\u60c5\u56fe2-300x300.webp 300w, https:\/\/www.slsele.com\/wp-content\/uploads\/2024\/08\/\u8be6\u60c5\u56fe2-150x150.webp 150w, https:\/\/www.slsele.com\/wp-content\/uploads\/2024\/08\/\u8be6\u60c5\u56fe2-768x768.webp 768w, https:\/\/www.slsele.com\/wp-content\/uploads\/2024\/08\/\u8be6\u60c5\u56fe2-12x12.webp 12w, https:\/\/www.slsele.com\/wp-content\/uploads\/2024\/08\/\u8be6\u60c5\u56fe2-570x570.webp 570w, https:\/\/www.slsele.com\/wp-content\/uploads\/2024\/08\/\u8be6\u60c5\u56fe2-500x500.webp 500w, https:\/\/www.slsele.com\/wp-content\/uploads\/2024\/08\/\u8be6\u60c5\u56fe2-700x700.webp 700w, https:\/\/www.slsele.com\/wp-content\/uploads\/2024\/08\/\u8be6\u60c5\u56fe2-600x600.webp 600w, https:\/\/www.slsele.com\/wp-content\/uploads\/2024\/08\/\u8be6\u60c5\u56fe2-100x100.webp 100w, https:\/\/www.slsele.com\/wp-content\/uploads\/2024\/08\/\u8be6\u60c5\u56fe2-50x50.webp 50w\" sizes=\"auto, (max-width: 1001px) 100vw, 1001px\" \/><img loading=\"lazy\" decoding=\"async\" class=\"aligncenter size-full wp-image-3298\" src=\"https:\/\/slsele.com\/wp-content\/uploads\/2024\/08\/\u8be6\u60c5\u56fe3.webp\" alt=\"Riel de cortina inteligente Operaci\u00f3n manual con funci\u00f3n Touch Motion\" width=\"1001\" height=\"1001\" srcset=\"https:\/\/www.slsele.com\/wp-content\/uploads\/2024\/08\/\u8be6\u60c5\u56fe3.webp 1001w, https:\/\/www.slsele.com\/wp-content\/uploads\/2024\/08\/\u8be6\u60c5\u56fe3-300x300.webp 300w, https:\/\/www.slsele.com\/wp-content\/uploads\/2024\/08\/\u8be6\u60c5\u56fe3-150x150.webp 150w, https:\/\/www.slsele.com\/wp-content\/uploads\/2024\/08\/\u8be6\u60c5\u56fe3-768x768.webp 768w, https:\/\/www.slsele.com\/wp-content\/uploads\/2024\/08\/\u8be6\u60c5\u56fe3-12x12.webp 12w, https:\/\/www.slsele.com\/wp-content\/uploads\/2024\/08\/\u8be6\u60c5\u56fe3-570x570.webp 570w, https:\/\/www.slsele.com\/wp-content\/uploads\/2024\/08\/\u8be6\u60c5\u56fe3-500x500.webp 500w, https:\/\/www.slsele.com\/wp-content\/uploads\/2024\/08\/\u8be6\u60c5\u56fe3-700x700.webp 700w, https:\/\/www.slsele.com\/wp-content\/uploads\/2024\/08\/\u8be6\u60c5\u56fe3-600x600.webp 600w, https:\/\/www.slsele.com\/wp-content\/uploads\/2024\/08\/\u8be6\u60c5\u56fe3-100x100.webp 100w, https:\/\/www.slsele.com\/wp-content\/uploads\/2024\/08\/\u8be6\u60c5\u56fe3-50x50.webp 50w\" sizes=\"auto, (max-width: 1001px) 100vw, 1001px\" \/><img loading=\"lazy\" decoding=\"async\" class=\"aligncenter size-full wp-image-3299\" src=\"https:\/\/slsele.com\/wp-content\/uploads\/2024\/08\/\u8be6\u60c5\u56fe4.webp\" alt=\"Riel de cortina inteligente con empalme libre y ajustable.\" width=\"1001\" height=\"1001\" srcset=\"https:\/\/www.slsele.com\/wp-content\/uploads\/2024\/08\/\u8be6\u60c5\u56fe4.webp 1001w, https:\/\/www.slsele.com\/wp-content\/uploads\/2024\/08\/\u8be6\u60c5\u56fe4-300x300.webp 300w, https:\/\/www.slsele.com\/wp-content\/uploads\/2024\/08\/\u8be6\u60c5\u56fe4-150x150.webp 150w, https:\/\/www.slsele.com\/wp-content\/uploads\/2024\/08\/\u8be6\u60c5\u56fe4-768x768.webp 768w, https:\/\/www.slsele.com\/wp-content\/uploads\/2024\/08\/\u8be6\u60c5\u56fe4-12x12.webp 12w, https:\/\/www.slsele.com\/wp-content\/uploads\/2024\/08\/\u8be6\u60c5\u56fe4-570x570.webp 570w, https:\/\/www.slsele.com\/wp-content\/uploads\/2024\/08\/\u8be6\u60c5\u56fe4-500x500.webp 500w, https:\/\/www.slsele.com\/wp-content\/uploads\/2024\/08\/\u8be6\u60c5\u56fe4-700x700.webp 700w, https:\/\/www.slsele.com\/wp-content\/uploads\/2024\/08\/\u8be6\u60c5\u56fe4-600x600.webp 600w, https:\/\/www.slsele.com\/wp-content\/uploads\/2024\/08\/\u8be6\u60c5\u56fe4-100x100.webp 100w, https:\/\/www.slsele.com\/wp-content\/uploads\/2024\/08\/\u8be6\u60c5\u56fe4-50x50.webp 50w\" sizes=\"auto, (max-width: 1001px) 100vw, 1001px\" \/><img loading=\"lazy\" decoding=\"async\" class=\"aligncenter size-full wp-image-3301\" src=\"https:\/\/slsele.com\/wp-content\/uploads\/2024\/08\/\u8be6\u60c5\u56fe5.webp\" alt=\"Diagrama reservado del tama\u00f1o de la caja del riel de cortina inteligente y de los cables de alimentaci\u00f3n\" width=\"960\" height=\"998\" srcset=\"https:\/\/www.slsele.com\/wp-content\/uploads\/2024\/08\/\u8be6\u60c5\u56fe5.webp 960w, https:\/\/www.slsele.com\/wp-content\/uploads\/2024\/08\/\u8be6\u60c5\u56fe5-289x300.webp 289w, https:\/\/www.slsele.com\/wp-content\/uploads\/2024\/08\/\u8be6\u60c5\u56fe5-768x798.webp 768w, https:\/\/www.slsele.com\/wp-content\/uploads\/2024\/08\/\u8be6\u60c5\u56fe5-12x12.webp 12w, https:\/\/www.slsele.com\/wp-content\/uploads\/2024\/08\/\u8be6\u60c5\u56fe5-700x728.webp 700w, https:\/\/www.slsele.com\/wp-content\/uploads\/2024\/08\/\u8be6\u60c5\u56fe5-600x624.webp 600w\" sizes=\"auto, (max-width: 960px) 100vw, 960px\" \/><img loading=\"lazy\" decoding=\"async\" class=\"aligncenter size-large wp-image-3302\" src=\"https:\/\/slsele.com\/wp-content\/uploads\/2024\/08\/\u8be6\u60c5\u56fe6-746x1024.webp\" alt=\"m\u00e9todo de medici\u00f3n de riel de cortina inteligente\" width=\"746\" height=\"1024\" srcset=\"https:\/\/www.slsele.com\/wp-content\/uploads\/2024\/08\/\u8be6\u60c5\u56fe6-746x1024.webp 746w, https:\/\/www.slsele.com\/wp-content\/uploads\/2024\/08\/\u8be6\u60c5\u56fe6-219x300.webp 219w, https:\/\/www.slsele.com\/wp-content\/uploads\/2024\/08\/\u8be6\u60c5\u56fe6-768x1054.webp 768w, https:\/\/www.slsele.com\/wp-content\/uploads\/2024\/08\/\u8be6\u60c5\u56fe6-9x12.webp 9w, https:\/\/www.slsele.com\/wp-content\/uploads\/2024\/08\/\u8be6\u60c5\u56fe6-700x961.webp 700w, https:\/\/www.slsele.com\/wp-content\/uploads\/2024\/08\/\u8be6\u60c5\u56fe6-600x824.webp 600w, https:\/\/www.slsele.com\/wp-content\/uploads\/2024\/08\/\u8be6\u60c5\u56fe6.webp 960w\" sizes=\"auto, (max-width: 746px) 100vw, 746px\" \/><img loading=\"lazy\" decoding=\"async\" class=\"aligncenter size-full wp-image-3303\" src=\"https:\/\/slsele.com\/wp-content\/uploads\/2024\/08\/\u8be6\u60c5\u56fe7.webp\" alt=\"informaci\u00f3n de producto de riel de cortina inteligente\" width=\"1001\" height=\"1001\" srcset=\"https:\/\/www.slsele.com\/wp-content\/uploads\/2024\/08\/\u8be6\u60c5\u56fe7.webp 1001w, https:\/\/www.slsele.com\/wp-content\/uploads\/2024\/08\/\u8be6\u60c5\u56fe7-300x300.webp 300w, https:\/\/www.slsele.com\/wp-content\/uploads\/2024\/08\/\u8be6\u60c5\u56fe7-150x150.webp 150w, https:\/\/www.slsele.com\/wp-content\/uploads\/2024\/08\/\u8be6\u60c5\u56fe7-768x768.webp 768w, https:\/\/www.slsele.com\/wp-content\/uploads\/2024\/08\/\u8be6\u60c5\u56fe7-12x12.webp 12w, https:\/\/www.slsele.com\/wp-content\/uploads\/2024\/08\/\u8be6\u60c5\u56fe7-570x570.webp 570w, https:\/\/www.slsele.com\/wp-content\/uploads\/2024\/08\/\u8be6\u60c5\u56fe7-500x500.webp 500w, https:\/\/www.slsele.com\/wp-content\/uploads\/2024\/08\/\u8be6\u60c5\u56fe7-700x700.webp 700w, https:\/\/www.slsele.com\/wp-content\/uploads\/2024\/08\/\u8be6\u60c5\u56fe7-600x600.webp 600w, https:\/\/www.slsele.com\/wp-content\/uploads\/2024\/08\/\u8be6\u60c5\u56fe7-100x100.webp 100w, https:\/\/www.slsele.com\/wp-content\/uploads\/2024\/08\/\u8be6\u60c5\u56fe7-50x50.webp 50w\" sizes=\"auto, (max-width: 1001px) 100vw, 1001px\" \/><img loading=\"lazy\" decoding=\"async\" class=\"aligncenter size-full wp-image-3304\" src=\"https:\/\/slsele.com\/wp-content\/uploads\/2024\/08\/\u8be6\u60c5\u56fe8-dimension.webp\" alt=\"Dimensi\u00f3n y medici\u00f3n del riel de cortina inteligente.\" width=\"1001\" height=\"1001\" srcset=\"https:\/\/www.slsele.com\/wp-content\/uploads\/2024\/08\/\u8be6\u60c5\u56fe8-dimension.webp 1001w, https:\/\/www.slsele.com\/wp-content\/uploads\/2024\/08\/\u8be6\u60c5\u56fe8-dimension-300x300.webp 300w, https:\/\/www.slsele.com\/wp-content\/uploads\/2024\/08\/\u8be6\u60c5\u56fe8-dimension-150x150.webp 150w, https:\/\/www.slsele.com\/wp-content\/uploads\/2024\/08\/\u8be6\u60c5\u56fe8-dimension-768x768.webp 768w, https:\/\/www.slsele.com\/wp-content\/uploads\/2024\/08\/\u8be6\u60c5\u56fe8-dimension-12x12.webp 12w, https:\/\/www.slsele.com\/wp-content\/uploads\/2024\/08\/\u8be6\u60c5\u56fe8-dimension-570x570.webp 570w, https:\/\/www.slsele.com\/wp-content\/uploads\/2024\/08\/\u8be6\u60c5\u56fe8-dimension-500x500.webp 500w, https:\/\/www.slsele.com\/wp-content\/uploads\/2024\/08\/\u8be6\u60c5\u56fe8-dimension-700x700.webp 700w, https:\/\/www.slsele.com\/wp-content\/uploads\/2024\/08\/\u8be6\u60c5\u56fe8-dimension-600x600.webp 600w, https:\/\/www.slsele.com\/wp-content\/uploads\/2024\/08\/\u8be6\u60c5\u56fe8-dimension-100x100.webp 100w, https:\/\/www.slsele.com\/wp-content\/uploads\/2024\/08\/\u8be6\u60c5\u56fe8-dimension-50x50.webp 50w\" sizes=\"auto, (max-width: 1001px) 100vw, 1001px\" \/>Caracter\u00edsticas:<\/h3>\n<p style=\"text-align: left;\">1. <strong>Pistas de bricolaje con empalme disponibles<\/strong>: Comience con un riel de cortina inteligente de bricolaje de 1 metro para unir libremente, agregando 0,5 m1 + 0,2 m2 + 0,1 m*1 para satisfacer su demanda con cualquier longitud. Incluye un control remoto (bater\u00eda no incluida). Configure el horario de trabajo en su tel\u00e9fono inteligente para permitir que la cortina suba y baje autom\u00e1ticamente con rieles de cortina inteligentes ajustables.<\/p>\n<p style=\"text-align: left;\">2. <strong>M\u00f3dulo Tuya incorporado<\/strong>: El motor impulsado por un m\u00f3dulo Tuya incorporado permite un control inteligente a trav\u00e9s de la aplicaci\u00f3n Smart Life y un f\u00e1cil control por voz a trav\u00e9s de Alexa y Google Home. Controle de forma remota sus dispositivos conectados sin importar d\u00f3nde se encuentre; obtenga el control r\u00e1pidamente mediante simples comandos de voz. Incluso configure un temporizador para controlarlos a una hora preestablecida.<\/p>\n<p style=\"text-align: left;\">3. <strong>Frecuencia RF433 incorporada<\/strong>: El motor WiFi Tuya cuenta con una frecuencia RF433 incorporada, lo que proporciona otro m\u00e9todo de control a trav\u00e9s de un control remoto RF port\u00e1til sin necesidad de un concentrador para uso normal. Las opciones de apertura deslizante y doble apertura le permiten instalar el motor en el lado derecho o izquierdo seg\u00fan sus necesidades.<\/p>\n<p style=\"text-align: left;\">4. <strong>Parada en obst\u00e1culo y posici\u00f3n de parada memorizada<\/strong>: Reacciones inteligentes ante la resistencia y la autoprotecci\u00f3n. La cortina se detendr\u00e1 autom\u00e1ticamente para proteger el sistema contra bloqueos f\u00edsicos. Se puede recordar una posici\u00f3n intermedia entre las posiciones de cierre y apertura, y la cortina reducir\u00e1 la velocidad al acercarse a la posici\u00f3n de parada para proteger todo el sistema.<\/p>\n<p style=\"text-align: left;\">5. <strong>Operaci\u00f3n manual con movimiento t\u00e1ctil<\/strong>: Tire ligeramente de la cortina en una direcci\u00f3n 10 cm mientras el motor est\u00e1 energizado y el motor se abrir\u00e1 o cerrar\u00e1 autom\u00e1ticamente. El dispositivo tambi\u00e9n cuenta con un modo de emparejamiento mucho m\u00e1s sencillo para conectarlo con WiFi y Bluetooth.<\/p>\n<h3 style=\"font-size: 25px; text-align: left;\">Par\u00e1metro:<\/h3>\n<p style=\"text-align: left;\">Nombre del producto: Kit de riel de cortina inteligente ajustable con empalme motorizado DIY<\/p>\n<p style=\"text-align: left;\">Tipo: PYM21A<br \/>\nTensi\u00f3n nominal: AC100-240V 50\/60Hz<br \/>\nCorriente nominal: 0,3 A.<br \/>\nM\u00e1x. Carga: 50 KG<br \/>\nVelocidad del motor: 90 rpm<\/p>\n<h3 style=\"font-size: 25px; text-align: left;\"><img loading=\"lazy\" decoding=\"async\" class=\"aligncenter size-full wp-image-3305\" src=\"https:\/\/slsele.com\/wp-content\/uploads\/2024\/08\/\u8be6\u60c5\u56fe9Specifications.webp\" alt=\"Especificaciones del riel de cortina inteligente\" width=\"1001\" height=\"1001\" srcset=\"https:\/\/www.slsele.com\/wp-content\/uploads\/2024\/08\/\u8be6\u60c5\u56fe9Specifications.webp 1001w, https:\/\/www.slsele.com\/wp-content\/uploads\/2024\/08\/\u8be6\u60c5\u56fe9Specifications-300x300.webp 300w, https:\/\/www.slsele.com\/wp-content\/uploads\/2024\/08\/\u8be6\u60c5\u56fe9Specifications-150x150.webp 150w, https:\/\/www.slsele.com\/wp-content\/uploads\/2024\/08\/\u8be6\u60c5\u56fe9Specifications-768x768.webp 768w, https:\/\/www.slsele.com\/wp-content\/uploads\/2024\/08\/\u8be6\u60c5\u56fe9Specifications-12x12.webp 12w, https:\/\/www.slsele.com\/wp-content\/uploads\/2024\/08\/\u8be6\u60c5\u56fe9Specifications-570x570.webp 570w, https:\/\/www.slsele.com\/wp-content\/uploads\/2024\/08\/\u8be6\u60c5\u56fe9Specifications-500x500.webp 500w, https:\/\/www.slsele.com\/wp-content\/uploads\/2024\/08\/\u8be6\u60c5\u56fe9Specifications-700x700.webp 700w, https:\/\/www.slsele.com\/wp-content\/uploads\/2024\/08\/\u8be6\u60c5\u56fe9Specifications-600x600.webp 600w, https:\/\/www.slsele.com\/wp-content\/uploads\/2024\/08\/\u8be6\u60c5\u56fe9Specifications-100x100.webp 100w, https:\/\/www.slsele.com\/wp-content\/uploads\/2024\/08\/\u8be6\u60c5\u56fe9Specifications-50x50.webp 50w\" sizes=\"auto, (max-width: 1001px) 100vw, 1001px\" \/><\/h3>\n<h3 style=\"font-size: 25px; text-align: left;\">Lista de paquetes:<\/h3>\n<p style=\"text-align: left;\">1. Paquete con rieles de bricolaje de 1 metro: 1 psc 0,5 m + 2 psc 0,2 m + 1 psc 0,1 m rieles de cortina inteligentes.<br \/>\n2. Maestro (caja de cambios Suv) 2 uds.<br \/>\n3. Polea 2 uds.<br \/>\n4. Runner7 unidades\/bolsa (2,2 metros tienen 3 p\u00e1ginas, y agregar pistas de 1 metro equivale a agregar 1 bolsa).<br \/>\n5. Soporte de conexi\u00f3n de v\u00eda (1 unidad\/metro).<br \/>\n6. Soporte (soporte de instalaci\u00f3n en pared y soporte de instalaci\u00f3n en techo) y tornillos.<br \/>\n7. Cintur\u00f3n 1 rollo.<br \/>\n8. Enchufe estadounidense 1 Uds.<br \/>\n9. Control remoto manual RF433 1 unidad (la bater\u00eda no est\u00e1 incluida en el paquete)<br \/>\n10. Manual 2 piezas<\/p>\n<h3 style=\"font-size: 25px; text-align: left;\"><img loading=\"lazy\" decoding=\"async\" class=\"aligncenter size-full wp-image-3306\" src=\"https:\/\/slsele.com\/wp-content\/uploads\/2024\/08\/\u8be6\u60c5\u56fe10Package-list.webp\" alt=\"Lista de paquetes de rieles de cortinas inteligentes\" width=\"1001\" height=\"1001\" srcset=\"https:\/\/www.slsele.com\/wp-content\/uploads\/2024\/08\/\u8be6\u60c5\u56fe10Package-list.webp 1001w, https:\/\/www.slsele.com\/wp-content\/uploads\/2024\/08\/\u8be6\u60c5\u56fe10Package-list-300x300.webp 300w, https:\/\/www.slsele.com\/wp-content\/uploads\/2024\/08\/\u8be6\u60c5\u56fe10Package-list-150x150.webp 150w, https:\/\/www.slsele.com\/wp-content\/uploads\/2024\/08\/\u8be6\u60c5\u56fe10Package-list-768x768.webp 768w, https:\/\/www.slsele.com\/wp-content\/uploads\/2024\/08\/\u8be6\u60c5\u56fe10Package-list-12x12.webp 12w, https:\/\/www.slsele.com\/wp-content\/uploads\/2024\/08\/\u8be6\u60c5\u56fe10Package-list-570x570.webp 570w, https:\/\/www.slsele.com\/wp-content\/uploads\/2024\/08\/\u8be6\u60c5\u56fe10Package-list-500x500.webp 500w, https:\/\/www.slsele.com\/wp-content\/uploads\/2024\/08\/\u8be6\u60c5\u56fe10Package-list-700x700.webp 700w, https:\/\/www.slsele.com\/wp-content\/uploads\/2024\/08\/\u8be6\u60c5\u56fe10Package-list-600x600.webp 600w, https:\/\/www.slsele.com\/wp-content\/uploads\/2024\/08\/\u8be6\u60c5\u56fe10Package-list-100x100.webp 100w, https:\/\/www.slsele.com\/wp-content\/uploads\/2024\/08\/\u8be6\u60c5\u56fe10Package-list-50x50.webp 50w\" sizes=\"auto, (max-width: 1001px) 100vw, 1001px\" \/><\/h3>\n<h3 style=\"font-size: 25px; text-align: left;\"><strong>Pasos de instalaci\u00f3n del riel de cortina inteligente<\/strong>:<\/h3>\n<p style=\"text-align: left;\">1. Poner las v\u00edas y conexiones en el suelo.<br \/>\n2<br \/>\na. Empuje las pistas en las conexiones (use guantes para proteger sus dedos)<br \/>\nb. Apretar los tornillos en las conexiones.<br \/>\nNota: Puede ajustar la separaci\u00f3n de los dos rieles al apretar los tornillos. Sin brecha y sin disociaci\u00f3n.<br \/>\n3<br \/>\na. Mide el largo del cintur\u00f3n que necesitas y c\u00f3rtalo con unas tijeras.<br \/>\nb. Coloque el cintur\u00f3n en el riel de la cortina inteligente.<\/p>\n<h3 style=\"font-size: 25px; text-align: left;\"><strong><img loading=\"lazy\" decoding=\"async\" class=\"aligncenter size-full wp-image-3307\" src=\"https:\/\/slsele.com\/wp-content\/uploads\/2024\/08\/\u8be6\u60c5\u56fe11-track-installation-steps.webp\" alt=\"Pasos de instalaci\u00f3n de rieles de cortinas inteligentes.\" width=\"1001\" height=\"1001\" srcset=\"https:\/\/www.slsele.com\/wp-content\/uploads\/2024\/08\/\u8be6\u60c5\u56fe11-track-installation-steps.webp 1001w, https:\/\/www.slsele.com\/wp-content\/uploads\/2024\/08\/\u8be6\u60c5\u56fe11-track-installation-steps-300x300.webp 300w, https:\/\/www.slsele.com\/wp-content\/uploads\/2024\/08\/\u8be6\u60c5\u56fe11-track-installation-steps-150x150.webp 150w, https:\/\/www.slsele.com\/wp-content\/uploads\/2024\/08\/\u8be6\u60c5\u56fe11-track-installation-steps-768x768.webp 768w, https:\/\/www.slsele.com\/wp-content\/uploads\/2024\/08\/\u8be6\u60c5\u56fe11-track-installation-steps-12x12.webp 12w, https:\/\/www.slsele.com\/wp-content\/uploads\/2024\/08\/\u8be6\u60c5\u56fe11-track-installation-steps-570x570.webp 570w, https:\/\/www.slsele.com\/wp-content\/uploads\/2024\/08\/\u8be6\u60c5\u56fe11-track-installation-steps-500x500.webp 500w, https:\/\/www.slsele.com\/wp-content\/uploads\/2024\/08\/\u8be6\u60c5\u56fe11-track-installation-steps-700x700.webp 700w, https:\/\/www.slsele.com\/wp-content\/uploads\/2024\/08\/\u8be6\u60c5\u56fe11-track-installation-steps-600x600.webp 600w, https:\/\/www.slsele.com\/wp-content\/uploads\/2024\/08\/\u8be6\u60c5\u56fe11-track-installation-steps-100x100.webp 100w, https:\/\/www.slsele.com\/wp-content\/uploads\/2024\/08\/\u8be6\u60c5\u56fe11-track-installation-steps-50x50.webp 50w\" sizes=\"auto, (max-width: 1001px) 100vw, 1001px\" \/><\/strong><\/h3>\n<h3 style=\"font-size: 25px; text-align: left;\"><strong>Preguntas y respuestas<\/strong>:<\/h3>\n<p style=\"text-align: left;\">1. P: \u00bfPuedo instalar el riel para la pared?<\/p>\n<p style=\"text-align: left;\">R: Claro, el rastreador de montaje en techo y el soporte de montaje en pared se incluir\u00e1n en el paquete para que pueda instalarlos libremente.<\/p>\n<p style=\"text-align: left;\">2. P: \u00bfPuedo abrir la cortina desde el centro o de izquierda a derecha?<br \/>\nR: S\u00ed, te permite abrir cortinas de derecha a izquierda, de izquierda a derecha o de centro a ambos lados. Puedes instalarlos seg\u00fan necesites.<\/p>\n<p style=\"text-align: left;\">3. P: Necesito una v\u00eda doble; \u00bfQu\u00e9 tengo que hacer?<br \/>\nR: Deber\u00edas conseguir 2 juegos para hacer una pista doble. Sin embargo, d\u00e9jenos un mensaje si desea instalar un riel doble en la pared; necesita un soporte especial.<\/p>\n<p style=\"text-align: left;\">4. P: \u00bfFunciona con Samsung smartthings?<br \/>\nR: No, esta es la versi\u00f3n WiFi Tuya y no se requiere concentrador. Y puedes controlarlo a trav\u00e9s de Alexa para control por voz.<\/p>","protected":false},"excerpt":{"rendered":"<p>El riel de cortina inteligente presenta longitudes personalizables, control remoto y por voz a trav\u00e9s de Tuya, Alexa y Google Home, frecuencia RF433 para uso sin concentrador, detecci\u00f3n de obst\u00e1culos, posiciones de parada con memoria y f\u00e1cil operaci\u00f3n manual.<\/p>","protected":false},"featured_media":3308,"comment_status":"open","ping_status":"closed","template":"","meta":[],"product_brand":[],"product_cat":[59],"product_tag":[],"class_list":{"0":"post-3300","1":"product","2":"type-product","3":"status-publish","4":"has-post-thumbnail","6":"product_cat-other-smart-devices","8":"first","9":"instock","10":"shipping-taxable","11":"purchasable","12":"product-type-variable"},"_links":{"self":[{"href":"https:\/\/www.slsele.com\/es\/wp-json\/wp\/v2\/product\/3300","targetHints":{"allow":["GET"]}}],"collection":[{"href":"https:\/\/www.slsele.com\/es\/wp-json\/wp\/v2\/product"}],"about":[{"href":"https:\/\/www.slsele.com\/es\/wp-json\/wp\/v2\/types\/product"}],"replies":[{"embeddable":true,"href":"https:\/\/www.slsele.com\/es\/wp-json\/wp\/v2\/comments?post=3300"}],"wp:featuredmedia":[{"embeddable":true,"href":"https:\/\/www.slsele.com\/es\/wp-json\/wp\/v2\/media\/3308"}],"wp:attachment":[{"href":"https:\/\/www.slsele.com\/es\/wp-json\/wp\/v2\/media?parent=3300"}],"wp:term":[{"taxonomy":"product_brand","embeddable":true,"href":"https:\/\/www.slsele.com\/es\/wp-json\/wp\/v2\/product_brand?post=3300"},{"taxonomy":"product_cat","embeddable":true,"href":"https:\/\/www.slsele.com\/es\/wp-json\/wp\/v2\/product_cat?post=3300"},{"taxonomy":"product_tag","embeddable":true,"href":"https:\/\/www.slsele.com\/es\/wp-json\/wp\/v2\/product_tag?post=3300"}],"curies":[{"name":"wp","href":"https:\/\/api.w.org\/{rel}","templated":true}]}}