{"id":2517,"date":"2024-06-27T15:49:25","date_gmt":"2024-06-27T07:49:25","guid":{"rendered":"https:\/\/slsele.com\/?post_type=product&#038;p=2517"},"modified":"2024-08-23T16:02:40","modified_gmt":"2024-08-23T08:02:40","slug":"eu-matter-smart-switch-touchscreen","status":"publish","type":"product","link":"https:\/\/www.slsele.com\/es\/producto\/eu-matter-smart-switch-touchscreen\/","title":{"rendered":"Pantalla t\u00e1ctil del interruptor inteligente SLS EU Matter"},"content":{"rendered":"<h2 style=\"text-align: center; font-size: 25px;\"><strong>Pantalla t\u00e1ctil del interruptor inteligente SLS EU Matter<\/strong><\/h2>\n<h3 style=\"text-align: left; font-size: 20px;\"><strong>Descripci\u00f3n<\/strong><\/h3>\n<p style=\"text-align: left;\">Interruptor inteligente Matter, dise\u00f1ado para mejorar su experiencia de automatizaci\u00f3n del hogar. Se integra perfectamente con los protocolos WiFi, Zigbee, Bluetooth y Z-Wave para una integraci\u00f3n integral del hogar inteligente. Controle su interruptor inteligente Matter sin esfuerzo con comandos de voz a trav\u00e9s de Amazon Alexa, Apple Siri o Google Assistant. Utilice capacidades de control remoto a trav\u00e9s de la aplicaci\u00f3n Apple Home, Amazon Alexa o Google Home para administrar dispositivos desde cualquier lugar. Establezca horarios personalizados para automatizar las operaciones del dispositivo de acuerdo con sus rutinas diarias. Mejore la eficiencia energ\u00e9tica con la funci\u00f3n de apagado autom\u00e1tico, que apaga autom\u00e1ticamente los dispositivos conectados despu\u00e9s de un tiempo espec\u00edfico. Mejore la seguridad con el Modo Ausente, que simula la ocupaci\u00f3n encendiendo y apagando dispositivos aleatoriamente. Adem\u00e1s, aproveche los sensores inteligentes de Avatar para activar acciones inteligentes y mejorar la automatizaci\u00f3n. Descubra c\u00f3mo nuestros interruptores inteligentes Matte combinan tecnolog\u00eda de vanguardia con controles intuitivos para optimizar y enriquecer su estilo de vida.<\/p>\n<p><img loading=\"lazy\" decoding=\"async\" class=\"aligncenter size-full wp-image-2525\" src=\"https:\/\/slsele.com\/wp-content\/uploads\/2024\/06\/\u8be6\u60c5\u56fe1.jpg\" alt=\"\" width=\"800\" height=\"800\" srcset=\"https:\/\/www.slsele.com\/wp-content\/uploads\/2024\/06\/\u8be6\u60c5\u56fe1.jpg 800w, https:\/\/www.slsele.com\/wp-content\/uploads\/2024\/06\/\u8be6\u60c5\u56fe1-300x300.jpg 300w, https:\/\/www.slsele.com\/wp-content\/uploads\/2024\/06\/\u8be6\u60c5\u56fe1-150x150.jpg 150w, https:\/\/www.slsele.com\/wp-content\/uploads\/2024\/06\/\u8be6\u60c5\u56fe1-768x768.jpg 768w, https:\/\/www.slsele.com\/wp-content\/uploads\/2024\/06\/\u8be6\u60c5\u56fe1-12x12.jpg 12w, https:\/\/www.slsele.com\/wp-content\/uploads\/2024\/06\/\u8be6\u60c5\u56fe1-570x570.jpg 570w, https:\/\/www.slsele.com\/wp-content\/uploads\/2024\/06\/\u8be6\u60c5\u56fe1-500x500.jpg 500w, https:\/\/www.slsele.com\/wp-content\/uploads\/2024\/06\/\u8be6\u60c5\u56fe1-700x700.jpg 700w, https:\/\/www.slsele.com\/wp-content\/uploads\/2024\/06\/\u8be6\u60c5\u56fe1-600x600.jpg 600w, https:\/\/www.slsele.com\/wp-content\/uploads\/2024\/06\/\u8be6\u60c5\u56fe1-100x100.jpg 100w, https:\/\/www.slsele.com\/wp-content\/uploads\/2024\/06\/\u8be6\u60c5\u56fe1-50x50.jpg 50w\" sizes=\"auto, (max-width: 800px) 100vw, 800px\" \/> <img loading=\"lazy\" decoding=\"async\" class=\"aligncenter size-large wp-image-2526\" src=\"https:\/\/slsele.com\/wp-content\/uploads\/2024\/06\/\u8be6\u60c5\u56fe2-621x1024.jpg\" alt=\"\" width=\"621\" height=\"1024\" srcset=\"https:\/\/www.slsele.com\/wp-content\/uploads\/2024\/06\/\u8be6\u60c5\u56fe2-621x1024.jpg 621w, https:\/\/www.slsele.com\/wp-content\/uploads\/2024\/06\/\u8be6\u60c5\u56fe2-182x300.jpg 182w, https:\/\/www.slsele.com\/wp-content\/uploads\/2024\/06\/\u8be6\u60c5\u56fe2-768x1267.jpg 768w, https:\/\/www.slsele.com\/wp-content\/uploads\/2024\/06\/\u8be6\u60c5\u56fe2-7x12.jpg 7w, https:\/\/www.slsele.com\/wp-content\/uploads\/2024\/06\/\u8be6\u60c5\u56fe2-700x1155.jpg 700w, https:\/\/www.slsele.com\/wp-content\/uploads\/2024\/06\/\u8be6\u60c5\u56fe2-600x990.jpg 600w, https:\/\/www.slsele.com\/wp-content\/uploads\/2024\/06\/\u8be6\u60c5\u56fe2.jpg 790w\" sizes=\"auto, (max-width: 621px) 100vw, 621px\" \/><\/p>\n<h3 style=\"text-align: left; font-size: 20px;\"><strong>Alambrado<\/strong><\/h3>\n<p><img loading=\"lazy\" decoding=\"async\" class=\"aligncenter size-full wp-image-2527\" src=\"https:\/\/slsele.com\/wp-content\/uploads\/2024\/06\/\u8be6\u60c5\u56fe3.jpg\" alt=\"\" width=\"790\" height=\"887\" srcset=\"https:\/\/www.slsele.com\/wp-content\/uploads\/2024\/06\/\u8be6\u60c5\u56fe3.jpg 790w, https:\/\/www.slsele.com\/wp-content\/uploads\/2024\/06\/\u8be6\u60c5\u56fe3-267x300.jpg 267w, https:\/\/www.slsele.com\/wp-content\/uploads\/2024\/06\/\u8be6\u60c5\u56fe3-768x862.jpg 768w, https:\/\/www.slsele.com\/wp-content\/uploads\/2024\/06\/\u8be6\u60c5\u56fe3-11x12.jpg 11w, https:\/\/www.slsele.com\/wp-content\/uploads\/2024\/06\/\u8be6\u60c5\u56fe3-700x786.jpg 700w, https:\/\/www.slsele.com\/wp-content\/uploads\/2024\/06\/\u8be6\u60c5\u56fe3-600x674.jpg 600w\" sizes=\"auto, (max-width: 790px) 100vw, 790px\" \/><\/p>\n<h3 style=\"font-size: 20px; text-align: left;\"><strong>Caracter\u00edsticas<\/strong><\/h3>\n<p style=\"text-align: left;\"><strong>Materia habilitada<\/strong>\u2013 Integre dispositivos Avatar compatibles con Matter con otros productos finales de Matter en su ecosistema preferido.<br \/>\n<strong>Control de voz<\/strong> \u2013 Administre su interruptor inteligente con comandos de voz a trav\u00e9s de Amazon Alexa, Apple Siri o Google Assistant.<br \/>\n<strong>Control remoto<\/strong> \u2013 Enciende y apaga instant\u00e1neamente los dispositivos conectados desde donde est\u00e9s a trav\u00e9s de la aplicaci\u00f3n Apple Home\/Amazon Alexa\/Google Home.<br \/>\n<strong>Cronograma<\/strong> \u2013 Establezca un horario para administrar dispositivos autom\u00e1ticamente.<br \/>\n<strong>Apagado autom\u00e1tico<\/strong> \u2013 Apaga autom\u00e1ticamente un dispositivo conectado despu\u00e9s de dejarlo encendido durante un tiempo determinado.<br \/>\n<strong>Modo Ausente<\/strong> \u2013 Enciende y apaga aleatoriamente los dispositivos en diferentes momentos para dar la impresi\u00f3n de que hay alguien en casa.<br \/>\n<strong>M\u00e1s inteligente con sensores<\/strong> \u2013 Cree acciones inteligentes activadas por sensores inteligentes Avatar para una mayor automatizaci\u00f3n.<\/p>\n<h3 style=\"text-align: left; font-size: 20px;\"><strong>Especificaciones<\/strong><\/h3>\n<p style=\"text-align: left;\">Nombre del producto: Pantalla t\u00e1ctil Matter Smart Switch<br \/>\nEst\u00e1ndar del producto: est\u00e1ndar de la UE<br \/>\nTipo de producto: UE\/Reino Unido 1\/2\/3 bandas<br \/>\nDimensiones del producto: 86*86*35mm<br \/>\nVoltaje de funcionamiento: AC85-250V, 50\/60Hz<br \/>\nPotencia nominal de funcionamiento: 3-300 W para 110 V; 3-600 W para 220 V<br \/>\nCorriente de trabajo: 10A m\u00e1x.<br \/>\nProtocolo inal\u00e1mbrico: Bluetooth\/WiFi\/Zigbee\/Z-Wave<br \/>\nMaterial del panel: PC+Panel de vidrio templado<br \/>\nTemperatura de funcionamiento: 0 \u2103 -40 \u2103<br \/>\nHumedad de funcionamiento: 20%-85% sin condensaci\u00f3n<br \/>\nCertificaci\u00f3n: CE, ROHS<\/p>\n<p><a href=\"https:\/\/slsele.com\/wp-content\/uploads\/2024\/05\/121BW\u8be6\u60c5\u56fe1.tif\" target=\"_blank\" rel=\"noopener\"><img decoding=\"async\" class=\"aligncenter size-full wp-image-1390\" src=\"https:\/\/slsele.com\/wp-content\/uploads\/2024\/05\/121BW\u8be6\u60c5\u56fe1.tif\" alt=\"\" \/><\/a><\/p>","protected":false},"excerpt":{"rendered":"<div class=\"text-title\">\n<p style=\"margin: 0cm; font-size: 18px;\">El interruptor inteligente Matter se integra perfectamente con WiFi, Zigbee, Bluetooth y Z-Wave. Control a trav\u00e9s de Alexa, Siri o el Asistente de Google. Administre de forma remota a trav\u00e9s de las aplicaciones Apple Home, Alexa o Google Home. Personalice horarios, mejore la eficiencia energ\u00e9tica y mejore la seguridad con el Modo Ausente. Incluye integraci\u00f3n de sensor inteligente Avatar.<\/p>\n<\/div>","protected":false},"featured_media":2524,"comment_status":"open","ping_status":"closed","template":"","meta":[],"product_brand":[],"product_cat":[15,24],"product_tag":[],"class_list":{"0":"post-2517","1":"product","2":"type-product","3":"status-publish","4":"has-post-thumbnail","6":"product_cat-smart-switch","7":"product_cat-eu-smart-dimmer-switch","9":"first","10":"instock","11":"shipping-taxable","12":"purchasable","13":"product-type-variable"},"_links":{"self":[{"href":"https:\/\/www.slsele.com\/es\/wp-json\/wp\/v2\/product\/2517","targetHints":{"allow":["GET"]}}],"collection":[{"href":"https:\/\/www.slsele.com\/es\/wp-json\/wp\/v2\/product"}],"about":[{"href":"https:\/\/www.slsele.com\/es\/wp-json\/wp\/v2\/types\/product"}],"replies":[{"embeddable":true,"href":"https:\/\/www.slsele.com\/es\/wp-json\/wp\/v2\/comments?post=2517"}],"wp:featuredmedia":[{"embeddable":true,"href":"https:\/\/www.slsele.com\/es\/wp-json\/wp\/v2\/media\/2524"}],"wp:attachment":[{"href":"https:\/\/www.slsele.com\/es\/wp-json\/wp\/v2\/media?parent=2517"}],"wp:term":[{"taxonomy":"product_brand","embeddable":true,"href":"https:\/\/www.slsele.com\/es\/wp-json\/wp\/v2\/product_brand?post=2517"},{"taxonomy":"product_cat","embeddable":true,"href":"https:\/\/www.slsele.com\/es\/wp-json\/wp\/v2\/product_cat?post=2517"},{"taxonomy":"product_tag","embeddable":true,"href":"https:\/\/www.slsele.com\/es\/wp-json\/wp\/v2\/product_tag?post=2517"}],"curies":[{"name":"wp","href":"https:\/\/api.w.org\/{rel}","templated":true}]}}