{"id":2483,"date":"2024-06-25T17:34:21","date_gmt":"2024-06-25T09:34:21","guid":{"rendered":"https:\/\/slsele.com\/?post_type=product&#038;p=2483"},"modified":"2024-08-27T10:58:30","modified_gmt":"2024-08-27T02:58:30","slug":"us-wifi-smart-switch-with-motion-sensor","status":"publish","type":"product","link":"https:\/\/www.slsele.com\/es\/producto\/us-wifi-smart-switch-with-motion-sensor\/","title":{"rendered":"Interruptor inteligente SLS US con sensor de movimiento"},"content":{"rendered":"<h2 style=\"text-align: center; font-size: 32px;\"><strong>SLS EE. UU.<\/strong><strong>\u00a0Interruptor inteligente con sensor de movimiento<\/strong><\/h2>\n<h3 style=\"font-size: 20px; text-align: left;\"><strong>Descripci\u00f3n<\/strong><\/h3>\n<p style=\"text-align: left;\"><strong><span lang=\"EN-US\" style=\"color: #0e101a; font-weight: normal;\">El producto es un nuevo interruptor inteligente de ahorro de energ\u00eda con sensor de movimiento; Adopta un detector de buena sensibilidad y un circuito integrado. Re\u00fane automatismo, comodidad, seguridad, ahorro de energ\u00eda y funciones pr\u00e1cticas. Utiliza la energ\u00eda infrarroja de los humanos como fuente de se\u00f1al de control. Puede iniciar la carga inmediatamente cuando uno ingresa al campo de detecci\u00f3n. Puede identificar el d\u00eda y la noche autom\u00e1ticamente. Es f\u00e1cil de instalar y se utiliza ampliamente.<\/span><\/strong><\/p>\n<p>&nbsp;<\/p>\n<p style=\"text-align: left;\"><strong><span lang=\"EN-US\" style=\"color: #0e101a; font-weight: normal;\">La luz estar\u00e1 encendida hasta que ocurra el retraso de tiempo cuando se active el sensor. Una vez que se detecta la se\u00f1al constante, la hora se superpondr\u00e1 y la luz estar\u00e1 encendida constantemente. Se puede instalar en interiores, pasillos o edificios p\u00fablicos.<\/span><\/strong><\/p>\n<p><img loading=\"lazy\" decoding=\"async\" class=\"aligncenter size-full wp-image-2489\" src=\"https:\/\/slsele.com\/wp-content\/uploads\/2024\/06\/\u8be6\u60c5\u56fe1_\u7ed3\u679c-10.webp\" alt=\"interruptor inteligente con sensor de movimiento ajusta el modo de detecci\u00f3n\" width=\"472\" height=\"472\" srcset=\"https:\/\/www.slsele.com\/wp-content\/uploads\/2024\/06\/\u8be6\u60c5\u56fe1_\u7ed3\u679c-10.webp 472w, https:\/\/www.slsele.com\/wp-content\/uploads\/2024\/06\/\u8be6\u60c5\u56fe1_\u7ed3\u679c-10-300x300.webp 300w, https:\/\/www.slsele.com\/wp-content\/uploads\/2024\/06\/\u8be6\u60c5\u56fe1_\u7ed3\u679c-10-150x150.webp 150w, https:\/\/www.slsele.com\/wp-content\/uploads\/2024\/06\/\u8be6\u60c5\u56fe1_\u7ed3\u679c-10-12x12.webp 12w, https:\/\/www.slsele.com\/wp-content\/uploads\/2024\/06\/\u8be6\u60c5\u56fe1_\u7ed3\u679c-10-100x100.webp 100w, https:\/\/www.slsele.com\/wp-content\/uploads\/2024\/06\/\u8be6\u60c5\u56fe1_\u7ed3\u679c-10-50x50.webp 50w\" sizes=\"auto, (max-width: 472px) 100vw, 472px\" \/> <img loading=\"lazy\" decoding=\"async\" class=\"aligncenter size-full wp-image-2490\" src=\"https:\/\/slsele.com\/wp-content\/uploads\/2024\/06\/\u8be6\u60c5\u56fe2_\u7ed3\u679c-10.webp\" alt=\"interruptor inteligente con sensor de movimiento distancia de inducci\u00f3n 9m\" width=\"479\" height=\"431\" srcset=\"https:\/\/www.slsele.com\/wp-content\/uploads\/2024\/06\/\u8be6\u60c5\u56fe2_\u7ed3\u679c-10.webp 479w, https:\/\/www.slsele.com\/wp-content\/uploads\/2024\/06\/\u8be6\u60c5\u56fe2_\u7ed3\u679c-10-300x270.webp 300w, https:\/\/www.slsele.com\/wp-content\/uploads\/2024\/06\/\u8be6\u60c5\u56fe2_\u7ed3\u679c-10-13x12.webp 13w\" sizes=\"auto, (max-width: 479px) 100vw, 479px\" \/><\/p>\n<h3 style=\"text-align: left; font-size: 20px;\"><strong>Alambrado<\/strong><\/h3>\n<p><img loading=\"lazy\" decoding=\"async\" class=\"aligncenter size-full wp-image-2492\" src=\"https:\/\/slsele.com\/wp-content\/uploads\/2024\/06\/\u8be6\u60c5\u56fe4_\u7ed3\u679c-9.webp\" alt=\"\" width=\"664\" height=\"664\" srcset=\"https:\/\/www.slsele.com\/wp-content\/uploads\/2024\/06\/\u8be6\u60c5\u56fe4_\u7ed3\u679c-9.webp 664w, https:\/\/www.slsele.com\/wp-content\/uploads\/2024\/06\/\u8be6\u60c5\u56fe4_\u7ed3\u679c-9-300x300.webp 300w, https:\/\/www.slsele.com\/wp-content\/uploads\/2024\/06\/\u8be6\u60c5\u56fe4_\u7ed3\u679c-9-150x150.webp 150w, https:\/\/www.slsele.com\/wp-content\/uploads\/2024\/06\/\u8be6\u60c5\u56fe4_\u7ed3\u679c-9-12x12.webp 12w, https:\/\/www.slsele.com\/wp-content\/uploads\/2024\/06\/\u8be6\u60c5\u56fe4_\u7ed3\u679c-9-570x570.webp 570w, https:\/\/www.slsele.com\/wp-content\/uploads\/2024\/06\/\u8be6\u60c5\u56fe4_\u7ed3\u679c-9-500x500.webp 500w, https:\/\/www.slsele.com\/wp-content\/uploads\/2024\/06\/\u8be6\u60c5\u56fe4_\u7ed3\u679c-9-600x600.webp 600w, https:\/\/www.slsele.com\/wp-content\/uploads\/2024\/06\/\u8be6\u60c5\u56fe4_\u7ed3\u679c-9-100x100.webp 100w, https:\/\/www.slsele.com\/wp-content\/uploads\/2024\/06\/\u8be6\u60c5\u56fe4_\u7ed3\u679c-9-50x50.webp 50w\" sizes=\"auto, (max-width: 664px) 100vw, 664px\" \/><\/p>\n<h3 style=\"font-size: 20px; text-align: left;\"><strong>Caracter\u00edsticas<\/strong><\/h3>\n<p style=\"text-align: left;\"><strong>Campo de detecci\u00f3n<\/strong>: Cubre arriba, abajo, izquierda y derecha; la sensibilidad var\u00eda con la orientaci\u00f3n del movimiento.<br \/>\n<strong>Identificaci\u00f3n d\u00eda\/noche<\/strong>: Preconfigurado para funcionar con luz ambiental inferior a 20 LUX.<br \/>\n<strong>Indicaci\u00f3n de potencia y detecci\u00f3n<\/strong>: El indicador parpadea una vez cada 4 segundos cuando est\u00e1 encendido y dos veces cada segundo al recibir la se\u00f1al.<br \/>\n<strong>Adici\u00f3n continua de retardo de tiempo<\/strong>: Restablece y extiende el retardo con cada nueva se\u00f1al de detecci\u00f3n.<br \/>\n<strong>Ajuste de retardo de tiempo<\/strong>: Ajustable de 8\u00b13 segundos a 7\u00b12 minutos.<br \/>\n<strong>Modos de cambio<\/strong>: \u201cAUTO\u201d cuando se empuja hacia adentro, \u201cOFF\u201d cuando se empuja hacia afuera.<\/p>\n<h3 style=\"text-align: left; font-size: 20px;\"><strong>Escenario de uso<\/strong><\/h3>\n<p><img loading=\"lazy\" decoding=\"async\" class=\"aligncenter size-large wp-image-2461\" src=\"https:\/\/slsele.com\/wp-content\/uploads\/2024\/06\/\u8be6\u60c5\u56fe8_\u7ed3\u679c-1024x922.webp\" alt=\"\" width=\"1024\" height=\"922\" srcset=\"https:\/\/www.slsele.com\/wp-content\/uploads\/2024\/06\/\u8be6\u60c5\u56fe8_\u7ed3\u679c-1024x922.webp 1024w, https:\/\/www.slsele.com\/wp-content\/uploads\/2024\/06\/\u8be6\u60c5\u56fe8_\u7ed3\u679c-300x270.webp 300w, https:\/\/www.slsele.com\/wp-content\/uploads\/2024\/06\/\u8be6\u60c5\u56fe8_\u7ed3\u679c-768x691.webp 768w, https:\/\/www.slsele.com\/wp-content\/uploads\/2024\/06\/\u8be6\u60c5\u56fe8_\u7ed3\u679c-13x12.webp 13w, https:\/\/www.slsele.com\/wp-content\/uploads\/2024\/06\/\u8be6\u60c5\u56fe8_\u7ed3\u679c-700x630.webp 700w, https:\/\/www.slsele.com\/wp-content\/uploads\/2024\/06\/\u8be6\u60c5\u56fe8_\u7ed3\u679c-600x540.webp 600w, https:\/\/www.slsele.com\/wp-content\/uploads\/2024\/06\/\u8be6\u60c5\u56fe8_\u7ed3\u679c.webp 1234w\" sizes=\"auto, (max-width: 1024px) 100vw, 1024px\" \/><\/p>\n<p><img loading=\"lazy\" decoding=\"async\" class=\"aligncenter size-full wp-image-2491\" src=\"https:\/\/slsele.com\/wp-content\/uploads\/2024\/06\/\u8be6\u60c5\u56fe3_\u7ed3\u679c-10.webp\" alt=\"\" width=\"477\" height=\"484\" srcset=\"https:\/\/www.slsele.com\/wp-content\/uploads\/2024\/06\/\u8be6\u60c5\u56fe3_\u7ed3\u679c-10.webp 477w, https:\/\/www.slsele.com\/wp-content\/uploads\/2024\/06\/\u8be6\u60c5\u56fe3_\u7ed3\u679c-10-296x300.webp 296w, https:\/\/www.slsele.com\/wp-content\/uploads\/2024\/06\/\u8be6\u60c5\u56fe3_\u7ed3\u679c-10-12x12.webp 12w, https:\/\/www.slsele.com\/wp-content\/uploads\/2024\/06\/\u8be6\u60c5\u56fe3_\u7ed3\u679c-10-100x100.webp 100w, https:\/\/www.slsele.com\/wp-content\/uploads\/2024\/06\/\u8be6\u60c5\u56fe3_\u7ed3\u679c-10-50x50.webp 50w\" sizes=\"auto, (max-width: 477px) 100vw, 477px\" \/><\/p>\n<h3 style=\"font-size: 20px; text-align: left;\"><strong>Especificaciones<\/strong><\/h3>\n<p style=\"text-align: left;\">Nombre del producto: interruptor inteligente con sensor de movimiento<\/p>\n<p style=\"margin: 0cm; text-align: left;\">Est\u00e1ndar del producto: est\u00e1ndar de EE. UU.<br \/>\nDimensiones del producto: 120*70*42mm<br \/>\nVoltaje de funcionamiento: AC110V-240V<br \/>\nFrecuencia de trabajo: 50\/60Hz<br \/>\nPotencia nominal: 500W<br \/>\nDistancia de detecci\u00f3n: 9 m m\u00e1x.<br \/>\nRango de detecci\u00f3n: 180\u00b0<br \/>\nVelocidad de movimiento de detecci\u00f3n: 0,6 ~ 1,5 m\/s<br \/>\nControl de luz: 10ux~2000lux (ajustable)<br \/>\nConfiguraci\u00f3n de tiempo: Min: 8 segundos \u00b1 3 segundos; M\u00e1x.: 7 min \u00b1 2 min (ajustable)<br \/>\nAltura de instalaci\u00f3n: 1 m ~ 1,6 m<br \/>\nConsumo de energ\u00eda: 0,45 W<br \/>\nHumedad de trabajo: &lt;93%RH<br \/>\nTemperatura de trabajo: -20 ~ 40 \u2103<\/p>","protected":false},"excerpt":{"rendered":"<p>El nuevo interruptor inteligente de ahorro de energ\u00eda con sensor de movimiento utiliza un detector sensible y control por infrarrojos, combinando comodidad, seguridad y eficiencia. Detecta la presencia humana y controla autom\u00e1ticamente la iluminaci\u00f3n, lo que lo hace ideal para uso en interiores, pasillos y edificios p\u00fablicos.<\/p>","protected":false},"featured_media":2493,"comment_status":"open","ping_status":"closed","template":"","meta":[],"product_brand":[],"product_cat":[15,25],"product_tag":[],"class_list":{"0":"post-2483","1":"product","2":"type-product","3":"status-publish","4":"has-post-thumbnail","6":"product_cat-smart-switch","7":"product_cat-us-smart-dimmer-switch","9":"first","10":"instock","11":"shipping-taxable","12":"purchasable","13":"product-type-simple"},"_links":{"self":[{"href":"https:\/\/www.slsele.com\/es\/wp-json\/wp\/v2\/product\/2483","targetHints":{"allow":["GET"]}}],"collection":[{"href":"https:\/\/www.slsele.com\/es\/wp-json\/wp\/v2\/product"}],"about":[{"href":"https:\/\/www.slsele.com\/es\/wp-json\/wp\/v2\/types\/product"}],"replies":[{"embeddable":true,"href":"https:\/\/www.slsele.com\/es\/wp-json\/wp\/v2\/comments?post=2483"}],"wp:featuredmedia":[{"embeddable":true,"href":"https:\/\/www.slsele.com\/es\/wp-json\/wp\/v2\/media\/2493"}],"wp:attachment":[{"href":"https:\/\/www.slsele.com\/es\/wp-json\/wp\/v2\/media?parent=2483"}],"wp:term":[{"taxonomy":"product_brand","embeddable":true,"href":"https:\/\/www.slsele.com\/es\/wp-json\/wp\/v2\/product_brand?post=2483"},{"taxonomy":"product_cat","embeddable":true,"href":"https:\/\/www.slsele.com\/es\/wp-json\/wp\/v2\/product_cat?post=2483"},{"taxonomy":"product_tag","embeddable":true,"href":"https:\/\/www.slsele.com\/es\/wp-json\/wp\/v2\/product_tag?post=2483"}],"curies":[{"name":"wp","href":"https:\/\/api.w.org\/{rel}","templated":true}]}}