{"id":2459,"date":"2024-06-25T16:44:48","date_gmt":"2024-06-25T08:44:48","guid":{"rendered":"https:\/\/slsele.com\/?post_type=product&#038;p=2459"},"modified":"2024-06-27T09:29:03","modified_gmt":"2024-06-27T01:29:03","slug":"eu-wifi-smart-motion-sensor-light-switch","status":"publish","type":"product","link":"https:\/\/www.slsele.com\/es\/producto\/eu-wifi-smart-motion-sensor-light-switch\/","title":{"rendered":"Interruptor de luz con sensor de movimiento inteligente SLS EU"},"content":{"rendered":"<h2 style=\"text-align: center; font-size: 32px;\"><strong>SLS UE<\/strong><strong>\u00a0Interruptor de luz con sensor de movimiento inteligente<\/strong><\/h2>\n<h3 style=\"font-size: 20px; text-align: left;\"><strong>Descripci\u00f3n<\/strong><\/h3>\n<p style=\"text-align: left;\"><strong><span lang=\"EN-US\" style=\"color: #0e101a; font-weight: normal;\">El interruptor de luz inteligente con sensor de movimiento combina m\u00faltiples funciones, practicidad, atractivo est\u00e9tico, un amplio rango de voltaje de trabajo, f\u00e1cil instalaci\u00f3n, indicaci\u00f3n de detecci\u00f3n y m\u00faltiples modos de trabajo, siguiendo los est\u00e1ndares europeos. Es ideal para el control autom\u00e1tico en hogares, hoteles y empresas y puede usarse ampliamente con l\u00e1mparas incandescentes, de ahorro de energ\u00eda, LED y m\u00e1s.<\/span><\/strong><\/p>\n<p style=\"text-align: left;\"><strong><span lang=\"EN-US\" style=\"color: #0e101a; font-weight: normal;\">Este vers\u00e1til interruptor de luz con sensor de movimiento inteligente es adecuado para diversos accesorios de iluminaci\u00f3n, incluidos el hogar, el techo, la iluminaci\u00f3n inferior y los focos. Cuando cae la noche o los niveles de luz son bajos y alguien entra en el rango de detecci\u00f3n del sensor, el sensor detecta cambios en el espectro infrarrojo emitido por el cuerpo humano. El interruptor de luz con sensor de movimiento inteligente enciende autom\u00e1ticamente la carga e ilumina el \u00e1rea. Cuando la persona se vaya, la luz se apagar\u00e1 autom\u00e1ticamente, garantizando eficiencia energ\u00e9tica y comodidad.<\/span><\/strong><\/p>\n<p style=\"text-align: left;\"><strong><span lang=\"EN-US\" style=\"color: #0e101a; font-weight: normal;\">El interruptor de luz con sensor de movimiento inteligente es la soluci\u00f3n perfecta para el control de iluminaci\u00f3n moderno, ya que combina funcionalidad, estilo y eficiencia.<\/span><\/strong><\/p>\n<p style=\"text-align: left;\"><strong><span lang=\"EN-US\" style=\"color: #0e101a; font-weight: normal;\">Aplicaciones:<\/span><\/strong><\/p>\n<p style=\"text-align: left;\"><strong><span lang=\"EN-US\" style=\"color: #0e101a;\">Iluminaci\u00f3n del hogar<\/span><\/strong><strong><span lang=\"EN-US\" style=\"color: #0e101a; font-weight: normal;\">: Ideal para diversas necesidades de iluminaci\u00f3n del hogar, mejorando el confort y la eficiencia energ\u00e9tica.<\/span><\/strong><\/p>\n<p style=\"text-align: left;\"><strong><span lang=\"EN-US\" style=\"color: #0e101a;\">Iluminaci\u00f3n para hoteles<\/span><\/strong><strong><span lang=\"EN-US\" style=\"color: #0e101a; font-weight: normal;\">: Proporciona comodidad y ahorro de energ\u00eda en entornos hoteleros.<\/span><\/strong><\/p>\n<p style=\"margin: 0cm; text-align: left;\"><strong><span lang=\"EN-US\" style=\"color: #0e101a;\">Iluminaci\u00f3n empresarial<\/span><\/strong><strong><span lang=\"EN-US\" style=\"color: #0e101a; font-weight: normal;\">: Adecuado para uso en oficinas y otros entornos comerciales.<\/span><\/strong><\/p>\n<p><img loading=\"lazy\" decoding=\"async\" class=\"aligncenter size-full wp-image-2469\" src=\"https:\/\/slsele.com\/wp-content\/uploads\/2024\/06\/\u8be6\u60c5\u56fe1_\u7ed3\u679c-9.webp\" alt=\"\" width=\"1021\" height=\"727\" srcset=\"https:\/\/www.slsele.com\/wp-content\/uploads\/2024\/06\/\u8be6\u60c5\u56fe1_\u7ed3\u679c-9.webp 1021w, https:\/\/www.slsele.com\/wp-content\/uploads\/2024\/06\/\u8be6\u60c5\u56fe1_\u7ed3\u679c-9-300x214.webp 300w, https:\/\/www.slsele.com\/wp-content\/uploads\/2024\/06\/\u8be6\u60c5\u56fe1_\u7ed3\u679c-9-768x547.webp 768w, https:\/\/www.slsele.com\/wp-content\/uploads\/2024\/06\/\u8be6\u60c5\u56fe1_\u7ed3\u679c-9-18x12.webp 18w, https:\/\/www.slsele.com\/wp-content\/uploads\/2024\/06\/\u8be6\u60c5\u56fe1_\u7ed3\u679c-9-700x498.webp 700w, https:\/\/www.slsele.com\/wp-content\/uploads\/2024\/06\/\u8be6\u60c5\u56fe1_\u7ed3\u679c-9-600x427.webp 600w\" sizes=\"auto, (max-width: 1021px) 100vw, 1021px\" \/> <img loading=\"lazy\" decoding=\"async\" class=\"aligncenter size-full wp-image-2470\" src=\"https:\/\/slsele.com\/wp-content\/uploads\/2024\/06\/\u8be6\u60c5\u56fe2_\u7ed3\u679c-9.webp\" alt=\"\" width=\"1018\" height=\"795\" srcset=\"https:\/\/www.slsele.com\/wp-content\/uploads\/2024\/06\/\u8be6\u60c5\u56fe2_\u7ed3\u679c-9.webp 1018w, https:\/\/www.slsele.com\/wp-content\/uploads\/2024\/06\/\u8be6\u60c5\u56fe2_\u7ed3\u679c-9-300x234.webp 300w, https:\/\/www.slsele.com\/wp-content\/uploads\/2024\/06\/\u8be6\u60c5\u56fe2_\u7ed3\u679c-9-768x600.webp 768w, https:\/\/www.slsele.com\/wp-content\/uploads\/2024\/06\/\u8be6\u60c5\u56fe2_\u7ed3\u679c-9-15x12.webp 15w, https:\/\/www.slsele.com\/wp-content\/uploads\/2024\/06\/\u8be6\u60c5\u56fe2_\u7ed3\u679c-9-700x547.webp 700w, https:\/\/www.slsele.com\/wp-content\/uploads\/2024\/06\/\u8be6\u60c5\u56fe2_\u7ed3\u679c-9-600x469.webp 600w\" sizes=\"auto, (max-width: 1018px) 100vw, 1018px\" \/> <img loading=\"lazy\" decoding=\"async\" class=\"aligncenter size-full wp-image-2455\" src=\"https:\/\/slsele.com\/wp-content\/uploads\/2024\/06\/\u8be6\u60c5\u56fe3_\u7ed3\u679c-9.webp\" alt=\"\" width=\"1012\" height=\"862\" srcset=\"https:\/\/www.slsele.com\/wp-content\/uploads\/2024\/06\/\u8be6\u60c5\u56fe3_\u7ed3\u679c-9.webp 1012w, https:\/\/www.slsele.com\/wp-content\/uploads\/2024\/06\/\u8be6\u60c5\u56fe3_\u7ed3\u679c-9-300x256.webp 300w, https:\/\/www.slsele.com\/wp-content\/uploads\/2024\/06\/\u8be6\u60c5\u56fe3_\u7ed3\u679c-9-768x654.webp 768w, https:\/\/www.slsele.com\/wp-content\/uploads\/2024\/06\/\u8be6\u60c5\u56fe3_\u7ed3\u679c-9-14x12.webp 14w, https:\/\/www.slsele.com\/wp-content\/uploads\/2024\/06\/\u8be6\u60c5\u56fe3_\u7ed3\u679c-9-700x596.webp 700w, https:\/\/www.slsele.com\/wp-content\/uploads\/2024\/06\/\u8be6\u60c5\u56fe3_\u7ed3\u679c-9-600x511.webp 600w\" sizes=\"auto, (max-width: 1012px) 100vw, 1012px\" \/> <img loading=\"lazy\" decoding=\"async\" class=\"aligncenter size-large wp-image-2456\" src=\"https:\/\/slsele.com\/wp-content\/uploads\/2024\/06\/\u8be6\u60c5\u56fe4_\u7ed3\u679c-8-918x1024.webp\" alt=\"\" width=\"918\" height=\"1024\" srcset=\"https:\/\/www.slsele.com\/wp-content\/uploads\/2024\/06\/\u8be6\u60c5\u56fe4_\u7ed3\u679c-8-918x1024.webp 918w, https:\/\/www.slsele.com\/wp-content\/uploads\/2024\/06\/\u8be6\u60c5\u56fe4_\u7ed3\u679c-8-269x300.webp 269w, https:\/\/www.slsele.com\/wp-content\/uploads\/2024\/06\/\u8be6\u60c5\u56fe4_\u7ed3\u679c-8-768x857.webp 768w, https:\/\/www.slsele.com\/wp-content\/uploads\/2024\/06\/\u8be6\u60c5\u56fe4_\u7ed3\u679c-8-11x12.webp 11w, https:\/\/www.slsele.com\/wp-content\/uploads\/2024\/06\/\u8be6\u60c5\u56fe4_\u7ed3\u679c-8-700x781.webp 700w, https:\/\/www.slsele.com\/wp-content\/uploads\/2024\/06\/\u8be6\u60c5\u56fe4_\u7ed3\u679c-8-600x669.webp 600w, https:\/\/www.slsele.com\/wp-content\/uploads\/2024\/06\/\u8be6\u60c5\u56fe4_\u7ed3\u679c-8.webp 1030w\" sizes=\"auto, (max-width: 918px) 100vw, 918px\" \/> <img loading=\"lazy\" decoding=\"async\" class=\"aligncenter size-large wp-image-2457\" src=\"https:\/\/slsele.com\/wp-content\/uploads\/2024\/06\/\u8be6\u60c5\u56fe5_\u7ed3\u679c-8-1024x854.webp\" alt=\"\" width=\"1024\" height=\"854\" srcset=\"https:\/\/www.slsele.com\/wp-content\/uploads\/2024\/06\/\u8be6\u60c5\u56fe5_\u7ed3\u679c-8-1024x854.webp 1024w, https:\/\/www.slsele.com\/wp-content\/uploads\/2024\/06\/\u8be6\u60c5\u56fe5_\u7ed3\u679c-8-300x250.webp 300w, https:\/\/www.slsele.com\/wp-content\/uploads\/2024\/06\/\u8be6\u60c5\u56fe5_\u7ed3\u679c-8-768x641.webp 768w, https:\/\/www.slsele.com\/wp-content\/uploads\/2024\/06\/\u8be6\u60c5\u56fe5_\u7ed3\u679c-8-14x12.webp 14w, https:\/\/www.slsele.com\/wp-content\/uploads\/2024\/06\/\u8be6\u60c5\u56fe5_\u7ed3\u679c-8-700x584.webp 700w, https:\/\/www.slsele.com\/wp-content\/uploads\/2024\/06\/\u8be6\u60c5\u56fe5_\u7ed3\u679c-8-600x501.webp 600w, https:\/\/www.slsele.com\/wp-content\/uploads\/2024\/06\/\u8be6\u60c5\u56fe5_\u7ed3\u679c-8.webp 1026w\" sizes=\"auto, (max-width: 1024px) 100vw, 1024px\" \/><\/p>\n<h3 style=\"text-align: left; font-size: 20px;\"><strong>Alambrado<\/strong><\/h3>\n<p><img loading=\"lazy\" decoding=\"async\" class=\"aligncenter size-large wp-image-2458\" src=\"https:\/\/slsele.com\/wp-content\/uploads\/2024\/06\/\u8be6\u60c5\u56fe6_\u7ed3\u679c-5-1004x1024.webp\" alt=\"\" width=\"1004\" height=\"1024\" srcset=\"https:\/\/www.slsele.com\/wp-content\/uploads\/2024\/06\/\u8be6\u60c5\u56fe6_\u7ed3\u679c-5-1004x1024.webp 1004w, https:\/\/www.slsele.com\/wp-content\/uploads\/2024\/06\/\u8be6\u60c5\u56fe6_\u7ed3\u679c-5-294x300.webp 294w, https:\/\/www.slsele.com\/wp-content\/uploads\/2024\/06\/\u8be6\u60c5\u56fe6_\u7ed3\u679c-5-768x783.webp 768w, https:\/\/www.slsele.com\/wp-content\/uploads\/2024\/06\/\u8be6\u60c5\u56fe6_\u7ed3\u679c-5-12x12.webp 12w, https:\/\/www.slsele.com\/wp-content\/uploads\/2024\/06\/\u8be6\u60c5\u56fe6_\u7ed3\u679c-5-700x714.webp 700w, https:\/\/www.slsele.com\/wp-content\/uploads\/2024\/06\/\u8be6\u60c5\u56fe6_\u7ed3\u679c-5-600x612.webp 600w, https:\/\/www.slsele.com\/wp-content\/uploads\/2024\/06\/\u8be6\u60c5\u56fe6_\u7ed3\u679c-5-50x50.webp 50w, https:\/\/www.slsele.com\/wp-content\/uploads\/2024\/06\/\u8be6\u60c5\u56fe6_\u7ed3\u679c-5.webp 1107w\" sizes=\"auto, (max-width: 1004px) 100vw, 1004px\" \/><\/p>\n<h3 style=\"text-align: left; font-size: 20px;\"><strong>Noticias Importantes<\/strong><\/h3>\n<p style=\"text-align: left;\"><strong><span lang=\"EN-US\" style=\"color: #0e101a; font-weight: normal;\">1. Como hay un interruptor de luz con sensor de movimiento inteligente interno fotosensible, solo permite activar el interruptor de luz inteligente con sensor de movimiento en condiciones de oscuridad. Entonces, cuando prueba el interruptor en la funci\u00f3n AUTO en un ambiente muy brillante (luz ambiental: &gt; 5-10 LUX), no funcionar\u00e1 (se detecta movimiento uniforme). En esta condici\u00f3n, cubra el \u00e1rea de detecci\u00f3n con la mano durante unos 30 segundos y luego vuelva a realizar la prueba. <\/span><\/strong><\/p>\n<p style=\"text-align: left;\"><strong><span lang=\"EN-US\" style=\"color: #0e101a; font-weight: normal;\">2. El retardo de tiempo se agrega continuamente: cuando recibe la segunda se\u00f1al de inducci\u00f3n despu\u00e9s de la primera inducci\u00f3n, calcular\u00e1 el tiempo una vez m\u00e1s sobre el resto del primer retardo b\u00e1sico (tiempo establecido). Actualmente, la temperatura es m\u00e1s baja y la sensibilidad del sensor aumenta, por lo que aumenta la probabilidad de un disparo falso del sensor. Recomendamos reducir el valor de Lux adecuadamente para reducir la activaci\u00f3n del sensor de movimiento del interruptor inteligente. Si el interruptor de luz del sensor de movimiento inteligente funciona por error, no se preocupe. Si tiene alguna pregunta o necesidad, no dude en contactarnos. <\/span><\/strong><\/p>\n<p style=\"text-align: left;\"><strong><span lang=\"EN-US\" style=\"color: #0e101a; font-weight: normal;\">3. No lo exponga a la luz solar directa, iluminaci\u00f3n, viento fuerte ni cerca de un calentador o aire acondicionado.<\/span><\/strong><\/p>\n<p style=\"text-align: left;\"><strong><span lang=\"EN-US\" style=\"color: #0e101a; font-weight: normal;\">4. No lo fije donde el material obstructor (por ejemplo, vidrio, ropa densa) impida el paso de IR.<\/span><\/strong><\/p>\n<p style=\"text-align: left;\"><strong><span lang=\"EN-US\" style=\"color: #0e101a; font-weight: normal;\">5. No lo arregles en un ambiente con fuertes golpes o vibraciones.<\/span><\/strong><\/p>\n<p style=\"text-align: left;\"><strong><span lang=\"EN-US\" style=\"color: #0e101a; font-weight: normal;\">6. Los objetos conflictivos no pueden considerarse como la base de la instalaci\u00f3n.<\/span><\/strong><\/p>\n<p style=\"text-align: left;\"><strong><span lang=\"EN-US\" style=\"color: #0e101a; font-weight: normal;\">7. Ning\u00fan objeto que obstruya o moleste debe afectar la detecci\u00f3n antes de la ventana de detecci\u00f3n.<\/span><\/strong><\/p>\n<p style=\"text-align: left;\"><strong><span lang=\"EN-US\" style=\"color: #0e101a; font-weight: normal;\">8. Evite instalarlo cerca de zonas de alteraci\u00f3n de temperatura, como aire acondicionado y calefacci\u00f3n central.<\/span><\/strong><\/p>\n<p style=\"margin: 0cm; text-align: left;\"><strong><span lang=\"EN-US\" style=\"color: #0e101a; font-weight: normal;\">9. No abra la caja por seguridad si encuentra el enganche despu\u00e9s de la instalaci\u00f3n.<\/span><\/strong><\/p>\n<h3 style=\"font-size: 20px; text-align: left;\"><strong>Caracter\u00edsticas<\/strong><\/h3>\n<p style=\"text-align: left;\"><strong>Encender\/apagar luces autom\u00e1ticamente: <\/strong>Enciende\/apaga las luces autom\u00e1ticamente seg\u00fan la ocupaci\u00f3n de la habitaci\u00f3n al detectar la fuente auditiva y el brillo ambiental. La velocidad de movimiento de detecci\u00f3n es de 0,6 ~ 1,5 m\/s. El consumidor puede ajustar la luz ambiental de trabajo. Puede funcionar de d\u00eda y de noche cuando se ajusta en la posici\u00f3n \u201csol\u201d (m\u00e1x.). Puede funcionar con una luz ambiental inferior a 3 LUX cuando se ajusta en la posici\u00f3n \u201cluna\u201d (min). En cuanto al patr\u00f3n de ajuste, consulte el patr\u00f3n de prueba.<\/p>\n<p style=\"text-align: left;\"><strong>Tiempo de retardo: <\/strong>Retraso de tiempo ajustable para personalizar: Min: 10sec\u00b13sec; M\u00e1x.: 7 min \u00b1 2 min (La carga permanecer\u00e1 encendida durante el tiempo que establezca y luego se apagar\u00e1).<\/p>\n<p style=\"text-align: left;\"><strong>Tres modos<\/strong>: El modo AUTO es un sensor de ocupaci\u00f3n (Auto ON, Auto OFF). Los modos ON y OFF le permiten anular el sensor y utilizar el interruptor del sensor como un interruptor de luz con sensor de movimiento inteligente normal.<\/p>\n<p style=\"text-align: left;\"><strong>Instalaci\u00f3n requerida del cable neutro:<\/strong>110~240 VCA; Incandescente: 300~600W. S\u00f3lo se utilizan tres cables.<\/p>\n<p style=\"text-align: left;\"><strong>Ahorro de energ\u00eda: <\/strong>El interruptor de luz con sensor de movimiento inteligente utiliza un sensor infrarrojo pasivo (PIR) para ahorrar energ\u00eda y reducir las facturas.<\/p>\n<p style=\"text-align: left;\"><strong>Buena apariencia: <\/strong>El dise\u00f1o de la superficie es sencillo, atractivo pero sin perder generosidad y elegante. No tendr\u00e1 una sensaci\u00f3n accidental despu\u00e9s de la instalaci\u00f3n.<\/p>\n<p style=\"text-align: left;\"><strong>Instalaci\u00f3n conveniente: <\/strong>Dos modos de instalaci\u00f3n para su selecci\u00f3n. Se puede instalar en caja de conexiones circular o cuadrada. Puede fijar el sensor con dos tornillos en la caja de conexiones de forma circular y tambi\u00e9n fijarlo con un estante de instalaci\u00f3n especial en el sensor. Si la orientaci\u00f3n de instalaci\u00f3n de la caja de conexiones es verdadera, el interruptor del sensor de movimiento inteligente hace que la instalaci\u00f3n sea plana.<\/p>\n<p style=\"text-align: left;\"><strong>Indicaci\u00f3n de detecci\u00f3n: <\/strong>La l\u00e1mpara indicadora brilla una vez cuando detecta cada vez. Puede validar la calidad destacada del interruptor de luz con sensor de movimiento inteligente en cualquier momento.<\/p>\n<h3 style=\"text-align: left;\">Escenario de uso<\/h3>\n<p><img loading=\"lazy\" decoding=\"async\" class=\"aligncenter size-large wp-image-2460\" src=\"https:\/\/slsele.com\/wp-content\/uploads\/2024\/06\/\u8be6\u60c5\u56fe7_\u7ed3\u679c-1-1024x389.webp\" alt=\"\" width=\"1024\" height=\"389\" srcset=\"https:\/\/www.slsele.com\/wp-content\/uploads\/2024\/06\/\u8be6\u60c5\u56fe7_\u7ed3\u679c-1-1024x389.webp 1024w, https:\/\/www.slsele.com\/wp-content\/uploads\/2024\/06\/\u8be6\u60c5\u56fe7_\u7ed3\u679c-1-300x114.webp 300w, https:\/\/www.slsele.com\/wp-content\/uploads\/2024\/06\/\u8be6\u60c5\u56fe7_\u7ed3\u679c-1-768x292.webp 768w, https:\/\/www.slsele.com\/wp-content\/uploads\/2024\/06\/\u8be6\u60c5\u56fe7_\u7ed3\u679c-1-18x7.webp 18w, https:\/\/www.slsele.com\/wp-content\/uploads\/2024\/06\/\u8be6\u60c5\u56fe7_\u7ed3\u679c-1-700x266.webp 700w, https:\/\/www.slsele.com\/wp-content\/uploads\/2024\/06\/\u8be6\u60c5\u56fe7_\u7ed3\u679c-1-600x228.webp 600w, https:\/\/www.slsele.com\/wp-content\/uploads\/2024\/06\/\u8be6\u60c5\u56fe7_\u7ed3\u679c-1.webp 1249w\" sizes=\"auto, (max-width: 1024px) 100vw, 1024px\" \/> <img loading=\"lazy\" decoding=\"async\" class=\"aligncenter size-large wp-image-2461\" src=\"https:\/\/slsele.com\/wp-content\/uploads\/2024\/06\/\u8be6\u60c5\u56fe8_\u7ed3\u679c-1024x922.webp\" alt=\"\" width=\"1024\" height=\"922\" srcset=\"https:\/\/www.slsele.com\/wp-content\/uploads\/2024\/06\/\u8be6\u60c5\u56fe8_\u7ed3\u679c-1024x922.webp 1024w, https:\/\/www.slsele.com\/wp-content\/uploads\/2024\/06\/\u8be6\u60c5\u56fe8_\u7ed3\u679c-300x270.webp 300w, https:\/\/www.slsele.com\/wp-content\/uploads\/2024\/06\/\u8be6\u60c5\u56fe8_\u7ed3\u679c-768x691.webp 768w, https:\/\/www.slsele.com\/wp-content\/uploads\/2024\/06\/\u8be6\u60c5\u56fe8_\u7ed3\u679c-13x12.webp 13w, https:\/\/www.slsele.com\/wp-content\/uploads\/2024\/06\/\u8be6\u60c5\u56fe8_\u7ed3\u679c-700x630.webp 700w, https:\/\/www.slsele.com\/wp-content\/uploads\/2024\/06\/\u8be6\u60c5\u56fe8_\u7ed3\u679c-600x540.webp 600w, https:\/\/www.slsele.com\/wp-content\/uploads\/2024\/06\/\u8be6\u60c5\u56fe8_\u7ed3\u679c.webp 1234w\" sizes=\"auto, (max-width: 1024px) 100vw, 1024px\" \/> <img loading=\"lazy\" decoding=\"async\" class=\"aligncenter size-large wp-image-2462\" src=\"https:\/\/slsele.com\/wp-content\/uploads\/2024\/06\/\u8be6\u60c5\u56fe9_\u7ed3\u679c-1024x720.webp\" alt=\"\" width=\"1024\" height=\"720\" srcset=\"https:\/\/www.slsele.com\/wp-content\/uploads\/2024\/06\/\u8be6\u60c5\u56fe9_\u7ed3\u679c-1024x720.webp 1024w, https:\/\/www.slsele.com\/wp-content\/uploads\/2024\/06\/\u8be6\u60c5\u56fe9_\u7ed3\u679c-300x211.webp 300w, https:\/\/www.slsele.com\/wp-content\/uploads\/2024\/06\/\u8be6\u60c5\u56fe9_\u7ed3\u679c-768x540.webp 768w, https:\/\/www.slsele.com\/wp-content\/uploads\/2024\/06\/\u8be6\u60c5\u56fe9_\u7ed3\u679c-18x12.webp 18w, https:\/\/www.slsele.com\/wp-content\/uploads\/2024\/06\/\u8be6\u60c5\u56fe9_\u7ed3\u679c-700x493.webp 700w, https:\/\/www.slsele.com\/wp-content\/uploads\/2024\/06\/\u8be6\u60c5\u56fe9_\u7ed3\u679c-600x422.webp 600w, https:\/\/www.slsele.com\/wp-content\/uploads\/2024\/06\/\u8be6\u60c5\u56fe9_\u7ed3\u679c.webp 1029w\" sizes=\"auto, (max-width: 1024px) 100vw, 1024px\" \/><\/p>\n<h3 style=\"font-size: 20px; text-align: left;\"><strong>Especificaciones<\/strong><\/h3>\n<p style=\"margin: 0cm; text-align: left;\"><strong><span lang=\"EN-US\" style=\"font-weight: normal;\">Nombre del producto: <span style=\"color: #0e101a;\">interruptor de luz con sensor de movimiento inteligente<\/span><\/span><\/strong><\/p>\n<p style=\"margin: 0cm; text-align: left;\"><strong><span lang=\"EN-US\" style=\"color: #0e101a; font-weight: normal;\">Est\u00e1ndar del producto: <\/span><\/strong><strong><span lang=\"EN-US\" style=\"font-weight: normal;\">Est\u00e1ndar de la UE<\/span><\/strong><\/p>\n<p style=\"margin: 0cm; text-align: left;\"><strong><span lang=\"EN-US\" style=\"color: #0e101a; font-weight: normal;\">Dimensiones del producto: 80*80mm<\/span><\/strong><\/p>\n<p style=\"margin: 0cm; text-align: left;\"><span lang=\"EN-US\" style=\"font-family: 'Times New Roman',serif; color: #0e101a;\">Voltaje de funcionamiento: AC110V-240V<\/span><\/p>\n<p style=\"margin: 0cm; text-align: left;\"><span lang=\"EN-US\" style=\"font-family: 'Times New Roman',serif; color: #0e101a;\">Frecuencia de trabajo: 50\/60Hz<\/span><\/p>\n<p style=\"margin: 0cm; text-align: left;\"><span lang=\"EN-US\" style=\"font-family: 'Times New Roman',serif; color: #0e101a;\">Potencia nominal: 500W<\/span><\/p>\n<p style=\"margin: 0cm; text-align: left;\"><span lang=\"EN-US\" style=\"font-family: 'Times New Roman',serif; color: #0e101a;\">Distancia de detecci\u00f3n: 10 m m\u00e1x.<\/span><\/p>\n<p style=\"margin: 0cm; text-align: left;\"><span lang=\"EN-US\" style=\"font-family: 'Times New Roman',serif; color: #0e101a;\">Rango de detecci\u00f3n:&gt;140\u00b0<\/span><\/p>\n<p style=\"margin: 0cm; text-align: left;\"><span lang=\"EN-US\" style=\"font-family: 'Times New Roman',serif; color: #0e101a;\">Velocidad de movimiento de detecci\u00f3n: 0,6 ~ 1,5 m\/s<\/span><\/p>\n<p style=\"margin: 0cm; text-align: left;\"><span lang=\"EN-US\" style=\"font-family: 'Times New Roman',serif; color: #0e101a;\">Control de luz: 3lux~1000lux(ajustable)<\/span><\/p>\n<p style=\"margin: 0cm; text-align: left;\"><span lang=\"EN-US\" style=\"font-family: 'Times New Roman',serif; color: #0e101a;\">Retardo de tiempo: 5 segundos ~ 7 min \u00b1 2 min (ajustable)<\/span><\/p>\n<p style=\"margin: 0cm; text-align: left;\"><span lang=\"EN-US\" style=\"font-family: 'Times New Roman',serif; color: #0e101a;\">Altura de instalaci\u00f3n: 0,4 m ~ 1,8 m<\/span><\/p>\n<p style=\"margin: 0cm; text-align: left;\"><span lang=\"EN-US\" style=\"font-family: 'Times New Roman',serif; color: #0e101a;\">Consumo de energ\u00eda: 0,45 W<\/span><\/p>\n<p style=\"margin: 0cm; text-align: left;\"><span lang=\"EN-US\" style=\"font-family: 'Times New Roman',serif; color: #0e101a;\">Humedad de trabajo: &lt;93%RH<\/span><\/p>\n<p style=\"margin: 0cm; text-align: left;\"><span lang=\"EN-US\" style=\"font-family: 'Times New Roman',serif; color: #0e101a;\">Temperatura de trabajo: -20 ~ 40 \u2103<\/span><\/p>","protected":false},"excerpt":{"rendered":"<p style=\"margin: 0cm;\"><strong><span lang=\"EN-US\" style=\"color: #0e101a; font-weight: normal;\">El interruptor de luz con sensor de movimiento inteligente tiene multifunci\u00f3n, pr\u00e1ctico, buena apariencia, amplio voltaje de trabajo, instalaci\u00f3n conveniente, indicaci\u00f3n de detecci\u00f3n, modo de trabajo m\u00faltiple, etc. Cumple con los est\u00e1ndares europeos y es adecuado para el control autom\u00e1tico de hogares, hoteles y empresas. . Puede ser ampliamente utilizado para incandescentes, de ahorro de energ\u00eda, LED, etc.<\/span><\/strong><\/p>","protected":false},"featured_media":2463,"comment_status":"open","ping_status":"closed","template":"","meta":[],"product_brand":[],"product_cat":[15,24],"product_tag":[],"class_list":{"0":"post-2459","1":"product","2":"type-product","3":"status-publish","4":"has-post-thumbnail","6":"product_cat-smart-switch","7":"product_cat-eu-smart-dimmer-switch","9":"first","10":"instock","11":"shipping-taxable","12":"purchasable","13":"product-type-simple"},"_links":{"self":[{"href":"https:\/\/www.slsele.com\/es\/wp-json\/wp\/v2\/product\/2459","targetHints":{"allow":["GET"]}}],"collection":[{"href":"https:\/\/www.slsele.com\/es\/wp-json\/wp\/v2\/product"}],"about":[{"href":"https:\/\/www.slsele.com\/es\/wp-json\/wp\/v2\/types\/product"}],"replies":[{"embeddable":true,"href":"https:\/\/www.slsele.com\/es\/wp-json\/wp\/v2\/comments?post=2459"}],"wp:featuredmedia":[{"embeddable":true,"href":"https:\/\/www.slsele.com\/es\/wp-json\/wp\/v2\/media\/2463"}],"wp:attachment":[{"href":"https:\/\/www.slsele.com\/es\/wp-json\/wp\/v2\/media?parent=2459"}],"wp:term":[{"taxonomy":"product_brand","embeddable":true,"href":"https:\/\/www.slsele.com\/es\/wp-json\/wp\/v2\/product_brand?post=2459"},{"taxonomy":"product_cat","embeddable":true,"href":"https:\/\/www.slsele.com\/es\/wp-json\/wp\/v2\/product_cat?post=2459"},{"taxonomy":"product_tag","embeddable":true,"href":"https:\/\/www.slsele.com\/es\/wp-json\/wp\/v2\/product_tag?post=2459"}],"curies":[{"name":"wp","href":"https:\/\/api.w.org\/{rel}","templated":true}]}}