{"id":2385,"date":"2024-06-21T14:59:03","date_gmt":"2024-06-21T06:59:03","guid":{"rendered":"https:\/\/slsele.com\/?post_type=product&#038;p=2385"},"modified":"2024-06-21T14:59:04","modified_gmt":"2024-06-21T06:59:04","slug":"smart-roller-blind-chain-motor","status":"publish","type":"product","link":"https:\/\/www.slsele.com\/es\/producto\/smart-roller-blind-chain-motor\/","title":{"rendered":"Motor de cadena de persiana enrollable inteligente"},"content":{"rendered":"<h3 style=\"text-align: center;\">Motor de cadena de persiana enrollable inteligente WiFi\/ Zigbee<\/h3>\n<p><img loading=\"lazy\" decoding=\"async\" class=\"aligncenter size-full wp-image-2368\" src=\"https:\/\/slsele.com\/wp-content\/uploads\/2024\/06\/Zigbee-\u62c9\u7ef3\u7535\u673a-1_\u7ed3\u679c.webp\" alt=\"\" width=\"1001\" height=\"1001\" srcset=\"https:\/\/www.slsele.com\/wp-content\/uploads\/2024\/06\/Zigbee-\u62c9\u7ef3\u7535\u673a-1_\u7ed3\u679c.webp 1001w, https:\/\/www.slsele.com\/wp-content\/uploads\/2024\/06\/Zigbee-\u62c9\u7ef3\u7535\u673a-1_\u7ed3\u679c-300x300.webp 300w, https:\/\/www.slsele.com\/wp-content\/uploads\/2024\/06\/Zigbee-\u62c9\u7ef3\u7535\u673a-1_\u7ed3\u679c-150x150.webp 150w, https:\/\/www.slsele.com\/wp-content\/uploads\/2024\/06\/Zigbee-\u62c9\u7ef3\u7535\u673a-1_\u7ed3\u679c-768x768.webp 768w, https:\/\/www.slsele.com\/wp-content\/uploads\/2024\/06\/Zigbee-\u62c9\u7ef3\u7535\u673a-1_\u7ed3\u679c-12x12.webp 12w, https:\/\/www.slsele.com\/wp-content\/uploads\/2024\/06\/Zigbee-\u62c9\u7ef3\u7535\u673a-1_\u7ed3\u679c-570x570.webp 570w, https:\/\/www.slsele.com\/wp-content\/uploads\/2024\/06\/Zigbee-\u62c9\u7ef3\u7535\u673a-1_\u7ed3\u679c-500x500.webp 500w, https:\/\/www.slsele.com\/wp-content\/uploads\/2024\/06\/Zigbee-\u62c9\u7ef3\u7535\u673a-1_\u7ed3\u679c-700x700.webp 700w, https:\/\/www.slsele.com\/wp-content\/uploads\/2024\/06\/Zigbee-\u62c9\u7ef3\u7535\u673a-1_\u7ed3\u679c-600x600.webp 600w, https:\/\/www.slsele.com\/wp-content\/uploads\/2024\/06\/Zigbee-\u62c9\u7ef3\u7535\u673a-1_\u7ed3\u679c-100x100.webp 100w, https:\/\/www.slsele.com\/wp-content\/uploads\/2024\/06\/Zigbee-\u62c9\u7ef3\u7535\u673a-1_\u7ed3\u679c-50x50.webp 50w\" sizes=\"auto, (max-width: 1001px) 100vw, 1001px\" \/><\/p>\n<ol>\n<li>\n<h5 style=\"text-align: left;\">El protocolo ZigBee requiere que se conecte un concentrador ZigBee (no incluido) para funcionar; le permite automatizar sus persianas, cortinas y cortinas existentes de una manera sencilla y rentable; el motor se puede configurar con l\u00edmites de posici\u00f3n superior e inferior que se almacenan incluso sin energ\u00eda; la velocidad del motor tambi\u00e9n se puede ajustar mediante la aplicaci\u00f3n; compatible con una amplia variedad de cortinas, persianas, cortinas y cortinas.<\/h5>\n<\/li>\n<li style=\"text-align: left;\">\n<h5>Actualizado para ser compatible con Alexa y Google Home para un control de voz manos libres perfecto para encender\/apagar.<\/h5>\n<\/li>\n<li style=\"text-align: left;\">\n<h5>Controle sus persianas directamente a trav\u00e9s de una aplicaci\u00f3n o una tira t\u00e1ctil intuitiva, o use el control remoto inal\u00e1mbrico conectado a su concentrador.<\/h5>\n<\/li>\n<li style=\"text-align: left;\">\n<h5>Se alimenta mediante cargador (adaptador incluido) con bater\u00eda de litio de alta capacidad para garantizar un rendimiento duradero y un bajo consumo de energ\u00eda.<\/h5>\n<\/li>\n<li>\n<h5 style=\"text-align: left;\">Establezca horarios y temporizadores de forma independiente para adaptarlos a su estilo de vida; f\u00e1cil de instalar en cuesti\u00f3n de minutos y sencillo de operar; Funciona con cualquier cadena de cuentas de pl\u00e1stico o cadena de cuentas de metal.<\/h5>\n<\/li>\n<\/ol>\n<h5><img loading=\"lazy\" decoding=\"async\" class=\"aligncenter size-full wp-image-2369\" src=\"https:\/\/slsele.com\/wp-content\/uploads\/2024\/06\/Zigbee-\u62c9\u7ef3\u7535\u673a-2_\u7ed3\u679c.webp\" alt=\"\" width=\"1001\" height=\"1001\" srcset=\"https:\/\/www.slsele.com\/wp-content\/uploads\/2024\/06\/Zigbee-\u62c9\u7ef3\u7535\u673a-2_\u7ed3\u679c.webp 1001w, https:\/\/www.slsele.com\/wp-content\/uploads\/2024\/06\/Zigbee-\u62c9\u7ef3\u7535\u673a-2_\u7ed3\u679c-300x300.webp 300w, https:\/\/www.slsele.com\/wp-content\/uploads\/2024\/06\/Zigbee-\u62c9\u7ef3\u7535\u673a-2_\u7ed3\u679c-150x150.webp 150w, https:\/\/www.slsele.com\/wp-content\/uploads\/2024\/06\/Zigbee-\u62c9\u7ef3\u7535\u673a-2_\u7ed3\u679c-768x768.webp 768w, https:\/\/www.slsele.com\/wp-content\/uploads\/2024\/06\/Zigbee-\u62c9\u7ef3\u7535\u673a-2_\u7ed3\u679c-12x12.webp 12w, https:\/\/www.slsele.com\/wp-content\/uploads\/2024\/06\/Zigbee-\u62c9\u7ef3\u7535\u673a-2_\u7ed3\u679c-570x570.webp 570w, https:\/\/www.slsele.com\/wp-content\/uploads\/2024\/06\/Zigbee-\u62c9\u7ef3\u7535\u673a-2_\u7ed3\u679c-500x500.webp 500w, https:\/\/www.slsele.com\/wp-content\/uploads\/2024\/06\/Zigbee-\u62c9\u7ef3\u7535\u673a-2_\u7ed3\u679c-700x700.webp 700w, https:\/\/www.slsele.com\/wp-content\/uploads\/2024\/06\/Zigbee-\u62c9\u7ef3\u7535\u673a-2_\u7ed3\u679c-600x600.webp 600w, https:\/\/www.slsele.com\/wp-content\/uploads\/2024\/06\/Zigbee-\u62c9\u7ef3\u7535\u673a-2_\u7ed3\u679c-100x100.webp 100w, https:\/\/www.slsele.com\/wp-content\/uploads\/2024\/06\/Zigbee-\u62c9\u7ef3\u7535\u673a-2_\u7ed3\u679c-50x50.webp 50w\" sizes=\"auto, (max-width: 1001px) 100vw, 1001px\" \/><img loading=\"lazy\" decoding=\"async\" class=\"aligncenter size-full wp-image-2370\" src=\"https:\/\/slsele.com\/wp-content\/uploads\/2024\/06\/Zigbee-\u62c9\u7ef3\u7535\u673a-3_\u7ed3\u679c.webp\" alt=\"\" width=\"1001\" height=\"1001\" srcset=\"https:\/\/www.slsele.com\/wp-content\/uploads\/2024\/06\/Zigbee-\u62c9\u7ef3\u7535\u673a-3_\u7ed3\u679c.webp 1001w, https:\/\/www.slsele.com\/wp-content\/uploads\/2024\/06\/Zigbee-\u62c9\u7ef3\u7535\u673a-3_\u7ed3\u679c-300x300.webp 300w, https:\/\/www.slsele.com\/wp-content\/uploads\/2024\/06\/Zigbee-\u62c9\u7ef3\u7535\u673a-3_\u7ed3\u679c-150x150.webp 150w, https:\/\/www.slsele.com\/wp-content\/uploads\/2024\/06\/Zigbee-\u62c9\u7ef3\u7535\u673a-3_\u7ed3\u679c-768x768.webp 768w, https:\/\/www.slsele.com\/wp-content\/uploads\/2024\/06\/Zigbee-\u62c9\u7ef3\u7535\u673a-3_\u7ed3\u679c-12x12.webp 12w, https:\/\/www.slsele.com\/wp-content\/uploads\/2024\/06\/Zigbee-\u62c9\u7ef3\u7535\u673a-3_\u7ed3\u679c-570x570.webp 570w, https:\/\/www.slsele.com\/wp-content\/uploads\/2024\/06\/Zigbee-\u62c9\u7ef3\u7535\u673a-3_\u7ed3\u679c-500x500.webp 500w, https:\/\/www.slsele.com\/wp-content\/uploads\/2024\/06\/Zigbee-\u62c9\u7ef3\u7535\u673a-3_\u7ed3\u679c-700x700.webp 700w, https:\/\/www.slsele.com\/wp-content\/uploads\/2024\/06\/Zigbee-\u62c9\u7ef3\u7535\u673a-3_\u7ed3\u679c-600x600.webp 600w, https:\/\/www.slsele.com\/wp-content\/uploads\/2024\/06\/Zigbee-\u62c9\u7ef3\u7535\u673a-3_\u7ed3\u679c-100x100.webp 100w, https:\/\/www.slsele.com\/wp-content\/uploads\/2024\/06\/Zigbee-\u62c9\u7ef3\u7535\u673a-3_\u7ed3\u679c-50x50.webp 50w\" sizes=\"auto, (max-width: 1001px) 100vw, 1001px\" \/><img loading=\"lazy\" decoding=\"async\" class=\"aligncenter size-full wp-image-2371\" src=\"https:\/\/slsele.com\/wp-content\/uploads\/2024\/06\/Zigbee-\u62c9\u7ef3\u7535\u673a-4_\u7ed3\u679c.webp\" alt=\"\" width=\"1001\" height=\"1001\" srcset=\"https:\/\/www.slsele.com\/wp-content\/uploads\/2024\/06\/Zigbee-\u62c9\u7ef3\u7535\u673a-4_\u7ed3\u679c.webp 1001w, https:\/\/www.slsele.com\/wp-content\/uploads\/2024\/06\/Zigbee-\u62c9\u7ef3\u7535\u673a-4_\u7ed3\u679c-300x300.webp 300w, https:\/\/www.slsele.com\/wp-content\/uploads\/2024\/06\/Zigbee-\u62c9\u7ef3\u7535\u673a-4_\u7ed3\u679c-150x150.webp 150w, https:\/\/www.slsele.com\/wp-content\/uploads\/2024\/06\/Zigbee-\u62c9\u7ef3\u7535\u673a-4_\u7ed3\u679c-768x768.webp 768w, https:\/\/www.slsele.com\/wp-content\/uploads\/2024\/06\/Zigbee-\u62c9\u7ef3\u7535\u673a-4_\u7ed3\u679c-12x12.webp 12w, https:\/\/www.slsele.com\/wp-content\/uploads\/2024\/06\/Zigbee-\u62c9\u7ef3\u7535\u673a-4_\u7ed3\u679c-570x570.webp 570w, https:\/\/www.slsele.com\/wp-content\/uploads\/2024\/06\/Zigbee-\u62c9\u7ef3\u7535\u673a-4_\u7ed3\u679c-500x500.webp 500w, https:\/\/www.slsele.com\/wp-content\/uploads\/2024\/06\/Zigbee-\u62c9\u7ef3\u7535\u673a-4_\u7ed3\u679c-700x700.webp 700w, https:\/\/www.slsele.com\/wp-content\/uploads\/2024\/06\/Zigbee-\u62c9\u7ef3\u7535\u673a-4_\u7ed3\u679c-600x600.webp 600w, https:\/\/www.slsele.com\/wp-content\/uploads\/2024\/06\/Zigbee-\u62c9\u7ef3\u7535\u673a-4_\u7ed3\u679c-100x100.webp 100w, https:\/\/www.slsele.com\/wp-content\/uploads\/2024\/06\/Zigbee-\u62c9\u7ef3\u7535\u673a-4_\u7ed3\u679c-50x50.webp 50w\" sizes=\"auto, (max-width: 1001px) 100vw, 1001px\" \/><img loading=\"lazy\" decoding=\"async\" class=\"aligncenter size-full wp-image-2378\" src=\"https:\/\/slsele.com\/wp-content\/uploads\/2024\/06\/Zigbee-\u62c9\u7ef3\u7535\u673a-11_\u7ed3\u679c.webp\" alt=\"\" width=\"1001\" height=\"1001\" srcset=\"https:\/\/www.slsele.com\/wp-content\/uploads\/2024\/06\/Zigbee-\u62c9\u7ef3\u7535\u673a-11_\u7ed3\u679c.webp 1001w, https:\/\/www.slsele.com\/wp-content\/uploads\/2024\/06\/Zigbee-\u62c9\u7ef3\u7535\u673a-11_\u7ed3\u679c-300x300.webp 300w, https:\/\/www.slsele.com\/wp-content\/uploads\/2024\/06\/Zigbee-\u62c9\u7ef3\u7535\u673a-11_\u7ed3\u679c-150x150.webp 150w, https:\/\/www.slsele.com\/wp-content\/uploads\/2024\/06\/Zigbee-\u62c9\u7ef3\u7535\u673a-11_\u7ed3\u679c-768x768.webp 768w, https:\/\/www.slsele.com\/wp-content\/uploads\/2024\/06\/Zigbee-\u62c9\u7ef3\u7535\u673a-11_\u7ed3\u679c-12x12.webp 12w, https:\/\/www.slsele.com\/wp-content\/uploads\/2024\/06\/Zigbee-\u62c9\u7ef3\u7535\u673a-11_\u7ed3\u679c-570x570.webp 570w, https:\/\/www.slsele.com\/wp-content\/uploads\/2024\/06\/Zigbee-\u62c9\u7ef3\u7535\u673a-11_\u7ed3\u679c-500x500.webp 500w, https:\/\/www.slsele.com\/wp-content\/uploads\/2024\/06\/Zigbee-\u62c9\u7ef3\u7535\u673a-11_\u7ed3\u679c-700x700.webp 700w, https:\/\/www.slsele.com\/wp-content\/uploads\/2024\/06\/Zigbee-\u62c9\u7ef3\u7535\u673a-11_\u7ed3\u679c-600x600.webp 600w, https:\/\/www.slsele.com\/wp-content\/uploads\/2024\/06\/Zigbee-\u62c9\u7ef3\u7535\u673a-11_\u7ed3\u679c-100x100.webp 100w, https:\/\/www.slsele.com\/wp-content\/uploads\/2024\/06\/Zigbee-\u62c9\u7ef3\u7535\u673a-11_\u7ed3\u679c-50x50.webp 50w\" sizes=\"auto, (max-width: 1001px) 100vw, 1001px\" \/><img loading=\"lazy\" decoding=\"async\" class=\"aligncenter size-full wp-image-2384\" src=\"https:\/\/slsele.com\/wp-content\/uploads\/2024\/06\/Zigbee-\u62c9\u7ef3\u7535\u673a-18_\u7ed3\u679c.webp\" alt=\"\" width=\"1001\" height=\"1001\" srcset=\"https:\/\/www.slsele.com\/wp-content\/uploads\/2024\/06\/Zigbee-\u62c9\u7ef3\u7535\u673a-18_\u7ed3\u679c.webp 1001w, https:\/\/www.slsele.com\/wp-content\/uploads\/2024\/06\/Zigbee-\u62c9\u7ef3\u7535\u673a-18_\u7ed3\u679c-300x300.webp 300w, https:\/\/www.slsele.com\/wp-content\/uploads\/2024\/06\/Zigbee-\u62c9\u7ef3\u7535\u673a-18_\u7ed3\u679c-150x150.webp 150w, https:\/\/www.slsele.com\/wp-content\/uploads\/2024\/06\/Zigbee-\u62c9\u7ef3\u7535\u673a-18_\u7ed3\u679c-768x768.webp 768w, https:\/\/www.slsele.com\/wp-content\/uploads\/2024\/06\/Zigbee-\u62c9\u7ef3\u7535\u673a-18_\u7ed3\u679c-12x12.webp 12w, https:\/\/www.slsele.com\/wp-content\/uploads\/2024\/06\/Zigbee-\u62c9\u7ef3\u7535\u673a-18_\u7ed3\u679c-570x570.webp 570w, https:\/\/www.slsele.com\/wp-content\/uploads\/2024\/06\/Zigbee-\u62c9\u7ef3\u7535\u673a-18_\u7ed3\u679c-500x500.webp 500w, https:\/\/www.slsele.com\/wp-content\/uploads\/2024\/06\/Zigbee-\u62c9\u7ef3\u7535\u673a-18_\u7ed3\u679c-700x700.webp 700w, https:\/\/www.slsele.com\/wp-content\/uploads\/2024\/06\/Zigbee-\u62c9\u7ef3\u7535\u673a-18_\u7ed3\u679c-600x600.webp 600w, https:\/\/www.slsele.com\/wp-content\/uploads\/2024\/06\/Zigbee-\u62c9\u7ef3\u7535\u673a-18_\u7ed3\u679c-100x100.webp 100w, https:\/\/www.slsele.com\/wp-content\/uploads\/2024\/06\/Zigbee-\u62c9\u7ef3\u7535\u673a-18_\u7ed3\u679c-50x50.webp 50w\" sizes=\"auto, (max-width: 1001px) 100vw, 1001px\" \/><\/h5>\n<p style=\"text-align: left;\">Preguntas y respuestas:<\/p>\n<ol style=\"text-align: left;\">\n<li>P: \u00bfPuedo compartir el control con miembros de la familia para controlar las persianas juntos?<\/li>\n<\/ol>\n<p style=\"text-align: left;\">\u00a0\u00a0R: S\u00ed, esta nueva versi\u00f3n de actualizaci\u00f3n es compatible con la aplicaci\u00f3n Smart Life Tuya que permite compartir dispositivos con los miembros de su familia para mayor comodidad.<\/p>\n<ol style=\"text-align: left;\" start=\"2\">\n<li>P: \u00bfEl motor funciona con Google Home o Alexa?<\/li>\n<\/ol>\n<p style=\"text-align: left;\">\u00a0\u00a0R: S\u00ed, este motor funciona con Alexa y Google Home para un control de voz sencillo.<\/p>\n<ol style=\"text-align: left;\" start=\"3\">\n<li>P: \u00bfSolo admite el control a trav\u00e9s de la aplicaci\u00f3n? \u00bfQu\u00e9 pasa con las personas mayores que no pueden usar la aplicaci\u00f3n?<\/li>\n<\/ol>\n<p style=\"text-align: left;\">\u00a0\u00a0R: El control de la aplicaci\u00f3n gratuita es solo una forma de controlar. Para las personas mayores, pueden simplemente presionar el bot\u00f3n ARRIBA\/ABAJO en el motor para controlarlo sin usar la aplicaci\u00f3n.<\/p>\n<ol style=\"text-align: left;\" start=\"4\">\n<li>P: \u00bfNecesito conectarme con Bluetooth antes de su uso normal?<\/li>\n<\/ol>\n<p style=\"text-align: left;\">\u00a0\u00a0R: No, nuestro motor tiene un nuevo dise\u00f1o y no requiere Bluetooth. Es una versi\u00f3n inteligente ZigBee.<\/p>\n<ol style=\"text-align: left;\" start=\"5\">\n<li>P: Si tengo varios motores de este tipo, \u00bfpuedo usar una aplicaci\u00f3n para controlarlos juntos?<\/li>\n<\/ol>\n<p style=\"text-align: left;\">\u00a0\u00a0R:S\u00ed, la aplicaci\u00f3n puede agregar un m\u00e1ximo de 7 dispositivos.<\/p>\n<ol style=\"text-align: left;\" start=\"6\">\n<li>P: \u00bfPuedo usar este motor para controlar persianas celulares, de tipo panal o verticales con cable de bucle?<\/li>\n<\/ol>\n<p style=\"text-align: left;\">\u00a0\u00a0R: Absolutamente, este motor funciona con cualquier cadena de cuentas de pl\u00e1stico o cadena de cuentas de metal que tenga un bucle.<\/p>\n<ol style=\"text-align: left;\" start=\"7\">\n<li>P: \u00bfSe requiere un concentrador para este dispositivo?<\/li>\n<\/ol>\n<p style=\"text-align: left;\">\u00a0R: S\u00ed, es un dispositivo con protocolo ZigBee que requiere un concentrador ZigBee para su uso normal.<\/p>\n<ol style=\"text-align: left;\" start=\"8\">\n<li>P: \u00bfEl concentrador est\u00e1 incluido en el paquete?<\/li>\n<\/ol>\n<p style=\"text-align: left;\">\u00a0\u00a0R: No, el concentrador no est\u00e1 incluido en el paquete, necesita una compra por separado en nuestra tienda en l\u00ednea.<\/p>","protected":false},"excerpt":{"rendered":"<h5>Automatiza tus persianas, cortinas y persianas existentes de la forma m\u00e1s sencilla y rentable. El motor puede establecer posiciones de l\u00edmite superior e inferior y los l\u00edmites se pueden guardar incluso cuando est\u00e1 apagado.<\/h5>","protected":false},"featured_media":2368,"comment_status":"open","ping_status":"closed","template":"","meta":[],"product_brand":[],"product_cat":[19],"product_tag":[],"class_list":{"0":"post-2385","1":"product","2":"type-product","3":"status-publish","4":"has-post-thumbnail","6":"product_cat-smart-controller","8":"first","9":"instock","10":"shipping-taxable","11":"purchasable","12":"product-type-simple"},"_links":{"self":[{"href":"https:\/\/www.slsele.com\/es\/wp-json\/wp\/v2\/product\/2385","targetHints":{"allow":["GET"]}}],"collection":[{"href":"https:\/\/www.slsele.com\/es\/wp-json\/wp\/v2\/product"}],"about":[{"href":"https:\/\/www.slsele.com\/es\/wp-json\/wp\/v2\/types\/product"}],"replies":[{"embeddable":true,"href":"https:\/\/www.slsele.com\/es\/wp-json\/wp\/v2\/comments?post=2385"}],"wp:featuredmedia":[{"embeddable":true,"href":"https:\/\/www.slsele.com\/es\/wp-json\/wp\/v2\/media\/2368"}],"wp:attachment":[{"href":"https:\/\/www.slsele.com\/es\/wp-json\/wp\/v2\/media?parent=2385"}],"wp:term":[{"taxonomy":"product_brand","embeddable":true,"href":"https:\/\/www.slsele.com\/es\/wp-json\/wp\/v2\/product_brand?post=2385"},{"taxonomy":"product_cat","embeddable":true,"href":"https:\/\/www.slsele.com\/es\/wp-json\/wp\/v2\/product_cat?post=2385"},{"taxonomy":"product_tag","embeddable":true,"href":"https:\/\/www.slsele.com\/es\/wp-json\/wp\/v2\/product_tag?post=2385"}],"curies":[{"name":"wp","href":"https:\/\/api.w.org\/{rel}","templated":true}]}}