{"id":2347,"date":"2024-06-21T14:38:26","date_gmt":"2024-06-21T06:38:26","guid":{"rendered":"https:\/\/slsele.com\/?post_type=product&#038;p=2347"},"modified":"2024-09-02T16:37:25","modified_gmt":"2024-09-02T08:37:25","slug":"wifi-curtain-switch-relay-module","status":"publish","type":"product","link":"https:\/\/www.slsele.com\/es\/producto\/wifi-curtain-switch-relay-module\/","title":{"rendered":"M\u00f3dulo de rel\u00e9 de interruptor de cortina WiFi"},"content":{"rendered":"<h3 style=\"text-align: center;\"><strong><b>M\u00f3dulo de rel\u00e9 de conmutaci\u00f3n de cortina WiFi\/Zigbee<\/b><\/strong><\/h3>\n<p style=\"text-align: left;\">El m\u00f3dulo de interruptor de cortina inteligente cuenta con un control de porcentaje de apertura de cortina y una funci\u00f3n de calibraci\u00f3n precisa, lo que permite a los usuarios definir el grado de apertura de la cortina mediante una barra de porcentaje o mediante comandos de voz para una experiencia m\u00e1s personalizada. Este m\u00f3dulo permite configurar la direcci\u00f3n de giro del motor, lo que garantiza un funcionamiento preciso seg\u00fan las preferencias del usuario o los requisitos de instalaci\u00f3n.<\/p>\n<p>&nbsp;<\/p>\n<p style=\"text-align: left;\">Adem\u00e1s, ofrece un dise\u00f1o de carrocer\u00eda MINI que facilita la conducci\u00f3n.<a href=\"https:\/\/www.slsele.com\/es\/producto\/wifi-smart-curtain-switch\/\" target=\"_blank\" rel=\"noopener\">t instalaci\u00f3n en una caja inferior de interruptor est\u00e1ndar,<\/a> Se integra perfectamente con el interruptor mec\u00e1nico existente del motor de la cortina para lograr un aspecto limpio y profesional. Este dise\u00f1o compacto ahorra espacio y permite una instalaci\u00f3n r\u00e1pida y sin complicaciones, sin necesidad de cableado complejo ni hardware adicional.<\/p>\n<p><img loading=\"lazy\" decoding=\"async\" class=\"aligncenter wp-image-2359 size-full\" src=\"https:\/\/slsele.com\/wp-content\/uploads\/2024\/06\/WC02-4_\u7ed3\u679c.webp\" alt=\"M\u00f3dulo de rel\u00e9\" width=\"790\" height=\"847\" srcset=\"https:\/\/www.slsele.com\/wp-content\/uploads\/2024\/06\/WC02-4_\u7ed3\u679c.webp 790w, https:\/\/www.slsele.com\/wp-content\/uploads\/2024\/06\/WC02-4_\u7ed3\u679c-280x300.webp 280w, https:\/\/www.slsele.com\/wp-content\/uploads\/2024\/06\/WC02-4_\u7ed3\u679c-768x823.webp 768w, https:\/\/www.slsele.com\/wp-content\/uploads\/2024\/06\/WC02-4_\u7ed3\u679c-11x12.webp 11w, https:\/\/www.slsele.com\/wp-content\/uploads\/2024\/06\/WC02-4_\u7ed3\u679c-700x751.webp 700w, https:\/\/www.slsele.com\/wp-content\/uploads\/2024\/06\/WC02-4_\u7ed3\u679c-600x643.webp 600w\" sizes=\"auto, (max-width: 790px) 100vw, 790px\" \/><\/p>\n<p><img loading=\"lazy\" decoding=\"async\" class=\"aligncenter size-full wp-image-2361\" src=\"https:\/\/slsele.com\/wp-content\/uploads\/2024\/06\/WC02-6_\u7ed3\u679c.webp\" alt=\"\" width=\"790\" height=\"712\" srcset=\"https:\/\/www.slsele.com\/wp-content\/uploads\/2024\/06\/WC02-6_\u7ed3\u679c.webp 790w, https:\/\/www.slsele.com\/wp-content\/uploads\/2024\/06\/WC02-6_\u7ed3\u679c-300x270.webp 300w, https:\/\/www.slsele.com\/wp-content\/uploads\/2024\/06\/WC02-6_\u7ed3\u679c-768x692.webp 768w, https:\/\/www.slsele.com\/wp-content\/uploads\/2024\/06\/WC02-6_\u7ed3\u679c-13x12.webp 13w, https:\/\/www.slsele.com\/wp-content\/uploads\/2024\/06\/WC02-6_\u7ed3\u679c-700x631.webp 700w, https:\/\/www.slsele.com\/wp-content\/uploads\/2024\/06\/WC02-6_\u7ed3\u679c-600x541.webp 600w\" sizes=\"auto, (max-width: 790px) 100vw, 790px\" \/><\/p>\n<p><img loading=\"lazy\" decoding=\"async\" class=\"aligncenter wp-image-2351 size-large\" src=\"https:\/\/slsele.com\/wp-content\/uploads\/2024\/06\/WC01-4-780x1024.jpg\" alt=\"El m\u00f3dulo de rel\u00e9 del interruptor de cortina es compatible con muchos interruptores\" width=\"780\" height=\"1024\" srcset=\"https:\/\/www.slsele.com\/wp-content\/uploads\/2024\/06\/WC01-4-780x1024.jpg 780w, https:\/\/www.slsele.com\/wp-content\/uploads\/2024\/06\/WC01-4-229x300.jpg 229w, https:\/\/www.slsele.com\/wp-content\/uploads\/2024\/06\/WC01-4-768x1008.jpg 768w, https:\/\/www.slsele.com\/wp-content\/uploads\/2024\/06\/WC01-4-1171x1536.jpg 1171w, https:\/\/www.slsele.com\/wp-content\/uploads\/2024\/06\/WC01-4-9x12.jpg 9w, https:\/\/www.slsele.com\/wp-content\/uploads\/2024\/06\/WC01-4-700x918.jpg 700w, https:\/\/www.slsele.com\/wp-content\/uploads\/2024\/06\/WC01-4-600x787.jpg 600w, https:\/\/www.slsele.com\/wp-content\/uploads\/2024\/06\/WC01-4.jpg 1211w\" sizes=\"auto, (max-width: 780px) 100vw, 780px\" \/><\/p>\n<h3 style=\"text-align: left;\">Control de aplicaci\u00f3n<\/h3>\n<p style=\"text-align: left;\">Descargue la aplicaci\u00f3n Smart Life\/Tuya Smart en su tel\u00e9fono y tableta para controlar el m\u00f3dulo de atenuaci\u00f3n en cualquier lugar y en cualquier momento.<\/p>\n<p><img loading=\"lazy\" decoding=\"async\" class=\"aligncenter wp-image-2354 size-thumbnail\" src=\"https:\/\/slsele.com\/wp-content\/uploads\/2024\/06\/WC02-11_\u7ed3\u679c-150x150.webp\" alt=\"M\u00f3dulo de rel\u00e9 de interruptor de cortina compatible con control de aplicaci\u00f3n\" width=\"150\" height=\"150\" srcset=\"https:\/\/www.slsele.com\/wp-content\/uploads\/2024\/06\/WC02-11_\u7ed3\u679c-150x150.webp 150w, https:\/\/www.slsele.com\/wp-content\/uploads\/2024\/06\/WC02-11_\u7ed3\u679c-12x12.webp 12w, https:\/\/www.slsele.com\/wp-content\/uploads\/2024\/06\/WC02-11_\u7ed3\u679c-570x570.webp 570w, https:\/\/www.slsele.com\/wp-content\/uploads\/2024\/06\/WC02-11_\u7ed3\u679c-500x500.webp 500w, https:\/\/www.slsele.com\/wp-content\/uploads\/2024\/06\/WC02-11_\u7ed3\u679c-300x300.webp 300w, https:\/\/www.slsele.com\/wp-content\/uploads\/2024\/06\/WC02-11_\u7ed3\u679c-100x100.webp 100w, https:\/\/www.slsele.com\/wp-content\/uploads\/2024\/06\/WC02-11_\u7ed3\u679c-50x50.webp 50w\" sizes=\"auto, (max-width: 150px) 100vw, 150px\" \/><\/p>\n<h3 style=\"text-align: left;\">Control de voz manos libres<\/h3>\n<p style=\"text-align: left;\">Compatible con Amazon <a href=\"https:\/\/www.alexa.com\/\" rel=\"nofollow noopener\" target=\"_blank\">Alexa Echo<\/a> y Google Home, un simple comando para controlar por voz el m\u00f3dulo.<\/p>\n<p><img loading=\"lazy\" decoding=\"async\" class=\"aligncenter wp-image-2355 size-thumbnail\" src=\"https:\/\/slsele.com\/wp-content\/uploads\/2024\/06\/WC02-12_\u7ed3\u679c-150x150.webp\" alt=\"M\u00f3dulo de rel\u00e9 de interruptor de cortina compatible con control de voz\" width=\"150\" height=\"150\" srcset=\"https:\/\/www.slsele.com\/wp-content\/uploads\/2024\/06\/WC02-12_\u7ed3\u679c-150x150.webp 150w, https:\/\/www.slsele.com\/wp-content\/uploads\/2024\/06\/WC02-12_\u7ed3\u679c-570x570.webp 570w, https:\/\/www.slsele.com\/wp-content\/uploads\/2024\/06\/WC02-12_\u7ed3\u679c-500x500.webp 500w, https:\/\/www.slsele.com\/wp-content\/uploads\/2024\/06\/WC02-12_\u7ed3\u679c-300x300.webp 300w, https:\/\/www.slsele.com\/wp-content\/uploads\/2024\/06\/WC02-12_\u7ed3\u679c-100x100.webp 100w, https:\/\/www.slsele.com\/wp-content\/uploads\/2024\/06\/WC02-12_\u7ed3\u679c-50x50.webp 50w\" sizes=\"auto, (max-width: 150px) 100vw, 150px\" \/> <img loading=\"lazy\" decoding=\"async\" class=\"aligncenter size-large wp-image-2356\" src=\"https:\/\/slsele.com\/wp-content\/uploads\/2024\/06\/WC02-2_\u7ed3\u679c.webp\" alt=\"\" width=\"790\" height=\"812\" srcset=\"https:\/\/www.slsele.com\/wp-content\/uploads\/2024\/06\/WC02-2_\u7ed3\u679c.webp 790w, https:\/\/www.slsele.com\/wp-content\/uploads\/2024\/06\/WC02-2_\u7ed3\u679c-292x300.webp 292w, https:\/\/www.slsele.com\/wp-content\/uploads\/2024\/06\/WC02-2_\u7ed3\u679c-768x789.webp 768w, https:\/\/www.slsele.com\/wp-content\/uploads\/2024\/06\/WC02-2_\u7ed3\u679c-12x12.webp 12w, https:\/\/www.slsele.com\/wp-content\/uploads\/2024\/06\/WC02-2_\u7ed3\u679c-700x719.webp 700w, https:\/\/www.slsele.com\/wp-content\/uploads\/2024\/06\/WC02-2_\u7ed3\u679c-600x617.webp 600w, https:\/\/www.slsele.com\/wp-content\/uploads\/2024\/06\/WC02-2_\u7ed3\u679c-50x50.webp 50w\" sizes=\"auto, (max-width: 790px) 100vw, 790px\" \/> <img loading=\"lazy\" decoding=\"async\" class=\"aligncenter size-large wp-image-2358\" src=\"https:\/\/slsele.com\/wp-content\/uploads\/2024\/06\/WC02-32_\u7ed3\u679c.webp\" alt=\"\" width=\"790\" height=\"858\" srcset=\"https:\/\/www.slsele.com\/wp-content\/uploads\/2024\/06\/WC02-32_\u7ed3\u679c.webp 790w, https:\/\/www.slsele.com\/wp-content\/uploads\/2024\/06\/WC02-32_\u7ed3\u679c-276x300.webp 276w, https:\/\/www.slsele.com\/wp-content\/uploads\/2024\/06\/WC02-32_\u7ed3\u679c-768x834.webp 768w, https:\/\/www.slsele.com\/wp-content\/uploads\/2024\/06\/WC02-32_\u7ed3\u679c-11x12.webp 11w, https:\/\/www.slsele.com\/wp-content\/uploads\/2024\/06\/WC02-32_\u7ed3\u679c-700x760.webp 700w, https:\/\/www.slsele.com\/wp-content\/uploads\/2024\/06\/WC02-32_\u7ed3\u679c-600x652.webp 600w\" sizes=\"auto, (max-width: 790px) 100vw, 790px\" \/> <img loading=\"lazy\" decoding=\"async\" class=\"aligncenter wp-image-2360 size-large\" src=\"https:\/\/slsele.com\/wp-content\/uploads\/2024\/06\/WC02-5_\u7ed3\u679c-616x1024.webp\" alt=\"Par\u00e1metros del m\u00f3dulo de rel\u00e9 del interruptor de cortina \" width=\"616\" height=\"1024\" srcset=\"https:\/\/www.slsele.com\/wp-content\/uploads\/2024\/06\/WC02-5_\u7ed3\u679c-616x1024.webp 616w, https:\/\/www.slsele.com\/wp-content\/uploads\/2024\/06\/WC02-5_\u7ed3\u679c-180x300.webp 180w, https:\/\/www.slsele.com\/wp-content\/uploads\/2024\/06\/WC02-5_\u7ed3\u679c-768x1277.webp 768w, https:\/\/www.slsele.com\/wp-content\/uploads\/2024\/06\/WC02-5_\u7ed3\u679c-7x12.webp 7w, https:\/\/www.slsele.com\/wp-content\/uploads\/2024\/06\/WC02-5_\u7ed3\u679c-700x1164.webp 700w, https:\/\/www.slsele.com\/wp-content\/uploads\/2024\/06\/WC02-5_\u7ed3\u679c-600x998.webp 600w, https:\/\/www.slsele.com\/wp-content\/uploads\/2024\/06\/WC02-5_\u7ed3\u679c.webp 790w\" sizes=\"auto, (max-width: 616px) 100vw, 616px\" \/> <img loading=\"lazy\" decoding=\"async\" class=\"aligncenter size-large wp-image-2362\" src=\"https:\/\/slsele.com\/wp-content\/uploads\/2024\/06\/WC02-61_\u7ed3\u679c.webp\" alt=\"\" width=\"790\" height=\"844\" srcset=\"https:\/\/www.slsele.com\/wp-content\/uploads\/2024\/06\/WC02-61_\u7ed3\u679c.webp 790w, https:\/\/www.slsele.com\/wp-content\/uploads\/2024\/06\/WC02-61_\u7ed3\u679c-281x300.webp 281w, https:\/\/www.slsele.com\/wp-content\/uploads\/2024\/06\/WC02-61_\u7ed3\u679c-768x820.webp 768w, https:\/\/www.slsele.com\/wp-content\/uploads\/2024\/06\/WC02-61_\u7ed3\u679c-11x12.webp 11w, https:\/\/www.slsele.com\/wp-content\/uploads\/2024\/06\/WC02-61_\u7ed3\u679c-700x748.webp 700w, https:\/\/www.slsele.com\/wp-content\/uploads\/2024\/06\/WC02-61_\u7ed3\u679c-600x641.webp 600w\" sizes=\"auto, (max-width: 790px) 100vw, 790px\" \/> <img loading=\"lazy\" decoding=\"async\" class=\"aligncenter size-large wp-image-2363\" src=\"https:\/\/slsele.com\/wp-content\/uploads\/2024\/06\/WC02-7_\u7ed3\u679c.webp\" alt=\"\" width=\"790\" height=\"822\" srcset=\"https:\/\/www.slsele.com\/wp-content\/uploads\/2024\/06\/WC02-7_\u7ed3\u679c.webp 790w, https:\/\/www.slsele.com\/wp-content\/uploads\/2024\/06\/WC02-7_\u7ed3\u679c-288x300.webp 288w, https:\/\/www.slsele.com\/wp-content\/uploads\/2024\/06\/WC02-7_\u7ed3\u679c-768x799.webp 768w, https:\/\/www.slsele.com\/wp-content\/uploads\/2024\/06\/WC02-7_\u7ed3\u679c-12x12.webp 12w, https:\/\/www.slsele.com\/wp-content\/uploads\/2024\/06\/WC02-7_\u7ed3\u679c-700x728.webp 700w, https:\/\/www.slsele.com\/wp-content\/uploads\/2024\/06\/WC02-7_\u7ed3\u679c-600x624.webp 600w\" sizes=\"auto, (max-width: 790px) 100vw, 790px\" \/><\/p>","protected":false},"excerpt":{"rendered":"<p>Con el m\u00f3dulo de rel\u00e9 del interruptor de cortina, se puede definir el porcentaje de apertura de la cortina mediante la barra de porcentaje y el control por voz. Tambi\u00e9n se puede configurar la direcci\u00f3n de giro del motor, as\u00ed como la calibraci\u00f3n precisa. Compatible con Amazon Alexa Echo, Google Home, etc., los comandos simples del interruptor de cortina de control por voz ajustan la apertura y el cierre de las cortinas.<\/p>","protected":false},"featured_media":2359,"comment_status":"open","ping_status":"closed","template":"","meta":[],"product_brand":[],"product_cat":[15],"product_tag":[],"class_list":{"0":"post-2347","1":"product","2":"type-product","3":"status-publish","4":"has-post-thumbnail","6":"product_cat-smart-switch","8":"first","9":"instock","10":"shipping-taxable","11":"purchasable","12":"product-type-variable"},"_links":{"self":[{"href":"https:\/\/www.slsele.com\/es\/wp-json\/wp\/v2\/product\/2347","targetHints":{"allow":["GET"]}}],"collection":[{"href":"https:\/\/www.slsele.com\/es\/wp-json\/wp\/v2\/product"}],"about":[{"href":"https:\/\/www.slsele.com\/es\/wp-json\/wp\/v2\/types\/product"}],"replies":[{"embeddable":true,"href":"https:\/\/www.slsele.com\/es\/wp-json\/wp\/v2\/comments?post=2347"}],"wp:featuredmedia":[{"embeddable":true,"href":"https:\/\/www.slsele.com\/es\/wp-json\/wp\/v2\/media\/2359"}],"wp:attachment":[{"href":"https:\/\/www.slsele.com\/es\/wp-json\/wp\/v2\/media?parent=2347"}],"wp:term":[{"taxonomy":"product_brand","embeddable":true,"href":"https:\/\/www.slsele.com\/es\/wp-json\/wp\/v2\/product_brand?post=2347"},{"taxonomy":"product_cat","embeddable":true,"href":"https:\/\/www.slsele.com\/es\/wp-json\/wp\/v2\/product_cat?post=2347"},{"taxonomy":"product_tag","embeddable":true,"href":"https:\/\/www.slsele.com\/es\/wp-json\/wp\/v2\/product_tag?post=2347"}],"curies":[{"name":"wp","href":"https:\/\/api.w.org\/{rel}","templated":true}]}}