{"id":2331,"date":"2024-06-18T17:42:50","date_gmt":"2024-06-18T09:42:50","guid":{"rendered":"https:\/\/slsele.com\/?post_type=product&#038;p=2331"},"modified":"2024-06-19T12:00:53","modified_gmt":"2024-06-19T04:00:53","slug":"us-wifi-fan-and-light-smart-switch","status":"publish","type":"product","link":"https:\/\/www.slsele.com\/es\/producto\/us-wifi-fan-and-light-smart-switch\/","title":{"rendered":"Interruptor inteligente de luz y ventilador WiFi SLS US"},"content":{"rendered":"<h2 style=\"text-align: center; font-size: 30px;\">Interruptor inteligente de luz y ventilador WiFi SLS US<\/h2>\n<h3 style=\"font-size: 20px; text-align: left;\"><strong>Descripci\u00f3n<\/strong><\/h3>\n<p style=\"text-align: left;\">Interruptor inteligente de luz y ventilador WiFi SLS, dise\u00f1ado seg\u00fan los est\u00e1ndares estadounidenses. Controle sin esfuerzo el ventilador y la luz por separado desde cualquier lugar utilizando la red WiFi de su hogar existente, sin necesidad de concentrador. Este interruptor f\u00e1cil de usar reemplaza perfectamente a los interruptores tradicionales y ofrece control a trav\u00e9s de la aplicaci\u00f3n m\u00f3vil &#039;Smart Life&#039; y la funcionalidad t\u00e1ctil.<\/p>\n<p style=\"text-align: left;\">Compatible con Amazon Alexa y Google Home, nuestro interruptor inteligente de ventilador y luz le permite administrar sus dispositivos mediante comandos de voz, lo que le permite encender o apagar el ventilador y la luz y ajustar la velocidad del ventilador. La aplicaci\u00f3n &#039;Smart Life&#039; le permite establecer horarios personalizados o cuentas atr\u00e1s de 1 minuto a 60 minutos, lo que le brinda tranquilidad y ahorro de energ\u00eda al garantizar que sus dispositivos est\u00e9n apagados cuando no los necesite. Disfrute de un control independiente del ventilador y la luz, lo que permite un funcionamiento flexible, como mantener el ventilador funcionando mientras la luz est\u00e1 apagada. Adem\u00e1s, puedes ajustar la velocidad del ventilador con tres configuraciones disponibles a trav\u00e9s de la aplicaci\u00f3n para mantener el nivel de comodidad deseado.<\/p>\n<p style=\"text-align: left;\">Experimente un control y una eficiencia energ\u00e9tica incomparables con el interruptor inteligente de luz y ventilador WiFi SLS, que ofrece la m\u00e1xima comodidad para el hogar inteligente adaptada a los est\u00e1ndares estadounidenses.<\/p>\n<p><img loading=\"lazy\" decoding=\"async\" class=\"aligncenter size-large wp-image-2325\" src=\"https:\/\/slsele.com\/wp-content\/uploads\/2024\/06\/\u8be6\u60c5\u56fe1_\u7ed3\u679c-8-1024x913.webp\" alt=\"Funci\u00f3n de control remoto de la aplicaci\u00f3n de interruptor de luz y ventilador inteligente\" width=\"1024\" height=\"913\" srcset=\"https:\/\/www.slsele.com\/wp-content\/uploads\/2024\/06\/\u8be6\u60c5\u56fe1_\u7ed3\u679c-8-1024x913.webp 1024w, https:\/\/www.slsele.com\/wp-content\/uploads\/2024\/06\/\u8be6\u60c5\u56fe1_\u7ed3\u679c-8-300x267.webp 300w, https:\/\/www.slsele.com\/wp-content\/uploads\/2024\/06\/\u8be6\u60c5\u56fe1_\u7ed3\u679c-8-768x685.webp 768w, https:\/\/www.slsele.com\/wp-content\/uploads\/2024\/06\/\u8be6\u60c5\u56fe1_\u7ed3\u679c-8-13x12.webp 13w, https:\/\/www.slsele.com\/wp-content\/uploads\/2024\/06\/\u8be6\u60c5\u56fe1_\u7ed3\u679c-8-700x624.webp 700w, https:\/\/www.slsele.com\/wp-content\/uploads\/2024\/06\/\u8be6\u60c5\u56fe1_\u7ed3\u679c-8-600x535.webp 600w, https:\/\/www.slsele.com\/wp-content\/uploads\/2024\/06\/\u8be6\u60c5\u56fe1_\u7ed3\u679c-8.webp 1288w\" sizes=\"auto, (max-width: 1024px) 100vw, 1024px\" \/> <img loading=\"lazy\" decoding=\"async\" class=\"aligncenter size-large wp-image-2326\" src=\"https:\/\/slsele.com\/wp-content\/uploads\/2024\/06\/\u8be6\u60c5\u56fe2_\u7ed3\u679c-8-1024x1024.webp\" alt=\"Caracter\u00edsticas y precauciones del interruptor inteligente de luz y ventilador\" width=\"1024\" height=\"1024\" srcset=\"https:\/\/www.slsele.com\/wp-content\/uploads\/2024\/06\/\u8be6\u60c5\u56fe2_\u7ed3\u679c-8-1024x1024.webp 1024w, https:\/\/www.slsele.com\/wp-content\/uploads\/2024\/06\/\u8be6\u60c5\u56fe2_\u7ed3\u679c-8-300x300.webp 300w, https:\/\/www.slsele.com\/wp-content\/uploads\/2024\/06\/\u8be6\u60c5\u56fe2_\u7ed3\u679c-8-150x150.webp 150w, https:\/\/www.slsele.com\/wp-content\/uploads\/2024\/06\/\u8be6\u60c5\u56fe2_\u7ed3\u679c-8-768x768.webp 768w, https:\/\/www.slsele.com\/wp-content\/uploads\/2024\/06\/\u8be6\u60c5\u56fe2_\u7ed3\u679c-8-12x12.webp 12w, https:\/\/www.slsele.com\/wp-content\/uploads\/2024\/06\/\u8be6\u60c5\u56fe2_\u7ed3\u679c-8-570x570.webp 570w, https:\/\/www.slsele.com\/wp-content\/uploads\/2024\/06\/\u8be6\u60c5\u56fe2_\u7ed3\u679c-8-500x500.webp 500w, https:\/\/www.slsele.com\/wp-content\/uploads\/2024\/06\/\u8be6\u60c5\u56fe2_\u7ed3\u679c-8-1000x1000.webp 1000w, https:\/\/www.slsele.com\/wp-content\/uploads\/2024\/06\/\u8be6\u60c5\u56fe2_\u7ed3\u679c-8-700x700.webp 700w, https:\/\/www.slsele.com\/wp-content\/uploads\/2024\/06\/\u8be6\u60c5\u56fe2_\u7ed3\u679c-8-600x600.webp 600w, https:\/\/www.slsele.com\/wp-content\/uploads\/2024\/06\/\u8be6\u60c5\u56fe2_\u7ed3\u679c-8-100x100.webp 100w, https:\/\/www.slsele.com\/wp-content\/uploads\/2024\/06\/\u8be6\u60c5\u56fe2_\u7ed3\u679c-8-50x50.webp 50w, https:\/\/www.slsele.com\/wp-content\/uploads\/2024\/06\/\u8be6\u60c5\u56fe2_\u7ed3\u679c-8.webp 1500w\" sizes=\"auto, (max-width: 1024px) 100vw, 1024px\" \/> <img loading=\"lazy\" decoding=\"async\" class=\"aligncenter size-full wp-image-2327\" src=\"https:\/\/slsele.com\/wp-content\/uploads\/2024\/06\/\u8be6\u60c5\u56fe3_\u7ed3\u679c-8.webp\" alt=\"Configure el interruptor inteligente del ventilador y la luz para que se encienda y apague autom\u00e1ticamente\" width=\"1001\" height=\"1001\" srcset=\"https:\/\/www.slsele.com\/wp-content\/uploads\/2024\/06\/\u8be6\u60c5\u56fe3_\u7ed3\u679c-8.webp 1001w, https:\/\/www.slsele.com\/wp-content\/uploads\/2024\/06\/\u8be6\u60c5\u56fe3_\u7ed3\u679c-8-300x300.webp 300w, https:\/\/www.slsele.com\/wp-content\/uploads\/2024\/06\/\u8be6\u60c5\u56fe3_\u7ed3\u679c-8-150x150.webp 150w, https:\/\/www.slsele.com\/wp-content\/uploads\/2024\/06\/\u8be6\u60c5\u56fe3_\u7ed3\u679c-8-768x768.webp 768w, https:\/\/www.slsele.com\/wp-content\/uploads\/2024\/06\/\u8be6\u60c5\u56fe3_\u7ed3\u679c-8-12x12.webp 12w, https:\/\/www.slsele.com\/wp-content\/uploads\/2024\/06\/\u8be6\u60c5\u56fe3_\u7ed3\u679c-8-570x570.webp 570w, https:\/\/www.slsele.com\/wp-content\/uploads\/2024\/06\/\u8be6\u60c5\u56fe3_\u7ed3\u679c-8-500x500.webp 500w, https:\/\/www.slsele.com\/wp-content\/uploads\/2024\/06\/\u8be6\u60c5\u56fe3_\u7ed3\u679c-8-700x700.webp 700w, https:\/\/www.slsele.com\/wp-content\/uploads\/2024\/06\/\u8be6\u60c5\u56fe3_\u7ed3\u679c-8-600x600.webp 600w, https:\/\/www.slsele.com\/wp-content\/uploads\/2024\/06\/\u8be6\u60c5\u56fe3_\u7ed3\u679c-8-100x100.webp 100w, https:\/\/www.slsele.com\/wp-content\/uploads\/2024\/06\/\u8be6\u60c5\u56fe3_\u7ed3\u679c-8-50x50.webp 50w\" sizes=\"auto, (max-width: 1001px) 100vw, 1001px\" \/> <img loading=\"lazy\" decoding=\"async\" class=\"aligncenter size-large wp-image-2328\" src=\"https:\/\/slsele.com\/wp-content\/uploads\/2024\/06\/\u8be6\u60c5\u56fe4_\u7ed3\u679c-7-1024x887.webp\" alt=\"Introducci\u00f3n de funciones de los 4 botones del ventilador y interruptor inteligente de luz.\" width=\"1024\" height=\"887\" srcset=\"https:\/\/www.slsele.com\/wp-content\/uploads\/2024\/06\/\u8be6\u60c5\u56fe4_\u7ed3\u679c-7-1024x887.webp 1024w, https:\/\/www.slsele.com\/wp-content\/uploads\/2024\/06\/\u8be6\u60c5\u56fe4_\u7ed3\u679c-7-300x260.webp 300w, https:\/\/www.slsele.com\/wp-content\/uploads\/2024\/06\/\u8be6\u60c5\u56fe4_\u7ed3\u679c-7-768x666.webp 768w, https:\/\/www.slsele.com\/wp-content\/uploads\/2024\/06\/\u8be6\u60c5\u56fe4_\u7ed3\u679c-7-14x12.webp 14w, https:\/\/www.slsele.com\/wp-content\/uploads\/2024\/06\/\u8be6\u60c5\u56fe4_\u7ed3\u679c-7-700x607.webp 700w, https:\/\/www.slsele.com\/wp-content\/uploads\/2024\/06\/\u8be6\u60c5\u56fe4_\u7ed3\u679c-7-600x520.webp 600w, https:\/\/www.slsele.com\/wp-content\/uploads\/2024\/06\/\u8be6\u60c5\u56fe4_\u7ed3\u679c-7.webp 1274w\" sizes=\"auto, (max-width: 1024px) 100vw, 1024px\" \/> <img loading=\"lazy\" decoding=\"async\" class=\"aligncenter size-large wp-image-2329\" src=\"https:\/\/slsele.com\/wp-content\/uploads\/2024\/06\/\u8be6\u60c5\u56fe5_\u7ed3\u679c-7-1024x1016.webp\" alt=\"diagrama de embalaje exterior del interruptor inteligente de luz y ventilador\" width=\"1024\" height=\"1016\" srcset=\"https:\/\/www.slsele.com\/wp-content\/uploads\/2024\/06\/\u8be6\u60c5\u56fe5_\u7ed3\u679c-7-1024x1016.webp 1024w, https:\/\/www.slsele.com\/wp-content\/uploads\/2024\/06\/\u8be6\u60c5\u56fe5_\u7ed3\u679c-7-300x298.webp 300w, https:\/\/www.slsele.com\/wp-content\/uploads\/2024\/06\/\u8be6\u60c5\u56fe5_\u7ed3\u679c-7-150x150.webp 150w, https:\/\/www.slsele.com\/wp-content\/uploads\/2024\/06\/\u8be6\u60c5\u56fe5_\u7ed3\u679c-7-768x762.webp 768w, https:\/\/www.slsele.com\/wp-content\/uploads\/2024\/06\/\u8be6\u60c5\u56fe5_\u7ed3\u679c-7-12x12.webp 12w, https:\/\/www.slsele.com\/wp-content\/uploads\/2024\/06\/\u8be6\u60c5\u56fe5_\u7ed3\u679c-7-700x694.webp 700w, https:\/\/www.slsele.com\/wp-content\/uploads\/2024\/06\/\u8be6\u60c5\u56fe5_\u7ed3\u679c-7-600x595.webp 600w, https:\/\/www.slsele.com\/wp-content\/uploads\/2024\/06\/\u8be6\u60c5\u56fe5_\u7ed3\u679c-7-100x100.webp 100w, https:\/\/www.slsele.com\/wp-content\/uploads\/2024\/06\/\u8be6\u60c5\u56fe5_\u7ed3\u679c-7-50x50.webp 50w, https:\/\/www.slsele.com\/wp-content\/uploads\/2024\/06\/\u8be6\u60c5\u56fe5_\u7ed3\u679c-7.webp 1114w\" sizes=\"auto, (max-width: 1024px) 100vw, 1024px\" \/><\/p>\n<h3 style=\"text-align: left; font-size: 20px;\"><strong>Alambrado<\/strong><\/h3>\n<p><img loading=\"lazy\" decoding=\"async\" class=\"aligncenter size-large wp-image-2330\" src=\"https:\/\/slsele.com\/wp-content\/uploads\/2024\/06\/\u8be6\u60c5\u56fe-wiring-diagram_\u7ed3\u679c-1024x1001.webp\" alt=\"Diagrama de cableado del interruptor inteligente de luz y ventilador\" width=\"1024\" height=\"1001\" srcset=\"https:\/\/www.slsele.com\/wp-content\/uploads\/2024\/06\/\u8be6\u60c5\u56fe-wiring-diagram_\u7ed3\u679c-1024x1001.webp 1024w, https:\/\/www.slsele.com\/wp-content\/uploads\/2024\/06\/\u8be6\u60c5\u56fe-wiring-diagram_\u7ed3\u679c-300x293.webp 300w, https:\/\/www.slsele.com\/wp-content\/uploads\/2024\/06\/\u8be6\u60c5\u56fe-wiring-diagram_\u7ed3\u679c-768x751.webp 768w, https:\/\/www.slsele.com\/wp-content\/uploads\/2024\/06\/\u8be6\u60c5\u56fe-wiring-diagram_\u7ed3\u679c-12x12.webp 12w, https:\/\/www.slsele.com\/wp-content\/uploads\/2024\/06\/\u8be6\u60c5\u56fe-wiring-diagram_\u7ed3\u679c-700x684.webp 700w, https:\/\/www.slsele.com\/wp-content\/uploads\/2024\/06\/\u8be6\u60c5\u56fe-wiring-diagram_\u7ed3\u679c-600x587.webp 600w, https:\/\/www.slsele.com\/wp-content\/uploads\/2024\/06\/\u8be6\u60c5\u56fe-wiring-diagram_\u7ed3\u679c-50x50.webp 50w, https:\/\/www.slsele.com\/wp-content\/uploads\/2024\/06\/\u8be6\u60c5\u56fe-wiring-diagram_\u7ed3\u679c.webp 1114w\" sizes=\"auto, (max-width: 1024px) 100vw, 1024px\" \/><\/p>\n<h3 style=\"text-align: left; font-size: 20px;\"><strong>Noticias Importantes<\/strong><\/h3>\n<ul>\n<li style=\"text-align: left;\">El interruptor inteligente del ventilador y la luz debe estar conectado a la l\u00ednea neutra.<\/li>\n<li style=\"text-align: left;\">No compatible con ventiladores tipo extractor.<\/li>\n<li style=\"text-align: left;\">No apto para ventiladores de techo con m\u00f3dulo de dosel.<\/li>\n<\/ul>\n<h3 style=\"font-size: 20px; text-align: left;\"><strong>Caracter\u00edsticas<\/strong><\/h3>\n<ul>\n<li style=\"text-align: left;\"><strong>Configuraci\u00f3n r\u00e1pida<\/strong>: F\u00e1cil instalaci\u00f3n con la aplicaci\u00f3n del tel\u00e9fono; Funciona a trav\u00e9s de WiFi sin necesidad de puerta de enlace.<\/li>\n<li style=\"text-align: left;\"><strong>Control remoto<\/strong>: opere a trav\u00e9s de 3G\/4G\/WiFi en su dispositivo m\u00f3vil.<\/li>\n<li style=\"text-align: left;\"><strong>Dise\u00f1o premium<\/strong>: Panel de cristal templado y pl\u00e1stico ign\u00edfugo.<\/li>\n<li style=\"text-align: left;\"><strong>Estado en tiempo real<\/strong>: muestra el estado actual de la aplicaci\u00f3n.<\/li>\n<li style=\"text-align: left;\"><strong>Control de temporizador<\/strong>: configure temporizadores para el funcionamiento automatizado.<\/li>\n<li style=\"text-align: left;\"><strong>Compartir en familia<\/strong>: Comparte el control de acceso con miembros de la familia.<\/li>\n<li style=\"text-align: left;\"><strong>Luz de fondo LED<\/strong>: Indicador para f\u00e1cil operaci\u00f3n por la noche.<\/li>\n<li style=\"text-align: left;\"><strong>Control de voz<\/strong>: Compatible con Amazon Echo y Google Home.<\/li>\n<\/ul>\n<h3 style=\"font-size: 20px; text-align: left;\"><strong>Especificaciones<\/strong><\/h3>\n<p style=\"text-align: left;\">Nombre del producto: Interruptor inteligente de luz y ventilador WiFi SLS US<\/p>\n<p style=\"text-align: left;\">Est\u00e1ndar del producto: est\u00e1ndar de EE. UU.<\/p>\n<p style=\"text-align: left;\">Dimensiones del producto: 120*76*35mm<\/p>\n<p style=\"text-align: left;\"><span data-preserver-spaces=\"true\">Voltaje de funcionamiento: AC100V-240V (50\/60Hz)<\/span><\/p>\n<p style=\"text-align: left;\"><span data-preserver-spaces=\"true\">Carga de potencia m\u00e1xima: 800 W\/cuadrilla<\/span><\/p>\n<p style=\"text-align: left;\"><span data-preserver-spaces=\"true\">Corriente de trabajo: 10A<\/span><\/p>\n<p style=\"text-align: left;\"><span data-preserver-spaces=\"true\">Temperatura de trabajo: -30 \u2103 ~ 70 \u2103<\/span><\/p>\n<p style=\"text-align: left;\"><span data-preserver-spaces=\"true\">Humedad de trabajo: 10% a 93% (sin condensaci\u00f3n)<\/span><\/p>\n<p style=\"text-align: left;\"><span data-preserver-spaces=\"true\">Protocolo inal\u00e1mbrico: Wifi2.4G 802.11b\/g\/n<\/span><\/p>\n<p style=\"text-align: left;\"><span data-preserver-spaces=\"true\">Material del panel: Vidrio templado<\/span><\/p>\n<p style=\"text-align: left;\"><span data-preserver-spaces=\"true\">Material de la cubierta: ABS+PC<\/span><\/p>\n<p style=\"text-align: left;\"><span data-preserver-spaces=\"true\">Certificaci\u00f3n: CE, ROHS<\/span><\/p>","protected":false},"excerpt":{"rendered":"<p>Controle sin esfuerzo su ventilador y luz por separado a trav\u00e9s de WiFi con el interruptor inteligente de luz y ventilador WiFi SLS. Compatible con Alexa y Google Home. Establece horarios, ajusta la velocidad del ventilador y disfruta de la eficiencia energ\u00e9tica.<\/p>","protected":false},"featured_media":2320,"comment_status":"open","ping_status":"closed","template":"","meta":[],"product_brand":[],"product_cat":[15,25],"product_tag":[],"class_list":{"0":"post-2331","1":"product","2":"type-product","3":"status-publish","4":"has-post-thumbnail","6":"product_cat-smart-switch","7":"product_cat-us-smart-dimmer-switch","9":"first","10":"instock","11":"shipping-taxable","12":"purchasable","13":"product-type-simple"},"_links":{"self":[{"href":"https:\/\/www.slsele.com\/es\/wp-json\/wp\/v2\/product\/2331","targetHints":{"allow":["GET"]}}],"collection":[{"href":"https:\/\/www.slsele.com\/es\/wp-json\/wp\/v2\/product"}],"about":[{"href":"https:\/\/www.slsele.com\/es\/wp-json\/wp\/v2\/types\/product"}],"replies":[{"embeddable":true,"href":"https:\/\/www.slsele.com\/es\/wp-json\/wp\/v2\/comments?post=2331"}],"wp:featuredmedia":[{"embeddable":true,"href":"https:\/\/www.slsele.com\/es\/wp-json\/wp\/v2\/media\/2320"}],"wp:attachment":[{"href":"https:\/\/www.slsele.com\/es\/wp-json\/wp\/v2\/media?parent=2331"}],"wp:term":[{"taxonomy":"product_brand","embeddable":true,"href":"https:\/\/www.slsele.com\/es\/wp-json\/wp\/v2\/product_brand?post=2331"},{"taxonomy":"product_cat","embeddable":true,"href":"https:\/\/www.slsele.com\/es\/wp-json\/wp\/v2\/product_cat?post=2331"},{"taxonomy":"product_tag","embeddable":true,"href":"https:\/\/www.slsele.com\/es\/wp-json\/wp\/v2\/product_tag?post=2331"}],"curies":[{"name":"wp","href":"https:\/\/api.w.org\/{rel}","templated":true}]}}