{"id":2312,"date":"2024-06-18T15:25:09","date_gmt":"2024-06-18T07:25:09","guid":{"rendered":"https:\/\/slsele.com\/?post_type=product&#038;p=2312"},"modified":"2024-08-23T16:35:24","modified_gmt":"2024-08-23T08:35:24","slug":"eu-wifi-smart-fan-and-light-switch","status":"publish","type":"product","link":"https:\/\/www.slsele.com\/es\/producto\/eu-wifi-smart-fan-and-light-switch\/","title":{"rendered":"Interruptor de luz e ventilador inteligente WiFi SLS EU"},"content":{"rendered":"<h2 style=\"text-align: center; font-size: 30px;\"><b><span class=\"magic-6\" data-spm-anchor-id=\"a2700.wholesale.0.i51.1e206f56CeCuhI\"><strong>Interruptor de luz e ventilador inteligente WiFi SLS EU<\/strong><\/span><\/b><\/h2>\n<h3 style=\"font-size: 20px; text-align: left;\"><strong>Descripci\u00f3n<\/strong><\/h3>\n<p style=\"text-align: left;\">Interruptor inteligente para ventilador y luz con WiFi de SLS: controla sin esfuerzo el ventilador y la luz por separado desde cualquier lugar usando la red WiFi de tu hogar, sin necesidad de concentrador. Este interruptor f\u00e1cil de usar est\u00e1 dise\u00f1ado para reemplazar f\u00e1cilmente los interruptores tradicionales y ofrece control t\u00e1ctil y mediante la aplicaci\u00f3n &quot;Smart Life&quot; del tel\u00e9fono m\u00f3vil.<\/p>\n<p style=\"text-align: left;\">Compatible con Amazon Alexa y Google Home, nuestro interruptor de luz y ventilador inteligente le permite controlar sus dispositivos mediante comandos de voz, encender o apagar el ventilador y la luz e incluso ajustar la velocidad del ventilador. Establezca horarios personalizados o cuentas regresivas de 1 minuto a 60 minutos usando la aplicaci\u00f3n &#039;Smart Life&#039;, brindando tranquilidad y ahorro de energ\u00eda al garantizar que sus dispositivos est\u00e9n apagados cuando no los necesite. Controle el ventilador y la luz de forma independiente, lo que le permitir\u00e1 mantener el ventilador funcionando mientras la luz est\u00e1 apagada para un funcionamiento flexible y conveniente. Ajuste la velocidad del ventilador a trav\u00e9s de la aplicaci\u00f3n para mantener su nivel de comodidad con tres configuraciones disponibles.<\/p>\n<p style=\"text-align: left;\">Experimente lo \u00faltimo en comodidad para el hogar inteligente con el interruptor de luz y ventilador inteligente WiFi SLS, que ofrece control y eficiencia energ\u00e9tica incomparables.<\/p>\n<p><img loading=\"lazy\" decoding=\"async\" class=\"aligncenter size-large wp-image-2309\" src=\"https:\/\/slsele.com\/wp-content\/uploads\/2024\/06\/\u4ea7\u54c1\u8be6\u60c51_\u7ed3\u679c-631x1024.webp\" alt=\"Caracter\u00edsticas del ventilador inteligente wifi y el interruptor de luz: conexi\u00f3n de escena, control remoto, interruptor de sincronizaci\u00f3n\" width=\"631\" height=\"1024\" srcset=\"https:\/\/www.slsele.com\/wp-content\/uploads\/2024\/06\/\u4ea7\u54c1\u8be6\u60c51_\u7ed3\u679c-631x1024.webp 631w, https:\/\/www.slsele.com\/wp-content\/uploads\/2024\/06\/\u4ea7\u54c1\u8be6\u60c51_\u7ed3\u679c-185x300.webp 185w, https:\/\/www.slsele.com\/wp-content\/uploads\/2024\/06\/\u4ea7\u54c1\u8be6\u60c51_\u7ed3\u679c-768x1246.webp 768w, https:\/\/www.slsele.com\/wp-content\/uploads\/2024\/06\/\u4ea7\u54c1\u8be6\u60c51_\u7ed3\u679c-7x12.webp 7w, https:\/\/www.slsele.com\/wp-content\/uploads\/2024\/06\/\u4ea7\u54c1\u8be6\u60c51_\u7ed3\u679c-700x1136.webp 700w, https:\/\/www.slsele.com\/wp-content\/uploads\/2024\/06\/\u4ea7\u54c1\u8be6\u60c51_\u7ed3\u679c-600x974.webp 600w, https:\/\/www.slsele.com\/wp-content\/uploads\/2024\/06\/\u4ea7\u54c1\u8be6\u60c51_\u7ed3\u679c.webp 790w\" sizes=\"auto, (max-width: 631px) 100vw, 631px\" \/> <img loading=\"lazy\" decoding=\"async\" class=\"aligncenter size-full wp-image-2310\" src=\"https:\/\/slsele.com\/wp-content\/uploads\/2024\/06\/\u4ea7\u54c1\u8be6\u60c52_\u7ed3\u679c.webp\" alt=\"Funci\u00f3n de control de voz inteligente del ventilador y del interruptor de luz.\" width=\"750\" height=\"750\" srcset=\"https:\/\/www.slsele.com\/wp-content\/uploads\/2024\/06\/\u4ea7\u54c1\u8be6\u60c52_\u7ed3\u679c.webp 750w, https:\/\/www.slsele.com\/wp-content\/uploads\/2024\/06\/\u4ea7\u54c1\u8be6\u60c52_\u7ed3\u679c-300x300.webp 300w, https:\/\/www.slsele.com\/wp-content\/uploads\/2024\/06\/\u4ea7\u54c1\u8be6\u60c52_\u7ed3\u679c-150x150.webp 150w, https:\/\/www.slsele.com\/wp-content\/uploads\/2024\/06\/\u4ea7\u54c1\u8be6\u60c52_\u7ed3\u679c-12x12.webp 12w, https:\/\/www.slsele.com\/wp-content\/uploads\/2024\/06\/\u4ea7\u54c1\u8be6\u60c52_\u7ed3\u679c-570x570.webp 570w, https:\/\/www.slsele.com\/wp-content\/uploads\/2024\/06\/\u4ea7\u54c1\u8be6\u60c52_\u7ed3\u679c-500x500.webp 500w, https:\/\/www.slsele.com\/wp-content\/uploads\/2024\/06\/\u4ea7\u54c1\u8be6\u60c52_\u7ed3\u679c-700x700.webp 700w, https:\/\/www.slsele.com\/wp-content\/uploads\/2024\/06\/\u4ea7\u54c1\u8be6\u60c52_\u7ed3\u679c-600x600.webp 600w, https:\/\/www.slsele.com\/wp-content\/uploads\/2024\/06\/\u4ea7\u54c1\u8be6\u60c52_\u7ed3\u679c-100x100.webp 100w, https:\/\/www.slsele.com\/wp-content\/uploads\/2024\/06\/\u4ea7\u54c1\u8be6\u60c52_\u7ed3\u679c-50x50.webp 50w\" sizes=\"auto, (max-width: 750px) 100vw, 750px\" \/><\/p>\n<p><img loading=\"lazy\" decoding=\"async\" class=\"aligncenter size-full wp-image-2311\" src=\"https:\/\/slsele.com\/wp-content\/uploads\/2024\/06\/\u4ea7\u54c1\u8be6\u60c53_\u7ed3\u679c.webp\" alt=\"Funci\u00f3n de temporizador de interruptor de luz de ventilador inteligente\" width=\"750\" height=\"750\" srcset=\"https:\/\/www.slsele.com\/wp-content\/uploads\/2024\/06\/\u4ea7\u54c1\u8be6\u60c53_\u7ed3\u679c.webp 750w, https:\/\/www.slsele.com\/wp-content\/uploads\/2024\/06\/\u4ea7\u54c1\u8be6\u60c53_\u7ed3\u679c-300x300.webp 300w, https:\/\/www.slsele.com\/wp-content\/uploads\/2024\/06\/\u4ea7\u54c1\u8be6\u60c53_\u7ed3\u679c-150x150.webp 150w, https:\/\/www.slsele.com\/wp-content\/uploads\/2024\/06\/\u4ea7\u54c1\u8be6\u60c53_\u7ed3\u679c-12x12.webp 12w, https:\/\/www.slsele.com\/wp-content\/uploads\/2024\/06\/\u4ea7\u54c1\u8be6\u60c53_\u7ed3\u679c-570x570.webp 570w, https:\/\/www.slsele.com\/wp-content\/uploads\/2024\/06\/\u4ea7\u54c1\u8be6\u60c53_\u7ed3\u679c-500x500.webp 500w, https:\/\/www.slsele.com\/wp-content\/uploads\/2024\/06\/\u4ea7\u54c1\u8be6\u60c53_\u7ed3\u679c-700x700.webp 700w, https:\/\/www.slsele.com\/wp-content\/uploads\/2024\/06\/\u4ea7\u54c1\u8be6\u60c53_\u7ed3\u679c-600x600.webp 600w, https:\/\/www.slsele.com\/wp-content\/uploads\/2024\/06\/\u4ea7\u54c1\u8be6\u60c53_\u7ed3\u679c-100x100.webp 100w, https:\/\/www.slsele.com\/wp-content\/uploads\/2024\/06\/\u4ea7\u54c1\u8be6\u60c53_\u7ed3\u679c-50x50.webp 50w\" sizes=\"auto, (max-width: 750px) 100vw, 750px\" \/> <img loading=\"lazy\" decoding=\"async\" class=\"aligncenter size-full wp-image-2304\" src=\"https:\/\/slsele.com\/wp-content\/uploads\/2024\/06\/\u4ea7\u54c1\u8be6\u60c54_\u7ed3\u679c.webp\" alt=\"\" width=\"750\" height=\"750\" srcset=\"https:\/\/www.slsele.com\/wp-content\/uploads\/2024\/06\/\u4ea7\u54c1\u8be6\u60c54_\u7ed3\u679c.webp 750w, https:\/\/www.slsele.com\/wp-content\/uploads\/2024\/06\/\u4ea7\u54c1\u8be6\u60c54_\u7ed3\u679c-300x300.webp 300w, https:\/\/www.slsele.com\/wp-content\/uploads\/2024\/06\/\u4ea7\u54c1\u8be6\u60c54_\u7ed3\u679c-150x150.webp 150w, https:\/\/www.slsele.com\/wp-content\/uploads\/2024\/06\/\u4ea7\u54c1\u8be6\u60c54_\u7ed3\u679c-12x12.webp 12w, https:\/\/www.slsele.com\/wp-content\/uploads\/2024\/06\/\u4ea7\u54c1\u8be6\u60c54_\u7ed3\u679c-570x570.webp 570w, https:\/\/www.slsele.com\/wp-content\/uploads\/2024\/06\/\u4ea7\u54c1\u8be6\u60c54_\u7ed3\u679c-500x500.webp 500w, https:\/\/www.slsele.com\/wp-content\/uploads\/2024\/06\/\u4ea7\u54c1\u8be6\u60c54_\u7ed3\u679c-700x700.webp 700w, https:\/\/www.slsele.com\/wp-content\/uploads\/2024\/06\/\u4ea7\u54c1\u8be6\u60c54_\u7ed3\u679c-600x600.webp 600w, https:\/\/www.slsele.com\/wp-content\/uploads\/2024\/06\/\u4ea7\u54c1\u8be6\u60c54_\u7ed3\u679c-100x100.webp 100w, https:\/\/www.slsele.com\/wp-content\/uploads\/2024\/06\/\u4ea7\u54c1\u8be6\u60c54_\u7ed3\u679c-50x50.webp 50w\" sizes=\"auto, (max-width: 750px) 100vw, 750px\" \/><\/p>\n<h3 style=\"text-align: left; font-size: 20px;\"><strong>Noticias Importantes<\/strong><\/h3>\n<p style=\"margin: 0cm; text-align: left;\"><span lang=\"EN-US\" style=\"color: #0e101a;\">Hay 3 interruptores de ventilador, L, M y H, donde el interruptor M se usa para controlar el encendido y apagado del ventilador. L y H se utilizan para ajustar la velocidad del ventilador; el interruptor L ajusta la velocidad del ventilador hacia abajo y el H ajusta la velocidad del ventilador hacia arriba.<\/span><\/p>\n<h3 style=\"font-size: 20px; text-align: left;\"><strong>Caracter\u00edsticas<\/strong><\/h3>\n<ul>\n<li style=\"text-align: left;\">\u00a0<strong>Control de voz:<\/strong> Compatible con Amazon Alexa y Google Home, nuestro ventilador e interruptor de luz inteligentes le permiten controlar sus dispositivos mediante comandos de voz. Enciende\/apaga el ventilador y la luz, e incluso ajusta la velocidad del ventilador sin necesidad de un concentrador. La instalaci\u00f3n es sencilla y sin complicaciones.<\/li>\n<li style=\"text-align: left;\"><strong>Horarios\/Cuenta atr\u00e1s:<\/strong> Establezca horarios personalizados o cuentas regresivas para encender y apagar el ventilador y la luz de 1 minuto a 60 minutos usando la aplicaci\u00f3n &#039;Smart Life&#039;. Verifique y controle remotamente sus dispositivos para asegurarse de que est\u00e9n apagados cuando no los necesite, brind\u00e1ndole tranquilidad y ahorro de energ\u00eda. Perfecto para configurar una cuenta atr\u00e1s antes de dormir para ahorrar energ\u00eda.<\/li>\n<li style=\"text-align: left;\"><strong>Control independiente:<\/strong> Controle el ventilador y la luz de forma independiente mediante el tel\u00e9fono y el control t\u00e1ctil. Por ejemplo, mantenga el ventilador en funcionamiento mientras la luz est\u00e1 apagada, lo que ofrece un funcionamiento flexible y c\u00f3modo.<\/li>\n<li style=\"text-align: left;\"><strong>Tres velocidades de ventilador:<\/strong> Ajuste la velocidad del ventilador a trav\u00e9s de la aplicaci\u00f3n para mantener su nivel de comodidad en cualquier habitaci\u00f3n.<\/li>\n<li style=\"text-align: left;\"><strong>Dise\u00f1o de lujo<\/strong>: Panel de vidrio templado, m\u00e1s claro y texturizado que los interruptores normales.<\/li>\n<li style=\"text-align: left;\"><strong>Luz de fondo LED<\/strong>: F\u00e1cil identificaci\u00f3n y operaci\u00f3n por la noche.<\/li>\n<\/ul>\n<h3 style=\"font-size: 20px; text-align: left;\"><strong>Especificaciones<\/strong><\/h3>\n<p style=\"text-align: left;\">Nombre del producto: Interruptor de luz y ventilador inteligente SLS EU WiFi<\/p>\n<p style=\"text-align: left;\">Est\u00e1ndar del producto: est\u00e1ndar de la UE<\/p>\n<p style=\"text-align: left;\">Dimensiones del producto: 86*86*35mm<\/p>\n<p style=\"text-align: left;\">Voltaje de funcionamiento: AC100V-240V (50\/60Hz)<\/p>\n<p style=\"text-align: left;\">Potencia nominal: 600W<\/p>\n<p style=\"text-align: left;\">Corriente de trabajo: 5A<\/p>\n<p style=\"text-align: left;\">Protocolo inal\u00e1mbrico: WiFi 2,4G 802.11b\/g\/n<\/p>\n<p style=\"text-align: left;\">Material del panel: Vidrio templado<\/p>\n<p style=\"text-align: left;\">Material de la cubierta: PC<\/p>\n<p style=\"text-align: left;\">Certificaci\u00f3n: CE, ROHS<\/p>","protected":false},"excerpt":{"rendered":"<p style=\"margin: 0cm;\">Interruptor de luz y ventilador inteligente SLS WiFi: Controle el ventilador y la luz por separado a trav\u00e9s de WiFi con Alexa\/Google Home. Use la aplicaci\u00f3n &quot;Smart Life&quot; para programar, realizar cuentas regresivas y ajustar la velocidad del ventilador. Es f\u00e1cil de instalar y ahorra energ\u00eda.<\/p>","protected":false},"featured_media":2308,"comment_status":"open","ping_status":"closed","template":"","meta":[],"product_brand":[],"product_cat":[24,15],"product_tag":[],"class_list":{"0":"post-2312","1":"product","2":"type-product","3":"status-publish","4":"has-post-thumbnail","6":"product_cat-eu-smart-dimmer-switch","7":"product_cat-smart-switch","9":"first","10":"instock","11":"shipping-taxable","12":"purchasable","13":"product-type-simple"},"_links":{"self":[{"href":"https:\/\/www.slsele.com\/es\/wp-json\/wp\/v2\/product\/2312","targetHints":{"allow":["GET"]}}],"collection":[{"href":"https:\/\/www.slsele.com\/es\/wp-json\/wp\/v2\/product"}],"about":[{"href":"https:\/\/www.slsele.com\/es\/wp-json\/wp\/v2\/types\/product"}],"replies":[{"embeddable":true,"href":"https:\/\/www.slsele.com\/es\/wp-json\/wp\/v2\/comments?post=2312"}],"wp:featuredmedia":[{"embeddable":true,"href":"https:\/\/www.slsele.com\/es\/wp-json\/wp\/v2\/media\/2308"}],"wp:attachment":[{"href":"https:\/\/www.slsele.com\/es\/wp-json\/wp\/v2\/media?parent=2312"}],"wp:term":[{"taxonomy":"product_brand","embeddable":true,"href":"https:\/\/www.slsele.com\/es\/wp-json\/wp\/v2\/product_brand?post=2312"},{"taxonomy":"product_cat","embeddable":true,"href":"https:\/\/www.slsele.com\/es\/wp-json\/wp\/v2\/product_cat?post=2312"},{"taxonomy":"product_tag","embeddable":true,"href":"https:\/\/www.slsele.com\/es\/wp-json\/wp\/v2\/product_tag?post=2312"}],"curies":[{"name":"wp","href":"https:\/\/api.w.org\/{rel}","templated":true}]}}