{"id":2295,"date":"2024-06-17T16:53:40","date_gmt":"2024-06-17T08:53:40","guid":{"rendered":"https:\/\/slsele.com\/?post_type=product&#038;p=2295"},"modified":"2024-06-17T18:04:01","modified_gmt":"2024-06-17T10:04:01","slug":"us-wifi-smart-ceiling-fan-switch","status":"publish","type":"product","link":"https:\/\/www.slsele.com\/es\/producto\/us-wifi-smart-ceiling-fan-switch\/","title":{"rendered":"Interruptor de ventilador de techo inteligente SLS US WiFi"},"content":{"rendered":"<h2 style=\"text-align: center; font-size: 30px;\">Interruptor de ventilador de techo inteligente SLS US WiFi<\/h2>\n<h3 style=\"font-size: 20px; text-align: left;\"><strong>Descripci\u00f3n<\/strong><\/h3>\n<p style=\"margin: 0cm; text-align: left;\">\u00a0 \u00a0 Controle sus ventiladores de techo desde cualquier lugar con el interruptor de ventilador de techo inteligente SLS. Este interruptor de ventilador de techo inteligente se conecta al WiFi de su hogar a trav\u00e9s de la aplicaci\u00f3n gratuita Tuya, lo que le permite administrar los accesorios conectados sin esfuerzo a trav\u00e9s de su tel\u00e9fono inteligente o tableta. Disfrute de la comodidad de las velocidades del ventilador ajustables y personalice el flujo de aire seg\u00fan sus preferencias. Empar\u00e9jelo con Alexa o el Asistente de Google para control por voz, lo que permite realizar ajustes con manos libres con facilidad. La funci\u00f3n de sincronizaci\u00f3n le permite programar sus ventiladores para que se enciendan o apaguen en momentos espec\u00edficos, promoviendo la eficiencia energ\u00e9tica y manteniendo el ambiente perfecto.<\/p>\n<p style=\"margin: 0cm; text-align: left;\">\u00a0 \u00a0 Ya sea que busque una brisa refrescante en un d\u00eda caluroso o desee crear una atm\u00f3sfera relajada, el interruptor de ventilador de techo inteligente SLS ofrece control y flexibilidad incomparables con control intuitivo de aplicaciones, comandos de voz y configuraciones de sincronizaci\u00f3n precisas, lo que garantiza una experiencia de usuario excepcional.<\/p>\n<p><img loading=\"lazy\" decoding=\"async\" class=\"aligncenter size-full wp-image-2171\" src=\"https:\/\/slsele.com\/wp-content\/uploads\/2024\/06\/\u8be6\u60c5\u56fe1_\u7ed3\u679c-7.webp\" alt=\"Caracter\u00edsticas del interruptor inteligente para ventilador de techo.\" width=\"930\" height=\"930\" srcset=\"https:\/\/www.slsele.com\/wp-content\/uploads\/2024\/06\/\u8be6\u60c5\u56fe1_\u7ed3\u679c-7.webp 930w, https:\/\/www.slsele.com\/wp-content\/uploads\/2024\/06\/\u8be6\u60c5\u56fe1_\u7ed3\u679c-7-300x300.webp 300w, https:\/\/www.slsele.com\/wp-content\/uploads\/2024\/06\/\u8be6\u60c5\u56fe1_\u7ed3\u679c-7-150x150.webp 150w, https:\/\/www.slsele.com\/wp-content\/uploads\/2024\/06\/\u8be6\u60c5\u56fe1_\u7ed3\u679c-7-768x768.webp 768w, https:\/\/www.slsele.com\/wp-content\/uploads\/2024\/06\/\u8be6\u60c5\u56fe1_\u7ed3\u679c-7-12x12.webp 12w, https:\/\/www.slsele.com\/wp-content\/uploads\/2024\/06\/\u8be6\u60c5\u56fe1_\u7ed3\u679c-7-570x570.webp 570w, https:\/\/www.slsele.com\/wp-content\/uploads\/2024\/06\/\u8be6\u60c5\u56fe1_\u7ed3\u679c-7-500x500.webp 500w, https:\/\/www.slsele.com\/wp-content\/uploads\/2024\/06\/\u8be6\u60c5\u56fe1_\u7ed3\u679c-7-700x700.webp 700w, https:\/\/www.slsele.com\/wp-content\/uploads\/2024\/06\/\u8be6\u60c5\u56fe1_\u7ed3\u679c-7-600x600.webp 600w, https:\/\/www.slsele.com\/wp-content\/uploads\/2024\/06\/\u8be6\u60c5\u56fe1_\u7ed3\u679c-7-100x100.webp 100w, https:\/\/www.slsele.com\/wp-content\/uploads\/2024\/06\/\u8be6\u60c5\u56fe1_\u7ed3\u679c-7-50x50.webp 50w\" sizes=\"auto, (max-width: 930px) 100vw, 930px\" \/> <img loading=\"lazy\" decoding=\"async\" class=\"aligncenter size-large wp-image-2172\" src=\"https:\/\/slsele.com\/wp-content\/uploads\/2024\/06\/\u8be6\u60c5\u56fe2_\u7ed3\u679c-7-763x1024.webp\" alt=\"interruptor inteligente del ventilador de techo con control por voz\" width=\"763\" height=\"1024\" srcset=\"https:\/\/www.slsele.com\/wp-content\/uploads\/2024\/06\/\u8be6\u60c5\u56fe2_\u7ed3\u679c-7-763x1024.webp 763w, https:\/\/www.slsele.com\/wp-content\/uploads\/2024\/06\/\u8be6\u60c5\u56fe2_\u7ed3\u679c-7-223x300.webp 223w, https:\/\/www.slsele.com\/wp-content\/uploads\/2024\/06\/\u8be6\u60c5\u56fe2_\u7ed3\u679c-7-768x1031.webp 768w, https:\/\/www.slsele.com\/wp-content\/uploads\/2024\/06\/\u8be6\u60c5\u56fe2_\u7ed3\u679c-7-9x12.webp 9w, https:\/\/www.slsele.com\/wp-content\/uploads\/2024\/06\/\u8be6\u60c5\u56fe2_\u7ed3\u679c-7-700x940.webp 700w, https:\/\/www.slsele.com\/wp-content\/uploads\/2024\/06\/\u8be6\u60c5\u56fe2_\u7ed3\u679c-7-600x806.webp 600w, https:\/\/www.slsele.com\/wp-content\/uploads\/2024\/06\/\u8be6\u60c5\u56fe2_\u7ed3\u679c-7.webp 960w\" sizes=\"auto, (max-width: 763px) 100vw, 763px\" \/> <img loading=\"lazy\" decoding=\"async\" class=\"aligncenter size-large wp-image-2173\" src=\"https:\/\/slsele.com\/wp-content\/uploads\/2024\/06\/\u8be6\u60c5\u56fe3_\u7ed3\u679c-7-909x1024.webp\" alt=\"Interruptor inteligente del ventilador de techo con control de aplicaci\u00f3n\" width=\"909\" height=\"1024\" srcset=\"https:\/\/www.slsele.com\/wp-content\/uploads\/2024\/06\/\u8be6\u60c5\u56fe3_\u7ed3\u679c-7-909x1024.webp 909w, https:\/\/www.slsele.com\/wp-content\/uploads\/2024\/06\/\u8be6\u60c5\u56fe3_\u7ed3\u679c-7-266x300.webp 266w, https:\/\/www.slsele.com\/wp-content\/uploads\/2024\/06\/\u8be6\u60c5\u56fe3_\u7ed3\u679c-7-768x865.webp 768w, https:\/\/www.slsele.com\/wp-content\/uploads\/2024\/06\/\u8be6\u60c5\u56fe3_\u7ed3\u679c-7-11x12.webp 11w, https:\/\/www.slsele.com\/wp-content\/uploads\/2024\/06\/\u8be6\u60c5\u56fe3_\u7ed3\u679c-7-700x788.webp 700w, https:\/\/www.slsele.com\/wp-content\/uploads\/2024\/06\/\u8be6\u60c5\u56fe3_\u7ed3\u679c-7-600x676.webp 600w, https:\/\/www.slsele.com\/wp-content\/uploads\/2024\/06\/\u8be6\u60c5\u56fe3_\u7ed3\u679c-7.webp 960w\" sizes=\"auto, (max-width: 909px) 100vw, 909px\" \/><\/p>\n<h3 style=\"text-align: left; font-size: 20px;\"><strong>Noticias Importantes<\/strong><\/h3>\n<ul>\n<li style=\"text-align: left;\"><span lang=\"EN-US\" style=\"color: #0e101a;\">Se requiere un cable neutro.<\/span><\/li>\n<li style=\"text-align: left;\"><span lang=\"EN-US\" style=\"color: #0e101a;\">Conexi\u00f3n WiFi directa, sin necesidad de puerta de enlace<\/span><\/li>\n<li style=\"text-align: left;\"><span lang=\"EN-US\" style=\"color: #0e101a;\">Requiere 2 cables de carga separados para las luces y el ventilador de techo.<\/span><\/li>\n<li style=\"text-align: left;\"><span lang=\"EN-US\" style=\"color: #0e101a;\">No compatible con ventiladores tipo extractor.<\/span><\/li>\n<li style=\"text-align: left;\"><span lang=\"EN-US\" style=\"color: #0e101a;\">No apto para ventiladores de techo con m\u00f3dulo de dosel.<\/span><\/li>\n<\/ul>\n<h3 style=\"font-size: 20px; text-align: left;\"><strong>Caracter\u00edsticas<\/strong><\/h3>\n<ul style=\"text-align: left;\">\n<li>Velocidad del ventilador ajustable<\/li>\n<li>Programe ventiladores para lograr eficiencia energ\u00e9tica y un ambiente perfecto.<\/li>\n<li><span data-preserver-spaces=\"true\"><span lang=\"EN-US\" style=\"color: #0e101a;\">Panel de cristal templado antirayaduras.<\/span><\/span><\/li>\n<li><span data-preserver-spaces=\"true\"><span lang=\"EN-US\" style=\"color: #0e101a;\">Indicador de retroiluminaci\u00f3n LED por la noche<\/span><\/span><\/li>\n<li><span data-preserver-spaces=\"true\"><span lang=\"EN-US\" style=\"color: #0e101a;\">Visualizaciones de estado en tiempo real en la aplicaci\u00f3n<\/span><\/span><\/li>\n<li><span data-preserver-spaces=\"true\"><span lang=\"EN-US\" style=\"color: #0e101a;\">Control de temporizador\/escena disponible<\/span><\/span><\/li>\n<li><span data-preserver-spaces=\"true\"><span lang=\"EN-US\" style=\"color: #0e101a;\">Comparte con tu familia para controlar juntos<\/span><\/span><\/li>\n<li><span data-preserver-spaces=\"true\"><span lang=\"EN-US\" style=\"color: #0e101a;\">Funciona con Alexa y Google Home<\/span><\/span><\/li>\n<\/ul>\n<h3 style=\"font-size: 20px; text-align: left;\"><strong>Especificaciones<\/strong><\/h3>\n<p style=\"text-align: left;\">Est\u00e1ndar del producto: est\u00e1ndar de EE. UU.<\/p>\n<p style=\"text-align: left;\">Dimensiones del producto: 120*76*35mm<\/p>\n<p style=\"text-align: left;\"><span data-preserver-spaces=\"true\">Voltaje de funcionamiento: AC100V-240V (50\/60Hz)<\/span><\/p>\n<p style=\"text-align: left;\"><span data-preserver-spaces=\"true\">Carga de potencia m\u00e1xima: 1000W<\/span><\/p>\n<p style=\"text-align: left;\"><span data-preserver-spaces=\"true\">Corriente de trabajo: 10A<\/span><\/p>\n<p style=\"text-align: left;\"><span data-preserver-spaces=\"true\">Temperatura de trabajo: -30 \u2103 ~ 70 \u2103<\/span><\/p>\n<p style=\"text-align: left;\"><span data-preserver-spaces=\"true\">Humedad de trabajo: 10% a 93% (sin condensaci\u00f3n)<\/span><\/p>\n<p style=\"text-align: left;\"><span data-preserver-spaces=\"true\">Protocolo inal\u00e1mbrico: Wifi2.4G 802.11b\/g\/n<\/span><\/p>\n<p style=\"text-align: left;\"><span data-preserver-spaces=\"true\">Material del panel: Vidrio templado<\/span><\/p>\n<p style=\"text-align: left;\"><span data-preserver-spaces=\"true\">Material de la cubierta: ABS+PC<\/span><\/p>\n<p style=\"text-align: left;\"><span data-preserver-spaces=\"true\">Certificaci\u00f3n: CE, ROHS<\/span><\/p>","protected":false},"excerpt":{"rendered":"<p style=\"margin: 0cm;\">Controle los ventiladores de techo a trav\u00e9s de WiFi con el interruptor de ventilador de techo inteligente SLS. Disfrute de velocidades ajustables, control por voz y programaci\u00f3n para mayor comodidad y eficiencia.<\/p>","protected":false},"featured_media":2169,"comment_status":"open","ping_status":"closed","template":"","meta":[],"product_brand":[],"product_cat":[15,25],"product_tag":[],"class_list":{"0":"post-2295","1":"product","2":"type-product","3":"status-publish","4":"has-post-thumbnail","6":"product_cat-smart-switch","7":"product_cat-us-smart-dimmer-switch","9":"first","10":"instock","11":"shipping-taxable","12":"purchasable","13":"product-type-simple"},"_links":{"self":[{"href":"https:\/\/www.slsele.com\/es\/wp-json\/wp\/v2\/product\/2295","targetHints":{"allow":["GET"]}}],"collection":[{"href":"https:\/\/www.slsele.com\/es\/wp-json\/wp\/v2\/product"}],"about":[{"href":"https:\/\/www.slsele.com\/es\/wp-json\/wp\/v2\/types\/product"}],"replies":[{"embeddable":true,"href":"https:\/\/www.slsele.com\/es\/wp-json\/wp\/v2\/comments?post=2295"}],"wp:featuredmedia":[{"embeddable":true,"href":"https:\/\/www.slsele.com\/es\/wp-json\/wp\/v2\/media\/2169"}],"wp:attachment":[{"href":"https:\/\/www.slsele.com\/es\/wp-json\/wp\/v2\/media?parent=2295"}],"wp:term":[{"taxonomy":"product_brand","embeddable":true,"href":"https:\/\/www.slsele.com\/es\/wp-json\/wp\/v2\/product_brand?post=2295"},{"taxonomy":"product_cat","embeddable":true,"href":"https:\/\/www.slsele.com\/es\/wp-json\/wp\/v2\/product_cat?post=2295"},{"taxonomy":"product_tag","embeddable":true,"href":"https:\/\/www.slsele.com\/es\/wp-json\/wp\/v2\/product_tag?post=2295"}],"curies":[{"name":"wp","href":"https:\/\/api.w.org\/{rel}","templated":true}]}}