{"id":2179,"date":"2024-06-13T18:20:33","date_gmt":"2024-06-13T10:20:33","guid":{"rendered":"https:\/\/slsele.com\/?post_type=product&#038;p=2179"},"modified":"2024-08-23T16:27:49","modified_gmt":"2024-08-23T08:27:49","slug":"eu-wifi-smart-fan-switch","status":"publish","type":"product","link":"https:\/\/www.slsele.com\/es\/producto\/eu-wifi-smart-fan-switch\/","title":{"rendered":"Interruptor de ventilador inteligente SLS EU WiFi"},"content":{"rendered":"<h2 style=\"text-align: center; font-size: 30px;\"><b><span class=\"magic-6\" data-spm-anchor-id=\"a2700.wholesale.0.i51.1e206f56CeCuhI\"><strong>Interruptor de ventilador inteligente SLS EU WiFi<\/strong><\/span><\/b><\/h2>\n<h3 style=\"font-size: 20px; text-align: left;\"><strong>Descripci\u00f3n<\/strong><\/h3>\n<p style=\"margin: 0cm; text-align: left;\"><span lang=\"EN-US\" style=\"color: #0e101a;\">Controle sus ventiladores de techo desde cualquier lugar usando el SLS <a href=\"https:\/\/mowesmarthome.com\/product-category\/lighting\/\" rel=\"nofollow noopener\" target=\"_blank\">interruptor de ventilador wifi inteligente<\/a>. Este interruptor de ventilador inteligente se conecta al WiFi de su hogar a trav\u00e9s de la aplicaci\u00f3n gratuita Tuya. El ventilador con interruptor inteligente SLS le permite administrar los dispositivos conectados a trav\u00e9s de un tel\u00e9fono inteligente o tableta, incluida la configuraci\u00f3n de horarios, temporizadores y cuentas regresivas. Tambi\u00e9n puedes usar el control por voz cuando est\u00e1s emparejado con Alexa o el Asistente de Google. Con nuestro interruptor inteligente para ventiladores, gestionar el clima y el ambiente de su hogar nunca ha sido tan f\u00e1cil. Ya sea que desee refrescarse en un d\u00eda caluroso o crear un ambiente relajado, nuestro <a href=\"https:\/\/www.slsele.com\/es\/introduction-of-smart-switch\/\" target=\"_blank\" rel=\"noopener\">interruptor inteligente<\/a> Ofrece control y flexibilidad incomparables.<\/span><\/p>\n<p style=\"text-align: left;\"><img loading=\"lazy\" decoding=\"async\" class=\"aligncenter size-full wp-image-2160\" src=\"https:\/\/slsele.com\/wp-content\/uploads\/2024\/06\/\u4ea7\u54c1\u8be6\u60c5\u56fe1_\u7ed3\u679c.webp\" alt=\"\" width=\"800\" height=\"800\" srcset=\"https:\/\/www.slsele.com\/wp-content\/uploads\/2024\/06\/\u4ea7\u54c1\u8be6\u60c5\u56fe1_\u7ed3\u679c.webp 800w, https:\/\/www.slsele.com\/wp-content\/uploads\/2024\/06\/\u4ea7\u54c1\u8be6\u60c5\u56fe1_\u7ed3\u679c-300x300.webp 300w, https:\/\/www.slsele.com\/wp-content\/uploads\/2024\/06\/\u4ea7\u54c1\u8be6\u60c5\u56fe1_\u7ed3\u679c-150x150.webp 150w, https:\/\/www.slsele.com\/wp-content\/uploads\/2024\/06\/\u4ea7\u54c1\u8be6\u60c5\u56fe1_\u7ed3\u679c-768x768.webp 768w, https:\/\/www.slsele.com\/wp-content\/uploads\/2024\/06\/\u4ea7\u54c1\u8be6\u60c5\u56fe1_\u7ed3\u679c-12x12.webp 12w, https:\/\/www.slsele.com\/wp-content\/uploads\/2024\/06\/\u4ea7\u54c1\u8be6\u60c5\u56fe1_\u7ed3\u679c-570x570.webp 570w, https:\/\/www.slsele.com\/wp-content\/uploads\/2024\/06\/\u4ea7\u54c1\u8be6\u60c5\u56fe1_\u7ed3\u679c-500x500.webp 500w, https:\/\/www.slsele.com\/wp-content\/uploads\/2024\/06\/\u4ea7\u54c1\u8be6\u60c5\u56fe1_\u7ed3\u679c-700x700.webp 700w, https:\/\/www.slsele.com\/wp-content\/uploads\/2024\/06\/\u4ea7\u54c1\u8be6\u60c5\u56fe1_\u7ed3\u679c-600x600.webp 600w, https:\/\/www.slsele.com\/wp-content\/uploads\/2024\/06\/\u4ea7\u54c1\u8be6\u60c5\u56fe1_\u7ed3\u679c-100x100.webp 100w, https:\/\/www.slsele.com\/wp-content\/uploads\/2024\/06\/\u4ea7\u54c1\u8be6\u60c5\u56fe1_\u7ed3\u679c-50x50.webp 50w\" sizes=\"auto, (max-width: 800px) 100vw, 800px\" \/> <img loading=\"lazy\" decoding=\"async\" class=\"aligncenter size-full wp-image-2161\" src=\"https:\/\/slsele.com\/wp-content\/uploads\/2024\/06\/\u4ea7\u54c1\u8be6\u60c5\u56fe2_\u7ed3\u679c.webp\" alt=\"\" width=\"790\" height=\"792\" srcset=\"https:\/\/www.slsele.com\/wp-content\/uploads\/2024\/06\/\u4ea7\u54c1\u8be6\u60c5\u56fe2_\u7ed3\u679c.webp 790w, https:\/\/www.slsele.com\/wp-content\/uploads\/2024\/06\/\u4ea7\u54c1\u8be6\u60c5\u56fe2_\u7ed3\u679c-300x300.webp 300w, https:\/\/www.slsele.com\/wp-content\/uploads\/2024\/06\/\u4ea7\u54c1\u8be6\u60c5\u56fe2_\u7ed3\u679c-150x150.webp 150w, https:\/\/www.slsele.com\/wp-content\/uploads\/2024\/06\/\u4ea7\u54c1\u8be6\u60c5\u56fe2_\u7ed3\u679c-768x770.webp 768w, https:\/\/www.slsele.com\/wp-content\/uploads\/2024\/06\/\u4ea7\u54c1\u8be6\u60c5\u56fe2_\u7ed3\u679c-12x12.webp 12w, https:\/\/www.slsele.com\/wp-content\/uploads\/2024\/06\/\u4ea7\u54c1\u8be6\u60c5\u56fe2_\u7ed3\u679c-570x570.webp 570w, https:\/\/www.slsele.com\/wp-content\/uploads\/2024\/06\/\u4ea7\u54c1\u8be6\u60c5\u56fe2_\u7ed3\u679c-500x500.webp 500w, https:\/\/www.slsele.com\/wp-content\/uploads\/2024\/06\/\u4ea7\u54c1\u8be6\u60c5\u56fe2_\u7ed3\u679c-700x702.webp 700w, https:\/\/www.slsele.com\/wp-content\/uploads\/2024\/06\/\u4ea7\u54c1\u8be6\u60c5\u56fe2_\u7ed3\u679c-600x602.webp 600w, https:\/\/www.slsele.com\/wp-content\/uploads\/2024\/06\/\u4ea7\u54c1\u8be6\u60c5\u56fe2_\u7ed3\u679c-100x100.webp 100w, https:\/\/www.slsele.com\/wp-content\/uploads\/2024\/06\/\u4ea7\u54c1\u8be6\u60c5\u56fe2_\u7ed3\u679c-50x50.webp 50w\" sizes=\"auto, (max-width: 790px) 100vw, 790px\" \/> <img loading=\"lazy\" decoding=\"async\" class=\"aligncenter size-full wp-image-2162\" src=\"https:\/\/slsele.com\/wp-content\/uploads\/2024\/06\/\u4ea7\u54c1\u8be6\u60c5\u56fe3_\u7ed3\u679c.webp\" alt=\"\" width=\"800\" height=\"729\" srcset=\"https:\/\/www.slsele.com\/wp-content\/uploads\/2024\/06\/\u4ea7\u54c1\u8be6\u60c5\u56fe3_\u7ed3\u679c.webp 800w, https:\/\/www.slsele.com\/wp-content\/uploads\/2024\/06\/\u4ea7\u54c1\u8be6\u60c5\u56fe3_\u7ed3\u679c-300x273.webp 300w, https:\/\/www.slsele.com\/wp-content\/uploads\/2024\/06\/\u4ea7\u54c1\u8be6\u60c5\u56fe3_\u7ed3\u679c-768x700.webp 768w, https:\/\/www.slsele.com\/wp-content\/uploads\/2024\/06\/\u4ea7\u54c1\u8be6\u60c5\u56fe3_\u7ed3\u679c-13x12.webp 13w, https:\/\/www.slsele.com\/wp-content\/uploads\/2024\/06\/\u4ea7\u54c1\u8be6\u60c5\u56fe3_\u7ed3\u679c-700x638.webp 700w, https:\/\/www.slsele.com\/wp-content\/uploads\/2024\/06\/\u4ea7\u54c1\u8be6\u60c5\u56fe3_\u7ed3\u679c-600x547.webp 600w\" sizes=\"auto, (max-width: 800px) 100vw, 800px\" \/> <img loading=\"lazy\" decoding=\"async\" class=\"aligncenter size-full wp-image-2163\" src=\"https:\/\/slsele.com\/wp-content\/uploads\/2024\/06\/\u4ea7\u54c1\u8be6\u60c5\u56fe4_\u7ed3\u679c.webp\" alt=\"\" width=\"750\" height=\"682\" srcset=\"https:\/\/www.slsele.com\/wp-content\/uploads\/2024\/06\/\u4ea7\u54c1\u8be6\u60c5\u56fe4_\u7ed3\u679c.webp 750w, https:\/\/www.slsele.com\/wp-content\/uploads\/2024\/06\/\u4ea7\u54c1\u8be6\u60c5\u56fe4_\u7ed3\u679c-300x273.webp 300w, https:\/\/www.slsele.com\/wp-content\/uploads\/2024\/06\/\u4ea7\u54c1\u8be6\u60c5\u56fe4_\u7ed3\u679c-13x12.webp 13w, https:\/\/www.slsele.com\/wp-content\/uploads\/2024\/06\/\u4ea7\u54c1\u8be6\u60c5\u56fe4_\u7ed3\u679c-700x637.webp 700w, https:\/\/www.slsele.com\/wp-content\/uploads\/2024\/06\/\u4ea7\u54c1\u8be6\u60c5\u56fe4_\u7ed3\u679c-600x546.webp 600w\" sizes=\"auto, (max-width: 750px) 100vw, 750px\" \/><\/p>\n<p><img loading=\"lazy\" decoding=\"async\" class=\"aligncenter size-large wp-image-2182\" src=\"https:\/\/slsele.com\/wp-content\/uploads\/2024\/06\/\u8be6\u60c5\u56fe_\u7ed3\u679c-1024x1016.webp\" alt=\"\" width=\"1024\" height=\"1016\" srcset=\"https:\/\/www.slsele.com\/wp-content\/uploads\/2024\/06\/\u8be6\u60c5\u56fe_\u7ed3\u679c-1024x1016.webp 1024w, https:\/\/www.slsele.com\/wp-content\/uploads\/2024\/06\/\u8be6\u60c5\u56fe_\u7ed3\u679c-300x298.webp 300w, https:\/\/www.slsele.com\/wp-content\/uploads\/2024\/06\/\u8be6\u60c5\u56fe_\u7ed3\u679c-150x150.webp 150w, https:\/\/www.slsele.com\/wp-content\/uploads\/2024\/06\/\u8be6\u60c5\u56fe_\u7ed3\u679c-768x762.webp 768w, https:\/\/www.slsele.com\/wp-content\/uploads\/2024\/06\/\u8be6\u60c5\u56fe_\u7ed3\u679c-12x12.webp 12w, https:\/\/www.slsele.com\/wp-content\/uploads\/2024\/06\/\u8be6\u60c5\u56fe_\u7ed3\u679c-700x694.webp 700w, https:\/\/www.slsele.com\/wp-content\/uploads\/2024\/06\/\u8be6\u60c5\u56fe_\u7ed3\u679c-600x595.webp 600w, https:\/\/www.slsele.com\/wp-content\/uploads\/2024\/06\/\u8be6\u60c5\u56fe_\u7ed3\u679c-100x100.webp 100w, https:\/\/www.slsele.com\/wp-content\/uploads\/2024\/06\/\u8be6\u60c5\u56fe_\u7ed3\u679c-50x50.webp 50w, https:\/\/www.slsele.com\/wp-content\/uploads\/2024\/06\/\u8be6\u60c5\u56fe_\u7ed3\u679c.webp 1131w\" sizes=\"auto, (max-width: 1024px) 100vw, 1024px\" \/><\/p>\n<h3 style=\"text-align: left; font-size: 20px;\"><strong>Diagrama de cableado<\/strong><\/h3>\n<p><img loading=\"lazy\" decoding=\"async\" class=\"aligncenter size-full wp-image-2164\" src=\"https:\/\/slsele.com\/wp-content\/uploads\/2024\/06\/\u4ea7\u54c1\u8be6\u60c5\u56fe5_\u7ed3\u679c.webp\" alt=\"\" width=\"750\" height=\"758\" srcset=\"https:\/\/www.slsele.com\/wp-content\/uploads\/2024\/06\/\u4ea7\u54c1\u8be6\u60c5\u56fe5_\u7ed3\u679c.webp 750w, https:\/\/www.slsele.com\/wp-content\/uploads\/2024\/06\/\u4ea7\u54c1\u8be6\u60c5\u56fe5_\u7ed3\u679c-297x300.webp 297w, https:\/\/www.slsele.com\/wp-content\/uploads\/2024\/06\/\u4ea7\u54c1\u8be6\u60c5\u56fe5_\u7ed3\u679c-12x12.webp 12w, https:\/\/www.slsele.com\/wp-content\/uploads\/2024\/06\/\u4ea7\u54c1\u8be6\u60c5\u56fe5_\u7ed3\u679c-700x707.webp 700w, https:\/\/www.slsele.com\/wp-content\/uploads\/2024\/06\/\u4ea7\u54c1\u8be6\u60c5\u56fe5_\u7ed3\u679c-600x606.webp 600w, https:\/\/www.slsele.com\/wp-content\/uploads\/2024\/06\/\u4ea7\u54c1\u8be6\u60c5\u56fe5_\u7ed3\u679c-100x100.webp 100w, https:\/\/www.slsele.com\/wp-content\/uploads\/2024\/06\/\u4ea7\u54c1\u8be6\u60c5\u56fe5_\u7ed3\u679c-50x50.webp 50w\" sizes=\"auto, (max-width: 750px) 100vw, 750px\" \/><\/p>\n<h3 style=\"text-align: left; font-size: 20px;\"><strong>Noticias Importantes<\/strong><\/h3>\n<ul style=\"text-align: left;\">\n<li><span lang=\"EN-US\" style=\"color: #0e101a;\">Se requiere un cable neutro.<\/span><\/li>\n<li><span data-preserver-spaces=\"true\"><span lang=\"EN-US\" style=\"color: #0e101a;\">Conexi\u00f3n WiFi directa, sin necesidad de puerta de enlace<\/span><\/span><\/li>\n<li>Requiere dos cables de carga separados para las luces y el ventilador de techo.<\/li>\n<li>No es compatible con ventiladores de escape, que necesitan un interruptor inteligente del ventilador de escape.<\/li>\n<li>No apto para ventiladores de techo con m\u00f3dulo de dosel.<\/li>\n<\/ul>\n<h3 style=\"font-size: 20px; text-align: left;\"><strong>Caracter\u00edsticas<\/strong><\/h3>\n<ul style=\"text-align: left;\">\n<li><span lang=\"EN-US\" style=\"color: #0e101a;\">Control remoto v\u00eda 3G\/4G\/WiFi en el m\u00f3vil<\/span><\/li>\n<li><span data-preserver-spaces=\"true\"><span lang=\"EN-US\" style=\"color: #0e101a;\">Panel de cristal templado antirayaduras.<\/span><\/span><\/li>\n<li><span data-preserver-spaces=\"true\"><span lang=\"EN-US\" style=\"color: #0e101a;\">Indicador de retroiluminaci\u00f3n LED por la noche<\/span><\/span><\/li>\n<li><span data-preserver-spaces=\"true\"><span lang=\"EN-US\" style=\"color: #0e101a;\">Visualizaciones de estado en tiempo real en la aplicaci\u00f3n<\/span><\/span><\/li>\n<li><span data-preserver-spaces=\"true\"><span lang=\"EN-US\" style=\"color: #0e101a;\">Control de temporizador\/escena disponible<\/span><\/span><\/li>\n<li><span data-preserver-spaces=\"true\"><span lang=\"EN-US\" style=\"color: #0e101a;\">Comparte con tu familia para controlar juntos<\/span><\/span><\/li>\n<li><span data-preserver-spaces=\"true\"><span lang=\"EN-US\" style=\"color: #0e101a;\">Funciona con Echo y Google Home<\/span><\/span><\/li>\n<\/ul>\n<h3 style=\"font-size: 20px; text-align: left;\"><strong>Especificaciones<\/strong><\/h3>\n<p style=\"text-align: left;\">Est\u00e1ndar del producto: est\u00e1ndar UE\/Reino Unido<\/p>\n<p style=\"text-align: left;\">Dimensiones del producto: 86*86*35mm<\/p>\n<p style=\"text-align: left;\"><span data-preserver-spaces=\"true\">Voltaje de funcionamiento: AC100V-240V (50\/60Hz)<\/span><\/p>\n<p style=\"text-align: left;\"><span data-preserver-spaces=\"true\">Carga de potencia m\u00e1xima: 1000W<\/span><\/p>\n<p style=\"text-align: left;\"><span data-preserver-spaces=\"true\">Corriente de trabajo: 10A<\/span><\/p>\n<p style=\"text-align: left;\"><span data-preserver-spaces=\"true\">Temperatura de trabajo: -30 \u2103 ~ 70 \u2103<\/span><\/p>\n<p style=\"text-align: left;\"><span data-preserver-spaces=\"true\">Humedad de trabajo: 10% a 93% (sin condensaci\u00f3n)<\/span><\/p>\n<p style=\"text-align: left;\"><span data-preserver-spaces=\"true\">Protocolo inal\u00e1mbrico: Wifi2.4G 802.11b\/g\/n<\/span><\/p>\n<p style=\"text-align: left;\"><span data-preserver-spaces=\"true\">Material del panel: Vidrio templado<\/span><\/p>\n<p style=\"text-align: left;\"><span data-preserver-spaces=\"true\">Material de la cubierta: ABS+PC<\/span><\/p>\n<p style=\"text-align: left;\"><span data-preserver-spaces=\"true\">Certificaci\u00f3n: CE, ROHS<\/span><\/p>","protected":false},"excerpt":{"rendered":"<p style=\"margin: 0cm;\"><span lang=\"EN-US\" style=\"color: #0e101a;\">Controle sin esfuerzo su ventilador de techo de forma remota con el interruptor de ventilador inteligente WiFi SLS, que se conecta a trav\u00e9s de la aplicaci\u00f3n Tuya. Disfrute de la comodidad de la pantalla t\u00e1ctil o del control por voz a trav\u00e9s de Alexa o el Asistente de Google, lo que facilita la gesti\u00f3n de la temperatura de su hogar.<\/span><\/p>","protected":false},"featured_media":2165,"comment_status":"open","ping_status":"closed","template":"","meta":[],"product_brand":[],"product_cat":[15,24],"product_tag":[],"class_list":{"0":"post-2179","1":"product","2":"type-product","3":"status-publish","4":"has-post-thumbnail","6":"product_cat-smart-switch","7":"product_cat-eu-smart-dimmer-switch","9":"first","10":"instock","11":"shipping-taxable","12":"purchasable","13":"product-type-simple"},"_links":{"self":[{"href":"https:\/\/www.slsele.com\/es\/wp-json\/wp\/v2\/product\/2179","targetHints":{"allow":["GET"]}}],"collection":[{"href":"https:\/\/www.slsele.com\/es\/wp-json\/wp\/v2\/product"}],"about":[{"href":"https:\/\/www.slsele.com\/es\/wp-json\/wp\/v2\/types\/product"}],"replies":[{"embeddable":true,"href":"https:\/\/www.slsele.com\/es\/wp-json\/wp\/v2\/comments?post=2179"}],"wp:featuredmedia":[{"embeddable":true,"href":"https:\/\/www.slsele.com\/es\/wp-json\/wp\/v2\/media\/2165"}],"wp:attachment":[{"href":"https:\/\/www.slsele.com\/es\/wp-json\/wp\/v2\/media?parent=2179"}],"wp:term":[{"taxonomy":"product_brand","embeddable":true,"href":"https:\/\/www.slsele.com\/es\/wp-json\/wp\/v2\/product_brand?post=2179"},{"taxonomy":"product_cat","embeddable":true,"href":"https:\/\/www.slsele.com\/es\/wp-json\/wp\/v2\/product_cat?post=2179"},{"taxonomy":"product_tag","embeddable":true,"href":"https:\/\/www.slsele.com\/es\/wp-json\/wp\/v2\/product_tag?post=2179"}],"curies":[{"name":"wp","href":"https:\/\/api.w.org\/{rel}","templated":true}]}}