{"id":2067,"date":"2024-06-08T16:07:50","date_gmt":"2024-06-08T08:07:50","guid":{"rendered":"https:\/\/slsele.com\/?post_type=product&#038;p=2067"},"modified":"2025-01-10T09:51:06","modified_gmt":"2025-01-10T01:51:06","slug":"zigbeebluetoothir-3-in-1-gateway","status":"publish","type":"product","link":"https:\/\/www.slsele.com\/es\/producto\/zigbeebluetoothir-3-in-1-gateway\/","title":{"rendered":"Pasarela 3 en 1 IR Bluetooth ZigBee"},"content":{"rendered":"<h2 style=\"text-align: center;\">Pasarela 3 en 1 IR Bluetooth ZigBee<\/h2>\n<div data-page-id=\"I8j8d2UMRoZrSgx2HGzcpIz5npg\" data-lark-html-role=\"root\" data-docx-has-block-data=\"false\">\n<div class=\"ace-line ace-line old-record-id-KtKDdcMzXopNZuxuhfnctkLznbb\" style=\"text-align: left;\">La pasarela inal\u00e1mbrica inteligente multifunci\u00f3n 3 en 1 IR Bluetooth ZigBee Gateway es compatible con m\u00faltiples protocolos, incluidos Bluetooth, IR y Zigbee. Esto significa que los dispositivos inteligentes con diferentes protocolos pueden comunicarse y compartir datos a trav\u00e9s de la pasarela 3 en 1 IR Bluetooth ZigBee, mejorando as\u00ed la funcionalidad general y la inteligencia del sistema dom\u00f3tico.<\/div>\n<p><img loading=\"lazy\" decoding=\"async\" class=\"aligncenter wp-image-2070\" src=\"https:\/\/slsele.com\/wp-content\/uploads\/2024\/06\/Zigbee-IR-hub-3_\u7ed3\u679c.webp\" alt=\"pasarela bluetooth zigbee\" width=\"761\" height=\"727\" srcset=\"https:\/\/www.slsele.com\/wp-content\/uploads\/2024\/06\/Zigbee-IR-hub-3_\u7ed3\u679c.webp 871w, https:\/\/www.slsele.com\/wp-content\/uploads\/2024\/06\/Zigbee-IR-hub-3_\u7ed3\u679c-300x287.webp 300w, https:\/\/www.slsele.com\/wp-content\/uploads\/2024\/06\/Zigbee-IR-hub-3_\u7ed3\u679c-768x734.webp 768w, https:\/\/www.slsele.com\/wp-content\/uploads\/2024\/06\/Zigbee-IR-hub-3_\u7ed3\u679c-13x12.webp 13w, https:\/\/www.slsele.com\/wp-content\/uploads\/2024\/06\/Zigbee-IR-hub-3_\u7ed3\u679c-700x669.webp 700w, https:\/\/www.slsele.com\/wp-content\/uploads\/2024\/06\/Zigbee-IR-hub-3_\u7ed3\u679c-600x573.webp 600w\" sizes=\"auto, (max-width: 761px) 100vw, 761px\" \/><\/p>\n<h3 class=\"heading-2 ace-line old-record-id-VrPXd0xHSoV5mZxlKMvcUq2Pnue\" style=\"text-align: left;\">Interconexi\u00f3n de dispositivos multiprotocolo<\/h3>\n<div class=\"ace-line ace-line old-record-id-Y6tmdKIUOoA5xpxbR7tctPLjnkc\" style=\"text-align: left;\">Esta pasarela es compatible con m\u00faltiples protocolos de comunicaci\u00f3n, incluidos Bluetooth, IR con funciones precisas de control remoto y Zigbee, conocido por su bajo consumo de energ\u00eda y su capacidad de autoorganizaci\u00f3n de la red. La pasarela IR Bluetooth ZigBee puede aceptar simult\u00e1neamente y controlar sin problemas hasta 50 dispositivos. Esto significa que en cada rinc\u00f3n del hogar hay dispositivos inteligentes que siguen distintos Protocolos de Comunicaci\u00f3n, ya sean bombillas inteligentes, <a href=\"https:\/\/www.slsele.com\/es\/product-category\/smart-sensor\/\">varios sensores,<\/a> <a href=\"https:\/\/www.lg.com\/sg\/residential-air-conditioner\/?utm_source=Google&amp;utm_medium=cpc&amp;utm_campaign=HQSEM_HA_SL_Google_RAC_Generic_Phrase_EN&amp;utm_content=HQSEM_HA_SL_Google_RAC_Generic_Phrase_EN_Smart_k20230418417_pc_230705&amp;gad_source=1&amp;gclid=CjwKCAiAhP67BhAVEiwA2E_9g9PkhgRRRjBR-XCT8XWbLCA87l_G41Kih9_obV175j1xq_dwKSq2uhoCCXwQAvD_BwE\" rel=\"nofollow noopener\" target=\"_blank\">aires acondicionados inteligentes<\/a>o cortinas inteligentes, siempre que est\u00e9n conectados a esta potente pasarela de esta forma, el sistema dom\u00f3tico deja de ser un simple mosaico de dispositivos aislados para convertirse en un todo inteligente org\u00e1nicamente integrado y colaborativo.<\/div>\n<p><img loading=\"lazy\" decoding=\"async\" class=\"aligncenter wp-image-2083\" src=\"https:\/\/slsele.com\/wp-content\/uploads\/2024\/06\/Zigbee-IR-hub-16_\u7ed3\u679c.webp\" alt=\"\" width=\"738\" height=\"738\" srcset=\"https:\/\/www.slsele.com\/wp-content\/uploads\/2024\/06\/Zigbee-IR-hub-16_\u7ed3\u679c.webp 1001w, https:\/\/www.slsele.com\/wp-content\/uploads\/2024\/06\/Zigbee-IR-hub-16_\u7ed3\u679c-300x300.webp 300w, https:\/\/www.slsele.com\/wp-content\/uploads\/2024\/06\/Zigbee-IR-hub-16_\u7ed3\u679c-150x150.webp 150w, https:\/\/www.slsele.com\/wp-content\/uploads\/2024\/06\/Zigbee-IR-hub-16_\u7ed3\u679c-768x768.webp 768w, https:\/\/www.slsele.com\/wp-content\/uploads\/2024\/06\/Zigbee-IR-hub-16_\u7ed3\u679c-12x12.webp 12w, https:\/\/www.slsele.com\/wp-content\/uploads\/2024\/06\/Zigbee-IR-hub-16_\u7ed3\u679c-570x570.webp 570w, https:\/\/www.slsele.com\/wp-content\/uploads\/2024\/06\/Zigbee-IR-hub-16_\u7ed3\u679c-500x500.webp 500w, https:\/\/www.slsele.com\/wp-content\/uploads\/2024\/06\/Zigbee-IR-hub-16_\u7ed3\u679c-700x700.webp 700w, https:\/\/www.slsele.com\/wp-content\/uploads\/2024\/06\/Zigbee-IR-hub-16_\u7ed3\u679c-600x600.webp 600w, https:\/\/www.slsele.com\/wp-content\/uploads\/2024\/06\/Zigbee-IR-hub-16_\u7ed3\u679c-100x100.webp 100w, https:\/\/www.slsele.com\/wp-content\/uploads\/2024\/06\/Zigbee-IR-hub-16_\u7ed3\u679c-50x50.webp 50w\" sizes=\"auto, (max-width: 738px) 100vw, 738px\" \/><img loading=\"lazy\" decoding=\"async\" class=\"aligncenter wp-image-2079\" src=\"https:\/\/slsele.com\/wp-content\/uploads\/2024\/06\/Zigbee-IR-hub-12_\u7ed3\u679c.webp\" alt=\"\" width=\"729\" height=\"729\" srcset=\"https:\/\/www.slsele.com\/wp-content\/uploads\/2024\/06\/Zigbee-IR-hub-12_\u7ed3\u679c.webp 1001w, https:\/\/www.slsele.com\/wp-content\/uploads\/2024\/06\/Zigbee-IR-hub-12_\u7ed3\u679c-300x300.webp 300w, https:\/\/www.slsele.com\/wp-content\/uploads\/2024\/06\/Zigbee-IR-hub-12_\u7ed3\u679c-150x150.webp 150w, https:\/\/www.slsele.com\/wp-content\/uploads\/2024\/06\/Zigbee-IR-hub-12_\u7ed3\u679c-768x768.webp 768w, https:\/\/www.slsele.com\/wp-content\/uploads\/2024\/06\/Zigbee-IR-hub-12_\u7ed3\u679c-12x12.webp 12w, https:\/\/www.slsele.com\/wp-content\/uploads\/2024\/06\/Zigbee-IR-hub-12_\u7ed3\u679c-570x570.webp 570w, https:\/\/www.slsele.com\/wp-content\/uploads\/2024\/06\/Zigbee-IR-hub-12_\u7ed3\u679c-500x500.webp 500w, https:\/\/www.slsele.com\/wp-content\/uploads\/2024\/06\/Zigbee-IR-hub-12_\u7ed3\u679c-700x700.webp 700w, https:\/\/www.slsele.com\/wp-content\/uploads\/2024\/06\/Zigbee-IR-hub-12_\u7ed3\u679c-600x600.webp 600w, https:\/\/www.slsele.com\/wp-content\/uploads\/2024\/06\/Zigbee-IR-hub-12_\u7ed3\u679c-100x100.webp 100w, https:\/\/www.slsele.com\/wp-content\/uploads\/2024\/06\/Zigbee-IR-hub-12_\u7ed3\u679c-50x50.webp 50w\" sizes=\"auto, (max-width: 729px) 100vw, 729px\" \/><\/p>\n<div><img loading=\"lazy\" decoding=\"async\" class=\"aligncenter wp-image-2081\" src=\"https:\/\/slsele.com\/wp-content\/uploads\/2024\/06\/Zigbee-IR-hub-14_\u7ed3\u679c.webp\" alt=\"\" width=\"735\" height=\"735\" srcset=\"https:\/\/www.slsele.com\/wp-content\/uploads\/2024\/06\/Zigbee-IR-hub-14_\u7ed3\u679c.webp 1000w, https:\/\/www.slsele.com\/wp-content\/uploads\/2024\/06\/Zigbee-IR-hub-14_\u7ed3\u679c-300x300.webp 300w, https:\/\/www.slsele.com\/wp-content\/uploads\/2024\/06\/Zigbee-IR-hub-14_\u7ed3\u679c-150x150.webp 150w, https:\/\/www.slsele.com\/wp-content\/uploads\/2024\/06\/Zigbee-IR-hub-14_\u7ed3\u679c-768x768.webp 768w, https:\/\/www.slsele.com\/wp-content\/uploads\/2024\/06\/Zigbee-IR-hub-14_\u7ed3\u679c-12x12.webp 12w, https:\/\/www.slsele.com\/wp-content\/uploads\/2024\/06\/Zigbee-IR-hub-14_\u7ed3\u679c-570x570.webp 570w, https:\/\/www.slsele.com\/wp-content\/uploads\/2024\/06\/Zigbee-IR-hub-14_\u7ed3\u679c-500x500.webp 500w, https:\/\/www.slsele.com\/wp-content\/uploads\/2024\/06\/Zigbee-IR-hub-14_\u7ed3\u679c-700x700.webp 700w, https:\/\/www.slsele.com\/wp-content\/uploads\/2024\/06\/Zigbee-IR-hub-14_\u7ed3\u679c-600x600.webp 600w, https:\/\/www.slsele.com\/wp-content\/uploads\/2024\/06\/Zigbee-IR-hub-14_\u7ed3\u679c-100x100.webp 100w, https:\/\/www.slsele.com\/wp-content\/uploads\/2024\/06\/Zigbee-IR-hub-14_\u7ed3\u679c-50x50.webp 50w\" sizes=\"auto, (max-width: 735px) 100vw, 735px\" \/><\/div>\n<div><\/div>\n<h3 class=\"heading-2 ace-line old-record-id-Rwrkdsg5QoAIA1xofYdcKGDcnpf\" style=\"text-align: left;\">Control dom\u00e9stico simplificado<\/h3>\n<div class=\"ace-line ace-line old-record-id-AlB1dQ76WovmeRxeWCBc7qYLnTd\" style=\"text-align: left;\">Esta puerta de enlace tiene un m\u00f3dulo de emisi\u00f3n de infrarrojos incorporado, que le da capacidad de control por infrarrojos y puede controlar otros dispositivos el\u00e9ctricos infrarrojos comunes en el hogar. Con esta puerta de enlace podr\u00e1 encender o apagar sin esfuerzo el televisor, el aire acondicionado o el reproductor de DVD sin tener que lidiar con varios mandos a distancia. Rompe por completo la situaci\u00f3n tradicional en la que los mandos a distancia funcionan de forma independiente, integrando perfectamente todos los dispositivos de control por infrarrojos en el ecosistema del hogar inteligente, haciendo que el control dom\u00e9stico sea tan fluido y c\u00f3modo como la seda.<\/div>\n<p><img loading=\"lazy\" decoding=\"async\" class=\"aligncenter wp-image-2078\" src=\"https:\/\/slsele.com\/wp-content\/uploads\/2024\/06\/Zigbee-IR-hub-11_\u7ed3\u679c.webp\" alt=\"\" width=\"743\" height=\"743\" srcset=\"https:\/\/www.slsele.com\/wp-content\/uploads\/2024\/06\/Zigbee-IR-hub-11_\u7ed3\u679c.webp 1001w, https:\/\/www.slsele.com\/wp-content\/uploads\/2024\/06\/Zigbee-IR-hub-11_\u7ed3\u679c-300x300.webp 300w, https:\/\/www.slsele.com\/wp-content\/uploads\/2024\/06\/Zigbee-IR-hub-11_\u7ed3\u679c-150x150.webp 150w, https:\/\/www.slsele.com\/wp-content\/uploads\/2024\/06\/Zigbee-IR-hub-11_\u7ed3\u679c-768x768.webp 768w, https:\/\/www.slsele.com\/wp-content\/uploads\/2024\/06\/Zigbee-IR-hub-11_\u7ed3\u679c-12x12.webp 12w, https:\/\/www.slsele.com\/wp-content\/uploads\/2024\/06\/Zigbee-IR-hub-11_\u7ed3\u679c-570x570.webp 570w, https:\/\/www.slsele.com\/wp-content\/uploads\/2024\/06\/Zigbee-IR-hub-11_\u7ed3\u679c-500x500.webp 500w, https:\/\/www.slsele.com\/wp-content\/uploads\/2024\/06\/Zigbee-IR-hub-11_\u7ed3\u679c-700x700.webp 700w, https:\/\/www.slsele.com\/wp-content\/uploads\/2024\/06\/Zigbee-IR-hub-11_\u7ed3\u679c-600x600.webp 600w, https:\/\/www.slsele.com\/wp-content\/uploads\/2024\/06\/Zigbee-IR-hub-11_\u7ed3\u679c-100x100.webp 100w, https:\/\/www.slsele.com\/wp-content\/uploads\/2024\/06\/Zigbee-IR-hub-11_\u7ed3\u679c-50x50.webp 50w\" sizes=\"auto, (max-width: 743px) 100vw, 743px\" \/><\/p>\n<h3 class=\"heading-2 ace-line old-record-id-G03ddXipOoGEb9xIYawcq8ucnRe\" style=\"text-align: left;\">Control total<\/h3>\n<p style=\"text-align: left;\">Todos los electrodom\u00e9sticos en el mismo espacio pueden ser controlados sin callejones sin salida por la puerta de enlace 3 en 1. Admite control a larga distancia de 15 metros.<\/p>\n<p><img loading=\"lazy\" decoding=\"async\" class=\"aligncenter wp-image-2093\" src=\"https:\/\/slsele.com\/wp-content\/uploads\/2024\/06\/Zigbee-IR-hub-26_\u7ed3\u679c.webp\" alt=\"\" width=\"752\" height=\"752\" srcset=\"https:\/\/www.slsele.com\/wp-content\/uploads\/2024\/06\/Zigbee-IR-hub-26_\u7ed3\u679c.webp 1001w, https:\/\/www.slsele.com\/wp-content\/uploads\/2024\/06\/Zigbee-IR-hub-26_\u7ed3\u679c-300x300.webp 300w, https:\/\/www.slsele.com\/wp-content\/uploads\/2024\/06\/Zigbee-IR-hub-26_\u7ed3\u679c-150x150.webp 150w, https:\/\/www.slsele.com\/wp-content\/uploads\/2024\/06\/Zigbee-IR-hub-26_\u7ed3\u679c-768x768.webp 768w, https:\/\/www.slsele.com\/wp-content\/uploads\/2024\/06\/Zigbee-IR-hub-26_\u7ed3\u679c-12x12.webp 12w, https:\/\/www.slsele.com\/wp-content\/uploads\/2024\/06\/Zigbee-IR-hub-26_\u7ed3\u679c-570x570.webp 570w, https:\/\/www.slsele.com\/wp-content\/uploads\/2024\/06\/Zigbee-IR-hub-26_\u7ed3\u679c-500x500.webp 500w, https:\/\/www.slsele.com\/wp-content\/uploads\/2024\/06\/Zigbee-IR-hub-26_\u7ed3\u679c-700x700.webp 700w, https:\/\/www.slsele.com\/wp-content\/uploads\/2024\/06\/Zigbee-IR-hub-26_\u7ed3\u679c-600x600.webp 600w, https:\/\/www.slsele.com\/wp-content\/uploads\/2024\/06\/Zigbee-IR-hub-26_\u7ed3\u679c-100x100.webp 100w, https:\/\/www.slsele.com\/wp-content\/uploads\/2024\/06\/Zigbee-IR-hub-26_\u7ed3\u679c-50x50.webp 50w\" sizes=\"auto, (max-width: 752px) 100vw, 752px\" \/><\/p>\n<div>\n<p><img loading=\"lazy\" decoding=\"async\" class=\"aligncenter wp-image-2077\" src=\"https:\/\/slsele.com\/wp-content\/uploads\/2024\/06\/Zigbee-IR-hub-10_\u7ed3\u679c.webp\" alt=\"\" width=\"795\" height=\"795\" srcset=\"https:\/\/www.slsele.com\/wp-content\/uploads\/2024\/06\/Zigbee-IR-hub-10_\u7ed3\u679c.webp 1001w, https:\/\/www.slsele.com\/wp-content\/uploads\/2024\/06\/Zigbee-IR-hub-10_\u7ed3\u679c-300x300.webp 300w, https:\/\/www.slsele.com\/wp-content\/uploads\/2024\/06\/Zigbee-IR-hub-10_\u7ed3\u679c-150x150.webp 150w, https:\/\/www.slsele.com\/wp-content\/uploads\/2024\/06\/Zigbee-IR-hub-10_\u7ed3\u679c-768x768.webp 768w, https:\/\/www.slsele.com\/wp-content\/uploads\/2024\/06\/Zigbee-IR-hub-10_\u7ed3\u679c-12x12.webp 12w, https:\/\/www.slsele.com\/wp-content\/uploads\/2024\/06\/Zigbee-IR-hub-10_\u7ed3\u679c-570x570.webp 570w, https:\/\/www.slsele.com\/wp-content\/uploads\/2024\/06\/Zigbee-IR-hub-10_\u7ed3\u679c-500x500.webp 500w, https:\/\/www.slsele.com\/wp-content\/uploads\/2024\/06\/Zigbee-IR-hub-10_\u7ed3\u679c-700x700.webp 700w, https:\/\/www.slsele.com\/wp-content\/uploads\/2024\/06\/Zigbee-IR-hub-10_\u7ed3\u679c-600x600.webp 600w, https:\/\/www.slsele.com\/wp-content\/uploads\/2024\/06\/Zigbee-IR-hub-10_\u7ed3\u679c-100x100.webp 100w, https:\/\/www.slsele.com\/wp-content\/uploads\/2024\/06\/Zigbee-IR-hub-10_\u7ed3\u679c-50x50.webp 50w\" sizes=\"auto, (max-width: 795px) 100vw, 795px\" \/><img loading=\"lazy\" decoding=\"async\" class=\"aligncenter wp-image-2094\" src=\"https:\/\/slsele.com\/wp-content\/uploads\/2024\/06\/Zigbee-IR-hub-27_\u7ed3\u679c.webp\" alt=\"\" width=\"709\" height=\"709\" srcset=\"https:\/\/www.slsele.com\/wp-content\/uploads\/2024\/06\/Zigbee-IR-hub-27_\u7ed3\u679c.webp 1001w, https:\/\/www.slsele.com\/wp-content\/uploads\/2024\/06\/Zigbee-IR-hub-27_\u7ed3\u679c-300x300.webp 300w, https:\/\/www.slsele.com\/wp-content\/uploads\/2024\/06\/Zigbee-IR-hub-27_\u7ed3\u679c-150x150.webp 150w, https:\/\/www.slsele.com\/wp-content\/uploads\/2024\/06\/Zigbee-IR-hub-27_\u7ed3\u679c-768x768.webp 768w, https:\/\/www.slsele.com\/wp-content\/uploads\/2024\/06\/Zigbee-IR-hub-27_\u7ed3\u679c-12x12.webp 12w, https:\/\/www.slsele.com\/wp-content\/uploads\/2024\/06\/Zigbee-IR-hub-27_\u7ed3\u679c-570x570.webp 570w, https:\/\/www.slsele.com\/wp-content\/uploads\/2024\/06\/Zigbee-IR-hub-27_\u7ed3\u679c-500x500.webp 500w, https:\/\/www.slsele.com\/wp-content\/uploads\/2024\/06\/Zigbee-IR-hub-27_\u7ed3\u679c-700x700.webp 700w, https:\/\/www.slsele.com\/wp-content\/uploads\/2024\/06\/Zigbee-IR-hub-27_\u7ed3\u679c-600x600.webp 600w, https:\/\/www.slsele.com\/wp-content\/uploads\/2024\/06\/Zigbee-IR-hub-27_\u7ed3\u679c-100x100.webp 100w, https:\/\/www.slsele.com\/wp-content\/uploads\/2024\/06\/Zigbee-IR-hub-27_\u7ed3\u679c-50x50.webp 50w\" sizes=\"auto, (max-width: 709px) 100vw, 709px\" \/><\/p>\n<h3 class=\"heading-2 ace-line old-record-id-G03ddXipOoGEb9xIYawcq8ucnRe\" style=\"text-align: left;\">No es necesario conectar un cable de red<\/h3>\n<\/div>\n<div class=\"ace-line ace-line old-record-id-LeqHdV1qAo1s5TxJOgMcN8gDnOh\" style=\"text-align: left;\">La pasarela IR Bluetooth ZigBee utiliza una conexi\u00f3n de red inal\u00e1mbrica sin necesidad de cables de red, solo cables de alimentaci\u00f3n. Esto no s\u00f3lo simplifica el proceso de instalaci\u00f3n sin cableado complejo, sino que tambi\u00e9n le permite comunicarse con aplicaciones m\u00f3viles y en la nube. A trav\u00e9s de esta conexi\u00f3n, los usuarios pueden acceder y gestionar de forma remota sus dispositivos inteligentes. Tanto si est\u00e1 trabajando, de vacaciones o simplemente en otra habitaci\u00f3n de su casa, puede ver y controlar f\u00e1cilmente el estado de todos los dispositivos inteligentes de su hogar en la aplicaci\u00f3n. Puede ajustar el brillo de las luces inteligentes, controlar los niveles de temperatura y humedad con sensores e incluso desbloquear cerraduras de puertas inteligentes.<\/div>\n<h3 class=\"heading-2 ace-line old-record-id-QtoJdSq5MoBBawxipLdcpOYnnEg\" style=\"text-align: left;\">Par\u00e1metro<\/h3>\n<\/div>\n<p><img loading=\"lazy\" decoding=\"async\" class=\"aligncenter wp-image-2071\" src=\"https:\/\/slsele.com\/wp-content\/uploads\/2024\/06\/Zigbee-IR-hub-4_\u7ed3\u679c.webp\" alt=\"\" width=\"656\" height=\"650\" srcset=\"https:\/\/www.slsele.com\/wp-content\/uploads\/2024\/06\/Zigbee-IR-hub-4_\u7ed3\u679c.webp 764w, https:\/\/www.slsele.com\/wp-content\/uploads\/2024\/06\/Zigbee-IR-hub-4_\u7ed3\u679c-300x297.webp 300w, https:\/\/www.slsele.com\/wp-content\/uploads\/2024\/06\/Zigbee-IR-hub-4_\u7ed3\u679c-150x150.webp 150w, https:\/\/www.slsele.com\/wp-content\/uploads\/2024\/06\/Zigbee-IR-hub-4_\u7ed3\u679c-12x12.webp 12w, https:\/\/www.slsele.com\/wp-content\/uploads\/2024\/06\/Zigbee-IR-hub-4_\u7ed3\u679c-700x693.webp 700w, https:\/\/www.slsele.com\/wp-content\/uploads\/2024\/06\/Zigbee-IR-hub-4_\u7ed3\u679c-600x594.webp 600w, https:\/\/www.slsele.com\/wp-content\/uploads\/2024\/06\/Zigbee-IR-hub-4_\u7ed3\u679c-100x100.webp 100w, https:\/\/www.slsele.com\/wp-content\/uploads\/2024\/06\/Zigbee-IR-hub-4_\u7ed3\u679c-50x50.webp 50w\" sizes=\"auto, (max-width: 656px) 100vw, 656px\" \/> <img loading=\"lazy\" decoding=\"async\" class=\"aligncenter wp-image-2080\" src=\"https:\/\/slsele.com\/wp-content\/uploads\/2024\/06\/Zigbee-IR-hub-13_\u7ed3\u679c.webp\" alt=\"\" width=\"759\" height=\"759\" srcset=\"https:\/\/www.slsele.com\/wp-content\/uploads\/2024\/06\/Zigbee-IR-hub-13_\u7ed3\u679c.webp 1001w, https:\/\/www.slsele.com\/wp-content\/uploads\/2024\/06\/Zigbee-IR-hub-13_\u7ed3\u679c-300x300.webp 300w, https:\/\/www.slsele.com\/wp-content\/uploads\/2024\/06\/Zigbee-IR-hub-13_\u7ed3\u679c-150x150.webp 150w, https:\/\/www.slsele.com\/wp-content\/uploads\/2024\/06\/Zigbee-IR-hub-13_\u7ed3\u679c-768x768.webp 768w, https:\/\/www.slsele.com\/wp-content\/uploads\/2024\/06\/Zigbee-IR-hub-13_\u7ed3\u679c-12x12.webp 12w, https:\/\/www.slsele.com\/wp-content\/uploads\/2024\/06\/Zigbee-IR-hub-13_\u7ed3\u679c-570x570.webp 570w, https:\/\/www.slsele.com\/wp-content\/uploads\/2024\/06\/Zigbee-IR-hub-13_\u7ed3\u679c-500x500.webp 500w, https:\/\/www.slsele.com\/wp-content\/uploads\/2024\/06\/Zigbee-IR-hub-13_\u7ed3\u679c-700x700.webp 700w, https:\/\/www.slsele.com\/wp-content\/uploads\/2024\/06\/Zigbee-IR-hub-13_\u7ed3\u679c-600x600.webp 600w, https:\/\/www.slsele.com\/wp-content\/uploads\/2024\/06\/Zigbee-IR-hub-13_\u7ed3\u679c-100x100.webp 100w, https:\/\/www.slsele.com\/wp-content\/uploads\/2024\/06\/Zigbee-IR-hub-13_\u7ed3\u679c-50x50.webp 50w\" sizes=\"auto, (max-width: 759px) 100vw, 759px\" \/><\/p>","protected":false},"excerpt":{"rendered":"<p style=\"margin: 0cm;\"><span lang=\"EN-US\" style=\"font-family: 'Times New Roman',serif; color: #0e101a;\">La pasarela inal\u00e1mbrica inteligente multifunci\u00f3n 3 en 1 IR Bluetooth ZigBee Gateway es compatible con m\u00faltiples protocolos. Esto significa que los dispositivos inteligentes con diferentes protocolos pueden comunicarse y compartir datos a trav\u00e9s de la pasarela, mejorando la funcionalidad general y la inteligencia del sistema dom\u00f3tico.\u00a0<\/span><\/p>","protected":false},"featured_media":2070,"comment_status":"open","ping_status":"closed","template":"","meta":[],"product_brand":[],"product_cat":[20],"product_tag":[],"class_list":{"0":"post-2067","1":"product","2":"type-product","3":"status-publish","4":"has-post-thumbnail","6":"product_cat-smart-gateway","8":"first","9":"instock","10":"shipping-taxable","11":"purchasable","12":"product-type-simple"},"_links":{"self":[{"href":"https:\/\/www.slsele.com\/es\/wp-json\/wp\/v2\/product\/2067","targetHints":{"allow":["GET"]}}],"collection":[{"href":"https:\/\/www.slsele.com\/es\/wp-json\/wp\/v2\/product"}],"about":[{"href":"https:\/\/www.slsele.com\/es\/wp-json\/wp\/v2\/types\/product"}],"replies":[{"embeddable":true,"href":"https:\/\/www.slsele.com\/es\/wp-json\/wp\/v2\/comments?post=2067"}],"wp:featuredmedia":[{"embeddable":true,"href":"https:\/\/www.slsele.com\/es\/wp-json\/wp\/v2\/media\/2070"}],"wp:attachment":[{"href":"https:\/\/www.slsele.com\/es\/wp-json\/wp\/v2\/media?parent=2067"}],"wp:term":[{"taxonomy":"product_brand","embeddable":true,"href":"https:\/\/www.slsele.com\/es\/wp-json\/wp\/v2\/product_brand?post=2067"},{"taxonomy":"product_cat","embeddable":true,"href":"https:\/\/www.slsele.com\/es\/wp-json\/wp\/v2\/product_cat?post=2067"},{"taxonomy":"product_tag","embeddable":true,"href":"https:\/\/www.slsele.com\/es\/wp-json\/wp\/v2\/product_tag?post=2067"}],"curies":[{"name":"wp","href":"https:\/\/api.w.org\/{rel}","templated":true}]}}