{"id":2065,"date":"2024-06-08T15:46:17","date_gmt":"2024-06-08T07:46:17","guid":{"rendered":"https:\/\/slsele.com\/?post_type=product&#038;p=2065"},"modified":"2026-04-13T11:29:45","modified_gmt":"2026-04-13T03:29:45","slug":"wifi-rf-ir-universal-remote-controller","status":"publish","type":"product","link":"https:\/\/www.slsele.com\/es\/producto\/wifi-rf-ir-universal-remote-controller\/","title":{"rendered":"Mando a distancia universal WiFi IR RF"},"content":{"rendered":"<h2 style=\"text-align: center;\">TUYA WiFi Inteligente IR + Mando a Distancia RF433\/315MHz<\/h2>\n<p style=\"text-align: left;\">El control remoto wifi IR RF es un control remoto dom\u00e9stico inteligente multifuncional que se conecta a Internet a trav\u00e9s de WiFi o tecnolog\u00eda IR o RF para controlar una variedad de dispositivos en su hogar, brindando capacidades de control remoto f\u00e1ciles de usar:<\/p>\n<ul>\n<li style=\"text-align: left;\">Habilitado para WiFi y 4G para control remoto desde cualquier lugar a trav\u00e9s de la aplicaci\u00f3n Smart Life\/Tuya; controle electrodom\u00e9sticos fuera de casa y convierta su tel\u00e9fono inteligente en un control remoto universal;<\/li>\n<li style=\"text-align: left;\">C\u00f3digo IR local para un tiempo de respuesta m\u00e1s r\u00e1pido;<\/li>\n<li style=\"text-align: left;\">Control remoto m\u00faltiple <a href=\"https:\/\/juejin.cn\/post\/7280775972323967028\" rel=\"nofollow noopener\" target=\"_blank\">Protocolo RF<\/a> garantiza un control sin esfuerzo de diferentes dispositivos RF de 433 MHz. Si desea un controlador m\u00e1s simple sin RF pero el precio es m\u00e1s bajo, consulte la <a href=\"https:\/\/www.slsele.com\/es\/producto\/infrared-ir-remote-control\/\" target=\"_blank\" rel=\"noopener\"><span style=\"color: #3366ff;\">Control remoto por infrarrojos wifi<\/span><\/a>.<\/li>\n<\/ul>\n<p style=\"text-align: left;\"><img loading=\"lazy\" decoding=\"async\" class=\"aligncenter wp-image-2043 size-full\" src=\"https:\/\/slsele.com\/wp-content\/uploads\/2024\/06\/SLS21-2-1_\u7ed3\u679c.webp\" alt=\"Mando a distancia universal WiFi IR RF\" width=\"1000\" height=\"1000\" srcset=\"https:\/\/www.slsele.com\/wp-content\/uploads\/2024\/06\/SLS21-2-1_\u7ed3\u679c.webp 1000w, https:\/\/www.slsele.com\/wp-content\/uploads\/2024\/06\/SLS21-2-1_\u7ed3\u679c-300x300.webp 300w, https:\/\/www.slsele.com\/wp-content\/uploads\/2024\/06\/SLS21-2-1_\u7ed3\u679c-150x150.webp 150w, https:\/\/www.slsele.com\/wp-content\/uploads\/2024\/06\/SLS21-2-1_\u7ed3\u679c-768x768.webp 768w, https:\/\/www.slsele.com\/wp-content\/uploads\/2024\/06\/SLS21-2-1_\u7ed3\u679c-12x12.webp 12w, https:\/\/www.slsele.com\/wp-content\/uploads\/2024\/06\/SLS21-2-1_\u7ed3\u679c-570x570.webp 570w, https:\/\/www.slsele.com\/wp-content\/uploads\/2024\/06\/SLS21-2-1_\u7ed3\u679c-500x500.webp 500w, https:\/\/www.slsele.com\/wp-content\/uploads\/2024\/06\/SLS21-2-1_\u7ed3\u679c-700x700.webp 700w, https:\/\/www.slsele.com\/wp-content\/uploads\/2024\/06\/SLS21-2-1_\u7ed3\u679c-600x600.webp 600w, https:\/\/www.slsele.com\/wp-content\/uploads\/2024\/06\/SLS21-2-1_\u7ed3\u679c-100x100.webp 100w, https:\/\/www.slsele.com\/wp-content\/uploads\/2024\/06\/SLS21-2-1_\u7ed3\u679c-50x50.webp 50w\" sizes=\"auto, (max-width: 1000px) 100vw, 1000px\" \/><\/p>\n<h3 style=\"text-align: left;\">Control de voz<\/h3>\n<p style=\"text-align: left;\">El control remoto wifi IR RF es compatible con Alexa y Google Home para un control de voz simple y manos libres, como &quot;Alexa, configura el aire acondicionado a 77 grados&quot;; ampliamente compatible con una variedad de dispositivos; para ver la lista completa, consulte la lista adjunta o la aplicaci\u00f3n Smart Life.<\/p>\n<p><img loading=\"lazy\" decoding=\"async\" class=\"aligncenter size-full wp-image-2045\" src=\"https:\/\/slsele.com\/wp-content\/uploads\/2024\/06\/SLS21-2-4_\u7ed3\u679c.webp\" alt=\"\" width=\"772\" height=\"772\" srcset=\"https:\/\/www.slsele.com\/wp-content\/uploads\/2024\/06\/SLS21-2-4_\u7ed3\u679c.webp 772w, https:\/\/www.slsele.com\/wp-content\/uploads\/2024\/06\/SLS21-2-4_\u7ed3\u679c-300x300.webp 300w, https:\/\/www.slsele.com\/wp-content\/uploads\/2024\/06\/SLS21-2-4_\u7ed3\u679c-150x150.webp 150w, https:\/\/www.slsele.com\/wp-content\/uploads\/2024\/06\/SLS21-2-4_\u7ed3\u679c-768x768.webp 768w, https:\/\/www.slsele.com\/wp-content\/uploads\/2024\/06\/SLS21-2-4_\u7ed3\u679c-12x12.webp 12w, https:\/\/www.slsele.com\/wp-content\/uploads\/2024\/06\/SLS21-2-4_\u7ed3\u679c-570x570.webp 570w, https:\/\/www.slsele.com\/wp-content\/uploads\/2024\/06\/SLS21-2-4_\u7ed3\u679c-500x500.webp 500w, https:\/\/www.slsele.com\/wp-content\/uploads\/2024\/06\/SLS21-2-4_\u7ed3\u679c-700x700.webp 700w, https:\/\/www.slsele.com\/wp-content\/uploads\/2024\/06\/SLS21-2-4_\u7ed3\u679c-600x600.webp 600w, https:\/\/www.slsele.com\/wp-content\/uploads\/2024\/06\/SLS21-2-4_\u7ed3\u679c-100x100.webp 100w, https:\/\/www.slsele.com\/wp-content\/uploads\/2024\/06\/SLS21-2-4_\u7ed3\u679c-50x50.webp 50w\" sizes=\"auto, (max-width: 772px) 100vw, 772px\" \/><\/p>\n<h3 style=\"text-align: left;\">Todo en un solo control remoto<\/h3>\n<p style=\"text-align: left;\">Con un control remoto IR RF wifi, puede convertir su tel\u00e9fono inteligente en un control remoto universal, compatible con varios electrodom\u00e9sticos IR y RF.<\/p>\n<p style=\"text-align: left;\">El dispositivo cuenta con una funci\u00f3n de aprendizaje programable DIY para una compatibilidad a\u00fan m\u00e1s amplia con dispositivos como chimeneas, calentadores y ventiladores de techo. Utilice su tel\u00e9fono inteligente para activar el control remoto infrarrojo y encender el aire acondicionado antes de llegar a casa, o apagar el televisor\/luz\/calefacci\u00f3n cuando salga de casa. El control remoto RF IR wifi le permite controlar los dispositivos del hogar en todo momento y en cualquier lugar.<\/p>\n<p style=\"text-align: left;\">\n<p><img loading=\"lazy\" decoding=\"async\" class=\"aligncenter size-full wp-image-2048\" src=\"https:\/\/slsele.com\/wp-content\/uploads\/2024\/06\/SLS21-2-8_\u7ed3\u679c.webp\" alt=\"\" width=\"817\" height=\"817\" srcset=\"https:\/\/www.slsele.com\/wp-content\/uploads\/2024\/06\/SLS21-2-8_\u7ed3\u679c.webp 817w, https:\/\/www.slsele.com\/wp-content\/uploads\/2024\/06\/SLS21-2-8_\u7ed3\u679c-300x300.webp 300w, https:\/\/www.slsele.com\/wp-content\/uploads\/2024\/06\/SLS21-2-8_\u7ed3\u679c-150x150.webp 150w, https:\/\/www.slsele.com\/wp-content\/uploads\/2024\/06\/SLS21-2-8_\u7ed3\u679c-768x768.webp 768w, https:\/\/www.slsele.com\/wp-content\/uploads\/2024\/06\/SLS21-2-8_\u7ed3\u679c-12x12.webp 12w, https:\/\/www.slsele.com\/wp-content\/uploads\/2024\/06\/SLS21-2-8_\u7ed3\u679c-570x570.webp 570w, https:\/\/www.slsele.com\/wp-content\/uploads\/2024\/06\/SLS21-2-8_\u7ed3\u679c-500x500.webp 500w, https:\/\/www.slsele.com\/wp-content\/uploads\/2024\/06\/SLS21-2-8_\u7ed3\u679c-700x700.webp 700w, https:\/\/www.slsele.com\/wp-content\/uploads\/2024\/06\/SLS21-2-8_\u7ed3\u679c-600x600.webp 600w, https:\/\/www.slsele.com\/wp-content\/uploads\/2024\/06\/SLS21-2-8_\u7ed3\u679c-100x100.webp 100w, https:\/\/www.slsele.com\/wp-content\/uploads\/2024\/06\/SLS21-2-8_\u7ed3\u679c-50x50.webp 50w\" sizes=\"auto, (max-width: 817px) 100vw, 817px\" \/><\/p>\n<p><img loading=\"lazy\" decoding=\"async\" class=\"aligncenter size-full wp-image-2055\" src=\"https:\/\/slsele.com\/wp-content\/uploads\/2024\/06\/SLS21-2-15_\u7ed3\u679c.webp\" alt=\"\" width=\"781\" height=\"778\" srcset=\"https:\/\/www.slsele.com\/wp-content\/uploads\/2024\/06\/SLS21-2-15_\u7ed3\u679c.webp 781w, https:\/\/www.slsele.com\/wp-content\/uploads\/2024\/06\/SLS21-2-15_\u7ed3\u679c-300x300.webp 300w, https:\/\/www.slsele.com\/wp-content\/uploads\/2024\/06\/SLS21-2-15_\u7ed3\u679c-150x150.webp 150w, https:\/\/www.slsele.com\/wp-content\/uploads\/2024\/06\/SLS21-2-15_\u7ed3\u679c-768x765.webp 768w, https:\/\/www.slsele.com\/wp-content\/uploads\/2024\/06\/SLS21-2-15_\u7ed3\u679c-12x12.webp 12w, https:\/\/www.slsele.com\/wp-content\/uploads\/2024\/06\/SLS21-2-15_\u7ed3\u679c-700x697.webp 700w, https:\/\/www.slsele.com\/wp-content\/uploads\/2024\/06\/SLS21-2-15_\u7ed3\u679c-600x598.webp 600w, https:\/\/www.slsele.com\/wp-content\/uploads\/2024\/06\/SLS21-2-15_\u7ed3\u679c-100x100.webp 100w, https:\/\/www.slsele.com\/wp-content\/uploads\/2024\/06\/SLS21-2-15_\u7ed3\u679c-50x50.webp 50w\" sizes=\"auto, (max-width: 781px) 100vw, 781px\" \/><\/p>\n<h3 style=\"text-align: left;\">Compartir con la familia<\/h3>\n<p style=\"text-align: left;\">Comparte el control por infrarrojos y radiofrecuencia wifi con tu familia y amigos para mayor comodidad. Puedes compartir los datos con ellos o darles la clave secreta para que puedan controlar juntos los electrodom\u00e9sticos.<\/p>\n<p><img loading=\"lazy\" decoding=\"async\" class=\"aligncenter size-full wp-image-2059\" src=\"https:\/\/slsele.com\/wp-content\/uploads\/2024\/06\/SLS21-2-19_\u7ed3\u679c.webp\" alt=\"\" width=\"786\" height=\"788\" srcset=\"https:\/\/www.slsele.com\/wp-content\/uploads\/2024\/06\/SLS21-2-19_\u7ed3\u679c.webp 786w, https:\/\/www.slsele.com\/wp-content\/uploads\/2024\/06\/SLS21-2-19_\u7ed3\u679c-300x300.webp 300w, https:\/\/www.slsele.com\/wp-content\/uploads\/2024\/06\/SLS21-2-19_\u7ed3\u679c-150x150.webp 150w, https:\/\/www.slsele.com\/wp-content\/uploads\/2024\/06\/SLS21-2-19_\u7ed3\u679c-768x770.webp 768w, https:\/\/www.slsele.com\/wp-content\/uploads\/2024\/06\/SLS21-2-19_\u7ed3\u679c-12x12.webp 12w, https:\/\/www.slsele.com\/wp-content\/uploads\/2024\/06\/SLS21-2-19_\u7ed3\u679c-570x570.webp 570w, https:\/\/www.slsele.com\/wp-content\/uploads\/2024\/06\/SLS21-2-19_\u7ed3\u679c-500x500.webp 500w, https:\/\/www.slsele.com\/wp-content\/uploads\/2024\/06\/SLS21-2-19_\u7ed3\u679c-700x702.webp 700w, https:\/\/www.slsele.com\/wp-content\/uploads\/2024\/06\/SLS21-2-19_\u7ed3\u679c-600x602.webp 600w, https:\/\/www.slsele.com\/wp-content\/uploads\/2024\/06\/SLS21-2-19_\u7ed3\u679c-100x100.webp 100w, https:\/\/www.slsele.com\/wp-content\/uploads\/2024\/06\/SLS21-2-19_\u7ed3\u679c-50x50.webp 50w\" sizes=\"auto, (max-width: 786px) 100vw, 786px\" \/><\/p>\n<h3 style=\"text-align: left;\">Par\u00e1metros<\/h3>\n<p><img loading=\"lazy\" decoding=\"async\" class=\"aligncenter size-full wp-image-2060\" src=\"https:\/\/slsele.com\/wp-content\/uploads\/2024\/06\/SLS21-2-20_\u7ed3\u679c.webp\" alt=\"\" width=\"768\" height=\"460\" srcset=\"https:\/\/www.slsele.com\/wp-content\/uploads\/2024\/06\/SLS21-2-20_\u7ed3\u679c.webp 768w, https:\/\/www.slsele.com\/wp-content\/uploads\/2024\/06\/SLS21-2-20_\u7ed3\u679c-300x180.webp 300w, https:\/\/www.slsele.com\/wp-content\/uploads\/2024\/06\/SLS21-2-20_\u7ed3\u679c-18x12.webp 18w, https:\/\/www.slsele.com\/wp-content\/uploads\/2024\/06\/SLS21-2-20_\u7ed3\u679c-700x419.webp 700w, https:\/\/www.slsele.com\/wp-content\/uploads\/2024\/06\/SLS21-2-20_\u7ed3\u679c-600x359.webp 600w\" sizes=\"auto, (max-width: 768px) 100vw, 768px\" \/><\/p>","protected":false},"excerpt":{"rendered":"<h5>Control remoto universal WiFi IR RF para TV, aire acondicionado, electrodom\u00e9sticos y m\u00e1s, compatible con la aplicaci\u00f3n Tuya \/ Smart Life y control por voz a trav\u00e9s de Alexa y Google Home<\/h5>","protected":false},"featured_media":2043,"comment_status":"open","ping_status":"closed","template":"","meta":[],"product_brand":[],"product_cat":[19],"product_tag":[],"class_list":{"0":"post-2065","1":"product","2":"type-product","3":"status-publish","4":"has-post-thumbnail","6":"product_cat-smart-controller","8":"first","9":"instock","10":"shipping-taxable","11":"purchasable","12":"product-type-simple"},"_links":{"self":[{"href":"https:\/\/www.slsele.com\/es\/wp-json\/wp\/v2\/product\/2065","targetHints":{"allow":["GET"]}}],"collection":[{"href":"https:\/\/www.slsele.com\/es\/wp-json\/wp\/v2\/product"}],"about":[{"href":"https:\/\/www.slsele.com\/es\/wp-json\/wp\/v2\/types\/product"}],"replies":[{"embeddable":true,"href":"https:\/\/www.slsele.com\/es\/wp-json\/wp\/v2\/comments?post=2065"}],"wp:featuredmedia":[{"embeddable":true,"href":"https:\/\/www.slsele.com\/es\/wp-json\/wp\/v2\/media\/2043"}],"wp:attachment":[{"href":"https:\/\/www.slsele.com\/es\/wp-json\/wp\/v2\/media?parent=2065"}],"wp:term":[{"taxonomy":"product_brand","embeddable":true,"href":"https:\/\/www.slsele.com\/es\/wp-json\/wp\/v2\/product_brand?post=2065"},{"taxonomy":"product_cat","embeddable":true,"href":"https:\/\/www.slsele.com\/es\/wp-json\/wp\/v2\/product_cat?post=2065"},{"taxonomy":"product_tag","embeddable":true,"href":"https:\/\/www.slsele.com\/es\/wp-json\/wp\/v2\/product_tag?post=2065"}],"curies":[{"name":"wp","href":"https:\/\/api.w.org\/{rel}","templated":true}]}}