{"id":2038,"date":"2024-06-08T15:29:01","date_gmt":"2024-06-08T07:29:01","guid":{"rendered":"https:\/\/slsele.com\/?post_type=product&#038;p=2038"},"modified":"2025-04-13T00:47:37","modified_gmt":"2025-04-12T16:47:37","slug":"smart-ir-remote-control-with-temperature-and-humidity-sensor-2","status":"publish","type":"product","link":"https:\/\/www.slsele.com\/es\/producto\/smart-ir-remote-control-with-temperature-and-humidity-sensor-2\/","title":{"rendered":"Controlador remoto inteligente por infrarrojos SLS con sensor de temperatura y humedad"},"content":{"rendered":"<h2 style=\"text-align: center; font-size: 24px;\">Controlador remoto inteligente por infrarrojos con sensor de temperatura y humedad<\/h2>\n<p style=\"text-align: left;\">El controlador IR remoto inteligente no solo puede controlar los dispositivos IR de su hogar, sino que tambi\u00e9n puede monitorear la temperatura y la humedad de su habitaci\u00f3n.<\/p>\n<h3 style=\"text-align: left;\">Control remoto<\/h3>\n<div style=\"text-align: left;\" data-zone-id=\"0\" data-line-index=\"0\" data-line=\"true\">Con el control remoto inteligente por infrarrojos, puede controlar dispositivos por infrarrojos solo con un tel\u00e9fono m\u00f3vil. Es compatible con interruptores inteligentes, televisores, decodificadores, aires acondicionados, altavoces, cortinas el\u00e9ctricas, etc.<\/div>\n<p><img loading=\"lazy\" decoding=\"async\" class=\"aligncenter wp-image-2025 size-full\" src=\"https:\/\/slsele.com\/wp-content\/uploads\/2024\/06\/SLS20-2-2_\u7ed3\u679c.webp\" alt=\"Control remoto inteligente por infrarrojos \" width=\"772\" height=\"772\" srcset=\"https:\/\/www.slsele.com\/wp-content\/uploads\/2024\/06\/SLS20-2-2_\u7ed3\u679c.webp 772w, https:\/\/www.slsele.com\/wp-content\/uploads\/2024\/06\/SLS20-2-2_\u7ed3\u679c-300x300.webp 300w, https:\/\/www.slsele.com\/wp-content\/uploads\/2024\/06\/SLS20-2-2_\u7ed3\u679c-150x150.webp 150w, https:\/\/www.slsele.com\/wp-content\/uploads\/2024\/06\/SLS20-2-2_\u7ed3\u679c-768x768.webp 768w, https:\/\/www.slsele.com\/wp-content\/uploads\/2024\/06\/SLS20-2-2_\u7ed3\u679c-12x12.webp 12w, https:\/\/www.slsele.com\/wp-content\/uploads\/2024\/06\/SLS20-2-2_\u7ed3\u679c-570x570.webp 570w, https:\/\/www.slsele.com\/wp-content\/uploads\/2024\/06\/SLS20-2-2_\u7ed3\u679c-500x500.webp 500w, https:\/\/www.slsele.com\/wp-content\/uploads\/2024\/06\/SLS20-2-2_\u7ed3\u679c-700x700.webp 700w, https:\/\/www.slsele.com\/wp-content\/uploads\/2024\/06\/SLS20-2-2_\u7ed3\u679c-600x600.webp 600w, https:\/\/www.slsele.com\/wp-content\/uploads\/2024\/06\/SLS20-2-2_\u7ed3\u679c-100x100.webp 100w, https:\/\/www.slsele.com\/wp-content\/uploads\/2024\/06\/SLS20-2-2_\u7ed3\u679c-50x50.webp 50w\" sizes=\"auto, (max-width: 772px) 100vw, 772px\" \/><img loading=\"lazy\" decoding=\"async\" class=\"aligncenter size-full wp-image-2032\" src=\"https:\/\/slsele.com\/wp-content\/uploads\/2024\/06\/SLS20-2-9_\u7ed3\u679c.webp\" alt=\"\" width=\"793\" height=\"795\" srcset=\"https:\/\/www.slsele.com\/wp-content\/uploads\/2024\/06\/SLS20-2-9_\u7ed3\u679c.webp 793w, https:\/\/www.slsele.com\/wp-content\/uploads\/2024\/06\/SLS20-2-9_\u7ed3\u679c-300x300.webp 300w, https:\/\/www.slsele.com\/wp-content\/uploads\/2024\/06\/SLS20-2-9_\u7ed3\u679c-150x150.webp 150w, https:\/\/www.slsele.com\/wp-content\/uploads\/2024\/06\/SLS20-2-9_\u7ed3\u679c-768x770.webp 768w, https:\/\/www.slsele.com\/wp-content\/uploads\/2024\/06\/SLS20-2-9_\u7ed3\u679c-12x12.webp 12w, https:\/\/www.slsele.com\/wp-content\/uploads\/2024\/06\/SLS20-2-9_\u7ed3\u679c-570x570.webp 570w, https:\/\/www.slsele.com\/wp-content\/uploads\/2024\/06\/SLS20-2-9_\u7ed3\u679c-500x500.webp 500w, https:\/\/www.slsele.com\/wp-content\/uploads\/2024\/06\/SLS20-2-9_\u7ed3\u679c-700x702.webp 700w, https:\/\/www.slsele.com\/wp-content\/uploads\/2024\/06\/SLS20-2-9_\u7ed3\u679c-600x602.webp 600w, https:\/\/www.slsele.com\/wp-content\/uploads\/2024\/06\/SLS20-2-9_\u7ed3\u679c-100x100.webp 100w, https:\/\/www.slsele.com\/wp-content\/uploads\/2024\/06\/SLS20-2-9_\u7ed3\u679c-50x50.webp 50w\" sizes=\"auto, (max-width: 793px) 100vw, 793px\" \/><\/p>\n<h3 style=\"text-align: left;\">Control de voz<\/h3>\n<div style=\"text-align: left;\" data-zone-id=\"0\" data-line-index=\"0\" data-line=\"true\">El control remoto por infrarrojos se puede combinar con una variedad de controles de voz de altavoces, como Amazon Alexa y<a href=\"https:\/\/assistant.google.com\/platforms\/speakers\/\" rel=\"nofollow noopener\" target=\"_blank\"> Asistente de Google<\/a>Puedes controlar dispositivos mediante la voz sin necesidad de usar las manos.<\/div>\n<p>&nbsp;<\/p>\n<p><img loading=\"lazy\" decoding=\"async\" class=\"aligncenter size-full wp-image-2026\" src=\"https:\/\/slsele.com\/wp-content\/uploads\/2024\/06\/SLS20-2-3_\u7ed3\u679c.webp\" alt=\"\" width=\"739\" height=\"738\" srcset=\"https:\/\/www.slsele.com\/wp-content\/uploads\/2024\/06\/SLS20-2-3_\u7ed3\u679c.webp 739w, https:\/\/www.slsele.com\/wp-content\/uploads\/2024\/06\/SLS20-2-3_\u7ed3\u679c-300x300.webp 300w, https:\/\/www.slsele.com\/wp-content\/uploads\/2024\/06\/SLS20-2-3_\u7ed3\u679c-150x150.webp 150w, https:\/\/www.slsele.com\/wp-content\/uploads\/2024\/06\/SLS20-2-3_\u7ed3\u679c-12x12.webp 12w, https:\/\/www.slsele.com\/wp-content\/uploads\/2024\/06\/SLS20-2-3_\u7ed3\u679c-570x570.webp 570w, https:\/\/www.slsele.com\/wp-content\/uploads\/2024\/06\/SLS20-2-3_\u7ed3\u679c-500x500.webp 500w, https:\/\/www.slsele.com\/wp-content\/uploads\/2024\/06\/SLS20-2-3_\u7ed3\u679c-700x699.webp 700w, https:\/\/www.slsele.com\/wp-content\/uploads\/2024\/06\/SLS20-2-3_\u7ed3\u679c-600x599.webp 600w, https:\/\/www.slsele.com\/wp-content\/uploads\/2024\/06\/SLS20-2-3_\u7ed3\u679c-100x100.webp 100w, https:\/\/www.slsele.com\/wp-content\/uploads\/2024\/06\/SLS20-2-3_\u7ed3\u679c-50x50.webp 50w\" sizes=\"auto, (max-width: 739px) 100vw, 739px\" \/><img loading=\"lazy\" decoding=\"async\" class=\"aligncenter size-full wp-image-2033\" src=\"https:\/\/slsele.com\/wp-content\/uploads\/2024\/06\/SLS20-2-10_\u7ed3\u679c.webp\" alt=\"\" width=\"776\" height=\"554\" srcset=\"https:\/\/www.slsele.com\/wp-content\/uploads\/2024\/06\/SLS20-2-10_\u7ed3\u679c.webp 776w, https:\/\/www.slsele.com\/wp-content\/uploads\/2024\/06\/SLS20-2-10_\u7ed3\u679c-300x214.webp 300w, https:\/\/www.slsele.com\/wp-content\/uploads\/2024\/06\/SLS20-2-10_\u7ed3\u679c-768x548.webp 768w, https:\/\/www.slsele.com\/wp-content\/uploads\/2024\/06\/SLS20-2-10_\u7ed3\u679c-18x12.webp 18w, https:\/\/www.slsele.com\/wp-content\/uploads\/2024\/06\/SLS20-2-10_\u7ed3\u679c-700x500.webp 700w, https:\/\/www.slsele.com\/wp-content\/uploads\/2024\/06\/SLS20-2-10_\u7ed3\u679c-600x428.webp 600w\" sizes=\"auto, (max-width: 776px) 100vw, 776px\" \/><\/p>\n<h3 style=\"text-align: left;\">Monitorizar la temperatura y la humedad<\/h3>\n<p style=\"text-align: left;\">El control remoto IR tiene un sensor de temperatura y un sensor de humedad. Los datos se pueden consultar en tel\u00e9fonos m\u00f3viles. Si desea leer los datos de forma m\u00e1s intuitiva, consulte la<a href=\"https:\/\/www.slsele.com\/es\/producto\/smart-ir-remote-control-with-temperature-and-humidity-sensor\/\" target=\"_blank\" rel=\"noopener\"><span style=\"color: #3366ff;\"> Controlador IR con pantalla<\/span><\/a>.<\/p>\n<p><img loading=\"lazy\" decoding=\"async\" class=\"aligncenter size-full wp-image-2027\" src=\"https:\/\/slsele.com\/wp-content\/uploads\/2024\/06\/SLS20-2-4_\u7ed3\u679c.webp\" alt=\"\" width=\"686\" height=\"682\" srcset=\"https:\/\/www.slsele.com\/wp-content\/uploads\/2024\/06\/SLS20-2-4_\u7ed3\u679c.webp 686w, https:\/\/www.slsele.com\/wp-content\/uploads\/2024\/06\/SLS20-2-4_\u7ed3\u679c-300x298.webp 300w, https:\/\/www.slsele.com\/wp-content\/uploads\/2024\/06\/SLS20-2-4_\u7ed3\u679c-150x150.webp 150w, https:\/\/www.slsele.com\/wp-content\/uploads\/2024\/06\/SLS20-2-4_\u7ed3\u679c-12x12.webp 12w, https:\/\/www.slsele.com\/wp-content\/uploads\/2024\/06\/SLS20-2-4_\u7ed3\u679c-600x597.webp 600w, https:\/\/www.slsele.com\/wp-content\/uploads\/2024\/06\/SLS20-2-4_\u7ed3\u679c-100x100.webp 100w, https:\/\/www.slsele.com\/wp-content\/uploads\/2024\/06\/SLS20-2-4_\u7ed3\u679c-50x50.webp 50w\" sizes=\"auto, (max-width: 686px) 100vw, 686px\" \/><img loading=\"lazy\" decoding=\"async\" class=\"aligncenter size-full wp-image-2028\" src=\"https:\/\/slsele.com\/wp-content\/uploads\/2024\/06\/SLS20-2-5_\u7ed3\u679c.webp\" alt=\"\" width=\"784\" height=\"445\" srcset=\"https:\/\/www.slsele.com\/wp-content\/uploads\/2024\/06\/SLS20-2-5_\u7ed3\u679c.webp 784w, https:\/\/www.slsele.com\/wp-content\/uploads\/2024\/06\/SLS20-2-5_\u7ed3\u679c-300x170.webp 300w, https:\/\/www.slsele.com\/wp-content\/uploads\/2024\/06\/SLS20-2-5_\u7ed3\u679c-768x436.webp 768w, https:\/\/www.slsele.com\/wp-content\/uploads\/2024\/06\/SLS20-2-5_\u7ed3\u679c-18x10.webp 18w, https:\/\/www.slsele.com\/wp-content\/uploads\/2024\/06\/SLS20-2-5_\u7ed3\u679c-700x397.webp 700w, https:\/\/www.slsele.com\/wp-content\/uploads\/2024\/06\/SLS20-2-5_\u7ed3\u679c-600x341.webp 600w\" sizes=\"auto, (max-width: 784px) 100vw, 784px\" \/><\/p>\n<h3 style=\"text-align: left;\">Par\u00e1metro<\/h3>\n<p><img loading=\"lazy\" decoding=\"async\" class=\"aligncenter size-full wp-image-2036\" src=\"https:\/\/slsele.com\/wp-content\/uploads\/2024\/06\/SLS20-2-13_\u7ed3\u679c.webp\" alt=\"\" width=\"776\" height=\"430\" srcset=\"https:\/\/www.slsele.com\/wp-content\/uploads\/2024\/06\/SLS20-2-13_\u7ed3\u679c.webp 776w, https:\/\/www.slsele.com\/wp-content\/uploads\/2024\/06\/SLS20-2-13_\u7ed3\u679c-300x166.webp 300w, https:\/\/www.slsele.com\/wp-content\/uploads\/2024\/06\/SLS20-2-13_\u7ed3\u679c-768x426.webp 768w, https:\/\/www.slsele.com\/wp-content\/uploads\/2024\/06\/SLS20-2-13_\u7ed3\u679c-18x10.webp 18w, https:\/\/www.slsele.com\/wp-content\/uploads\/2024\/06\/SLS20-2-13_\u7ed3\u679c-700x388.webp 700w, https:\/\/www.slsele.com\/wp-content\/uploads\/2024\/06\/SLS20-2-13_\u7ed3\u679c-600x332.webp 600w\" sizes=\"auto, (max-width: 776px) 100vw, 776px\" \/><\/p>","protected":false},"excerpt":{"rendered":"<p>Con este controlador remoto inteligente IR, puede usar su tel\u00e9fono inteligente para controlar electrodom\u00e9sticos, como STB (Set-Top-Box), TV Box, TV, aire acondicionado, ventilador, DVD, etc.<\/p>","protected":false},"featured_media":2024,"comment_status":"open","ping_status":"closed","template":"","meta":[],"product_brand":[],"product_cat":[19],"product_tag":[],"class_list":{"0":"post-2038","1":"product","2":"type-product","3":"status-publish","4":"has-post-thumbnail","6":"product_cat-smart-controller","8":"first","9":"instock","10":"shipping-taxable","11":"purchasable","12":"product-type-simple"},"_links":{"self":[{"href":"https:\/\/www.slsele.com\/es\/wp-json\/wp\/v2\/product\/2038","targetHints":{"allow":["GET"]}}],"collection":[{"href":"https:\/\/www.slsele.com\/es\/wp-json\/wp\/v2\/product"}],"about":[{"href":"https:\/\/www.slsele.com\/es\/wp-json\/wp\/v2\/types\/product"}],"replies":[{"embeddable":true,"href":"https:\/\/www.slsele.com\/es\/wp-json\/wp\/v2\/comments?post=2038"}],"wp:featuredmedia":[{"embeddable":true,"href":"https:\/\/www.slsele.com\/es\/wp-json\/wp\/v2\/media\/2024"}],"wp:attachment":[{"href":"https:\/\/www.slsele.com\/es\/wp-json\/wp\/v2\/media?parent=2038"}],"wp:term":[{"taxonomy":"product_brand","embeddable":true,"href":"https:\/\/www.slsele.com\/es\/wp-json\/wp\/v2\/product_brand?post=2038"},{"taxonomy":"product_cat","embeddable":true,"href":"https:\/\/www.slsele.com\/es\/wp-json\/wp\/v2\/product_cat?post=2038"},{"taxonomy":"product_tag","embeddable":true,"href":"https:\/\/www.slsele.com\/es\/wp-json\/wp\/v2\/product_tag?post=2038"}],"curies":[{"name":"wp","href":"https:\/\/api.w.org\/{rel}","templated":true}]}}