{"id":1913,"date":"2024-06-04T17:32:10","date_gmt":"2024-06-04T09:32:10","guid":{"rendered":"https:\/\/slsele.com\/?post_type=product&#038;p=1913"},"modified":"2024-11-05T14:05:06","modified_gmt":"2024-11-05T06:05:06","slug":"sls-us-matter-outdoor-smart-plug","status":"publish","type":"product","link":"https:\/\/www.slsele.com\/es\/producto\/sls-us-matter-outdoor-smart-plug\/","title":{"rendered":"Enchufe inteligente para exteriores SLS US Matter"},"content":{"rendered":"<h2 style=\"text-align: center; font-size: 30px;\">Enchufe inteligente para exteriores SLS US Matter 15A<\/h2>\n<h3 style=\"text-align: left; font-size: 25px;\">Descripci\u00f3n<\/h3>\n<p style=\"text-align: left;\">Enchufe inteligente compatible con Matter de \u00faltima generaci\u00f3n de SLS, meticulosamente dise\u00f1ado para redefinir su experiencia de hogar inteligente con compatibilidad, seguridad y robustez incomparables. Este enchufe inteligente para exteriores Matter no solo se integra perfectamente con las principales plataformas y aplicaciones dom\u00e9sticas inteligentes, sino que tambi\u00e9n cuenta con un dise\u00f1o impermeable y resistente a la humedad, lo que lo hace adecuado tambi\u00e9n para uso en exteriores. Perfecto para aquellos que quieren ampliar su ecosistema de hogar inteligente m\u00e1s all\u00e1 de los l\u00edmites de su casa.<\/p>\n<p><img loading=\"lazy\" decoding=\"async\" class=\"wp-image-1993 size-large\" src=\"https:\/\/slsele.com\/wp-content\/uploads\/2024\/06\/\u8be6\u60c5\u56fe1_\u7ed3\u679c-6-1024x1024.webp\" alt=\"Funci\u00f3n de enchufe inteligente para exteriores Matter\" width=\"1024\" height=\"1024\" srcset=\"https:\/\/www.slsele.com\/wp-content\/uploads\/2024\/06\/\u8be6\u60c5\u56fe1_\u7ed3\u679c-6-1024x1024.webp 1024w, https:\/\/www.slsele.com\/wp-content\/uploads\/2024\/06\/\u8be6\u60c5\u56fe1_\u7ed3\u679c-6-300x300.webp 300w, https:\/\/www.slsele.com\/wp-content\/uploads\/2024\/06\/\u8be6\u60c5\u56fe1_\u7ed3\u679c-6-150x150.webp 150w, https:\/\/www.slsele.com\/wp-content\/uploads\/2024\/06\/\u8be6\u60c5\u56fe1_\u7ed3\u679c-6-768x768.webp 768w, https:\/\/www.slsele.com\/wp-content\/uploads\/2024\/06\/\u8be6\u60c5\u56fe1_\u7ed3\u679c-6-1536x1536.webp 1536w, https:\/\/www.slsele.com\/wp-content\/uploads\/2024\/06\/\u8be6\u60c5\u56fe1_\u7ed3\u679c-6-12x12.webp 12w, https:\/\/www.slsele.com\/wp-content\/uploads\/2024\/06\/\u8be6\u60c5\u56fe1_\u7ed3\u679c-6-570x570.webp 570w, https:\/\/www.slsele.com\/wp-content\/uploads\/2024\/06\/\u8be6\u60c5\u56fe1_\u7ed3\u679c-6-500x500.webp 500w, https:\/\/www.slsele.com\/wp-content\/uploads\/2024\/06\/\u8be6\u60c5\u56fe1_\u7ed3\u679c-6-1000x1000.webp 1000w, https:\/\/www.slsele.com\/wp-content\/uploads\/2024\/06\/\u8be6\u60c5\u56fe1_\u7ed3\u679c-6-700x700.webp 700w, https:\/\/www.slsele.com\/wp-content\/uploads\/2024\/06\/\u8be6\u60c5\u56fe1_\u7ed3\u679c-6-600x600.webp 600w, https:\/\/www.slsele.com\/wp-content\/uploads\/2024\/06\/\u8be6\u60c5\u56fe1_\u7ed3\u679c-6-100x100.webp 100w, https:\/\/www.slsele.com\/wp-content\/uploads\/2024\/06\/\u8be6\u60c5\u56fe1_\u7ed3\u679c-6-50x50.webp 50w, https:\/\/www.slsele.com\/wp-content\/uploads\/2024\/06\/\u8be6\u60c5\u56fe1_\u7ed3\u679c-6.webp 1600w\" sizes=\"auto, (max-width: 1024px) 100vw, 1024px\" \/><\/p>\n<p><img loading=\"lazy\" decoding=\"async\" class=\"aligncenter size-large wp-image-1994\" src=\"https:\/\/slsele.com\/wp-content\/uploads\/2024\/06\/\u8be6\u60c5\u56fe2_\u7ed3\u679c-6-1024x1024.webp\" alt=\"\" width=\"1024\" height=\"1024\" srcset=\"https:\/\/www.slsele.com\/wp-content\/uploads\/2024\/06\/\u8be6\u60c5\u56fe2_\u7ed3\u679c-6-1024x1024.webp 1024w, https:\/\/www.slsele.com\/wp-content\/uploads\/2024\/06\/\u8be6\u60c5\u56fe2_\u7ed3\u679c-6-300x300.webp 300w, https:\/\/www.slsele.com\/wp-content\/uploads\/2024\/06\/\u8be6\u60c5\u56fe2_\u7ed3\u679c-6-150x150.webp 150w, https:\/\/www.slsele.com\/wp-content\/uploads\/2024\/06\/\u8be6\u60c5\u56fe2_\u7ed3\u679c-6-768x768.webp 768w, https:\/\/www.slsele.com\/wp-content\/uploads\/2024\/06\/\u8be6\u60c5\u56fe2_\u7ed3\u679c-6-1536x1536.webp 1536w, https:\/\/www.slsele.com\/wp-content\/uploads\/2024\/06\/\u8be6\u60c5\u56fe2_\u7ed3\u679c-6-12x12.webp 12w, https:\/\/www.slsele.com\/wp-content\/uploads\/2024\/06\/\u8be6\u60c5\u56fe2_\u7ed3\u679c-6-570x570.webp 570w, https:\/\/www.slsele.com\/wp-content\/uploads\/2024\/06\/\u8be6\u60c5\u56fe2_\u7ed3\u679c-6-500x500.webp 500w, https:\/\/www.slsele.com\/wp-content\/uploads\/2024\/06\/\u8be6\u60c5\u56fe2_\u7ed3\u679c-6-1000x1000.webp 1000w, https:\/\/www.slsele.com\/wp-content\/uploads\/2024\/06\/\u8be6\u60c5\u56fe2_\u7ed3\u679c-6-700x700.webp 700w, https:\/\/www.slsele.com\/wp-content\/uploads\/2024\/06\/\u8be6\u60c5\u56fe2_\u7ed3\u679c-6-600x600.webp 600w, https:\/\/www.slsele.com\/wp-content\/uploads\/2024\/06\/\u8be6\u60c5\u56fe2_\u7ed3\u679c-6-100x100.webp 100w, https:\/\/www.slsele.com\/wp-content\/uploads\/2024\/06\/\u8be6\u60c5\u56fe2_\u7ed3\u679c-6-50x50.webp 50w, https:\/\/www.slsele.com\/wp-content\/uploads\/2024\/06\/\u8be6\u60c5\u56fe2_\u7ed3\u679c-6.webp 1600w\" sizes=\"auto, (max-width: 1024px) 100vw, 1024px\" \/> <img loading=\"lazy\" decoding=\"async\" class=\"aligncenter size-large wp-image-1995\" src=\"https:\/\/slsele.com\/wp-content\/uploads\/2024\/06\/\u8be6\u60c5\u56fe3_\u7ed3\u679c-6-1024x1024.webp\" alt=\"\" width=\"1024\" height=\"1024\" srcset=\"https:\/\/www.slsele.com\/wp-content\/uploads\/2024\/06\/\u8be6\u60c5\u56fe3_\u7ed3\u679c-6-1024x1024.webp 1024w, https:\/\/www.slsele.com\/wp-content\/uploads\/2024\/06\/\u8be6\u60c5\u56fe3_\u7ed3\u679c-6-300x300.webp 300w, https:\/\/www.slsele.com\/wp-content\/uploads\/2024\/06\/\u8be6\u60c5\u56fe3_\u7ed3\u679c-6-150x150.webp 150w, https:\/\/www.slsele.com\/wp-content\/uploads\/2024\/06\/\u8be6\u60c5\u56fe3_\u7ed3\u679c-6-768x768.webp 768w, https:\/\/www.slsele.com\/wp-content\/uploads\/2024\/06\/\u8be6\u60c5\u56fe3_\u7ed3\u679c-6-1536x1536.webp 1536w, https:\/\/www.slsele.com\/wp-content\/uploads\/2024\/06\/\u8be6\u60c5\u56fe3_\u7ed3\u679c-6-12x12.webp 12w, https:\/\/www.slsele.com\/wp-content\/uploads\/2024\/06\/\u8be6\u60c5\u56fe3_\u7ed3\u679c-6-570x570.webp 570w, https:\/\/www.slsele.com\/wp-content\/uploads\/2024\/06\/\u8be6\u60c5\u56fe3_\u7ed3\u679c-6-500x500.webp 500w, https:\/\/www.slsele.com\/wp-content\/uploads\/2024\/06\/\u8be6\u60c5\u56fe3_\u7ed3\u679c-6-1000x1000.webp 1000w, https:\/\/www.slsele.com\/wp-content\/uploads\/2024\/06\/\u8be6\u60c5\u56fe3_\u7ed3\u679c-6-700x700.webp 700w, https:\/\/www.slsele.com\/wp-content\/uploads\/2024\/06\/\u8be6\u60c5\u56fe3_\u7ed3\u679c-6-600x600.webp 600w, https:\/\/www.slsele.com\/wp-content\/uploads\/2024\/06\/\u8be6\u60c5\u56fe3_\u7ed3\u679c-6-100x100.webp 100w, https:\/\/www.slsele.com\/wp-content\/uploads\/2024\/06\/\u8be6\u60c5\u56fe3_\u7ed3\u679c-6-50x50.webp 50w, https:\/\/www.slsele.com\/wp-content\/uploads\/2024\/06\/\u8be6\u60c5\u56fe3_\u7ed3\u679c-6.webp 1600w\" sizes=\"auto, (max-width: 1024px) 100vw, 1024px\" \/> <img loading=\"lazy\" decoding=\"async\" class=\"aligncenter size-large wp-image-1996\" src=\"https:\/\/slsele.com\/wp-content\/uploads\/2024\/06\/\u8be6\u60c5\u56fe4_\u7ed3\u679c-6-1024x1024.webp\" alt=\"\" width=\"1024\" height=\"1024\" srcset=\"https:\/\/www.slsele.com\/wp-content\/uploads\/2024\/06\/\u8be6\u60c5\u56fe4_\u7ed3\u679c-6-1024x1024.webp 1024w, https:\/\/www.slsele.com\/wp-content\/uploads\/2024\/06\/\u8be6\u60c5\u56fe4_\u7ed3\u679c-6-300x300.webp 300w, https:\/\/www.slsele.com\/wp-content\/uploads\/2024\/06\/\u8be6\u60c5\u56fe4_\u7ed3\u679c-6-150x150.webp 150w, https:\/\/www.slsele.com\/wp-content\/uploads\/2024\/06\/\u8be6\u60c5\u56fe4_\u7ed3\u679c-6-768x768.webp 768w, https:\/\/www.slsele.com\/wp-content\/uploads\/2024\/06\/\u8be6\u60c5\u56fe4_\u7ed3\u679c-6-1536x1536.webp 1536w, https:\/\/www.slsele.com\/wp-content\/uploads\/2024\/06\/\u8be6\u60c5\u56fe4_\u7ed3\u679c-6-12x12.webp 12w, https:\/\/www.slsele.com\/wp-content\/uploads\/2024\/06\/\u8be6\u60c5\u56fe4_\u7ed3\u679c-6-570x570.webp 570w, https:\/\/www.slsele.com\/wp-content\/uploads\/2024\/06\/\u8be6\u60c5\u56fe4_\u7ed3\u679c-6-500x500.webp 500w, https:\/\/www.slsele.com\/wp-content\/uploads\/2024\/06\/\u8be6\u60c5\u56fe4_\u7ed3\u679c-6-1000x1000.webp 1000w, https:\/\/www.slsele.com\/wp-content\/uploads\/2024\/06\/\u8be6\u60c5\u56fe4_\u7ed3\u679c-6-700x700.webp 700w, https:\/\/www.slsele.com\/wp-content\/uploads\/2024\/06\/\u8be6\u60c5\u56fe4_\u7ed3\u679c-6-600x600.webp 600w, https:\/\/www.slsele.com\/wp-content\/uploads\/2024\/06\/\u8be6\u60c5\u56fe4_\u7ed3\u679c-6-100x100.webp 100w, https:\/\/www.slsele.com\/wp-content\/uploads\/2024\/06\/\u8be6\u60c5\u56fe4_\u7ed3\u679c-6-50x50.webp 50w, https:\/\/www.slsele.com\/wp-content\/uploads\/2024\/06\/\u8be6\u60c5\u56fe4_\u7ed3\u679c-6.webp 1600w\" sizes=\"auto, (max-width: 1024px) 100vw, 1024px\" \/> <img loading=\"lazy\" decoding=\"async\" class=\"aligncenter size-large wp-image-1997\" src=\"https:\/\/slsele.com\/wp-content\/uploads\/2024\/06\/\u8be6\u60c5\u56fe5_\u7ed3\u679c-6-1024x1024.webp\" alt=\"\" width=\"1024\" height=\"1024\" srcset=\"https:\/\/www.slsele.com\/wp-content\/uploads\/2024\/06\/\u8be6\u60c5\u56fe5_\u7ed3\u679c-6-1024x1024.webp 1024w, https:\/\/www.slsele.com\/wp-content\/uploads\/2024\/06\/\u8be6\u60c5\u56fe5_\u7ed3\u679c-6-300x300.webp 300w, https:\/\/www.slsele.com\/wp-content\/uploads\/2024\/06\/\u8be6\u60c5\u56fe5_\u7ed3\u679c-6-150x150.webp 150w, https:\/\/www.slsele.com\/wp-content\/uploads\/2024\/06\/\u8be6\u60c5\u56fe5_\u7ed3\u679c-6-768x768.webp 768w, https:\/\/www.slsele.com\/wp-content\/uploads\/2024\/06\/\u8be6\u60c5\u56fe5_\u7ed3\u679c-6-1536x1536.webp 1536w, https:\/\/www.slsele.com\/wp-content\/uploads\/2024\/06\/\u8be6\u60c5\u56fe5_\u7ed3\u679c-6-12x12.webp 12w, https:\/\/www.slsele.com\/wp-content\/uploads\/2024\/06\/\u8be6\u60c5\u56fe5_\u7ed3\u679c-6-570x570.webp 570w, https:\/\/www.slsele.com\/wp-content\/uploads\/2024\/06\/\u8be6\u60c5\u56fe5_\u7ed3\u679c-6-500x500.webp 500w, https:\/\/www.slsele.com\/wp-content\/uploads\/2024\/06\/\u8be6\u60c5\u56fe5_\u7ed3\u679c-6-1000x1000.webp 1000w, https:\/\/www.slsele.com\/wp-content\/uploads\/2024\/06\/\u8be6\u60c5\u56fe5_\u7ed3\u679c-6-700x700.webp 700w, https:\/\/www.slsele.com\/wp-content\/uploads\/2024\/06\/\u8be6\u60c5\u56fe5_\u7ed3\u679c-6-600x600.webp 600w, https:\/\/www.slsele.com\/wp-content\/uploads\/2024\/06\/\u8be6\u60c5\u56fe5_\u7ed3\u679c-6-100x100.webp 100w, https:\/\/www.slsele.com\/wp-content\/uploads\/2024\/06\/\u8be6\u60c5\u56fe5_\u7ed3\u679c-6-50x50.webp 50w, https:\/\/www.slsele.com\/wp-content\/uploads\/2024\/06\/\u8be6\u60c5\u56fe5_\u7ed3\u679c-6.webp 1600w\" sizes=\"auto, (max-width: 1024px) 100vw, 1024px\" \/> <img loading=\"lazy\" decoding=\"async\" class=\"aligncenter size-large wp-image-1998\" src=\"https:\/\/slsele.com\/wp-content\/uploads\/2024\/06\/\u8be6\u60c5\u56fe6_\u7ed3\u679c-4-1024x1024.webp\" alt=\"\" width=\"1024\" height=\"1024\" srcset=\"https:\/\/www.slsele.com\/wp-content\/uploads\/2024\/06\/\u8be6\u60c5\u56fe6_\u7ed3\u679c-4-1024x1024.webp 1024w, https:\/\/www.slsele.com\/wp-content\/uploads\/2024\/06\/\u8be6\u60c5\u56fe6_\u7ed3\u679c-4-300x300.webp 300w, https:\/\/www.slsele.com\/wp-content\/uploads\/2024\/06\/\u8be6\u60c5\u56fe6_\u7ed3\u679c-4-150x150.webp 150w, https:\/\/www.slsele.com\/wp-content\/uploads\/2024\/06\/\u8be6\u60c5\u56fe6_\u7ed3\u679c-4-768x768.webp 768w, https:\/\/www.slsele.com\/wp-content\/uploads\/2024\/06\/\u8be6\u60c5\u56fe6_\u7ed3\u679c-4-1536x1536.webp 1536w, https:\/\/www.slsele.com\/wp-content\/uploads\/2024\/06\/\u8be6\u60c5\u56fe6_\u7ed3\u679c-4-12x12.webp 12w, https:\/\/www.slsele.com\/wp-content\/uploads\/2024\/06\/\u8be6\u60c5\u56fe6_\u7ed3\u679c-4-570x570.webp 570w, https:\/\/www.slsele.com\/wp-content\/uploads\/2024\/06\/\u8be6\u60c5\u56fe6_\u7ed3\u679c-4-500x500.webp 500w, https:\/\/www.slsele.com\/wp-content\/uploads\/2024\/06\/\u8be6\u60c5\u56fe6_\u7ed3\u679c-4-1000x1000.webp 1000w, https:\/\/www.slsele.com\/wp-content\/uploads\/2024\/06\/\u8be6\u60c5\u56fe6_\u7ed3\u679c-4-700x700.webp 700w, https:\/\/www.slsele.com\/wp-content\/uploads\/2024\/06\/\u8be6\u60c5\u56fe6_\u7ed3\u679c-4-600x600.webp 600w, https:\/\/www.slsele.com\/wp-content\/uploads\/2024\/06\/\u8be6\u60c5\u56fe6_\u7ed3\u679c-4-100x100.webp 100w, https:\/\/www.slsele.com\/wp-content\/uploads\/2024\/06\/\u8be6\u60c5\u56fe6_\u7ed3\u679c-4-50x50.webp 50w, https:\/\/www.slsele.com\/wp-content\/uploads\/2024\/06\/\u8be6\u60c5\u56fe6_\u7ed3\u679c-4.webp 1600w\" sizes=\"auto, (max-width: 1024px) 100vw, 1024px\" \/> <img loading=\"lazy\" decoding=\"async\" class=\"aligncenter size-large wp-image-1999\" src=\"https:\/\/slsele.com\/wp-content\/uploads\/2024\/06\/\u8be6\u60c5\u56fe7_\u7ed3\u679c-1024x1024.webp\" alt=\"\" width=\"1024\" height=\"1024\" srcset=\"https:\/\/www.slsele.com\/wp-content\/uploads\/2024\/06\/\u8be6\u60c5\u56fe7_\u7ed3\u679c-1024x1024.webp 1024w, https:\/\/www.slsele.com\/wp-content\/uploads\/2024\/06\/\u8be6\u60c5\u56fe7_\u7ed3\u679c-300x300.webp 300w, https:\/\/www.slsele.com\/wp-content\/uploads\/2024\/06\/\u8be6\u60c5\u56fe7_\u7ed3\u679c-150x150.webp 150w, https:\/\/www.slsele.com\/wp-content\/uploads\/2024\/06\/\u8be6\u60c5\u56fe7_\u7ed3\u679c-768x768.webp 768w, https:\/\/www.slsele.com\/wp-content\/uploads\/2024\/06\/\u8be6\u60c5\u56fe7_\u7ed3\u679c-1536x1536.webp 1536w, https:\/\/www.slsele.com\/wp-content\/uploads\/2024\/06\/\u8be6\u60c5\u56fe7_\u7ed3\u679c-12x12.webp 12w, https:\/\/www.slsele.com\/wp-content\/uploads\/2024\/06\/\u8be6\u60c5\u56fe7_\u7ed3\u679c-570x570.webp 570w, https:\/\/www.slsele.com\/wp-content\/uploads\/2024\/06\/\u8be6\u60c5\u56fe7_\u7ed3\u679c-500x500.webp 500w, https:\/\/www.slsele.com\/wp-content\/uploads\/2024\/06\/\u8be6\u60c5\u56fe7_\u7ed3\u679c-1000x1000.webp 1000w, https:\/\/www.slsele.com\/wp-content\/uploads\/2024\/06\/\u8be6\u60c5\u56fe7_\u7ed3\u679c-700x700.webp 700w, https:\/\/www.slsele.com\/wp-content\/uploads\/2024\/06\/\u8be6\u60c5\u56fe7_\u7ed3\u679c-600x600.webp 600w, https:\/\/www.slsele.com\/wp-content\/uploads\/2024\/06\/\u8be6\u60c5\u56fe7_\u7ed3\u679c-100x100.webp 100w, https:\/\/www.slsele.com\/wp-content\/uploads\/2024\/06\/\u8be6\u60c5\u56fe7_\u7ed3\u679c-50x50.webp 50w, https:\/\/www.slsele.com\/wp-content\/uploads\/2024\/06\/\u8be6\u60c5\u56fe7_\u7ed3\u679c.webp 1600w\" sizes=\"auto, (max-width: 1024px) 100vw, 1024px\" \/><\/p>\n<h3 style=\"text-align: left; font-size: 25px;\">Caracter\u00edsticas clave<\/h3>\n<p style=\"text-align: left;\"><strong>Compatibilidad ilimitada<\/strong>: Disfruta de la libertad de conectarte con tus aplicaciones y plataformas dom\u00e9sticas inteligentes favoritas sin restricciones. Nuestro enchufe inteligente Matter para exteriores ofrece integraci\u00f3n universal, eliminando la necesidad de m\u00faltiples aplicaciones o pasarelas.<\/p>\n<p style=\"text-align: left;\"><strong>Seguridad incomparable<\/strong>: Equipado con conectores de cobre puro para una conductividad superior, placas de circuitos inteligentes para un funcionamiento confiable y termopl\u00e1stico retardante de llama de alta calidad para proteger contra peligros. Hemos priorizado la seguridad en todos los aspectos de nuestro dise\u00f1o.<\/p>\n<p style=\"text-align: left;\"><strong>Monitor de energ\u00eda<\/strong>: Obtenga informaci\u00f3n sobre sus patrones de consumo de energ\u00eda. La funci\u00f3n de monitoreo de energ\u00eda incorporada le permite rastrear cu\u00e1nta energ\u00eda est\u00e1n usando sus dispositivos en tiempo real, lo que le permite optimizar el uso de energ\u00eda y ahorrar en facturas de electricidad.<\/p>\n<p style=\"text-align: left;\"><strong>Dise\u00f1o impermeable y resistente a la intemperie.<\/strong>: Dise\u00f1ado para soportar los elementos, nuestro enchufe inteligente Matter para exteriores es resistente al agua y a la humedad, perfecto para instalaciones en exteriores. Ya sea en tu patio, jard\u00edn o cualquier otro entorno exterior, ten por seguro que funcionar\u00e1 de forma fiable en cualquier condici\u00f3n meteorol\u00f3gica.<\/p>\n<h3 style=\"text-align: left; font-size: 25px;\">Nota<\/h3>\n<p style=\"text-align: left;\">Las aplicaciones Apple Home\/Google Home y Amazon Alexa necesitan centros dom\u00e9sticos adicionales.<\/p>\n<h3 style=\"text-align: left; font-size: 25px;\">Especificaci\u00f3n<\/h3>\n<p style=\"text-align: left;\">Nombre del producto: Enchufe inteligente para exteriores US Matter<\/p>\n<p style=\"text-align: left;\">Palabras clave: enchufe inteligente resistente al agua\/enchufe inteligente resistente a la intemperie<\/p>\n<p style=\"text-align: left;\">Tensi\u00f3n nominal: CA 85-250 V 50\/60 Hz.<\/p>\n<p style=\"text-align: left;\">Corriente nominal: 15A<\/p>\n<p style=\"text-align: left;\">Capacidad de carga m\u00e1xima: 2000W<\/p>\n<p style=\"text-align: left;\">Consumo en espera: 0,5 W<\/p>\n<p style=\"text-align: left;\">Tipo inal\u00e1mbrico: 2,4 GHz<\/p>\n<p style=\"text-align: left;\">Est\u00e1ndar inal\u00e1mbrico: IEEE 802.11b\/g\/n<\/p>\n<p style=\"text-align: left;\">Distancia inal\u00e1mbrica: 45M<\/p>\n<p style=\"text-align: left;\">Temperatura de trabajo: 0 \u2103 \uff5e 60 \u2103 (32 \u00b0F ~ 140 \u00b0F)<\/p>\n<p style=\"text-align: left;\">Humedad de trabajo: 0% \uff5e 85%RH (sin condensaci\u00f3n)<\/p>\n<p style=\"text-align: left;\">Capacidad de carga m\u00e1xima: 3680W<\/p>\n<p style=\"text-align: left;\">Tama\u00f1o del producto: 82 mm * 38 mm * 50 mm<\/p>\n<h3 style=\"text-align: left; font-size: 25px;\">Preguntas m\u00e1s frecuentes<\/h3>\n<p style=\"text-align: left;\"><strong>P1: \u00bfMatter es compatible con Bluetooth?<\/strong><\/p>\n<p style=\"text-align: left;\"><strong>A1:<\/strong>Matter es compatible con Bluetooth; se utiliza principalmente para la configuraci\u00f3n inicial y la puesta en marcha de dispositivos en lugar de como un protocolo de comunicaci\u00f3n principal para las interacciones continuas de los dispositivos. Los principales protocolos de comunicaci\u00f3n para los dispositivos Matter en una red dom\u00e9stica inteligente son Wi-Fi y Thread.<\/p>\n<p style=\"text-align: left;\"><strong>P2: \u00bfQu\u00e9 protocolo utiliza Matter?<\/strong><\/p>\n<p style=\"text-align: left;\"><span data-preserver-spaces=\"true\"><strong>A2:<\/strong> La materia utiliza el <strong>Protocolo de Internet (IP)<\/strong> como su protocolo de comunicaci\u00f3n fundamental. Esta opci\u00f3n permite que los dispositivos Matter funcionen en redes dom\u00e9sticas existentes, incluidas Ethernet, WiFi y Thread.<\/span><\/p>\n<p style=\"text-align: left;\"><strong>P3: \u00bfMatter est\u00e1 reemplazando a Zigbee?<\/strong><\/p>\n<p style=\"text-align: left;\"><span data-preserver-spaces=\"true\"><strong>A3:<\/strong> El asunto no es un reemplazo directo de Zigbee sino un protocolo complementario dise\u00f1ado para mejorar la interoperabilidad y simplificar la integraci\u00f3n del hogar inteligente. Zigbee sigue siendo relevante, principalmente a trav\u00e9s de puentes y centros que soportan ambos est\u00e1ndares, y el cambio de la industria hacia Thread est\u00e1 alineado con el enfoque basado en IP de Matter.<\/span><\/p>","protected":false},"excerpt":{"rendered":"<div class=\"text-title\">El enchufe inteligente para exteriores WiFi Matter ahora ofrece funciones mejoradas para una mayor comodidad y automatizaci\u00f3n en tu hogar inteligente. Es compatible con tus aplicaciones favoritas sin necesidad de m\u00faltiples aplicaciones o pasarelas. Nota: Las aplicaciones Apple Home, Google Home y Amazon Alexa requieren un concentrador dom\u00e9stico adicional.<\/div>","protected":false},"featured_media":1989,"comment_status":"open","ping_status":"closed","template":"","meta":[],"product_brand":[],"product_cat":[44],"product_tag":[],"class_list":{"0":"post-1913","1":"product","2":"type-product","3":"status-publish","4":"has-post-thumbnail","6":"product_cat-smart-socket","8":"first","9":"instock","10":"shipping-taxable","11":"purchasable","12":"product-type-simple"},"_links":{"self":[{"href":"https:\/\/www.slsele.com\/es\/wp-json\/wp\/v2\/product\/1913","targetHints":{"allow":["GET"]}}],"collection":[{"href":"https:\/\/www.slsele.com\/es\/wp-json\/wp\/v2\/product"}],"about":[{"href":"https:\/\/www.slsele.com\/es\/wp-json\/wp\/v2\/types\/product"}],"replies":[{"embeddable":true,"href":"https:\/\/www.slsele.com\/es\/wp-json\/wp\/v2\/comments?post=1913"}],"wp:featuredmedia":[{"embeddable":true,"href":"https:\/\/www.slsele.com\/es\/wp-json\/wp\/v2\/media\/1989"}],"wp:attachment":[{"href":"https:\/\/www.slsele.com\/es\/wp-json\/wp\/v2\/media?parent=1913"}],"wp:term":[{"taxonomy":"product_brand","embeddable":true,"href":"https:\/\/www.slsele.com\/es\/wp-json\/wp\/v2\/product_brand?post=1913"},{"taxonomy":"product_cat","embeddable":true,"href":"https:\/\/www.slsele.com\/es\/wp-json\/wp\/v2\/product_cat?post=1913"},{"taxonomy":"product_tag","embeddable":true,"href":"https:\/\/www.slsele.com\/es\/wp-json\/wp\/v2\/product_tag?post=1913"}],"curies":[{"name":"wp","href":"https:\/\/api.w.org\/{rel}","templated":true}]}}