{"id":19,"date":"2018-04-25T14:26:33","date_gmt":"2018-04-25T14:26:33","guid":{"rendered":"http:\/\/bridge227.qodeinteractive.com\/?post_type=product&#038;p=19"},"modified":"2024-09-15T17:14:06","modified_gmt":"2024-09-15T09:14:06","slug":"infrared-ir-remote-control","status":"publish","type":"product","link":"https:\/\/www.slsele.com\/es\/producto\/infrared-ir-remote-control\/","title":{"rendered":"Control remoto infrarrojo inteligente wifi"},"content":{"rendered":"<h2 style=\"text-align: center;\">Control remoto infrarrojo inteligente wifi<\/h2>\n<p style=\"text-align: left;\">El control remoto infrarrojo inteligente con wifi se puede utilizar para automatizar electrodom\u00e9sticos. Puede controlar varios dispositivos, incluidos televisores, aires acondicionados y otros electrodom\u00e9sticos que admitan conectividad por infrarrojos. El control remoto infrarrojo aprovecha la tecnolog\u00eda WiFi para transmitir datos. Con este modelo, no solo puede encender y apagar el dispositivo, sino tambi\u00e9n ajustarlo.<\/p>\n<h3 style=\"text-align: left;\">Control remoto de varios electrodom\u00e9sticos del hogar<\/h3>\n<p style=\"text-align: left;\">El control remoto inteligente por infrarrojos con wifi es compatible con el control remoto y el control por voz de Alexa. Para lograrlo, solo hay que decirle lo que se debe hacer y el sistema enviar\u00e1 comandos al dispositivo. Por lo tanto, incluso si el usuario no est\u00e1 en casa, puede controlar de forma remota los electrodom\u00e9sticos. Para ello, primero es necesario configurar el dispositivo y el control remoto. Esto se aplica a Alexa y Google.<\/p>\n<p><img loading=\"lazy\" decoding=\"async\" class=\"wp-image-815 aligncenter\" src=\"https:\/\/slsele.com\/wp-content\/uploads\/2018\/04\/\u7ea2\u5916R6-9-300x300.jpg\" alt=\"control remoto el control remoto infrarrojo IR\" width=\"440\" height=\"440\" srcset=\"https:\/\/www.slsele.com\/wp-content\/uploads\/2018\/04\/\u7ea2\u5916R6-9-300x300.jpg 300w, https:\/\/www.slsele.com\/wp-content\/uploads\/2018\/04\/\u7ea2\u5916R6-9-150x150.jpg 150w, https:\/\/www.slsele.com\/wp-content\/uploads\/2018\/04\/\u7ea2\u5916R6-9-768x768.jpg 768w, https:\/\/www.slsele.com\/wp-content\/uploads\/2018\/04\/\u7ea2\u5916R6-9-12x12.jpg 12w, https:\/\/www.slsele.com\/wp-content\/uploads\/2018\/04\/\u7ea2\u5916R6-9-570x570.jpg 570w, https:\/\/www.slsele.com\/wp-content\/uploads\/2018\/04\/\u7ea2\u5916R6-9-500x500.jpg 500w, https:\/\/www.slsele.com\/wp-content\/uploads\/2018\/04\/\u7ea2\u5916R6-9-700x700.jpg 700w, https:\/\/www.slsele.com\/wp-content\/uploads\/2018\/04\/\u7ea2\u5916R6-9-600x600.jpg 600w, https:\/\/www.slsele.com\/wp-content\/uploads\/2018\/04\/\u7ea2\u5916R6-9-100x100.jpg 100w, https:\/\/www.slsele.com\/wp-content\/uploads\/2018\/04\/\u7ea2\u5916R6-9.jpg 1001w\" sizes=\"auto, (max-width: 440px) 100vw, 440px\" \/><img loading=\"lazy\" decoding=\"async\" class=\"wp-image-817 aligncenter\" src=\"https:\/\/slsele.com\/wp-content\/uploads\/2018\/04\/\u7ea2\u5916R6-4-300x300.jpg\" alt=\"\" width=\"424\" height=\"424\" srcset=\"https:\/\/www.slsele.com\/wp-content\/uploads\/2018\/04\/\u7ea2\u5916R6-4-300x300.jpg 300w, https:\/\/www.slsele.com\/wp-content\/uploads\/2018\/04\/\u7ea2\u5916R6-4-150x150.jpg 150w, https:\/\/www.slsele.com\/wp-content\/uploads\/2018\/04\/\u7ea2\u5916R6-4-768x768.jpg 768w, https:\/\/www.slsele.com\/wp-content\/uploads\/2018\/04\/\u7ea2\u5916R6-4-12x12.jpg 12w, https:\/\/www.slsele.com\/wp-content\/uploads\/2018\/04\/\u7ea2\u5916R6-4-570x570.jpg 570w, https:\/\/www.slsele.com\/wp-content\/uploads\/2018\/04\/\u7ea2\u5916R6-4-500x500.jpg 500w, https:\/\/www.slsele.com\/wp-content\/uploads\/2018\/04\/\u7ea2\u5916R6-4-700x700.jpg 700w, https:\/\/www.slsele.com\/wp-content\/uploads\/2018\/04\/\u7ea2\u5916R6-4-600x600.jpg 600w, https:\/\/www.slsele.com\/wp-content\/uploads\/2018\/04\/\u7ea2\u5916R6-4-100x100.jpg 100w, https:\/\/www.slsele.com\/wp-content\/uploads\/2018\/04\/\u7ea2\u5916R6-4.jpg 1001w\" sizes=\"auto, (max-width: 424px) 100vw, 424px\" \/><img loading=\"lazy\" decoding=\"async\" class=\"aligncenter wp-image-3812\" src=\"https:\/\/slsele.com\/wp-content\/uploads\/2024\/09\/\u5fae\u4fe1\u622a\u56fe_20230615102247.jpg\" alt=\"\" width=\"450\" height=\"360\" srcset=\"https:\/\/www.slsele.com\/wp-content\/uploads\/2024\/09\/\u5fae\u4fe1\u622a\u56fe_20230615102247.jpg 892w, https:\/\/www.slsele.com\/wp-content\/uploads\/2024\/09\/\u5fae\u4fe1\u622a\u56fe_20230615102247-300x240.jpg 300w, https:\/\/www.slsele.com\/wp-content\/uploads\/2024\/09\/\u5fae\u4fe1\u622a\u56fe_20230615102247-768x614.jpg 768w, https:\/\/www.slsele.com\/wp-content\/uploads\/2024\/09\/\u5fae\u4fe1\u622a\u56fe_20230615102247-15x12.jpg 15w, https:\/\/www.slsele.com\/wp-content\/uploads\/2024\/09\/\u5fae\u4fe1\u622a\u56fe_20230615102247-700x560.jpg 700w, https:\/\/www.slsele.com\/wp-content\/uploads\/2024\/09\/\u5fae\u4fe1\u622a\u56fe_20230615102247-600x480.jpg 600w\" sizes=\"auto, (max-width: 450px) 100vw, 450px\" \/><\/p>\n<h3 style=\"text-align: left;\">Compartir con la familia<\/h3>\n<p style=\"text-align: left;\">Puedes compartir una clave con tu familia, y luego las familias tambi\u00e9n podr\u00e1n controlar los dispositivos del hogar.<\/p>\n<h3 style=\"text-align: left;\" data-wp-editing=\"1\"><img loading=\"lazy\" decoding=\"async\" class=\"aligncenter wp-image-3822\" src=\"https:\/\/slsele.com\/wp-content\/uploads\/2024\/09\/\u7ea2\u5916R6-7.jpg\" alt=\"\" width=\"620\" height=\"620\" srcset=\"https:\/\/www.slsele.com\/wp-content\/uploads\/2024\/09\/\u7ea2\u5916R6-7.jpg 1001w, https:\/\/www.slsele.com\/wp-content\/uploads\/2024\/09\/\u7ea2\u5916R6-7-300x300.jpg 300w, https:\/\/www.slsele.com\/wp-content\/uploads\/2024\/09\/\u7ea2\u5916R6-7-150x150.jpg 150w, https:\/\/www.slsele.com\/wp-content\/uploads\/2024\/09\/\u7ea2\u5916R6-7-768x768.jpg 768w, https:\/\/www.slsele.com\/wp-content\/uploads\/2024\/09\/\u7ea2\u5916R6-7-12x12.jpg 12w, https:\/\/www.slsele.com\/wp-content\/uploads\/2024\/09\/\u7ea2\u5916R6-7-570x570.jpg 570w, https:\/\/www.slsele.com\/wp-content\/uploads\/2024\/09\/\u7ea2\u5916R6-7-500x500.jpg 500w, https:\/\/www.slsele.com\/wp-content\/uploads\/2024\/09\/\u7ea2\u5916R6-7-700x700.jpg 700w, https:\/\/www.slsele.com\/wp-content\/uploads\/2024\/09\/\u7ea2\u5916R6-7-600x600.jpg 600w, https:\/\/www.slsele.com\/wp-content\/uploads\/2024\/09\/\u7ea2\u5916R6-7-100x100.jpg 100w, https:\/\/www.slsele.com\/wp-content\/uploads\/2024\/09\/\u7ea2\u5916R6-7-50x50.jpg 50w\" sizes=\"auto, (max-width: 620px) 100vw, 620px\" \/>Par\u00e1metros del control remoto por infrarrojos<\/h3>\n<h3><img loading=\"lazy\" decoding=\"async\" class=\"aligncenter wp-image-3816\" src=\"https:\/\/slsele.com\/wp-content\/uploads\/2024\/09\/\u7ea2\u5916R6-11.jpg\" alt=\"\" width=\"613\" height=\"613\" srcset=\"https:\/\/www.slsele.com\/wp-content\/uploads\/2024\/09\/\u7ea2\u5916R6-11.jpg 800w, https:\/\/www.slsele.com\/wp-content\/uploads\/2024\/09\/\u7ea2\u5916R6-11-300x300.jpg 300w, https:\/\/www.slsele.com\/wp-content\/uploads\/2024\/09\/\u7ea2\u5916R6-11-150x150.jpg 150w, https:\/\/www.slsele.com\/wp-content\/uploads\/2024\/09\/\u7ea2\u5916R6-11-768x768.jpg 768w, https:\/\/www.slsele.com\/wp-content\/uploads\/2024\/09\/\u7ea2\u5916R6-11-12x12.jpg 12w, https:\/\/www.slsele.com\/wp-content\/uploads\/2024\/09\/\u7ea2\u5916R6-11-570x570.jpg 570w, https:\/\/www.slsele.com\/wp-content\/uploads\/2024\/09\/\u7ea2\u5916R6-11-500x500.jpg 500w, https:\/\/www.slsele.com\/wp-content\/uploads\/2024\/09\/\u7ea2\u5916R6-11-700x700.jpg 700w, https:\/\/www.slsele.com\/wp-content\/uploads\/2024\/09\/\u7ea2\u5916R6-11-600x600.jpg 600w, https:\/\/www.slsele.com\/wp-content\/uploads\/2024\/09\/\u7ea2\u5916R6-11-100x100.jpg 100w, https:\/\/www.slsele.com\/wp-content\/uploads\/2024\/09\/\u7ea2\u5916R6-11-50x50.jpg 50w\" sizes=\"auto, (max-width: 613px) 100vw, 613px\" \/>Preguntas y respuestas<\/h3>\n<p style=\"text-align: left;\">Q1: \u00bfBater\u00eda incorporada incluida?<\/p>\n<p style=\"text-align: left;\">A1: No tiene bater\u00eda incorporada, necesita conectarse directamente a la energ\u00eda (solo l\u00ednea USB);<\/p>\n<p>&nbsp;<\/p>\n<p style=\"text-align: left;\">Q2: \u00bfEs compatible con wifi 5G?<\/p>\n<p style=\"text-align: left;\">A2: Solo admite wifi 2,4G, no se acepta wifi 5G.<\/p>\n<p>&nbsp;<\/p>\n<p style=\"text-align: left;\">P3: \u00bfEste IR universal funciona con la biblioteca de c\u00f3digo interno?<\/p>\n<p style=\"text-align: left;\">A3: La biblioteca de c\u00f3digos se guarda en la nube, debe conectarse a Internet<\/p>\n<p>&nbsp;<\/p>\n<p style=\"text-align: left;\">Q4: \u00bfEl aparato es compatible?<\/p>\n<p style=\"text-align: left;\">A4: Admite la mayor\u00eda de las marcas l\u00edderes, incluidas TV\/STP\/AC\/DVD<\/p>\n<p>&nbsp;<\/p>\n<p style=\"text-align: left;\">Q5: \u00bfMarca aplicable?<\/p>\n<p style=\"text-align: left;\">A5: Consulte la lista de marcas en la aplicaci\u00f3n.<\/p>\n<p>&nbsp;<\/p>\n<p style=\"text-align: left;\">Q6: \u00bfCompatible con dispositivos inteligentes?<\/p>\n<p style=\"text-align: left;\">A6: Google Alexa, ECHO<\/p>\n<p>&nbsp;<\/p>\n<p style=\"text-align: left;\">P7: \u00bfPueden atravesar la pared o controlar el aire acondicionado desde arriba o desde abajo de las escaleras?<\/p>\n<p style=\"text-align: left;\">A7: No, los infrarrojos no pueden atravesar la pared.<\/p>\n<p>&nbsp;<\/p>\n<p style=\"text-align: left;\">P8: \u00bfEste dispositivo funciona con Wi-Fi? \u00bfEs necesario utilizarlo con una puerta de enlace inteligente?<\/p>\n<p style=\"text-align: left;\">A8: Este Smart IR funciona completamente con control WIFI, no requiere puerta de enlace inteligente<\/p>\n<p>&nbsp;<\/p>\n<p style=\"text-align: left;\">Q9: \u00bfCu\u00e1ntos electrodom\u00e9sticos se pueden controlar a distancia por infrarrojos al mismo tiempo?<\/p>\n<p style=\"text-align: left;\">A9: El Smart IR puede controlar varios electrodom\u00e9sticos en una habitaci\u00f3n a trav\u00e9s de la aplicaci\u00f3n \u201cSmart Life\u201d;<\/p>\n<p>&nbsp;<\/p>\n<p style=\"text-align: left;\">Q10: \u00bfCu\u00e1l es el alcance en el que funciona Smart IR?<\/p>\n<p style=\"text-align: left;\">A10: Di\u00e1metro interior 16 metros.<\/p>\n<p>&nbsp;<\/p>\n<p style=\"text-align: left;\">Q11: \u00bfC\u00f3mo utilizar la funci\u00f3n de aprendizaje IR inteligente?<\/p>\n<p style=\"text-align: left;\">A11: Verifique las instrucciones del bot\u00f3n de copia.<\/p>\n<p>&nbsp;<\/p>\n<p style=\"text-align: left;\">Q12: \u00bfEste controlador inteligente admite RF?<\/p>\n<p style=\"text-align: left;\">A12: Este tipo no admite RF. Si desea comprar un controlador que admita RF, <a href=\"https:\/\/www.slsele.com\/es\/producto\/wifi-rf-ir-universal-remote-controller\/\" target=\"_blank\" rel=\"noopener\"><span style=\"color: #0000ff;\"><strong>referencia a otro controlador<\/strong><\/span><\/a>.<\/p>","protected":false},"excerpt":{"rendered":"<p>Usar el control remoto infrarrojo inteligente para automatizar electrodom\u00e9sticos es m\u00e1s f\u00e1cil de lo que parece. Puedes controlar dispositivos como televisores o aires acondicionados, as\u00ed como cualquier otro dispositivo que admita conectividad por infrarrojos. El control remoto infrarrojo transmite datos a trav\u00e9s de la tecnolog\u00eda WiFi.<\/p>","protected":false},"featured_media":814,"comment_status":"open","ping_status":"closed","template":"","meta":[],"product_brand":[],"product_cat":[19],"product_tag":[],"class_list":{"0":"post-19","1":"product","2":"type-product","3":"status-publish","4":"has-post-thumbnail","6":"product_cat-smart-controller","8":"first","9":"instock","10":"shipping-taxable","11":"purchasable","12":"product-type-simple"},"_links":{"self":[{"href":"https:\/\/www.slsele.com\/es\/wp-json\/wp\/v2\/product\/19","targetHints":{"allow":["GET"]}}],"collection":[{"href":"https:\/\/www.slsele.com\/es\/wp-json\/wp\/v2\/product"}],"about":[{"href":"https:\/\/www.slsele.com\/es\/wp-json\/wp\/v2\/types\/product"}],"replies":[{"embeddable":true,"href":"https:\/\/www.slsele.com\/es\/wp-json\/wp\/v2\/comments?post=19"}],"wp:featuredmedia":[{"embeddable":true,"href":"https:\/\/www.slsele.com\/es\/wp-json\/wp\/v2\/media\/814"}],"wp:attachment":[{"href":"https:\/\/www.slsele.com\/es\/wp-json\/wp\/v2\/media?parent=19"}],"wp:term":[{"taxonomy":"product_brand","embeddable":true,"href":"https:\/\/www.slsele.com\/es\/wp-json\/wp\/v2\/product_brand?post=19"},{"taxonomy":"product_cat","embeddable":true,"href":"https:\/\/www.slsele.com\/es\/wp-json\/wp\/v2\/product_cat?post=19"},{"taxonomy":"product_tag","embeddable":true,"href":"https:\/\/www.slsele.com\/es\/wp-json\/wp\/v2\/product_tag?post=19"}],"curies":[{"name":"wp","href":"https:\/\/api.w.org\/{rel}","templated":true}]}}