{"id":1889,"date":"2024-06-03T17:59:34","date_gmt":"2024-06-03T09:59:34","guid":{"rendered":"https:\/\/slsele.com\/?post_type=product&#038;p=1889"},"modified":"2024-07-15T10:59:25","modified_gmt":"2024-07-15T02:59:25","slug":"sls-matter-eu-smart-plug","status":"publish","type":"product","link":"https:\/\/www.slsele.com\/es\/producto\/sls-matter-eu-smart-plug\/","title":{"rendered":"Enchufe inteligente SLS EU Matter 16A"},"content":{"rendered":"<h2 style=\"text-align: center; font-size: 30px;\"><b>SLS Matter Enchufe Inteligente Enchufe WiFi 16A<\/b><\/h2>\n<h3 style=\"text-align: left; font-size: 25px;\"><strong><span data-preserver-spaces=\"true\">Breve introducci\u00f3n<\/span><\/strong><\/h3>\n<p style=\"text-align: left;\">Matter Smart Plug es un innovador dispositivo dom\u00e9stico inteligente dise\u00f1ado para simplificar el control de una gran variedad de electrodom\u00e9sticos dentro de su hogar. Aprovecha lo \u00faltimo en hogar inteligente<\/p>\n<p style=\"text-align: left;\">tecnolog\u00eda adhiri\u00e9ndose al protocolo Matter, lo que garantiza una interoperabilidad perfecta entre diferentes marcas y ecosistemas. Esto significa que puede integrar y controlar sin esfuerzo su Matter Smart Plug<\/p>\n<p style=\"text-align: left;\">junto con otros dispositivos compatibles con Matter que utilizan plataformas populares como Amazon Alexa, Apple HomeKit, Google Home y Samsung SmartThings sin preocuparse por problemas de compatibilidad.<\/p>\n<p style=\"text-align: left;\">Aqu\u00ed est\u00e1n <strong>tres caracter\u00edsticas clave<\/strong> que hacen que su experiencia de hogar inteligente sea m\u00e1s conveniente y eficiente:<\/p>\n<p style=\"text-align: left;\"><strong>Amplia compatibilidad<\/strong>: El Matter Smart Plug funciona armoniosamente con un amplio espectro de dispositivos el\u00e9ctricos. Simplemente conecte su l\u00e1mpara, televisor o purificador de aire al enchufe inteligente y obtenga un control inteligente<\/p>\n<p style=\"text-align: left;\">a trav\u00e9s de su tel\u00e9fono inteligente o asistente de voz. Esto har\u00e1 que su vida diaria sea m\u00e1s inteligente y c\u00f3moda, mientras disfruta de los beneficios de la interoperabilidad del est\u00e1ndar Matter.<\/p>\n<p style=\"text-align: left;\"><strong>Configuraci\u00f3n de horarios para horas de encendido\/apagado<\/strong>: Al utilizar la aplicaci\u00f3n Matter Smart Plug, puede establecer f\u00e1cilmente horarios para que sus dispositivos se activen o desactiven en intervalos designados. Ya sea<\/p>\n<p style=\"text-align: left;\">Al preparar autom\u00e1ticamente su caf\u00e9 de la ma\u00f1ana o apagar las luces de la sala a la hora de acostarse, sus rutinas se ejecutar\u00e1n exactamente como se esperaba, ofreciendo una experiencia hogare\u00f1a automatizada y sin preocupaciones.<\/p>\n<p style=\"text-align: left;\">mejorado a\u00fan m\u00e1s por la integraci\u00f3n del ecosistema del protocolo Matter.<\/p>\n<p style=\"text-align: left;\"><strong>Pantalla de consumo de energ\u00eda en tiempo real y control remoto inal\u00e1mbrico<\/strong>: Matter Smart Plug no solo muestra el consumo de energ\u00eda en tiempo real de los electrodom\u00e9sticos conectados, sino que tambi\u00e9n lo ayuda a<\/p>\n<p style=\"text-align: left;\">gestionar el consumo de energ\u00eda del hogar y ahorrar en costos de electricidad, pero tambi\u00e9n proporciona funcionalidad de control remoto inal\u00e1mbrico. Puede ajustar el estado de sus dispositivos desde cualquier ubicaci\u00f3n dentro de su<\/p>\n<p style=\"text-align: left;\">en casa, o incluso cuando viaja, garantizando que su hogar permanezca seguro y conveniente en todo momento, mientras se beneficia del soporte multiplataforma del est\u00e1ndar Matter.<\/p>\n<div id=\"attachment_1983\" style=\"width: 760px\" class=\"wp-caption aligncenter\"><img loading=\"lazy\" decoding=\"async\" aria-describedby=\"caption-attachment-1983\" class=\"wp-image-1983 size-full\" src=\"https:\/\/slsele.com\/wp-content\/uploads\/2024\/06\/\u8be6\u60c5\u56fe1_\u7ed3\u679c-5.webp\" alt=\"SLS Matter Smart Plug admite m\u00faltiples escenarios\" width=\"750\" height=\"750\" srcset=\"https:\/\/www.slsele.com\/wp-content\/uploads\/2024\/06\/\u8be6\u60c5\u56fe1_\u7ed3\u679c-5.webp 750w, https:\/\/www.slsele.com\/wp-content\/uploads\/2024\/06\/\u8be6\u60c5\u56fe1_\u7ed3\u679c-5-300x300.webp 300w, https:\/\/www.slsele.com\/wp-content\/uploads\/2024\/06\/\u8be6\u60c5\u56fe1_\u7ed3\u679c-5-150x150.webp 150w, https:\/\/www.slsele.com\/wp-content\/uploads\/2024\/06\/\u8be6\u60c5\u56fe1_\u7ed3\u679c-5-12x12.webp 12w, https:\/\/www.slsele.com\/wp-content\/uploads\/2024\/06\/\u8be6\u60c5\u56fe1_\u7ed3\u679c-5-570x570.webp 570w, https:\/\/www.slsele.com\/wp-content\/uploads\/2024\/06\/\u8be6\u60c5\u56fe1_\u7ed3\u679c-5-500x500.webp 500w, https:\/\/www.slsele.com\/wp-content\/uploads\/2024\/06\/\u8be6\u60c5\u56fe1_\u7ed3\u679c-5-700x700.webp 700w, https:\/\/www.slsele.com\/wp-content\/uploads\/2024\/06\/\u8be6\u60c5\u56fe1_\u7ed3\u679c-5-600x600.webp 600w, https:\/\/www.slsele.com\/wp-content\/uploads\/2024\/06\/\u8be6\u60c5\u56fe1_\u7ed3\u679c-5-100x100.webp 100w, https:\/\/www.slsele.com\/wp-content\/uploads\/2024\/06\/\u8be6\u60c5\u56fe1_\u7ed3\u679c-5-50x50.webp 50w\" sizes=\"auto, (max-width: 750px) 100vw, 750px\" \/><p id=\"caption-attachment-1983\" class=\"wp-caption-text\">SLS Matter Smart Plug admite m\u00faltiples escenarios<\/p><\/div>\n<p><img loading=\"lazy\" decoding=\"async\" class=\"aligncenter size-full wp-image-1984\" src=\"https:\/\/slsele.com\/wp-content\/uploads\/2024\/06\/\u8be6\u60c5\u56fe2_\u7ed3\u679c-5.webp\" alt=\"\" width=\"750\" height=\"750\" srcset=\"https:\/\/www.slsele.com\/wp-content\/uploads\/2024\/06\/\u8be6\u60c5\u56fe2_\u7ed3\u679c-5.webp 750w, https:\/\/www.slsele.com\/wp-content\/uploads\/2024\/06\/\u8be6\u60c5\u56fe2_\u7ed3\u679c-5-300x300.webp 300w, https:\/\/www.slsele.com\/wp-content\/uploads\/2024\/06\/\u8be6\u60c5\u56fe2_\u7ed3\u679c-5-150x150.webp 150w, https:\/\/www.slsele.com\/wp-content\/uploads\/2024\/06\/\u8be6\u60c5\u56fe2_\u7ed3\u679c-5-12x12.webp 12w, https:\/\/www.slsele.com\/wp-content\/uploads\/2024\/06\/\u8be6\u60c5\u56fe2_\u7ed3\u679c-5-570x570.webp 570w, https:\/\/www.slsele.com\/wp-content\/uploads\/2024\/06\/\u8be6\u60c5\u56fe2_\u7ed3\u679c-5-500x500.webp 500w, https:\/\/www.slsele.com\/wp-content\/uploads\/2024\/06\/\u8be6\u60c5\u56fe2_\u7ed3\u679c-5-700x700.webp 700w, https:\/\/www.slsele.com\/wp-content\/uploads\/2024\/06\/\u8be6\u60c5\u56fe2_\u7ed3\u679c-5-600x600.webp 600w, https:\/\/www.slsele.com\/wp-content\/uploads\/2024\/06\/\u8be6\u60c5\u56fe2_\u7ed3\u679c-5-100x100.webp 100w, https:\/\/www.slsele.com\/wp-content\/uploads\/2024\/06\/\u8be6\u60c5\u56fe2_\u7ed3\u679c-5-50x50.webp 50w\" sizes=\"auto, (max-width: 750px) 100vw, 750px\" \/> <img loading=\"lazy\" decoding=\"async\" class=\"aligncenter size-full wp-image-1985\" src=\"https:\/\/slsele.com\/wp-content\/uploads\/2024\/06\/\u8be6\u60c5\u56fe3_\u7ed3\u679c-5.webp\" alt=\"\" width=\"750\" height=\"750\" srcset=\"https:\/\/www.slsele.com\/wp-content\/uploads\/2024\/06\/\u8be6\u60c5\u56fe3_\u7ed3\u679c-5.webp 750w, https:\/\/www.slsele.com\/wp-content\/uploads\/2024\/06\/\u8be6\u60c5\u56fe3_\u7ed3\u679c-5-300x300.webp 300w, https:\/\/www.slsele.com\/wp-content\/uploads\/2024\/06\/\u8be6\u60c5\u56fe3_\u7ed3\u679c-5-150x150.webp 150w, https:\/\/www.slsele.com\/wp-content\/uploads\/2024\/06\/\u8be6\u60c5\u56fe3_\u7ed3\u679c-5-12x12.webp 12w, https:\/\/www.slsele.com\/wp-content\/uploads\/2024\/06\/\u8be6\u60c5\u56fe3_\u7ed3\u679c-5-570x570.webp 570w, https:\/\/www.slsele.com\/wp-content\/uploads\/2024\/06\/\u8be6\u60c5\u56fe3_\u7ed3\u679c-5-500x500.webp 500w, https:\/\/www.slsele.com\/wp-content\/uploads\/2024\/06\/\u8be6\u60c5\u56fe3_\u7ed3\u679c-5-700x700.webp 700w, https:\/\/www.slsele.com\/wp-content\/uploads\/2024\/06\/\u8be6\u60c5\u56fe3_\u7ed3\u679c-5-600x600.webp 600w, https:\/\/www.slsele.com\/wp-content\/uploads\/2024\/06\/\u8be6\u60c5\u56fe3_\u7ed3\u679c-5-100x100.webp 100w, https:\/\/www.slsele.com\/wp-content\/uploads\/2024\/06\/\u8be6\u60c5\u56fe3_\u7ed3\u679c-5-50x50.webp 50w\" sizes=\"auto, (max-width: 750px) 100vw, 750px\" \/> <img loading=\"lazy\" decoding=\"async\" class=\"aligncenter size-full wp-image-1986\" src=\"https:\/\/slsele.com\/wp-content\/uploads\/2024\/06\/\u8be6\u60c5\u56fe4_\u7ed3\u679c-5.webp\" alt=\"\" width=\"750\" height=\"750\" srcset=\"https:\/\/www.slsele.com\/wp-content\/uploads\/2024\/06\/\u8be6\u60c5\u56fe4_\u7ed3\u679c-5.webp 750w, https:\/\/www.slsele.com\/wp-content\/uploads\/2024\/06\/\u8be6\u60c5\u56fe4_\u7ed3\u679c-5-300x300.webp 300w, https:\/\/www.slsele.com\/wp-content\/uploads\/2024\/06\/\u8be6\u60c5\u56fe4_\u7ed3\u679c-5-150x150.webp 150w, https:\/\/www.slsele.com\/wp-content\/uploads\/2024\/06\/\u8be6\u60c5\u56fe4_\u7ed3\u679c-5-12x12.webp 12w, https:\/\/www.slsele.com\/wp-content\/uploads\/2024\/06\/\u8be6\u60c5\u56fe4_\u7ed3\u679c-5-570x570.webp 570w, https:\/\/www.slsele.com\/wp-content\/uploads\/2024\/06\/\u8be6\u60c5\u56fe4_\u7ed3\u679c-5-500x500.webp 500w, https:\/\/www.slsele.com\/wp-content\/uploads\/2024\/06\/\u8be6\u60c5\u56fe4_\u7ed3\u679c-5-700x700.webp 700w, https:\/\/www.slsele.com\/wp-content\/uploads\/2024\/06\/\u8be6\u60c5\u56fe4_\u7ed3\u679c-5-600x600.webp 600w, https:\/\/www.slsele.com\/wp-content\/uploads\/2024\/06\/\u8be6\u60c5\u56fe4_\u7ed3\u679c-5-100x100.webp 100w, https:\/\/www.slsele.com\/wp-content\/uploads\/2024\/06\/\u8be6\u60c5\u56fe4_\u7ed3\u679c-5-50x50.webp 50w\" sizes=\"auto, (max-width: 750px) 100vw, 750px\" \/> <img loading=\"lazy\" decoding=\"async\" class=\"aligncenter size-full wp-image-1987\" src=\"https:\/\/slsele.com\/wp-content\/uploads\/2024\/06\/\u8be6\u60c5\u56fe5_\u7ed3\u679c-5.webp\" alt=\"\" width=\"750\" height=\"750\" srcset=\"https:\/\/www.slsele.com\/wp-content\/uploads\/2024\/06\/\u8be6\u60c5\u56fe5_\u7ed3\u679c-5.webp 750w, https:\/\/www.slsele.com\/wp-content\/uploads\/2024\/06\/\u8be6\u60c5\u56fe5_\u7ed3\u679c-5-300x300.webp 300w, https:\/\/www.slsele.com\/wp-content\/uploads\/2024\/06\/\u8be6\u60c5\u56fe5_\u7ed3\u679c-5-150x150.webp 150w, https:\/\/www.slsele.com\/wp-content\/uploads\/2024\/06\/\u8be6\u60c5\u56fe5_\u7ed3\u679c-5-12x12.webp 12w, https:\/\/www.slsele.com\/wp-content\/uploads\/2024\/06\/\u8be6\u60c5\u56fe5_\u7ed3\u679c-5-570x570.webp 570w, https:\/\/www.slsele.com\/wp-content\/uploads\/2024\/06\/\u8be6\u60c5\u56fe5_\u7ed3\u679c-5-500x500.webp 500w, https:\/\/www.slsele.com\/wp-content\/uploads\/2024\/06\/\u8be6\u60c5\u56fe5_\u7ed3\u679c-5-700x700.webp 700w, https:\/\/www.slsele.com\/wp-content\/uploads\/2024\/06\/\u8be6\u60c5\u56fe5_\u7ed3\u679c-5-600x600.webp 600w, https:\/\/www.slsele.com\/wp-content\/uploads\/2024\/06\/\u8be6\u60c5\u56fe5_\u7ed3\u679c-5-100x100.webp 100w, https:\/\/www.slsele.com\/wp-content\/uploads\/2024\/06\/\u8be6\u60c5\u56fe5_\u7ed3\u679c-5-50x50.webp 50w\" sizes=\"auto, (max-width: 750px) 100vw, 750px\" \/> <img loading=\"lazy\" decoding=\"async\" class=\"aligncenter size-full wp-image-1988\" src=\"https:\/\/slsele.com\/wp-content\/uploads\/2024\/06\/\u8be6\u60c5\u56fe6_\u7ed3\u679c-3.webp\" alt=\"\" width=\"750\" height=\"750\" srcset=\"https:\/\/www.slsele.com\/wp-content\/uploads\/2024\/06\/\u8be6\u60c5\u56fe6_\u7ed3\u679c-3.webp 750w, https:\/\/www.slsele.com\/wp-content\/uploads\/2024\/06\/\u8be6\u60c5\u56fe6_\u7ed3\u679c-3-300x300.webp 300w, https:\/\/www.slsele.com\/wp-content\/uploads\/2024\/06\/\u8be6\u60c5\u56fe6_\u7ed3\u679c-3-150x150.webp 150w, https:\/\/www.slsele.com\/wp-content\/uploads\/2024\/06\/\u8be6\u60c5\u56fe6_\u7ed3\u679c-3-12x12.webp 12w, https:\/\/www.slsele.com\/wp-content\/uploads\/2024\/06\/\u8be6\u60c5\u56fe6_\u7ed3\u679c-3-570x570.webp 570w, https:\/\/www.slsele.com\/wp-content\/uploads\/2024\/06\/\u8be6\u60c5\u56fe6_\u7ed3\u679c-3-500x500.webp 500w, https:\/\/www.slsele.com\/wp-content\/uploads\/2024\/06\/\u8be6\u60c5\u56fe6_\u7ed3\u679c-3-700x700.webp 700w, https:\/\/www.slsele.com\/wp-content\/uploads\/2024\/06\/\u8be6\u60c5\u56fe6_\u7ed3\u679c-3-600x600.webp 600w, https:\/\/www.slsele.com\/wp-content\/uploads\/2024\/06\/\u8be6\u60c5\u56fe6_\u7ed3\u679c-3-100x100.webp 100w, https:\/\/www.slsele.com\/wp-content\/uploads\/2024\/06\/\u8be6\u60c5\u56fe6_\u7ed3\u679c-3-50x50.webp 50w\" sizes=\"auto, (max-width: 750px) 100vw, 750px\" \/><\/p>\n<h3 style=\"text-align: left; font-size: 25px;\"><strong>Nota<\/strong><\/h3>\n<p style=\"text-align: left;\">Las aplicaciones Apple Home\/Google Home y Amazon Alexa necesitan centros dom\u00e9sticos adicionales.<\/p>\n<h3 style=\"text-align: left; font-size: 25px;\"><strong>Especificaci\u00f3n<\/strong><\/h3>\n<p style=\"text-align: left;\">Nombre del producto: Matter Smart Plug WiFi Socket 16A<\/p>\n<p style=\"text-align: left;\">Tensi\u00f3n nominal: AC110-230V\u00b110%,50\/60Hz<\/p>\n<p style=\"text-align: left;\">Corriente nominal: 16A<\/p>\n<p style=\"text-align: left;\">Tipo inal\u00e1mbrico: 2,4 GHz<\/p>\n<p style=\"text-align: left;\">Est\u00e1ndar inal\u00e1mbrico: IEEE 802.11b\/g\/n<\/p>\n<p style=\"text-align: left;\">Distancia inal\u00e1mbrica: 45M<\/p>\n<p style=\"text-align: left;\">Temperatura de trabajo: 0 \u2103 \uff5e 60 \u2103 (32 \u00b0F ~ 140 \u00b0F)<\/p>\n<p style=\"text-align: left;\">Humedad de trabajo: 0% \uff5e 85%RH (sin condensaci\u00f3n)<\/p>\n<p style=\"text-align: left;\">Soporte: Amazon Alexa, Asistente de Google<\/p>\n<p style=\"text-align: left;\">Tama\u00f1o: 50 mm x 50 mm x 85 mm<\/p>\n<h3 style=\"text-align: left; font-size: 25px;\"><strong>Preguntas m\u00e1s frecuentes<\/strong><\/h3>\n<p style=\"text-align: left;\"><strong>P1: \u00bfC\u00f3mo se comunica Smart Matter Plug?<\/strong><\/p>\n<p style=\"text-align: left;\"><span data-preserver-spaces=\"true\">R1: Los enchufes inteligentes de Matter pueden utilizar diferentes tecnolog\u00edas para comunicarse. Pueden utilizar Ethernet por cable o comunicaci\u00f3n inal\u00e1mbrica como WiFi o Thread.<\/span><\/p>\n<p style=\"text-align: left;\"><strong>P2: \u00bfMatter Smart Plug requiere un concentrador?<\/strong><\/p>\n<p style=\"text-align: left;\"><span data-preserver-spaces=\"true\">R2: Los Matte Smart Plugs no requieren un concentrador para la funcionalidad b\u00e1sica, ya que Matter est\u00e1 dise\u00f1ado para funcionar a trav\u00e9s de redes IP como WiFi y Ethernet, lo que permite la comunicaci\u00f3n directa entre dispositivos. Sin embargo, para integrarse con ecosistemas espec\u00edficos como Apple HomeKit, Google Home o Amazon Alexa, es posible que necesite un concentrador o puente compatible con Matter para utilizar todas las funciones y garantizar una conectividad perfecta.<\/span><\/p>\n<p style=\"text-align: left;\"><strong>P3: \u00bfCu\u00e1les son los beneficios del Matter Smart Plug?<\/strong><\/p>\n<p style=\"text-align: left;\"><span data-preserver-spaces=\"true\">R3: Los enchufes inteligentes Matter ofrecen una experiencia de hogar inteligente m\u00e1s coherente, segura y f\u00e1cil de usar:<\/span><\/p>\n<p style=\"text-align: left;\"><strong><span data-preserver-spaces=\"true\">Interoperabilidad:<\/span><\/strong><span data-preserver-spaces=\"true\"> Matter es un est\u00e1ndar universal que garantiza que dispositivos de diferentes fabricantes funcionen juntos a la perfecci\u00f3n. Esto elimina la necesidad de m\u00faltiples aplicaciones y ecosistemas, simplificando la configuraci\u00f3n y la administraci\u00f3n.<\/span><\/p>\n<p style=\"text-align: left;\"><strong><span data-preserver-spaces=\"true\">Facilidad de uso:<\/span><\/strong><span data-preserver-spaces=\"true\"> Configurar los dispositivos Matter es sencillo y f\u00e1cil de usar, y a menudo requiere solo unos pocos pasos a trav\u00e9s de una sola aplicaci\u00f3n.<\/span><\/p>\n<p style=\"text-align: left;\"><strong><span data-preserver-spaces=\"true\">Mayor compatibilidad:<\/span><\/strong><span data-preserver-spaces=\"true\"> Los Matte Smart Plugs son compatibles con las principales plataformas de hogares inteligentes, como Apple HomeKit, Google Home, Amazon Alexa y otras, lo que brinda m\u00e1s flexibilidad a la hora de elegir su ecosistema de hogar inteligente.<\/span><\/p>","protected":false},"excerpt":{"rendered":"<div class=\"text-title\">El enchufe inteligente WiFi Matter ahora ofrece funciones mejoradas para una mayor comodidad y automatizaci\u00f3n en su hogar inteligente. Admite sus aplicaciones favoritas sin necesidad de m\u00faltiples aplicaciones o puertas de enlace. Nota: Las aplicaciones Apple Home, Google Home y Amazon Alexa requieren un centro dom\u00e9stico adicional.<\/div>","protected":false},"featured_media":1977,"comment_status":"open","ping_status":"closed","template":"","meta":[],"product_brand":[],"product_cat":[44],"product_tag":[],"class_list":{"0":"post-1889","1":"product","2":"type-product","3":"status-publish","4":"has-post-thumbnail","6":"product_cat-smart-socket","8":"first","9":"instock","10":"shipping-taxable","11":"purchasable","12":"product-type-simple"},"_links":{"self":[{"href":"https:\/\/www.slsele.com\/es\/wp-json\/wp\/v2\/product\/1889","targetHints":{"allow":["GET"]}}],"collection":[{"href":"https:\/\/www.slsele.com\/es\/wp-json\/wp\/v2\/product"}],"about":[{"href":"https:\/\/www.slsele.com\/es\/wp-json\/wp\/v2\/types\/product"}],"replies":[{"embeddable":true,"href":"https:\/\/www.slsele.com\/es\/wp-json\/wp\/v2\/comments?post=1889"}],"wp:featuredmedia":[{"embeddable":true,"href":"https:\/\/www.slsele.com\/es\/wp-json\/wp\/v2\/media\/1977"}],"wp:attachment":[{"href":"https:\/\/www.slsele.com\/es\/wp-json\/wp\/v2\/media?parent=1889"}],"wp:term":[{"taxonomy":"product_brand","embeddable":true,"href":"https:\/\/www.slsele.com\/es\/wp-json\/wp\/v2\/product_brand?post=1889"},{"taxonomy":"product_cat","embeddable":true,"href":"https:\/\/www.slsele.com\/es\/wp-json\/wp\/v2\/product_cat?post=1889"},{"taxonomy":"product_tag","embeddable":true,"href":"https:\/\/www.slsele.com\/es\/wp-json\/wp\/v2\/product_tag?post=1889"}],"curies":[{"name":"wp","href":"https:\/\/api.w.org\/{rel}","templated":true}]}}