{"id":1873,"date":"2024-06-03T17:14:43","date_gmt":"2024-06-03T09:14:43","guid":{"rendered":"https:\/\/slsele.com\/?post_type=product&#038;p=1873"},"modified":"2025-11-02T19:29:13","modified_gmt":"2025-11-02T11:29:13","slug":"eu-wifi-smart-plug-socket-with-led-light","status":"publish","type":"product","link":"https:\/\/www.slsele.com\/es\/producto\/eu-wifi-smart-plug-socket-with-led-light\/","title":{"rendered":"Enchufe inteligente SLS EU WiFi con luz LED"},"content":{"rendered":"<h2 style=\"text-align: center; font-size: 28px;\"><strong>Enchufe inteligente SLS EU WiFi con luz LED<\/strong><\/h2>\n<h3 style=\"text-align: left; font-size: 25px;\">Descripci\u00f3n<\/h3>\n<div style=\"text-align: left;\">Enchufe inteligente WiFi con m\u00e1s funciones de actualizaci\u00f3n nuevas que dejan su hogar inteligente con mucha m\u00e1s comodidad y automatizaci\u00f3n, lo que ha demostrado ser la mejor opci\u00f3n para<\/div>\n<div style=\"text-align: left;\">Inicie su estilo de vida inteligente controlando m\u00e1s f\u00e1cilmente los electrodom\u00e9sticos conectados con el mini enchufe WiFi inteligente.<\/div>\n<div><\/div>\n<div style=\"text-align: left;\">M\u00e1s importante a\u00fan, el indicador LED RGB opcional agrega m\u00e1s colores a su escena nocturna, y el monitor de energ\u00eda incluso ayuda a mantener bajos los costos de electricidad, reemplazando r\u00e1pidamente la forma tradicional de control manual. Compatible con la aplicaci\u00f3n Smart Life \/Tuya, as\u00ed como con Alexa y Google Home, garantiza m\u00faltiples funciones en un enchufe inteligente. El control remoto inal\u00e1mbrico de la aplicaci\u00f3n y el control por voz agregan m\u00e1s trucos y diversi\u00f3n a su brillante vida diaria, controlando inteligentemente sus dispositivos con mayor facilidad.<\/div>\n<div>\n<div id=\"attachment_1880\" style=\"width: 970px\" class=\"wp-caption aligncenter\"><img loading=\"lazy\" decoding=\"async\" aria-describedby=\"caption-attachment-1880\" class=\"wp-image-1880 size-full\" src=\"https:\/\/slsele.com\/wp-content\/uploads\/2024\/06\/\u8be6\u60c5\u56fe1_\u7ed3\u679c-3.webp\" alt=\"Enchufe inteligente compatible con Amazon Alexa y Google Assistant\" width=\"960\" height=\"960\" srcset=\"https:\/\/www.slsele.com\/wp-content\/uploads\/2024\/06\/\u8be6\u60c5\u56fe1_\u7ed3\u679c-3.webp 960w, https:\/\/www.slsele.com\/wp-content\/uploads\/2024\/06\/\u8be6\u60c5\u56fe1_\u7ed3\u679c-3-300x300.webp 300w, https:\/\/www.slsele.com\/wp-content\/uploads\/2024\/06\/\u8be6\u60c5\u56fe1_\u7ed3\u679c-3-150x150.webp 150w, https:\/\/www.slsele.com\/wp-content\/uploads\/2024\/06\/\u8be6\u60c5\u56fe1_\u7ed3\u679c-3-768x768.webp 768w, https:\/\/www.slsele.com\/wp-content\/uploads\/2024\/06\/\u8be6\u60c5\u56fe1_\u7ed3\u679c-3-12x12.webp 12w, https:\/\/www.slsele.com\/wp-content\/uploads\/2024\/06\/\u8be6\u60c5\u56fe1_\u7ed3\u679c-3-570x570.webp 570w, https:\/\/www.slsele.com\/wp-content\/uploads\/2024\/06\/\u8be6\u60c5\u56fe1_\u7ed3\u679c-3-500x500.webp 500w, https:\/\/www.slsele.com\/wp-content\/uploads\/2024\/06\/\u8be6\u60c5\u56fe1_\u7ed3\u679c-3-700x700.webp 700w, https:\/\/www.slsele.com\/wp-content\/uploads\/2024\/06\/\u8be6\u60c5\u56fe1_\u7ed3\u679c-3-600x600.webp 600w, https:\/\/www.slsele.com\/wp-content\/uploads\/2024\/06\/\u8be6\u60c5\u56fe1_\u7ed3\u679c-3-100x100.webp 100w, https:\/\/www.slsele.com\/wp-content\/uploads\/2024\/06\/\u8be6\u60c5\u56fe1_\u7ed3\u679c-3-50x50.webp 50w\" sizes=\"auto, (max-width: 960px) 100vw, 960px\" \/><p id=\"caption-attachment-1880\" class=\"wp-caption-text\">Enchufe inteligente compatible con Amazon Alexa y Google Assistant<\/p><\/div>\n<p><img loading=\"lazy\" decoding=\"async\" class=\"aligncenter size-large wp-image-1881\" src=\"https:\/\/slsele.com\/wp-content\/uploads\/2024\/06\/\u8be6\u60c5\u56fe2_\u7ed3\u679c-3-840x1024.webp\" alt=\"\" width=\"840\" height=\"1024\" srcset=\"https:\/\/www.slsele.com\/wp-content\/uploads\/2024\/06\/\u8be6\u60c5\u56fe2_\u7ed3\u679c-3-840x1024.webp 840w, https:\/\/www.slsele.com\/wp-content\/uploads\/2024\/06\/\u8be6\u60c5\u56fe2_\u7ed3\u679c-3-246x300.webp 246w, https:\/\/www.slsele.com\/wp-content\/uploads\/2024\/06\/\u8be6\u60c5\u56fe2_\u7ed3\u679c-3-768x936.webp 768w, https:\/\/www.slsele.com\/wp-content\/uploads\/2024\/06\/\u8be6\u60c5\u56fe2_\u7ed3\u679c-3-10x12.webp 10w, https:\/\/www.slsele.com\/wp-content\/uploads\/2024\/06\/\u8be6\u60c5\u56fe2_\u7ed3\u679c-3-700x853.webp 700w, https:\/\/www.slsele.com\/wp-content\/uploads\/2024\/06\/\u8be6\u60c5\u56fe2_\u7ed3\u679c-3-600x731.webp 600w, https:\/\/www.slsele.com\/wp-content\/uploads\/2024\/06\/\u8be6\u60c5\u56fe2_\u7ed3\u679c-3.webp 960w\" sizes=\"auto, (max-width: 840px) 100vw, 840px\" \/> <img loading=\"lazy\" decoding=\"async\" class=\"aligncenter size-large wp-image-1882\" src=\"https:\/\/slsele.com\/wp-content\/uploads\/2024\/06\/\u8be6\u60c5\u56fe3_\u7ed3\u679c-3-622x1024.webp\" alt=\"\" width=\"622\" height=\"1024\" srcset=\"https:\/\/www.slsele.com\/wp-content\/uploads\/2024\/06\/\u8be6\u60c5\u56fe3_\u7ed3\u679c-3-622x1024.webp 622w, https:\/\/www.slsele.com\/wp-content\/uploads\/2024\/06\/\u8be6\u60c5\u56fe3_\u7ed3\u679c-3-182x300.webp 182w, https:\/\/www.slsele.com\/wp-content\/uploads\/2024\/06\/\u8be6\u60c5\u56fe3_\u7ed3\u679c-3-768x1264.webp 768w, https:\/\/www.slsele.com\/wp-content\/uploads\/2024\/06\/\u8be6\u60c5\u56fe3_\u7ed3\u679c-3-933x1536.webp 933w, https:\/\/www.slsele.com\/wp-content\/uploads\/2024\/06\/\u8be6\u60c5\u56fe3_\u7ed3\u679c-3-7x12.webp 7w, https:\/\/www.slsele.com\/wp-content\/uploads\/2024\/06\/\u8be6\u60c5\u56fe3_\u7ed3\u679c-3-700x1152.webp 700w, https:\/\/www.slsele.com\/wp-content\/uploads\/2024\/06\/\u8be6\u60c5\u56fe3_\u7ed3\u679c-3-600x988.webp 600w, https:\/\/www.slsele.com\/wp-content\/uploads\/2024\/06\/\u8be6\u60c5\u56fe3_\u7ed3\u679c-3.webp 960w\" sizes=\"auto, (max-width: 622px) 100vw, 622px\" \/> <img loading=\"lazy\" decoding=\"async\" class=\"aligncenter size-full wp-image-1883\" src=\"https:\/\/slsele.com\/wp-content\/uploads\/2024\/06\/\u8be6\u60c5\u56fe4_\u7ed3\u679c-3.webp\" alt=\"\" width=\"960\" height=\"960\" srcset=\"https:\/\/www.slsele.com\/wp-content\/uploads\/2024\/06\/\u8be6\u60c5\u56fe4_\u7ed3\u679c-3.webp 960w, https:\/\/www.slsele.com\/wp-content\/uploads\/2024\/06\/\u8be6\u60c5\u56fe4_\u7ed3\u679c-3-300x300.webp 300w, https:\/\/www.slsele.com\/wp-content\/uploads\/2024\/06\/\u8be6\u60c5\u56fe4_\u7ed3\u679c-3-150x150.webp 150w, https:\/\/www.slsele.com\/wp-content\/uploads\/2024\/06\/\u8be6\u60c5\u56fe4_\u7ed3\u679c-3-768x768.webp 768w, https:\/\/www.slsele.com\/wp-content\/uploads\/2024\/06\/\u8be6\u60c5\u56fe4_\u7ed3\u679c-3-12x12.webp 12w, https:\/\/www.slsele.com\/wp-content\/uploads\/2024\/06\/\u8be6\u60c5\u56fe4_\u7ed3\u679c-3-570x570.webp 570w, https:\/\/www.slsele.com\/wp-content\/uploads\/2024\/06\/\u8be6\u60c5\u56fe4_\u7ed3\u679c-3-500x500.webp 500w, https:\/\/www.slsele.com\/wp-content\/uploads\/2024\/06\/\u8be6\u60c5\u56fe4_\u7ed3\u679c-3-700x700.webp 700w, https:\/\/www.slsele.com\/wp-content\/uploads\/2024\/06\/\u8be6\u60c5\u56fe4_\u7ed3\u679c-3-600x600.webp 600w, https:\/\/www.slsele.com\/wp-content\/uploads\/2024\/06\/\u8be6\u60c5\u56fe4_\u7ed3\u679c-3-100x100.webp 100w, https:\/\/www.slsele.com\/wp-content\/uploads\/2024\/06\/\u8be6\u60c5\u56fe4_\u7ed3\u679c-3-50x50.webp 50w\" sizes=\"auto, (max-width: 960px) 100vw, 960px\" \/> <img loading=\"lazy\" decoding=\"async\" class=\"aligncenter size-full wp-image-1884\" src=\"https:\/\/slsele.com\/wp-content\/uploads\/2024\/06\/\u8be6\u60c5\u56fe5_\u7ed3\u679c-3.webp\" alt=\"\" width=\"800\" height=\"800\" srcset=\"https:\/\/www.slsele.com\/wp-content\/uploads\/2024\/06\/\u8be6\u60c5\u56fe5_\u7ed3\u679c-3.webp 800w, https:\/\/www.slsele.com\/wp-content\/uploads\/2024\/06\/\u8be6\u60c5\u56fe5_\u7ed3\u679c-3-300x300.webp 300w, https:\/\/www.slsele.com\/wp-content\/uploads\/2024\/06\/\u8be6\u60c5\u56fe5_\u7ed3\u679c-3-150x150.webp 150w, https:\/\/www.slsele.com\/wp-content\/uploads\/2024\/06\/\u8be6\u60c5\u56fe5_\u7ed3\u679c-3-768x768.webp 768w, https:\/\/www.slsele.com\/wp-content\/uploads\/2024\/06\/\u8be6\u60c5\u56fe5_\u7ed3\u679c-3-12x12.webp 12w, https:\/\/www.slsele.com\/wp-content\/uploads\/2024\/06\/\u8be6\u60c5\u56fe5_\u7ed3\u679c-3-570x570.webp 570w, https:\/\/www.slsele.com\/wp-content\/uploads\/2024\/06\/\u8be6\u60c5\u56fe5_\u7ed3\u679c-3-500x500.webp 500w, https:\/\/www.slsele.com\/wp-content\/uploads\/2024\/06\/\u8be6\u60c5\u56fe5_\u7ed3\u679c-3-700x700.webp 700w, https:\/\/www.slsele.com\/wp-content\/uploads\/2024\/06\/\u8be6\u60c5\u56fe5_\u7ed3\u679c-3-600x600.webp 600w, https:\/\/www.slsele.com\/wp-content\/uploads\/2024\/06\/\u8be6\u60c5\u56fe5_\u7ed3\u679c-3-100x100.webp 100w, https:\/\/www.slsele.com\/wp-content\/uploads\/2024\/06\/\u8be6\u60c5\u56fe5_\u7ed3\u679c-3-50x50.webp 50w\" sizes=\"auto, (max-width: 800px) 100vw, 800px\" \/><\/p>\n<\/div>\n<div>\n<h3 style=\"text-align: left;\">Caracter\u00edsticas<\/h3>\n<ol>\n<li style=\"text-align: left;\"><strong>Instalaci\u00f3n perfecta y configuraci\u00f3n sin complicaciones<\/strong>:Experimente la simplicidad de nuestro enchufe inteligente. No necesita un concentrador y no hay tarifas de suscripci\u00f3n de las que preocuparse. Simplemente conecte sus dispositivos al enchufe inteligente y con\u00e9ctelos a la aplicaci\u00f3n Smart Life o Tuya a trav\u00e9s de una red WiFi segura de 2,4 GHz. \u00a1As\u00ed de sencillo!<\/li>\n<li style=\"text-align: left;\"><strong>Acceso remoto ilimitado<\/strong>: Obtenga la capacidad de controlar su enchufe inteligente desde cualquier lugar y en cualquier momento. Ya sea que est\u00e9 c\u00f3modo en casa, ocupado en la oficina o disfrutando de una escapada, use su tel\u00e9fono inteligente para encender o apagar sus dispositivos conectados sin esfuerzo. Comodidad a tu alcance, literalmente.<\/li>\n<li style=\"text-align: left;\"><strong>Revolucione sus comandos de voz<\/strong>: Integre perfectamente con asistentes de voz populares como Alexa, Echo, Google Home y Yandex Alice. No importa en qu\u00e9 parte de la habitaci\u00f3n se encuentre, ya sea que est\u00e9 ocupado cocinando, recostado c\u00f3modamente en la cama o con las manos ocupadas, puede ordenar a sus dispositivos que se enciendan o apaguen solo con su voz.<\/li>\n<li style=\"text-align: left;\"><strong>Automatiza tu vida con temporizadores y cuentas atr\u00e1s<\/strong>: Aproveche el poder de la programaci\u00f3n para automatizar su rutina. Configure su enchufe inteligente de 220 V para que se active o desactive en momentos espec\u00edficos, asegur\u00e1ndose de que la cena est\u00e9 lista a su regreso o que las luces est\u00e9n atenuadas mientras se queda dormido. Esto no s\u00f3lo mejora su estilo de vida sino que tambi\u00e9n le ahorra dinero en su factura de electricidad y prolonga la vida \u00fatil de sus dispositivos.<\/li>\n<li style=\"text-align: left;\"><strong>Controle su uso de energ\u00eda<\/strong>: La funci\u00f3n de monitoreo de energ\u00eda de nuestro enchufe inteligente le brinda informaci\u00f3n sobre el consumo de energ\u00eda de su hogar. Puede realizar un seguimiento de la cantidad de electricidad que utiliza cada electrodom\u00e9stico, lo que le permitir\u00e1 tomar decisiones informadas y reducir potencialmente el desperdicio.<\/li>\n<\/ol>\n<h3 style=\"text-align: left;\">Especificaciones<\/h3>\n<p style=\"text-align: left;\">Nombre del producto: Enchufe inteligente EU Mini<\/p>\n<p style=\"text-align: left;\">Voltaje nominal: 100-240 V<\/p>\n<p style=\"text-align: left;\">Corriente nominal: 16A m\u00e1x.<\/p>\n<p style=\"text-align: left;\">Voltaje de entrada: 110-220V<\/p>\n<p style=\"text-align: left;\">Frecuencia CA: 50-60 Hz<\/p>\n<p style=\"text-align: left;\">Potencia m\u00e1xima: 3400W para 240V<\/p>\n<p style=\"text-align: left;\">Temperatura de funcionamiento: -10 \u2103 -65 \u2103<\/p>\n<p style=\"text-align: left;\">Aplicaci\u00f3n: Residencial\/de uso general<\/p>\n<p style=\"text-align: left;\">Color blanco<\/p>\n<p style=\"text-align: left;\">Certificado: FCC\/CE\/RoHS<\/p>\n<p style=\"text-align: left;\">Material: PC+ABS material ign\u00edfugo<\/p>\n<p style=\"text-align: left;\">Modo de control: control de tel\u00e9fono m\u00f3vil, control de voz<\/p>\n<p style=\"text-align: left;\">Sistema de soporte: Android\/ios<\/p>\n<h3 style=\"text-align: left;\">Aviso<\/h3>\n<ol>\n<li style=\"text-align: left;\">Verifique si el art\u00edculo sufri\u00f3 da\u00f1os durante el transporte. Si es as\u00ed, comun\u00edquese con el proveedor para obtener un reemplazo.<\/li>\n<li style=\"text-align: left;\">Siga las instrucciones y el aviso de especificaciones para mantener el enchufe inteligente de 220 voltios en buenas y seguras condiciones de uso.<\/li>\n<li style=\"text-align: left;\">Coloque el enchufe en buenas condiciones y fuera del alcance de los ni\u00f1os.<\/li>\n<li style=\"text-align: left;\">Con\u00e9ctelo completamente al enchufe mientras lo usa.<\/li>\n<li style=\"text-align: left;\">La potencia total de los aparatos conectados el\u00e9ctricamente no puede ser mayor que la potencia m\u00e1xima del enchufe.<\/li>\n<li style=\"text-align: left;\">No desmonte ni instale el enchufe. De lo contrario, podr\u00edan existir riesgos de seguridad.<\/li>\n<\/ol>\n<\/div>\n<div style=\"text-align: left;\"><\/div>","protected":false},"excerpt":{"rendered":"<p>El indicador LED RGB opcional del enchufe inteligente agrega un toque de color a su escena nocturna, mientras que su monitor de energ\u00eda integrado ayuda activamente a reducir los costos de electricidad, interviniendo r\u00e1pidamente para reemplazar los m\u00e9todos de control manual obsoletos.<\/p>","protected":false},"featured_media":1874,"comment_status":"open","ping_status":"closed","template":"","meta":[],"product_brand":[],"product_cat":[44],"product_tag":[],"class_list":{"0":"post-1873","1":"product","2":"type-product","3":"status-publish","4":"has-post-thumbnail","6":"product_cat-smart-socket","8":"first","9":"instock","10":"shipping-taxable","11":"purchasable","12":"product-type-simple"},"_links":{"self":[{"href":"https:\/\/www.slsele.com\/es\/wp-json\/wp\/v2\/product\/1873","targetHints":{"allow":["GET"]}}],"collection":[{"href":"https:\/\/www.slsele.com\/es\/wp-json\/wp\/v2\/product"}],"about":[{"href":"https:\/\/www.slsele.com\/es\/wp-json\/wp\/v2\/types\/product"}],"replies":[{"embeddable":true,"href":"https:\/\/www.slsele.com\/es\/wp-json\/wp\/v2\/comments?post=1873"}],"wp:featuredmedia":[{"embeddable":true,"href":"https:\/\/www.slsele.com\/es\/wp-json\/wp\/v2\/media\/1874"}],"wp:attachment":[{"href":"https:\/\/www.slsele.com\/es\/wp-json\/wp\/v2\/media?parent=1873"}],"wp:term":[{"taxonomy":"product_brand","embeddable":true,"href":"https:\/\/www.slsele.com\/es\/wp-json\/wp\/v2\/product_brand?post=1873"},{"taxonomy":"product_cat","embeddable":true,"href":"https:\/\/www.slsele.com\/es\/wp-json\/wp\/v2\/product_cat?post=1873"},{"taxonomy":"product_tag","embeddable":true,"href":"https:\/\/www.slsele.com\/es\/wp-json\/wp\/v2\/product_tag?post=1873"}],"curies":[{"name":"wp","href":"https:\/\/api.w.org\/{rel}","templated":true}]}}