{"id":1868,"date":"2024-06-03T16:40:10","date_gmt":"2024-06-03T08:40:10","guid":{"rendered":"https:\/\/slsele.com\/?post_type=product&#038;p=1868"},"modified":"2024-06-03T16:57:28","modified_gmt":"2024-06-03T08:57:28","slug":"sls-italy-smart-socket-with-energy-meter","status":"publish","type":"product","link":"https:\/\/www.slsele.com\/es\/producto\/sls-italy-smart-socket-with-energy-meter\/","title":{"rendered":"Enchufe inteligente SLS Italia con medidor de energ\u00eda"},"content":{"rendered":"<h3 style=\"text-align: center;\"><b><span data-spm-anchor-id=\"a2700.pc-decorate.0.i2.671a3333DmCl68\"><b class=\"magic-6\">Control de voz elegante 16A del z\u00f3calo de SLS Italia Tuya WiFi con el metro de la energ\u00eda<\/b><\/span><\/b><\/h3>\n<p><img loading=\"lazy\" decoding=\"async\" class=\"aligncenter size-full wp-image-1862\" src=\"https:\/\/slsele.com\/wp-content\/uploads\/2024\/06\/\u8be6\u60c5\u56fe1_\u7ed3\u679c-2.webp\" alt=\"\" width=\"599\" height=\"599\" srcset=\"https:\/\/www.slsele.com\/wp-content\/uploads\/2024\/06\/\u8be6\u60c5\u56fe1_\u7ed3\u679c-2.webp 599w, https:\/\/www.slsele.com\/wp-content\/uploads\/2024\/06\/\u8be6\u60c5\u56fe1_\u7ed3\u679c-2-300x300.webp 300w, https:\/\/www.slsele.com\/wp-content\/uploads\/2024\/06\/\u8be6\u60c5\u56fe1_\u7ed3\u679c-2-150x150.webp 150w, https:\/\/www.slsele.com\/wp-content\/uploads\/2024\/06\/\u8be6\u60c5\u56fe1_\u7ed3\u679c-2-12x12.webp 12w, https:\/\/www.slsele.com\/wp-content\/uploads\/2024\/06\/\u8be6\u60c5\u56fe1_\u7ed3\u679c-2-570x570.webp 570w, https:\/\/www.slsele.com\/wp-content\/uploads\/2024\/06\/\u8be6\u60c5\u56fe1_\u7ed3\u679c-2-500x500.webp 500w, https:\/\/www.slsele.com\/wp-content\/uploads\/2024\/06\/\u8be6\u60c5\u56fe1_\u7ed3\u679c-2-100x100.webp 100w, https:\/\/www.slsele.com\/wp-content\/uploads\/2024\/06\/\u8be6\u60c5\u56fe1_\u7ed3\u679c-2-50x50.webp 50w\" sizes=\"auto, (max-width: 599px) 100vw, 599px\" \/> <img loading=\"lazy\" decoding=\"async\" class=\"aligncenter size-full wp-image-1863\" src=\"https:\/\/slsele.com\/wp-content\/uploads\/2024\/06\/\u8be6\u60c5\u56fe2_\u7ed3\u679c-2.webp\" alt=\"\" width=\"594\" height=\"592\" srcset=\"https:\/\/www.slsele.com\/wp-content\/uploads\/2024\/06\/\u8be6\u60c5\u56fe2_\u7ed3\u679c-2.webp 594w, https:\/\/www.slsele.com\/wp-content\/uploads\/2024\/06\/\u8be6\u60c5\u56fe2_\u7ed3\u679c-2-300x300.webp 300w, https:\/\/www.slsele.com\/wp-content\/uploads\/2024\/06\/\u8be6\u60c5\u56fe2_\u7ed3\u679c-2-150x150.webp 150w, https:\/\/www.slsele.com\/wp-content\/uploads\/2024\/06\/\u8be6\u60c5\u56fe2_\u7ed3\u679c-2-12x12.webp 12w, https:\/\/www.slsele.com\/wp-content\/uploads\/2024\/06\/\u8be6\u60c5\u56fe2_\u7ed3\u679c-2-100x100.webp 100w, https:\/\/www.slsele.com\/wp-content\/uploads\/2024\/06\/\u8be6\u60c5\u56fe2_\u7ed3\u679c-2-50x50.webp 50w\" sizes=\"auto, (max-width: 594px) 100vw, 594px\" \/> <img loading=\"lazy\" decoding=\"async\" class=\"aligncenter size-full wp-image-1864\" src=\"https:\/\/slsele.com\/wp-content\/uploads\/2024\/06\/\u8be6\u60c5\u56fe3_\u7ed3\u679c-2.webp\" alt=\"\" width=\"907\" height=\"764\" srcset=\"https:\/\/www.slsele.com\/wp-content\/uploads\/2024\/06\/\u8be6\u60c5\u56fe3_\u7ed3\u679c-2.webp 907w, https:\/\/www.slsele.com\/wp-content\/uploads\/2024\/06\/\u8be6\u60c5\u56fe3_\u7ed3\u679c-2-300x253.webp 300w, https:\/\/www.slsele.com\/wp-content\/uploads\/2024\/06\/\u8be6\u60c5\u56fe3_\u7ed3\u679c-2-768x647.webp 768w, https:\/\/www.slsele.com\/wp-content\/uploads\/2024\/06\/\u8be6\u60c5\u56fe3_\u7ed3\u679c-2-14x12.webp 14w, https:\/\/www.slsele.com\/wp-content\/uploads\/2024\/06\/\u8be6\u60c5\u56fe3_\u7ed3\u679c-2-700x590.webp 700w, https:\/\/www.slsele.com\/wp-content\/uploads\/2024\/06\/\u8be6\u60c5\u56fe3_\u7ed3\u679c-2-600x505.webp 600w\" sizes=\"auto, (max-width: 907px) 100vw, 907px\" \/> <img loading=\"lazy\" decoding=\"async\" class=\"aligncenter size-full wp-image-1865\" src=\"https:\/\/slsele.com\/wp-content\/uploads\/2024\/06\/\u8be6\u60c5\u56fe4_\u7ed3\u679c-2.webp\" alt=\"\" width=\"905\" height=\"762\" srcset=\"https:\/\/www.slsele.com\/wp-content\/uploads\/2024\/06\/\u8be6\u60c5\u56fe4_\u7ed3\u679c-2.webp 905w, https:\/\/www.slsele.com\/wp-content\/uploads\/2024\/06\/\u8be6\u60c5\u56fe4_\u7ed3\u679c-2-300x253.webp 300w, https:\/\/www.slsele.com\/wp-content\/uploads\/2024\/06\/\u8be6\u60c5\u56fe4_\u7ed3\u679c-2-768x647.webp 768w, https:\/\/www.slsele.com\/wp-content\/uploads\/2024\/06\/\u8be6\u60c5\u56fe4_\u7ed3\u679c-2-14x12.webp 14w, https:\/\/www.slsele.com\/wp-content\/uploads\/2024\/06\/\u8be6\u60c5\u56fe4_\u7ed3\u679c-2-700x589.webp 700w, https:\/\/www.slsele.com\/wp-content\/uploads\/2024\/06\/\u8be6\u60c5\u56fe4_\u7ed3\u679c-2-600x505.webp 600w\" sizes=\"auto, (max-width: 905px) 100vw, 905px\" \/> <img loading=\"lazy\" decoding=\"async\" class=\"aligncenter size-full wp-image-1866\" src=\"https:\/\/slsele.com\/wp-content\/uploads\/2024\/06\/\u8be6\u60c5\u56fe5_\u7ed3\u679c-2.webp\" alt=\"\" width=\"559\" height=\"565\" srcset=\"https:\/\/www.slsele.com\/wp-content\/uploads\/2024\/06\/\u8be6\u60c5\u56fe5_\u7ed3\u679c-2.webp 559w, https:\/\/www.slsele.com\/wp-content\/uploads\/2024\/06\/\u8be6\u60c5\u56fe5_\u7ed3\u679c-2-297x300.webp 297w, https:\/\/www.slsele.com\/wp-content\/uploads\/2024\/06\/\u8be6\u60c5\u56fe5_\u7ed3\u679c-2-12x12.webp 12w, https:\/\/www.slsele.com\/wp-content\/uploads\/2024\/06\/\u8be6\u60c5\u56fe5_\u7ed3\u679c-2-100x100.webp 100w, https:\/\/www.slsele.com\/wp-content\/uploads\/2024\/06\/\u8be6\u60c5\u56fe5_\u7ed3\u679c-2-50x50.webp 50w\" sizes=\"auto, (max-width: 559px) 100vw, 559px\" \/> <img loading=\"lazy\" decoding=\"async\" class=\"aligncenter size-full wp-image-1867\" src=\"https:\/\/slsele.com\/wp-content\/uploads\/2024\/06\/\u8be6\u60c5\u56fe6_\u7ed3\u679c-2.webp\" alt=\"\" width=\"597\" height=\"596\" srcset=\"https:\/\/www.slsele.com\/wp-content\/uploads\/2024\/06\/\u8be6\u60c5\u56fe6_\u7ed3\u679c-2.webp 597w, https:\/\/www.slsele.com\/wp-content\/uploads\/2024\/06\/\u8be6\u60c5\u56fe6_\u7ed3\u679c-2-300x300.webp 300w, https:\/\/www.slsele.com\/wp-content\/uploads\/2024\/06\/\u8be6\u60c5\u56fe6_\u7ed3\u679c-2-150x150.webp 150w, https:\/\/www.slsele.com\/wp-content\/uploads\/2024\/06\/\u8be6\u60c5\u56fe6_\u7ed3\u679c-2-12x12.webp 12w, https:\/\/www.slsele.com\/wp-content\/uploads\/2024\/06\/\u8be6\u60c5\u56fe6_\u7ed3\u679c-2-570x570.webp 570w, https:\/\/www.slsele.com\/wp-content\/uploads\/2024\/06\/\u8be6\u60c5\u56fe6_\u7ed3\u679c-2-500x500.webp 500w, https:\/\/www.slsele.com\/wp-content\/uploads\/2024\/06\/\u8be6\u60c5\u56fe6_\u7ed3\u679c-2-100x100.webp 100w, https:\/\/www.slsele.com\/wp-content\/uploads\/2024\/06\/\u8be6\u60c5\u56fe6_\u7ed3\u679c-2-50x50.webp 50w\" sizes=\"auto, (max-width: 597px) 100vw, 597px\" \/><\/p>\n<div style=\"text-align: left;\"><strong>Breve introducci\u00f3n<\/strong><\/div>\n<div style=\"text-align: left;\">1. <strong>Control de voz<\/strong>: una vez que tenga este enchufe, puede conectarlo con Amazon Alexa (Amazon Echo\/dot\/tap) o el Asistente de Google para control por voz.<br \/>\n2. <strong>Control remoto Wi-Fi<\/strong>: Puede utilizar la aplicaci\u00f3n \u201cTuya\/Smart Life\u201d en su tel\u00e9fono inteligente para controlar el enchufe inteligente de forma inal\u00e1mbrica con una red Wi-Fi o 4G. No se requiere ning\u00fan concentrador.<br \/>\n3. <strong>Funci\u00f3n de temporizaci\u00f3n<\/strong>: Tome el control total de los electrodom\u00e9sticos de su hogar u oficina gracias a un temporizador que le permitir\u00e1 planificar la hora exacta para encender\/apagar luces y electrodom\u00e9sticos autom\u00e1ticamente.<br \/>\n4. <strong>Compartir dispositivo<\/strong>: Este enchufe inteligente puede compartir varios sitios de control con diferentes miembros de la familia. Un tel\u00e9fono m\u00f3vil tambi\u00e9n puede controlar muchos enchufes.<br \/>\n5. <strong>Monitor de energ\u00eda<\/strong> permite monitorear en tiempo real el estado de la electricidad de sus electrodom\u00e9sticos conectados y ayuda r\u00e1pidamente a mantener bajos los costos de electricidad.<\/div>\n<div><\/div>\n<div>\n<p style=\"text-align: left;\"><strong>Especificaciones:<\/strong><\/p>\n<p style=\"text-align: left;\">Voltaje de entrada: AC100~240V<\/p>\n<p style=\"text-align: left;\">Frecuencia de entrada: 50\/60 HZ<\/p>\n<p style=\"text-align: left;\">Voltaje de salida: AC100~240V<\/p>\n<p style=\"text-align: left;\">Potencia de salida: 1600W ~ 3840W<\/p>\n<p style=\"text-align: left;\">Tensi\u00f3n nominal: 230 V.<\/p>\n<p style=\"text-align: left;\">Potencia nominal: 3680W<\/p>\n<p style=\"text-align: left;\">Corriente de carga m\u00e1xima: 16A<\/p>\n<p style=\"text-align: left;\">Protocolo: WiFi+BLE<\/p>\n<\/div>\n<div style=\"text-align: left;\"><\/div>","protected":false},"excerpt":{"rendered":"<p>1. Control por voz: puedes conectarlo con Amazon Alexa o Google Assistant para control por voz.<br \/>\n2. Control remoto Wi-Fi: puede utilizar la aplicaci\u00f3n de su tel\u00e9fono inteligente para controlar el enchufe inteligente de forma inal\u00e1mbrica.<br \/>\n3. Funci\u00f3n de temporizaci\u00f3n: tome el control total de los electrodom\u00e9sticos de su hogar u oficina gracias a un temporizador programado.<br \/>\n4. El monitor de energ\u00eda permite monitorear en tiempo real el estado de la electricidad de sus electrodom\u00e9sticos conectados.<\/p>","protected":false},"featured_media":1857,"comment_status":"open","ping_status":"closed","template":"","meta":[],"product_brand":[],"product_cat":[44],"product_tag":[],"class_list":{"0":"post-1868","1":"product","2":"type-product","3":"status-publish","4":"has-post-thumbnail","6":"product_cat-smart-socket","8":"first","9":"instock","10":"shipping-taxable","11":"purchasable","12":"product-type-simple"},"_links":{"self":[{"href":"https:\/\/www.slsele.com\/es\/wp-json\/wp\/v2\/product\/1868","targetHints":{"allow":["GET"]}}],"collection":[{"href":"https:\/\/www.slsele.com\/es\/wp-json\/wp\/v2\/product"}],"about":[{"href":"https:\/\/www.slsele.com\/es\/wp-json\/wp\/v2\/types\/product"}],"replies":[{"embeddable":true,"href":"https:\/\/www.slsele.com\/es\/wp-json\/wp\/v2\/comments?post=1868"}],"wp:featuredmedia":[{"embeddable":true,"href":"https:\/\/www.slsele.com\/es\/wp-json\/wp\/v2\/media\/1857"}],"wp:attachment":[{"href":"https:\/\/www.slsele.com\/es\/wp-json\/wp\/v2\/media?parent=1868"}],"wp:term":[{"taxonomy":"product_brand","embeddable":true,"href":"https:\/\/www.slsele.com\/es\/wp-json\/wp\/v2\/product_brand?post=1868"},{"taxonomy":"product_cat","embeddable":true,"href":"https:\/\/www.slsele.com\/es\/wp-json\/wp\/v2\/product_cat?post=1868"},{"taxonomy":"product_tag","embeddable":true,"href":"https:\/\/www.slsele.com\/es\/wp-json\/wp\/v2\/product_tag?post=1868"}],"curies":[{"name":"wp","href":"https:\/\/api.w.org\/{rel}","templated":true}]}}