{"id":1853,"date":"2024-06-03T16:14:49","date_gmt":"2024-06-03T08:14:49","guid":{"rendered":"https:\/\/slsele.com\/?post_type=product&#038;p=1853"},"modified":"2024-06-03T16:35:48","modified_gmt":"2024-06-03T08:35:48","slug":"sls-uk-wifi-double-power-socket-with-usb","status":"publish","type":"product","link":"https:\/\/www.slsele.com\/es\/producto\/sls-uk-wifi-double-power-socket-with-usb\/","title":{"rendered":"SLS UK WiFi Doble Toma de Corriente con USB"},"content":{"rendered":"<h3 style=\"text-align: center;\"><b><span data-spm-anchor-id=\"a2700.pc-decorate.0.i2.671a3333DmCl68\"><b class=\"magic-6\">Enchufe de pared inteligente WiFi SLS UK Tuya con doble puerto USB\u00a0<\/b><\/span><\/b><\/h3>\n<p><img loading=\"lazy\" decoding=\"async\" class=\"aligncenter size-large wp-image-1847\" src=\"https:\/\/slsele.com\/wp-content\/uploads\/2024\/06\/\u8be6\u60c5\u56fe1_\u7ed3\u679c-1-1012x1024.webp\" alt=\"\" width=\"1012\" height=\"1024\" srcset=\"https:\/\/www.slsele.com\/wp-content\/uploads\/2024\/06\/\u8be6\u60c5\u56fe1_\u7ed3\u679c-1-1012x1024.webp 1012w, https:\/\/www.slsele.com\/wp-content\/uploads\/2024\/06\/\u8be6\u60c5\u56fe1_\u7ed3\u679c-1-296x300.webp 296w, https:\/\/www.slsele.com\/wp-content\/uploads\/2024\/06\/\u8be6\u60c5\u56fe1_\u7ed3\u679c-1-768x777.webp 768w, https:\/\/www.slsele.com\/wp-content\/uploads\/2024\/06\/\u8be6\u60c5\u56fe1_\u7ed3\u679c-1-12x12.webp 12w, https:\/\/www.slsele.com\/wp-content\/uploads\/2024\/06\/\u8be6\u60c5\u56fe1_\u7ed3\u679c-1-700x709.webp 700w, https:\/\/www.slsele.com\/wp-content\/uploads\/2024\/06\/\u8be6\u60c5\u56fe1_\u7ed3\u679c-1-600x607.webp 600w, https:\/\/www.slsele.com\/wp-content\/uploads\/2024\/06\/\u8be6\u60c5\u56fe1_\u7ed3\u679c-1-100x100.webp 100w, https:\/\/www.slsele.com\/wp-content\/uploads\/2024\/06\/\u8be6\u60c5\u56fe1_\u7ed3\u679c-1-50x50.webp 50w, https:\/\/www.slsele.com\/wp-content\/uploads\/2024\/06\/\u8be6\u60c5\u56fe1_\u7ed3\u679c-1.webp 1135w\" sizes=\"auto, (max-width: 1012px) 100vw, 1012px\" \/> <img loading=\"lazy\" decoding=\"async\" class=\"aligncenter size-large wp-image-1848\" src=\"https:\/\/slsele.com\/wp-content\/uploads\/2024\/06\/\u8be6\u60c5\u56fe2_\u7ed3\u679c-1-1024x1019.webp\" alt=\"\" width=\"1024\" height=\"1019\" srcset=\"https:\/\/www.slsele.com\/wp-content\/uploads\/2024\/06\/\u8be6\u60c5\u56fe2_\u7ed3\u679c-1-1024x1019.webp 1024w, https:\/\/www.slsele.com\/wp-content\/uploads\/2024\/06\/\u8be6\u60c5\u56fe2_\u7ed3\u679c-1-300x300.webp 300w, https:\/\/www.slsele.com\/wp-content\/uploads\/2024\/06\/\u8be6\u60c5\u56fe2_\u7ed3\u679c-1-150x150.webp 150w, https:\/\/www.slsele.com\/wp-content\/uploads\/2024\/06\/\u8be6\u60c5\u56fe2_\u7ed3\u679c-1-768x765.webp 768w, https:\/\/www.slsele.com\/wp-content\/uploads\/2024\/06\/\u8be6\u60c5\u56fe2_\u7ed3\u679c-1-12x12.webp 12w, https:\/\/www.slsele.com\/wp-content\/uploads\/2024\/06\/\u8be6\u60c5\u56fe2_\u7ed3\u679c-1-700x697.webp 700w, https:\/\/www.slsele.com\/wp-content\/uploads\/2024\/06\/\u8be6\u60c5\u56fe2_\u7ed3\u679c-1-600x597.webp 600w, https:\/\/www.slsele.com\/wp-content\/uploads\/2024\/06\/\u8be6\u60c5\u56fe2_\u7ed3\u679c-1-100x100.webp 100w, https:\/\/www.slsele.com\/wp-content\/uploads\/2024\/06\/\u8be6\u60c5\u56fe2_\u7ed3\u679c-1-50x50.webp 50w, https:\/\/www.slsele.com\/wp-content\/uploads\/2024\/06\/\u8be6\u60c5\u56fe2_\u7ed3\u679c-1.webp 1137w\" sizes=\"auto, (max-width: 1024px) 100vw, 1024px\" \/> <img loading=\"lazy\" decoding=\"async\" class=\"aligncenter size-large wp-image-1849\" src=\"https:\/\/slsele.com\/wp-content\/uploads\/2024\/06\/\u8be6\u60c5\u56fe3_\u7ed3\u679c-1-789x1024.webp\" alt=\"\" width=\"789\" height=\"1024\" srcset=\"https:\/\/www.slsele.com\/wp-content\/uploads\/2024\/06\/\u8be6\u60c5\u56fe3_\u7ed3\u679c-1-789x1024.webp 789w, https:\/\/www.slsele.com\/wp-content\/uploads\/2024\/06\/\u8be6\u60c5\u56fe3_\u7ed3\u679c-1-231x300.webp 231w, https:\/\/www.slsele.com\/wp-content\/uploads\/2024\/06\/\u8be6\u60c5\u56fe3_\u7ed3\u679c-1-768x997.webp 768w, https:\/\/www.slsele.com\/wp-content\/uploads\/2024\/06\/\u8be6\u60c5\u56fe3_\u7ed3\u679c-1-9x12.webp 9w, https:\/\/www.slsele.com\/wp-content\/uploads\/2024\/06\/\u8be6\u60c5\u56fe3_\u7ed3\u679c-1-700x908.webp 700w, https:\/\/www.slsele.com\/wp-content\/uploads\/2024\/06\/\u8be6\u60c5\u56fe3_\u7ed3\u679c-1-600x779.webp 600w, https:\/\/www.slsele.com\/wp-content\/uploads\/2024\/06\/\u8be6\u60c5\u56fe3_\u7ed3\u679c-1.webp 904w\" sizes=\"auto, (max-width: 789px) 100vw, 789px\" \/> <img loading=\"lazy\" decoding=\"async\" class=\"aligncenter size-full wp-image-1850\" src=\"https:\/\/slsele.com\/wp-content\/uploads\/2024\/06\/\u8be6\u60c5\u56fe4_\u7ed3\u679c-1.webp\" alt=\"\" width=\"909\" height=\"927\" srcset=\"https:\/\/www.slsele.com\/wp-content\/uploads\/2024\/06\/\u8be6\u60c5\u56fe4_\u7ed3\u679c-1.webp 909w, https:\/\/www.slsele.com\/wp-content\/uploads\/2024\/06\/\u8be6\u60c5\u56fe4_\u7ed3\u679c-1-294x300.webp 294w, https:\/\/www.slsele.com\/wp-content\/uploads\/2024\/06\/\u8be6\u60c5\u56fe4_\u7ed3\u679c-1-768x783.webp 768w, https:\/\/www.slsele.com\/wp-content\/uploads\/2024\/06\/\u8be6\u60c5\u56fe4_\u7ed3\u679c-1-12x12.webp 12w, https:\/\/www.slsele.com\/wp-content\/uploads\/2024\/06\/\u8be6\u60c5\u56fe4_\u7ed3\u679c-1-700x714.webp 700w, https:\/\/www.slsele.com\/wp-content\/uploads\/2024\/06\/\u8be6\u60c5\u56fe4_\u7ed3\u679c-1-600x612.webp 600w, https:\/\/www.slsele.com\/wp-content\/uploads\/2024\/06\/\u8be6\u60c5\u56fe4_\u7ed3\u679c-1-50x50.webp 50w\" sizes=\"auto, (max-width: 909px) 100vw, 909px\" \/> <img loading=\"lazy\" decoding=\"async\" class=\"aligncenter size-full wp-image-1851\" src=\"https:\/\/slsele.com\/wp-content\/uploads\/2024\/06\/\u8be6\u60c5\u56fe5_\u7ed3\u679c-1.webp\" alt=\"\" width=\"909\" height=\"924\" srcset=\"https:\/\/www.slsele.com\/wp-content\/uploads\/2024\/06\/\u8be6\u60c5\u56fe5_\u7ed3\u679c-1.webp 909w, https:\/\/www.slsele.com\/wp-content\/uploads\/2024\/06\/\u8be6\u60c5\u56fe5_\u7ed3\u679c-1-295x300.webp 295w, https:\/\/www.slsele.com\/wp-content\/uploads\/2024\/06\/\u8be6\u60c5\u56fe5_\u7ed3\u679c-1-768x781.webp 768w, https:\/\/www.slsele.com\/wp-content\/uploads\/2024\/06\/\u8be6\u60c5\u56fe5_\u7ed3\u679c-1-12x12.webp 12w, https:\/\/www.slsele.com\/wp-content\/uploads\/2024\/06\/\u8be6\u60c5\u56fe5_\u7ed3\u679c-1-700x712.webp 700w, https:\/\/www.slsele.com\/wp-content\/uploads\/2024\/06\/\u8be6\u60c5\u56fe5_\u7ed3\u679c-1-600x610.webp 600w, https:\/\/www.slsele.com\/wp-content\/uploads\/2024\/06\/\u8be6\u60c5\u56fe5_\u7ed3\u679c-1-50x50.webp 50w\" sizes=\"auto, (max-width: 909px) 100vw, 909px\" \/> <img loading=\"lazy\" decoding=\"async\" class=\"aligncenter size-full wp-image-1852\" src=\"https:\/\/slsele.com\/wp-content\/uploads\/2024\/06\/\u8be6\u60c5\u56fe6_\u7ed3\u679c-1.webp\" alt=\"\" width=\"919\" height=\"805\" srcset=\"https:\/\/www.slsele.com\/wp-content\/uploads\/2024\/06\/\u8be6\u60c5\u56fe6_\u7ed3\u679c-1.webp 919w, https:\/\/www.slsele.com\/wp-content\/uploads\/2024\/06\/\u8be6\u60c5\u56fe6_\u7ed3\u679c-1-300x263.webp 300w, https:\/\/www.slsele.com\/wp-content\/uploads\/2024\/06\/\u8be6\u60c5\u56fe6_\u7ed3\u679c-1-768x673.webp 768w, https:\/\/www.slsele.com\/wp-content\/uploads\/2024\/06\/\u8be6\u60c5\u56fe6_\u7ed3\u679c-1-14x12.webp 14w, https:\/\/www.slsele.com\/wp-content\/uploads\/2024\/06\/\u8be6\u60c5\u56fe6_\u7ed3\u679c-1-700x613.webp 700w, https:\/\/www.slsele.com\/wp-content\/uploads\/2024\/06\/\u8be6\u60c5\u56fe6_\u7ed3\u679c-1-600x526.webp 600w\" sizes=\"auto, (max-width: 919px) 100vw, 919px\" \/><\/p>\n<div style=\"text-align: left;\"><strong>Breve introducci\u00f3n<\/strong><\/div>\n<div style=\"text-align: left;\"><span class=\"magic-14\"><span data-spm-anchor-id=\"a2700.wholesale.0.i72.195619fbxl26Xe\">1. Control desde cualquier lugar y en cualquier momento<\/span><\/span><\/div>\n<div style=\"text-align: left;\"><span class=\"magic-14\"><span data-spm-anchor-id=\"a2700.wholesale.0.i73.195619fbxl26Xe\">2. Ejecute su hogar seg\u00fan su horario.<br \/>\n3. Configure los dispositivos conectados para que se enciendan o apaguen seg\u00fan sea necesario, conservando energ\u00eda y ayud\u00e1ndole a ahorrar en su factura de electricidad.<br \/>\n4. Control remoto y por voz de sus dispositivos dom\u00e9sticos, permita establecer horarios y monitorear la energ\u00eda en cualquier momento y lugar.<br \/>\n5. El enchufe inteligente en modo ausente funciona para usted y disfruta de tranquilidad cuando est\u00e1 fuera de la ciudad. Ya no te preguntar\u00e1s si dejaste tu<br \/>\nelectrodom\u00e9sticos encendidos.<\/span><\/span><\/div>\n<div style=\"text-align: left;\"><\/div>","protected":false},"excerpt":{"rendered":"<div><span class=\"magic-14\"><span data-spm-anchor-id=\"a2700.wholesale.0.i72.195619fbxl26Xe\">1. Control desde cualquier lugar y en cualquier momento<\/span><\/span><\/div>\n<div><span class=\"magic-14\"><span data-spm-anchor-id=\"a2700.wholesale.0.i73.195619fbxl26Xe\">2. Ejecute su hogar seg\u00fan su horario.<br \/>\n3. Configure los dispositivos conectados para que se enciendan o apaguen seg\u00fan sea necesario, conservando energ\u00eda y ayud\u00e1ndole a ahorrar en su factura de electricidad.<br \/>\n4. Control remoto y por voz de sus dispositivos dom\u00e9sticos, permita establecer horarios y monitorear la energ\u00eda en cualquier momento y lugar.<br \/>\n5. El enchufe inteligente en modo ausente funciona para usted y disfruta de tranquilidad cuando est\u00e1 fuera de la ciudad. Ya no tendr\u00e1s que preguntarte si dejaste tus electrodom\u00e9sticos encendidos.<\/span><\/span><\/div>","protected":false},"featured_media":1841,"comment_status":"open","ping_status":"closed","template":"","meta":[],"product_brand":[],"product_cat":[44],"product_tag":[],"class_list":{"0":"post-1853","1":"product","2":"type-product","3":"status-publish","4":"has-post-thumbnail","6":"product_cat-smart-socket","8":"first","9":"instock","10":"shipping-taxable","11":"purchasable","12":"product-type-simple"},"_links":{"self":[{"href":"https:\/\/www.slsele.com\/es\/wp-json\/wp\/v2\/product\/1853","targetHints":{"allow":["GET"]}}],"collection":[{"href":"https:\/\/www.slsele.com\/es\/wp-json\/wp\/v2\/product"}],"about":[{"href":"https:\/\/www.slsele.com\/es\/wp-json\/wp\/v2\/types\/product"}],"replies":[{"embeddable":true,"href":"https:\/\/www.slsele.com\/es\/wp-json\/wp\/v2\/comments?post=1853"}],"wp:featuredmedia":[{"embeddable":true,"href":"https:\/\/www.slsele.com\/es\/wp-json\/wp\/v2\/media\/1841"}],"wp:attachment":[{"href":"https:\/\/www.slsele.com\/es\/wp-json\/wp\/v2\/media?parent=1853"}],"wp:term":[{"taxonomy":"product_brand","embeddable":true,"href":"https:\/\/www.slsele.com\/es\/wp-json\/wp\/v2\/product_brand?post=1853"},{"taxonomy":"product_cat","embeddable":true,"href":"https:\/\/www.slsele.com\/es\/wp-json\/wp\/v2\/product_cat?post=1853"},{"taxonomy":"product_tag","embeddable":true,"href":"https:\/\/www.slsele.com\/es\/wp-json\/wp\/v2\/product_tag?post=1853"}],"curies":[{"name":"wp","href":"https:\/\/api.w.org\/{rel}","templated":true}]}}