{"id":1823,"date":"2024-06-03T13:53:23","date_gmt":"2024-06-03T05:53:23","guid":{"rendered":"https:\/\/slsele.com\/?post_type=product&#038;p=1823"},"modified":"2024-10-16T21:15:25","modified_gmt":"2024-10-16T13:15:25","slug":"smart-wifi-brazil-power-socket","status":"publish","type":"product","link":"https:\/\/www.slsele.com\/es\/producto\/smart-wifi-brazil-power-socket\/","title":{"rendered":"Enchufe de pared Smart WiFi brasile\u00f1o SLS"},"content":{"rendered":"<div data-page-id=\"MPzHdMY5so7ufDxJGOxcR31RnWg\" data-lark-html-role=\"root\" data-docx-has-block-data=\"false\">\n<h2 class=\"ace-line ace-line old-record-id-Kactds28AomeywxxUuWcr5dMnBg\">Enchufe de pared Smart WiFi est\u00e1ndar brasile\u00f1o SLS 100-240V<\/h2>\n<div data-page-id=\"MPzHdMY5so7ufDxJGOxcR31RnWg\" data-lark-html-role=\"root\" data-docx-has-block-data=\"false\">\n<div class=\"ace-line ace-line old-record-id-RBZudVRw7ogekDxZV2mcI72sn1b\" style=\"text-align: left;\">La toma de corriente brasile\u00f1a est\u00e1 dise\u00f1ada para funcionar eficazmente en un rango de tensi\u00f3n de 100-240 V. Dispone de un seguro para ni\u00f1os que impide que \u00e9stos la toquen accidentalmente. Adem\u00e1s de dos tomas de corriente, est\u00e1 equipada con<a href=\"https:\/\/www.slsele.com\/es\/producto\/sls-uk-wifi-double-power-socket-with-usb\/\" target=\"_blank\" rel=\"noopener\"> una interfaz de tipo C y una interfaz USB<\/a>Ambos admiten carga r\u00e1pida, lo que resulta muy pr\u00e1ctico para cargar tel\u00e9fonos y tabletas.<\/div>\n<div><img loading=\"lazy\" decoding=\"async\" class=\"alignnone\" src=\"https:\/\/slsele.com\/wp-content\/uploads\/2024\/06\/\u4ea7\u54c1\u56fe\u7247_\u7ed3\u679c.webp\" alt=\"toma de corriente en brasil\" width=\"1600\" height=\"1600\" \/><\/div>\n<div>\n<div data-page-id=\"MPzHdMY5so7ufDxJGOxcR31RnWg\" data-lark-html-role=\"root\" data-docx-has-block-data=\"false\">\n<h3 style=\"text-align: left;\"><img loading=\"lazy\" decoding=\"async\" class=\"aligncenter size-large wp-image-1825\" src=\"https:\/\/slsele.com\/wp-content\/uploads\/2024\/06\/\u8be6\u60c5\u56fe2_\u7ed3\u679c-1024x1024.webp\" alt=\"\" width=\"1024\" height=\"1024\" srcset=\"https:\/\/www.slsele.com\/wp-content\/uploads\/2024\/06\/\u8be6\u60c5\u56fe2_\u7ed3\u679c-1024x1024.webp 1024w, https:\/\/www.slsele.com\/wp-content\/uploads\/2024\/06\/\u8be6\u60c5\u56fe2_\u7ed3\u679c-300x300.webp 300w, https:\/\/www.slsele.com\/wp-content\/uploads\/2024\/06\/\u8be6\u60c5\u56fe2_\u7ed3\u679c-150x150.webp 150w, https:\/\/www.slsele.com\/wp-content\/uploads\/2024\/06\/\u8be6\u60c5\u56fe2_\u7ed3\u679c-768x768.webp 768w, https:\/\/www.slsele.com\/wp-content\/uploads\/2024\/06\/\u8be6\u60c5\u56fe2_\u7ed3\u679c-1536x1536.webp 1536w, https:\/\/www.slsele.com\/wp-content\/uploads\/2024\/06\/\u8be6\u60c5\u56fe2_\u7ed3\u679c-12x12.webp 12w, https:\/\/www.slsele.com\/wp-content\/uploads\/2024\/06\/\u8be6\u60c5\u56fe2_\u7ed3\u679c-570x570.webp 570w, https:\/\/www.slsele.com\/wp-content\/uploads\/2024\/06\/\u8be6\u60c5\u56fe2_\u7ed3\u679c-500x500.webp 500w, https:\/\/www.slsele.com\/wp-content\/uploads\/2024\/06\/\u8be6\u60c5\u56fe2_\u7ed3\u679c-1000x1000.webp 1000w, https:\/\/www.slsele.com\/wp-content\/uploads\/2024\/06\/\u8be6\u60c5\u56fe2_\u7ed3\u679c-700x700.webp 700w, https:\/\/www.slsele.com\/wp-content\/uploads\/2024\/06\/\u8be6\u60c5\u56fe2_\u7ed3\u679c-600x600.webp 600w, https:\/\/www.slsele.com\/wp-content\/uploads\/2024\/06\/\u8be6\u60c5\u56fe2_\u7ed3\u679c-100x100.webp 100w, https:\/\/www.slsele.com\/wp-content\/uploads\/2024\/06\/\u8be6\u60c5\u56fe2_\u7ed3\u679c-50x50.webp 50w, https:\/\/www.slsele.com\/wp-content\/uploads\/2024\/06\/\u8be6\u60c5\u56fe2_\u7ed3\u679c.webp 1600w\" sizes=\"auto, (max-width: 1024px) 100vw, 1024px\" \/>Control de enchufe independiente<\/h3>\n<div data-page-id=\"MPzHdMY5so7ufDxJGOxcR31RnWg\" data-lark-html-role=\"root\" data-docx-has-block-data=\"false\">\n<div class=\"ace-line ace-line old-record-id-MKgIdHx2goybYgxKMvIcKBC5n8e\" style=\"text-align: left;\">Esta toma de corriente brasile\u00f1a ofrece la funcionalidad de controlar cada toma individual de forma independiente, lo que significa que puede gestionar varios aparatos enchufados a la misma unidad sin afectar a los dem\u00e1s. Admite una gran variedad de aparatos.<\/div>\n<\/div>\n<\/div>\n<\/div>\n<\/div>\n<\/div>\n<p><img loading=\"lazy\" decoding=\"async\" class=\"aligncenter size-large wp-image-1835\" src=\"https:\/\/slsele.com\/wp-content\/uploads\/2024\/06\/\u8be6\u60c5\u56fe1_\u7ed3\u679c-1024x1024.webp\" alt=\"\" width=\"1024\" height=\"1024\" srcset=\"https:\/\/www.slsele.com\/wp-content\/uploads\/2024\/06\/\u8be6\u60c5\u56fe1_\u7ed3\u679c-1024x1024.webp 1024w, https:\/\/www.slsele.com\/wp-content\/uploads\/2024\/06\/\u8be6\u60c5\u56fe1_\u7ed3\u679c-300x300.webp 300w, https:\/\/www.slsele.com\/wp-content\/uploads\/2024\/06\/\u8be6\u60c5\u56fe1_\u7ed3\u679c-150x150.webp 150w, https:\/\/www.slsele.com\/wp-content\/uploads\/2024\/06\/\u8be6\u60c5\u56fe1_\u7ed3\u679c-768x768.webp 768w, https:\/\/www.slsele.com\/wp-content\/uploads\/2024\/06\/\u8be6\u60c5\u56fe1_\u7ed3\u679c-1536x1536.webp 1536w, https:\/\/www.slsele.com\/wp-content\/uploads\/2024\/06\/\u8be6\u60c5\u56fe1_\u7ed3\u679c-12x12.webp 12w, https:\/\/www.slsele.com\/wp-content\/uploads\/2024\/06\/\u8be6\u60c5\u56fe1_\u7ed3\u679c-570x570.webp 570w, https:\/\/www.slsele.com\/wp-content\/uploads\/2024\/06\/\u8be6\u60c5\u56fe1_\u7ed3\u679c-500x500.webp 500w, https:\/\/www.slsele.com\/wp-content\/uploads\/2024\/06\/\u8be6\u60c5\u56fe1_\u7ed3\u679c-1000x1000.webp 1000w, https:\/\/www.slsele.com\/wp-content\/uploads\/2024\/06\/\u8be6\u60c5\u56fe1_\u7ed3\u679c-700x700.webp 700w, https:\/\/www.slsele.com\/wp-content\/uploads\/2024\/06\/\u8be6\u60c5\u56fe1_\u7ed3\u679c-600x600.webp 600w, https:\/\/www.slsele.com\/wp-content\/uploads\/2024\/06\/\u8be6\u60c5\u56fe1_\u7ed3\u679c-100x100.webp 100w, https:\/\/www.slsele.com\/wp-content\/uploads\/2024\/06\/\u8be6\u60c5\u56fe1_\u7ed3\u679c-50x50.webp 50w, https:\/\/www.slsele.com\/wp-content\/uploads\/2024\/06\/\u8be6\u60c5\u56fe1_\u7ed3\u679c.webp 1600w\" sizes=\"auto, (max-width: 1024px) 100vw, 1024px\" \/><\/p>\n<div data-page-id=\"MPzHdMY5so7ufDxJGOxcR31RnWg\" data-lark-html-role=\"root\" data-docx-has-block-data=\"false\">\n<h3 style=\"text-align: left;\"><b>Modos de control dual<\/b><\/h3>\n<p style=\"text-align: left;\">Opcional el control manual mediante pulsador para controlar enchufes o el control remoto mediante App. Incluso usted puede establecer su propio horario para realizar la automatizaci\u00f3n.<\/p>\n<p><img loading=\"lazy\" decoding=\"async\" class=\"alignnone size-medium\" src=\"https:\/\/slsele.com\/wp-content\/uploads\/2024\/06\/\u4ea7\u54c1\u76f8\u518c4_\u7ed3\u679c.webp\" width=\"1600\" height=\"1600\" \/><\/p>\n<h3 class=\"heading-2 ace-line old-record-id-ACw7do2ERoOw3JxPPB8cjZmEn9c\" style=\"text-align: left;\">Control remoto de la aplicaci\u00f3n<\/h3>\n<div data-page-id=\"MPzHdMY5so7ufDxJGOxcR31RnWg\" data-lark-html-role=\"root\" data-docx-has-block-data=\"false\">\n<div class=\"ace-line ace-line old-record-id-GrVCdHaijof3aVxdpLAcWybGnJg\" style=\"text-align: left;\">Controla la toma en cualquier momento y lugar. Adem\u00e1s, la toma de corriente inteligente de Brasil cuenta con opciones de programaci\u00f3n y creaci\u00f3n de escenarios. Puedes hacer m\u00e1s ajustes en la app, como crear diferentes automatizaciones\/toques para ejecutar escenas, DIY tu d\u00eda a d\u00eda al m\u00e1ximo.<\/div>\n<div style=\"text-align: left;\">Los escenarios pueden programarse para que se activen en funci\u00f3n de condiciones u horas espec\u00edficas, lo que ayuda a ahorrar energ\u00eda y proporciona un mayor nivel de personalizaci\u00f3n para adaptarse a las preferencias personales y las necesidades del estilo de vida.<\/div>\n<\/div>\n<\/div>\n<p><img loading=\"lazy\" decoding=\"async\" class=\"aligncenter size-large wp-image-1827\" src=\"https:\/\/slsele.com\/wp-content\/uploads\/2024\/06\/\u8be6\u60c5\u56fe4_\u7ed3\u679c-1024x1024.webp\" alt=\"\" width=\"1024\" height=\"1024\" srcset=\"https:\/\/www.slsele.com\/wp-content\/uploads\/2024\/06\/\u8be6\u60c5\u56fe4_\u7ed3\u679c-1024x1024.webp 1024w, https:\/\/www.slsele.com\/wp-content\/uploads\/2024\/06\/\u8be6\u60c5\u56fe4_\u7ed3\u679c-300x300.webp 300w, https:\/\/www.slsele.com\/wp-content\/uploads\/2024\/06\/\u8be6\u60c5\u56fe4_\u7ed3\u679c-150x150.webp 150w, https:\/\/www.slsele.com\/wp-content\/uploads\/2024\/06\/\u8be6\u60c5\u56fe4_\u7ed3\u679c-768x768.webp 768w, https:\/\/www.slsele.com\/wp-content\/uploads\/2024\/06\/\u8be6\u60c5\u56fe4_\u7ed3\u679c-1536x1536.webp 1536w, https:\/\/www.slsele.com\/wp-content\/uploads\/2024\/06\/\u8be6\u60c5\u56fe4_\u7ed3\u679c-12x12.webp 12w, https:\/\/www.slsele.com\/wp-content\/uploads\/2024\/06\/\u8be6\u60c5\u56fe4_\u7ed3\u679c-570x570.webp 570w, https:\/\/www.slsele.com\/wp-content\/uploads\/2024\/06\/\u8be6\u60c5\u56fe4_\u7ed3\u679c-500x500.webp 500w, https:\/\/www.slsele.com\/wp-content\/uploads\/2024\/06\/\u8be6\u60c5\u56fe4_\u7ed3\u679c-1000x1000.webp 1000w, https:\/\/www.slsele.com\/wp-content\/uploads\/2024\/06\/\u8be6\u60c5\u56fe4_\u7ed3\u679c-700x700.webp 700w, https:\/\/www.slsele.com\/wp-content\/uploads\/2024\/06\/\u8be6\u60c5\u56fe4_\u7ed3\u679c-600x600.webp 600w, https:\/\/www.slsele.com\/wp-content\/uploads\/2024\/06\/\u8be6\u60c5\u56fe4_\u7ed3\u679c-100x100.webp 100w, https:\/\/www.slsele.com\/wp-content\/uploads\/2024\/06\/\u8be6\u60c5\u56fe4_\u7ed3\u679c-50x50.webp 50w, https:\/\/www.slsele.com\/wp-content\/uploads\/2024\/06\/\u8be6\u60c5\u56fe4_\u7ed3\u679c.webp 1600w\" sizes=\"auto, (max-width: 1024px) 100vw, 1024px\" \/><\/p>\n<div style=\"text-align: left;\">\n<div style=\"text-align: left;\">\n<h3><b>Estado del indicador opcional<\/b><\/h3>\n<\/div>\n<div style=\"text-align: left;\">\n<p>El indicador es para su comodidad cuando es dif\u00edcil encontrar la toma de corriente de Brasil en la oscuridad o simplemente necesita averiguar el <a href=\"https:\/\/www.sohu.com\/a\/462085460_120095088\" rel=\"nofollow noopener\" target=\"_blank\">estado de encendido\/apagado del dispositivo.<\/a><\/p>\n<\/div>\n<p><img loading=\"lazy\" decoding=\"async\" class=\"aligncenter size-large wp-image-1829\" src=\"https:\/\/slsele.com\/wp-content\/uploads\/2024\/06\/\u8be6\u60c5\u56fe6_\u7ed3\u679c-1024x1024.webp\" alt=\"\" width=\"1024\" height=\"1024\" srcset=\"https:\/\/www.slsele.com\/wp-content\/uploads\/2024\/06\/\u8be6\u60c5\u56fe6_\u7ed3\u679c-1024x1024.webp 1024w, https:\/\/www.slsele.com\/wp-content\/uploads\/2024\/06\/\u8be6\u60c5\u56fe6_\u7ed3\u679c-300x300.webp 300w, https:\/\/www.slsele.com\/wp-content\/uploads\/2024\/06\/\u8be6\u60c5\u56fe6_\u7ed3\u679c-150x150.webp 150w, https:\/\/www.slsele.com\/wp-content\/uploads\/2024\/06\/\u8be6\u60c5\u56fe6_\u7ed3\u679c-768x768.webp 768w, https:\/\/www.slsele.com\/wp-content\/uploads\/2024\/06\/\u8be6\u60c5\u56fe6_\u7ed3\u679c-1536x1536.webp 1536w, https:\/\/www.slsele.com\/wp-content\/uploads\/2024\/06\/\u8be6\u60c5\u56fe6_\u7ed3\u679c-12x12.webp 12w, https:\/\/www.slsele.com\/wp-content\/uploads\/2024\/06\/\u8be6\u60c5\u56fe6_\u7ed3\u679c-570x570.webp 570w, https:\/\/www.slsele.com\/wp-content\/uploads\/2024\/06\/\u8be6\u60c5\u56fe6_\u7ed3\u679c-500x500.webp 500w, https:\/\/www.slsele.com\/wp-content\/uploads\/2024\/06\/\u8be6\u60c5\u56fe6_\u7ed3\u679c-1000x1000.webp 1000w, https:\/\/www.slsele.com\/wp-content\/uploads\/2024\/06\/\u8be6\u60c5\u56fe6_\u7ed3\u679c-700x700.webp 700w, https:\/\/www.slsele.com\/wp-content\/uploads\/2024\/06\/\u8be6\u60c5\u56fe6_\u7ed3\u679c-600x600.webp 600w, https:\/\/www.slsele.com\/wp-content\/uploads\/2024\/06\/\u8be6\u60c5\u56fe6_\u7ed3\u679c-100x100.webp 100w, https:\/\/www.slsele.com\/wp-content\/uploads\/2024\/06\/\u8be6\u60c5\u56fe6_\u7ed3\u679c-50x50.webp 50w, https:\/\/www.slsele.com\/wp-content\/uploads\/2024\/06\/\u8be6\u60c5\u56fe6_\u7ed3\u679c.webp 1600w\" sizes=\"auto, (max-width: 1024px) 100vw, 1024px\" \/><\/p>\n<\/div>\n<div style=\"text-align: left;\">\n<h3><b>Funci\u00f3n de bloqueo infantil <\/b><\/h3>\n<\/div>\n<div style=\"text-align: left;\">Esta funci\u00f3n es para evitar posibles peligros el\u00e9ctricos causados por error cuando sus ni\u00f1os tocan el enchufe.<img loading=\"lazy\" decoding=\"async\" class=\"alignnone size-medium\" src=\"https:\/\/slsele.com\/wp-content\/uploads\/2024\/06\/\u4ea7\u54c1\u76f8\u518c3_\u7ed3\u679c.webp\" width=\"1600\" height=\"1600\" \/><\/div>\n<h3 style=\"text-align: left;\">Par\u00e1metros de la toma de corriente brasile\u00f1a<\/h3>\n<p><img loading=\"lazy\" decoding=\"async\" class=\"alignnone size-medium\" src=\"https:\/\/slsele.com\/wp-content\/uploads\/2024\/06\/\u4ea7\u54c1\u76f8\u518c5_\u7ed3\u679c.webp\" width=\"1600\" height=\"1600\" \/><\/p>","protected":false},"excerpt":{"rendered":"<p style=\"margin: 0cm;\"><span lang=\"EN-US\" style=\"font-family: 'Times New Roman',serif; color: #0e101a; font-size: 25px;\">La toma de corriente brasile\u00f1a inteligente funciona a 100-240 V, admite control independiente de la toma y control por voz. Permite la creaci\u00f3n de horarios y escenarios.<\/span><\/p>","protected":false},"featured_media":1824,"comment_status":"open","ping_status":"closed","template":"","meta":[],"product_brand":[],"product_cat":[44],"product_tag":[],"class_list":{"0":"post-1823","1":"product","2":"type-product","3":"status-publish","4":"has-post-thumbnail","6":"product_cat-smart-socket","8":"first","9":"instock","10":"shipping-taxable","11":"purchasable","12":"product-type-simple"},"_links":{"self":[{"href":"https:\/\/www.slsele.com\/es\/wp-json\/wp\/v2\/product\/1823","targetHints":{"allow":["GET"]}}],"collection":[{"href":"https:\/\/www.slsele.com\/es\/wp-json\/wp\/v2\/product"}],"about":[{"href":"https:\/\/www.slsele.com\/es\/wp-json\/wp\/v2\/types\/product"}],"replies":[{"embeddable":true,"href":"https:\/\/www.slsele.com\/es\/wp-json\/wp\/v2\/comments?post=1823"}],"wp:featuredmedia":[{"embeddable":true,"href":"https:\/\/www.slsele.com\/es\/wp-json\/wp\/v2\/media\/1824"}],"wp:attachment":[{"href":"https:\/\/www.slsele.com\/es\/wp-json\/wp\/v2\/media?parent=1823"}],"wp:term":[{"taxonomy":"product_brand","embeddable":true,"href":"https:\/\/www.slsele.com\/es\/wp-json\/wp\/v2\/product_brand?post=1823"},{"taxonomy":"product_cat","embeddable":true,"href":"https:\/\/www.slsele.com\/es\/wp-json\/wp\/v2\/product_cat?post=1823"},{"taxonomy":"product_tag","embeddable":true,"href":"https:\/\/www.slsele.com\/es\/wp-json\/wp\/v2\/product_tag?post=1823"}],"curies":[{"name":"wp","href":"https:\/\/api.w.org\/{rel}","templated":true}]}}