{"id":1803,"date":"2024-05-31T15:32:01","date_gmt":"2024-05-31T07:32:01","guid":{"rendered":"https:\/\/slsele.com\/?post_type=product&#038;p=1803"},"modified":"2024-07-29T15:50:10","modified_gmt":"2024-07-29T07:50:10","slug":"zigbee-5w-gu10-led-bulb","status":"publish","type":"product","link":"https:\/\/www.slsele.com\/es\/producto\/zigbee-5w-gu10-led-bulb\/","title":{"rendered":"Bombillas LED Zigbee SLS 5W GU10"},"content":{"rendered":"<h2 style=\"text-align: center; font-size: 30px;\">Bombillas LED Zigbee GU10 RGB+WW<\/h2>\n<h3 style=\"text-align: left; font-size: 25px;\">Descripci\u00f3n<\/h3>\n<p style=\"text-align: left;\">Las bombillas Zigbee mejoran su entorno con cambios de color din\u00e1micos sincronizados con su m\u00fasica, fomentando un ambiente relajado. Adapta tu experiencia con una variedad de ajustes preestablecidos<\/p>\n<p style=\"text-align: left;\">Modos, incluidos ajustes de sue\u00f1o y despertador, para complementar tu vibrante estilo de vida. Explore funcionalidades adicionales como el modo nocturno, el modo de lectura y una variedad de escenas<\/p>\n<p style=\"text-align: left;\">opciones accesibles a trav\u00e9s de la aplicaci\u00f3n para satisfacer todas sus necesidades de iluminaci\u00f3n. Eleva tu espacio con la bombilla Zigbee para un viaje de iluminaci\u00f3n personalizado.<\/p>\n<h5 style=\"text-align: left;\"><\/h5>\n<h3 style=\"text-align: left; font-size: 25px;\"><img loading=\"lazy\" decoding=\"async\" class=\"aligncenter size-full wp-image-3128\" src=\"https:\/\/slsele.com\/wp-content\/uploads\/2024\/07\/\u8be6\u60c5\u56fe1-4.webp\" alt=\"Otros productos zigbee se pueden interconectar con la bombilla zigbee a trav\u00e9s de la puerta de enlace\" width=\"1000\" height=\"958\" srcset=\"https:\/\/www.slsele.com\/wp-content\/uploads\/2024\/07\/\u8be6\u60c5\u56fe1-4.webp 1000w, https:\/\/www.slsele.com\/wp-content\/uploads\/2024\/07\/\u8be6\u60c5\u56fe1-4-300x287.webp 300w, https:\/\/www.slsele.com\/wp-content\/uploads\/2024\/07\/\u8be6\u60c5\u56fe1-4-768x736.webp 768w, https:\/\/www.slsele.com\/wp-content\/uploads\/2024\/07\/\u8be6\u60c5\u56fe1-4-13x12.webp 13w, https:\/\/www.slsele.com\/wp-content\/uploads\/2024\/07\/\u8be6\u60c5\u56fe1-4-700x671.webp 700w, https:\/\/www.slsele.com\/wp-content\/uploads\/2024\/07\/\u8be6\u60c5\u56fe1-4-600x575.webp 600w\" sizes=\"auto, (max-width: 1000px) 100vw, 1000px\" \/><img loading=\"lazy\" decoding=\"async\" class=\"aligncenter size-large wp-image-3129\" src=\"https:\/\/slsele.com\/wp-content\/uploads\/2024\/07\/\u8be6\u60c5\u56fe2-4-1024x1024.webp\" alt=\"caracter\u00edsticas de las bombillas zigbee\" width=\"1024\" height=\"1024\" srcset=\"https:\/\/www.slsele.com\/wp-content\/uploads\/2024\/07\/\u8be6\u60c5\u56fe2-4-1024x1024.webp 1024w, https:\/\/www.slsele.com\/wp-content\/uploads\/2024\/07\/\u8be6\u60c5\u56fe2-4-300x300.webp 300w, https:\/\/www.slsele.com\/wp-content\/uploads\/2024\/07\/\u8be6\u60c5\u56fe2-4-150x150.webp 150w, https:\/\/www.slsele.com\/wp-content\/uploads\/2024\/07\/\u8be6\u60c5\u56fe2-4-768x768.webp 768w, https:\/\/www.slsele.com\/wp-content\/uploads\/2024\/07\/\u8be6\u60c5\u56fe2-4-12x12.webp 12w, https:\/\/www.slsele.com\/wp-content\/uploads\/2024\/07\/\u8be6\u60c5\u56fe2-4-570x570.webp 570w, https:\/\/www.slsele.com\/wp-content\/uploads\/2024\/07\/\u8be6\u60c5\u56fe2-4-500x500.webp 500w, https:\/\/www.slsele.com\/wp-content\/uploads\/2024\/07\/\u8be6\u60c5\u56fe2-4-1000x1000.webp 1000w, https:\/\/www.slsele.com\/wp-content\/uploads\/2024\/07\/\u8be6\u60c5\u56fe2-4-700x700.webp 700w, https:\/\/www.slsele.com\/wp-content\/uploads\/2024\/07\/\u8be6\u60c5\u56fe2-4-600x600.webp 600w, https:\/\/www.slsele.com\/wp-content\/uploads\/2024\/07\/\u8be6\u60c5\u56fe2-4-100x100.webp 100w, https:\/\/www.slsele.com\/wp-content\/uploads\/2024\/07\/\u8be6\u60c5\u56fe2-4-50x50.webp 50w, https:\/\/www.slsele.com\/wp-content\/uploads\/2024\/07\/\u8be6\u60c5\u56fe2-4.webp 1200w\" sizes=\"auto, (max-width: 1024px) 100vw, 1024px\" \/><img loading=\"lazy\" decoding=\"async\" class=\"aligncenter size-full wp-image-3130\" src=\"https:\/\/slsele.com\/wp-content\/uploads\/2024\/07\/\u8be6\u60c5\u56fe3-4.webp\" alt=\"caracter\u00edsticas de las bombillas zigbee\" width=\"1000\" height=\"958\" srcset=\"https:\/\/www.slsele.com\/wp-content\/uploads\/2024\/07\/\u8be6\u60c5\u56fe3-4.webp 1000w, https:\/\/www.slsele.com\/wp-content\/uploads\/2024\/07\/\u8be6\u60c5\u56fe3-4-300x287.webp 300w, https:\/\/www.slsele.com\/wp-content\/uploads\/2024\/07\/\u8be6\u60c5\u56fe3-4-768x736.webp 768w, https:\/\/www.slsele.com\/wp-content\/uploads\/2024\/07\/\u8be6\u60c5\u56fe3-4-13x12.webp 13w, https:\/\/www.slsele.com\/wp-content\/uploads\/2024\/07\/\u8be6\u60c5\u56fe3-4-700x671.webp 700w, https:\/\/www.slsele.com\/wp-content\/uploads\/2024\/07\/\u8be6\u60c5\u56fe3-4-600x575.webp 600w\" sizes=\"auto, (max-width: 1000px) 100vw, 1000px\" \/><img loading=\"lazy\" decoding=\"async\" class=\"aligncenter size-full wp-image-3131\" src=\"https:\/\/slsele.com\/wp-content\/uploads\/2024\/07\/\u8be6\u60c5\u56fe4-4.webp\" alt=\"funci\u00f3n de control de voz de bombillas zigbee\" width=\"1000\" height=\"957\" srcset=\"https:\/\/www.slsele.com\/wp-content\/uploads\/2024\/07\/\u8be6\u60c5\u56fe4-4.webp 1000w, https:\/\/www.slsele.com\/wp-content\/uploads\/2024\/07\/\u8be6\u60c5\u56fe4-4-300x287.webp 300w, https:\/\/www.slsele.com\/wp-content\/uploads\/2024\/07\/\u8be6\u60c5\u56fe4-4-768x735.webp 768w, https:\/\/www.slsele.com\/wp-content\/uploads\/2024\/07\/\u8be6\u60c5\u56fe4-4-13x12.webp 13w, https:\/\/www.slsele.com\/wp-content\/uploads\/2024\/07\/\u8be6\u60c5\u56fe4-4-700x670.webp 700w, https:\/\/www.slsele.com\/wp-content\/uploads\/2024\/07\/\u8be6\u60c5\u56fe4-4-600x574.webp 600w\" sizes=\"auto, (max-width: 1000px) 100vw, 1000px\" \/><img loading=\"lazy\" decoding=\"async\" class=\"aligncenter size-full wp-image-3132\" src=\"https:\/\/slsele.com\/wp-content\/uploads\/2024\/07\/\u8be6\u60c5\u56fe5-4.webp\" alt=\"tama\u00f1o de las bombillas zigbee\" width=\"930\" height=\"930\" srcset=\"https:\/\/www.slsele.com\/wp-content\/uploads\/2024\/07\/\u8be6\u60c5\u56fe5-4.webp 930w, https:\/\/www.slsele.com\/wp-content\/uploads\/2024\/07\/\u8be6\u60c5\u56fe5-4-300x300.webp 300w, https:\/\/www.slsele.com\/wp-content\/uploads\/2024\/07\/\u8be6\u60c5\u56fe5-4-150x150.webp 150w, https:\/\/www.slsele.com\/wp-content\/uploads\/2024\/07\/\u8be6\u60c5\u56fe5-4-768x768.webp 768w, https:\/\/www.slsele.com\/wp-content\/uploads\/2024\/07\/\u8be6\u60c5\u56fe5-4-12x12.webp 12w, https:\/\/www.slsele.com\/wp-content\/uploads\/2024\/07\/\u8be6\u60c5\u56fe5-4-570x570.webp 570w, https:\/\/www.slsele.com\/wp-content\/uploads\/2024\/07\/\u8be6\u60c5\u56fe5-4-500x500.webp 500w, https:\/\/www.slsele.com\/wp-content\/uploads\/2024\/07\/\u8be6\u60c5\u56fe5-4-700x700.webp 700w, https:\/\/www.slsele.com\/wp-content\/uploads\/2024\/07\/\u8be6\u60c5\u56fe5-4-600x600.webp 600w, https:\/\/www.slsele.com\/wp-content\/uploads\/2024\/07\/\u8be6\u60c5\u56fe5-4-100x100.webp 100w, https:\/\/www.slsele.com\/wp-content\/uploads\/2024\/07\/\u8be6\u60c5\u56fe5-4-50x50.webp 50w\" sizes=\"auto, (max-width: 930px) 100vw, 930px\" \/><img loading=\"lazy\" decoding=\"async\" class=\"aligncenter size-full wp-image-3133\" src=\"https:\/\/slsele.com\/wp-content\/uploads\/2024\/07\/\u8be6\u60c5\u56fe6-4.webp\" alt=\"funci\u00f3n de gesti\u00f3n de agrupaci\u00f3n de bombillas zigbee\" width=\"800\" height=\"800\" srcset=\"https:\/\/www.slsele.com\/wp-content\/uploads\/2024\/07\/\u8be6\u60c5\u56fe6-4.webp 800w, https:\/\/www.slsele.com\/wp-content\/uploads\/2024\/07\/\u8be6\u60c5\u56fe6-4-300x300.webp 300w, https:\/\/www.slsele.com\/wp-content\/uploads\/2024\/07\/\u8be6\u60c5\u56fe6-4-150x150.webp 150w, https:\/\/www.slsele.com\/wp-content\/uploads\/2024\/07\/\u8be6\u60c5\u56fe6-4-768x768.webp 768w, https:\/\/www.slsele.com\/wp-content\/uploads\/2024\/07\/\u8be6\u60c5\u56fe6-4-12x12.webp 12w, https:\/\/www.slsele.com\/wp-content\/uploads\/2024\/07\/\u8be6\u60c5\u56fe6-4-570x570.webp 570w, https:\/\/www.slsele.com\/wp-content\/uploads\/2024\/07\/\u8be6\u60c5\u56fe6-4-500x500.webp 500w, https:\/\/www.slsele.com\/wp-content\/uploads\/2024\/07\/\u8be6\u60c5\u56fe6-4-700x700.webp 700w, https:\/\/www.slsele.com\/wp-content\/uploads\/2024\/07\/\u8be6\u60c5\u56fe6-4-600x600.webp 600w, https:\/\/www.slsele.com\/wp-content\/uploads\/2024\/07\/\u8be6\u60c5\u56fe6-4-100x100.webp 100w, https:\/\/www.slsele.com\/wp-content\/uploads\/2024\/07\/\u8be6\u60c5\u56fe6-4-50x50.webp 50w\" sizes=\"auto, (max-width: 800px) 100vw, 800px\" \/>Especificaci\u00f3n<\/h3>\n<p style=\"text-align: left;\">Base: GU10<\/p>\n<p style=\"text-align: left;\">Protocolo: Zigbee 3.0<\/p>\n<p style=\"text-align: left;\">Potencia nominal: 5W<\/p>\n<p style=\"text-align: left;\">Voltaje: AC85-265V 50\/60Hz<\/p>\n<p style=\"text-align: left;\">Color: RGB+luz blanca<\/p>\n<p style=\"text-align: left;\">Regulable: S\u00cd<\/p>\n<p style=\"text-align: left;\">Flujo luminoso: 345lm<\/p>\n<p style=\"text-align: left;\">\u00c1ngulo de haz: 36\u00b0<\/p>\n<p style=\"text-align: left;\">Ciencia de los materiales: aluminio+pl\u00e1stico<\/p>\n<p style=\"text-align: left;\">Tama\u00f1o del producto: 50*50*58mm<\/p>\n<h3 style=\"text-align: left; font-size: 25px;\">Preguntas y respuestas<\/h3>\n<p style=\"text-align: left;\">1. \u00bfPuedo hacer sonar la bombilla para que se encienda?<\/p>\n<p style=\"text-align: left;\">S\u00ed, es comparable con Amazon Alexa y Google Home.<\/p>\n<p style=\"text-align: left;\">2. \u00bfPuedo atenuar la luz al brillo que quiero?<\/p>\n<p style=\"text-align: left;\">S\u00ed, puedes atenuar la luz de un blanco suave a una luz diurna.<\/p>\n<p style=\"text-align: left;\">3. \u00bfCambia el color de la luz?<\/p>\n<p style=\"text-align: left;\">S\u00ed, cambia la luz a un color espec\u00edfico como quieras con una variedad de escenas personalizadas.<\/p>\n<p style=\"text-align: left;\">4. \u00bfEs compatible establecer un horario para apagar la luz a tiempo?<\/p>\n<p style=\"text-align: left;\">Puede programar sus bombillas en zigbee para que se enciendan o apaguen autom\u00e1ticamente en su rutina diaria.<\/p>\n<p style=\"text-align: left;\">5. \u00bfPuedo encender la luz de forma remota?<\/p>\n<p style=\"text-align: left;\">S\u00ed, la bombilla se puede controlar en cualquier momento y desde cualquier lugar a trav\u00e9s de su tel\u00e9fono inteligente.<\/p>","protected":false},"excerpt":{"rendered":"<p>Las bombillas LED Zigbee GU10 de 5 W pueden encender\/apagar o atenuar\/iluminar la luz desde blanco suave hasta luz diurna, compatibles con Amazon Alexa Google Home sin necesidad de concentrador y control inal\u00e1mbrico en cualquier momento y desde cualquier lugar con la aplicaci\u00f3n Smart Life Tuya.<\/p>","protected":false},"featured_media":3134,"comment_status":"open","ping_status":"closed","template":"","meta":[],"product_brand":[],"product_cat":[35],"product_tag":[],"class_list":{"0":"post-1803","1":"product","2":"type-product","3":"status-publish","4":"has-post-thumbnail","6":"product_cat-smart-lighting","8":"first","9":"instock","10":"shipping-taxable","11":"purchasable","12":"product-type-simple"},"_links":{"self":[{"href":"https:\/\/www.slsele.com\/es\/wp-json\/wp\/v2\/product\/1803","targetHints":{"allow":["GET"]}}],"collection":[{"href":"https:\/\/www.slsele.com\/es\/wp-json\/wp\/v2\/product"}],"about":[{"href":"https:\/\/www.slsele.com\/es\/wp-json\/wp\/v2\/types\/product"}],"replies":[{"embeddable":true,"href":"https:\/\/www.slsele.com\/es\/wp-json\/wp\/v2\/comments?post=1803"}],"wp:featuredmedia":[{"embeddable":true,"href":"https:\/\/www.slsele.com\/es\/wp-json\/wp\/v2\/media\/3134"}],"wp:attachment":[{"href":"https:\/\/www.slsele.com\/es\/wp-json\/wp\/v2\/media?parent=1803"}],"wp:term":[{"taxonomy":"product_brand","embeddable":true,"href":"https:\/\/www.slsele.com\/es\/wp-json\/wp\/v2\/product_brand?post=1803"},{"taxonomy":"product_cat","embeddable":true,"href":"https:\/\/www.slsele.com\/es\/wp-json\/wp\/v2\/product_cat?post=1803"},{"taxonomy":"product_tag","embeddable":true,"href":"https:\/\/www.slsele.com\/es\/wp-json\/wp\/v2\/product_tag?post=1803"}],"curies":[{"name":"wp","href":"https:\/\/api.w.org\/{rel}","templated":true}]}}