{"id":1713,"date":"2024-05-25T16:26:12","date_gmt":"2024-05-25T08:26:12","guid":{"rendered":"https:\/\/slsele.com\/?post_type=product&#038;p=1713"},"modified":"2024-10-28T15:05:01","modified_gmt":"2024-10-28T07:05:01","slug":"wireless-wifi-bluetooth-zigbee-gateway","status":"publish","type":"product","link":"https:\/\/www.slsele.com\/es\/producto\/wireless-wifi-bluetooth-zigbee-gateway\/","title":{"rendered":"Pasarela inal\u00e1mbrica multimodo WiFi Bluetooth ZigBee"},"content":{"rendered":"<h3 style=\"text-align: center;\">Pasarela inteligente inal\u00e1mbrica multimodo WiFi Bluetooth ZigBee<\/h3>\n<article data-content=\"[{&quot;type&quot;:&quot;block&quot;,&quot;id&quot;:&quot;3p9n-1729243048611&quot;,&quot;name&quot;:&quot;paragraph&quot;,&quot;data&quot;:{},&quot;nodes&quot;:[{&quot;type&quot;:&quot;text&quot;,&quot;id&quot;:&quot;cLDz-1729243048609&quot;,&quot;leaves&quot;:[{&quot;text&quot;:&quot;The\u00a0wireless\u00a0smart\u00a0muti-mode\u00a0gateway\u00a0supports\u00a0WiFi,\u00a0Bluetooth,\u00a0Zigbee\u00a0muti-protocol\u00a0communication.\u00a0Bluetooth\u00a0mesg(SIG)\u00a0and\u00a0Zigbee\u00a0communication\u00a0ensure\u00a0stable\u00a0control\u00a0of\u00a0128\u00a0devices.&quot;,&quot;marks&quot;:[]}]}],&quot;state&quot;:{}}]\">\n<div style=\"text-align: left;\">La pasarela inal\u00e1mbrica inteligente muti-modo admite comunicaci\u00f3n WiFi, Bluetooth, Zigbee muti-protocolo. La comunicaci\u00f3n Bluetooth mesh(SIG) y Zigbee garantiza un control estable de 128 dispositivos. Esta pasarela puede colocarse de forma flexible en cualquier posici\u00f3n sin necesidad de insertar un cable de red. Si desea una pasarela con cable, <a href=\"https:\/\/www.slsele.com\/es\/producto\/big-smart-zigbee-gateway\/\" target=\"_blank\" rel=\"noopener\">haga clic aqu\u00ed.\u00a0<\/a> Conectar dispositivos con distintos protocolos de comunicaci\u00f3n para que<a href=\"https:\/\/thinger.io\/home-automation-zigbee-or-wifi-devices\/\" rel=\"nofollow noopener\" target=\"_blank\"> pueden controlarse mutuamente.<\/a><\/div>\n<div>\n<div data-page-id=\"Og4ddTWWLokRz4xRTG0cxHs4nQ3\" data-lark-html-role=\"root\" data-docx-has-block-data=\"false\">\n<h3 class=\"old-record-id-DixednFDyojXz4xcoWLcRXxnndg\" style=\"text-align: left;\">Admite el acceso a varios dispositivos<\/h3>\n<div data-page-id=\"Og4ddTWWLokRz4xRTG0cxHs4nQ3\" data-lark-html-role=\"root\" data-docx-has-block-data=\"false\">\n<div class=\"ace-line ace-line old-record-id-doxcngKihWA7MmLg3OARB6UFvsh\" style=\"text-align: left;\">La comunicaci\u00f3n Bluetooth mesh(SIG) y Zigbee garantiza un control estable de 128 dispositivos. A\u00f1adir subdispositivos sin acceso a la red y gestionar m\u00faltiples subdispositivos que acceden a la red simult\u00e1neamente puede plantear retos \u00fanicos a la hora de mantener la seguridad y funcionalidad del sistema.<\/div>\n<\/div>\n<\/div>\n<\/div>\n<\/article>\n<p><img loading=\"lazy\" decoding=\"async\" class=\"aligncenter wp-image-4121 size-full\" src=\"https:\/\/slsele.com\/wp-content\/uploads\/2024\/10\/white-bluetooth-Zigbee-gateway.webp\" alt=\"pasarela bluetooth Zigbee blanca\" width=\"1001\" height=\"1001\" srcset=\"https:\/\/www.slsele.com\/wp-content\/uploads\/2024\/10\/white-bluetooth-Zigbee-gateway.webp 1001w, https:\/\/www.slsele.com\/wp-content\/uploads\/2024\/10\/white-bluetooth-Zigbee-gateway-300x300.webp 300w, https:\/\/www.slsele.com\/wp-content\/uploads\/2024\/10\/white-bluetooth-Zigbee-gateway-150x150.webp 150w, https:\/\/www.slsele.com\/wp-content\/uploads\/2024\/10\/white-bluetooth-Zigbee-gateway-768x768.webp 768w, https:\/\/www.slsele.com\/wp-content\/uploads\/2024\/10\/white-bluetooth-Zigbee-gateway-12x12.webp 12w, https:\/\/www.slsele.com\/wp-content\/uploads\/2024\/10\/white-bluetooth-Zigbee-gateway-570x570.webp 570w, https:\/\/www.slsele.com\/wp-content\/uploads\/2024\/10\/white-bluetooth-Zigbee-gateway-500x500.webp 500w, https:\/\/www.slsele.com\/wp-content\/uploads\/2024\/10\/white-bluetooth-Zigbee-gateway-700x700.webp 700w, https:\/\/www.slsele.com\/wp-content\/uploads\/2024\/10\/white-bluetooth-Zigbee-gateway-600x600.webp 600w, https:\/\/www.slsele.com\/wp-content\/uploads\/2024\/10\/white-bluetooth-Zigbee-gateway-100x100.webp 100w, https:\/\/www.slsele.com\/wp-content\/uploads\/2024\/10\/white-bluetooth-Zigbee-gateway-50x50.webp 50w\" sizes=\"auto, (max-width: 1001px) 100vw, 1001px\" \/><img loading=\"lazy\" decoding=\"async\" class=\"aligncenter wp-image-4117 size-full\" src=\"https:\/\/slsele.com\/wp-content\/uploads\/2024\/10\/The-Bluetooth-Zigbee-gateway-supports-various-smart-devices.webp\" alt=\"La pasarela Bluetooth Zigbee es compatible con varios dispositivos inteligentes\" width=\"1001\" height=\"1001\" srcset=\"https:\/\/www.slsele.com\/wp-content\/uploads\/2024\/10\/The-Bluetooth-Zigbee-gateway-supports-various-smart-devices.webp 1001w, https:\/\/www.slsele.com\/wp-content\/uploads\/2024\/10\/The-Bluetooth-Zigbee-gateway-supports-various-smart-devices-300x300.webp 300w, https:\/\/www.slsele.com\/wp-content\/uploads\/2024\/10\/The-Bluetooth-Zigbee-gateway-supports-various-smart-devices-150x150.webp 150w, https:\/\/www.slsele.com\/wp-content\/uploads\/2024\/10\/The-Bluetooth-Zigbee-gateway-supports-various-smart-devices-768x768.webp 768w, https:\/\/www.slsele.com\/wp-content\/uploads\/2024\/10\/The-Bluetooth-Zigbee-gateway-supports-various-smart-devices-12x12.webp 12w, https:\/\/www.slsele.com\/wp-content\/uploads\/2024\/10\/The-Bluetooth-Zigbee-gateway-supports-various-smart-devices-570x570.webp 570w, https:\/\/www.slsele.com\/wp-content\/uploads\/2024\/10\/The-Bluetooth-Zigbee-gateway-supports-various-smart-devices-500x500.webp 500w, https:\/\/www.slsele.com\/wp-content\/uploads\/2024\/10\/The-Bluetooth-Zigbee-gateway-supports-various-smart-devices-700x700.webp 700w, https:\/\/www.slsele.com\/wp-content\/uploads\/2024\/10\/The-Bluetooth-Zigbee-gateway-supports-various-smart-devices-600x600.webp 600w, https:\/\/www.slsele.com\/wp-content\/uploads\/2024\/10\/The-Bluetooth-Zigbee-gateway-supports-various-smart-devices-100x100.webp 100w, https:\/\/www.slsele.com\/wp-content\/uploads\/2024\/10\/The-Bluetooth-Zigbee-gateway-supports-various-smart-devices-50x50.webp 50w\" sizes=\"auto, (max-width: 1001px) 100vw, 1001px\" \/><\/p>\n<div data-page-id=\"Og4ddTWWLokRz4xRTG0cxHs4nQ3\" data-lark-html-role=\"root\" data-docx-has-block-data=\"false\">\n<h3 class=\"heading-2 ace-line old-record-id-F2YXdX7S7oqto7xCs1kco9eynAe\" style=\"text-align: left;\">Comunicaci\u00f3n entre dispositivos de distintos protocolos<\/h3>\n<p class=\"heading-2 ace-line old-record-id-F2YXdX7S7oqto7xCs1kco9eynAe\" style=\"text-align: left;\">La pasarela wifi bluetooth zigbee utiliza un protocolo de desarrollo est\u00e1ndar basado en los est\u00e1ndares Zigbee 3.0 y Bluetooth SIG. Al adherirse a estos protocolos establecidos, el dispositivo puede integrarse f\u00e1cilmente con la Smart Life App, con la que los usuarios pueden gestionar sus dispositivos dom\u00e9sticos inteligentes con una plataforma unificada. A trav\u00e9s de la aplicaci\u00f3n Smart Life, los usuarios pueden personalizar la configuraci\u00f3n, recibir notificaciones y supervisar el estado de sus dispositivos conectados.<\/p>\n<\/div>\n<p><img loading=\"lazy\" decoding=\"async\" class=\"aligncenter wp-image-4122 size-full\" src=\"https:\/\/slsele.com\/wp-content\/uploads\/2024\/10\/Bluetooth-Zigbee-gateway-connects-ZigbeeBluetooth-devices-to-a-WiFi-network-for-remote-control-and-automation.webp\" alt=\"La pasarela Bluetooth Zigbee conecta dispositivos ZigbeeBluetooth a una red WiFi para control remoto y automatizaci\u00f3n\" width=\"1001\" height=\"1001\" srcset=\"https:\/\/www.slsele.com\/wp-content\/uploads\/2024\/10\/Bluetooth-Zigbee-gateway-connects-ZigbeeBluetooth-devices-to-a-WiFi-network-for-remote-control-and-automation.webp 1001w, https:\/\/www.slsele.com\/wp-content\/uploads\/2024\/10\/Bluetooth-Zigbee-gateway-connects-ZigbeeBluetooth-devices-to-a-WiFi-network-for-remote-control-and-automation-300x300.webp 300w, https:\/\/www.slsele.com\/wp-content\/uploads\/2024\/10\/Bluetooth-Zigbee-gateway-connects-ZigbeeBluetooth-devices-to-a-WiFi-network-for-remote-control-and-automation-150x150.webp 150w, https:\/\/www.slsele.com\/wp-content\/uploads\/2024\/10\/Bluetooth-Zigbee-gateway-connects-ZigbeeBluetooth-devices-to-a-WiFi-network-for-remote-control-and-automation-768x768.webp 768w, https:\/\/www.slsele.com\/wp-content\/uploads\/2024\/10\/Bluetooth-Zigbee-gateway-connects-ZigbeeBluetooth-devices-to-a-WiFi-network-for-remote-control-and-automation-12x12.webp 12w, https:\/\/www.slsele.com\/wp-content\/uploads\/2024\/10\/Bluetooth-Zigbee-gateway-connects-ZigbeeBluetooth-devices-to-a-WiFi-network-for-remote-control-and-automation-570x570.webp 570w, https:\/\/www.slsele.com\/wp-content\/uploads\/2024\/10\/Bluetooth-Zigbee-gateway-connects-ZigbeeBluetooth-devices-to-a-WiFi-network-for-remote-control-and-automation-500x500.webp 500w, https:\/\/www.slsele.com\/wp-content\/uploads\/2024\/10\/Bluetooth-Zigbee-gateway-connects-ZigbeeBluetooth-devices-to-a-WiFi-network-for-remote-control-and-automation-700x700.webp 700w, https:\/\/www.slsele.com\/wp-content\/uploads\/2024\/10\/Bluetooth-Zigbee-gateway-connects-ZigbeeBluetooth-devices-to-a-WiFi-network-for-remote-control-and-automation-600x600.webp 600w, https:\/\/www.slsele.com\/wp-content\/uploads\/2024\/10\/Bluetooth-Zigbee-gateway-connects-ZigbeeBluetooth-devices-to-a-WiFi-network-for-remote-control-and-automation-100x100.webp 100w, https:\/\/www.slsele.com\/wp-content\/uploads\/2024\/10\/Bluetooth-Zigbee-gateway-connects-ZigbeeBluetooth-devices-to-a-WiFi-network-for-remote-control-and-automation-50x50.webp 50w\" sizes=\"auto, (max-width: 1001px) 100vw, 1001px\" \/><br \/>\n<img loading=\"lazy\" decoding=\"async\" class=\"aligncenter wp-image-4115 size-full\" src=\"https:\/\/slsele.com\/wp-content\/uploads\/2024\/10\/The-Bluetooth-Zigbee-gateway-enables-seamless-smart-device-linkage-in-the-Smart-Life-app-integrating-Zigbee-Bluetooth-and-WiFi-devices-for-real-time-smart-home-automation.webp\" alt=\"La pasarela Bluetooth Zigbee permite vincular dispositivos inteligentes en la aplicaci\u00f3n Smart Life, integrando dispositivos Zigbee, Bluetooth y WiFi para una automatizaci\u00f3n inteligente del hogar en tiempo real.\" width=\"1001\" height=\"1001\" srcset=\"https:\/\/www.slsele.com\/wp-content\/uploads\/2024\/10\/The-Bluetooth-Zigbee-gateway-enables-seamless-smart-device-linkage-in-the-Smart-Life-app-integrating-Zigbee-Bluetooth-and-WiFi-devices-for-real-time-smart-home-automation.webp 1001w, https:\/\/www.slsele.com\/wp-content\/uploads\/2024\/10\/The-Bluetooth-Zigbee-gateway-enables-seamless-smart-device-linkage-in-the-Smart-Life-app-integrating-Zigbee-Bluetooth-and-WiFi-devices-for-real-time-smart-home-automation-300x300.webp 300w, https:\/\/www.slsele.com\/wp-content\/uploads\/2024\/10\/The-Bluetooth-Zigbee-gateway-enables-seamless-smart-device-linkage-in-the-Smart-Life-app-integrating-Zigbee-Bluetooth-and-WiFi-devices-for-real-time-smart-home-automation-150x150.webp 150w, https:\/\/www.slsele.com\/wp-content\/uploads\/2024\/10\/The-Bluetooth-Zigbee-gateway-enables-seamless-smart-device-linkage-in-the-Smart-Life-app-integrating-Zigbee-Bluetooth-and-WiFi-devices-for-real-time-smart-home-automation-768x768.webp 768w, https:\/\/www.slsele.com\/wp-content\/uploads\/2024\/10\/The-Bluetooth-Zigbee-gateway-enables-seamless-smart-device-linkage-in-the-Smart-Life-app-integrating-Zigbee-Bluetooth-and-WiFi-devices-for-real-time-smart-home-automation-12x12.webp 12w, https:\/\/www.slsele.com\/wp-content\/uploads\/2024\/10\/The-Bluetooth-Zigbee-gateway-enables-seamless-smart-device-linkage-in-the-Smart-Life-app-integrating-Zigbee-Bluetooth-and-WiFi-devices-for-real-time-smart-home-automation-570x570.webp 570w, https:\/\/www.slsele.com\/wp-content\/uploads\/2024\/10\/The-Bluetooth-Zigbee-gateway-enables-seamless-smart-device-linkage-in-the-Smart-Life-app-integrating-Zigbee-Bluetooth-and-WiFi-devices-for-real-time-smart-home-automation-500x500.webp 500w, https:\/\/www.slsele.com\/wp-content\/uploads\/2024\/10\/The-Bluetooth-Zigbee-gateway-enables-seamless-smart-device-linkage-in-the-Smart-Life-app-integrating-Zigbee-Bluetooth-and-WiFi-devices-for-real-time-smart-home-automation-700x700.webp 700w, https:\/\/www.slsele.com\/wp-content\/uploads\/2024\/10\/The-Bluetooth-Zigbee-gateway-enables-seamless-smart-device-linkage-in-the-Smart-Life-app-integrating-Zigbee-Bluetooth-and-WiFi-devices-for-real-time-smart-home-automation-600x600.webp 600w, https:\/\/www.slsele.com\/wp-content\/uploads\/2024\/10\/The-Bluetooth-Zigbee-gateway-enables-seamless-smart-device-linkage-in-the-Smart-Life-app-integrating-Zigbee-Bluetooth-and-WiFi-devices-for-real-time-smart-home-automation-100x100.webp 100w, https:\/\/www.slsele.com\/wp-content\/uploads\/2024\/10\/The-Bluetooth-Zigbee-gateway-enables-seamless-smart-device-linkage-in-the-Smart-Life-app-integrating-Zigbee-Bluetooth-and-WiFi-devices-for-real-time-smart-home-automation-50x50.webp 50w\" sizes=\"auto, (max-width: 1001px) 100vw, 1001px\" \/><br \/>\n<img loading=\"lazy\" decoding=\"async\" class=\"aligncenter wp-image-4124 size-full\" src=\"https:\/\/slsele.com\/wp-content\/uploads\/2024\/10\/Easy-to-activate-smart-devices-using-the-Bluetooth-Zigbee-gateway.webp\" alt=\"F\u00e1cil activaci\u00f3n de dispositivos inteligentes mediante la pasarela Bluetooth Zigbee\" width=\"1001\" height=\"1001\" srcset=\"https:\/\/www.slsele.com\/wp-content\/uploads\/2024\/10\/Easy-to-activate-smart-devices-using-the-Bluetooth-Zigbee-gateway.webp 1001w, https:\/\/www.slsele.com\/wp-content\/uploads\/2024\/10\/Easy-to-activate-smart-devices-using-the-Bluetooth-Zigbee-gateway-300x300.webp 300w, https:\/\/www.slsele.com\/wp-content\/uploads\/2024\/10\/Easy-to-activate-smart-devices-using-the-Bluetooth-Zigbee-gateway-150x150.webp 150w, https:\/\/www.slsele.com\/wp-content\/uploads\/2024\/10\/Easy-to-activate-smart-devices-using-the-Bluetooth-Zigbee-gateway-768x768.webp 768w, https:\/\/www.slsele.com\/wp-content\/uploads\/2024\/10\/Easy-to-activate-smart-devices-using-the-Bluetooth-Zigbee-gateway-12x12.webp 12w, https:\/\/www.slsele.com\/wp-content\/uploads\/2024\/10\/Easy-to-activate-smart-devices-using-the-Bluetooth-Zigbee-gateway-570x570.webp 570w, https:\/\/www.slsele.com\/wp-content\/uploads\/2024\/10\/Easy-to-activate-smart-devices-using-the-Bluetooth-Zigbee-gateway-500x500.webp 500w, https:\/\/www.slsele.com\/wp-content\/uploads\/2024\/10\/Easy-to-activate-smart-devices-using-the-Bluetooth-Zigbee-gateway-700x700.webp 700w, https:\/\/www.slsele.com\/wp-content\/uploads\/2024\/10\/Easy-to-activate-smart-devices-using-the-Bluetooth-Zigbee-gateway-600x600.webp 600w, https:\/\/www.slsele.com\/wp-content\/uploads\/2024\/10\/Easy-to-activate-smart-devices-using-the-Bluetooth-Zigbee-gateway-100x100.webp 100w, https:\/\/www.slsele.com\/wp-content\/uploads\/2024\/10\/Easy-to-activate-smart-devices-using-the-Bluetooth-Zigbee-gateway-50x50.webp 50w\" sizes=\"auto, (max-width: 1001px) 100vw, 1001px\" \/><\/p>\n<div data-page-id=\"Og4ddTWWLokRz4xRTG0cxHs4nQ3\" data-lark-html-role=\"root\" data-docx-has-block-data=\"false\">\n<h3 class=\"heading-2 ace-line old-record-id-MoxldRnqPo3PabxDoDVccuxnnyb\" style=\"text-align: left;\">M\u00faltiples modos de control<\/h3>\n<div class=\"ace-line ace-line old-record-id-E0e5djVsMoHw7YxtyCQcMsF3neb\" style=\"text-align: left;\">Esta integraci\u00f3n admite controles inteligentes, como programaci\u00f3n automatizada, funcionamiento remoto y comandos de voz a trav\u00e9s de asistentes de voz compatibles como Amazon Alexa o Google Assistant.<\/div>\n<\/div>\n<p><img loading=\"lazy\" decoding=\"async\" class=\"aligncenter size-full wp-image-4108\" src=\"https:\/\/slsele.com\/wp-content\/uploads\/2024\/05\/multi-mode-gateway-wireles-14-1.jpg\" alt=\"\" width=\"1001\" height=\"1001\" srcset=\"https:\/\/www.slsele.com\/wp-content\/uploads\/2024\/05\/multi-mode-gateway-wireles-14-1.jpg 1001w, https:\/\/www.slsele.com\/wp-content\/uploads\/2024\/05\/multi-mode-gateway-wireles-14-1-300x300.jpg 300w, https:\/\/www.slsele.com\/wp-content\/uploads\/2024\/05\/multi-mode-gateway-wireles-14-1-150x150.jpg 150w, https:\/\/www.slsele.com\/wp-content\/uploads\/2024\/05\/multi-mode-gateway-wireles-14-1-768x768.jpg 768w, https:\/\/www.slsele.com\/wp-content\/uploads\/2024\/05\/multi-mode-gateway-wireles-14-1-12x12.jpg 12w, https:\/\/www.slsele.com\/wp-content\/uploads\/2024\/05\/multi-mode-gateway-wireles-14-1-570x570.jpg 570w, https:\/\/www.slsele.com\/wp-content\/uploads\/2024\/05\/multi-mode-gateway-wireles-14-1-500x500.jpg 500w, https:\/\/www.slsele.com\/wp-content\/uploads\/2024\/05\/multi-mode-gateway-wireles-14-1-700x700.jpg 700w, https:\/\/www.slsele.com\/wp-content\/uploads\/2024\/05\/multi-mode-gateway-wireles-14-1-600x600.jpg 600w, https:\/\/www.slsele.com\/wp-content\/uploads\/2024\/05\/multi-mode-gateway-wireles-14-1-100x100.jpg 100w, https:\/\/www.slsele.com\/wp-content\/uploads\/2024\/05\/multi-mode-gateway-wireles-14-1-50x50.jpg 50w\" sizes=\"auto, (max-width: 1001px) 100vw, 1001px\" \/><br \/>\n<img loading=\"lazy\" decoding=\"async\" class=\"aligncenter wp-image-4119 size-full\" src=\"https:\/\/slsele.com\/wp-content\/uploads\/2024\/10\/Voice-control-of-the-kitchen-fingerbot-via-the-Bluetooth-Zigbee-gateway.webp\" alt=\"Control por voz del fingerbot de cocina a trav\u00e9s de la pasarela Bluetooth Zigbee\" width=\"1001\" height=\"1001\" srcset=\"https:\/\/www.slsele.com\/wp-content\/uploads\/2024\/10\/Voice-control-of-the-kitchen-fingerbot-via-the-Bluetooth-Zigbee-gateway.webp 1001w, https:\/\/www.slsele.com\/wp-content\/uploads\/2024\/10\/Voice-control-of-the-kitchen-fingerbot-via-the-Bluetooth-Zigbee-gateway-300x300.webp 300w, https:\/\/www.slsele.com\/wp-content\/uploads\/2024\/10\/Voice-control-of-the-kitchen-fingerbot-via-the-Bluetooth-Zigbee-gateway-150x150.webp 150w, https:\/\/www.slsele.com\/wp-content\/uploads\/2024\/10\/Voice-control-of-the-kitchen-fingerbot-via-the-Bluetooth-Zigbee-gateway-768x768.webp 768w, https:\/\/www.slsele.com\/wp-content\/uploads\/2024\/10\/Voice-control-of-the-kitchen-fingerbot-via-the-Bluetooth-Zigbee-gateway-12x12.webp 12w, https:\/\/www.slsele.com\/wp-content\/uploads\/2024\/10\/Voice-control-of-the-kitchen-fingerbot-via-the-Bluetooth-Zigbee-gateway-570x570.webp 570w, https:\/\/www.slsele.com\/wp-content\/uploads\/2024\/10\/Voice-control-of-the-kitchen-fingerbot-via-the-Bluetooth-Zigbee-gateway-500x500.webp 500w, https:\/\/www.slsele.com\/wp-content\/uploads\/2024\/10\/Voice-control-of-the-kitchen-fingerbot-via-the-Bluetooth-Zigbee-gateway-700x700.webp 700w, https:\/\/www.slsele.com\/wp-content\/uploads\/2024\/10\/Voice-control-of-the-kitchen-fingerbot-via-the-Bluetooth-Zigbee-gateway-600x600.webp 600w, https:\/\/www.slsele.com\/wp-content\/uploads\/2024\/10\/Voice-control-of-the-kitchen-fingerbot-via-the-Bluetooth-Zigbee-gateway-100x100.webp 100w, https:\/\/www.slsele.com\/wp-content\/uploads\/2024\/10\/Voice-control-of-the-kitchen-fingerbot-via-the-Bluetooth-Zigbee-gateway-50x50.webp 50w\" sizes=\"auto, (max-width: 1001px) 100vw, 1001px\" \/><\/p>\n<div data-page-id=\"Og4ddTWWLokRz4xRTG0cxHs4nQ3\" data-lark-html-role=\"root\" data-docx-has-block-data=\"false\">\n<h3 class=\"heading-2 ace-line old-record-id-UmQEdqzFVoKOdQxb8Z0c3FEjnAd\" style=\"text-align: left;\">Mayor seguridad del hogar inteligente<\/h3>\n<div class=\"ace-line ace-line old-record-id-TbpJdwtmIoXEQGx2AQnclQOgnpd\" style=\"text-align: left;\">El acceso a la pasarela unificada permite la gesti\u00f3n y el control unificados, lo que mejora la seguridad y la capacidad antiataque de los dispositivos inteligentes del hogar. Cree un sistema dom\u00e9stico inteligente m\u00e1s seguro. Centralizar el control y la supervisi\u00f3n de todos los dispositivos conectados a trav\u00e9s de una \u00fanica pasarela facilita la aplicaci\u00f3n de pol\u00edticas de seguridad y actualizaciones coherentes en toda la red dom\u00e9stica inteligente.<\/div>\n<\/div>\n<p><img loading=\"lazy\" decoding=\"async\" class=\"aligncenter wp-image-4116 size-full\" src=\"https:\/\/slsele.com\/wp-content\/uploads\/2024\/10\/The-Bluetooth-Zigbee-gateway-provides-safe-and-intelligent-home-automation-with-centralized-remote-control-of-multiple-smart-devices.webp\" alt=\"La pasarela Bluetooth Zigbee proporciona una dom\u00f3tica segura e inteligente con control remoto centralizado de m\u00faltiples dispositivos inteligentes\" width=\"1001\" height=\"1001\" srcset=\"https:\/\/www.slsele.com\/wp-content\/uploads\/2024\/10\/The-Bluetooth-Zigbee-gateway-provides-safe-and-intelligent-home-automation-with-centralized-remote-control-of-multiple-smart-devices.webp 1001w, https:\/\/www.slsele.com\/wp-content\/uploads\/2024\/10\/The-Bluetooth-Zigbee-gateway-provides-safe-and-intelligent-home-automation-with-centralized-remote-control-of-multiple-smart-devices-300x300.webp 300w, https:\/\/www.slsele.com\/wp-content\/uploads\/2024\/10\/The-Bluetooth-Zigbee-gateway-provides-safe-and-intelligent-home-automation-with-centralized-remote-control-of-multiple-smart-devices-150x150.webp 150w, https:\/\/www.slsele.com\/wp-content\/uploads\/2024\/10\/The-Bluetooth-Zigbee-gateway-provides-safe-and-intelligent-home-automation-with-centralized-remote-control-of-multiple-smart-devices-768x768.webp 768w, https:\/\/www.slsele.com\/wp-content\/uploads\/2024\/10\/The-Bluetooth-Zigbee-gateway-provides-safe-and-intelligent-home-automation-with-centralized-remote-control-of-multiple-smart-devices-12x12.webp 12w, https:\/\/www.slsele.com\/wp-content\/uploads\/2024\/10\/The-Bluetooth-Zigbee-gateway-provides-safe-and-intelligent-home-automation-with-centralized-remote-control-of-multiple-smart-devices-570x570.webp 570w, https:\/\/www.slsele.com\/wp-content\/uploads\/2024\/10\/The-Bluetooth-Zigbee-gateway-provides-safe-and-intelligent-home-automation-with-centralized-remote-control-of-multiple-smart-devices-500x500.webp 500w, https:\/\/www.slsele.com\/wp-content\/uploads\/2024\/10\/The-Bluetooth-Zigbee-gateway-provides-safe-and-intelligent-home-automation-with-centralized-remote-control-of-multiple-smart-devices-700x700.webp 700w, https:\/\/www.slsele.com\/wp-content\/uploads\/2024\/10\/The-Bluetooth-Zigbee-gateway-provides-safe-and-intelligent-home-automation-with-centralized-remote-control-of-multiple-smart-devices-600x600.webp 600w, https:\/\/www.slsele.com\/wp-content\/uploads\/2024\/10\/The-Bluetooth-Zigbee-gateway-provides-safe-and-intelligent-home-automation-with-centralized-remote-control-of-multiple-smart-devices-100x100.webp 100w, https:\/\/www.slsele.com\/wp-content\/uploads\/2024\/10\/The-Bluetooth-Zigbee-gateway-provides-safe-and-intelligent-home-automation-with-centralized-remote-control-of-multiple-smart-devices-50x50.webp 50w\" sizes=\"auto, (max-width: 1001px) 100vw, 1001px\" \/><\/p>\n<h3 style=\"text-align: left;\">Par\u00e1metros<br \/>\n<img loading=\"lazy\" decoding=\"async\" class=\"aligncenter wp-image-4125 size-full\" src=\"https:\/\/slsele.com\/wp-content\/uploads\/2024\/10\/product-specifications.webp\" alt=\"especificaciones del producto\" width=\"1001\" height=\"1001\" srcset=\"https:\/\/www.slsele.com\/wp-content\/uploads\/2024\/10\/product-specifications.webp 1001w, https:\/\/www.slsele.com\/wp-content\/uploads\/2024\/10\/product-specifications-300x300.webp 300w, https:\/\/www.slsele.com\/wp-content\/uploads\/2024\/10\/product-specifications-150x150.webp 150w, https:\/\/www.slsele.com\/wp-content\/uploads\/2024\/10\/product-specifications-768x768.webp 768w, https:\/\/www.slsele.com\/wp-content\/uploads\/2024\/10\/product-specifications-12x12.webp 12w, https:\/\/www.slsele.com\/wp-content\/uploads\/2024\/10\/product-specifications-570x570.webp 570w, https:\/\/www.slsele.com\/wp-content\/uploads\/2024\/10\/product-specifications-500x500.webp 500w, https:\/\/www.slsele.com\/wp-content\/uploads\/2024\/10\/product-specifications-700x700.webp 700w, https:\/\/www.slsele.com\/wp-content\/uploads\/2024\/10\/product-specifications-600x600.webp 600w, https:\/\/www.slsele.com\/wp-content\/uploads\/2024\/10\/product-specifications-100x100.webp 100w, https:\/\/www.slsele.com\/wp-content\/uploads\/2024\/10\/product-specifications-50x50.webp 50w\" sizes=\"auto, (max-width: 1001px) 100vw, 1001px\" \/><\/h3>","protected":false},"excerpt":{"rendered":"<div data-page-id=\"Og4ddTWWLokRz4xRTG0cxHs4nQ3\" data-lark-html-role=\"root\" data-docx-has-block-data=\"false\">\n<div class=\"ace-line ace-line old-record-id-doxcnb5Lj14JhjBdLs8A3OH7uPh\">La pasarela inal\u00e1mbrica inteligente muti-modo Wifi Bluetooth Zigbee soporta comunicaci\u00f3n muti-protocolo. Con esta pasarela multimodo, puede a\u00f1adir diferentes tipos de dispositivos tuya zigbee y bluetooth, y controlarlos de forma remota en su aplicaci\u00f3n m\u00f3vil.<\/div>\n<\/div>","protected":false},"featured_media":4121,"comment_status":"open","ping_status":"closed","template":"","meta":[],"product_brand":[],"product_cat":[20],"product_tag":[],"class_list":{"0":"post-1713","1":"product","2":"type-product","3":"status-publish","4":"has-post-thumbnail","6":"product_cat-smart-gateway","8":"first","9":"instock","10":"shipping-taxable","11":"purchasable","12":"product-type-simple"},"_links":{"self":[{"href":"https:\/\/www.slsele.com\/es\/wp-json\/wp\/v2\/product\/1713","targetHints":{"allow":["GET"]}}],"collection":[{"href":"https:\/\/www.slsele.com\/es\/wp-json\/wp\/v2\/product"}],"about":[{"href":"https:\/\/www.slsele.com\/es\/wp-json\/wp\/v2\/types\/product"}],"replies":[{"embeddable":true,"href":"https:\/\/www.slsele.com\/es\/wp-json\/wp\/v2\/comments?post=1713"}],"wp:featuredmedia":[{"embeddable":true,"href":"https:\/\/www.slsele.com\/es\/wp-json\/wp\/v2\/media\/4121"}],"wp:attachment":[{"href":"https:\/\/www.slsele.com\/es\/wp-json\/wp\/v2\/media?parent=1713"}],"wp:term":[{"taxonomy":"product_brand","embeddable":true,"href":"https:\/\/www.slsele.com\/es\/wp-json\/wp\/v2\/product_brand?post=1713"},{"taxonomy":"product_cat","embeddable":true,"href":"https:\/\/www.slsele.com\/es\/wp-json\/wp\/v2\/product_cat?post=1713"},{"taxonomy":"product_tag","embeddable":true,"href":"https:\/\/www.slsele.com\/es\/wp-json\/wp\/v2\/product_tag?post=1713"}],"curies":[{"name":"wp","href":"https:\/\/api.w.org\/{rel}","templated":true}]}}