{"id":1694,"date":"2024-05-25T16:00:52","date_gmt":"2024-05-25T08:00:52","guid":{"rendered":"https:\/\/slsele.com\/?post_type=product&#038;p=1694"},"modified":"2024-05-25T16:00:52","modified_gmt":"2024-05-25T08:00:52","slug":"usb-multi-mode-zigbee-bluetooth-gateway","status":"publish","type":"product","link":"https:\/\/www.slsele.com\/es\/producto\/usb-multi-mode-zigbee-bluetooth-gateway\/","title":{"rendered":"USB Multi-mode Zigbee Bluetooth Gateway"},"content":{"rendered":"<h3 style=\"text-align: center;\">TUYA Multi-mode Gateway WiFi+Zigbee+Bluetooth HUB, forma USB<\/h3>\n<p><img loading=\"lazy\" decoding=\"async\" class=\"aligncenter size-full wp-image-1708\" src=\"https:\/\/slsele.com\/wp-content\/uploads\/2024\/05\/USB-zigbee-gateway-14.jpg\" alt=\"\" width=\"1001\" height=\"1001\" srcset=\"https:\/\/www.slsele.com\/wp-content\/uploads\/2024\/05\/USB-zigbee-gateway-14.jpg 1001w, https:\/\/www.slsele.com\/wp-content\/uploads\/2024\/05\/USB-zigbee-gateway-14-300x300.jpg 300w, https:\/\/www.slsele.com\/wp-content\/uploads\/2024\/05\/USB-zigbee-gateway-14-150x150.jpg 150w, https:\/\/www.slsele.com\/wp-content\/uploads\/2024\/05\/USB-zigbee-gateway-14-768x768.jpg 768w, https:\/\/www.slsele.com\/wp-content\/uploads\/2024\/05\/USB-zigbee-gateway-14-12x12.jpg 12w, https:\/\/www.slsele.com\/wp-content\/uploads\/2024\/05\/USB-zigbee-gateway-14-570x570.jpg 570w, https:\/\/www.slsele.com\/wp-content\/uploads\/2024\/05\/USB-zigbee-gateway-14-500x500.jpg 500w, https:\/\/www.slsele.com\/wp-content\/uploads\/2024\/05\/USB-zigbee-gateway-14-700x700.jpg 700w, https:\/\/www.slsele.com\/wp-content\/uploads\/2024\/05\/USB-zigbee-gateway-14-600x600.jpg 600w, https:\/\/www.slsele.com\/wp-content\/uploads\/2024\/05\/USB-zigbee-gateway-14-100x100.jpg 100w, https:\/\/www.slsele.com\/wp-content\/uploads\/2024\/05\/USB-zigbee-gateway-14-50x50.jpg 50w\" sizes=\"auto, (max-width: 1001px) 100vw, 1001px\" \/><img loading=\"lazy\" decoding=\"async\" class=\"aligncenter size-full wp-image-1711\" src=\"https:\/\/slsele.com\/wp-content\/uploads\/2024\/05\/USB-zigbee-gateway-17.jpg\" alt=\"\" width=\"1001\" height=\"1001\" srcset=\"https:\/\/www.slsele.com\/wp-content\/uploads\/2024\/05\/USB-zigbee-gateway-17.jpg 1001w, https:\/\/www.slsele.com\/wp-content\/uploads\/2024\/05\/USB-zigbee-gateway-17-300x300.jpg 300w, https:\/\/www.slsele.com\/wp-content\/uploads\/2024\/05\/USB-zigbee-gateway-17-150x150.jpg 150w, https:\/\/www.slsele.com\/wp-content\/uploads\/2024\/05\/USB-zigbee-gateway-17-768x768.jpg 768w, https:\/\/www.slsele.com\/wp-content\/uploads\/2024\/05\/USB-zigbee-gateway-17-12x12.jpg 12w, https:\/\/www.slsele.com\/wp-content\/uploads\/2024\/05\/USB-zigbee-gateway-17-570x570.jpg 570w, https:\/\/www.slsele.com\/wp-content\/uploads\/2024\/05\/USB-zigbee-gateway-17-500x500.jpg 500w, https:\/\/www.slsele.com\/wp-content\/uploads\/2024\/05\/USB-zigbee-gateway-17-700x700.jpg 700w, https:\/\/www.slsele.com\/wp-content\/uploads\/2024\/05\/USB-zigbee-gateway-17-600x600.jpg 600w, https:\/\/www.slsele.com\/wp-content\/uploads\/2024\/05\/USB-zigbee-gateway-17-100x100.jpg 100w, https:\/\/www.slsele.com\/wp-content\/uploads\/2024\/05\/USB-zigbee-gateway-17-50x50.jpg 50w\" sizes=\"auto, (max-width: 1001px) 100vw, 1001px\" \/><img loading=\"lazy\" decoding=\"async\" class=\"aligncenter size-full wp-image-1712\" src=\"https:\/\/slsele.com\/wp-content\/uploads\/2024\/05\/USB-zigbee-gateway-18.jpg\" alt=\"\" width=\"1001\" height=\"1001\" srcset=\"https:\/\/www.slsele.com\/wp-content\/uploads\/2024\/05\/USB-zigbee-gateway-18.jpg 1001w, https:\/\/www.slsele.com\/wp-content\/uploads\/2024\/05\/USB-zigbee-gateway-18-300x300.jpg 300w, https:\/\/www.slsele.com\/wp-content\/uploads\/2024\/05\/USB-zigbee-gateway-18-150x150.jpg 150w, https:\/\/www.slsele.com\/wp-content\/uploads\/2024\/05\/USB-zigbee-gateway-18-768x768.jpg 768w, https:\/\/www.slsele.com\/wp-content\/uploads\/2024\/05\/USB-zigbee-gateway-18-12x12.jpg 12w, https:\/\/www.slsele.com\/wp-content\/uploads\/2024\/05\/USB-zigbee-gateway-18-570x570.jpg 570w, https:\/\/www.slsele.com\/wp-content\/uploads\/2024\/05\/USB-zigbee-gateway-18-500x500.jpg 500w, https:\/\/www.slsele.com\/wp-content\/uploads\/2024\/05\/USB-zigbee-gateway-18-700x700.jpg 700w, https:\/\/www.slsele.com\/wp-content\/uploads\/2024\/05\/USB-zigbee-gateway-18-600x600.jpg 600w, https:\/\/www.slsele.com\/wp-content\/uploads\/2024\/05\/USB-zigbee-gateway-18-100x100.jpg 100w, https:\/\/www.slsele.com\/wp-content\/uploads\/2024\/05\/USB-zigbee-gateway-18-50x50.jpg 50w\" sizes=\"auto, (max-width: 1001px) 100vw, 1001px\" \/><img loading=\"lazy\" decoding=\"async\" class=\"aligncenter size-full wp-image-1710\" src=\"https:\/\/slsele.com\/wp-content\/uploads\/2024\/05\/USB-zigbee-gateway-16.jpg\" alt=\"\" width=\"1001\" height=\"1001\" srcset=\"https:\/\/www.slsele.com\/wp-content\/uploads\/2024\/05\/USB-zigbee-gateway-16.jpg 1001w, https:\/\/www.slsele.com\/wp-content\/uploads\/2024\/05\/USB-zigbee-gateway-16-300x300.jpg 300w, https:\/\/www.slsele.com\/wp-content\/uploads\/2024\/05\/USB-zigbee-gateway-16-150x150.jpg 150w, https:\/\/www.slsele.com\/wp-content\/uploads\/2024\/05\/USB-zigbee-gateway-16-768x768.jpg 768w, https:\/\/www.slsele.com\/wp-content\/uploads\/2024\/05\/USB-zigbee-gateway-16-12x12.jpg 12w, https:\/\/www.slsele.com\/wp-content\/uploads\/2024\/05\/USB-zigbee-gateway-16-570x570.jpg 570w, https:\/\/www.slsele.com\/wp-content\/uploads\/2024\/05\/USB-zigbee-gateway-16-500x500.jpg 500w, https:\/\/www.slsele.com\/wp-content\/uploads\/2024\/05\/USB-zigbee-gateway-16-700x700.jpg 700w, https:\/\/www.slsele.com\/wp-content\/uploads\/2024\/05\/USB-zigbee-gateway-16-600x600.jpg 600w, https:\/\/www.slsele.com\/wp-content\/uploads\/2024\/05\/USB-zigbee-gateway-16-100x100.jpg 100w, https:\/\/www.slsele.com\/wp-content\/uploads\/2024\/05\/USB-zigbee-gateway-16-50x50.jpg 50w\" sizes=\"auto, (max-width: 1001px) 100vw, 1001px\" \/><img loading=\"lazy\" decoding=\"async\" class=\"aligncenter size-full wp-image-1707\" src=\"https:\/\/slsele.com\/wp-content\/uploads\/2024\/05\/USB-zigbee-gateway-13.jpg\" alt=\"\" width=\"1001\" height=\"1001\" srcset=\"https:\/\/www.slsele.com\/wp-content\/uploads\/2024\/05\/USB-zigbee-gateway-13.jpg 1001w, https:\/\/www.slsele.com\/wp-content\/uploads\/2024\/05\/USB-zigbee-gateway-13-300x300.jpg 300w, https:\/\/www.slsele.com\/wp-content\/uploads\/2024\/05\/USB-zigbee-gateway-13-150x150.jpg 150w, https:\/\/www.slsele.com\/wp-content\/uploads\/2024\/05\/USB-zigbee-gateway-13-768x768.jpg 768w, https:\/\/www.slsele.com\/wp-content\/uploads\/2024\/05\/USB-zigbee-gateway-13-12x12.jpg 12w, https:\/\/www.slsele.com\/wp-content\/uploads\/2024\/05\/USB-zigbee-gateway-13-570x570.jpg 570w, https:\/\/www.slsele.com\/wp-content\/uploads\/2024\/05\/USB-zigbee-gateway-13-500x500.jpg 500w, https:\/\/www.slsele.com\/wp-content\/uploads\/2024\/05\/USB-zigbee-gateway-13-700x700.jpg 700w, https:\/\/www.slsele.com\/wp-content\/uploads\/2024\/05\/USB-zigbee-gateway-13-600x600.jpg 600w, https:\/\/www.slsele.com\/wp-content\/uploads\/2024\/05\/USB-zigbee-gateway-13-100x100.jpg 100w, https:\/\/www.slsele.com\/wp-content\/uploads\/2024\/05\/USB-zigbee-gateway-13-50x50.jpg 50w\" sizes=\"auto, (max-width: 1001px) 100vw, 1001px\" \/><img loading=\"lazy\" decoding=\"async\" class=\"aligncenter size-full wp-image-1706\" src=\"https:\/\/slsele.com\/wp-content\/uploads\/2024\/05\/USB-zigbee-gateway-12.jpg\" alt=\"\" width=\"1001\" height=\"1001\" srcset=\"https:\/\/www.slsele.com\/wp-content\/uploads\/2024\/05\/USB-zigbee-gateway-12.jpg 1001w, https:\/\/www.slsele.com\/wp-content\/uploads\/2024\/05\/USB-zigbee-gateway-12-300x300.jpg 300w, https:\/\/www.slsele.com\/wp-content\/uploads\/2024\/05\/USB-zigbee-gateway-12-150x150.jpg 150w, https:\/\/www.slsele.com\/wp-content\/uploads\/2024\/05\/USB-zigbee-gateway-12-768x768.jpg 768w, https:\/\/www.slsele.com\/wp-content\/uploads\/2024\/05\/USB-zigbee-gateway-12-12x12.jpg 12w, https:\/\/www.slsele.com\/wp-content\/uploads\/2024\/05\/USB-zigbee-gateway-12-570x570.jpg 570w, https:\/\/www.slsele.com\/wp-content\/uploads\/2024\/05\/USB-zigbee-gateway-12-500x500.jpg 500w, https:\/\/www.slsele.com\/wp-content\/uploads\/2024\/05\/USB-zigbee-gateway-12-700x700.jpg 700w, https:\/\/www.slsele.com\/wp-content\/uploads\/2024\/05\/USB-zigbee-gateway-12-600x600.jpg 600w, https:\/\/www.slsele.com\/wp-content\/uploads\/2024\/05\/USB-zigbee-gateway-12-100x100.jpg 100w, https:\/\/www.slsele.com\/wp-content\/uploads\/2024\/05\/USB-zigbee-gateway-12-50x50.jpg 50w\" sizes=\"auto, (max-width: 1001px) 100vw, 1001px\" \/><img loading=\"lazy\" decoding=\"async\" class=\"aligncenter size-full wp-image-1703\" src=\"https:\/\/slsele.com\/wp-content\/uploads\/2024\/05\/USB-zigbee-gateway-9.jpg\" alt=\"\" width=\"1001\" height=\"1001\" srcset=\"https:\/\/www.slsele.com\/wp-content\/uploads\/2024\/05\/USB-zigbee-gateway-9.jpg 1001w, https:\/\/www.slsele.com\/wp-content\/uploads\/2024\/05\/USB-zigbee-gateway-9-300x300.jpg 300w, https:\/\/www.slsele.com\/wp-content\/uploads\/2024\/05\/USB-zigbee-gateway-9-150x150.jpg 150w, https:\/\/www.slsele.com\/wp-content\/uploads\/2024\/05\/USB-zigbee-gateway-9-768x768.jpg 768w, https:\/\/www.slsele.com\/wp-content\/uploads\/2024\/05\/USB-zigbee-gateway-9-12x12.jpg 12w, https:\/\/www.slsele.com\/wp-content\/uploads\/2024\/05\/USB-zigbee-gateway-9-570x570.jpg 570w, https:\/\/www.slsele.com\/wp-content\/uploads\/2024\/05\/USB-zigbee-gateway-9-500x500.jpg 500w, https:\/\/www.slsele.com\/wp-content\/uploads\/2024\/05\/USB-zigbee-gateway-9-700x700.jpg 700w, https:\/\/www.slsele.com\/wp-content\/uploads\/2024\/05\/USB-zigbee-gateway-9-600x600.jpg 600w, https:\/\/www.slsele.com\/wp-content\/uploads\/2024\/05\/USB-zigbee-gateway-9-100x100.jpg 100w, https:\/\/www.slsele.com\/wp-content\/uploads\/2024\/05\/USB-zigbee-gateway-9-50x50.jpg 50w\" sizes=\"auto, (max-width: 1001px) 100vw, 1001px\" \/><\/p>","protected":false},"excerpt":{"rendered":"<h5><strong><b>Dise\u00f1o mini USB inal\u00e1mbrico con 210\u00b0 giratorio <span data-slate-fragment=\"JTVCJTdCJTIydHlwZSUyMiUzQSUyMnBhcmFncmFwaCUyMiUyQyUyMmNoaWxkcmVuJTIyJTNBJTVCJTdCJTIyaWQlMjIlM0ElMjI2Vmt3TWs0bFpWJTIyJTJDJTIycGFyYUlkeCUyMiUzQTAlMkMlMjJzcmMlMjIlM0ElMjJwaXZvdCUyMiUyQyUyMmRzdCUyMiUzQSUyMiVFNiU5NCVBRiVFNyU4MiVCOSUyMiUyQyUyMm1ldGFkYXRhJTIyJTNBJTIyJTIyJTJDJTIybWV0YURhdGElMjIlM0ElNUIlNUQlMkMlMjJ0ZXh0JTIyJTNBJTIycGl2b3QlMjIlN0QlNUQlN0QlNUQ=\">pivote<\/span>. <\/b><\/strong>Con esta pasarela multimodo, puede a\u00f1adir diferentes tipos de dispositivos tuya zigbee y bluetooth, y controlarlos remotamente en su aplicaci\u00f3n m\u00f3vil.<\/h5>","protected":false},"featured_media":1695,"comment_status":"open","ping_status":"closed","template":"","meta":[],"product_brand":[],"product_cat":[20],"product_tag":[],"class_list":{"0":"post-1694","1":"product","2":"type-product","3":"status-publish","4":"has-post-thumbnail","6":"product_cat-smart-gateway","8":"first","9":"instock","10":"shipping-taxable","11":"purchasable","12":"product-type-simple"},"_links":{"self":[{"href":"https:\/\/www.slsele.com\/es\/wp-json\/wp\/v2\/product\/1694","targetHints":{"allow":["GET"]}}],"collection":[{"href":"https:\/\/www.slsele.com\/es\/wp-json\/wp\/v2\/product"}],"about":[{"href":"https:\/\/www.slsele.com\/es\/wp-json\/wp\/v2\/types\/product"}],"replies":[{"embeddable":true,"href":"https:\/\/www.slsele.com\/es\/wp-json\/wp\/v2\/comments?post=1694"}],"wp:featuredmedia":[{"embeddable":true,"href":"https:\/\/www.slsele.com\/es\/wp-json\/wp\/v2\/media\/1695"}],"wp:attachment":[{"href":"https:\/\/www.slsele.com\/es\/wp-json\/wp\/v2\/media?parent=1694"}],"wp:term":[{"taxonomy":"product_brand","embeddable":true,"href":"https:\/\/www.slsele.com\/es\/wp-json\/wp\/v2\/product_brand?post=1694"},{"taxonomy":"product_cat","embeddable":true,"href":"https:\/\/www.slsele.com\/es\/wp-json\/wp\/v2\/product_cat?post=1694"},{"taxonomy":"product_tag","embeddable":true,"href":"https:\/\/www.slsele.com\/es\/wp-json\/wp\/v2\/product_tag?post=1694"}],"curies":[{"name":"wp","href":"https:\/\/api.w.org\/{rel}","templated":true}]}}