{"id":1675,"date":"2024-05-25T15:46:31","date_gmt":"2024-05-25T07:46:31","guid":{"rendered":"https:\/\/slsele.com\/?post_type=product&#038;p=1675"},"modified":"2024-10-30T05:33:04","modified_gmt":"2024-10-29T21:33:04","slug":"big-smart-zigbee-gateway","status":"publish","type":"product","link":"https:\/\/www.slsele.com\/es\/producto\/big-smart-zigbee-gateway\/","title":{"rendered":"Puerta de enlace Zigbee inteligente grande SLS"},"content":{"rendered":"<h2 style=\"text-align: center; font-size: 25px;\">SLS Smart Zigbee Gateway con cable de red USB<\/h2>\n<h3 style=\"text-align: left; font-size: 20px;\">Descripci\u00f3n<\/h3>\n<p style=\"text-align: left; font-size: 20px;\">Esta puerta de enlace Tuya es una puerta de enlace ZigBee inteligente, el dispositivo clave en la red ZigBee. Los dispositivos ZigBee se unen a la red mediante una puerta de enlace ZigBee inteligente, estableciendo comunicaci\u00f3n con otros dispositivos ZigBee, incluidos los dispositivos ZigBee3.0. La puerta de enlace inteligente debe conectarse a un enrutador mediante un cable, que puede realizar la comunicaci\u00f3n entre la nube y la aplicaci\u00f3n. Al utilizar la aplicaci\u00f3n, los usuarios pueden comprobar y controlar todos los dispositivos ZigBee.<\/p>\n<p>&nbsp;<\/p>\n<p style=\"text-align: left; font-size: 20px;\">Nuestro avanzado Zigbee Gateway inteligente est\u00e1 dise\u00f1ado para mejorar su experiencia de hogar inteligente con una funcionalidad incomparable y una integraci\u00f3n perfecta. Admite hasta 128 dispositivos, incluidos el interruptor de bot\u00f3n ZigBee, el interruptor de panel de vidrio ZigBee y el m\u00f3dulo de interruptor ZigBee, y ofrece un control integral sobre la iluminaci\u00f3n y los electrodom\u00e9sticos de su hogar.<\/p>\n<p>&nbsp;<\/p>\n<p style=\"text-align: left; font-size: 20px;\">Con\u00e9ctese sin esfuerzo con Alexa o Google Home para obtener comandos de voz intuitivos, haciendo que las tareas cotidianas sean tan simples como un mensaje de voz. Experimente la verdadera comodidad con Smart Scene Linkage: empareje la puerta de enlace Zigbee inteligente con un sensor de movimiento PIR y un m\u00f3dulo de interruptor inteligente Zigbee para automatizar su iluminaci\u00f3n. Cuando se detecta movimiento por la noche, las luces se iluminan autom\u00e1ticamente, garantizando seguridad y comodidad sin mover un dedo.<\/p>\n<p>&nbsp;<\/p>\n<p style=\"text-align: left; font-size: 20px;\">Las capacidades de Compartir en Familia permiten que varios usuarios administren y monitoreen dispositivos, mejorando la accesibilidad en toda su casa. Para los entusiastas de Apple, la compatibilidad con Siri Voice Control agrega otra capa de versatilidad, permitiendo una interacci\u00f3n perfecta con el ecosistema de su hogar inteligente.<\/p>\n<p>&nbsp;<\/p>\n<p style=\"text-align: left; font-size: 20px;\">Con nuestro Zigbee Gateway inteligente, abrace una nueva era de automatizaci\u00f3n del hogar donde el control, la comodidad y la conectividad convergen sin esfuerzo. Perfecto para la vida moderna, es la piedra angular de un entorno dom\u00e9stico m\u00e1s inteligente y eficiente.<\/p>\n<p><img loading=\"lazy\" decoding=\"async\" class=\"aligncenter size-full wp-image-1680\" src=\"https:\/\/slsele.com\/wp-content\/uploads\/2024\/05\/hub-4-5.jpg\" alt=\"\" width=\"1001\" height=\"1001\" srcset=\"https:\/\/www.slsele.com\/wp-content\/uploads\/2024\/05\/hub-4-5.jpg 1001w, https:\/\/www.slsele.com\/wp-content\/uploads\/2024\/05\/hub-4-5-300x300.jpg 300w, https:\/\/www.slsele.com\/wp-content\/uploads\/2024\/05\/hub-4-5-150x150.jpg 150w, https:\/\/www.slsele.com\/wp-content\/uploads\/2024\/05\/hub-4-5-768x768.jpg 768w, https:\/\/www.slsele.com\/wp-content\/uploads\/2024\/05\/hub-4-5-12x12.jpg 12w, https:\/\/www.slsele.com\/wp-content\/uploads\/2024\/05\/hub-4-5-570x570.jpg 570w, https:\/\/www.slsele.com\/wp-content\/uploads\/2024\/05\/hub-4-5-500x500.jpg 500w, https:\/\/www.slsele.com\/wp-content\/uploads\/2024\/05\/hub-4-5-700x700.jpg 700w, https:\/\/www.slsele.com\/wp-content\/uploads\/2024\/05\/hub-4-5-600x600.jpg 600w, https:\/\/www.slsele.com\/wp-content\/uploads\/2024\/05\/hub-4-5-100x100.jpg 100w, https:\/\/www.slsele.com\/wp-content\/uploads\/2024\/05\/hub-4-5-50x50.jpg 50w\" sizes=\"auto, (max-width: 1001px) 100vw, 1001px\" \/><\/p>\n<p style=\"text-align: left; font-size: 20px;\">El concentrador de puerta de enlace para el hogar inteligente est\u00e1 dise\u00f1ado con un tipo cableado para que sea mucho m\u00e1s estable y se pueda conectar a m\u00e1s dispositivos que el tipo inal\u00e1mbrico, junto con una configuraci\u00f3n WiFi extremadamente r\u00e1pida y sencilla, sin necesidad de conocimientos t\u00e9cnicos profesionales.<\/p>\n<p><img loading=\"lazy\" decoding=\"async\" class=\"aligncenter wp-image-1682 size-full\" src=\"https:\/\/slsele.com\/wp-content\/uploads\/2024\/05\/hub-4-7.jpg\" alt=\"puerta de enlace zigbee inteligente\" width=\"1001\" height=\"1001\" srcset=\"https:\/\/www.slsele.com\/wp-content\/uploads\/2024\/05\/hub-4-7.jpg 1001w, https:\/\/www.slsele.com\/wp-content\/uploads\/2024\/05\/hub-4-7-300x300.jpg 300w, https:\/\/www.slsele.com\/wp-content\/uploads\/2024\/05\/hub-4-7-150x150.jpg 150w, https:\/\/www.slsele.com\/wp-content\/uploads\/2024\/05\/hub-4-7-768x768.jpg 768w, https:\/\/www.slsele.com\/wp-content\/uploads\/2024\/05\/hub-4-7-12x12.jpg 12w, https:\/\/www.slsele.com\/wp-content\/uploads\/2024\/05\/hub-4-7-570x570.jpg 570w, https:\/\/www.slsele.com\/wp-content\/uploads\/2024\/05\/hub-4-7-500x500.jpg 500w, https:\/\/www.slsele.com\/wp-content\/uploads\/2024\/05\/hub-4-7-700x700.jpg 700w, https:\/\/www.slsele.com\/wp-content\/uploads\/2024\/05\/hub-4-7-600x600.jpg 600w, https:\/\/www.slsele.com\/wp-content\/uploads\/2024\/05\/hub-4-7-100x100.jpg 100w, https:\/\/www.slsele.com\/wp-content\/uploads\/2024\/05\/hub-4-7-50x50.jpg 50w\" sizes=\"auto, (max-width: 1001px) 100vw, 1001px\" \/><img loading=\"lazy\" decoding=\"async\" class=\"aligncenter size-full wp-image-1683\" src=\"https:\/\/slsele.com\/wp-content\/uploads\/2024\/05\/hub-4-8.jpg\" alt=\"\" width=\"1001\" height=\"1001\" srcset=\"https:\/\/www.slsele.com\/wp-content\/uploads\/2024\/05\/hub-4-8.jpg 1001w, https:\/\/www.slsele.com\/wp-content\/uploads\/2024\/05\/hub-4-8-300x300.jpg 300w, https:\/\/www.slsele.com\/wp-content\/uploads\/2024\/05\/hub-4-8-150x150.jpg 150w, https:\/\/www.slsele.com\/wp-content\/uploads\/2024\/05\/hub-4-8-768x768.jpg 768w, https:\/\/www.slsele.com\/wp-content\/uploads\/2024\/05\/hub-4-8-12x12.jpg 12w, https:\/\/www.slsele.com\/wp-content\/uploads\/2024\/05\/hub-4-8-570x570.jpg 570w, https:\/\/www.slsele.com\/wp-content\/uploads\/2024\/05\/hub-4-8-500x500.jpg 500w, https:\/\/www.slsele.com\/wp-content\/uploads\/2024\/05\/hub-4-8-700x700.jpg 700w, https:\/\/www.slsele.com\/wp-content\/uploads\/2024\/05\/hub-4-8-600x600.jpg 600w, https:\/\/www.slsele.com\/wp-content\/uploads\/2024\/05\/hub-4-8-100x100.jpg 100w, https:\/\/www.slsele.com\/wp-content\/uploads\/2024\/05\/hub-4-8-50x50.jpg 50w\" sizes=\"auto, (max-width: 1001px) 100vw, 1001px\" \/><img loading=\"lazy\" decoding=\"async\" class=\"aligncenter size-full wp-image-1684\" src=\"https:\/\/slsele.com\/wp-content\/uploads\/2024\/05\/hub-4-9.jpg\" alt=\"\" width=\"1001\" height=\"1001\" srcset=\"https:\/\/www.slsele.com\/wp-content\/uploads\/2024\/05\/hub-4-9.jpg 1001w, https:\/\/www.slsele.com\/wp-content\/uploads\/2024\/05\/hub-4-9-300x300.jpg 300w, https:\/\/www.slsele.com\/wp-content\/uploads\/2024\/05\/hub-4-9-150x150.jpg 150w, https:\/\/www.slsele.com\/wp-content\/uploads\/2024\/05\/hub-4-9-768x768.jpg 768w, https:\/\/www.slsele.com\/wp-content\/uploads\/2024\/05\/hub-4-9-12x12.jpg 12w, https:\/\/www.slsele.com\/wp-content\/uploads\/2024\/05\/hub-4-9-570x570.jpg 570w, https:\/\/www.slsele.com\/wp-content\/uploads\/2024\/05\/hub-4-9-500x500.jpg 500w, https:\/\/www.slsele.com\/wp-content\/uploads\/2024\/05\/hub-4-9-700x700.jpg 700w, https:\/\/www.slsele.com\/wp-content\/uploads\/2024\/05\/hub-4-9-600x600.jpg 600w, https:\/\/www.slsele.com\/wp-content\/uploads\/2024\/05\/hub-4-9-100x100.jpg 100w, https:\/\/www.slsele.com\/wp-content\/uploads\/2024\/05\/hub-4-9-50x50.jpg 50w\" sizes=\"auto, (max-width: 1001px) 100vw, 1001px\" \/><img loading=\"lazy\" decoding=\"async\" class=\"aligncenter size-large wp-image-1688\" src=\"https:\/\/slsele.com\/wp-content\/uploads\/2024\/05\/hub-4-13-1024x1024.jpg\" alt=\"\" width=\"1024\" height=\"1024\" srcset=\"https:\/\/www.slsele.com\/wp-content\/uploads\/2024\/05\/hub-4-13-1024x1024.jpg 1024w, https:\/\/www.slsele.com\/wp-content\/uploads\/2024\/05\/hub-4-13-300x300.jpg 300w, https:\/\/www.slsele.com\/wp-content\/uploads\/2024\/05\/hub-4-13-150x150.jpg 150w, https:\/\/www.slsele.com\/wp-content\/uploads\/2024\/05\/hub-4-13-768x768.jpg 768w, https:\/\/www.slsele.com\/wp-content\/uploads\/2024\/05\/hub-4-13-1536x1536.jpg 1536w, https:\/\/www.slsele.com\/wp-content\/uploads\/2024\/05\/hub-4-13-12x12.jpg 12w, https:\/\/www.slsele.com\/wp-content\/uploads\/2024\/05\/hub-4-13-570x570.jpg 570w, https:\/\/www.slsele.com\/wp-content\/uploads\/2024\/05\/hub-4-13-500x500.jpg 500w, https:\/\/www.slsele.com\/wp-content\/uploads\/2024\/05\/hub-4-13-1000x1000.jpg 1000w, https:\/\/www.slsele.com\/wp-content\/uploads\/2024\/05\/hub-4-13-700x700.jpg 700w, https:\/\/www.slsele.com\/wp-content\/uploads\/2024\/05\/hub-4-13-600x600.jpg 600w, https:\/\/www.slsele.com\/wp-content\/uploads\/2024\/05\/hub-4-13-100x100.jpg 100w, https:\/\/www.slsele.com\/wp-content\/uploads\/2024\/05\/hub-4-13-50x50.jpg 50w, https:\/\/www.slsele.com\/wp-content\/uploads\/2024\/05\/hub-4-13.jpg 1600w\" sizes=\"auto, (max-width: 1024px) 100vw, 1024px\" \/><img loading=\"lazy\" decoding=\"async\" class=\"aligncenter size-full wp-image-1693\" src=\"https:\/\/slsele.com\/wp-content\/uploads\/2024\/05\/hub-4-18.jpg\" alt=\"\" width=\"1001\" height=\"1001\" srcset=\"https:\/\/www.slsele.com\/wp-content\/uploads\/2024\/05\/hub-4-18.jpg 1001w, https:\/\/www.slsele.com\/wp-content\/uploads\/2024\/05\/hub-4-18-300x300.jpg 300w, https:\/\/www.slsele.com\/wp-content\/uploads\/2024\/05\/hub-4-18-150x150.jpg 150w, https:\/\/www.slsele.com\/wp-content\/uploads\/2024\/05\/hub-4-18-768x768.jpg 768w, https:\/\/www.slsele.com\/wp-content\/uploads\/2024\/05\/hub-4-18-12x12.jpg 12w, https:\/\/www.slsele.com\/wp-content\/uploads\/2024\/05\/hub-4-18-570x570.jpg 570w, https:\/\/www.slsele.com\/wp-content\/uploads\/2024\/05\/hub-4-18-500x500.jpg 500w, https:\/\/www.slsele.com\/wp-content\/uploads\/2024\/05\/hub-4-18-700x700.jpg 700w, https:\/\/www.slsele.com\/wp-content\/uploads\/2024\/05\/hub-4-18-600x600.jpg 600w, https:\/\/www.slsele.com\/wp-content\/uploads\/2024\/05\/hub-4-18-100x100.jpg 100w, https:\/\/www.slsele.com\/wp-content\/uploads\/2024\/05\/hub-4-18-50x50.jpg 50w\" sizes=\"auto, (max-width: 1001px) 100vw, 1001px\" \/><\/p>\n<h3 style=\"text-align: left; font-size: 20px;\">Caracter\u00edsticas<\/h3>\n<ul>\n<li style=\"text-align: left; font-size: 20px;\"><span lang=\"EN-US\" style=\"font-family: 'Times New Roman',serif; color: #0e101a;\"><b>Soporte para hasta 128 dispositivos<\/b>: Esto incluye un interruptor de bot\u00f3n ZigBee, un interruptor de panel de vidrio ZigBee, un m\u00f3dulo de interruptor ZigBee y m\u00e1s.<\/span><\/li>\n<li style=\"text-align: left;\"><span lang=\"EN-US\" style=\"font-family: 'Times New Roman',serif; color: #0e101a;\"><b>Compatibilidad con control por voz<\/b>: Se integra perfectamente con Alexa y Google Home para funcionamiento con manos libres.<\/span> <span lang=\"EN-US\" style=\"font-family: 'Times New Roman',serif; color: #0e101a;\">Permite un control conveniente para los usuarios de Apple, agregando versatilidad a la configuraci\u00f3n de su hogar inteligente.<\/span><\/li>\n<li style=\"text-align: left; font-size: 20px;\"><span lang=\"EN-US\" style=\"font-family: 'Times New Roman',serif; color: #0e101a;\"><b>Enlace de escena inteligente<\/b>: Este sistema automatiza la iluminaci\u00f3n con sensores de movimiento PIR y m\u00f3dulos de interruptores inteligentes Zigbee, activando las luces al detectar movimiento durante la noche.<\/span><\/li>\n<li style=\"text-align: left; font-size: 20px;\"><span lang=\"EN-US\" style=\"font-family: 'Times New Roman',serif; color: #0e101a;\"><b>Compartir en familia<\/b>: permite que varios usuarios administren y monitoreen dispositivos dentro del hogar.<\/span><\/li>\n<\/ul>\n<h3 style=\"text-align: left; font-size: 20px;\">Nota<\/h3>\n<ul>\n<li style=\"text-align: left; font-size: 20px;\"><span lang=\"EN-US\" style=\"font-family: 'Times New Roman',serif; color: #0e101a;\">Necesita un dispositivo Apple con iOS 13 o superior para utilizar este servicio HomeKit. <\/span><\/li>\n<li style=\"text-align: left; font-size: 20px;\"><span lang=\"EN-US\" style=\"font-family: 'Times New Roman',serif; color: #0e101a;\">Cuando utiliza la funci\u00f3n Homekit de forma remota, es necesario colocar el HomePod\/HomePod mini\/Apple TV\/iPad en su casa para configurarlo como Home Hub.<\/span><\/li>\n<li style=\"text-align: left; font-size: 20px;\"><span lang=\"EN-US\" style=\"font-family: 'Times New Roman',serif; color: #0e101a;\">No utilice el Tuya Smart ZigBee Gateway como enrutador WiFi. Hay un cable de red en el paquete, que debe conectarse entre el enrutador WiFi y el Tuya Smart ZigBee Gateway.<\/span><\/li>\n<\/ul>\n<h3 style=\"text-align: left; font-size: 20px;\">Especificaciones<\/h3>\n<p style=\"text-align: left; font-size: 20px;\">Dimensiones del producto: 90*90*23mm<br \/>\nVoltaje de funcionamiento: CC 5 V.<br \/>\nCorriente de trabajo: 1A<br \/>\nProtocolo inal\u00e1mbrico: Zigbee<br \/>\nTemperatura de funcionamiento: -10 \u2103 -55 \u2103<br \/>\nHumedad de funcionamiento: 10%-90% RH (sin condensaci\u00f3n)<br \/>\nTipo de carga: Micro USB DC5V<br \/>\nCertificaci\u00f3n: CE, ROHS<\/p>","protected":false},"excerpt":{"rendered":"<p style=\"margin: 0cm;\"><span lang=\"EN-US\" style=\"font-family: 'Times New Roman',serif; color: #0e101a;\">Homekit es compatible con esta puerta de enlace Zigbee. Al conectarse a la puerta de enlace, Homekit puede agregar dispositivos compatibles con ZigBee para m\u00faltiples controles, lo que facilita el control de interruptores o abrir escenarios con un solo bot\u00f3n en su hogar.<\/span><\/p>","protected":false},"featured_media":1680,"comment_status":"open","ping_status":"closed","template":"","meta":[],"product_brand":[],"product_cat":[20],"product_tag":[],"class_list":{"0":"post-1675","1":"product","2":"type-product","3":"status-publish","4":"has-post-thumbnail","6":"product_cat-smart-gateway","8":"first","9":"instock","10":"shipping-taxable","11":"purchasable","12":"product-type-simple"},"_links":{"self":[{"href":"https:\/\/www.slsele.com\/es\/wp-json\/wp\/v2\/product\/1675","targetHints":{"allow":["GET"]}}],"collection":[{"href":"https:\/\/www.slsele.com\/es\/wp-json\/wp\/v2\/product"}],"about":[{"href":"https:\/\/www.slsele.com\/es\/wp-json\/wp\/v2\/types\/product"}],"replies":[{"embeddable":true,"href":"https:\/\/www.slsele.com\/es\/wp-json\/wp\/v2\/comments?post=1675"}],"wp:featuredmedia":[{"embeddable":true,"href":"https:\/\/www.slsele.com\/es\/wp-json\/wp\/v2\/media\/1680"}],"wp:attachment":[{"href":"https:\/\/www.slsele.com\/es\/wp-json\/wp\/v2\/media?parent=1675"}],"wp:term":[{"taxonomy":"product_brand","embeddable":true,"href":"https:\/\/www.slsele.com\/es\/wp-json\/wp\/v2\/product_brand?post=1675"},{"taxonomy":"product_cat","embeddable":true,"href":"https:\/\/www.slsele.com\/es\/wp-json\/wp\/v2\/product_cat?post=1675"},{"taxonomy":"product_tag","embeddable":true,"href":"https:\/\/www.slsele.com\/es\/wp-json\/wp\/v2\/product_tag?post=1675"}],"curies":[{"name":"wp","href":"https:\/\/api.w.org\/{rel}","templated":true}]}}