{"id":1664,"date":"2024-05-25T15:38:33","date_gmt":"2024-05-25T07:38:33","guid":{"rendered":"https:\/\/slsele.com\/?post_type=product&#038;p=1664"},"modified":"2024-09-25T10:42:35","modified_gmt":"2024-09-25T02:42:35","slug":"sls-zigbee-wireless-gateway","status":"publish","type":"product","link":"https:\/\/www.slsele.com\/es\/producto\/sls-zigbee-wireless-gateway\/","title":{"rendered":"Puerta de enlace inal\u00e1mbrica Zigbee de SLS"},"content":{"rendered":"<h2 style=\"text-align: center;\">Puerta de enlace inal\u00e1mbrica Zigbee SLS con cable USB<\/h2>\n<h3 style=\"text-align: left;\"><strong>Descripci\u00f3n<\/strong><\/h3>\n<p style=\"text-align: left;\">La puerta de enlace inal\u00e1mbrica Zigbee es un producto de puerta de enlace inteligente ultrapeque\u00f1o. Incluye un m\u00f3dulo WiFi inal\u00e1mbrico altamente integrado, un m\u00f3dulo Zigbee inal\u00e1mbrico de bajo consumo y una placa base. A trav\u00e9s de la aplicaci\u00f3n Tuya Smart, los usuarios pueden agregar dispositivos, restablecerlos y realizar un control de terceros y un control grupal Zigbee para satisfacer las necesidades de las aplicaciones de hogares inteligentes.<\/p>\n<p style=\"text-align: left;\"><img loading=\"lazy\" decoding=\"async\" class=\"aligncenter size-full wp-image-3912\" src=\"https:\/\/slsele.com\/wp-content\/uploads\/2024\/09\/sls56gif-ezgif.com-video-to-gif-converter.gif\" alt=\"Conecte la puerta de enlace inal\u00e1mbrica Zigbee al sensor de la puerta\" width=\"600\" height=\"668\" \/>Este gateway inal\u00e1mbrico Zigbee de Tuya es un gateway Zigbee, es decir, el dispositivo cr\u00edtico de la red Zigbee. Los dispositivos Zigbee se conectan a la red a trav\u00e9s de un gateway Zigbee y, por lo tanto, establecen comunicaci\u00f3n con otros dispositivos Zigbee, incluidos los dispositivos Zigbee 3.0. El gateway se conecta a un router a trav\u00e9s de una banda de frecuencia WiFi de 2,4 GHz, lo que garantiza la comunicaci\u00f3n entre la nube y la aplicaci\u00f3n. El usuario puede monitorear y controlar todos los dispositivos Zigbee a trav\u00e9s de la aplicaci\u00f3n.<\/p>\n<p style=\"text-align: left;\">Visita <span style=\"color: #0000ff;\"><strong><a style=\"color: #0000ff;\" href=\"https:\/\/www.slsele.com\/es\/producto\/big-smart-zigbee-gateway\/\" target=\"_blank\" rel=\"noopener\">Este enlace<\/a><\/strong><\/span> para conseguir una puerta de enlace Zigbee con cable.<\/p>\n<p><img loading=\"lazy\" decoding=\"async\" class=\"aligncenter wp-image-1665 size-full\" src=\"https:\/\/slsele.com\/wp-content\/uploads\/2024\/05\/zigbee-hub-5-1.jpg\" alt=\"Puerta de enlace inal\u00e1mbrica Zigbee de color blanco\" width=\"1001\" height=\"1001\" srcset=\"https:\/\/www.slsele.com\/wp-content\/uploads\/2024\/05\/zigbee-hub-5-1.jpg 1001w, https:\/\/www.slsele.com\/wp-content\/uploads\/2024\/05\/zigbee-hub-5-1-300x300.jpg 300w, https:\/\/www.slsele.com\/wp-content\/uploads\/2024\/05\/zigbee-hub-5-1-150x150.jpg 150w, https:\/\/www.slsele.com\/wp-content\/uploads\/2024\/05\/zigbee-hub-5-1-768x768.jpg 768w, https:\/\/www.slsele.com\/wp-content\/uploads\/2024\/05\/zigbee-hub-5-1-12x12.jpg 12w, https:\/\/www.slsele.com\/wp-content\/uploads\/2024\/05\/zigbee-hub-5-1-570x570.jpg 570w, https:\/\/www.slsele.com\/wp-content\/uploads\/2024\/05\/zigbee-hub-5-1-500x500.jpg 500w, https:\/\/www.slsele.com\/wp-content\/uploads\/2024\/05\/zigbee-hub-5-1-700x700.jpg 700w, https:\/\/www.slsele.com\/wp-content\/uploads\/2024\/05\/zigbee-hub-5-1-600x600.jpg 600w, https:\/\/www.slsele.com\/wp-content\/uploads\/2024\/05\/zigbee-hub-5-1-100x100.jpg 100w, https:\/\/www.slsele.com\/wp-content\/uploads\/2024\/05\/zigbee-hub-5-1-50x50.jpg 50w\" sizes=\"auto, (max-width: 1001px) 100vw, 1001px\" \/><img loading=\"lazy\" decoding=\"async\" class=\"aligncenter size-full wp-image-1666\" src=\"https:\/\/slsele.com\/wp-content\/uploads\/2024\/05\/zigbee-hub-5-2.jpg\" alt=\"\" width=\"1001\" height=\"1001\" srcset=\"https:\/\/www.slsele.com\/wp-content\/uploads\/2024\/05\/zigbee-hub-5-2.jpg 1001w, https:\/\/www.slsele.com\/wp-content\/uploads\/2024\/05\/zigbee-hub-5-2-300x300.jpg 300w, https:\/\/www.slsele.com\/wp-content\/uploads\/2024\/05\/zigbee-hub-5-2-150x150.jpg 150w, https:\/\/www.slsele.com\/wp-content\/uploads\/2024\/05\/zigbee-hub-5-2-768x768.jpg 768w, https:\/\/www.slsele.com\/wp-content\/uploads\/2024\/05\/zigbee-hub-5-2-12x12.jpg 12w, https:\/\/www.slsele.com\/wp-content\/uploads\/2024\/05\/zigbee-hub-5-2-570x570.jpg 570w, https:\/\/www.slsele.com\/wp-content\/uploads\/2024\/05\/zigbee-hub-5-2-500x500.jpg 500w, https:\/\/www.slsele.com\/wp-content\/uploads\/2024\/05\/zigbee-hub-5-2-700x700.jpg 700w, https:\/\/www.slsele.com\/wp-content\/uploads\/2024\/05\/zigbee-hub-5-2-600x600.jpg 600w, https:\/\/www.slsele.com\/wp-content\/uploads\/2024\/05\/zigbee-hub-5-2-100x100.jpg 100w, https:\/\/www.slsele.com\/wp-content\/uploads\/2024\/05\/zigbee-hub-5-2-50x50.jpg 50w\" sizes=\"auto, (max-width: 1001px) 100vw, 1001px\" \/><\/p>\n<h5><\/h5>\n<p><img loading=\"lazy\" decoding=\"async\" class=\"aligncenter size-full wp-image-1672\" src=\"https:\/\/slsele.com\/wp-content\/uploads\/2024\/05\/zigbee-hub-5-8.jpg\" alt=\"\" width=\"1001\" height=\"1001\" srcset=\"https:\/\/www.slsele.com\/wp-content\/uploads\/2024\/05\/zigbee-hub-5-8.jpg 1001w, https:\/\/www.slsele.com\/wp-content\/uploads\/2024\/05\/zigbee-hub-5-8-300x300.jpg 300w, https:\/\/www.slsele.com\/wp-content\/uploads\/2024\/05\/zigbee-hub-5-8-150x150.jpg 150w, https:\/\/www.slsele.com\/wp-content\/uploads\/2024\/05\/zigbee-hub-5-8-768x768.jpg 768w, https:\/\/www.slsele.com\/wp-content\/uploads\/2024\/05\/zigbee-hub-5-8-12x12.jpg 12w, https:\/\/www.slsele.com\/wp-content\/uploads\/2024\/05\/zigbee-hub-5-8-570x570.jpg 570w, https:\/\/www.slsele.com\/wp-content\/uploads\/2024\/05\/zigbee-hub-5-8-500x500.jpg 500w, https:\/\/www.slsele.com\/wp-content\/uploads\/2024\/05\/zigbee-hub-5-8-700x700.jpg 700w, https:\/\/www.slsele.com\/wp-content\/uploads\/2024\/05\/zigbee-hub-5-8-600x600.jpg 600w, https:\/\/www.slsele.com\/wp-content\/uploads\/2024\/05\/zigbee-hub-5-8-100x100.jpg 100w, https:\/\/www.slsele.com\/wp-content\/uploads\/2024\/05\/zigbee-hub-5-8-50x50.jpg 50w\" sizes=\"auto, (max-width: 1001px) 100vw, 1001px\" \/><img loading=\"lazy\" decoding=\"async\" class=\"aligncenter size-full wp-image-1671\" src=\"https:\/\/slsele.com\/wp-content\/uploads\/2024\/05\/zigbee-hub-5-7.jpg\" alt=\"\" width=\"1001\" height=\"1001\" srcset=\"https:\/\/www.slsele.com\/wp-content\/uploads\/2024\/05\/zigbee-hub-5-7.jpg 1001w, https:\/\/www.slsele.com\/wp-content\/uploads\/2024\/05\/zigbee-hub-5-7-300x300.jpg 300w, https:\/\/www.slsele.com\/wp-content\/uploads\/2024\/05\/zigbee-hub-5-7-150x150.jpg 150w, https:\/\/www.slsele.com\/wp-content\/uploads\/2024\/05\/zigbee-hub-5-7-768x768.jpg 768w, https:\/\/www.slsele.com\/wp-content\/uploads\/2024\/05\/zigbee-hub-5-7-12x12.jpg 12w, https:\/\/www.slsele.com\/wp-content\/uploads\/2024\/05\/zigbee-hub-5-7-570x570.jpg 570w, https:\/\/www.slsele.com\/wp-content\/uploads\/2024\/05\/zigbee-hub-5-7-500x500.jpg 500w, https:\/\/www.slsele.com\/wp-content\/uploads\/2024\/05\/zigbee-hub-5-7-700x700.jpg 700w, https:\/\/www.slsele.com\/wp-content\/uploads\/2024\/05\/zigbee-hub-5-7-600x600.jpg 600w, https:\/\/www.slsele.com\/wp-content\/uploads\/2024\/05\/zigbee-hub-5-7-100x100.jpg 100w, https:\/\/www.slsele.com\/wp-content\/uploads\/2024\/05\/zigbee-hub-5-7-50x50.jpg 50w\" sizes=\"auto, (max-width: 1001px) 100vw, 1001px\" \/><img loading=\"lazy\" decoding=\"async\" class=\"aligncenter size-full wp-image-1670\" src=\"https:\/\/slsele.com\/wp-content\/uploads\/2024\/05\/zigbee-hub-5-6.jpg\" alt=\"\" width=\"1001\" height=\"1001\" srcset=\"https:\/\/www.slsele.com\/wp-content\/uploads\/2024\/05\/zigbee-hub-5-6.jpg 1001w, https:\/\/www.slsele.com\/wp-content\/uploads\/2024\/05\/zigbee-hub-5-6-300x300.jpg 300w, https:\/\/www.slsele.com\/wp-content\/uploads\/2024\/05\/zigbee-hub-5-6-150x150.jpg 150w, https:\/\/www.slsele.com\/wp-content\/uploads\/2024\/05\/zigbee-hub-5-6-768x768.jpg 768w, https:\/\/www.slsele.com\/wp-content\/uploads\/2024\/05\/zigbee-hub-5-6-12x12.jpg 12w, https:\/\/www.slsele.com\/wp-content\/uploads\/2024\/05\/zigbee-hub-5-6-570x570.jpg 570w, https:\/\/www.slsele.com\/wp-content\/uploads\/2024\/05\/zigbee-hub-5-6-500x500.jpg 500w, https:\/\/www.slsele.com\/wp-content\/uploads\/2024\/05\/zigbee-hub-5-6-700x700.jpg 700w, https:\/\/www.slsele.com\/wp-content\/uploads\/2024\/05\/zigbee-hub-5-6-600x600.jpg 600w, https:\/\/www.slsele.com\/wp-content\/uploads\/2024\/05\/zigbee-hub-5-6-100x100.jpg 100w, https:\/\/www.slsele.com\/wp-content\/uploads\/2024\/05\/zigbee-hub-5-6-50x50.jpg 50w\" sizes=\"auto, (max-width: 1001px) 100vw, 1001px\" \/><img loading=\"lazy\" decoding=\"async\" class=\"aligncenter size-full wp-image-1667\" src=\"https:\/\/slsele.com\/wp-content\/uploads\/2024\/05\/zigbee-hub-5-3.jpg\" alt=\"\" width=\"1001\" height=\"1001\" srcset=\"https:\/\/www.slsele.com\/wp-content\/uploads\/2024\/05\/zigbee-hub-5-3.jpg 1001w, https:\/\/www.slsele.com\/wp-content\/uploads\/2024\/05\/zigbee-hub-5-3-300x300.jpg 300w, https:\/\/www.slsele.com\/wp-content\/uploads\/2024\/05\/zigbee-hub-5-3-150x150.jpg 150w, https:\/\/www.slsele.com\/wp-content\/uploads\/2024\/05\/zigbee-hub-5-3-768x768.jpg 768w, https:\/\/www.slsele.com\/wp-content\/uploads\/2024\/05\/zigbee-hub-5-3-12x12.jpg 12w, https:\/\/www.slsele.com\/wp-content\/uploads\/2024\/05\/zigbee-hub-5-3-570x570.jpg 570w, https:\/\/www.slsele.com\/wp-content\/uploads\/2024\/05\/zigbee-hub-5-3-500x500.jpg 500w, https:\/\/www.slsele.com\/wp-content\/uploads\/2024\/05\/zigbee-hub-5-3-700x700.jpg 700w, https:\/\/www.slsele.com\/wp-content\/uploads\/2024\/05\/zigbee-hub-5-3-600x600.jpg 600w, https:\/\/www.slsele.com\/wp-content\/uploads\/2024\/05\/zigbee-hub-5-3-100x100.jpg 100w, https:\/\/www.slsele.com\/wp-content\/uploads\/2024\/05\/zigbee-hub-5-3-50x50.jpg 50w\" sizes=\"auto, (max-width: 1001px) 100vw, 1001px\" \/><img loading=\"lazy\" decoding=\"async\" class=\"aligncenter size-full wp-image-1674\" src=\"https:\/\/slsele.com\/wp-content\/uploads\/2024\/05\/zigbee-hub-5-10.jpg\" alt=\"\" width=\"1001\" height=\"1001\" srcset=\"https:\/\/www.slsele.com\/wp-content\/uploads\/2024\/05\/zigbee-hub-5-10.jpg 1001w, https:\/\/www.slsele.com\/wp-content\/uploads\/2024\/05\/zigbee-hub-5-10-300x300.jpg 300w, https:\/\/www.slsele.com\/wp-content\/uploads\/2024\/05\/zigbee-hub-5-10-150x150.jpg 150w, https:\/\/www.slsele.com\/wp-content\/uploads\/2024\/05\/zigbee-hub-5-10-768x768.jpg 768w, https:\/\/www.slsele.com\/wp-content\/uploads\/2024\/05\/zigbee-hub-5-10-12x12.jpg 12w, https:\/\/www.slsele.com\/wp-content\/uploads\/2024\/05\/zigbee-hub-5-10-570x570.jpg 570w, https:\/\/www.slsele.com\/wp-content\/uploads\/2024\/05\/zigbee-hub-5-10-500x500.jpg 500w, https:\/\/www.slsele.com\/wp-content\/uploads\/2024\/05\/zigbee-hub-5-10-700x700.jpg 700w, https:\/\/www.slsele.com\/wp-content\/uploads\/2024\/05\/zigbee-hub-5-10-600x600.jpg 600w, https:\/\/www.slsele.com\/wp-content\/uploads\/2024\/05\/zigbee-hub-5-10-100x100.jpg 100w, https:\/\/www.slsele.com\/wp-content\/uploads\/2024\/05\/zigbee-hub-5-10-50x50.jpg 50w\" sizes=\"auto, (max-width: 1001px) 100vw, 1001px\" \/><\/p>\n<h3 style=\"text-align: left;\"><strong>Caracter\u00edsticas principales<\/strong><\/h3>\n<p style=\"text-align: left;\">a) Control remoto de dispositivos Zigbee: los usuarios pueden controlar subdispositivos Zigbee a trav\u00e9s de la puerta de enlace, lo que admite el control remoto y el control grupal;<\/p>\n<p style=\"text-align: left;\">b) Redes con un solo clic: admite agregar varios dispositivos al mismo tiempo, simplifica los engorrosos pasos de configuraci\u00f3n de red y hace que las operaciones de redes de dispositivos sean m\u00e1s f\u00e1ciles de usar;<\/p>\n<p style=\"text-align: left;\">c) Escenas en la nube\/automatizaci\u00f3n: a trav\u00e9s de las escenas y configuraciones de automatizaci\u00f3n en la aplicaci\u00f3n, los subdispositivos Zigbee bajo el gateway se pueden usar como condiciones de ejecuci\u00f3n o activaci\u00f3n para vincularse con otros dispositivos inteligentes;<\/p>\n<p style=\"text-align: left;\">d) Escenas\/automatizaciones locales: Se prefiere el modo local al ejecutar escenas\/automatizaciones. Esta funci\u00f3n permite que las escenas\/automatizaciones inteligentes configuradas por los usuarios se ejecuten de manera eficiente incluso cuando la red externa est\u00e1 desconectada;<\/p>\n<h3 style=\"text-align: left;\"><strong>Par\u00e1metro<\/strong><\/h3>\n<p style=\"text-align: left;\">Tama\u00f1o de apariencia: largo * ancho * alto = 60,5 * 60,5 * 16,1 mm<\/p>\n<p style=\"text-align: left;\">Peso: Peso neto 50g<\/p>\n<p style=\"text-align: left;\">Indicador de estado: 2 LED (WIFI + Zigbee)<\/p>\n<p style=\"text-align: left;\">Bot\u00f3n de operaci\u00f3n: 1 bot\u00f3n (reinicio)<\/p>\n<p style=\"text-align: left;\">Fuente de alimentaci\u00f3n: MicroUSB DC5V<\/p>\n<p style=\"text-align: left;\">Corriente de trabajo: &lt;1A<\/p>\n<p style=\"text-align: left;\">Salida del adaptador: 5 V 1 A<\/p>\n<p style=\"text-align: left;\">Temperatura de trabajo: -10-55\u2103<\/p>\n<p style=\"text-align: left;\">Humedad de trabajo: 10%-90%RH (sin condensaci\u00f3n)<\/p>\n<p style=\"text-align: left;\">Temperatura de almacenamiento: -20-60\u00b0\u2103<\/p>\n<p style=\"text-align: left;\">Humedad de almacenamiento: 5%-90%RH (sin condensaci\u00f3n)<\/p>\n<p style=\"text-align: left;\">Interfaz de hardware: 1 Micro-USB<\/p>\n<p>&nbsp;<\/p>\n<h3 style=\"text-align: left;\"><strong>PAG<\/strong><strong>lista de paquetes<\/strong><\/h3>\n<p style=\"text-align: left;\">Puerta de enlace inal\u00e1mbrica Zigbee * 1<\/p>\n<p style=\"text-align: left;\">Cable de alimentaci\u00f3n * 1<\/p>\n<p style=\"text-align: left;\">Adaptador * 1<\/p>\n<p style=\"text-align: left;\">Manual del producto * 1<\/p>\n<h3 style=\"text-align: left;\"><strong>Preguntas m\u00e1s frecuentes<\/strong><\/h3>\n<p style=\"text-align: left;\">Q1: \u00bfEl producto admite conexi\u00f3n WiFi?<\/p>\n<p style=\"text-align: left;\">A1: El producto admite la conexi\u00f3n Zigbee para enlace descendente y la conexi\u00f3n WiFi para enlace ascendente y solo admite WiFi de banda 2.4G;<\/p>\n<p style=\"text-align: left;\">P2: Para garantizar un control estable, \u00bfcu\u00e1l es la distancia m\u00e1xima entre el subdispositivo y la puerta de enlace?<\/p>\n<p style=\"text-align: left;\">A2: 35 m en interiores, 200 m en exteriores, control estable;<\/p>\n<p style=\"text-align: left;\">P3: \u00bfCu\u00e1ntos subdispositivos se pueden conectar como m\u00e1ximo?<\/p>\n<p style=\"text-align: left;\">A3: 50;<\/p>","protected":false},"excerpt":{"rendered":"<p style=\"margin: 0cm;\"><span lang=\"EN-US\" style=\"font-family: 'Times New Roman',serif; color: #0e101a;\">La puerta de enlace inal\u00e1mbrica Zigbee tiene un alcance en interiores de 35 metros y un alcance en exteriores de 200 metros. Puede admitir hasta 50 subdispositivos. Los usuarios pueden controlar de forma remota todos los subdispositivos Zigbee conectados a la puerta de enlace a trav\u00e9s de tel\u00e9fonos m\u00f3viles.<\/span><\/p>","protected":false},"featured_media":1669,"comment_status":"open","ping_status":"closed","template":"","meta":[],"product_brand":[],"product_cat":[20],"product_tag":[],"class_list":{"0":"post-1664","1":"product","2":"type-product","3":"status-publish","4":"has-post-thumbnail","6":"product_cat-smart-gateway","8":"first","9":"instock","10":"shipping-taxable","11":"purchasable","12":"product-type-simple"},"_links":{"self":[{"href":"https:\/\/www.slsele.com\/es\/wp-json\/wp\/v2\/product\/1664","targetHints":{"allow":["GET"]}}],"collection":[{"href":"https:\/\/www.slsele.com\/es\/wp-json\/wp\/v2\/product"}],"about":[{"href":"https:\/\/www.slsele.com\/es\/wp-json\/wp\/v2\/types\/product"}],"replies":[{"embeddable":true,"href":"https:\/\/www.slsele.com\/es\/wp-json\/wp\/v2\/comments?post=1664"}],"wp:featuredmedia":[{"embeddable":true,"href":"https:\/\/www.slsele.com\/es\/wp-json\/wp\/v2\/media\/1669"}],"wp:attachment":[{"href":"https:\/\/www.slsele.com\/es\/wp-json\/wp\/v2\/media?parent=1664"}],"wp:term":[{"taxonomy":"product_brand","embeddable":true,"href":"https:\/\/www.slsele.com\/es\/wp-json\/wp\/v2\/product_brand?post=1664"},{"taxonomy":"product_cat","embeddable":true,"href":"https:\/\/www.slsele.com\/es\/wp-json\/wp\/v2\/product_cat?post=1664"},{"taxonomy":"product_tag","embeddable":true,"href":"https:\/\/www.slsele.com\/es\/wp-json\/wp\/v2\/product_tag?post=1664"}],"curies":[{"name":"wp","href":"https:\/\/api.w.org\/{rel}","templated":true}]}}