{"id":1628,"date":"2024-05-22T22:49:19","date_gmt":"2024-05-22T14:49:19","guid":{"rendered":"https:\/\/slsele.com\/?post_type=product&#038;p=1628"},"modified":"2024-05-22T23:16:22","modified_gmt":"2024-05-22T15:16:22","slug":"sls-eu-wall-socket-with-usb-and-type-c","status":"publish","type":"product","link":"https:\/\/www.slsele.com\/es\/producto\/sls-eu-wall-socket-with-usb-and-type-c\/","title":{"rendered":"Enchufe de pared SLS EU con USB y tipo C"},"content":{"rendered":"<h3 style=\"text-align: center;\"><b>TUYA WiFi Smart Socket 16A UE Tuya APP Control remoto<\/b><\/h3>\n<ol>\n<li style=\"text-align: left;\"><strong>Enchufe de pared inteligente WiFi<\/strong><br \/>\nActualizaci\u00f3n del enchufe tradicional, con m\u00faltiples puertos y luz de pantalla, para aportar una nueva experiencia inteligente a su vida dom\u00e9stica.<\/li>\n<li style=\"text-align: left;\"><strong>Puertos tipo C y USB<\/strong><br \/>\nEl doble puerto de carga m\u00e1s la doble interfaz satisfacen sus diferentes necesidades con un solo enchufe multifuncional.<\/li>\n<li style=\"text-align: left;\"><strong>Control remoto de aplicaciones<\/strong><br \/>\nSupervise y controle remotamente el tomacorriente inteligente mediante la aplicaci\u00f3n Smart Life en el tel\u00e9fono.<\/li>\n<li style=\"text-align: left;\"><strong>Temporizador y cuenta atr\u00e1s<\/strong><br \/>\nPuede crear un horario seg\u00fan sus necesidades personales, as\u00ed como una funci\u00f3n de cuenta regresiva, para hacer bricolaje en su vida diaria.<\/li>\n<li style=\"text-align: left;\"><strong>Control de voz<\/strong><br \/>\nCompatible con Alexa y Google Assistant para realizar un control manos libres con una palabra.<\/li>\n<li style=\"text-align: left;\"><strong>Memoria de energ\u00eda<\/strong><br \/>\nEn caso de un corte de energ\u00eda repentino, active la funci\u00f3n de memoria de energ\u00eda, que puede ayudarlo a restaurar el estado cuando est\u00e1 encendido.<\/li>\n<\/ol>\n<p><img loading=\"lazy\" decoding=\"async\" class=\"aligncenter size-large wp-image-1629\" src=\"https:\/\/slsele.com\/wp-content\/uploads\/2024\/05\/SLS46\u8be6\u60c5\u56fe1-1024x1024.jpg\" alt=\"\" width=\"1024\" height=\"1024\" srcset=\"https:\/\/www.slsele.com\/wp-content\/uploads\/2024\/05\/SLS46\u8be6\u60c5\u56fe1-1024x1024.jpg 1024w, https:\/\/www.slsele.com\/wp-content\/uploads\/2024\/05\/SLS46\u8be6\u60c5\u56fe1-300x300.jpg 300w, https:\/\/www.slsele.com\/wp-content\/uploads\/2024\/05\/SLS46\u8be6\u60c5\u56fe1-150x150.jpg 150w, https:\/\/www.slsele.com\/wp-content\/uploads\/2024\/05\/SLS46\u8be6\u60c5\u56fe1-768x768.jpg 768w, https:\/\/www.slsele.com\/wp-content\/uploads\/2024\/05\/SLS46\u8be6\u60c5\u56fe1-1536x1536.jpg 1536w, https:\/\/www.slsele.com\/wp-content\/uploads\/2024\/05\/SLS46\u8be6\u60c5\u56fe1-12x12.jpg 12w, https:\/\/www.slsele.com\/wp-content\/uploads\/2024\/05\/SLS46\u8be6\u60c5\u56fe1-570x570.jpg 570w, https:\/\/www.slsele.com\/wp-content\/uploads\/2024\/05\/SLS46\u8be6\u60c5\u56fe1-500x500.jpg 500w, https:\/\/www.slsele.com\/wp-content\/uploads\/2024\/05\/SLS46\u8be6\u60c5\u56fe1-1000x1000.jpg 1000w, https:\/\/www.slsele.com\/wp-content\/uploads\/2024\/05\/SLS46\u8be6\u60c5\u56fe1-700x700.jpg 700w, https:\/\/www.slsele.com\/wp-content\/uploads\/2024\/05\/SLS46\u8be6\u60c5\u56fe1-600x600.jpg 600w, https:\/\/www.slsele.com\/wp-content\/uploads\/2024\/05\/SLS46\u8be6\u60c5\u56fe1-100x100.jpg 100w, https:\/\/www.slsele.com\/wp-content\/uploads\/2024\/05\/SLS46\u8be6\u60c5\u56fe1-50x50.jpg 50w, https:\/\/www.slsele.com\/wp-content\/uploads\/2024\/05\/SLS46\u8be6\u60c5\u56fe1.jpg 1600w\" sizes=\"auto, (max-width: 1024px) 100vw, 1024px\" \/> <img loading=\"lazy\" decoding=\"async\" class=\"aligncenter size-large wp-image-1630\" src=\"https:\/\/slsele.com\/wp-content\/uploads\/2024\/05\/SLS46\u8be6\u60c5\u56fe2-1024x1024.jpg\" alt=\"\" width=\"1024\" height=\"1024\" srcset=\"https:\/\/www.slsele.com\/wp-content\/uploads\/2024\/05\/SLS46\u8be6\u60c5\u56fe2-1024x1024.jpg 1024w, https:\/\/www.slsele.com\/wp-content\/uploads\/2024\/05\/SLS46\u8be6\u60c5\u56fe2-300x300.jpg 300w, https:\/\/www.slsele.com\/wp-content\/uploads\/2024\/05\/SLS46\u8be6\u60c5\u56fe2-150x150.jpg 150w, https:\/\/www.slsele.com\/wp-content\/uploads\/2024\/05\/SLS46\u8be6\u60c5\u56fe2-768x768.jpg 768w, https:\/\/www.slsele.com\/wp-content\/uploads\/2024\/05\/SLS46\u8be6\u60c5\u56fe2-1536x1536.jpg 1536w, https:\/\/www.slsele.com\/wp-content\/uploads\/2024\/05\/SLS46\u8be6\u60c5\u56fe2-12x12.jpg 12w, https:\/\/www.slsele.com\/wp-content\/uploads\/2024\/05\/SLS46\u8be6\u60c5\u56fe2-570x570.jpg 570w, https:\/\/www.slsele.com\/wp-content\/uploads\/2024\/05\/SLS46\u8be6\u60c5\u56fe2-500x500.jpg 500w, https:\/\/www.slsele.com\/wp-content\/uploads\/2024\/05\/SLS46\u8be6\u60c5\u56fe2-1000x1000.jpg 1000w, https:\/\/www.slsele.com\/wp-content\/uploads\/2024\/05\/SLS46\u8be6\u60c5\u56fe2-700x700.jpg 700w, https:\/\/www.slsele.com\/wp-content\/uploads\/2024\/05\/SLS46\u8be6\u60c5\u56fe2-600x600.jpg 600w, https:\/\/www.slsele.com\/wp-content\/uploads\/2024\/05\/SLS46\u8be6\u60c5\u56fe2-100x100.jpg 100w, https:\/\/www.slsele.com\/wp-content\/uploads\/2024\/05\/SLS46\u8be6\u60c5\u56fe2-50x50.jpg 50w, https:\/\/www.slsele.com\/wp-content\/uploads\/2024\/05\/SLS46\u8be6\u60c5\u56fe2.jpg 1600w\" sizes=\"auto, (max-width: 1024px) 100vw, 1024px\" \/> <img loading=\"lazy\" decoding=\"async\" class=\"aligncenter size-large wp-image-1631\" src=\"https:\/\/slsele.com\/wp-content\/uploads\/2024\/05\/SLS46\u8be6\u60c5\u56fe3-1024x1024.jpg\" alt=\"\" width=\"1024\" height=\"1024\" srcset=\"https:\/\/www.slsele.com\/wp-content\/uploads\/2024\/05\/SLS46\u8be6\u60c5\u56fe3-1024x1024.jpg 1024w, https:\/\/www.slsele.com\/wp-content\/uploads\/2024\/05\/SLS46\u8be6\u60c5\u56fe3-300x300.jpg 300w, https:\/\/www.slsele.com\/wp-content\/uploads\/2024\/05\/SLS46\u8be6\u60c5\u56fe3-150x150.jpg 150w, https:\/\/www.slsele.com\/wp-content\/uploads\/2024\/05\/SLS46\u8be6\u60c5\u56fe3-768x768.jpg 768w, https:\/\/www.slsele.com\/wp-content\/uploads\/2024\/05\/SLS46\u8be6\u60c5\u56fe3-1536x1536.jpg 1536w, https:\/\/www.slsele.com\/wp-content\/uploads\/2024\/05\/SLS46\u8be6\u60c5\u56fe3-12x12.jpg 12w, https:\/\/www.slsele.com\/wp-content\/uploads\/2024\/05\/SLS46\u8be6\u60c5\u56fe3-570x570.jpg 570w, https:\/\/www.slsele.com\/wp-content\/uploads\/2024\/05\/SLS46\u8be6\u60c5\u56fe3-500x500.jpg 500w, https:\/\/www.slsele.com\/wp-content\/uploads\/2024\/05\/SLS46\u8be6\u60c5\u56fe3-1000x1000.jpg 1000w, https:\/\/www.slsele.com\/wp-content\/uploads\/2024\/05\/SLS46\u8be6\u60c5\u56fe3-700x700.jpg 700w, https:\/\/www.slsele.com\/wp-content\/uploads\/2024\/05\/SLS46\u8be6\u60c5\u56fe3-600x600.jpg 600w, https:\/\/www.slsele.com\/wp-content\/uploads\/2024\/05\/SLS46\u8be6\u60c5\u56fe3-100x100.jpg 100w, https:\/\/www.slsele.com\/wp-content\/uploads\/2024\/05\/SLS46\u8be6\u60c5\u56fe3-50x50.jpg 50w, https:\/\/www.slsele.com\/wp-content\/uploads\/2024\/05\/SLS46\u8be6\u60c5\u56fe3.jpg 1600w\" sizes=\"auto, (max-width: 1024px) 100vw, 1024px\" \/> <img loading=\"lazy\" decoding=\"async\" class=\"aligncenter size-large wp-image-1632\" src=\"https:\/\/slsele.com\/wp-content\/uploads\/2024\/05\/SLS46\u8be6\u60c5\u56fe4-1024x1024.jpg\" alt=\"\" width=\"1024\" height=\"1024\" srcset=\"https:\/\/www.slsele.com\/wp-content\/uploads\/2024\/05\/SLS46\u8be6\u60c5\u56fe4-1024x1024.jpg 1024w, https:\/\/www.slsele.com\/wp-content\/uploads\/2024\/05\/SLS46\u8be6\u60c5\u56fe4-300x300.jpg 300w, https:\/\/www.slsele.com\/wp-content\/uploads\/2024\/05\/SLS46\u8be6\u60c5\u56fe4-150x150.jpg 150w, https:\/\/www.slsele.com\/wp-content\/uploads\/2024\/05\/SLS46\u8be6\u60c5\u56fe4-768x768.jpg 768w, https:\/\/www.slsele.com\/wp-content\/uploads\/2024\/05\/SLS46\u8be6\u60c5\u56fe4-1536x1536.jpg 1536w, https:\/\/www.slsele.com\/wp-content\/uploads\/2024\/05\/SLS46\u8be6\u60c5\u56fe4-12x12.jpg 12w, https:\/\/www.slsele.com\/wp-content\/uploads\/2024\/05\/SLS46\u8be6\u60c5\u56fe4-570x570.jpg 570w, https:\/\/www.slsele.com\/wp-content\/uploads\/2024\/05\/SLS46\u8be6\u60c5\u56fe4-500x500.jpg 500w, https:\/\/www.slsele.com\/wp-content\/uploads\/2024\/05\/SLS46\u8be6\u60c5\u56fe4-1000x1000.jpg 1000w, https:\/\/www.slsele.com\/wp-content\/uploads\/2024\/05\/SLS46\u8be6\u60c5\u56fe4-700x700.jpg 700w, https:\/\/www.slsele.com\/wp-content\/uploads\/2024\/05\/SLS46\u8be6\u60c5\u56fe4-600x600.jpg 600w, https:\/\/www.slsele.com\/wp-content\/uploads\/2024\/05\/SLS46\u8be6\u60c5\u56fe4-100x100.jpg 100w, https:\/\/www.slsele.com\/wp-content\/uploads\/2024\/05\/SLS46\u8be6\u60c5\u56fe4-50x50.jpg 50w, https:\/\/www.slsele.com\/wp-content\/uploads\/2024\/05\/SLS46\u8be6\u60c5\u56fe4.jpg 1600w\" sizes=\"auto, (max-width: 1024px) 100vw, 1024px\" \/> <img loading=\"lazy\" decoding=\"async\" class=\"aligncenter size-large wp-image-1633\" src=\"https:\/\/slsele.com\/wp-content\/uploads\/2024\/05\/SLS46\u8be6\u60c5\u56fe5-1024x1024.jpg\" alt=\"\" width=\"1024\" height=\"1024\" srcset=\"https:\/\/www.slsele.com\/wp-content\/uploads\/2024\/05\/SLS46\u8be6\u60c5\u56fe5-1024x1024.jpg 1024w, https:\/\/www.slsele.com\/wp-content\/uploads\/2024\/05\/SLS46\u8be6\u60c5\u56fe5-300x300.jpg 300w, https:\/\/www.slsele.com\/wp-content\/uploads\/2024\/05\/SLS46\u8be6\u60c5\u56fe5-150x150.jpg 150w, https:\/\/www.slsele.com\/wp-content\/uploads\/2024\/05\/SLS46\u8be6\u60c5\u56fe5-768x768.jpg 768w, https:\/\/www.slsele.com\/wp-content\/uploads\/2024\/05\/SLS46\u8be6\u60c5\u56fe5-1536x1536.jpg 1536w, https:\/\/www.slsele.com\/wp-content\/uploads\/2024\/05\/SLS46\u8be6\u60c5\u56fe5-12x12.jpg 12w, https:\/\/www.slsele.com\/wp-content\/uploads\/2024\/05\/SLS46\u8be6\u60c5\u56fe5-570x570.jpg 570w, https:\/\/www.slsele.com\/wp-content\/uploads\/2024\/05\/SLS46\u8be6\u60c5\u56fe5-500x500.jpg 500w, https:\/\/www.slsele.com\/wp-content\/uploads\/2024\/05\/SLS46\u8be6\u60c5\u56fe5-1000x1000.jpg 1000w, https:\/\/www.slsele.com\/wp-content\/uploads\/2024\/05\/SLS46\u8be6\u60c5\u56fe5-700x700.jpg 700w, https:\/\/www.slsele.com\/wp-content\/uploads\/2024\/05\/SLS46\u8be6\u60c5\u56fe5-600x600.jpg 600w, https:\/\/www.slsele.com\/wp-content\/uploads\/2024\/05\/SLS46\u8be6\u60c5\u56fe5-100x100.jpg 100w, https:\/\/www.slsele.com\/wp-content\/uploads\/2024\/05\/SLS46\u8be6\u60c5\u56fe5-50x50.jpg 50w, https:\/\/www.slsele.com\/wp-content\/uploads\/2024\/05\/SLS46\u8be6\u60c5\u56fe5.jpg 1600w\" sizes=\"auto, (max-width: 1024px) 100vw, 1024px\" \/> <img loading=\"lazy\" decoding=\"async\" class=\"aligncenter size-large wp-image-1634\" src=\"https:\/\/slsele.com\/wp-content\/uploads\/2024\/05\/SLS46\u8be6\u60c5\u56fe6-1024x1024.jpg\" alt=\"\" width=\"1024\" height=\"1024\" srcset=\"https:\/\/www.slsele.com\/wp-content\/uploads\/2024\/05\/SLS46\u8be6\u60c5\u56fe6-1024x1024.jpg 1024w, https:\/\/www.slsele.com\/wp-content\/uploads\/2024\/05\/SLS46\u8be6\u60c5\u56fe6-300x300.jpg 300w, https:\/\/www.slsele.com\/wp-content\/uploads\/2024\/05\/SLS46\u8be6\u60c5\u56fe6-150x150.jpg 150w, https:\/\/www.slsele.com\/wp-content\/uploads\/2024\/05\/SLS46\u8be6\u60c5\u56fe6-768x768.jpg 768w, https:\/\/www.slsele.com\/wp-content\/uploads\/2024\/05\/SLS46\u8be6\u60c5\u56fe6-1536x1536.jpg 1536w, https:\/\/www.slsele.com\/wp-content\/uploads\/2024\/05\/SLS46\u8be6\u60c5\u56fe6-12x12.jpg 12w, https:\/\/www.slsele.com\/wp-content\/uploads\/2024\/05\/SLS46\u8be6\u60c5\u56fe6-570x570.jpg 570w, https:\/\/www.slsele.com\/wp-content\/uploads\/2024\/05\/SLS46\u8be6\u60c5\u56fe6-500x500.jpg 500w, https:\/\/www.slsele.com\/wp-content\/uploads\/2024\/05\/SLS46\u8be6\u60c5\u56fe6-1000x1000.jpg 1000w, https:\/\/www.slsele.com\/wp-content\/uploads\/2024\/05\/SLS46\u8be6\u60c5\u56fe6-700x700.jpg 700w, https:\/\/www.slsele.com\/wp-content\/uploads\/2024\/05\/SLS46\u8be6\u60c5\u56fe6-600x600.jpg 600w, https:\/\/www.slsele.com\/wp-content\/uploads\/2024\/05\/SLS46\u8be6\u60c5\u56fe6-100x100.jpg 100w, https:\/\/www.slsele.com\/wp-content\/uploads\/2024\/05\/SLS46\u8be6\u60c5\u56fe6-50x50.jpg 50w, https:\/\/www.slsele.com\/wp-content\/uploads\/2024\/05\/SLS46\u8be6\u60c5\u56fe6.jpg 1600w\" sizes=\"auto, (max-width: 1024px) 100vw, 1024px\" \/> <img loading=\"lazy\" decoding=\"async\" class=\"aligncenter size-large wp-image-1635\" src=\"https:\/\/slsele.com\/wp-content\/uploads\/2024\/05\/SLS46\u8be6\u60c5\u56fe7-1024x1024.jpg\" alt=\"\" width=\"1024\" height=\"1024\" srcset=\"https:\/\/www.slsele.com\/wp-content\/uploads\/2024\/05\/SLS46\u8be6\u60c5\u56fe7-1024x1024.jpg 1024w, https:\/\/www.slsele.com\/wp-content\/uploads\/2024\/05\/SLS46\u8be6\u60c5\u56fe7-300x300.jpg 300w, https:\/\/www.slsele.com\/wp-content\/uploads\/2024\/05\/SLS46\u8be6\u60c5\u56fe7-150x150.jpg 150w, https:\/\/www.slsele.com\/wp-content\/uploads\/2024\/05\/SLS46\u8be6\u60c5\u56fe7-768x768.jpg 768w, https:\/\/www.slsele.com\/wp-content\/uploads\/2024\/05\/SLS46\u8be6\u60c5\u56fe7-1536x1536.jpg 1536w, https:\/\/www.slsele.com\/wp-content\/uploads\/2024\/05\/SLS46\u8be6\u60c5\u56fe7-12x12.jpg 12w, https:\/\/www.slsele.com\/wp-content\/uploads\/2024\/05\/SLS46\u8be6\u60c5\u56fe7-570x570.jpg 570w, https:\/\/www.slsele.com\/wp-content\/uploads\/2024\/05\/SLS46\u8be6\u60c5\u56fe7-500x500.jpg 500w, https:\/\/www.slsele.com\/wp-content\/uploads\/2024\/05\/SLS46\u8be6\u60c5\u56fe7-1000x1000.jpg 1000w, https:\/\/www.slsele.com\/wp-content\/uploads\/2024\/05\/SLS46\u8be6\u60c5\u56fe7-700x700.jpg 700w, https:\/\/www.slsele.com\/wp-content\/uploads\/2024\/05\/SLS46\u8be6\u60c5\u56fe7-600x600.jpg 600w, https:\/\/www.slsele.com\/wp-content\/uploads\/2024\/05\/SLS46\u8be6\u60c5\u56fe7-100x100.jpg 100w, https:\/\/www.slsele.com\/wp-content\/uploads\/2024\/05\/SLS46\u8be6\u60c5\u56fe7-50x50.jpg 50w, https:\/\/www.slsele.com\/wp-content\/uploads\/2024\/05\/SLS46\u8be6\u60c5\u56fe7.jpg 1600w\" sizes=\"auto, (max-width: 1024px) 100vw, 1024px\" \/> <img loading=\"lazy\" decoding=\"async\" class=\"aligncenter size-large wp-image-1636\" src=\"https:\/\/slsele.com\/wp-content\/uploads\/2024\/05\/SLS46\u8be6\u60c5\u56fe8-1024x1024.jpg\" alt=\"\" width=\"1024\" height=\"1024\" srcset=\"https:\/\/www.slsele.com\/wp-content\/uploads\/2024\/05\/SLS46\u8be6\u60c5\u56fe8-1024x1024.jpg 1024w, https:\/\/www.slsele.com\/wp-content\/uploads\/2024\/05\/SLS46\u8be6\u60c5\u56fe8-300x300.jpg 300w, https:\/\/www.slsele.com\/wp-content\/uploads\/2024\/05\/SLS46\u8be6\u60c5\u56fe8-150x150.jpg 150w, https:\/\/www.slsele.com\/wp-content\/uploads\/2024\/05\/SLS46\u8be6\u60c5\u56fe8-768x768.jpg 768w, https:\/\/www.slsele.com\/wp-content\/uploads\/2024\/05\/SLS46\u8be6\u60c5\u56fe8-1536x1536.jpg 1536w, https:\/\/www.slsele.com\/wp-content\/uploads\/2024\/05\/SLS46\u8be6\u60c5\u56fe8-12x12.jpg 12w, https:\/\/www.slsele.com\/wp-content\/uploads\/2024\/05\/SLS46\u8be6\u60c5\u56fe8-570x570.jpg 570w, https:\/\/www.slsele.com\/wp-content\/uploads\/2024\/05\/SLS46\u8be6\u60c5\u56fe8-500x500.jpg 500w, https:\/\/www.slsele.com\/wp-content\/uploads\/2024\/05\/SLS46\u8be6\u60c5\u56fe8-1000x1000.jpg 1000w, https:\/\/www.slsele.com\/wp-content\/uploads\/2024\/05\/SLS46\u8be6\u60c5\u56fe8-700x700.jpg 700w, https:\/\/www.slsele.com\/wp-content\/uploads\/2024\/05\/SLS46\u8be6\u60c5\u56fe8-600x600.jpg 600w, https:\/\/www.slsele.com\/wp-content\/uploads\/2024\/05\/SLS46\u8be6\u60c5\u56fe8-100x100.jpg 100w, https:\/\/www.slsele.com\/wp-content\/uploads\/2024\/05\/SLS46\u8be6\u60c5\u56fe8-50x50.jpg 50w, https:\/\/www.slsele.com\/wp-content\/uploads\/2024\/05\/SLS46\u8be6\u60c5\u56fe8.jpg 1600w\" sizes=\"auto, (max-width: 1024px) 100vw, 1024px\" \/><\/p>\n<p>&nbsp;<\/p>\n<p>&nbsp;<\/p>","protected":false},"excerpt":{"rendered":"<h5>Enchufe de pared inteligente con USB y tipo C, que funciona como potentes enchufes de pared 3 en 1 como tecnolog\u00eda de hogar inteligente.<\/h5>","protected":false},"featured_media":1637,"comment_status":"open","ping_status":"closed","template":"","meta":[],"product_brand":[],"product_cat":[44],"product_tag":[],"class_list":{"0":"post-1628","1":"product","2":"type-product","3":"status-publish","4":"has-post-thumbnail","6":"product_cat-smart-socket","8":"first","9":"instock","10":"shipping-taxable","11":"purchasable","12":"product-type-simple"},"_links":{"self":[{"href":"https:\/\/www.slsele.com\/es\/wp-json\/wp\/v2\/product\/1628","targetHints":{"allow":["GET"]}}],"collection":[{"href":"https:\/\/www.slsele.com\/es\/wp-json\/wp\/v2\/product"}],"about":[{"href":"https:\/\/www.slsele.com\/es\/wp-json\/wp\/v2\/types\/product"}],"replies":[{"embeddable":true,"href":"https:\/\/www.slsele.com\/es\/wp-json\/wp\/v2\/comments?post=1628"}],"wp:featuredmedia":[{"embeddable":true,"href":"https:\/\/www.slsele.com\/es\/wp-json\/wp\/v2\/media\/1637"}],"wp:attachment":[{"href":"https:\/\/www.slsele.com\/es\/wp-json\/wp\/v2\/media?parent=1628"}],"wp:term":[{"taxonomy":"product_brand","embeddable":true,"href":"https:\/\/www.slsele.com\/es\/wp-json\/wp\/v2\/product_brand?post=1628"},{"taxonomy":"product_cat","embeddable":true,"href":"https:\/\/www.slsele.com\/es\/wp-json\/wp\/v2\/product_cat?post=1628"},{"taxonomy":"product_tag","embeddable":true,"href":"https:\/\/www.slsele.com\/es\/wp-json\/wp\/v2\/product_tag?post=1628"}],"curies":[{"name":"wp","href":"https:\/\/api.w.org\/{rel}","templated":true}]}}